{"id":181724,"date":"2026-05-11T14:36:54","date_gmt":"2026-05-11T12:36:54","guid":{"rendered":"https:\/\/tupique.com\/product\/chemin-de-table-versa-aveiro-polyester-445-x-05-x-154-cm\/"},"modified":"2026-05-11T21:18:31","modified_gmt":"2026-05-11T19:18:31","slug":"chemin-de-table-versa-aveiro-polyester-445-x-05-x-154-cm","status":"publish","type":"product","link":"https:\/\/tupique.com\/pt\/product\/chemin-de-table-versa-aveiro-polyester-445-x-05-x-154-cm\/","title":{"rendered":"Chemin de Table Versa aveiro Polyester (44,5 x 0,5 x 154 cm)"},"content":{"rendered":"<p>Si vous aimez prendre soin de chaque d\u00e9tail de votre maison et d&#8217;\u00eatre \u00e0 la derni\u00e8re mode en mati\u00e8re de produits qui vous rendront la vie plus facile, achetez <b>Chemin de Table Versa aveiro Polyester (44,5 x 0,5 x 154 cm)<\/b> au meilleur prix.<\/p>\n<ul>\n<li>Tipo:\n<ul>\n<li>Carrelage<\/li>\n<li>Chemin de Table<\/li>\n<\/ul>\n<\/li>\n<li>Dimensions approx.: 44,5 x 0,5 x 154 cm<\/li>\n<li>Mat\u00e9riel: Plastique<\/li>\n<\/ul>","protected":false},"excerpt":{"rendered":"<p>Si vous aimez prendre soin de chaque d\u00e9tail de votre maison et d&#8217;\u00eatre \u00e0 la derni\u00e8re mode en mati\u00e8re de produits qui vous rendront la vie plus facile, achetez Chemin de Table Versa aveiro Polyester (44,5 x 0,5 x 154 cm) au meilleur prix. Type: Carrelage Chemin de Table Dimensions approx.: 44,5 x 0,5 x [&hellip;]<\/p>\n","protected":false},"featured_media":181722,"comment_status":"open","ping_status":"closed","template":"","meta":[],"product_brand":[262],"product_cat":[2120,1532,239],"product_tag":[104],"class_list":{"0":"post-181724","1":"product","2":"type-product","3":"status-publish","4":"has-post-thumbnail","6":"product_brand-brandp_2999","7":"product_cat-chemins-de-table-et-nappes","8":"product_cat-linge-de-maison","9":"product_cat-maison-jardin","10":"product_tag-tag_1279","12":"first","13":"instock","14":"taxable","15":"shipping-taxable","16":"purchasable","17":"product-type-simple"},"yoast_head":"<!-- This site is optimized with the Yoast SEO plugin v27.5 - https:\/\/yoast.com\/product\/yoast-seo-wordpress\/ -->\n<title>Chemin de Table Versa aveiro Polyester (44,5 x 0,5 x 154 cm) - Tupique<\/title>\n<meta name=\"robots\" content=\"index, follow, max-snippet:-1, max-image-preview:large, max-video-preview:-1\" \/>\n<link rel=\"canonical\" href=\"https:\/\/tupique.com\/pt\/product\/chemin-de-table-versa-aveiro-polyester-445-x-05-x-154-cm\/\" \/>\n<meta property=\"og:locale\" content=\"pt_PT\" \/>\n<meta property=\"og:type\" content=\"article\" \/>\n<meta property=\"og:title\" content=\"Chemin de Table Versa aveiro Polyester (44,5 x 0,5 x 154 cm) - Tupique\" \/>\n<meta property=\"og:description\" content=\"Si vous aimez prendre soin de chaque d\u00e9tail de votre maison et d&#8217;\u00eatre \u00e0 la derni\u00e8re mode en mati\u00e8re de produits qui vous rendront la vie plus facile, achetez Chemin de Table Versa aveiro Polyester (44,5 x 0,5 x 154 cm) au meilleur prix. Type: Carrelage Chemin de Table Dimensions approx.: 44,5 x 0,5 x [&hellip;]\" \/>\n<meta property=\"og:url\" content=\"https:\/\/tupique.com\/pt\/product\/chemin-de-table-versa-aveiro-polyester-445-x-05-x-154-cm\/\" \/>\n<meta property=\"og:site_name\" content=\"Tupique\" \/>\n<meta property=\"article:modified_time\" content=\"2026-05-11T19:18:31+00:00\" \/>\n<meta name=\"twitter:card\" content=\"summary_large_image\" \/>\n<script type=\"application\/ld+json\" class=\"yoast-schema-graph\">{\"@context\":\"https:\\\/\\\/schema.org\",\"@graph\":[{\"@type\":\"WebPage\",\"@id\":\"https:\\\/\\\/tupique.com\\\/product\\\/chemin-de-table-versa-aveiro-polyester-445-x-05-x-154-cm\\\/\",\"url\":\"https:\\\/\\\/tupique.com\\\/product\\\/chemin-de-table-versa-aveiro-polyester-445-x-05-x-154-cm\\\/\",\"name\":\"Chemin de Table Versa aveiro Polyester (44,5 x 0,5 x 154 cm) - Tupique\",\"isPartOf\":{\"@id\":\"https:\\\/\\\/tupique.com\\\/#website\"},\"primaryImageOfPage\":{\"@id\":\"https:\\\/\\\/tupique.com\\\/product\\\/chemin-de-table-versa-aveiro-polyester-445-x-05-x-154-cm\\\/#primaryimage\"},\"image\":{\"@id\":\"https:\\\/\\\/tupique.com\\\/product\\\/chemin-de-table-versa-aveiro-polyester-445-x-05-x-154-cm\\\/#primaryimage\"},\"thumbnailUrl\":\"https:\\\/\\\/tupique.com\\\/wp-content\\\/uploads\\\/2026\\\/05\\\/8420327491664_S3407152_P02.jpg\",\"datePublished\":\"2026-05-11T12:36:54+00:00\",\"dateModified\":\"2026-05-11T19:18:31+00:00\",\"breadcrumb\":{\"@id\":\"https:\\\/\\\/tupique.com\\\/product\\\/chemin-de-table-versa-aveiro-polyester-445-x-05-x-154-cm\\\/#breadcrumb\"},\"inLanguage\":\"pt-PT\",\"potentialAction\":[{\"@type\":\"ReadAction\",\"target\":[\"https:\\\/\\\/tupique.com\\\/product\\\/chemin-de-table-versa-aveiro-polyester-445-x-05-x-154-cm\\\/\"]}]},{\"@type\":\"ImageObject\",\"inLanguage\":\"pt-PT\",\"@id\":\"https:\\\/\\\/tupique.com\\\/product\\\/chemin-de-table-versa-aveiro-polyester-445-x-05-x-154-cm\\\/#primaryimage\",\"url\":\"https:\\\/\\\/tupique.com\\\/wp-content\\\/uploads\\\/2026\\\/05\\\/8420327491664_S3407152_P02.jpg\",\"contentUrl\":\"https:\\\/\\\/tupique.com\\\/wp-content\\\/uploads\\\/2026\\\/05\\\/8420327491664_S3407152_P02.jpg\",\"width\":1200,\"height\":1200,\"caption\":\"S3407152_0\"},{\"@type\":\"BreadcrumbList\",\"@id\":\"https:\\\/\\\/tupique.com\\\/product\\\/chemin-de-table-versa-aveiro-polyester-445-x-05-x-154-cm\\\/#breadcrumb\",\"itemListElement\":[{\"@type\":\"ListItem\",\"position\":1,\"name\":\"commencer\",\"item\":\"https:\\\/\\\/tupique.com\\\/\"},{\"@type\":\"ListItem\",\"position\":2,\"name\":\"Loja\",\"item\":\"https:\\\/\\\/tupique.com\\\/loja\\\/\"},{\"@type\":\"ListItem\",\"position\":3,\"name\":\"Chemin de Table Versa aveiro Polyester (44,5 x 0,5 x 154 cm)\"}]},{\"@type\":\"WebSite\",\"@id\":\"https:\\\/\\\/tupique.com\\\/#website\",\"url\":\"https:\\\/\\\/tupique.com\\\/\",\"name\":\"Tupique\",\"description\":\"\",\"publisher\":{\"@id\":\"https:\\\/\\\/tupique.com\\\/#organization\"},\"potentialAction\":[{\"@type\":\"SearchAction\",\"target\":{\"@type\":\"EntryPoint\",\"urlTemplate\":\"https:\\\/\\\/tupique.com\\\/?s={search_term_string}\"},\"query-input\":{\"@type\":\"PropertyValueSpecification\",\"valueRequired\":true,\"valueName\":\"search_term_string\"}}],\"inLanguage\":\"pt-PT\"},{\"@type\":\"Organization\",\"@id\":\"https:\\\/\\\/tupique.com\\\/#organization\",\"name\":\"Tupique\",\"url\":\"https:\\\/\\\/tupique.com\\\/\",\"logo\":{\"@type\":\"ImageObject\",\"inLanguage\":\"pt-PT\",\"@id\":\"https:\\\/\\\/tupique.com\\\/#\\\/schema\\\/logo\\\/image\\\/\",\"url\":\"https:\\\/\\\/tupique.com\\\/wp-content\\\/uploads\\\/2026\\\/03\\\/logo-tupique-1.webp\",\"contentUrl\":\"https:\\\/\\\/tupique.com\\\/wp-content\\\/uploads\\\/2026\\\/03\\\/logo-tupique-1.webp\",\"width\":500,\"height\":67,\"caption\":\"Tupique\"},\"image\":{\"@id\":\"https:\\\/\\\/tupique.com\\\/#\\\/schema\\\/logo\\\/image\\\/\"}}]}<\/script>\n<!-- \/ Yoast SEO plugin. -->","yoast_head_json":{"title":"Chemin de Table Versa aveiro Polyester (44,5 x 0,5 x 154 cm) - Tupique","robots":{"index":"index","follow":"follow","max-snippet":"max-snippet:-1","max-image-preview":"max-image-preview:large","max-video-preview":"max-video-preview:-1"},"canonical":"https:\/\/tupique.com\/pt\/product\/chemin-de-table-versa-aveiro-polyester-445-x-05-x-154-cm\/","og_locale":"pt_PT","og_type":"article","og_title":"Chemin de Table Versa aveiro Polyester (44,5 x 0,5 x 154 cm) - Tupique","og_description":"Si vous aimez prendre soin de chaque d\u00e9tail de votre maison et d&#8217;\u00eatre \u00e0 la derni\u00e8re mode en mati\u00e8re de produits qui vous rendront la vie plus facile, achetez Chemin de Table Versa aveiro Polyester (44,5 x 0,5 x 154 cm) au meilleur prix. Type: Carrelage Chemin de Table Dimensions approx.: 44,5 x 0,5 x [&hellip;]","og_url":"https:\/\/tupique.com\/pt\/product\/chemin-de-table-versa-aveiro-polyester-445-x-05-x-154-cm\/","og_site_name":"Tupique","article_modified_time":"2026-05-11T19:18:31+00:00","twitter_card":"summary_large_image","schema":{"@context":"https:\/\/schema.org","@graph":[{"@type":"WebPage","@id":"https:\/\/tupique.com\/product\/chemin-de-table-versa-aveiro-polyester-445-x-05-x-154-cm\/","url":"https:\/\/tupique.com\/product\/chemin-de-table-versa-aveiro-polyester-445-x-05-x-154-cm\/","name":"Chemin de Table Versa aveiro Polyester (44,5 x 0,5 x 154 cm) - Tupique","isPartOf":{"@id":"https:\/\/tupique.com\/#website"},"primaryImageOfPage":{"@id":"https:\/\/tupique.com\/product\/chemin-de-table-versa-aveiro-polyester-445-x-05-x-154-cm\/#primaryimage"},"image":{"@id":"https:\/\/tupique.com\/product\/chemin-de-table-versa-aveiro-polyester-445-x-05-x-154-cm\/#primaryimage"},"thumbnailUrl":"https:\/\/tupique.com\/wp-content\/uploads\/2026\/05\/8420327491664_S3407152_P02.jpg","datePublished":"2026-05-11T12:36:54+00:00","dateModified":"2026-05-11T19:18:31+00:00","breadcrumb":{"@id":"https:\/\/tupique.com\/product\/chemin-de-table-versa-aveiro-polyester-445-x-05-x-154-cm\/#breadcrumb"},"inLanguage":"pt-PT","potentialAction":[{"@type":"ReadAction","target":["https:\/\/tupique.com\/product\/chemin-de-table-versa-aveiro-polyester-445-x-05-x-154-cm\/"]}]},{"@type":"ImageObject","inLanguage":"pt-PT","@id":"https:\/\/tupique.com\/product\/chemin-de-table-versa-aveiro-polyester-445-x-05-x-154-cm\/#primaryimage","url":"https:\/\/tupique.com\/wp-content\/uploads\/2026\/05\/8420327491664_S3407152_P02.jpg","contentUrl":"https:\/\/tupique.com\/wp-content\/uploads\/2026\/05\/8420327491664_S3407152_P02.jpg","width":1200,"height":1200,"caption":"S3407152_0"},{"@type":"BreadcrumbList","@id":"https:\/\/tupique.com\/product\/chemin-de-table-versa-aveiro-polyester-445-x-05-x-154-cm\/#breadcrumb","itemListElement":[{"@type":"ListItem","position":1,"name":"commencer","item":"https:\/\/tupique.com\/"},{"@type":"ListItem","position":2,"name":"Loja","item":"https:\/\/tupique.com\/loja\/"},{"@type":"ListItem","position":3,"name":"Chemin de Table Versa aveiro Polyester (44,5 x 0,5 x 154 cm)"}]},{"@type":"WebSite","@id":"https:\/\/tupique.com\/#website","url":"https:\/\/tupique.com\/","name":"Tupique","description":"","publisher":{"@id":"https:\/\/tupique.com\/#organization"},"potentialAction":[{"@type":"SearchAction","target":{"@type":"EntryPoint","urlTemplate":"https:\/\/tupique.com\/?s={search_term_string}"},"query-input":{"@type":"PropertyValueSpecification","valueRequired":true,"valueName":"search_term_string"}}],"inLanguage":"pt-PT"},{"@type":"Organization","@id":"https:\/\/tupique.com\/#organization","name":"Tupique","url":"https:\/\/tupique.com\/","logo":{"@type":"ImageObject","inLanguage":"pt-PT","@id":"https:\/\/tupique.com\/#\/schema\/logo\/image\/","url":"https:\/\/tupique.com\/wp-content\/uploads\/2026\/03\/logo-tupique-1.webp","contentUrl":"https:\/\/tupique.com\/wp-content\/uploads\/2026\/03\/logo-tupique-1.webp","width":500,"height":67,"caption":"Tupique"},"image":{"@id":"https:\/\/tupique.com\/#\/schema\/logo\/image\/"}}]}},"_links":{"self":[{"href":"https:\/\/tupique.com\/pt\/wp-json\/wp\/v2\/product\/181724","targetHints":{"allow":["GET"]}}],"collection":[{"href":"https:\/\/tupique.com\/pt\/wp-json\/wp\/v2\/product"}],"about":[{"href":"https:\/\/tupique.com\/pt\/wp-json\/wp\/v2\/types\/product"}],"replies":[{"embeddable":true,"href":"https:\/\/tupique.com\/pt\/wp-json\/wp\/v2\/comments?post=181724"}],"wp:featuredmedia":[{"embeddable":true,"href":"https:\/\/tupique.com\/pt\/wp-json\/wp\/v2\/media\/181722"}],"wp:attachment":[{"href":"https:\/\/tupique.com\/pt\/wp-json\/wp\/v2\/media?parent=181724"}],"wp:term":[{"taxonomy":"product_brand","embeddable":true,"href":"https:\/\/tupique.com\/pt\/wp-json\/wp\/v2\/product_brand?post=181724"},{"taxonomy":"product_cat","embeddable":true,"href":"https:\/\/tupique.com\/pt\/wp-json\/wp\/v2\/product_cat?post=181724"},{"taxonomy":"product_tag","embeddable":true,"href":"https:\/\/tupique.com\/pt\/wp-json\/wp\/v2\/product_tag?post=181724"}],"curies":[{"name":"wp","href":"https:\/\/api.w.org\/{rel}","templated":true}]}}