{"id":181749,"date":"2026-05-11T14:37:38","date_gmt":"2026-05-11T12:37:38","guid":{"rendered":"https:\/\/tupique.com\/product\/tapis-electrique-chauffant-hemat-innovagoods\/"},"modified":"2026-05-11T21:23:46","modified_gmt":"2026-05-11T19:23:46","slug":"tapis-electrique-chauffant-hemat-innovagoods","status":"publish","type":"product","link":"https:\/\/tupique.com\/pt\/product\/tapis-electrique-chauffant-hemat-innovagoods\/","title":{"rendered":"Tapis \u00c9lectrique Chauffant Hemat InnovaGoods"},"content":{"rendered":"<div class=\"col-md-6\"><b>InnovaGoods<\/b> vous offre les meilleures nouveaut\u00e9s pour la maison, comme <b>Tapis \u00c9lectrique Chauffant Hemat InnovaGoods <\/b> ! D\u00e9couvrez une vaste gamme de produits de qualit\u00e9 qui se d\u00e9marquent de par leur fonctionnalit\u00e9, leur efficacit\u00e9 et leur design innovant : \u00e9clairage, organisation, d\u00e9coration, climatisation, jardin, animaux domestiques, nettoyage, etc.<\/p>\n<p>Tapis \u00e9lectrique chauffant id\u00e9al pour maintenir les pieds au chaud pendant l\u2019hiver, offrant une sensation chaleureuse et agr\u00e9able de soulagement, de d\u00e9tente, de relaxation et de bien-\u00eatre. Il peut \u00eatre utilis\u00e9 avec des chaussettes ou m\u00eame avec des chaussures car il produit suffisamment de chaleur. Il dispose de 2 niveaux de temp\u00e9rature (40-50&nbsp;\u00b0C) et d\u2019un thermostat de s\u00e9curit\u00e9. Il chauffe rapidement et la chaleur est r\u00e9partie uniform\u00e9ment. Gr\u00e2ce \u00e0 sa conception ultrafine, il peut \u00eatre pli\u00e9 facilement pour \u00e9conomiser de l\u2019espace lors du rangement. Ce tapis \u00e9lectrique est l\u00e9ger, facile \u00e0 utiliser et polyvalent, il peut \u00e9galement \u00eatre utilis\u00e9 sur la table pour chauffer les bras et les mains. La surface de la base est antid\u00e9rapante et imperm\u00e9able, elle ne bouge pas et n\u2019endommage pas le sol ou la surface de soutien. Le c\u00e2ble est amovible pour faciliter le nettoyage. Il peut \u00eatre facilement nettoy\u00e9 \u00e0 l&#8217;aide d&#8217;un chiffon humide.<\/p>\n<ul>\n<li>Mat\u00e9riel:\n<ul>\n<li>PVC<\/li>\n<li>Aluminium<\/li>\n<li>Caoutchouc<\/li>\n<\/ul>\n<\/li>\n<li>Couleur:\n<ul>\n<li>Gris<\/li>\n<li>Noir<\/li>\n<\/ul>\n<\/li>\n<li>Conception originale: Ultrafin<\/li>\n<li>Fonction chaleur: Distribution uniforme de la chaleur<\/li>\n<li>Chauffage rapide: Utilisation pratique et simple<\/li>\n<li>2 niveaux de temp\u00e9rature: 40-50 \u00baC<\/li>\n<li>Base antid\u00e9rapante: Surface imperm\u00e9able<\/li>\n<li>Fixation ferme: Ne glisse pas<\/li>\n<li>Polyvalent et adaptable: Plusieurs fonctionnalit\u00e9s et espaces<\/li>\n<li>Effets b\u00e9n\u00e9fiques: Soulagement, repos, d\u00e9tente et bien-\u00eatre<\/li>\n<li>Facile \u00e0 nettoyer: Nettoyage par chiffon humide<\/li>\n<li>Facile \u00e0 plier et \u00e0 d\u00e9plier: Organisation et gain de place<\/li>\n<li>L\u00e9ger et maniable: Facile \u00e0 transporter et \u00e0 ranger<\/li>\n<li>Type de prise: C<\/li>\n<li>C\u00e2ble amovible: 150 cm<\/li>\n<li>puissance: 50 W<\/li>\n<li>AC In: 220-240 V \/ 50 Hz<\/li>\n<li>Dimensions approx.: 50 x 31 x 0,75 cm<\/li>\n<li>Packaging et manuel en 24 langues: anglais, fran\u00e7ais, espagnol, allemand, italien, portugais, n\u00e9erlandais, polonais, hongrois, roumain, danois, su\u00e9dois, finnois, lituanien, norv\u00e9gien, slov\u00e8ne, grec, tch\u00e8que, bulgare, croate, slovaque, estonien, russe, letton<\/li>\n<li>Composition:\n<ul>\n<li>Polyester<\/li>\n<li>PVC<\/li>\n<\/ul>\n<\/li>\n<li>Genre: Unisexe<\/li>\n<li>Taille: Taille unique<\/li>\n<li>Type: Chauffe-pieds<\/li>\n<\/ul>\n<p>Packaging et manuel en 24 langues: anglais, fran\u00e7ais, espagnol, allemand, italien, portugais, n\u00e9erlandais, polonais, hongrois, roumain, danois, su\u00e9dois, finnois, lituanien, norv\u00e9gien, slov\u00e8ne, grec, tch\u00e8que, bulgare, croate, slovaque, estonien, russe, letton.<\/p><\/div>\n<div class=\"col-md-6\">\n<div class=\"embed-responsive embed-responsive-16by9\"><iframe class=\"embed-responsive-item\" src=\"https:\/\/www.youtube.com\/embed\/EUMDLGmBzSg\" frameborder=\"0\" allowfullscreen><\/iframe><\/div>\n<\/div>","protected":false},"excerpt":{"rendered":"<p>InnovaGoods vous offre les meilleures nouveaut\u00e9s pour la maison, comme Tapis \u00c9lectrique Chauffant Hemat InnovaGoods ! D\u00e9couvrez une vaste gamme de produits de qualit\u00e9 qui se d\u00e9marquent de par leur fonctionnalit\u00e9, leur efficacit\u00e9 et leur design innovant : \u00e9clairage, organisation, d\u00e9coration, climatisation, jardin, animaux domestiques, nettoyage, etc. Tapis \u00e9lectrique chauffant id\u00e9al pour maintenir les pieds [&hellip;]<\/p>\n","protected":false},"featured_media":181738,"comment_status":"open","ping_status":"closed","template":"","meta":[],"product_brand":[256],"product_cat":[63,1825,776,1218,752,1826,1796],"product_tag":[208,56,106],"class_list":{"0":"post-181749","1":"product","2":"type-product","3":"status-publish","4":"has-post-thumbnail","6":"product_brand-brandp_1281","7":"product_cat-cadeaux-originaux","8":"product_cat-cadeaux-pour-soins-personnels","9":"product_cat-detente-et-bien-etre","10":"product_cat-produits-de-detente","11":"product_cat-sante-beaute","12":"product_cat-teleachat-vu-a-la-television-sante-et-beaute-teleshop","13":"product_cat-teleachat-vu-a-la-television","14":"product_tag-tag_587","15":"product_tag-tag_930","16":"product_tag-tag_1295","18":"first","19":"instock","20":"taxable","21":"shipping-taxable","22":"purchasable","23":"product-type-simple"},"yoast_head":"<!-- This site is optimized with the Yoast SEO plugin v27.5 - https:\/\/yoast.com\/product\/yoast-seo-wordpress\/ -->\n<title>Tapis \u00c9lectrique Chauffant Hemat InnovaGoods - Tupique<\/title>\n<meta name=\"robots\" content=\"index, follow, max-snippet:-1, max-image-preview:large, max-video-preview:-1\" \/>\n<link rel=\"canonical\" href=\"https:\/\/tupique.com\/pt\/product\/tapis-electrique-chauffant-hemat-innovagoods\/\" \/>\n<meta property=\"og:locale\" content=\"pt_PT\" \/>\n<meta property=\"og:type\" content=\"article\" \/>\n<meta property=\"og:title\" content=\"Tapis \u00c9lectrique Chauffant Hemat InnovaGoods - Tupique\" \/>\n<meta property=\"og:description\" content=\"InnovaGoods vous offre les meilleures nouveaut\u00e9s pour la maison, comme Tapis \u00c9lectrique Chauffant Hemat InnovaGoods ! D\u00e9couvrez une vaste gamme de produits de qualit\u00e9 qui se d\u00e9marquent de par leur fonctionnalit\u00e9, leur efficacit\u00e9 et leur design innovant : \u00e9clairage, organisation, d\u00e9coration, climatisation, jardin, animaux domestiques, nettoyage, etc. Tapis \u00e9lectrique chauffant id\u00e9al pour maintenir les pieds [&hellip;]\" \/>\n<meta property=\"og:url\" content=\"https:\/\/tupique.com\/pt\/product\/tapis-electrique-chauffant-hemat-innovagoods\/\" \/>\n<meta property=\"og:site_name\" content=\"Tupique\" \/>\n<meta property=\"article:modified_time\" content=\"2026-05-11T19:23:46+00:00\" \/>\n<meta name=\"twitter:card\" content=\"summary_large_image\" \/>\n<meta name=\"twitter:label1\" content=\"Tempo estimado de leitura\" \/>\n\t<meta name=\"twitter:data1\" content=\"2 minutos\" \/>\n<script type=\"application\/ld+json\" class=\"yoast-schema-graph\">{\"@context\":\"https:\\\/\\\/schema.org\",\"@graph\":[{\"@type\":\"WebPage\",\"@id\":\"https:\\\/\\\/tupique.com\\\/product\\\/tapis-electrique-chauffant-hemat-innovagoods\\\/\",\"url\":\"https:\\\/\\\/tupique.com\\\/product\\\/tapis-electrique-chauffant-hemat-innovagoods\\\/\",\"name\":\"Tapis \u00c9lectrique Chauffant Hemat InnovaGoods - Tupique\",\"isPartOf\":{\"@id\":\"https:\\\/\\\/tupique.com\\\/#website\"},\"primaryImageOfPage\":{\"@id\":\"https:\\\/\\\/tupique.com\\\/product\\\/tapis-electrique-chauffant-hemat-innovagoods\\\/#primaryimage\"},\"image\":{\"@id\":\"https:\\\/\\\/tupique.com\\\/product\\\/tapis-electrique-chauffant-hemat-innovagoods\\\/#primaryimage\"},\"thumbnailUrl\":\"https:\\\/\\\/tupique.com\\\/wp-content\\\/uploads\\\/2026\\\/05\\\/V0103386_000_MKT-v_14.jpg\",\"datePublished\":\"2026-05-11T12:37:38+00:00\",\"dateModified\":\"2026-05-11T19:23:46+00:00\",\"breadcrumb\":{\"@id\":\"https:\\\/\\\/tupique.com\\\/product\\\/tapis-electrique-chauffant-hemat-innovagoods\\\/#breadcrumb\"},\"inLanguage\":\"pt-PT\",\"potentialAction\":[{\"@type\":\"ReadAction\",\"target\":[\"https:\\\/\\\/tupique.com\\\/product\\\/tapis-electrique-chauffant-hemat-innovagoods\\\/\"]}]},{\"@type\":\"ImageObject\",\"inLanguage\":\"pt-PT\",\"@id\":\"https:\\\/\\\/tupique.com\\\/product\\\/tapis-electrique-chauffant-hemat-innovagoods\\\/#primaryimage\",\"url\":\"https:\\\/\\\/tupique.com\\\/wp-content\\\/uploads\\\/2026\\\/05\\\/V0103386_000_MKT-v_14.jpg\",\"contentUrl\":\"https:\\\/\\\/tupique.com\\\/wp-content\\\/uploads\\\/2026\\\/05\\\/V0103386_000_MKT-v_14.jpg\",\"width\":1200,\"height\":1200,\"caption\":\"V0103386_0\"},{\"@type\":\"BreadcrumbList\",\"@id\":\"https:\\\/\\\/tupique.com\\\/product\\\/tapis-electrique-chauffant-hemat-innovagoods\\\/#breadcrumb\",\"itemListElement\":[{\"@type\":\"ListItem\",\"position\":1,\"name\":\"commencer\",\"item\":\"https:\\\/\\\/tupique.com\\\/\"},{\"@type\":\"ListItem\",\"position\":2,\"name\":\"Loja\",\"item\":\"https:\\\/\\\/tupique.com\\\/loja\\\/\"},{\"@type\":\"ListItem\",\"position\":3,\"name\":\"Tapis \u00c9lectrique Chauffant Hemat InnovaGoods\"}]},{\"@type\":\"WebSite\",\"@id\":\"https:\\\/\\\/tupique.com\\\/#website\",\"url\":\"https:\\\/\\\/tupique.com\\\/\",\"name\":\"Tupique\",\"description\":\"\",\"publisher\":{\"@id\":\"https:\\\/\\\/tupique.com\\\/#organization\"},\"potentialAction\":[{\"@type\":\"SearchAction\",\"target\":{\"@type\":\"EntryPoint\",\"urlTemplate\":\"https:\\\/\\\/tupique.com\\\/?s={search_term_string}\"},\"query-input\":{\"@type\":\"PropertyValueSpecification\",\"valueRequired\":true,\"valueName\":\"search_term_string\"}}],\"inLanguage\":\"pt-PT\"},{\"@type\":\"Organization\",\"@id\":\"https:\\\/\\\/tupique.com\\\/#organization\",\"name\":\"Tupique\",\"url\":\"https:\\\/\\\/tupique.com\\\/\",\"logo\":{\"@type\":\"ImageObject\",\"inLanguage\":\"pt-PT\",\"@id\":\"https:\\\/\\\/tupique.com\\\/#\\\/schema\\\/logo\\\/image\\\/\",\"url\":\"https:\\\/\\\/tupique.com\\\/wp-content\\\/uploads\\\/2026\\\/03\\\/logo-tupique-1.webp\",\"contentUrl\":\"https:\\\/\\\/tupique.com\\\/wp-content\\\/uploads\\\/2026\\\/03\\\/logo-tupique-1.webp\",\"width\":500,\"height\":67,\"caption\":\"Tupique\"},\"image\":{\"@id\":\"https:\\\/\\\/tupique.com\\\/#\\\/schema\\\/logo\\\/image\\\/\"}}]}<\/script>\n<!-- \/ Yoast SEO plugin. -->","yoast_head_json":{"title":"Tapis \u00c9lectrique Chauffant Hemat InnovaGoods - Tupique","robots":{"index":"index","follow":"follow","max-snippet":"max-snippet:-1","max-image-preview":"max-image-preview:large","max-video-preview":"max-video-preview:-1"},"canonical":"https:\/\/tupique.com\/pt\/product\/tapis-electrique-chauffant-hemat-innovagoods\/","og_locale":"pt_PT","og_type":"article","og_title":"Tapis \u00c9lectrique Chauffant Hemat InnovaGoods - Tupique","og_description":"InnovaGoods vous offre les meilleures nouveaut\u00e9s pour la maison, comme Tapis \u00c9lectrique Chauffant Hemat InnovaGoods ! D\u00e9couvrez une vaste gamme de produits de qualit\u00e9 qui se d\u00e9marquent de par leur fonctionnalit\u00e9, leur efficacit\u00e9 et leur design innovant : \u00e9clairage, organisation, d\u00e9coration, climatisation, jardin, animaux domestiques, nettoyage, etc. Tapis \u00e9lectrique chauffant id\u00e9al pour maintenir les pieds [&hellip;]","og_url":"https:\/\/tupique.com\/pt\/product\/tapis-electrique-chauffant-hemat-innovagoods\/","og_site_name":"Tupique","article_modified_time":"2026-05-11T19:23:46+00:00","twitter_card":"summary_large_image","twitter_misc":{"Tempo estimado de leitura":"2 minutos"},"schema":{"@context":"https:\/\/schema.org","@graph":[{"@type":"WebPage","@id":"https:\/\/tupique.com\/product\/tapis-electrique-chauffant-hemat-innovagoods\/","url":"https:\/\/tupique.com\/product\/tapis-electrique-chauffant-hemat-innovagoods\/","name":"Tapis \u00c9lectrique Chauffant Hemat InnovaGoods - Tupique","isPartOf":{"@id":"https:\/\/tupique.com\/#website"},"primaryImageOfPage":{"@id":"https:\/\/tupique.com\/product\/tapis-electrique-chauffant-hemat-innovagoods\/#primaryimage"},"image":{"@id":"https:\/\/tupique.com\/product\/tapis-electrique-chauffant-hemat-innovagoods\/#primaryimage"},"thumbnailUrl":"https:\/\/tupique.com\/wp-content\/uploads\/2026\/05\/V0103386_000_MKT-v_14.jpg","datePublished":"2026-05-11T12:37:38+00:00","dateModified":"2026-05-11T19:23:46+00:00","breadcrumb":{"@id":"https:\/\/tupique.com\/product\/tapis-electrique-chauffant-hemat-innovagoods\/#breadcrumb"},"inLanguage":"pt-PT","potentialAction":[{"@type":"ReadAction","target":["https:\/\/tupique.com\/product\/tapis-electrique-chauffant-hemat-innovagoods\/"]}]},{"@type":"ImageObject","inLanguage":"pt-PT","@id":"https:\/\/tupique.com\/product\/tapis-electrique-chauffant-hemat-innovagoods\/#primaryimage","url":"https:\/\/tupique.com\/wp-content\/uploads\/2026\/05\/V0103386_000_MKT-v_14.jpg","contentUrl":"https:\/\/tupique.com\/wp-content\/uploads\/2026\/05\/V0103386_000_MKT-v_14.jpg","width":1200,"height":1200,"caption":"V0103386_0"},{"@type":"BreadcrumbList","@id":"https:\/\/tupique.com\/product\/tapis-electrique-chauffant-hemat-innovagoods\/#breadcrumb","itemListElement":[{"@type":"ListItem","position":1,"name":"commencer","item":"https:\/\/tupique.com\/"},{"@type":"ListItem","position":2,"name":"Loja","item":"https:\/\/tupique.com\/loja\/"},{"@type":"ListItem","position":3,"name":"Tapis \u00c9lectrique Chauffant Hemat InnovaGoods"}]},{"@type":"WebSite","@id":"https:\/\/tupique.com\/#website","url":"https:\/\/tupique.com\/","name":"Tupique","description":"","publisher":{"@id":"https:\/\/tupique.com\/#organization"},"potentialAction":[{"@type":"SearchAction","target":{"@type":"EntryPoint","urlTemplate":"https:\/\/tupique.com\/?s={search_term_string}"},"query-input":{"@type":"PropertyValueSpecification","valueRequired":true,"valueName":"search_term_string"}}],"inLanguage":"pt-PT"},{"@type":"Organization","@id":"https:\/\/tupique.com\/#organization","name":"Tupique","url":"https:\/\/tupique.com\/","logo":{"@type":"ImageObject","inLanguage":"pt-PT","@id":"https:\/\/tupique.com\/#\/schema\/logo\/image\/","url":"https:\/\/tupique.com\/wp-content\/uploads\/2026\/03\/logo-tupique-1.webp","contentUrl":"https:\/\/tupique.com\/wp-content\/uploads\/2026\/03\/logo-tupique-1.webp","width":500,"height":67,"caption":"Tupique"},"image":{"@id":"https:\/\/tupique.com\/#\/schema\/logo\/image\/"}}]}},"_links":{"self":[{"href":"https:\/\/tupique.com\/pt\/wp-json\/wp\/v2\/product\/181749","targetHints":{"allow":["GET"]}}],"collection":[{"href":"https:\/\/tupique.com\/pt\/wp-json\/wp\/v2\/product"}],"about":[{"href":"https:\/\/tupique.com\/pt\/wp-json\/wp\/v2\/types\/product"}],"replies":[{"embeddable":true,"href":"https:\/\/tupique.com\/pt\/wp-json\/wp\/v2\/comments?post=181749"}],"wp:featuredmedia":[{"embeddable":true,"href":"https:\/\/tupique.com\/pt\/wp-json\/wp\/v2\/media\/181738"}],"wp:attachment":[{"href":"https:\/\/tupique.com\/pt\/wp-json\/wp\/v2\/media?parent=181749"}],"wp:term":[{"taxonomy":"product_brand","embeddable":true,"href":"https:\/\/tupique.com\/pt\/wp-json\/wp\/v2\/product_brand?post=181749"},{"taxonomy":"product_cat","embeddable":true,"href":"https:\/\/tupique.com\/pt\/wp-json\/wp\/v2\/product_cat?post=181749"},{"taxonomy":"product_tag","embeddable":true,"href":"https:\/\/tupique.com\/pt\/wp-json\/wp\/v2\/product_tag?post=181749"}],"curies":[{"name":"wp","href":"https:\/\/api.w.org\/{rel}","templated":true}]}}