{"id":181791,"date":"2026-05-11T14:38:49","date_gmt":"2026-05-11T12:38:49","guid":{"rendered":"https:\/\/tupique.com\/product\/lotion-hydratante-pour-bebe-johnsons-baby-500-ml\/"},"modified":"2026-05-11T21:17:32","modified_gmt":"2026-05-11T19:17:32","slug":"lotion-hydratante-pour-bebe-johnsons-baby-500-ml","status":"publish","type":"product","link":"https:\/\/tupique.com\/pt\/product\/lotion-hydratante-pour-bebe-johnsons-baby-500-ml\/","title":{"rendered":"Lotion Hydratante pour B\u00e9b\u00e9 Johnson&#8217;s Baby 500 ml"},"content":{"rendered":"<p>Vous aimeriez avoir la meilleure gamme de <b>soins esth\u00e9tiques<\/b> avec des produits de qualit\u00e9 et \u00e0 un prix abordable ? Alors ne vous passez pas \u00e0 c\u00f4t\u00e9 de <b>Lotion Hydratante pour B\u00e9b\u00e9 Johnson&#8217;s Baby 500 ml<\/b> !<\/p>\n<ul>\n<li>Utiliza\u00e7\u00e3o recomendada:\n<ul>\n<li>Peau D\u00e9licate<\/li>\n<li>Todos os tipos de pele<\/li>\n<\/ul>\n<\/li>\n<li>Tipo:\n<ul>\n<li>Enfant<\/li>\n<li>Hygi\u00e8ne<\/li>\n<\/ul>\n<\/li>\n<li>Propri\u00e9t\u00e9s: Protecteur<\/li>\n<li>Capacit\u00e9:\n<ul>\n<li>100 ml<\/li>\n<li>500 ml<\/li>\n<\/ul>\n<\/li>\n<li>Partie du corps:\n<ul>\n<li>Visage<\/li>\n<li>Corps<\/li>\n<\/ul>\n<\/li>\n<li>Genre: Unisexe<\/li>\n<li>Texture: Lotion<\/li>\n<li>Ingredientes:\n<ul>\n<li>Sodium hydroxide<\/li>\n<li>Sorbitan olivate<\/li>\n<li>Tropolone<\/li>\n<li>\u00c1gua (Aqua)<\/li>\n<li>Acrylates\/c 10-30 alkyl acrylate crosspolymer<\/li>\n<li>Caprylyl glycol<\/li>\n<li>Carbomer<\/li>\n<li>Cetearyl olivate<\/li>\n<li>Dimethicone<\/li>\n<li>Etilhexilglicerina<\/li>\n<li>Isopropyl palmitate<\/li>\n<li>Fenoxietanol<\/li>\n<li>Glicerina<\/li>\n<li>2-hexanediol<\/li>\n<li>Parfum<\/li>\n<\/ul>\n<\/li>\n<\/ul>","protected":false},"excerpt":{"rendered":"<p><span class=\"unit-info\">3.5980 &euro; \/ 100 ml<\/span><\/p>","protected":false},"featured_media":181789,"comment_status":"open","ping_status":"closed","template":"","meta":[],"product_brand":[2280],"product_cat":[1840,769,770],"product_tag":[722],"class_list":{"0":"post-181791","1":"product","2":"type-product","3":"status-publish","4":"has-post-thumbnail","6":"product_brand-brandp_737","7":"product_cat-cremes-et-lait-pour-le-corps","8":"product_cat-parfum-cosmetique","9":"product_cat-soin-corporel","10":"product_tag-tag_923","12":"first","13":"instock","14":"taxable","15":"shipping-taxable","16":"purchasable","17":"product-type-simple"},"yoast_head":"<!-- This site is optimized with the Yoast SEO plugin v27.5 - https:\/\/yoast.com\/product\/yoast-seo-wordpress\/ -->\n<title>Lotion Hydratante pour B\u00e9b\u00e9 Johnson&#039;s Baby 500 ml - Tupique<\/title>\n<meta name=\"robots\" content=\"index, follow, max-snippet:-1, max-image-preview:large, max-video-preview:-1\" \/>\n<link rel=\"canonical\" href=\"https:\/\/tupique.com\/pt\/product\/lotion-hydratante-pour-bebe-johnsons-baby-500-ml\/\" \/>\n<meta property=\"og:locale\" content=\"pt_PT\" \/>\n<meta property=\"og:type\" content=\"article\" \/>\n<meta property=\"og:title\" content=\"Lotion Hydratante pour B\u00e9b\u00e9 Johnson&#039;s Baby 500 ml - Tupique\" \/>\n<meta property=\"og:description\" content=\"3.5980 &euro; \/ 100 ml\" \/>\n<meta property=\"og:url\" content=\"https:\/\/tupique.com\/pt\/product\/lotion-hydratante-pour-bebe-johnsons-baby-500-ml\/\" \/>\n<meta property=\"og:site_name\" content=\"Tupique\" \/>\n<meta property=\"article:modified_time\" content=\"2026-05-11T19:17:32+00:00\" \/>\n<meta name=\"twitter:card\" content=\"summary_large_image\" \/>\n<script type=\"application\/ld+json\" class=\"yoast-schema-graph\">{\"@context\":\"https:\\\/\\\/schema.org\",\"@graph\":[{\"@type\":\"WebPage\",\"@id\":\"https:\\\/\\\/tupique.com\\\/product\\\/lotion-hydratante-pour-bebe-johnsons-baby-500-ml\\\/\",\"url\":\"https:\\\/\\\/tupique.com\\\/product\\\/lotion-hydratante-pour-bebe-johnsons-baby-500-ml\\\/\",\"name\":\"Lotion Hydratante pour B\u00e9b\u00e9 Johnson's Baby 500 ml - Tupique\",\"isPartOf\":{\"@id\":\"https:\\\/\\\/tupique.com\\\/#website\"},\"primaryImageOfPage\":{\"@id\":\"https:\\\/\\\/tupique.com\\\/product\\\/lotion-hydratante-pour-bebe-johnsons-baby-500-ml\\\/#primaryimage\"},\"image\":{\"@id\":\"https:\\\/\\\/tupique.com\\\/product\\\/lotion-hydratante-pour-bebe-johnsons-baby-500-ml\\\/#primaryimage\"},\"thumbnailUrl\":\"https:\\\/\\\/tupique.com\\\/wp-content\\\/uploads\\\/2026\\\/05\\\/3574661428055_R02.jpg\",\"datePublished\":\"2026-05-11T12:38:49+00:00\",\"dateModified\":\"2026-05-11T19:17:32+00:00\",\"breadcrumb\":{\"@id\":\"https:\\\/\\\/tupique.com\\\/product\\\/lotion-hydratante-pour-bebe-johnsons-baby-500-ml\\\/#breadcrumb\"},\"inLanguage\":\"pt-PT\",\"potentialAction\":[{\"@type\":\"ReadAction\",\"target\":[\"https:\\\/\\\/tupique.com\\\/product\\\/lotion-hydratante-pour-bebe-johnsons-baby-500-ml\\\/\"]}]},{\"@type\":\"ImageObject\",\"inLanguage\":\"pt-PT\",\"@id\":\"https:\\\/\\\/tupique.com\\\/product\\\/lotion-hydratante-pour-bebe-johnsons-baby-500-ml\\\/#primaryimage\",\"url\":\"https:\\\/\\\/tupique.com\\\/wp-content\\\/uploads\\\/2026\\\/05\\\/3574661428055_R02.jpg\",\"contentUrl\":\"https:\\\/\\\/tupique.com\\\/wp-content\\\/uploads\\\/2026\\\/05\\\/3574661428055_R02.jpg\",\"width\":1200,\"height\":1200,\"caption\":\"S0593924_0\"},{\"@type\":\"BreadcrumbList\",\"@id\":\"https:\\\/\\\/tupique.com\\\/product\\\/lotion-hydratante-pour-bebe-johnsons-baby-500-ml\\\/#breadcrumb\",\"itemListElement\":[{\"@type\":\"ListItem\",\"position\":1,\"name\":\"commencer\",\"item\":\"https:\\\/\\\/tupique.com\\\/\"},{\"@type\":\"ListItem\",\"position\":2,\"name\":\"Loja\",\"item\":\"https:\\\/\\\/tupique.com\\\/loja\\\/\"},{\"@type\":\"ListItem\",\"position\":3,\"name\":\"Lotion Hydratante pour B\u00e9b\u00e9 Johnson&#8217;s Baby 500 ml\"}]},{\"@type\":\"WebSite\",\"@id\":\"https:\\\/\\\/tupique.com\\\/#website\",\"url\":\"https:\\\/\\\/tupique.com\\\/\",\"name\":\"Tupique\",\"description\":\"\",\"publisher\":{\"@id\":\"https:\\\/\\\/tupique.com\\\/#organization\"},\"potentialAction\":[{\"@type\":\"SearchAction\",\"target\":{\"@type\":\"EntryPoint\",\"urlTemplate\":\"https:\\\/\\\/tupique.com\\\/?s={search_term_string}\"},\"query-input\":{\"@type\":\"PropertyValueSpecification\",\"valueRequired\":true,\"valueName\":\"search_term_string\"}}],\"inLanguage\":\"pt-PT\"},{\"@type\":\"Organization\",\"@id\":\"https:\\\/\\\/tupique.com\\\/#organization\",\"name\":\"Tupique\",\"url\":\"https:\\\/\\\/tupique.com\\\/\",\"logo\":{\"@type\":\"ImageObject\",\"inLanguage\":\"pt-PT\",\"@id\":\"https:\\\/\\\/tupique.com\\\/#\\\/schema\\\/logo\\\/image\\\/\",\"url\":\"https:\\\/\\\/tupique.com\\\/wp-content\\\/uploads\\\/2026\\\/03\\\/logo-tupique-1.webp\",\"contentUrl\":\"https:\\\/\\\/tupique.com\\\/wp-content\\\/uploads\\\/2026\\\/03\\\/logo-tupique-1.webp\",\"width\":500,\"height\":67,\"caption\":\"Tupique\"},\"image\":{\"@id\":\"https:\\\/\\\/tupique.com\\\/#\\\/schema\\\/logo\\\/image\\\/\"}}]}<\/script>\n<!-- \/ Yoast SEO plugin. -->","yoast_head_json":{"title":"Lotion Hydratante pour B\u00e9b\u00e9 Johnson's Baby 500 ml - Tupique","robots":{"index":"index","follow":"follow","max-snippet":"max-snippet:-1","max-image-preview":"max-image-preview:large","max-video-preview":"max-video-preview:-1"},"canonical":"https:\/\/tupique.com\/pt\/product\/lotion-hydratante-pour-bebe-johnsons-baby-500-ml\/","og_locale":"pt_PT","og_type":"article","og_title":"Lotion Hydratante pour B\u00e9b\u00e9 Johnson's Baby 500 ml - Tupique","og_description":"3.5980 &euro; \/ 100 ml","og_url":"https:\/\/tupique.com\/pt\/product\/lotion-hydratante-pour-bebe-johnsons-baby-500-ml\/","og_site_name":"Tupique","article_modified_time":"2026-05-11T19:17:32+00:00","twitter_card":"summary_large_image","schema":{"@context":"https:\/\/schema.org","@graph":[{"@type":"WebPage","@id":"https:\/\/tupique.com\/product\/lotion-hydratante-pour-bebe-johnsons-baby-500-ml\/","url":"https:\/\/tupique.com\/product\/lotion-hydratante-pour-bebe-johnsons-baby-500-ml\/","name":"Lotion Hydratante pour B\u00e9b\u00e9 Johnson's Baby 500 ml - Tupique","isPartOf":{"@id":"https:\/\/tupique.com\/#website"},"primaryImageOfPage":{"@id":"https:\/\/tupique.com\/product\/lotion-hydratante-pour-bebe-johnsons-baby-500-ml\/#primaryimage"},"image":{"@id":"https:\/\/tupique.com\/product\/lotion-hydratante-pour-bebe-johnsons-baby-500-ml\/#primaryimage"},"thumbnailUrl":"https:\/\/tupique.com\/wp-content\/uploads\/2026\/05\/3574661428055_R02.jpg","datePublished":"2026-05-11T12:38:49+00:00","dateModified":"2026-05-11T19:17:32+00:00","breadcrumb":{"@id":"https:\/\/tupique.com\/product\/lotion-hydratante-pour-bebe-johnsons-baby-500-ml\/#breadcrumb"},"inLanguage":"pt-PT","potentialAction":[{"@type":"ReadAction","target":["https:\/\/tupique.com\/product\/lotion-hydratante-pour-bebe-johnsons-baby-500-ml\/"]}]},{"@type":"ImageObject","inLanguage":"pt-PT","@id":"https:\/\/tupique.com\/product\/lotion-hydratante-pour-bebe-johnsons-baby-500-ml\/#primaryimage","url":"https:\/\/tupique.com\/wp-content\/uploads\/2026\/05\/3574661428055_R02.jpg","contentUrl":"https:\/\/tupique.com\/wp-content\/uploads\/2026\/05\/3574661428055_R02.jpg","width":1200,"height":1200,"caption":"S0593924_0"},{"@type":"BreadcrumbList","@id":"https:\/\/tupique.com\/product\/lotion-hydratante-pour-bebe-johnsons-baby-500-ml\/#breadcrumb","itemListElement":[{"@type":"ListItem","position":1,"name":"commencer","item":"https:\/\/tupique.com\/"},{"@type":"ListItem","position":2,"name":"Loja","item":"https:\/\/tupique.com\/loja\/"},{"@type":"ListItem","position":3,"name":"Lotion Hydratante pour B\u00e9b\u00e9 Johnson&#8217;s Baby 500 ml"}]},{"@type":"WebSite","@id":"https:\/\/tupique.com\/#website","url":"https:\/\/tupique.com\/","name":"Tupique","description":"","publisher":{"@id":"https:\/\/tupique.com\/#organization"},"potentialAction":[{"@type":"SearchAction","target":{"@type":"EntryPoint","urlTemplate":"https:\/\/tupique.com\/?s={search_term_string}"},"query-input":{"@type":"PropertyValueSpecification","valueRequired":true,"valueName":"search_term_string"}}],"inLanguage":"pt-PT"},{"@type":"Organization","@id":"https:\/\/tupique.com\/#organization","name":"Tupique","url":"https:\/\/tupique.com\/","logo":{"@type":"ImageObject","inLanguage":"pt-PT","@id":"https:\/\/tupique.com\/#\/schema\/logo\/image\/","url":"https:\/\/tupique.com\/wp-content\/uploads\/2026\/03\/logo-tupique-1.webp","contentUrl":"https:\/\/tupique.com\/wp-content\/uploads\/2026\/03\/logo-tupique-1.webp","width":500,"height":67,"caption":"Tupique"},"image":{"@id":"https:\/\/tupique.com\/#\/schema\/logo\/image\/"}}]}},"_links":{"self":[{"href":"https:\/\/tupique.com\/pt\/wp-json\/wp\/v2\/product\/181791","targetHints":{"allow":["GET"]}}],"collection":[{"href":"https:\/\/tupique.com\/pt\/wp-json\/wp\/v2\/product"}],"about":[{"href":"https:\/\/tupique.com\/pt\/wp-json\/wp\/v2\/types\/product"}],"replies":[{"embeddable":true,"href":"https:\/\/tupique.com\/pt\/wp-json\/wp\/v2\/comments?post=181791"}],"wp:featuredmedia":[{"embeddable":true,"href":"https:\/\/tupique.com\/pt\/wp-json\/wp\/v2\/media\/181789"}],"wp:attachment":[{"href":"https:\/\/tupique.com\/pt\/wp-json\/wp\/v2\/media?parent=181791"}],"wp:term":[{"taxonomy":"product_brand","embeddable":true,"href":"https:\/\/tupique.com\/pt\/wp-json\/wp\/v2\/product_brand?post=181791"},{"taxonomy":"product_cat","embeddable":true,"href":"https:\/\/tupique.com\/pt\/wp-json\/wp\/v2\/product_cat?post=181791"},{"taxonomy":"product_tag","embeddable":true,"href":"https:\/\/tupique.com\/pt\/wp-json\/wp\/v2\/product_tag?post=181791"}],"curies":[{"name":"wp","href":"https:\/\/api.w.org\/{rel}","templated":true}]}}