{"id":181939,"date":"2026-05-11T14:55:36","date_gmt":"2026-05-11T12:55:36","guid":{"rendered":"https:\/\/tupique.com\/product\/hamac-suspendu-pour-chats-catlax-innovagoods\/"},"modified":"2026-05-11T21:23:47","modified_gmt":"2026-05-11T19:23:47","slug":"hamac-suspendu-pour-chats-catlax-innovagoods","status":"publish","type":"product","link":"https:\/\/tupique.com\/pt\/product\/hamac-suspendu-pour-chats-catlax-innovagoods\/","title":{"rendered":"Hamac Suspendu pour Chats Catlax InnovaGoods"},"content":{"rendered":"<div class=\"col-md-6\">Si vous aimez l&#8217;univers des gadgets, <b>InnovaGoods<\/b> vous propose les meilleures et les plus originales nouveaut\u00e9s en mati\u00e8re de maison, voitures, voyages, enfants, technologie, divertissements, etc.! D\u00e9couvrez une vaste gamme de produits de qualit\u00e9 qui se d\u00e9marquent de par leur fonctionnalit\u00e9, leur efficacit\u00e9 et leur design innovant, comme <b>Hamac Suspendu pour Chats Catlax InnovaGoods <\/b>!<\/p>\n<p>Un hamac suspendu pour chats moderne et \u00e9l\u00e9gant, id\u00e9al pour les animaux de compagnie pour profiter confortablement de leur propre espace, o\u00f9 ils peuvent admirer le paysage, faire un bain de soleil, jouer \u00e0 sauter joyeusement en montant et en descendant, etc. Les chats aiment les hauteurs, c\u2019est pourquoi ils seront fascin\u00e9s par ce hamac suspendu qui peut \u00eatre plac\u00e9 \u00e0 la hauteur souhait\u00e9e, tout en vous aidant \u00e0 garder l&#8217;ordre et \u00e0 mieux utiliser l&#8217;espace. Il est facile \u00e0 installer gr\u00e2ce \u00e0 4 ventouses puissantes qui offrent une fixation ferme (aucun outil n\u00e9cessaire), supportant un poids allant jusqu\u2019\u00e0 30&nbsp;kg. Il est principalement plac\u00e9 sur des fen\u00eatres ou des portes en verre (\u00e0 l&#8217;int\u00e9rieur, sur des surfaces propres, lisses et non poreuses). Ce hamac original pour chats est polyvalent et adaptable de par son design multiposition, l\u00e9ger et portable. Vous pouvez donc le d\u00e9placer quand vous le souhaitez. Sa structure se compose de plusieurs tubes en plastique et de deux c\u00e2bles m\u00e9talliques suspendus qui permettent de supporter le poids en toute s\u00e9curit\u00e9, emp\u00eachant ainsi le chat de les casser en les mordant, etc. La housse du support en tissu Oxford est robuste, respirante et lavable \u00e0 la main. Il est facile \u00e0 assembler et \u00e0 d\u00e9monter selon les instructions fournies et occupe tr\u00e8s peu d\u2019espace lorsqu\u2019il est rang\u00e9.<\/p>\n<ul>\n<li>Mat\u00e9riel:\n<ul>\n<li>PP<\/li>\n<li>PVC<\/li>\n<li>Polyester (Oxford)<\/li>\n<\/ul>\n<\/li>\n<li>Couleur: Gris<\/li>\n<li>Un design moderne et \u00e9l\u00e9gant: Novateur et pratique<\/li>\n<li>Type: Hamac Suspendu<\/li>\n<li>Tissu Oxford: Respirant<\/li>\n<li>4 ventouses de fixation: Fixation ferme<\/li>\n<li>Multiposition: Polyvalent et adaptable<\/li>\n<li>Poids Max. support\u00e9: 30 Kg<\/li>\n<li>R\u00e9sistante et durable: Mat\u00e9riaux de qualit\u00e9<\/li>\n<li>Structure ouverte: Favorise la circulation de l\u2019air<\/li>\n<li>Originale et portative: Installation et retrait faciles<\/li>\n<li>Plusieurs fonctionnalit\u00e9s et espaces: Fen\u00eatres, portes vitr\u00e9es, etc.<\/li>\n<li>Organisation et gain de place: Occupe peu d&#8217;espace<\/li>\n<li>Facilit\u00e9 d&#8217;utilisation: Utilisation pratique, simple et s\u00fbre<\/li>\n<li>Installation simple: Facile \u00e0 monter et \u00e0 d\u00e9monter<\/li>\n<li>Utilisation recommand\u00e9e: Usage en int\u00e9rieur<\/li>\n<li>Facile \u00e0 nettoyer: Laver \u00e0 la main<\/li>\n<li>L\u00e9ger et maniable: Facile \u00e0 transporter et \u00e0 ranger<\/li>\n<li>Dimensions approx.: 56 x 38 x 2,5 cm<\/li>\n<li>Packaging et manuel en 24 langues: anglais, fran\u00e7ais, espagnol, allemand, italien, portugais, n\u00e9erlandais, polonais, hongrois, roumain, danois, su\u00e9dois, finnois, lituanien, norv\u00e9gien, slov\u00e8ne, grec, tch\u00e8que, bulgare, croate, slovaque, estonien, russe, letton<\/li>\n<\/ul>\n<p>Packaging et manuel en 24 langues: anglais, fran\u00e7ais, espagnol, allemand, italien, portugais, n\u00e9erlandais, polonais, hongrois, roumain, danois, su\u00e9dois, finnois, lituanien, norv\u00e9gien, slov\u00e8ne, grec, tch\u00e8que, bulgare, croate, slovaque, estonien, russe, letton.<\/p><\/div>\n<div class=\"col-md-6\">\n<div class=\"embed-responsive embed-responsive-16by9\"><iframe class=\"embed-responsive-item\" src=\"https:\/\/www.youtube.com\/embed\/ImTVMBgUbFQ\" frameborder=\"0\" allowfullscreen><\/iframe><\/div>\n<\/div>","protected":false},"excerpt":{"rendered":"<p>Si vous aimez l&#8217;univers des gadgets, InnovaGoods vous propose les meilleures et les plus originales nouveaut\u00e9s en mati\u00e8re de maison, voitures, voyages, enfants, technologie, divertissements, etc.! D\u00e9couvrez une vaste gamme de produits de qualit\u00e9 qui se d\u00e9marquent de par leur fonctionnalit\u00e9, leur efficacit\u00e9 et leur design innovant, comme Hamac Suspendu pour Chats Catlax InnovaGoods ! [&hellip;]<\/p>\n","protected":false},"featured_media":181930,"comment_status":"open","ping_status":"closed","template":"","meta":[],"product_brand":[256],"product_cat":[621,63,64,1797,1337,239,1796],"product_tag":[103],"woo-feed-brand":[],"class_list":{"0":"post-181939","1":"product","2":"type-product","3":"status-publish","4":"has-post-thumbnail","6":"product_brand-brandp_1281","7":"product_cat-animaux-de-compagnie","8":"product_cat-cadeaux-originaux","9":"product_cat-cadeaux-pour-la-maison","10":"product_cat-idees-pour-la-maison","11":"product_cat-lits-et-matelas","12":"product_cat-maison-jardin","13":"product_cat-teleachat-vu-a-la-television","14":"product_tag-tag_1261","16":"first","17":"instock","18":"taxable","19":"shipping-taxable","20":"purchasable","21":"product-type-simple"},"yoast_head":"<!-- This site is optimized with the Yoast SEO plugin v27.6 - https:\/\/yoast.com\/product\/yoast-seo-wordpress\/ -->\n<title>Hamac Suspendu pour Chats Catlax InnovaGoods | | Tupique<\/title>\n<meta name=\"description\" content=\"Envie d&#039;acheter Hamac Suspendu pour Chats Catlax InnovaGoods\u00a0? Achetez Hamac Suspendu pour Chats Catlax InnovaGoods maintenant avec Tupique en 3 versements sans int\u00e9r\u00eat.\" \/>\n<meta name=\"robots\" content=\"index, follow, max-snippet:-1, max-image-preview:large, max-video-preview:-1\" \/>\n<link rel=\"canonical\" href=\"https:\/\/tupique.com\/pt\/product\/hamac-suspendu-pour-chats-catlax-innovagoods\/\" \/>\n<meta property=\"og:locale\" content=\"pt_PT\" \/>\n<meta property=\"og:type\" content=\"article\" \/>\n<meta property=\"og:title\" content=\"Hamac Suspendu pour Chats Catlax InnovaGoods | | Tupique\" \/>\n<meta property=\"og:description\" content=\"Envie d&#039;acheter Hamac Suspendu pour Chats Catlax InnovaGoods\u00a0? Achetez Hamac Suspendu pour Chats Catlax InnovaGoods maintenant avec Tupique en 3 versements sans int\u00e9r\u00eat.\" \/>\n<meta property=\"og:url\" content=\"https:\/\/tupique.com\/pt\/product\/hamac-suspendu-pour-chats-catlax-innovagoods\/\" \/>\n<meta property=\"og:site_name\" content=\"Tupique\" \/>\n<meta property=\"article:modified_time\" content=\"2026-05-11T19:23:47+00:00\" \/>\n<meta property=\"og:image\" content=\"https:\/\/tupique.com\/wp-content\/uploads\/2026\/05\/V0103474_000_MKT-v_15.jpg\" \/>\n\t<meta property=\"og:image:width\" content=\"1200\" \/>\n\t<meta property=\"og:image:height\" content=\"1200\" \/>\n\t<meta property=\"og:image:type\" content=\"image\/jpeg\" \/>\n<meta name=\"twitter:card\" content=\"summary_large_image\" \/>\n<meta name=\"twitter:label1\" content=\"Tempo estimado de leitura\" \/>\n\t<meta name=\"twitter:data1\" content=\"2 minutos\" \/>\n<script type=\"application\/ld+json\" class=\"yoast-schema-graph\">{\"@context\":\"https:\\\/\\\/schema.org\",\"@graph\":[{\"@type\":\"WebPage\",\"@id\":\"https:\\\/\\\/tupique.com\\\/pt\\\/product\\\/hamac-suspendu-pour-chats-catlax-innovagoods\\\/\",\"url\":\"https:\\\/\\\/tupique.com\\\/pt\\\/product\\\/hamac-suspendu-pour-chats-catlax-innovagoods\\\/\",\"name\":\"Hamac Suspendu pour Chats Catlax InnovaGoods | | Tupique\",\"isPartOf\":{\"@id\":\"https:\\\/\\\/tupique.com\\\/#website\"},\"primaryImageOfPage\":{\"@id\":\"https:\\\/\\\/tupique.com\\\/pt\\\/product\\\/hamac-suspendu-pour-chats-catlax-innovagoods\\\/#primaryimage\"},\"image\":{\"@id\":\"https:\\\/\\\/tupique.com\\\/pt\\\/product\\\/hamac-suspendu-pour-chats-catlax-innovagoods\\\/#primaryimage\"},\"thumbnailUrl\":\"https:\\\/\\\/tupique.com\\\/wp-content\\\/uploads\\\/2026\\\/05\\\/V0103474_000_MKT-v_15.jpg\",\"datePublished\":\"2026-05-11T12:55:36+00:00\",\"dateModified\":\"2026-05-11T19:23:47+00:00\",\"description\":\"Envie d'acheter Hamac Suspendu pour Chats Catlax InnovaGoods\u00a0? Achetez Hamac Suspendu pour Chats Catlax InnovaGoods maintenant avec Tupique en 3 versements sans int\u00e9r\u00eat.\",\"breadcrumb\":{\"@id\":\"https:\\\/\\\/tupique.com\\\/pt\\\/product\\\/hamac-suspendu-pour-chats-catlax-innovagoods\\\/#breadcrumb\"},\"inLanguage\":\"pt-PT\",\"potentialAction\":[{\"@type\":\"ReadAction\",\"target\":[\"https:\\\/\\\/tupique.com\\\/pt\\\/product\\\/hamac-suspendu-pour-chats-catlax-innovagoods\\\/\"]}]},{\"@type\":\"ImageObject\",\"inLanguage\":\"pt-PT\",\"@id\":\"https:\\\/\\\/tupique.com\\\/pt\\\/product\\\/hamac-suspendu-pour-chats-catlax-innovagoods\\\/#primaryimage\",\"url\":\"https:\\\/\\\/tupique.com\\\/wp-content\\\/uploads\\\/2026\\\/05\\\/V0103474_000_MKT-v_15.jpg\",\"contentUrl\":\"https:\\\/\\\/tupique.com\\\/wp-content\\\/uploads\\\/2026\\\/05\\\/V0103474_000_MKT-v_15.jpg\",\"width\":1200,\"height\":1200,\"caption\":\"V0103474_0\"},{\"@type\":\"BreadcrumbList\",\"@id\":\"https:\\\/\\\/tupique.com\\\/pt\\\/product\\\/hamac-suspendu-pour-chats-catlax-innovagoods\\\/#breadcrumb\",\"itemListElement\":[{\"@type\":\"ListItem\",\"position\":1,\"name\":\"commencer\",\"item\":\"https:\\\/\\\/tupique.com\\\/\"},{\"@type\":\"ListItem\",\"position\":2,\"name\":\"Loja\",\"item\":\"https:\\\/\\\/tupique.com\\\/pt\\\/loja\\\/\"},{\"@type\":\"ListItem\",\"position\":3,\"name\":\"Hamac Suspendu pour Chats Catlax InnovaGoods\"}]},{\"@type\":\"WebSite\",\"@id\":\"https:\\\/\\\/tupique.com\\\/#website\",\"url\":\"https:\\\/\\\/tupique.com\\\/\",\"name\":\"Tupique\",\"description\":\"\",\"publisher\":{\"@id\":\"https:\\\/\\\/tupique.com\\\/#organization\"},\"potentialAction\":[{\"@type\":\"SearchAction\",\"target\":{\"@type\":\"EntryPoint\",\"urlTemplate\":\"https:\\\/\\\/tupique.com\\\/?s={search_term_string}\"},\"query-input\":{\"@type\":\"PropertyValueSpecification\",\"valueRequired\":true,\"valueName\":\"search_term_string\"}}],\"inLanguage\":\"pt-PT\"},{\"@type\":\"Organization\",\"@id\":\"https:\\\/\\\/tupique.com\\\/#organization\",\"name\":\"Tupique\",\"url\":\"https:\\\/\\\/tupique.com\\\/\",\"logo\":{\"@type\":\"ImageObject\",\"inLanguage\":\"pt-PT\",\"@id\":\"https:\\\/\\\/tupique.com\\\/#\\\/schema\\\/logo\\\/image\\\/\",\"url\":\"https:\\\/\\\/tupique.com\\\/wp-content\\\/uploads\\\/2026\\\/03\\\/logo-tupique-1.webp\",\"contentUrl\":\"https:\\\/\\\/tupique.com\\\/wp-content\\\/uploads\\\/2026\\\/03\\\/logo-tupique-1.webp\",\"width\":500,\"height\":67,\"caption\":\"Tupique\"},\"image\":{\"@id\":\"https:\\\/\\\/tupique.com\\\/#\\\/schema\\\/logo\\\/image\\\/\"}}]}<\/script>\n<!-- \/ Yoast SEO plugin. -->","yoast_head_json":{"title":"Hamac Suspendu pour Chats Catlax InnovaGoods | | Tupique","description":"Envie d'acheter Hamac Suspendu pour Chats Catlax InnovaGoods\u00a0? Achetez Hamac Suspendu pour Chats Catlax InnovaGoods maintenant avec Tupique en 3 versements sans int\u00e9r\u00eat.","robots":{"index":"index","follow":"follow","max-snippet":"max-snippet:-1","max-image-preview":"max-image-preview:large","max-video-preview":"max-video-preview:-1"},"canonical":"https:\/\/tupique.com\/pt\/product\/hamac-suspendu-pour-chats-catlax-innovagoods\/","og_locale":"pt_PT","og_type":"article","og_title":"Hamac Suspendu pour Chats Catlax InnovaGoods | | Tupique","og_description":"Envie d'acheter Hamac Suspendu pour Chats Catlax InnovaGoods\u00a0? Achetez Hamac Suspendu pour Chats Catlax InnovaGoods maintenant avec Tupique en 3 versements sans int\u00e9r\u00eat.","og_url":"https:\/\/tupique.com\/pt\/product\/hamac-suspendu-pour-chats-catlax-innovagoods\/","og_site_name":"Tupique","article_modified_time":"2026-05-11T19:23:47+00:00","og_image":[{"width":1200,"height":1200,"url":"https:\/\/tupique.com\/wp-content\/uploads\/2026\/05\/V0103474_000_MKT-v_15.jpg","type":"image\/jpeg"}],"twitter_card":"summary_large_image","twitter_misc":{"Tempo estimado de leitura":"2 minutos"},"schema":{"@context":"https:\/\/schema.org","@graph":[{"@type":"WebPage","@id":"https:\/\/tupique.com\/pt\/product\/hamac-suspendu-pour-chats-catlax-innovagoods\/","url":"https:\/\/tupique.com\/pt\/product\/hamac-suspendu-pour-chats-catlax-innovagoods\/","name":"Hamac Suspendu pour Chats Catlax InnovaGoods | | Tupique","isPartOf":{"@id":"https:\/\/tupique.com\/#website"},"primaryImageOfPage":{"@id":"https:\/\/tupique.com\/pt\/product\/hamac-suspendu-pour-chats-catlax-innovagoods\/#primaryimage"},"image":{"@id":"https:\/\/tupique.com\/pt\/product\/hamac-suspendu-pour-chats-catlax-innovagoods\/#primaryimage"},"thumbnailUrl":"https:\/\/tupique.com\/wp-content\/uploads\/2026\/05\/V0103474_000_MKT-v_15.jpg","datePublished":"2026-05-11T12:55:36+00:00","dateModified":"2026-05-11T19:23:47+00:00","description":"Envie d'acheter Hamac Suspendu pour Chats Catlax InnovaGoods\u00a0? Achetez Hamac Suspendu pour Chats Catlax InnovaGoods maintenant avec Tupique en 3 versements sans int\u00e9r\u00eat.","breadcrumb":{"@id":"https:\/\/tupique.com\/pt\/product\/hamac-suspendu-pour-chats-catlax-innovagoods\/#breadcrumb"},"inLanguage":"pt-PT","potentialAction":[{"@type":"ReadAction","target":["https:\/\/tupique.com\/pt\/product\/hamac-suspendu-pour-chats-catlax-innovagoods\/"]}]},{"@type":"ImageObject","inLanguage":"pt-PT","@id":"https:\/\/tupique.com\/pt\/product\/hamac-suspendu-pour-chats-catlax-innovagoods\/#primaryimage","url":"https:\/\/tupique.com\/wp-content\/uploads\/2026\/05\/V0103474_000_MKT-v_15.jpg","contentUrl":"https:\/\/tupique.com\/wp-content\/uploads\/2026\/05\/V0103474_000_MKT-v_15.jpg","width":1200,"height":1200,"caption":"V0103474_0"},{"@type":"BreadcrumbList","@id":"https:\/\/tupique.com\/pt\/product\/hamac-suspendu-pour-chats-catlax-innovagoods\/#breadcrumb","itemListElement":[{"@type":"ListItem","position":1,"name":"commencer","item":"https:\/\/tupique.com\/"},{"@type":"ListItem","position":2,"name":"Loja","item":"https:\/\/tupique.com\/pt\/loja\/"},{"@type":"ListItem","position":3,"name":"Hamac Suspendu pour Chats Catlax InnovaGoods"}]},{"@type":"WebSite","@id":"https:\/\/tupique.com\/#website","url":"https:\/\/tupique.com\/","name":"Tupique","description":"","publisher":{"@id":"https:\/\/tupique.com\/#organization"},"potentialAction":[{"@type":"SearchAction","target":{"@type":"EntryPoint","urlTemplate":"https:\/\/tupique.com\/?s={search_term_string}"},"query-input":{"@type":"PropertyValueSpecification","valueRequired":true,"valueName":"search_term_string"}}],"inLanguage":"pt-PT"},{"@type":"Organization","@id":"https:\/\/tupique.com\/#organization","name":"Tupique","url":"https:\/\/tupique.com\/","logo":{"@type":"ImageObject","inLanguage":"pt-PT","@id":"https:\/\/tupique.com\/#\/schema\/logo\/image\/","url":"https:\/\/tupique.com\/wp-content\/uploads\/2026\/03\/logo-tupique-1.webp","contentUrl":"https:\/\/tupique.com\/wp-content\/uploads\/2026\/03\/logo-tupique-1.webp","width":500,"height":67,"caption":"Tupique"},"image":{"@id":"https:\/\/tupique.com\/#\/schema\/logo\/image\/"}}]}},"_links":{"self":[{"href":"https:\/\/tupique.com\/pt\/wp-json\/wp\/v2\/product\/181939","targetHints":{"allow":["GET"]}}],"collection":[{"href":"https:\/\/tupique.com\/pt\/wp-json\/wp\/v2\/product"}],"about":[{"href":"https:\/\/tupique.com\/pt\/wp-json\/wp\/v2\/types\/product"}],"replies":[{"embeddable":true,"href":"https:\/\/tupique.com\/pt\/wp-json\/wp\/v2\/comments?post=181939"}],"wp:featuredmedia":[{"embeddable":true,"href":"https:\/\/tupique.com\/pt\/wp-json\/wp\/v2\/media\/181930"}],"wp:attachment":[{"href":"https:\/\/tupique.com\/pt\/wp-json\/wp\/v2\/media?parent=181939"}],"wp:term":[{"taxonomy":"product_brand","embeddable":true,"href":"https:\/\/tupique.com\/pt\/wp-json\/wp\/v2\/product_brand?post=181939"},{"taxonomy":"product_cat","embeddable":true,"href":"https:\/\/tupique.com\/pt\/wp-json\/wp\/v2\/product_cat?post=181939"},{"taxonomy":"product_tag","embeddable":true,"href":"https:\/\/tupique.com\/pt\/wp-json\/wp\/v2\/product_tag?post=181939"},{"taxonomy":"woo-feed-brand","embeddable":true,"href":"https:\/\/tupique.com\/pt\/wp-json\/wp\/v2\/woo-feed-brand?post=181939"}],"curies":[{"name":"wp","href":"https:\/\/api.w.org\/{rel}","templated":true}]}}