{"id":181964,"date":"2026-05-11T14:56:44","date_gmt":"2026-05-11T12:56:44","guid":{"rendered":"https:\/\/tupique.com\/product\/mini-barbecue-pliable-portable-pour-charbon-foldecue-innovagoods\/"},"modified":"2026-05-11T21:23:47","modified_gmt":"2026-05-11T19:23:47","slug":"mini-barbecue-pliable-portable-pour-charbon-foldecue-innovagoods","status":"publish","type":"product","link":"https:\/\/tupique.com\/pt\/product\/mini-barbecue-pliable-portable-pour-charbon-foldecue-innovagoods\/","title":{"rendered":"Mini-churrasqueira Port\u00e1til Dobr\u00e1vel para Carv\u00e3o Foldecue InnovaGoods"},"content":{"rendered":"<div class=\"col-md-6\"><b>InnovaGoods<\/b> vous offre les meilleures nouveaut\u00e9s pour la maison, comme <b>Mini-churrasqueira Port\u00e1til Dobr\u00e1vel para Carv\u00e3o Foldecue InnovaGoods <\/b>! D\u00e9couvrez une vaste gamme de produits de qualit\u00e9 qui se d\u00e9marquent de par leur fonctionnalit\u00e9, leur efficacit\u00e9 et leur design innovant : \u00e9clairage, organisation, d\u00e9coration, climatisation, jardin, animaux domestiques, nettoyage, etc.<\/p>\n<p>Un mini-barbecue de table au charbon pratique et maniable pour un transport facile en tout lieu au design moderne, pliable et portable. Sa structure ouverte et sa grille pour aliments amovible permettent d&#8217;ajouter facilement du charbon \u00e0 tout moment. Le charbon est plac\u00e9 sur le plateau inf\u00e9rieur avec des trous de ventilation qui favorisent la combustion. La s\u00e9paration entre la grille et le charbon de bois est suffisante pour ne pas br\u00fbler les aliments. Ce mini-barbecue en fer et en acier est robuste, l\u00e9ger et tr\u00e8s facile \u00e0 transporter et \u00e0 ranger, et ne prend que tr\u00e8s peu d&#8217;espace une fois pli\u00e9. Il est \u00e9galement facile \u00e0 plier et \u00e0 d\u00e9plier gr\u00e2ce \u00e0 sa conception \u00e0 la forme d\u2019une porte-vues. Pour l&#8217;utiliser, il doit \u00eatre plac\u00e9 sur le sol ou sur une table (sur une surface plane, stable et r\u00e9sistante \u00e0 la chaleur). Id\u00e9al pour profiter d&#8217;un barbecue exquis en compagnie (2 personnes) et tr\u00e8s facile \u00e0 utiliser et \u00e0 nettoyer. Pour l\u2019allumer, il faut utiliser des pastilles, du gel d\u2019allumage ou d\u2019autres dispositifs d\u2019allumage adapt\u00e9s au barbecue (non inclus). Toutefois, pour une meilleure conservation du barbecue dans le temps, il est recommand\u00e9 d\u2019allumer les braises \u00e0 l&#8217;aide d&#8217;un dispositif d&#8217;allume-cigare (non inclus). Il est important de noter qu&#8217;il n&#8217;est pas adapt\u00e9 au bois ou \u00e0 d&#8217;autres carburants. Ne comprend pas le charbon.<\/p>\n<ul>\n<li>Mat\u00e9riel:\n<ul>\n<li>Fer<\/li>\n<li>Acier<\/li>\n<\/ul>\n<\/li>\n<li>Couleur: Noir<\/li>\n<li>Design moderne: Novateur et pratique<\/li>\n<li>Type: Barbecue de table<\/li>\n<li>Barbecue au charbon: Charbon non fourni<\/li>\n<li>Convives: 2<\/li>\n<li>Pliable: Facile \u00e0 plier et \u00e0 d\u00e9plier<\/li>\n<li>Originale et portative: L\u00e9ger et maniable<\/li>\n<li>Occupe peu d&#8217;espace: Organisation et gain de place<\/li>\n<li>Taille r\u00e9duite et compacte: Facile \u00e0 transporter et \u00e0 ranger<\/li>\n<li>Facile \u00e0 utiliser et \u00e0 nettoyer: Utilisation pratique, simple et s\u00fbre<\/li>\n<li>Grille pour aliments:\n<ul>\n<li>30 x 24,5 cm<\/li>\n<li>Amovible<\/li>\n<\/ul>\n<\/li>\n<li>Plateau \u00e0 charbon inf\u00e9rieur: Trous de ventilation<\/li>\n<li>Structure ouverte: Polyvalent et adaptable<\/li>\n<li>R\u00e9sistante et durable: Fixation ferme<\/li>\n<li>Compatible: Ne convient pas pour le bois ou d&#8217;autres combustibles<\/li>\n<li>Dimensions approx. (d\u00e9pli\u00e9): 31 x 28 x 30 cm<\/li>\n<li>Dimensions approx. pli\u00e9: 28,5 x 27 x 5,5 cm<\/li>\n<li>Packaging et manuel en 24 langues: anglais, fran\u00e7ais, espagnol, allemand, italien, portugais, n\u00e9erlandais, polonais, hongrois, roumain, danois, su\u00e9dois, finnois, lituanien, norv\u00e9gien, slov\u00e8ne, grec, tch\u00e8que, bulgare, croate, slovaque, estonien, russe, letton<\/li>\n<\/ul>\n<\/div>\n<div class=\"col-md-6\">\n<div class=\"embed-responsive embed-responsive-16by9\"><iframe class=\"embed-responsive-item\" src=\"https:\/\/www.youtube.com\/embed\/3wicy7tM5ok\" frameborder=\"0\" allowfullscreen><\/iframe><\/div>\n<\/div>","protected":false},"excerpt":{"rendered":"<p>InnovaGoods vous offre les meilleures nouveaut\u00e9s pour la maison, comme Mini-barbecue Pliable Portable pour Charbon Foldecue InnovaGoods ! D\u00e9couvrez une vaste gamme de produits de qualit\u00e9 qui se d\u00e9marquent de par leur fonctionnalit\u00e9, leur efficacit\u00e9 et leur design innovant : \u00e9clairage, organisation, d\u00e9coration, climatisation, jardin, animaux domestiques, nettoyage, etc. Un mini-barbecue de table au charbon [&hellip;]<\/p>\n","protected":false},"featured_media":181956,"comment_status":"open","ping_status":"closed","template":"","meta":[],"product_brand":[256],"product_cat":[1854,1818,1058,63,227,1853,759,239,1764,1796],"product_tag":[390,55,721,211],"woo-feed-brand":[],"class_list":{"0":"post-181964","1":"product","2":"type-product","3":"status-publish","4":"has-post-thumbnail","6":"product_brand-brandp_1281","7":"product_cat-accessoires-de-camping-et-de-montagne","8":"product_cat-accessoires-de-cuisine","9":"product_cat-barbecues-et-accessoires","10":"product_cat-cadeaux-originaux","11":"product_cat-cadeaux-pour-la-cuisine","12":"product_cat-camping-et-montagne","13":"product_cat-jardin-et-terrasse","14":"product_cat-maison-jardin","15":"product_cat-sports-loisirs","16":"product_cat-teleachat-vu-a-la-television","17":"product_tag-tag_8","18":"product_tag-tag_926","19":"product_tag-tag_124","20":"product_tag-tag_3","22":"first","23":"instock","24":"taxable","25":"shipping-taxable","26":"purchasable","27":"product-type-simple"},"yoast_head":"<!-- This site is optimized with the Yoast SEO plugin v27.6 - https:\/\/yoast.com\/product\/yoast-seo-wordpress\/ -->\n<title>Mini-barbecue Pliable Portable pour Charbon Foldecue InnovaGoods | | Tupique<\/title>\n<meta name=\"description\" content=\"Envie d&#039;acheter Mini-barbecue Pliable Portable pour Charbon Foldecue InnovaGoods\u00a0? Achetez Mini-barbecue Pliable Portable pour Charbon Foldecue InnovaGoods maintenant avec Tupique en 3 versements sans int\u00e9r\u00eat.\" \/>\n<meta name=\"robots\" content=\"index, follow, max-snippet:-1, max-image-preview:large, max-video-preview:-1\" \/>\n<link rel=\"canonical\" href=\"https:\/\/tupique.com\/pt\/product\/mini-barbecue-pliable-portable-pour-charbon-foldecue-innovagoods\/\" \/>\n<meta property=\"og:locale\" content=\"pt_PT\" \/>\n<meta property=\"og:type\" content=\"article\" \/>\n<meta property=\"og:title\" content=\"Mini-barbecue Pliable Portable pour Charbon Foldecue InnovaGoods | | Tupique\" \/>\n<meta property=\"og:description\" content=\"Envie d&#039;acheter Mini-barbecue Pliable Portable pour Charbon Foldecue InnovaGoods\u00a0? Achetez Mini-barbecue Pliable Portable pour Charbon Foldecue InnovaGoods maintenant avec Tupique en 3 versements sans int\u00e9r\u00eat.\" \/>\n<meta property=\"og:url\" content=\"https:\/\/tupique.com\/pt\/product\/mini-barbecue-pliable-portable-pour-charbon-foldecue-innovagoods\/\" \/>\n<meta property=\"og:site_name\" content=\"Tupique\" \/>\n<meta property=\"article:modified_time\" content=\"2026-05-11T19:23:47+00:00\" \/>\n<meta property=\"og:image\" content=\"https:\/\/tupique.com\/wp-content\/uploads\/2026\/05\/V0103493_000_MKT-v_14.jpg\" \/>\n\t<meta property=\"og:image:width\" content=\"1200\" \/>\n\t<meta property=\"og:image:height\" content=\"1200\" \/>\n\t<meta property=\"og:image:type\" content=\"image\/jpeg\" \/>\n<meta name=\"twitter:card\" content=\"summary_large_image\" \/>\n<meta name=\"twitter:label1\" content=\"Tempo estimado de leitura\" \/>\n\t<meta name=\"twitter:data1\" content=\"2 minutos\" \/>\n<script type=\"application\/ld+json\" class=\"yoast-schema-graph\">{\"@context\":\"https:\\\/\\\/schema.org\",\"@graph\":[{\"@type\":\"WebPage\",\"@id\":\"https:\\\/\\\/tupique.com\\\/pt\\\/product\\\/mini-barbecue-pliable-portable-pour-charbon-foldecue-innovagoods\\\/\",\"url\":\"https:\\\/\\\/tupique.com\\\/pt\\\/product\\\/mini-barbecue-pliable-portable-pour-charbon-foldecue-innovagoods\\\/\",\"name\":\"Mini-barbecue Pliable Portable pour Charbon Foldecue InnovaGoods | | Tupique\",\"isPartOf\":{\"@id\":\"https:\\\/\\\/tupique.com\\\/#website\"},\"primaryImageOfPage\":{\"@id\":\"https:\\\/\\\/tupique.com\\\/pt\\\/product\\\/mini-barbecue-pliable-portable-pour-charbon-foldecue-innovagoods\\\/#primaryimage\"},\"image\":{\"@id\":\"https:\\\/\\\/tupique.com\\\/pt\\\/product\\\/mini-barbecue-pliable-portable-pour-charbon-foldecue-innovagoods\\\/#primaryimage\"},\"thumbnailUrl\":\"https:\\\/\\\/tupique.com\\\/wp-content\\\/uploads\\\/2026\\\/05\\\/V0103493_000_MKT-v_14.jpg\",\"datePublished\":\"2026-05-11T12:56:44+00:00\",\"dateModified\":\"2026-05-11T19:23:47+00:00\",\"description\":\"Envie d'acheter Mini-barbecue Pliable Portable pour Charbon Foldecue InnovaGoods\u00a0? Achetez Mini-barbecue Pliable Portable pour Charbon Foldecue InnovaGoods maintenant avec Tupique en 3 versements sans int\u00e9r\u00eat.\",\"breadcrumb\":{\"@id\":\"https:\\\/\\\/tupique.com\\\/pt\\\/product\\\/mini-barbecue-pliable-portable-pour-charbon-foldecue-innovagoods\\\/#breadcrumb\"},\"inLanguage\":\"pt-PT\",\"potentialAction\":[{\"@type\":\"ReadAction\",\"target\":[\"https:\\\/\\\/tupique.com\\\/pt\\\/product\\\/mini-barbecue-pliable-portable-pour-charbon-foldecue-innovagoods\\\/\"]}]},{\"@type\":\"ImageObject\",\"inLanguage\":\"pt-PT\",\"@id\":\"https:\\\/\\\/tupique.com\\\/pt\\\/product\\\/mini-barbecue-pliable-portable-pour-charbon-foldecue-innovagoods\\\/#primaryimage\",\"url\":\"https:\\\/\\\/tupique.com\\\/wp-content\\\/uploads\\\/2026\\\/05\\\/V0103493_000_MKT-v_14.jpg\",\"contentUrl\":\"https:\\\/\\\/tupique.com\\\/wp-content\\\/uploads\\\/2026\\\/05\\\/V0103493_000_MKT-v_14.jpg\",\"width\":1200,\"height\":1200,\"caption\":\"V0103493_0\"},{\"@type\":\"BreadcrumbList\",\"@id\":\"https:\\\/\\\/tupique.com\\\/pt\\\/product\\\/mini-barbecue-pliable-portable-pour-charbon-foldecue-innovagoods\\\/#breadcrumb\",\"itemListElement\":[{\"@type\":\"ListItem\",\"position\":1,\"name\":\"commencer\",\"item\":\"https:\\\/\\\/tupique.com\\\/\"},{\"@type\":\"ListItem\",\"position\":2,\"name\":\"Loja\",\"item\":\"https:\\\/\\\/tupique.com\\\/pt\\\/loja\\\/\"},{\"@type\":\"ListItem\",\"position\":3,\"name\":\"Mini-barbecue Pliable Portable pour Charbon Foldecue InnovaGoods\"}]},{\"@type\":\"WebSite\",\"@id\":\"https:\\\/\\\/tupique.com\\\/#website\",\"url\":\"https:\\\/\\\/tupique.com\\\/\",\"name\":\"Tupique\",\"description\":\"\",\"publisher\":{\"@id\":\"https:\\\/\\\/tupique.com\\\/#organization\"},\"potentialAction\":[{\"@type\":\"SearchAction\",\"target\":{\"@type\":\"EntryPoint\",\"urlTemplate\":\"https:\\\/\\\/tupique.com\\\/?s={search_term_string}\"},\"query-input\":{\"@type\":\"PropertyValueSpecification\",\"valueRequired\":true,\"valueName\":\"search_term_string\"}}],\"inLanguage\":\"pt-PT\"},{\"@type\":\"Organization\",\"@id\":\"https:\\\/\\\/tupique.com\\\/#organization\",\"name\":\"Tupique\",\"url\":\"https:\\\/\\\/tupique.com\\\/\",\"logo\":{\"@type\":\"ImageObject\",\"inLanguage\":\"pt-PT\",\"@id\":\"https:\\\/\\\/tupique.com\\\/#\\\/schema\\\/logo\\\/image\\\/\",\"url\":\"https:\\\/\\\/tupique.com\\\/wp-content\\\/uploads\\\/2026\\\/03\\\/logo-tupique-1.webp\",\"contentUrl\":\"https:\\\/\\\/tupique.com\\\/wp-content\\\/uploads\\\/2026\\\/03\\\/logo-tupique-1.webp\",\"width\":500,\"height\":67,\"caption\":\"Tupique\"},\"image\":{\"@id\":\"https:\\\/\\\/tupique.com\\\/#\\\/schema\\\/logo\\\/image\\\/\"}}]}<\/script>\n<!-- \/ Yoast SEO plugin. -->","yoast_head_json":{"title":"Mini-barbecue Pliable Portable pour Charbon Foldecue InnovaGoods | | Tupique","description":"Envie d'acheter Mini-barbecue Pliable Portable pour Charbon Foldecue InnovaGoods\u00a0? Achetez Mini-barbecue Pliable Portable pour Charbon Foldecue InnovaGoods maintenant avec Tupique en 3 versements sans int\u00e9r\u00eat.","robots":{"index":"index","follow":"follow","max-snippet":"max-snippet:-1","max-image-preview":"max-image-preview:large","max-video-preview":"max-video-preview:-1"},"canonical":"https:\/\/tupique.com\/pt\/product\/mini-barbecue-pliable-portable-pour-charbon-foldecue-innovagoods\/","og_locale":"pt_PT","og_type":"article","og_title":"Mini-barbecue Pliable Portable pour Charbon Foldecue InnovaGoods | | Tupique","og_description":"Envie d'acheter Mini-barbecue Pliable Portable pour Charbon Foldecue InnovaGoods\u00a0? Achetez Mini-barbecue Pliable Portable pour Charbon Foldecue InnovaGoods maintenant avec Tupique en 3 versements sans int\u00e9r\u00eat.","og_url":"https:\/\/tupique.com\/pt\/product\/mini-barbecue-pliable-portable-pour-charbon-foldecue-innovagoods\/","og_site_name":"Tupique","article_modified_time":"2026-05-11T19:23:47+00:00","og_image":[{"width":1200,"height":1200,"url":"https:\/\/tupique.com\/wp-content\/uploads\/2026\/05\/V0103493_000_MKT-v_14.jpg","type":"image\/jpeg"}],"twitter_card":"summary_large_image","twitter_misc":{"Tempo estimado de leitura":"2 minutos"},"schema":{"@context":"https:\/\/schema.org","@graph":[{"@type":"WebPage","@id":"https:\/\/tupique.com\/pt\/product\/mini-barbecue-pliable-portable-pour-charbon-foldecue-innovagoods\/","url":"https:\/\/tupique.com\/pt\/product\/mini-barbecue-pliable-portable-pour-charbon-foldecue-innovagoods\/","name":"Mini-barbecue Pliable Portable pour Charbon Foldecue InnovaGoods | | Tupique","isPartOf":{"@id":"https:\/\/tupique.com\/#website"},"primaryImageOfPage":{"@id":"https:\/\/tupique.com\/pt\/product\/mini-barbecue-pliable-portable-pour-charbon-foldecue-innovagoods\/#primaryimage"},"image":{"@id":"https:\/\/tupique.com\/pt\/product\/mini-barbecue-pliable-portable-pour-charbon-foldecue-innovagoods\/#primaryimage"},"thumbnailUrl":"https:\/\/tupique.com\/wp-content\/uploads\/2026\/05\/V0103493_000_MKT-v_14.jpg","datePublished":"2026-05-11T12:56:44+00:00","dateModified":"2026-05-11T19:23:47+00:00","description":"Envie d'acheter Mini-barbecue Pliable Portable pour Charbon Foldecue InnovaGoods\u00a0? Achetez Mini-barbecue Pliable Portable pour Charbon Foldecue InnovaGoods maintenant avec Tupique en 3 versements sans int\u00e9r\u00eat.","breadcrumb":{"@id":"https:\/\/tupique.com\/pt\/product\/mini-barbecue-pliable-portable-pour-charbon-foldecue-innovagoods\/#breadcrumb"},"inLanguage":"pt-PT","potentialAction":[{"@type":"ReadAction","target":["https:\/\/tupique.com\/pt\/product\/mini-barbecue-pliable-portable-pour-charbon-foldecue-innovagoods\/"]}]},{"@type":"ImageObject","inLanguage":"pt-PT","@id":"https:\/\/tupique.com\/pt\/product\/mini-barbecue-pliable-portable-pour-charbon-foldecue-innovagoods\/#primaryimage","url":"https:\/\/tupique.com\/wp-content\/uploads\/2026\/05\/V0103493_000_MKT-v_14.jpg","contentUrl":"https:\/\/tupique.com\/wp-content\/uploads\/2026\/05\/V0103493_000_MKT-v_14.jpg","width":1200,"height":1200,"caption":"V0103493_0"},{"@type":"BreadcrumbList","@id":"https:\/\/tupique.com\/pt\/product\/mini-barbecue-pliable-portable-pour-charbon-foldecue-innovagoods\/#breadcrumb","itemListElement":[{"@type":"ListItem","position":1,"name":"commencer","item":"https:\/\/tupique.com\/"},{"@type":"ListItem","position":2,"name":"Loja","item":"https:\/\/tupique.com\/pt\/loja\/"},{"@type":"ListItem","position":3,"name":"Mini-barbecue Pliable Portable pour Charbon Foldecue InnovaGoods"}]},{"@type":"WebSite","@id":"https:\/\/tupique.com\/#website","url":"https:\/\/tupique.com\/","name":"Tupique","description":"","publisher":{"@id":"https:\/\/tupique.com\/#organization"},"potentialAction":[{"@type":"SearchAction","target":{"@type":"EntryPoint","urlTemplate":"https:\/\/tupique.com\/?s={search_term_string}"},"query-input":{"@type":"PropertyValueSpecification","valueRequired":true,"valueName":"search_term_string"}}],"inLanguage":"pt-PT"},{"@type":"Organization","@id":"https:\/\/tupique.com\/#organization","name":"Tupique","url":"https:\/\/tupique.com\/","logo":{"@type":"ImageObject","inLanguage":"pt-PT","@id":"https:\/\/tupique.com\/#\/schema\/logo\/image\/","url":"https:\/\/tupique.com\/wp-content\/uploads\/2026\/03\/logo-tupique-1.webp","contentUrl":"https:\/\/tupique.com\/wp-content\/uploads\/2026\/03\/logo-tupique-1.webp","width":500,"height":67,"caption":"Tupique"},"image":{"@id":"https:\/\/tupique.com\/#\/schema\/logo\/image\/"}}]}},"_links":{"self":[{"href":"https:\/\/tupique.com\/pt\/wp-json\/wp\/v2\/product\/181964","targetHints":{"allow":["GET"]}}],"collection":[{"href":"https:\/\/tupique.com\/pt\/wp-json\/wp\/v2\/product"}],"about":[{"href":"https:\/\/tupique.com\/pt\/wp-json\/wp\/v2\/types\/product"}],"replies":[{"embeddable":true,"href":"https:\/\/tupique.com\/pt\/wp-json\/wp\/v2\/comments?post=181964"}],"wp:featuredmedia":[{"embeddable":true,"href":"https:\/\/tupique.com\/pt\/wp-json\/wp\/v2\/media\/181956"}],"wp:attachment":[{"href":"https:\/\/tupique.com\/pt\/wp-json\/wp\/v2\/media?parent=181964"}],"wp:term":[{"taxonomy":"product_brand","embeddable":true,"href":"https:\/\/tupique.com\/pt\/wp-json\/wp\/v2\/product_brand?post=181964"},{"taxonomy":"product_cat","embeddable":true,"href":"https:\/\/tupique.com\/pt\/wp-json\/wp\/v2\/product_cat?post=181964"},{"taxonomy":"product_tag","embeddable":true,"href":"https:\/\/tupique.com\/pt\/wp-json\/wp\/v2\/product_tag?post=181964"},{"taxonomy":"woo-feed-brand","embeddable":true,"href":"https:\/\/tupique.com\/pt\/wp-json\/wp\/v2\/woo-feed-brand?post=181964"}],"curies":[{"name":"wp","href":"https:\/\/api.w.org\/{rel}","templated":true}]}}