{"id":182014,"date":"2026-05-11T14:58:13","date_gmt":"2026-05-11T12:58:13","guid":{"rendered":"https:\/\/tupique.com\/product\/collier-a-led-pour-animaux-petlux-innovagoods\/"},"modified":"2026-05-11T21:23:47","modified_gmt":"2026-05-11T19:23:47","slug":"collier-a-led-pour-animaux-petlux-innovagoods","status":"publish","type":"product","link":"https:\/\/tupique.com\/pt\/product\/collier-a-led-pour-animaux-petlux-innovagoods\/","title":{"rendered":"Collier \u00e0 LED pour Animaux Petlux InnovaGoods"},"content":{"rendered":"<div class=\"col-md-6\">Si vous aimez l&#8217;univers des gadgets, <b>InnovaGoods<\/b> vous propose les meilleures et les plus originales nouveaut\u00e9s en mati\u00e8re de maison, voitures, voyages, enfants, technologie, divertissements, etc.! D\u00e9couvrez une vaste gamme de produits de qualit\u00e9 qui se d\u00e9marquent de par leur fonctionnalit\u00e9, leur efficacit\u00e9 et leur design innovant, comme <b>Collier \u00e0 LED pour Animaux Petlux InnovaGoods <\/b>!<\/p>\n<p>Un collier LED id\u00e9al pour les promenades nocturnes, permettant une meilleure visibilit\u00e9 dans l&#8217;obscurit\u00e9 et une localisation rapide et facile des animaux \u00e0 tout moment. Cette veilleuse de s\u00e9curit\u00e9 est de couleur orange et est visible jusqu&#8217;\u00e0 une distance d&#8217;environ 500 m. Elle poss\u00e8de 3 modes d&#8217;\u00e9clairage (lumi\u00e8re fixe, clignotement rapide, clignotement lent) et un seul bouton pour l&#8217;allumer, l&#8217;\u00e9teindre et changer de mode. Ce collier lumineux pour chiens s&#8217;adapte \u00e0 toutes les tailles, car son tube circulaire peut \u00eatre coup\u00e9 \u00e0 la bonne taille pour chaque animal. Pour adapter et ajuster le collier \u00e0 la taille du cou de chaque animal, il suffit de tirer sur l&#8217;un des c\u00f4t\u00e9s du tube jusqu&#8217;\u00e0 ce qu&#8217;il se d\u00e9tache du module de commande et de couper le morceau en trop avec des ciseaux, en refermant le collier sur le cou de l&#8217;animal. Son design moderne, l\u00e9ger et rechargeable le rend tr\u00e8s confortable et facile \u00e0 utiliser. C\u00e2ble de charge DC-USB inclus.<\/p>\n<ul>\n<li>Mat\u00e9riel:\n<ul>\n<li>ABS<\/li>\n<li>TPU<\/li>\n<\/ul>\n<\/li>\n<li>Couleur:\n<ul>\n<li>Gris<\/li>\n<li>Transparent<\/li>\n<\/ul>\n<\/li>\n<li>Design moderne: Novateur et pratique<\/li>\n<li>Tipo:\n<ul>\n<li>\u00c9lectrique<\/li>\n<li>Rechargeable<\/li>\n<li>Sans fil<\/li>\n<\/ul>\n<\/li>\n<li>Collier \u00e0 LED pour animaux: Lumi\u00e8re orange<\/li>\n<li>Lumi\u00e8re LED: x2 (0,5 W)<\/li>\n<li>3 modes d&#8217;\u00e9clairage: Lumi\u00e8re fixe, clignotement rapide, clignotement lent<\/li>\n<li>R\u00e9glable: Couper pour l&#8217;adapter \u00e0 n&#8217;importe quelle taille<\/li>\n<li>Polyvalent et adaptable: Convient aux chiens de toutes tailles<\/li>\n<li>Utilisation principale: Lumi\u00e8re de s\u00e9curit\u00e9<\/li>\n<li>Lumi\u00e8re de nuit: Visibilit\u00e9 accrue<\/li>\n<li>Port\u00e9e approx.: 500 m<\/li>\n<li>Un seul Bouton: On\\off\\changement de mode<\/li>\n<li>Facilit\u00e9 d&#8217;utilisation: Utilisation pratique et simple<\/li>\n<li>L\u00e9ger et maniable: Facile \u00e0 transporter et \u00e0 ranger<\/li>\n<li>Charge USB: Comprend un c\u00e2ble USB \u00e0 micro USB<\/li>\n<li>Batterie: LiPo 160 mAh<\/li>\n<li>DC In: 5 V \/ 500 mA<\/li>\n<li>Dimensions approx.: \u00d82 x 65 cm<\/li>\n<li>Packaging et manuel en 24 langues: anglais, fran\u00e7ais, espagnol, allemand, italien, portugais, n\u00e9erlandais, polonais, hongrois, roumain, danois, su\u00e9dois, finnois, lituanien, norv\u00e9gien, slov\u00e8ne, grec, tch\u00e8que, bulgare, croate, slovaque, estonien, russe, letton<\/li>\n<\/ul>\n<p>Packaging et manuel en 24 langues: anglais, fran\u00e7ais, espagnol, allemand, italien, portugais, n\u00e9erlandais, polonais, hongrois, roumain, danois, su\u00e9dois, finnois, lituanien, norv\u00e9gien, slov\u00e8ne, grec, tch\u00e8que, bulgare, croate, slovaque, estonien, russe, letton.<\/p><\/div>\n<div class=\"col-md-6\">\n<div class=\"embed-responsive embed-responsive-16by9\"><iframe class=\"embed-responsive-item\" src=\"https:\/\/www.youtube.com\/embed\/bfnG9mjYMsU\" frameborder=\"0\" allowfullscreen><\/iframe><\/div>\n<\/div>","protected":false},"excerpt":{"rendered":"<p>Si vous aimez l&#8217;univers des gadgets, InnovaGoods vous propose les meilleures et les plus originales nouveaut\u00e9s en mati\u00e8re de maison, voitures, voyages, enfants, technologie, divertissements, etc.! D\u00e9couvrez une vaste gamme de produits de qualit\u00e9 qui se d\u00e9marquent de par leur fonctionnalit\u00e9, leur efficacit\u00e9 et leur design innovant, comme Collier \u00e0 LED pour Animaux Petlux InnovaGoods [&hellip;]<\/p>\n","protected":false},"featured_media":182001,"comment_status":"open","ping_status":"closed","template":"","meta":[],"product_brand":[256],"product_cat":[621,1869,63,2255,239,1796,1878],"product_tag":[567],"class_list":{"0":"post-182014","1":"product","2":"type-product","3":"status-publish","4":"has-post-thumbnail","6":"product_brand-brandp_1281","7":"product_cat-animaux-de-compagnie","8":"product_cat-bien-plus-encore-sur-teleachat","9":"product_cat-cadeaux-originaux","10":"product_cat-gadgets-originaux","11":"product_cat-maison-jardin","12":"product_cat-teleachat-vu-a-la-television","13":"product_cat-voyages-et-promenades","14":"product_tag-tag_556","16":"first","17":"instock","18":"taxable","19":"shipping-taxable","20":"purchasable","21":"product-type-simple"},"yoast_head":"<!-- This site is optimized with the Yoast SEO plugin v27.5 - https:\/\/yoast.com\/product\/yoast-seo-wordpress\/ -->\n<title>Collier \u00e0 LED pour Animaux Petlux InnovaGoods - Tupique<\/title>\n<meta name=\"robots\" content=\"index, follow, max-snippet:-1, max-image-preview:large, max-video-preview:-1\" \/>\n<link rel=\"canonical\" href=\"https:\/\/tupique.com\/pt\/product\/collier-a-led-pour-animaux-petlux-innovagoods\/\" \/>\n<meta property=\"og:locale\" content=\"pt_PT\" \/>\n<meta property=\"og:type\" content=\"article\" \/>\n<meta property=\"og:title\" content=\"Collier \u00e0 LED pour Animaux Petlux InnovaGoods - Tupique\" \/>\n<meta property=\"og:description\" content=\"Si vous aimez l&#8217;univers des gadgets, InnovaGoods vous propose les meilleures et les plus originales nouveaut\u00e9s en mati\u00e8re de maison, voitures, voyages, enfants, technologie, divertissements, etc.! D\u00e9couvrez une vaste gamme de produits de qualit\u00e9 qui se d\u00e9marquent de par leur fonctionnalit\u00e9, leur efficacit\u00e9 et leur design innovant, comme Collier \u00e0 LED pour Animaux Petlux InnovaGoods [&hellip;]\" \/>\n<meta property=\"og:url\" content=\"https:\/\/tupique.com\/pt\/product\/collier-a-led-pour-animaux-petlux-innovagoods\/\" \/>\n<meta property=\"og:site_name\" content=\"Tupique\" \/>\n<meta property=\"article:modified_time\" content=\"2026-05-11T19:23:47+00:00\" \/>\n<meta property=\"og:image\" content=\"https:\/\/tupique.com\/wp-content\/uploads\/2026\/05\/V0103458_000_MKT-v_12.jpg\" \/>\n\t<meta property=\"og:image:width\" content=\"1200\" \/>\n\t<meta property=\"og:image:height\" content=\"1200\" \/>\n\t<meta property=\"og:image:type\" content=\"image\/jpeg\" \/>\n<meta name=\"twitter:card\" content=\"summary_large_image\" \/>\n<meta name=\"twitter:label1\" content=\"Tempo estimado de leitura\" \/>\n\t<meta name=\"twitter:data1\" content=\"2 minutos\" \/>\n<script type=\"application\/ld+json\" class=\"yoast-schema-graph\">{\"@context\":\"https:\\\/\\\/schema.org\",\"@graph\":[{\"@type\":\"WebPage\",\"@id\":\"https:\\\/\\\/tupique.com\\\/product\\\/collier-a-led-pour-animaux-petlux-innovagoods\\\/\",\"url\":\"https:\\\/\\\/tupique.com\\\/product\\\/collier-a-led-pour-animaux-petlux-innovagoods\\\/\",\"name\":\"Collier \u00e0 LED pour Animaux Petlux InnovaGoods - Tupique\",\"isPartOf\":{\"@id\":\"https:\\\/\\\/tupique.com\\\/#website\"},\"primaryImageOfPage\":{\"@id\":\"https:\\\/\\\/tupique.com\\\/product\\\/collier-a-led-pour-animaux-petlux-innovagoods\\\/#primaryimage\"},\"image\":{\"@id\":\"https:\\\/\\\/tupique.com\\\/product\\\/collier-a-led-pour-animaux-petlux-innovagoods\\\/#primaryimage\"},\"thumbnailUrl\":\"https:\\\/\\\/tupique.com\\\/wp-content\\\/uploads\\\/2026\\\/05\\\/V0103458_000_MKT-v_12.jpg\",\"datePublished\":\"2026-05-11T12:58:13+00:00\",\"dateModified\":\"2026-05-11T19:23:47+00:00\",\"breadcrumb\":{\"@id\":\"https:\\\/\\\/tupique.com\\\/product\\\/collier-a-led-pour-animaux-petlux-innovagoods\\\/#breadcrumb\"},\"inLanguage\":\"pt-PT\",\"potentialAction\":[{\"@type\":\"ReadAction\",\"target\":[\"https:\\\/\\\/tupique.com\\\/product\\\/collier-a-led-pour-animaux-petlux-innovagoods\\\/\"]}]},{\"@type\":\"ImageObject\",\"inLanguage\":\"pt-PT\",\"@id\":\"https:\\\/\\\/tupique.com\\\/product\\\/collier-a-led-pour-animaux-petlux-innovagoods\\\/#primaryimage\",\"url\":\"https:\\\/\\\/tupique.com\\\/wp-content\\\/uploads\\\/2026\\\/05\\\/V0103458_000_MKT-v_12.jpg\",\"contentUrl\":\"https:\\\/\\\/tupique.com\\\/wp-content\\\/uploads\\\/2026\\\/05\\\/V0103458_000_MKT-v_12.jpg\",\"width\":1200,\"height\":1200,\"caption\":\"V0103458_0\"},{\"@type\":\"BreadcrumbList\",\"@id\":\"https:\\\/\\\/tupique.com\\\/product\\\/collier-a-led-pour-animaux-petlux-innovagoods\\\/#breadcrumb\",\"itemListElement\":[{\"@type\":\"ListItem\",\"position\":1,\"name\":\"commencer\",\"item\":\"https:\\\/\\\/tupique.com\\\/\"},{\"@type\":\"ListItem\",\"position\":2,\"name\":\"Loja\",\"item\":\"https:\\\/\\\/tupique.com\\\/loja\\\/\"},{\"@type\":\"ListItem\",\"position\":3,\"name\":\"Collier \u00e0 LED pour Animaux Petlux InnovaGoods\"}]},{\"@type\":\"WebSite\",\"@id\":\"https:\\\/\\\/tupique.com\\\/#website\",\"url\":\"https:\\\/\\\/tupique.com\\\/\",\"name\":\"Tupique\",\"description\":\"\",\"publisher\":{\"@id\":\"https:\\\/\\\/tupique.com\\\/#organization\"},\"potentialAction\":[{\"@type\":\"SearchAction\",\"target\":{\"@type\":\"EntryPoint\",\"urlTemplate\":\"https:\\\/\\\/tupique.com\\\/?s={search_term_string}\"},\"query-input\":{\"@type\":\"PropertyValueSpecification\",\"valueRequired\":true,\"valueName\":\"search_term_string\"}}],\"inLanguage\":\"pt-PT\"},{\"@type\":\"Organization\",\"@id\":\"https:\\\/\\\/tupique.com\\\/#organization\",\"name\":\"Tupique\",\"url\":\"https:\\\/\\\/tupique.com\\\/\",\"logo\":{\"@type\":\"ImageObject\",\"inLanguage\":\"pt-PT\",\"@id\":\"https:\\\/\\\/tupique.com\\\/#\\\/schema\\\/logo\\\/image\\\/\",\"url\":\"https:\\\/\\\/tupique.com\\\/wp-content\\\/uploads\\\/2026\\\/03\\\/logo-tupique-1.webp\",\"contentUrl\":\"https:\\\/\\\/tupique.com\\\/wp-content\\\/uploads\\\/2026\\\/03\\\/logo-tupique-1.webp\",\"width\":500,\"height\":67,\"caption\":\"Tupique\"},\"image\":{\"@id\":\"https:\\\/\\\/tupique.com\\\/#\\\/schema\\\/logo\\\/image\\\/\"}}]}<\/script>\n<!-- \/ Yoast SEO plugin. -->","yoast_head_json":{"title":"Collier \u00e0 LED pour Animaux Petlux InnovaGoods - Tupique","robots":{"index":"index","follow":"follow","max-snippet":"max-snippet:-1","max-image-preview":"max-image-preview:large","max-video-preview":"max-video-preview:-1"},"canonical":"https:\/\/tupique.com\/pt\/product\/collier-a-led-pour-animaux-petlux-innovagoods\/","og_locale":"pt_PT","og_type":"article","og_title":"Collier \u00e0 LED pour Animaux Petlux InnovaGoods - Tupique","og_description":"Si vous aimez l&#8217;univers des gadgets, InnovaGoods vous propose les meilleures et les plus originales nouveaut\u00e9s en mati\u00e8re de maison, voitures, voyages, enfants, technologie, divertissements, etc.! D\u00e9couvrez une vaste gamme de produits de qualit\u00e9 qui se d\u00e9marquent de par leur fonctionnalit\u00e9, leur efficacit\u00e9 et leur design innovant, comme Collier \u00e0 LED pour Animaux Petlux InnovaGoods [&hellip;]","og_url":"https:\/\/tupique.com\/pt\/product\/collier-a-led-pour-animaux-petlux-innovagoods\/","og_site_name":"Tupique","article_modified_time":"2026-05-11T19:23:47+00:00","og_image":[{"width":1200,"height":1200,"url":"https:\/\/tupique.com\/wp-content\/uploads\/2026\/05\/V0103458_000_MKT-v_12.jpg","type":"image\/jpeg"}],"twitter_card":"summary_large_image","twitter_misc":{"Tempo estimado de leitura":"2 minutos"},"schema":{"@context":"https:\/\/schema.org","@graph":[{"@type":"WebPage","@id":"https:\/\/tupique.com\/product\/collier-a-led-pour-animaux-petlux-innovagoods\/","url":"https:\/\/tupique.com\/product\/collier-a-led-pour-animaux-petlux-innovagoods\/","name":"Collier \u00e0 LED pour Animaux Petlux InnovaGoods - Tupique","isPartOf":{"@id":"https:\/\/tupique.com\/#website"},"primaryImageOfPage":{"@id":"https:\/\/tupique.com\/product\/collier-a-led-pour-animaux-petlux-innovagoods\/#primaryimage"},"image":{"@id":"https:\/\/tupique.com\/product\/collier-a-led-pour-animaux-petlux-innovagoods\/#primaryimage"},"thumbnailUrl":"https:\/\/tupique.com\/wp-content\/uploads\/2026\/05\/V0103458_000_MKT-v_12.jpg","datePublished":"2026-05-11T12:58:13+00:00","dateModified":"2026-05-11T19:23:47+00:00","breadcrumb":{"@id":"https:\/\/tupique.com\/product\/collier-a-led-pour-animaux-petlux-innovagoods\/#breadcrumb"},"inLanguage":"pt-PT","potentialAction":[{"@type":"ReadAction","target":["https:\/\/tupique.com\/product\/collier-a-led-pour-animaux-petlux-innovagoods\/"]}]},{"@type":"ImageObject","inLanguage":"pt-PT","@id":"https:\/\/tupique.com\/product\/collier-a-led-pour-animaux-petlux-innovagoods\/#primaryimage","url":"https:\/\/tupique.com\/wp-content\/uploads\/2026\/05\/V0103458_000_MKT-v_12.jpg","contentUrl":"https:\/\/tupique.com\/wp-content\/uploads\/2026\/05\/V0103458_000_MKT-v_12.jpg","width":1200,"height":1200,"caption":"V0103458_0"},{"@type":"BreadcrumbList","@id":"https:\/\/tupique.com\/product\/collier-a-led-pour-animaux-petlux-innovagoods\/#breadcrumb","itemListElement":[{"@type":"ListItem","position":1,"name":"commencer","item":"https:\/\/tupique.com\/"},{"@type":"ListItem","position":2,"name":"Loja","item":"https:\/\/tupique.com\/loja\/"},{"@type":"ListItem","position":3,"name":"Collier \u00e0 LED pour Animaux Petlux InnovaGoods"}]},{"@type":"WebSite","@id":"https:\/\/tupique.com\/#website","url":"https:\/\/tupique.com\/","name":"Tupique","description":"","publisher":{"@id":"https:\/\/tupique.com\/#organization"},"potentialAction":[{"@type":"SearchAction","target":{"@type":"EntryPoint","urlTemplate":"https:\/\/tupique.com\/?s={search_term_string}"},"query-input":{"@type":"PropertyValueSpecification","valueRequired":true,"valueName":"search_term_string"}}],"inLanguage":"pt-PT"},{"@type":"Organization","@id":"https:\/\/tupique.com\/#organization","name":"Tupique","url":"https:\/\/tupique.com\/","logo":{"@type":"ImageObject","inLanguage":"pt-PT","@id":"https:\/\/tupique.com\/#\/schema\/logo\/image\/","url":"https:\/\/tupique.com\/wp-content\/uploads\/2026\/03\/logo-tupique-1.webp","contentUrl":"https:\/\/tupique.com\/wp-content\/uploads\/2026\/03\/logo-tupique-1.webp","width":500,"height":67,"caption":"Tupique"},"image":{"@id":"https:\/\/tupique.com\/#\/schema\/logo\/image\/"}}]}},"_links":{"self":[{"href":"https:\/\/tupique.com\/pt\/wp-json\/wp\/v2\/product\/182014","targetHints":{"allow":["GET"]}}],"collection":[{"href":"https:\/\/tupique.com\/pt\/wp-json\/wp\/v2\/product"}],"about":[{"href":"https:\/\/tupique.com\/pt\/wp-json\/wp\/v2\/types\/product"}],"replies":[{"embeddable":true,"href":"https:\/\/tupique.com\/pt\/wp-json\/wp\/v2\/comments?post=182014"}],"wp:featuredmedia":[{"embeddable":true,"href":"https:\/\/tupique.com\/pt\/wp-json\/wp\/v2\/media\/182001"}],"wp:attachment":[{"href":"https:\/\/tupique.com\/pt\/wp-json\/wp\/v2\/media?parent=182014"}],"wp:term":[{"taxonomy":"product_brand","embeddable":true,"href":"https:\/\/tupique.com\/pt\/wp-json\/wp\/v2\/product_brand?post=182014"},{"taxonomy":"product_cat","embeddable":true,"href":"https:\/\/tupique.com\/pt\/wp-json\/wp\/v2\/product_cat?post=182014"},{"taxonomy":"product_tag","embeddable":true,"href":"https:\/\/tupique.com\/pt\/wp-json\/wp\/v2\/product_tag?post=182014"}],"curies":[{"name":"wp","href":"https:\/\/api.w.org\/{rel}","templated":true}]}}