{"id":182108,"date":"2026-05-11T15:11:26","date_gmt":"2026-05-11T13:11:26","guid":{"rendered":"https:\/\/tupique.com\/product\/lisseur-a-cheveux-remington\/"},"modified":"2026-05-11T21:20:44","modified_gmt":"2026-05-11T19:20:44","slug":"lisseur-a-cheveux-remington","status":"publish","type":"product","link":"https:\/\/tupique.com\/pt\/product\/lisseur-a-cheveux-remington\/","title":{"rendered":"Lisseur \u00e0 cheveux Remington"},"content":{"rendered":"<p>Vous voulez rehausser votre beaut&eacute; ou changer de look ? <b>Lisseur \u00e0 cheveux Remington<\/b> est ce qu&#8217;il vous faut ! Profitez d&egrave;s maintenant de nos <b>produits Remington<\/b>&nbsp;et de tous nos autres <b>accessoires de coiffure de marque 100 % authentiques<\/b>&nbsp;!<\/p>\n<p>A <b>lisseur Remington S8590<\/b> est un appareil con\u00e7u pour offrir un lissage efficace tout en prenant soin des cheveux, alliant fonctionnalit\u00e9 et technologie accessible. Il dispose d\u2019une <b>temp\u00e9rature maximale de 230 \u00baC<\/b>, adapt\u00e9e pour atteindre la chaleur n\u00e9cessaire \u00e0 la coiffure de diff\u00e9rents types de cheveux sans compromettre leur int\u00e9grit\u00e9. Sa construction en <b>plastique r\u00e9sistant<\/b> assure un \u00e9quilibre id\u00e9al entre l\u00e9g\u00e8ret\u00e9 et durabilit\u00e9, facilitant sa manipulation pendant le coiffage. Le design int\u00e8gre un <b>interrupteur marche\/arr\u00eat<\/b> pour une utilisation simple, ainsi qu\u2019une fonction <b>d\u2019arr\u00eat automatique<\/b> pour plus de s\u00e9curit\u00e9, \u00e9vitant les risques en cas d\u2019oubli. Esth\u00e9tiquement, le lisseur pr\u00e9sente une finition en tons <b>beige et bronze<\/b>, offrant un aspect moderne et neutre qui s\u2019adapte \u00e0 tout environnement. Aliment\u00e9 par un <b>c\u00e2ble \u00e9lectrique<\/b>, il garantit un apport constant d\u2019\u00e9nergie durant la s\u00e9ance, sans souci d\u2019autonomie. Ce mod\u00e8le Remington fait partie de la gamme Keratin Therapy, ax\u00e9e sur le soin capillaire pendant le lissage, prot\u00e9geant les fibres gr\u00e2ce \u00e0 un contr\u00f4le pr\u00e9cis de la temp\u00e9rature et des mat\u00e9riaux favorisant un contact \u00e9quilibr\u00e9 avec le cheveu. En r\u00e9sum\u00e9, le lisseur Remington S8590 est con\u00e7u pour ceux qui recherchent un \u00e9quilibre entre performance et s\u00e9curit\u00e9 dans un appareil simple et fonctionnel.<\/p>\n<ul>\n<li>Caracter\u00edsticas:\n<ul>\n<li>Arr\u00eat Automatique<\/li>\n<li>R\u00e9sistants \u00e0 la chaleur<\/li>\n<\/ul>\n<\/li>\n<li>Tension: Universel<\/li>\n<\/ul>","protected":false},"excerpt":{"rendered":"<p>Vous voulez rehausser votre beaut&eacute; ou changer de look ? Lisseur \u00e0 cheveux Remington est ce qu&#8217;il vous faut ! Profitez d&egrave;s maintenant de nos produits Remington&nbsp;et de tous nos autres accessoires de coiffure de marque 100 % authentiques&nbsp;! La lisseur Remington S8590 est un appareil con\u00e7u pour offrir un lissage efficace tout en prenant [&hellip;]<\/p>\n","protected":false},"featured_media":182107,"comment_status":"open","ping_status":"closed","template":"","meta":[],"product_brand":[1741],"product_cat":[753,754,752],"product_tag":[722,56],"woo-feed-brand":[],"class_list":{"0":"post-182108","1":"product","2":"type-product","3":"status-publish","4":"has-post-thumbnail","6":"product_brand-brandp_2875","7":"product_cat-coiffure","8":"product_cat-lisseurs-pour-cheveux","9":"product_cat-sante-beaute","10":"product_tag-tag_923","11":"product_tag-tag_930","13":"first","14":"instock","15":"taxable","16":"shipping-taxable","17":"purchasable","18":"product-type-simple"},"yoast_head":"<!-- This site is optimized with the Yoast SEO plugin v27.6 - https:\/\/yoast.com\/product\/yoast-seo-wordpress\/ -->\n<title>Lisseur \u00e0 cheveux Remington | | Tupique<\/title>\n<meta name=\"description\" content=\"Envie d&#039;acheter Lisseur \u00e0 cheveux Remington\u00a0? Achetez Lisseur \u00e0 cheveux Remington maintenant avec Tupique en 3 versements sans int\u00e9r\u00eat.\" \/>\n<meta name=\"robots\" content=\"index, follow, max-snippet:-1, max-image-preview:large, max-video-preview:-1\" \/>\n<link rel=\"canonical\" href=\"https:\/\/tupique.com\/pt\/product\/lisseur-a-cheveux-remington\/\" \/>\n<meta property=\"og:locale\" content=\"pt_PT\" \/>\n<meta property=\"og:type\" content=\"article\" \/>\n<meta property=\"og:title\" content=\"Lisseur \u00e0 cheveux Remington | | Tupique\" \/>\n<meta property=\"og:description\" content=\"Envie d&#039;acheter Lisseur \u00e0 cheveux Remington\u00a0? Achetez Lisseur \u00e0 cheveux Remington maintenant avec Tupique en 3 versements sans int\u00e9r\u00eat.\" \/>\n<meta property=\"og:url\" content=\"https:\/\/tupique.com\/pt\/product\/lisseur-a-cheveux-remington\/\" \/>\n<meta property=\"og:site_name\" content=\"Tupique\" \/>\n<meta property=\"article:modified_time\" content=\"2026-05-11T19:20:44+00:00\" \/>\n<meta property=\"og:image\" content=\"https:\/\/tupique.com\/wp-content\/uploads\/2026\/05\/4008496759149_S6502142_P0_WBG4.jpg\" \/>\n\t<meta property=\"og:image:width\" content=\"1200\" \/>\n\t<meta property=\"og:image:height\" content=\"1200\" \/>\n\t<meta property=\"og:image:type\" content=\"image\/jpeg\" \/>\n<meta name=\"twitter:card\" content=\"summary_large_image\" \/>\n<meta name=\"twitter:label1\" content=\"Tempo estimado de leitura\" \/>\n\t<meta name=\"twitter:data1\" content=\"1 minuto\" \/>\n<script type=\"application\/ld+json\" class=\"yoast-schema-graph\">{\"@context\":\"https:\\\/\\\/schema.org\",\"@graph\":[{\"@type\":\"WebPage\",\"@id\":\"https:\\\/\\\/tupique.com\\\/product\\\/lisseur-a-cheveux-remington\\\/\",\"url\":\"https:\\\/\\\/tupique.com\\\/product\\\/lisseur-a-cheveux-remington\\\/\",\"name\":\"Lisseur \u00e0 cheveux Remington | | Tupique\",\"isPartOf\":{\"@id\":\"https:\\\/\\\/tupique.com\\\/#website\"},\"primaryImageOfPage\":{\"@id\":\"https:\\\/\\\/tupique.com\\\/product\\\/lisseur-a-cheveux-remington\\\/#primaryimage\"},\"image\":{\"@id\":\"https:\\\/\\\/tupique.com\\\/product\\\/lisseur-a-cheveux-remington\\\/#primaryimage\"},\"thumbnailUrl\":\"https:\\\/\\\/tupique.com\\\/wp-content\\\/uploads\\\/2026\\\/05\\\/4008496759149_S6502142_P0_WBG4.jpg\",\"datePublished\":\"2026-05-11T13:11:26+00:00\",\"dateModified\":\"2026-05-11T19:20:44+00:00\",\"description\":\"Envie d'acheter Lisseur \u00e0 cheveux Remington\u00a0? Achetez Lisseur \u00e0 cheveux Remington maintenant avec Tupique en 3 versements sans int\u00e9r\u00eat.\",\"breadcrumb\":{\"@id\":\"https:\\\/\\\/tupique.com\\\/product\\\/lisseur-a-cheveux-remington\\\/#breadcrumb\"},\"inLanguage\":\"pt-PT\",\"potentialAction\":[{\"@type\":\"ReadAction\",\"target\":[\"https:\\\/\\\/tupique.com\\\/product\\\/lisseur-a-cheveux-remington\\\/\"]}]},{\"@type\":\"ImageObject\",\"inLanguage\":\"pt-PT\",\"@id\":\"https:\\\/\\\/tupique.com\\\/product\\\/lisseur-a-cheveux-remington\\\/#primaryimage\",\"url\":\"https:\\\/\\\/tupique.com\\\/wp-content\\\/uploads\\\/2026\\\/05\\\/4008496759149_S6502142_P0_WBG4.jpg\",\"contentUrl\":\"https:\\\/\\\/tupique.com\\\/wp-content\\\/uploads\\\/2026\\\/05\\\/4008496759149_S6502142_P0_WBG4.jpg\",\"width\":1200,\"height\":1200,\"caption\":\"S6502142_0\"},{\"@type\":\"BreadcrumbList\",\"@id\":\"https:\\\/\\\/tupique.com\\\/product\\\/lisseur-a-cheveux-remington\\\/#breadcrumb\",\"itemListElement\":[{\"@type\":\"ListItem\",\"position\":1,\"name\":\"commencer\",\"item\":\"https:\\\/\\\/tupique.com\\\/\"},{\"@type\":\"ListItem\",\"position\":2,\"name\":\"Loja\",\"item\":\"https:\\\/\\\/tupique.com\\\/pt\\\/loja\\\/\"},{\"@type\":\"ListItem\",\"position\":3,\"name\":\"Lisseur \u00e0 cheveux Remington\"}]},{\"@type\":\"WebSite\",\"@id\":\"https:\\\/\\\/tupique.com\\\/#website\",\"url\":\"https:\\\/\\\/tupique.com\\\/\",\"name\":\"Tupique\",\"description\":\"\",\"publisher\":{\"@id\":\"https:\\\/\\\/tupique.com\\\/#organization\"},\"potentialAction\":[{\"@type\":\"SearchAction\",\"target\":{\"@type\":\"EntryPoint\",\"urlTemplate\":\"https:\\\/\\\/tupique.com\\\/?s={search_term_string}\"},\"query-input\":{\"@type\":\"PropertyValueSpecification\",\"valueRequired\":true,\"valueName\":\"search_term_string\"}}],\"inLanguage\":\"pt-PT\"},{\"@type\":\"Organization\",\"@id\":\"https:\\\/\\\/tupique.com\\\/#organization\",\"name\":\"Tupique\",\"url\":\"https:\\\/\\\/tupique.com\\\/\",\"logo\":{\"@type\":\"ImageObject\",\"inLanguage\":\"pt-PT\",\"@id\":\"https:\\\/\\\/tupique.com\\\/#\\\/schema\\\/logo\\\/image\\\/\",\"url\":\"https:\\\/\\\/tupique.com\\\/wp-content\\\/uploads\\\/2026\\\/03\\\/logo-tupique-1.webp\",\"contentUrl\":\"https:\\\/\\\/tupique.com\\\/wp-content\\\/uploads\\\/2026\\\/03\\\/logo-tupique-1.webp\",\"width\":500,\"height\":67,\"caption\":\"Tupique\"},\"image\":{\"@id\":\"https:\\\/\\\/tupique.com\\\/#\\\/schema\\\/logo\\\/image\\\/\"}}]}<\/script>\n<!-- \/ Yoast SEO plugin. -->","yoast_head_json":{"title":"Lisseur \u00e0 cheveux Remington | | Tupique","description":"Envie d'acheter Lisseur \u00e0 cheveux Remington\u00a0? Achetez Lisseur \u00e0 cheveux Remington maintenant avec Tupique en 3 versements sans int\u00e9r\u00eat.","robots":{"index":"index","follow":"follow","max-snippet":"max-snippet:-1","max-image-preview":"max-image-preview:large","max-video-preview":"max-video-preview:-1"},"canonical":"https:\/\/tupique.com\/pt\/product\/lisseur-a-cheveux-remington\/","og_locale":"pt_PT","og_type":"article","og_title":"Lisseur \u00e0 cheveux Remington | | Tupique","og_description":"Envie d'acheter Lisseur \u00e0 cheveux Remington\u00a0? Achetez Lisseur \u00e0 cheveux Remington maintenant avec Tupique en 3 versements sans int\u00e9r\u00eat.","og_url":"https:\/\/tupique.com\/pt\/product\/lisseur-a-cheveux-remington\/","og_site_name":"Tupique","article_modified_time":"2026-05-11T19:20:44+00:00","og_image":[{"width":1200,"height":1200,"url":"https:\/\/tupique.com\/wp-content\/uploads\/2026\/05\/4008496759149_S6502142_P0_WBG4.jpg","type":"image\/jpeg"}],"twitter_card":"summary_large_image","twitter_misc":{"Tempo estimado de leitura":"1 minuto"},"schema":{"@context":"https:\/\/schema.org","@graph":[{"@type":"WebPage","@id":"https:\/\/tupique.com\/product\/lisseur-a-cheveux-remington\/","url":"https:\/\/tupique.com\/product\/lisseur-a-cheveux-remington\/","name":"Lisseur \u00e0 cheveux Remington | | Tupique","isPartOf":{"@id":"https:\/\/tupique.com\/#website"},"primaryImageOfPage":{"@id":"https:\/\/tupique.com\/product\/lisseur-a-cheveux-remington\/#primaryimage"},"image":{"@id":"https:\/\/tupique.com\/product\/lisseur-a-cheveux-remington\/#primaryimage"},"thumbnailUrl":"https:\/\/tupique.com\/wp-content\/uploads\/2026\/05\/4008496759149_S6502142_P0_WBG4.jpg","datePublished":"2026-05-11T13:11:26+00:00","dateModified":"2026-05-11T19:20:44+00:00","description":"Envie d'acheter Lisseur \u00e0 cheveux Remington\u00a0? Achetez Lisseur \u00e0 cheveux Remington maintenant avec Tupique en 3 versements sans int\u00e9r\u00eat.","breadcrumb":{"@id":"https:\/\/tupique.com\/product\/lisseur-a-cheveux-remington\/#breadcrumb"},"inLanguage":"pt-PT","potentialAction":[{"@type":"ReadAction","target":["https:\/\/tupique.com\/product\/lisseur-a-cheveux-remington\/"]}]},{"@type":"ImageObject","inLanguage":"pt-PT","@id":"https:\/\/tupique.com\/product\/lisseur-a-cheveux-remington\/#primaryimage","url":"https:\/\/tupique.com\/wp-content\/uploads\/2026\/05\/4008496759149_S6502142_P0_WBG4.jpg","contentUrl":"https:\/\/tupique.com\/wp-content\/uploads\/2026\/05\/4008496759149_S6502142_P0_WBG4.jpg","width":1200,"height":1200,"caption":"S6502142_0"},{"@type":"BreadcrumbList","@id":"https:\/\/tupique.com\/product\/lisseur-a-cheveux-remington\/#breadcrumb","itemListElement":[{"@type":"ListItem","position":1,"name":"commencer","item":"https:\/\/tupique.com\/"},{"@type":"ListItem","position":2,"name":"Loja","item":"https:\/\/tupique.com\/pt\/loja\/"},{"@type":"ListItem","position":3,"name":"Lisseur \u00e0 cheveux Remington"}]},{"@type":"WebSite","@id":"https:\/\/tupique.com\/#website","url":"https:\/\/tupique.com\/","name":"Tupique","description":"","publisher":{"@id":"https:\/\/tupique.com\/#organization"},"potentialAction":[{"@type":"SearchAction","target":{"@type":"EntryPoint","urlTemplate":"https:\/\/tupique.com\/?s={search_term_string}"},"query-input":{"@type":"PropertyValueSpecification","valueRequired":true,"valueName":"search_term_string"}}],"inLanguage":"pt-PT"},{"@type":"Organization","@id":"https:\/\/tupique.com\/#organization","name":"Tupique","url":"https:\/\/tupique.com\/","logo":{"@type":"ImageObject","inLanguage":"pt-PT","@id":"https:\/\/tupique.com\/#\/schema\/logo\/image\/","url":"https:\/\/tupique.com\/wp-content\/uploads\/2026\/03\/logo-tupique-1.webp","contentUrl":"https:\/\/tupique.com\/wp-content\/uploads\/2026\/03\/logo-tupique-1.webp","width":500,"height":67,"caption":"Tupique"},"image":{"@id":"https:\/\/tupique.com\/#\/schema\/logo\/image\/"}}]}},"_links":{"self":[{"href":"https:\/\/tupique.com\/pt\/wp-json\/wp\/v2\/product\/182108","targetHints":{"allow":["GET"]}}],"collection":[{"href":"https:\/\/tupique.com\/pt\/wp-json\/wp\/v2\/product"}],"about":[{"href":"https:\/\/tupique.com\/pt\/wp-json\/wp\/v2\/types\/product"}],"replies":[{"embeddable":true,"href":"https:\/\/tupique.com\/pt\/wp-json\/wp\/v2\/comments?post=182108"}],"wp:featuredmedia":[{"embeddable":true,"href":"https:\/\/tupique.com\/pt\/wp-json\/wp\/v2\/media\/182107"}],"wp:attachment":[{"href":"https:\/\/tupique.com\/pt\/wp-json\/wp\/v2\/media?parent=182108"}],"wp:term":[{"taxonomy":"product_brand","embeddable":true,"href":"https:\/\/tupique.com\/pt\/wp-json\/wp\/v2\/product_brand?post=182108"},{"taxonomy":"product_cat","embeddable":true,"href":"https:\/\/tupique.com\/pt\/wp-json\/wp\/v2\/product_cat?post=182108"},{"taxonomy":"product_tag","embeddable":true,"href":"https:\/\/tupique.com\/pt\/wp-json\/wp\/v2\/product_tag?post=182108"},{"taxonomy":"woo-feed-brand","embeddable":true,"href":"https:\/\/tupique.com\/pt\/wp-json\/wp\/v2\/woo-feed-brand?post=182108"}],"curies":[{"name":"wp","href":"https:\/\/api.w.org\/{rel}","templated":true}]}}