{"id":182261,"date":"2026-05-11T15:24:24","date_gmt":"2026-05-11T13:24:24","guid":{"rendered":"https:\/\/tupique.com\/product\/set-de-basket-dkd-home-decor-gris-naturel-herbier-marin-3-pieces\/"},"modified":"2026-05-11T21:17:45","modified_gmt":"2026-05-11T19:17:45","slug":"set-de-basket-dkd-home-decor-gris-naturel-herbier-marin-3-pieces","status":"publish","type":"product","link":"https:\/\/tupique.com\/pt\/product\/set-de-basket-dkd-home-decor-gris-naturel-herbier-marin-3-pieces\/","title":{"rendered":"Set de basket DKD Home Decor Gris Naturel Herbier marin (3 Pi\u00e8ces)"},"content":{"rendered":"<p>Si vous aimez prendre soin de chaque d\u00e9tail de votre maison et d&#8217;\u00eatre \u00e0 la derni\u00e8re mode en mati\u00e8re de produits qui vous rendront la vie plus facile, achetez <b>Set de basket DKD Home Decor Gris Naturel Herbier marin (3 Pi\u00e8ces)<\/b> au meilleur prix.<\/p>\n<ul>\n<li>Type: Set de basket<\/li>\n<li>Couleur:\n<ul>\n<li>Gris<\/li>\n<li>Naturel<\/li>\n<\/ul>\n<\/li>\n<li>Mati\u00e8re: Herbier marin<\/li>\n<li>Design: Boho<\/li>\n<li>Nombre de pi\u00e8ces: 3 Pi\u00e8ces<\/li>\n<li>Dimensions approx.: 43 x 43 x 39 cm<\/li>\n<li>Pays \/ r\u00e9gion de fabrication: Espagne<\/li>\n<\/ul>","protected":false},"excerpt":{"rendered":"<p>Si vous aimez prendre soin de chaque d\u00e9tail de votre maison et d&#8217;\u00eatre \u00e0 la derni\u00e8re mode en mati\u00e8re de produits qui vous rendront la vie plus facile, achetez Set de basket DKD Home Decor Gris Naturel Herbier marin (3 Pi\u00e8ces) au meilleur prix. Type: Set de basket Couleur: Gris Naturel Mati\u00e8re: Herbier marin Design: [&hellip;]<\/p>\n","protected":false},"featured_media":182259,"comment_status":"open","ping_status":"closed","template":"","meta":[],"product_brand":[263],"product_cat":[239,242],"product_tag":[2248],"woo-feed-brand":[],"class_list":{"0":"post-182261","1":"product","2":"type-product","3":"status-publish","4":"has-post-thumbnail","6":"product_brand-brandp_3770","7":"product_cat-maison-jardin","8":"product_cat-organiseurs","9":"product_tag-tag_52","11":"first","12":"instock","13":"taxable","14":"shipping-taxable","15":"purchasable","16":"product-type-simple"},"yoast_head":"<!-- This site is optimized with the Yoast SEO plugin v27.6 - https:\/\/yoast.com\/product\/yoast-seo-wordpress\/ -->\n<title>Set de basket DKD Home Decor Gris Naturel Herbier marin (3 Pi\u00e8ces) | | Tupique<\/title>\n<meta name=\"description\" content=\"Envie d&#039;acheter Set de basket DKD Home Decor Gris Naturel Herbier marin (3 Pi\u00e8ces)\u00a0? Achetez Set de basket DKD Home Decor Gris Naturel Herbier marin (3 Pi\u00e8ces) maintenant avec Tupique en 3 versements sans int\u00e9r\u00eat.\" \/>\n<meta name=\"robots\" content=\"index, follow, max-snippet:-1, max-image-preview:large, max-video-preview:-1\" \/>\n<link rel=\"canonical\" href=\"https:\/\/tupique.com\/pt\/product\/set-de-basket-dkd-home-decor-gris-naturel-herbier-marin-3-pieces\/\" \/>\n<meta property=\"og:locale\" content=\"pt_PT\" \/>\n<meta property=\"og:type\" content=\"article\" \/>\n<meta property=\"og:title\" content=\"Set de basket DKD Home Decor Gris Naturel Herbier marin (3 Pi\u00e8ces) | | Tupique\" \/>\n<meta property=\"og:description\" content=\"Envie d&#039;acheter Set de basket DKD Home Decor Gris Naturel Herbier marin (3 Pi\u00e8ces)\u00a0? Achetez Set de basket DKD Home Decor Gris Naturel Herbier marin (3 Pi\u00e8ces) maintenant avec Tupique en 3 versements sans int\u00e9r\u00eat.\" \/>\n<meta property=\"og:url\" content=\"https:\/\/tupique.com\/pt\/product\/set-de-basket-dkd-home-decor-gris-naturel-herbier-marin-3-pieces\/\" \/>\n<meta property=\"og:site_name\" content=\"Tupique\" \/>\n<meta property=\"article:modified_time\" content=\"2026-05-11T19:17:45+00:00\" \/>\n<meta property=\"og:image\" content=\"https:\/\/tupique.com\/wp-content\/uploads\/2026\/05\/8424001920204_S3018623_P34.jpg\" \/>\n\t<meta property=\"og:image:width\" content=\"1200\" \/>\n\t<meta property=\"og:image:height\" content=\"1200\" \/>\n\t<meta property=\"og:image:type\" content=\"image\/jpeg\" \/>\n<meta name=\"twitter:card\" content=\"summary_large_image\" \/>\n<script type=\"application\/ld+json\" class=\"yoast-schema-graph\">{\"@context\":\"https:\\\/\\\/schema.org\",\"@graph\":[{\"@type\":\"WebPage\",\"@id\":\"https:\\\/\\\/tupique.com\\\/pt\\\/product\\\/set-de-basket-dkd-home-decor-gris-naturel-herbier-marin-3-pieces\\\/\",\"url\":\"https:\\\/\\\/tupique.com\\\/pt\\\/product\\\/set-de-basket-dkd-home-decor-gris-naturel-herbier-marin-3-pieces\\\/\",\"name\":\"Set de basket DKD Home Decor Gris Naturel Herbier marin (3 Pi\u00e8ces) | | Tupique\",\"isPartOf\":{\"@id\":\"https:\\\/\\\/tupique.com\\\/#website\"},\"primaryImageOfPage\":{\"@id\":\"https:\\\/\\\/tupique.com\\\/pt\\\/product\\\/set-de-basket-dkd-home-decor-gris-naturel-herbier-marin-3-pieces\\\/#primaryimage\"},\"image\":{\"@id\":\"https:\\\/\\\/tupique.com\\\/pt\\\/product\\\/set-de-basket-dkd-home-decor-gris-naturel-herbier-marin-3-pieces\\\/#primaryimage\"},\"thumbnailUrl\":\"https:\\\/\\\/tupique.com\\\/wp-content\\\/uploads\\\/2026\\\/05\\\/8424001920204_S3018623_P34.jpg\",\"datePublished\":\"2026-05-11T13:24:24+00:00\",\"dateModified\":\"2026-05-11T19:17:45+00:00\",\"description\":\"Envie d'acheter Set de basket DKD Home Decor Gris Naturel Herbier marin (3 Pi\u00e8ces)\u00a0? Achetez Set de basket DKD Home Decor Gris Naturel Herbier marin (3 Pi\u00e8ces) maintenant avec Tupique en 3 versements sans int\u00e9r\u00eat.\",\"breadcrumb\":{\"@id\":\"https:\\\/\\\/tupique.com\\\/pt\\\/product\\\/set-de-basket-dkd-home-decor-gris-naturel-herbier-marin-3-pieces\\\/#breadcrumb\"},\"inLanguage\":\"pt-PT\",\"potentialAction\":[{\"@type\":\"ReadAction\",\"target\":[\"https:\\\/\\\/tupique.com\\\/pt\\\/product\\\/set-de-basket-dkd-home-decor-gris-naturel-herbier-marin-3-pieces\\\/\"]}]},{\"@type\":\"ImageObject\",\"inLanguage\":\"pt-PT\",\"@id\":\"https:\\\/\\\/tupique.com\\\/pt\\\/product\\\/set-de-basket-dkd-home-decor-gris-naturel-herbier-marin-3-pieces\\\/#primaryimage\",\"url\":\"https:\\\/\\\/tupique.com\\\/wp-content\\\/uploads\\\/2026\\\/05\\\/8424001920204_S3018623_P34.jpg\",\"contentUrl\":\"https:\\\/\\\/tupique.com\\\/wp-content\\\/uploads\\\/2026\\\/05\\\/8424001920204_S3018623_P34.jpg\",\"width\":1200,\"height\":1200,\"caption\":\"S3018623_0\"},{\"@type\":\"BreadcrumbList\",\"@id\":\"https:\\\/\\\/tupique.com\\\/pt\\\/product\\\/set-de-basket-dkd-home-decor-gris-naturel-herbier-marin-3-pieces\\\/#breadcrumb\",\"itemListElement\":[{\"@type\":\"ListItem\",\"position\":1,\"name\":\"commencer\",\"item\":\"https:\\\/\\\/tupique.com\\\/\"},{\"@type\":\"ListItem\",\"position\":2,\"name\":\"Loja\",\"item\":\"https:\\\/\\\/tupique.com\\\/pt\\\/loja\\\/\"},{\"@type\":\"ListItem\",\"position\":3,\"name\":\"Set de basket DKD Home Decor Gris Naturel Herbier marin (3 Pi\u00e8ces)\"}]},{\"@type\":\"WebSite\",\"@id\":\"https:\\\/\\\/tupique.com\\\/#website\",\"url\":\"https:\\\/\\\/tupique.com\\\/\",\"name\":\"Tupique\",\"description\":\"\",\"publisher\":{\"@id\":\"https:\\\/\\\/tupique.com\\\/#organization\"},\"potentialAction\":[{\"@type\":\"SearchAction\",\"target\":{\"@type\":\"EntryPoint\",\"urlTemplate\":\"https:\\\/\\\/tupique.com\\\/?s={search_term_string}\"},\"query-input\":{\"@type\":\"PropertyValueSpecification\",\"valueRequired\":true,\"valueName\":\"search_term_string\"}}],\"inLanguage\":\"pt-PT\"},{\"@type\":\"Organization\",\"@id\":\"https:\\\/\\\/tupique.com\\\/#organization\",\"name\":\"Tupique\",\"url\":\"https:\\\/\\\/tupique.com\\\/\",\"logo\":{\"@type\":\"ImageObject\",\"inLanguage\":\"pt-PT\",\"@id\":\"https:\\\/\\\/tupique.com\\\/#\\\/schema\\\/logo\\\/image\\\/\",\"url\":\"https:\\\/\\\/tupique.com\\\/wp-content\\\/uploads\\\/2026\\\/03\\\/logo-tupique-1.webp\",\"contentUrl\":\"https:\\\/\\\/tupique.com\\\/wp-content\\\/uploads\\\/2026\\\/03\\\/logo-tupique-1.webp\",\"width\":500,\"height\":67,\"caption\":\"Tupique\"},\"image\":{\"@id\":\"https:\\\/\\\/tupique.com\\\/#\\\/schema\\\/logo\\\/image\\\/\"}}]}<\/script>\n<!-- \/ Yoast SEO plugin. -->","yoast_head_json":{"title":"Set de basket DKD Home Decor Gris Naturel Herbier marin (3 Pi\u00e8ces) | | Tupique","description":"Envie d'acheter Set de basket DKD Home Decor Gris Naturel Herbier marin (3 Pi\u00e8ces)\u00a0? Achetez Set de basket DKD Home Decor Gris Naturel Herbier marin (3 Pi\u00e8ces) maintenant avec Tupique en 3 versements sans int\u00e9r\u00eat.","robots":{"index":"index","follow":"follow","max-snippet":"max-snippet:-1","max-image-preview":"max-image-preview:large","max-video-preview":"max-video-preview:-1"},"canonical":"https:\/\/tupique.com\/pt\/product\/set-de-basket-dkd-home-decor-gris-naturel-herbier-marin-3-pieces\/","og_locale":"pt_PT","og_type":"article","og_title":"Set de basket DKD Home Decor Gris Naturel Herbier marin (3 Pi\u00e8ces) | | Tupique","og_description":"Envie d'acheter Set de basket DKD Home Decor Gris Naturel Herbier marin (3 Pi\u00e8ces)\u00a0? Achetez Set de basket DKD Home Decor Gris Naturel Herbier marin (3 Pi\u00e8ces) maintenant avec Tupique en 3 versements sans int\u00e9r\u00eat.","og_url":"https:\/\/tupique.com\/pt\/product\/set-de-basket-dkd-home-decor-gris-naturel-herbier-marin-3-pieces\/","og_site_name":"Tupique","article_modified_time":"2026-05-11T19:17:45+00:00","og_image":[{"width":1200,"height":1200,"url":"https:\/\/tupique.com\/wp-content\/uploads\/2026\/05\/8424001920204_S3018623_P34.jpg","type":"image\/jpeg"}],"twitter_card":"summary_large_image","schema":{"@context":"https:\/\/schema.org","@graph":[{"@type":"WebPage","@id":"https:\/\/tupique.com\/pt\/product\/set-de-basket-dkd-home-decor-gris-naturel-herbier-marin-3-pieces\/","url":"https:\/\/tupique.com\/pt\/product\/set-de-basket-dkd-home-decor-gris-naturel-herbier-marin-3-pieces\/","name":"Set de basket DKD Home Decor Gris Naturel Herbier marin (3 Pi\u00e8ces) | | Tupique","isPartOf":{"@id":"https:\/\/tupique.com\/#website"},"primaryImageOfPage":{"@id":"https:\/\/tupique.com\/pt\/product\/set-de-basket-dkd-home-decor-gris-naturel-herbier-marin-3-pieces\/#primaryimage"},"image":{"@id":"https:\/\/tupique.com\/pt\/product\/set-de-basket-dkd-home-decor-gris-naturel-herbier-marin-3-pieces\/#primaryimage"},"thumbnailUrl":"https:\/\/tupique.com\/wp-content\/uploads\/2026\/05\/8424001920204_S3018623_P34.jpg","datePublished":"2026-05-11T13:24:24+00:00","dateModified":"2026-05-11T19:17:45+00:00","description":"Envie d'acheter Set de basket DKD Home Decor Gris Naturel Herbier marin (3 Pi\u00e8ces)\u00a0? Achetez Set de basket DKD Home Decor Gris Naturel Herbier marin (3 Pi\u00e8ces) maintenant avec Tupique en 3 versements sans int\u00e9r\u00eat.","breadcrumb":{"@id":"https:\/\/tupique.com\/pt\/product\/set-de-basket-dkd-home-decor-gris-naturel-herbier-marin-3-pieces\/#breadcrumb"},"inLanguage":"pt-PT","potentialAction":[{"@type":"ReadAction","target":["https:\/\/tupique.com\/pt\/product\/set-de-basket-dkd-home-decor-gris-naturel-herbier-marin-3-pieces\/"]}]},{"@type":"ImageObject","inLanguage":"pt-PT","@id":"https:\/\/tupique.com\/pt\/product\/set-de-basket-dkd-home-decor-gris-naturel-herbier-marin-3-pieces\/#primaryimage","url":"https:\/\/tupique.com\/wp-content\/uploads\/2026\/05\/8424001920204_S3018623_P34.jpg","contentUrl":"https:\/\/tupique.com\/wp-content\/uploads\/2026\/05\/8424001920204_S3018623_P34.jpg","width":1200,"height":1200,"caption":"S3018623_0"},{"@type":"BreadcrumbList","@id":"https:\/\/tupique.com\/pt\/product\/set-de-basket-dkd-home-decor-gris-naturel-herbier-marin-3-pieces\/#breadcrumb","itemListElement":[{"@type":"ListItem","position":1,"name":"commencer","item":"https:\/\/tupique.com\/"},{"@type":"ListItem","position":2,"name":"Loja","item":"https:\/\/tupique.com\/pt\/loja\/"},{"@type":"ListItem","position":3,"name":"Set de basket DKD Home Decor Gris Naturel Herbier marin (3 Pi\u00e8ces)"}]},{"@type":"WebSite","@id":"https:\/\/tupique.com\/#website","url":"https:\/\/tupique.com\/","name":"Tupique","description":"","publisher":{"@id":"https:\/\/tupique.com\/#organization"},"potentialAction":[{"@type":"SearchAction","target":{"@type":"EntryPoint","urlTemplate":"https:\/\/tupique.com\/?s={search_term_string}"},"query-input":{"@type":"PropertyValueSpecification","valueRequired":true,"valueName":"search_term_string"}}],"inLanguage":"pt-PT"},{"@type":"Organization","@id":"https:\/\/tupique.com\/#organization","name":"Tupique","url":"https:\/\/tupique.com\/","logo":{"@type":"ImageObject","inLanguage":"pt-PT","@id":"https:\/\/tupique.com\/#\/schema\/logo\/image\/","url":"https:\/\/tupique.com\/wp-content\/uploads\/2026\/03\/logo-tupique-1.webp","contentUrl":"https:\/\/tupique.com\/wp-content\/uploads\/2026\/03\/logo-tupique-1.webp","width":500,"height":67,"caption":"Tupique"},"image":{"@id":"https:\/\/tupique.com\/#\/schema\/logo\/image\/"}}]}},"_links":{"self":[{"href":"https:\/\/tupique.com\/pt\/wp-json\/wp\/v2\/product\/182261","targetHints":{"allow":["GET"]}}],"collection":[{"href":"https:\/\/tupique.com\/pt\/wp-json\/wp\/v2\/product"}],"about":[{"href":"https:\/\/tupique.com\/pt\/wp-json\/wp\/v2\/types\/product"}],"replies":[{"embeddable":true,"href":"https:\/\/tupique.com\/pt\/wp-json\/wp\/v2\/comments?post=182261"}],"wp:featuredmedia":[{"embeddable":true,"href":"https:\/\/tupique.com\/pt\/wp-json\/wp\/v2\/media\/182259"}],"wp:attachment":[{"href":"https:\/\/tupique.com\/pt\/wp-json\/wp\/v2\/media?parent=182261"}],"wp:term":[{"taxonomy":"product_brand","embeddable":true,"href":"https:\/\/tupique.com\/pt\/wp-json\/wp\/v2\/product_brand?post=182261"},{"taxonomy":"product_cat","embeddable":true,"href":"https:\/\/tupique.com\/pt\/wp-json\/wp\/v2\/product_cat?post=182261"},{"taxonomy":"product_tag","embeddable":true,"href":"https:\/\/tupique.com\/pt\/wp-json\/wp\/v2\/product_tag?post=182261"},{"taxonomy":"woo-feed-brand","embeddable":true,"href":"https:\/\/tupique.com\/pt\/wp-json\/wp\/v2\/woo-feed-brand?post=182261"}],"curies":[{"name":"wp","href":"https:\/\/api.w.org\/{rel}","templated":true}]}}