{"id":182295,"date":"2026-05-11T15:25:17","date_gmt":"2026-05-11T13:25:17","guid":{"rendered":"https:\/\/tupique.com\/product\/ampoule-pour-voiture-m-tech-ptzsw1-duo-h1-p145s\/"},"modified":"2026-05-11T21:18:43","modified_gmt":"2026-05-11T19:18:43","slug":"ampoule-pour-voiture-m-tech-ptzsw1-duo-h1-p145s","status":"publish","type":"product","link":"https:\/\/tupique.com\/pt\/product\/ampoule-pour-voiture-m-tech-ptzsw1-duo-h1-p145s\/","title":{"rendered":"Ampoule pour voiture M-Tech PTZSW1-DUO H1 P14,5s"},"content":{"rendered":"<p>\u00c9quipez votre v\u00e9hicule avec les derni\u00e8res nouveaut\u00e9s du secteur ! Achetez <b>Ampoule pour voiture M-Tech PTZSW1-DUO H1 P14,5s<\/b> et aucun d\u00e9tail ne vous \u00e9chappera!<\/p>\n<ul>\n<li>Tipo:\n<ul>\n<li>H1<\/li>\n<li>Halog\u00e8ne<\/li>\n<\/ul>\n<\/li>\n<li>Tension: 12 V<\/li>\n<li>Douille: P14,5s<\/li>\n<li>puissance: 55 W<\/li>\n<li>Couleur: Blanc<\/li>\n<li>Caract\u00e9ristiques: Universel<\/li>\n<li>Position: Frontal<\/li>\n<\/ul>","protected":false},"excerpt":{"rendered":"<p>\u00c9quipez votre v\u00e9hicule avec les derni\u00e8res nouveaut\u00e9s du secteur ! Achetez Ampoule pour voiture M-Tech PTZSW1-DUO H1 P14,5s et aucun d\u00e9tail ne vous \u00e9chappera! Type: H1 Halog\u00e8ne Tension: 12 V Douille: P14,5s puissance: 55 W Couleur: Blanc Caract\u00e9ristiques: Universel Position: Frontal<\/p>","protected":false},"featured_media":182291,"comment_status":"open","ping_status":"closed","template":"","meta":[],"product_brand":[2145],"product_cat":[1765,2122,1764],"product_tag":[104],"woo-feed-brand":[],"class_list":{"0":"post-182295","1":"product","2":"type-product","3":"status-publish","4":"has-post-thumbnail","6":"product_brand-brandp_3119","7":"product_cat-accessoires-pour-voitures","8":"product_cat-eclairage-et-ampoules-de-voitures-led-hid","9":"product_cat-sports-loisirs","10":"product_tag-tag_1279","12":"first","13":"instock","14":"taxable","15":"shipping-taxable","16":"purchasable","17":"product-type-simple"},"yoast_head":"<!-- This site is optimized with the Yoast SEO plugin v27.6 - https:\/\/yoast.com\/product\/yoast-seo-wordpress\/ -->\n<title>Ampoule pour voiture M-Tech PTZSW1-DUO H1 P14,5s | | Tupique<\/title>\n<meta name=\"description\" content=\"Envie d&#039;acheter Ampoule pour voiture M-Tech PTZSW1-DUO H1 P14,5s\u00a0? Achetez Ampoule pour voiture M-Tech PTZSW1-DUO H1 P14,5s maintenant avec Tupique en 3 versements sans int\u00e9r\u00eat.\" \/>\n<meta name=\"robots\" content=\"index, follow, max-snippet:-1, max-image-preview:large, max-video-preview:-1\" \/>\n<link rel=\"canonical\" href=\"https:\/\/tupique.com\/pt\/product\/ampoule-pour-voiture-m-tech-ptzsw1-duo-h1-p145s\/\" \/>\n<meta property=\"og:locale\" content=\"pt_PT\" \/>\n<meta property=\"og:type\" content=\"article\" \/>\n<meta property=\"og:title\" content=\"Ampoule pour voiture M-Tech PTZSW1-DUO H1 P14,5s | | Tupique\" \/>\n<meta property=\"og:description\" content=\"Envie d&#039;acheter Ampoule pour voiture M-Tech PTZSW1-DUO H1 P14,5s\u00a0? Achetez Ampoule pour voiture M-Tech PTZSW1-DUO H1 P14,5s maintenant avec Tupique en 3 versements sans int\u00e9r\u00eat.\" \/>\n<meta property=\"og:url\" content=\"https:\/\/tupique.com\/pt\/product\/ampoule-pour-voiture-m-tech-ptzsw1-duo-h1-p145s\/\" \/>\n<meta property=\"og:site_name\" content=\"Tupique\" \/>\n<meta property=\"article:modified_time\" content=\"2026-05-11T19:18:43+00:00\" \/>\n<meta property=\"og:image\" content=\"https:\/\/tupique.com\/wp-content\/uploads\/2026\/05\/5901508513106_S3702198_P12.jpg\" \/>\n\t<meta property=\"og:image:width\" content=\"1200\" \/>\n\t<meta property=\"og:image:height\" content=\"1200\" \/>\n\t<meta property=\"og:image:type\" content=\"image\/jpeg\" \/>\n<meta name=\"twitter:card\" content=\"summary_large_image\" \/>\n<script type=\"application\/ld+json\" class=\"yoast-schema-graph\">{\"@context\":\"https:\\\/\\\/schema.org\",\"@graph\":[{\"@type\":\"WebPage\",\"@id\":\"https:\\\/\\\/tupique.com\\\/en\\\/product\\\/ampoule-pour-voiture-m-tech-ptzsw1-duo-h1-p145s\\\/\",\"url\":\"https:\\\/\\\/tupique.com\\\/en\\\/product\\\/ampoule-pour-voiture-m-tech-ptzsw1-duo-h1-p145s\\\/\",\"name\":\"Ampoule pour voiture M-Tech PTZSW1-DUO H1 P14,5s | | Tupique\",\"isPartOf\":{\"@id\":\"https:\\\/\\\/tupique.com\\\/#website\"},\"primaryImageOfPage\":{\"@id\":\"https:\\\/\\\/tupique.com\\\/en\\\/product\\\/ampoule-pour-voiture-m-tech-ptzsw1-duo-h1-p145s\\\/#primaryimage\"},\"image\":{\"@id\":\"https:\\\/\\\/tupique.com\\\/en\\\/product\\\/ampoule-pour-voiture-m-tech-ptzsw1-duo-h1-p145s\\\/#primaryimage\"},\"thumbnailUrl\":\"https:\\\/\\\/tupique.com\\\/wp-content\\\/uploads\\\/2026\\\/05\\\/5901508513106_S3702198_P12.jpg\",\"datePublished\":\"2026-05-11T13:25:17+00:00\",\"dateModified\":\"2026-05-11T19:18:43+00:00\",\"description\":\"Envie d'acheter Ampoule pour voiture M-Tech PTZSW1-DUO H1 P14,5s\u00a0? Achetez Ampoule pour voiture M-Tech PTZSW1-DUO H1 P14,5s maintenant avec Tupique en 3 versements sans int\u00e9r\u00eat.\",\"breadcrumb\":{\"@id\":\"https:\\\/\\\/tupique.com\\\/en\\\/product\\\/ampoule-pour-voiture-m-tech-ptzsw1-duo-h1-p145s\\\/#breadcrumb\"},\"inLanguage\":\"pt-PT\",\"potentialAction\":[{\"@type\":\"ReadAction\",\"target\":[\"https:\\\/\\\/tupique.com\\\/en\\\/product\\\/ampoule-pour-voiture-m-tech-ptzsw1-duo-h1-p145s\\\/\"]}]},{\"@type\":\"ImageObject\",\"inLanguage\":\"pt-PT\",\"@id\":\"https:\\\/\\\/tupique.com\\\/en\\\/product\\\/ampoule-pour-voiture-m-tech-ptzsw1-duo-h1-p145s\\\/#primaryimage\",\"url\":\"https:\\\/\\\/tupique.com\\\/wp-content\\\/uploads\\\/2026\\\/05\\\/5901508513106_S3702198_P12.jpg\",\"contentUrl\":\"https:\\\/\\\/tupique.com\\\/wp-content\\\/uploads\\\/2026\\\/05\\\/5901508513106_S3702198_P12.jpg\",\"width\":1200,\"height\":1200,\"caption\":\"S3702198_0\"},{\"@type\":\"BreadcrumbList\",\"@id\":\"https:\\\/\\\/tupique.com\\\/en\\\/product\\\/ampoule-pour-voiture-m-tech-ptzsw1-duo-h1-p145s\\\/#breadcrumb\",\"itemListElement\":[{\"@type\":\"ListItem\",\"position\":1,\"name\":\"commencer\",\"item\":\"https:\\\/\\\/tupique.com\\\/\"},{\"@type\":\"ListItem\",\"position\":2,\"name\":\"Loja\",\"item\":\"https:\\\/\\\/tupique.com\\\/pt\\\/loja\\\/\"},{\"@type\":\"ListItem\",\"position\":3,\"name\":\"Ampoule pour voiture M-Tech PTZSW1-DUO H1 P14,5s\"}]},{\"@type\":\"WebSite\",\"@id\":\"https:\\\/\\\/tupique.com\\\/#website\",\"url\":\"https:\\\/\\\/tupique.com\\\/\",\"name\":\"Tupique\",\"description\":\"\",\"publisher\":{\"@id\":\"https:\\\/\\\/tupique.com\\\/#organization\"},\"potentialAction\":[{\"@type\":\"SearchAction\",\"target\":{\"@type\":\"EntryPoint\",\"urlTemplate\":\"https:\\\/\\\/tupique.com\\\/?s={search_term_string}\"},\"query-input\":{\"@type\":\"PropertyValueSpecification\",\"valueRequired\":true,\"valueName\":\"search_term_string\"}}],\"inLanguage\":\"pt-PT\"},{\"@type\":\"Organization\",\"@id\":\"https:\\\/\\\/tupique.com\\\/#organization\",\"name\":\"Tupique\",\"url\":\"https:\\\/\\\/tupique.com\\\/\",\"logo\":{\"@type\":\"ImageObject\",\"inLanguage\":\"pt-PT\",\"@id\":\"https:\\\/\\\/tupique.com\\\/#\\\/schema\\\/logo\\\/image\\\/\",\"url\":\"https:\\\/\\\/tupique.com\\\/wp-content\\\/uploads\\\/2026\\\/03\\\/logo-tupique-1.webp\",\"contentUrl\":\"https:\\\/\\\/tupique.com\\\/wp-content\\\/uploads\\\/2026\\\/03\\\/logo-tupique-1.webp\",\"width\":500,\"height\":67,\"caption\":\"Tupique\"},\"image\":{\"@id\":\"https:\\\/\\\/tupique.com\\\/#\\\/schema\\\/logo\\\/image\\\/\"}}]}<\/script>\n<!-- \/ Yoast SEO plugin. -->","yoast_head_json":{"title":"Ampoule pour voiture M-Tech PTZSW1-DUO H1 P14,5s | | Tupique","description":"Envie d'acheter Ampoule pour voiture M-Tech PTZSW1-DUO H1 P14,5s\u00a0? Achetez Ampoule pour voiture M-Tech PTZSW1-DUO H1 P14,5s maintenant avec Tupique en 3 versements sans int\u00e9r\u00eat.","robots":{"index":"index","follow":"follow","max-snippet":"max-snippet:-1","max-image-preview":"max-image-preview:large","max-video-preview":"max-video-preview:-1"},"canonical":"https:\/\/tupique.com\/pt\/product\/ampoule-pour-voiture-m-tech-ptzsw1-duo-h1-p145s\/","og_locale":"pt_PT","og_type":"article","og_title":"Ampoule pour voiture M-Tech PTZSW1-DUO H1 P14,5s | | Tupique","og_description":"Envie d'acheter Ampoule pour voiture M-Tech PTZSW1-DUO H1 P14,5s\u00a0? Achetez Ampoule pour voiture M-Tech PTZSW1-DUO H1 P14,5s maintenant avec Tupique en 3 versements sans int\u00e9r\u00eat.","og_url":"https:\/\/tupique.com\/pt\/product\/ampoule-pour-voiture-m-tech-ptzsw1-duo-h1-p145s\/","og_site_name":"Tupique","article_modified_time":"2026-05-11T19:18:43+00:00","og_image":[{"width":1200,"height":1200,"url":"https:\/\/tupique.com\/wp-content\/uploads\/2026\/05\/5901508513106_S3702198_P12.jpg","type":"image\/jpeg"}],"twitter_card":"summary_large_image","schema":{"@context":"https:\/\/schema.org","@graph":[{"@type":"WebPage","@id":"https:\/\/tupique.com\/en\/product\/ampoule-pour-voiture-m-tech-ptzsw1-duo-h1-p145s\/","url":"https:\/\/tupique.com\/en\/product\/ampoule-pour-voiture-m-tech-ptzsw1-duo-h1-p145s\/","name":"Ampoule pour voiture M-Tech PTZSW1-DUO H1 P14,5s | | Tupique","isPartOf":{"@id":"https:\/\/tupique.com\/#website"},"primaryImageOfPage":{"@id":"https:\/\/tupique.com\/en\/product\/ampoule-pour-voiture-m-tech-ptzsw1-duo-h1-p145s\/#primaryimage"},"image":{"@id":"https:\/\/tupique.com\/en\/product\/ampoule-pour-voiture-m-tech-ptzsw1-duo-h1-p145s\/#primaryimage"},"thumbnailUrl":"https:\/\/tupique.com\/wp-content\/uploads\/2026\/05\/5901508513106_S3702198_P12.jpg","datePublished":"2026-05-11T13:25:17+00:00","dateModified":"2026-05-11T19:18:43+00:00","description":"Envie d'acheter Ampoule pour voiture M-Tech PTZSW1-DUO H1 P14,5s\u00a0? Achetez Ampoule pour voiture M-Tech PTZSW1-DUO H1 P14,5s maintenant avec Tupique en 3 versements sans int\u00e9r\u00eat.","breadcrumb":{"@id":"https:\/\/tupique.com\/en\/product\/ampoule-pour-voiture-m-tech-ptzsw1-duo-h1-p145s\/#breadcrumb"},"inLanguage":"pt-PT","potentialAction":[{"@type":"ReadAction","target":["https:\/\/tupique.com\/en\/product\/ampoule-pour-voiture-m-tech-ptzsw1-duo-h1-p145s\/"]}]},{"@type":"ImageObject","inLanguage":"pt-PT","@id":"https:\/\/tupique.com\/en\/product\/ampoule-pour-voiture-m-tech-ptzsw1-duo-h1-p145s\/#primaryimage","url":"https:\/\/tupique.com\/wp-content\/uploads\/2026\/05\/5901508513106_S3702198_P12.jpg","contentUrl":"https:\/\/tupique.com\/wp-content\/uploads\/2026\/05\/5901508513106_S3702198_P12.jpg","width":1200,"height":1200,"caption":"S3702198_0"},{"@type":"BreadcrumbList","@id":"https:\/\/tupique.com\/en\/product\/ampoule-pour-voiture-m-tech-ptzsw1-duo-h1-p145s\/#breadcrumb","itemListElement":[{"@type":"ListItem","position":1,"name":"commencer","item":"https:\/\/tupique.com\/"},{"@type":"ListItem","position":2,"name":"Loja","item":"https:\/\/tupique.com\/pt\/loja\/"},{"@type":"ListItem","position":3,"name":"Ampoule pour voiture M-Tech PTZSW1-DUO H1 P14,5s"}]},{"@type":"WebSite","@id":"https:\/\/tupique.com\/#website","url":"https:\/\/tupique.com\/","name":"Tupique","description":"","publisher":{"@id":"https:\/\/tupique.com\/#organization"},"potentialAction":[{"@type":"SearchAction","target":{"@type":"EntryPoint","urlTemplate":"https:\/\/tupique.com\/?s={search_term_string}"},"query-input":{"@type":"PropertyValueSpecification","valueRequired":true,"valueName":"search_term_string"}}],"inLanguage":"pt-PT"},{"@type":"Organization","@id":"https:\/\/tupique.com\/#organization","name":"Tupique","url":"https:\/\/tupique.com\/","logo":{"@type":"ImageObject","inLanguage":"pt-PT","@id":"https:\/\/tupique.com\/#\/schema\/logo\/image\/","url":"https:\/\/tupique.com\/wp-content\/uploads\/2026\/03\/logo-tupique-1.webp","contentUrl":"https:\/\/tupique.com\/wp-content\/uploads\/2026\/03\/logo-tupique-1.webp","width":500,"height":67,"caption":"Tupique"},"image":{"@id":"https:\/\/tupique.com\/#\/schema\/logo\/image\/"}}]}},"_links":{"self":[{"href":"https:\/\/tupique.com\/pt\/wp-json\/wp\/v2\/product\/182295","targetHints":{"allow":["GET"]}}],"collection":[{"href":"https:\/\/tupique.com\/pt\/wp-json\/wp\/v2\/product"}],"about":[{"href":"https:\/\/tupique.com\/pt\/wp-json\/wp\/v2\/types\/product"}],"replies":[{"embeddable":true,"href":"https:\/\/tupique.com\/pt\/wp-json\/wp\/v2\/comments?post=182295"}],"wp:featuredmedia":[{"embeddable":true,"href":"https:\/\/tupique.com\/pt\/wp-json\/wp\/v2\/media\/182291"}],"wp:attachment":[{"href":"https:\/\/tupique.com\/pt\/wp-json\/wp\/v2\/media?parent=182295"}],"wp:term":[{"taxonomy":"product_brand","embeddable":true,"href":"https:\/\/tupique.com\/pt\/wp-json\/wp\/v2\/product_brand?post=182295"},{"taxonomy":"product_cat","embeddable":true,"href":"https:\/\/tupique.com\/pt\/wp-json\/wp\/v2\/product_cat?post=182295"},{"taxonomy":"product_tag","embeddable":true,"href":"https:\/\/tupique.com\/pt\/wp-json\/wp\/v2\/product_tag?post=182295"},{"taxonomy":"woo-feed-brand","embeddable":true,"href":"https:\/\/tupique.com\/pt\/wp-json\/wp\/v2\/woo-feed-brand?post=182295"}],"curies":[{"name":"wp","href":"https:\/\/api.w.org\/{rel}","templated":true}]}}