{"id":182641,"date":"2026-05-11T15:47:51","date_gmt":"2026-05-11T13:47:51","guid":{"rendered":"https:\/\/tupique.com\/product\/cintre-multiple-pour-pantalon-5-en-1-havser-innovagoods\/"},"modified":"2026-05-11T21:23:47","modified_gmt":"2026-05-11T19:23:47","slug":"cintre-multiple-pour-pantalon-5-en-1-havser-innovagoods","status":"publish","type":"product","link":"https:\/\/tupique.com\/pt\/product\/cintre-multiple-pour-pantalon-5-en-1-havser-innovagoods\/","title":{"rendered":"Cintre multiple pour pantalon 5 en 1 Havser InnovaGoods"},"content":{"rendered":"<div class=\"col-md-6\"><b>InnovaGoods<\/b> vous offre les meilleures nouveaut\u00e9s pour la maison, comme <b>Cintre multiple pour pantalon 5 en 1 Havser InnovaGoods <\/b> ! D\u00e9couvrez une vaste gamme de produits de qualit\u00e9 qui se d\u00e9marquent de par leur fonctionnalit\u00e9, leur efficacit\u00e9 et leur design innovant : \u00e9clairage, organisation, d\u00e9coration, climatisation, jardin, animaux domestiques, nettoyage, etc.<\/p>\n<p><b>Ler<br \/>\nporte-pantalons 5-en-1 Havser InnovaGoods<\/b> est extr\u00eamement utile pour suspendre plusieurs<br \/>\npantalons afin de bien les ranger tout en prenant le moins de place possible<br \/>\ndans la penderie. Une fa\u00e7on simple et efficace d&#8217;organiser vos pantalons. Son<br \/>\ndesign polyvalent a \u00e9t\u00e9 cr\u00e9\u00e9 pour \u00eatre suspendu dans deux positions, selon<br \/>\nl&#8217;espace disponible et les pr\u00e9f\u00e9rences de l&#8217;utilisateur. Ce <b>cintre original 5-en-1<br \/>\n<\/b>vous permet \u00e9galement de rep\u00e9rer et de prendre facilement les pantalons,<br \/>\ncar ses barres mont\u00e9es sur des glissi\u00e8res sont amovibles ce qui facilite<br \/>\nl&#8217;accrochage et le retrait des v\u00eatements. <\/p>\n<\/p>\n<ul>\n<li>Moderne, innovant, <b>design de pliage<\/b><\/li>\n<li>Mat\u00e9riaux de qualit\u00e9, robustes et au maintien ferme<\/li>\n<li><b>Grande capacit\u00e9 : 5 cintres <\/b>en un<\/li>\n<li><b>2 positions : <\/b>orientation<b><br \/>\n<\/b>horizontale ou verticale<\/li>\n<li><b>2 crochets de suspension \u00e0 accrocher <\/b>selon vos pr\u00e9f\u00e9rences<\/li>\n<li><b>Barres de suspension amovibles <\/b>pour une commodit\u00e9 optimale<\/li>\n<li><b>Optimisation de l\u2019espace <\/b>disponible dans votre penderie<\/li>\n<li>Une meilleure organisation : <b>des pantalons rang\u00e9s toujours \u00e0 port\u00e9e<br \/>\nde main<\/b><\/li>\n<li><b>Pendre et prendre des v\u00eatements n\u2019a jamais \u00e9t\u00e9<br \/>\naussi simple<\/b><\/li>\n<li>Peut-\u00eatre utilis\u00e9 dans une penderie ou sur un portemanteau<\/li>\n<li>D\u00e9montable :<br \/>\ninstructions d\u2019assemblage incluses<\/li>\n<\/ul>\n<p><b>Ce porte-pantalons<\/b>&nbsp;<b>5-en-1 <\/b>est facile \u00e0 assembler<br \/>\nen suivant les instructions donn\u00e9es. Il peut-\u00eatre pendu en position horizontale<br \/>\n(\u00e0 l\u2019aide de deux crochets de suspension) ou en position verticale (\u00e0 l\u2019aide<br \/>\nd\u2019un seul crochet de suspension) pour gagner de l\u2019espace.<\/p>\n<p>G\u00e9rer ses<br \/>\nv\u00eatements n\u2019a jamais \u00e9t\u00e9 aussi simple. Pour pendre ou r\u00e9cup\u00e9rer un pantalon, il<br \/>\nvous suffit de tirer la barre de suspension sur laquelle il se trouve ou sur<br \/>\nlaquelle vous souhaitez le pendre.<\/p>\n<\/p>\n<ul>\n<li>Mat\u00e9riel:\n<ul>\n<li>polypropyl\u00e8ne<\/li>\n<li>Acier inoxydable<\/li>\n<\/ul>\n<\/li>\n<li>Couleur:\n<ul>\n<li>Gris<\/li>\n<li>Argent\u00e9<\/li>\n<\/ul>\n<\/li>\n<li>Type: Cintre Multiple<\/li>\n<li>Inclut: 5 Cintres<\/li>\n<li>Gardez votre pantalon bien rang\u00e9: 5-in-1<\/li>\n<li>Multiposition: Horizontal-vertical<\/li>\n<li>Caracter\u00edsticas:\n<ul>\n<li>2 crochets-cintre<\/li>\n<li>Tiges mobiles pour un retrait facile du pantalon<\/li>\n<\/ul>\n<\/li>\n<li>Organisation et gain de place: Utilisation maximale de l&#8217;espace<\/li>\n<li>D\u00e9montable: Instructions de montage<\/li>\n<li>Pliable: Facile \u00e0 transporter et \u00e0 ranger<\/li>\n<li>Dimensions approx.:\n<ul>\n<li>23 x 18 x 24 cm (H)<\/li>\n<li>23 x 44,5 x 2,5 cm (V)<\/li>\n<\/ul>\n<\/li>\n<\/ul>\n<p>Packaging et manuel en 24 langues: anglais, fran\u00e7ais, espagnol, allemand, italien, portugais, n\u00e9erlandais, polonais, hongrois, roumain, danois, su\u00e9dois, finnois, lituanien, norv\u00e9gien, slov\u00e8ne, grec, tch\u00e8que, bulgare, croate, slovaque, estonien, russe, letton.<\/p><\/div>\n<div class=\"col-md-6\">\n<div class=\"embed-responsive embed-responsive-16by9\"><iframe class=\"embed-responsive-item\" src=\"https:\/\/www.youtube.com\/embed\/ZYmJLAOU0BU\" frameborder=\"0\" allowfullscreen><\/iframe><\/div>\n<\/div>","protected":false},"excerpt":{"rendered":"<p>InnovaGoods vous offre les meilleures nouveaut\u00e9s pour la maison, comme Cintre multiple pour pantalon 5 en 1 Havser InnovaGoods ! D\u00e9couvrez une vaste gamme de produits de qualit\u00e9 qui se d\u00e9marquent de par leur fonctionnalit\u00e9, leur efficacit\u00e9 et leur design innovant : \u00e9clairage, organisation, d\u00e9coration, climatisation, jardin, animaux domestiques, nettoyage, etc. Le porte-pantalons 5-en-1 Havser [&hellip;]<\/p>\n","protected":false},"featured_media":182629,"comment_status":"open","ping_status":"closed","template":"","meta":[],"product_brand":[256],"product_cat":[63,64,1797,239,577,242,1696,1796],"product_tag":[104],"woo-feed-brand":[],"class_list":{"0":"post-182641","1":"product","2":"type-product","3":"status-publish","4":"has-post-thumbnail","6":"product_brand-brandp_1281","7":"product_cat-cadeaux-originaux","8":"product_cat-cadeaux-pour-la-maison","9":"product_cat-idees-pour-la-maison","10":"product_cat-maison-jardin","11":"product_cat-mobilier","12":"product_cat-organiseurs","13":"product_cat-portemanteaux-et-pateres","14":"product_cat-teleachat-vu-a-la-television","15":"product_tag-tag_1279","17":"first","18":"instock","19":"taxable","20":"shipping-taxable","21":"purchasable","22":"product-type-simple"},"yoast_head":"<!-- This site is optimized with the Yoast SEO plugin v27.6 - https:\/\/yoast.com\/product\/yoast-seo-wordpress\/ -->\n<title>Cintre multiple pour pantalon 5 en 1 Havser InnovaGoods | | Tupique<\/title>\n<meta name=\"description\" content=\"Envie d&#039;acheter Cintre multiple pour pantalon 5 en 1 Havser InnovaGoods\u00a0? Achetez Cintre multiple pour pantalon 5 en 1 Havser InnovaGoods maintenant avec Tupique en 3 versements sans int\u00e9r\u00eat.\" \/>\n<meta name=\"robots\" content=\"index, follow, max-snippet:-1, max-image-preview:large, max-video-preview:-1\" \/>\n<link rel=\"canonical\" href=\"https:\/\/tupique.com\/pt\/product\/cintre-multiple-pour-pantalon-5-en-1-havser-innovagoods\/\" \/>\n<meta property=\"og:locale\" content=\"pt_PT\" \/>\n<meta property=\"og:type\" content=\"article\" \/>\n<meta property=\"og:title\" content=\"Cintre multiple pour pantalon 5 en 1 Havser InnovaGoods | | Tupique\" \/>\n<meta property=\"og:description\" content=\"Envie d&#039;acheter Cintre multiple pour pantalon 5 en 1 Havser InnovaGoods\u00a0? Achetez Cintre multiple pour pantalon 5 en 1 Havser InnovaGoods maintenant avec Tupique en 3 versements sans int\u00e9r\u00eat.\" \/>\n<meta property=\"og:url\" content=\"https:\/\/tupique.com\/pt\/product\/cintre-multiple-pour-pantalon-5-en-1-havser-innovagoods\/\" \/>\n<meta property=\"og:site_name\" content=\"Tupique\" \/>\n<meta property=\"article:modified_time\" content=\"2026-05-11T19:23:47+00:00\" \/>\n<meta property=\"og:image\" content=\"https:\/\/tupique.com\/wp-content\/uploads\/2026\/05\/V0103543_000_MKT5.jpg\" \/>\n\t<meta property=\"og:image:width\" content=\"1200\" \/>\n\t<meta property=\"og:image:height\" content=\"1200\" \/>\n\t<meta property=\"og:image:type\" content=\"image\/jpeg\" \/>\n<meta name=\"twitter:card\" content=\"summary_large_image\" \/>\n<meta name=\"twitter:label1\" content=\"Tempo estimado de leitura\" \/>\n\t<meta name=\"twitter:data1\" content=\"2 minutos\" \/>\n<script type=\"application\/ld+json\" class=\"yoast-schema-graph\">{\"@context\":\"https:\\\/\\\/schema.org\",\"@graph\":[{\"@type\":\"WebPage\",\"@id\":\"https:\\\/\\\/tupique.com\\\/product\\\/cintre-multiple-pour-pantalon-5-en-1-havser-innovagoods\\\/\",\"url\":\"https:\\\/\\\/tupique.com\\\/product\\\/cintre-multiple-pour-pantalon-5-en-1-havser-innovagoods\\\/\",\"name\":\"Cintre multiple pour pantalon 5 en 1 Havser InnovaGoods | | Tupique\",\"isPartOf\":{\"@id\":\"https:\\\/\\\/tupique.com\\\/#website\"},\"primaryImageOfPage\":{\"@id\":\"https:\\\/\\\/tupique.com\\\/product\\\/cintre-multiple-pour-pantalon-5-en-1-havser-innovagoods\\\/#primaryimage\"},\"image\":{\"@id\":\"https:\\\/\\\/tupique.com\\\/product\\\/cintre-multiple-pour-pantalon-5-en-1-havser-innovagoods\\\/#primaryimage\"},\"thumbnailUrl\":\"https:\\\/\\\/tupique.com\\\/wp-content\\\/uploads\\\/2026\\\/05\\\/V0103543_000_MKT5.jpg\",\"datePublished\":\"2026-05-11T13:47:51+00:00\",\"dateModified\":\"2026-05-11T19:23:47+00:00\",\"description\":\"Envie d'acheter Cintre multiple pour pantalon 5 en 1 Havser InnovaGoods\u00a0? Achetez Cintre multiple pour pantalon 5 en 1 Havser InnovaGoods maintenant avec Tupique en 3 versements sans int\u00e9r\u00eat.\",\"breadcrumb\":{\"@id\":\"https:\\\/\\\/tupique.com\\\/product\\\/cintre-multiple-pour-pantalon-5-en-1-havser-innovagoods\\\/#breadcrumb\"},\"inLanguage\":\"pt-PT\",\"potentialAction\":[{\"@type\":\"ReadAction\",\"target\":[\"https:\\\/\\\/tupique.com\\\/product\\\/cintre-multiple-pour-pantalon-5-en-1-havser-innovagoods\\\/\"]}]},{\"@type\":\"ImageObject\",\"inLanguage\":\"pt-PT\",\"@id\":\"https:\\\/\\\/tupique.com\\\/product\\\/cintre-multiple-pour-pantalon-5-en-1-havser-innovagoods\\\/#primaryimage\",\"url\":\"https:\\\/\\\/tupique.com\\\/wp-content\\\/uploads\\\/2026\\\/05\\\/V0103543_000_MKT5.jpg\",\"contentUrl\":\"https:\\\/\\\/tupique.com\\\/wp-content\\\/uploads\\\/2026\\\/05\\\/V0103543_000_MKT5.jpg\",\"width\":1200,\"height\":1200,\"caption\":\"V0103543_0\"},{\"@type\":\"BreadcrumbList\",\"@id\":\"https:\\\/\\\/tupique.com\\\/product\\\/cintre-multiple-pour-pantalon-5-en-1-havser-innovagoods\\\/#breadcrumb\",\"itemListElement\":[{\"@type\":\"ListItem\",\"position\":1,\"name\":\"commencer\",\"item\":\"https:\\\/\\\/tupique.com\\\/\"},{\"@type\":\"ListItem\",\"position\":2,\"name\":\"Loja\",\"item\":\"https:\\\/\\\/tupique.com\\\/pt\\\/loja\\\/\"},{\"@type\":\"ListItem\",\"position\":3,\"name\":\"Cintre multiple pour pantalon 5 en 1 Havser InnovaGoods\"}]},{\"@type\":\"WebSite\",\"@id\":\"https:\\\/\\\/tupique.com\\\/#website\",\"url\":\"https:\\\/\\\/tupique.com\\\/\",\"name\":\"Tupique\",\"description\":\"\",\"publisher\":{\"@id\":\"https:\\\/\\\/tupique.com\\\/#organization\"},\"potentialAction\":[{\"@type\":\"SearchAction\",\"target\":{\"@type\":\"EntryPoint\",\"urlTemplate\":\"https:\\\/\\\/tupique.com\\\/?s={search_term_string}\"},\"query-input\":{\"@type\":\"PropertyValueSpecification\",\"valueRequired\":true,\"valueName\":\"search_term_string\"}}],\"inLanguage\":\"pt-PT\"},{\"@type\":\"Organization\",\"@id\":\"https:\\\/\\\/tupique.com\\\/#organization\",\"name\":\"Tupique\",\"url\":\"https:\\\/\\\/tupique.com\\\/\",\"logo\":{\"@type\":\"ImageObject\",\"inLanguage\":\"pt-PT\",\"@id\":\"https:\\\/\\\/tupique.com\\\/#\\\/schema\\\/logo\\\/image\\\/\",\"url\":\"https:\\\/\\\/tupique.com\\\/wp-content\\\/uploads\\\/2026\\\/03\\\/logo-tupique-1.webp\",\"contentUrl\":\"https:\\\/\\\/tupique.com\\\/wp-content\\\/uploads\\\/2026\\\/03\\\/logo-tupique-1.webp\",\"width\":500,\"height\":67,\"caption\":\"Tupique\"},\"image\":{\"@id\":\"https:\\\/\\\/tupique.com\\\/#\\\/schema\\\/logo\\\/image\\\/\"}}]}<\/script>\n<!-- \/ Yoast SEO plugin. -->","yoast_head_json":{"title":"Cintre multiple pour pantalon 5 en 1 Havser InnovaGoods | | Tupique","description":"Envie d'acheter Cintre multiple pour pantalon 5 en 1 Havser InnovaGoods\u00a0? Achetez Cintre multiple pour pantalon 5 en 1 Havser InnovaGoods maintenant avec Tupique en 3 versements sans int\u00e9r\u00eat.","robots":{"index":"index","follow":"follow","max-snippet":"max-snippet:-1","max-image-preview":"max-image-preview:large","max-video-preview":"max-video-preview:-1"},"canonical":"https:\/\/tupique.com\/pt\/product\/cintre-multiple-pour-pantalon-5-en-1-havser-innovagoods\/","og_locale":"pt_PT","og_type":"article","og_title":"Cintre multiple pour pantalon 5 en 1 Havser InnovaGoods | | Tupique","og_description":"Envie d'acheter Cintre multiple pour pantalon 5 en 1 Havser InnovaGoods\u00a0? Achetez Cintre multiple pour pantalon 5 en 1 Havser InnovaGoods maintenant avec Tupique en 3 versements sans int\u00e9r\u00eat.","og_url":"https:\/\/tupique.com\/pt\/product\/cintre-multiple-pour-pantalon-5-en-1-havser-innovagoods\/","og_site_name":"Tupique","article_modified_time":"2026-05-11T19:23:47+00:00","og_image":[{"width":1200,"height":1200,"url":"https:\/\/tupique.com\/wp-content\/uploads\/2026\/05\/V0103543_000_MKT5.jpg","type":"image\/jpeg"}],"twitter_card":"summary_large_image","twitter_misc":{"Tempo estimado de leitura":"2 minutos"},"schema":{"@context":"https:\/\/schema.org","@graph":[{"@type":"WebPage","@id":"https:\/\/tupique.com\/product\/cintre-multiple-pour-pantalon-5-en-1-havser-innovagoods\/","url":"https:\/\/tupique.com\/product\/cintre-multiple-pour-pantalon-5-en-1-havser-innovagoods\/","name":"Cintre multiple pour pantalon 5 en 1 Havser InnovaGoods | | Tupique","isPartOf":{"@id":"https:\/\/tupique.com\/#website"},"primaryImageOfPage":{"@id":"https:\/\/tupique.com\/product\/cintre-multiple-pour-pantalon-5-en-1-havser-innovagoods\/#primaryimage"},"image":{"@id":"https:\/\/tupique.com\/product\/cintre-multiple-pour-pantalon-5-en-1-havser-innovagoods\/#primaryimage"},"thumbnailUrl":"https:\/\/tupique.com\/wp-content\/uploads\/2026\/05\/V0103543_000_MKT5.jpg","datePublished":"2026-05-11T13:47:51+00:00","dateModified":"2026-05-11T19:23:47+00:00","description":"Envie d'acheter Cintre multiple pour pantalon 5 en 1 Havser InnovaGoods\u00a0? Achetez Cintre multiple pour pantalon 5 en 1 Havser InnovaGoods maintenant avec Tupique en 3 versements sans int\u00e9r\u00eat.","breadcrumb":{"@id":"https:\/\/tupique.com\/product\/cintre-multiple-pour-pantalon-5-en-1-havser-innovagoods\/#breadcrumb"},"inLanguage":"pt-PT","potentialAction":[{"@type":"ReadAction","target":["https:\/\/tupique.com\/product\/cintre-multiple-pour-pantalon-5-en-1-havser-innovagoods\/"]}]},{"@type":"ImageObject","inLanguage":"pt-PT","@id":"https:\/\/tupique.com\/product\/cintre-multiple-pour-pantalon-5-en-1-havser-innovagoods\/#primaryimage","url":"https:\/\/tupique.com\/wp-content\/uploads\/2026\/05\/V0103543_000_MKT5.jpg","contentUrl":"https:\/\/tupique.com\/wp-content\/uploads\/2026\/05\/V0103543_000_MKT5.jpg","width":1200,"height":1200,"caption":"V0103543_0"},{"@type":"BreadcrumbList","@id":"https:\/\/tupique.com\/product\/cintre-multiple-pour-pantalon-5-en-1-havser-innovagoods\/#breadcrumb","itemListElement":[{"@type":"ListItem","position":1,"name":"commencer","item":"https:\/\/tupique.com\/"},{"@type":"ListItem","position":2,"name":"Loja","item":"https:\/\/tupique.com\/pt\/loja\/"},{"@type":"ListItem","position":3,"name":"Cintre multiple pour pantalon 5 en 1 Havser InnovaGoods"}]},{"@type":"WebSite","@id":"https:\/\/tupique.com\/#website","url":"https:\/\/tupique.com\/","name":"Tupique","description":"","publisher":{"@id":"https:\/\/tupique.com\/#organization"},"potentialAction":[{"@type":"SearchAction","target":{"@type":"EntryPoint","urlTemplate":"https:\/\/tupique.com\/?s={search_term_string}"},"query-input":{"@type":"PropertyValueSpecification","valueRequired":true,"valueName":"search_term_string"}}],"inLanguage":"pt-PT"},{"@type":"Organization","@id":"https:\/\/tupique.com\/#organization","name":"Tupique","url":"https:\/\/tupique.com\/","logo":{"@type":"ImageObject","inLanguage":"pt-PT","@id":"https:\/\/tupique.com\/#\/schema\/logo\/image\/","url":"https:\/\/tupique.com\/wp-content\/uploads\/2026\/03\/logo-tupique-1.webp","contentUrl":"https:\/\/tupique.com\/wp-content\/uploads\/2026\/03\/logo-tupique-1.webp","width":500,"height":67,"caption":"Tupique"},"image":{"@id":"https:\/\/tupique.com\/#\/schema\/logo\/image\/"}}]}},"_links":{"self":[{"href":"https:\/\/tupique.com\/pt\/wp-json\/wp\/v2\/product\/182641","targetHints":{"allow":["GET"]}}],"collection":[{"href":"https:\/\/tupique.com\/pt\/wp-json\/wp\/v2\/product"}],"about":[{"href":"https:\/\/tupique.com\/pt\/wp-json\/wp\/v2\/types\/product"}],"replies":[{"embeddable":true,"href":"https:\/\/tupique.com\/pt\/wp-json\/wp\/v2\/comments?post=182641"}],"wp:featuredmedia":[{"embeddable":true,"href":"https:\/\/tupique.com\/pt\/wp-json\/wp\/v2\/media\/182629"}],"wp:attachment":[{"href":"https:\/\/tupique.com\/pt\/wp-json\/wp\/v2\/media?parent=182641"}],"wp:term":[{"taxonomy":"product_brand","embeddable":true,"href":"https:\/\/tupique.com\/pt\/wp-json\/wp\/v2\/product_brand?post=182641"},{"taxonomy":"product_cat","embeddable":true,"href":"https:\/\/tupique.com\/pt\/wp-json\/wp\/v2\/product_cat?post=182641"},{"taxonomy":"product_tag","embeddable":true,"href":"https:\/\/tupique.com\/pt\/wp-json\/wp\/v2\/product_tag?post=182641"},{"taxonomy":"woo-feed-brand","embeddable":true,"href":"https:\/\/tupique.com\/pt\/wp-json\/wp\/v2\/woo-feed-brand?post=182641"}],"curies":[{"name":"wp","href":"https:\/\/api.w.org\/{rel}","templated":true}]}}