{"id":182895,"date":"2026-05-11T16:02:30","date_gmt":"2026-05-11T14:02:30","guid":{"rendered":"https:\/\/tupique.com\/product\/distributeur-de-dentifrice-avec-porte-brosse-a-dents-diseeth-innovagoods\/"},"modified":"2026-05-11T21:23:48","modified_gmt":"2026-05-11T19:23:48","slug":"distributeur-de-dentifrice-avec-porte-brosse-a-dents-diseeth-innovagoods","status":"publish","type":"product","link":"https:\/\/tupique.com\/pt\/product\/distributeur-de-dentifrice-avec-porte-brosse-a-dents-diseeth-innovagoods\/","title":{"rendered":"Distributeur de Dentifrice avec Porte Brosse \u00e0 Dents Diseeth InnovaGoods"},"content":{"rendered":"<div class=\"col-md-6\"><b>InnovaGoods<\/b> vous offre les meilleures nouveaut\u00e9s pour la maison, comme <b>Distributeur de Dentifrice avec Porte Brosse \u00e0 Dents Diseeth InnovaGoods <\/b> ! D\u00e9couvrez une vaste gamme de produits de qualit\u00e9 qui se d\u00e9marquent de par leur fonctionnalit\u00e9, leur efficacit\u00e9 et leur design innovant : \u00e9clairage, organisation, d\u00e9coration, climatisation, jardin, animaux domestiques, nettoyage, etc.<\/p>\n<p>Ler<b> distributeur de dentifrice Diseeth<br \/>\nInnovaGoods avec porte-brosse<\/b> \u00e0 dents vous permet de retirer facilement la<br \/>\nquantit\u00e9 exacte de dentifrice \u00e0 chaque utilisation et de maintenir vos brosses<br \/>\n\u00e0 dents rang\u00e9es de fa\u00e7on plus hygi\u00e9nique en emp\u00eachant les germes et la salet\u00e9.<br \/>\nCommode et pratique, ce <b>distributeur de<br \/>\ndentifrice avec rangement \u00e0 brosses \u00e0 dents<\/b> facilite <b>l\u2019hygi\u00e8ne<br \/>\nbucco-dentaire<\/b> de toute la famille.<\/p>\n<\/p>\n<ul>\n<li><b>Conception moderne, innovante et multi-usage<\/b><\/li>\n<li>Accessoire<br \/>\nde salle de bain, distributeur et rangement<\/li>\n<li><b>Hygi\u00e8ne, rangement et gain d\u2019espace am\u00e9lior\u00e9s<\/b><\/li>\n<li><b>Capacit\u00e9 pour 5 brosses \u00e0 dents<\/b><\/li>\n<li><b>Installation facile \u00e0 l\u2019aide d\u2019adh\u00e9sifs<\/b><\/li>\n<li>Adh\u00e9sifs<br \/>\nde qualit\u00e9 3M inclus <\/li>\n<li><b>Maintien ferme, r\u00e9sistant et durable<\/b><\/li>\n<li><b>Pratique et facile \u00e0 utiliser et \u00e0 nettoyer<\/b><\/li>\n<li>Comprend<br \/>\nles instructions de montage<\/li>\n<li><b>Fonctionnement manuel, sans piles ni \u00e9lectricit\u00e9<\/b><\/li>\n<\/ul>\n<p>Ce <b>distributeur de dentifrice avec porte-brosse<br \/>\n\u00e0 dents<\/b> peut \u00eatre facilement install\u00e9 dans la salle de bains en suivant les<br \/>\ninstructions fournies. Il vous suffit de nettoyer correctement la surface o\u00f9 il<br \/>\ndoit \u00eatre plac\u00e9, de retirer la protection adh\u00e9sive et d\u2019appliquer une pression<br \/>\npendant quelques minutes pour vous assurer que son maintien est correct et<br \/>\ntotal.<\/p>\n<p>Un autre grand<br \/>\navantage est son fonctionnement manuel, qui ne n\u00e9cessite pas de batteries ni de<br \/>\nconnexion \u00e9lectrique. Une fois le tube de dentifrice ins\u00e9r\u00e9 dans le<br \/>\ndistributeur, appuyez l\u00e9g\u00e8rement sur le levier int\u00e9rieur avec la brosse \u00e0 dents<br \/>\npour retirer le dentifrice.<\/p>\n<\/p>\n<ul>\n<li>Mat\u00e9riel:\n<ul>\n<li>ABS<\/li>\n<li>Silicone<\/li>\n<li>polypropyl\u00e8ne<\/li>\n<\/ul>\n<\/li>\n<li>Couleur:\n<ul>\n<li>Blanc<\/li>\n<li>Gris<\/li>\n<\/ul>\n<\/li>\n<li>Type: Distributeur de Dentifrice avec Porte Brosse \u00e0 Dents<\/li>\n<li>Multifonction: 2-in-1<\/li>\n<li>Distributeur de dentifrice: 6 x 16 x 6,5 cm<\/li>\n<li>Organisateur pour 5 brosses \u00e0 dents qui \u00e9vite les germes et la salet\u00e9: 11,5 x 5,5 x 4,5 cm<\/li>\n<li>Adh\u00e9sifs de qualit\u00e9 (3M): Installation facile au moyen d&#8217;un adh\u00e9sif<\/li>\n<li>Fixation ferme: R\u00e9sistante et durable<\/li>\n<li>Caract\u00e9ristiques: Organisation et gain de place<\/li>\n<li>Effets b\u00e9n\u00e9fiques: Favorise l&#8217;hygi\u00e8ne buccale<\/li>\n<li>Facile \u00e0 utiliser et \u00e0 nettoyer: Utilisation pratique et simple<\/li>\n<li>Inclut: Instructions de montage<\/li>\n<\/ul>\n<p>Packaging en 24 langues: anglais, fran\u00e7ais, espagnol, allemand, italien, portugais, n\u00e9erlandais, polonais, hongrois, roumain, danois, su\u00e9dois, finnois, lituanien, norv\u00e9gien, slov\u00e8ne, grec, tch\u00e8que, bulgare, croate, slovaque, estonien, russe, letton.<\/p><\/div>\n<div class=\"col-md-6\">\n<div class=\"embed-responsive embed-responsive-16by9\"><iframe class=\"embed-responsive-item\" src=\"https:\/\/www.youtube.com\/embed\/FzOrg-w6JiE\" frameborder=\"0\" allowfullscreen><\/iframe><\/div>\n<\/div>","protected":false},"excerpt":{"rendered":"<p><span class=\"unit-info\">9.4950 &euro; \/ 1 unit<\/span><\/p>","protected":false},"featured_media":182884,"comment_status":"open","ping_status":"closed","template":"","meta":[],"product_brand":[256],"product_cat":[781,63,64,1797,239,242,780,1796],"product_tag":[104],"woo-feed-brand":[],"class_list":{"0":"post-182895","1":"product","2":"type-product","3":"status-publish","4":"has-post-thumbnail","6":"product_brand-brandp_1281","7":"product_cat-accessoires-et-robinets","8":"product_cat-cadeaux-originaux","9":"product_cat-cadeaux-pour-la-maison","10":"product_cat-idees-pour-la-maison","11":"product_cat-maison-jardin","12":"product_cat-organiseurs","13":"product_cat-salle-de-bain","14":"product_cat-teleachat-vu-a-la-television","15":"product_tag-tag_1279","17":"first","18":"instock","19":"taxable","20":"shipping-taxable","21":"purchasable","22":"product-type-simple"},"yoast_head":"<!-- This site is optimized with the Yoast SEO plugin v27.6 - https:\/\/yoast.com\/product\/yoast-seo-wordpress\/ -->\n<title>Distributeur de Dentifrice avec Porte Brosse \u00e0 Dents Diseeth InnovaGoods | | Tupique<\/title>\n<meta name=\"description\" content=\"Envie d&#039;acheter Distributeur de Dentifrice avec Porte Brosse \u00e0 Dents Diseeth InnovaGoods\u00a0? Achetez Distributeur de Dentifrice avec Porte Brosse \u00e0 Dents Diseeth InnovaGoods maintenant avec Tupique en 3 versements sans int\u00e9r\u00eat.\" \/>\n<meta name=\"robots\" content=\"index, follow, max-snippet:-1, max-image-preview:large, max-video-preview:-1\" \/>\n<link rel=\"canonical\" href=\"https:\/\/tupique.com\/pt\/product\/distributeur-de-dentifrice-avec-porte-brosse-a-dents-diseeth-innovagoods\/\" \/>\n<meta property=\"og:locale\" content=\"pt_PT\" \/>\n<meta property=\"og:type\" content=\"article\" \/>\n<meta property=\"og:title\" content=\"Distributeur de Dentifrice avec Porte Brosse \u00e0 Dents Diseeth InnovaGoods | | Tupique\" \/>\n<meta property=\"og:description\" content=\"Envie d&#039;acheter Distributeur de Dentifrice avec Porte Brosse \u00e0 Dents Diseeth InnovaGoods\u00a0? Achetez Distributeur de Dentifrice avec Porte Brosse \u00e0 Dents Diseeth InnovaGoods maintenant avec Tupique en 3 versements sans int\u00e9r\u00eat.\" \/>\n<meta property=\"og:url\" content=\"https:\/\/tupique.com\/pt\/product\/distributeur-de-dentifrice-avec-porte-brosse-a-dents-diseeth-innovagoods\/\" \/>\n<meta property=\"og:site_name\" content=\"Tupique\" \/>\n<meta property=\"article:modified_time\" content=\"2026-05-11T19:23:48+00:00\" \/>\n<meta property=\"og:image\" content=\"https:\/\/tupique.com\/wp-content\/uploads\/2026\/05\/V0103572_000_MKT6.jpg\" \/>\n\t<meta property=\"og:image:width\" content=\"1200\" \/>\n\t<meta property=\"og:image:height\" content=\"1200\" \/>\n\t<meta property=\"og:image:type\" content=\"image\/jpeg\" \/>\n<meta name=\"twitter:card\" content=\"summary_large_image\" \/>\n<meta name=\"twitter:label1\" content=\"Tempo estimado de leitura\" \/>\n\t<meta name=\"twitter:data1\" content=\"2 minutos\" \/>\n<script type=\"application\/ld+json\" class=\"yoast-schema-graph\">{\"@context\":\"https:\\\/\\\/schema.org\",\"@graph\":[{\"@type\":\"WebPage\",\"@id\":\"https:\\\/\\\/tupique.com\\\/pt\\\/product\\\/distributeur-de-dentifrice-avec-porte-brosse-a-dents-diseeth-innovagoods\\\/\",\"url\":\"https:\\\/\\\/tupique.com\\\/pt\\\/product\\\/distributeur-de-dentifrice-avec-porte-brosse-a-dents-diseeth-innovagoods\\\/\",\"name\":\"Distributeur de Dentifrice avec Porte Brosse \u00e0 Dents Diseeth InnovaGoods | | Tupique\",\"isPartOf\":{\"@id\":\"https:\\\/\\\/tupique.com\\\/#website\"},\"primaryImageOfPage\":{\"@id\":\"https:\\\/\\\/tupique.com\\\/pt\\\/product\\\/distributeur-de-dentifrice-avec-porte-brosse-a-dents-diseeth-innovagoods\\\/#primaryimage\"},\"image\":{\"@id\":\"https:\\\/\\\/tupique.com\\\/pt\\\/product\\\/distributeur-de-dentifrice-avec-porte-brosse-a-dents-diseeth-innovagoods\\\/#primaryimage\"},\"thumbnailUrl\":\"https:\\\/\\\/tupique.com\\\/wp-content\\\/uploads\\\/2026\\\/05\\\/V0103572_000_MKT6.jpg\",\"datePublished\":\"2026-05-11T14:02:30+00:00\",\"dateModified\":\"2026-05-11T19:23:48+00:00\",\"description\":\"Envie d'acheter Distributeur de Dentifrice avec Porte Brosse \u00e0 Dents Diseeth InnovaGoods\u00a0? Achetez Distributeur de Dentifrice avec Porte Brosse \u00e0 Dents Diseeth InnovaGoods maintenant avec Tupique en 3 versements sans int\u00e9r\u00eat.\",\"breadcrumb\":{\"@id\":\"https:\\\/\\\/tupique.com\\\/pt\\\/product\\\/distributeur-de-dentifrice-avec-porte-brosse-a-dents-diseeth-innovagoods\\\/#breadcrumb\"},\"inLanguage\":\"pt-PT\",\"potentialAction\":[{\"@type\":\"ReadAction\",\"target\":[\"https:\\\/\\\/tupique.com\\\/pt\\\/product\\\/distributeur-de-dentifrice-avec-porte-brosse-a-dents-diseeth-innovagoods\\\/\"]}]},{\"@type\":\"ImageObject\",\"inLanguage\":\"pt-PT\",\"@id\":\"https:\\\/\\\/tupique.com\\\/pt\\\/product\\\/distributeur-de-dentifrice-avec-porte-brosse-a-dents-diseeth-innovagoods\\\/#primaryimage\",\"url\":\"https:\\\/\\\/tupique.com\\\/wp-content\\\/uploads\\\/2026\\\/05\\\/V0103572_000_MKT6.jpg\",\"contentUrl\":\"https:\\\/\\\/tupique.com\\\/wp-content\\\/uploads\\\/2026\\\/05\\\/V0103572_000_MKT6.jpg\",\"width\":1200,\"height\":1200,\"caption\":\"V0103572_0\"},{\"@type\":\"BreadcrumbList\",\"@id\":\"https:\\\/\\\/tupique.com\\\/pt\\\/product\\\/distributeur-de-dentifrice-avec-porte-brosse-a-dents-diseeth-innovagoods\\\/#breadcrumb\",\"itemListElement\":[{\"@type\":\"ListItem\",\"position\":1,\"name\":\"commencer\",\"item\":\"https:\\\/\\\/tupique.com\\\/\"},{\"@type\":\"ListItem\",\"position\":2,\"name\":\"Loja\",\"item\":\"https:\\\/\\\/tupique.com\\\/pt\\\/loja\\\/\"},{\"@type\":\"ListItem\",\"position\":3,\"name\":\"Distributeur de Dentifrice avec Porte Brosse \u00e0 Dents Diseeth InnovaGoods\"}]},{\"@type\":\"WebSite\",\"@id\":\"https:\\\/\\\/tupique.com\\\/#website\",\"url\":\"https:\\\/\\\/tupique.com\\\/\",\"name\":\"Tupique\",\"description\":\"\",\"publisher\":{\"@id\":\"https:\\\/\\\/tupique.com\\\/#organization\"},\"potentialAction\":[{\"@type\":\"SearchAction\",\"target\":{\"@type\":\"EntryPoint\",\"urlTemplate\":\"https:\\\/\\\/tupique.com\\\/?s={search_term_string}\"},\"query-input\":{\"@type\":\"PropertyValueSpecification\",\"valueRequired\":true,\"valueName\":\"search_term_string\"}}],\"inLanguage\":\"pt-PT\"},{\"@type\":\"Organization\",\"@id\":\"https:\\\/\\\/tupique.com\\\/#organization\",\"name\":\"Tupique\",\"url\":\"https:\\\/\\\/tupique.com\\\/\",\"logo\":{\"@type\":\"ImageObject\",\"inLanguage\":\"pt-PT\",\"@id\":\"https:\\\/\\\/tupique.com\\\/#\\\/schema\\\/logo\\\/image\\\/\",\"url\":\"https:\\\/\\\/tupique.com\\\/wp-content\\\/uploads\\\/2026\\\/03\\\/logo-tupique-1.webp\",\"contentUrl\":\"https:\\\/\\\/tupique.com\\\/wp-content\\\/uploads\\\/2026\\\/03\\\/logo-tupique-1.webp\",\"width\":500,\"height\":67,\"caption\":\"Tupique\"},\"image\":{\"@id\":\"https:\\\/\\\/tupique.com\\\/#\\\/schema\\\/logo\\\/image\\\/\"}}]}<\/script>\n<!-- \/ Yoast SEO plugin. -->","yoast_head_json":{"title":"Distributeur de Dentifrice avec Porte Brosse \u00e0 Dents Diseeth InnovaGoods | | Tupique","description":"Envie d'acheter Distributeur de Dentifrice avec Porte Brosse \u00e0 Dents Diseeth InnovaGoods\u00a0? Achetez Distributeur de Dentifrice avec Porte Brosse \u00e0 Dents Diseeth InnovaGoods maintenant avec Tupique en 3 versements sans int\u00e9r\u00eat.","robots":{"index":"index","follow":"follow","max-snippet":"max-snippet:-1","max-image-preview":"max-image-preview:large","max-video-preview":"max-video-preview:-1"},"canonical":"https:\/\/tupique.com\/pt\/product\/distributeur-de-dentifrice-avec-porte-brosse-a-dents-diseeth-innovagoods\/","og_locale":"pt_PT","og_type":"article","og_title":"Distributeur de Dentifrice avec Porte Brosse \u00e0 Dents Diseeth InnovaGoods | | Tupique","og_description":"Envie d'acheter Distributeur de Dentifrice avec Porte Brosse \u00e0 Dents Diseeth InnovaGoods\u00a0? Achetez Distributeur de Dentifrice avec Porte Brosse \u00e0 Dents Diseeth InnovaGoods maintenant avec Tupique en 3 versements sans int\u00e9r\u00eat.","og_url":"https:\/\/tupique.com\/pt\/product\/distributeur-de-dentifrice-avec-porte-brosse-a-dents-diseeth-innovagoods\/","og_site_name":"Tupique","article_modified_time":"2026-05-11T19:23:48+00:00","og_image":[{"width":1200,"height":1200,"url":"https:\/\/tupique.com\/wp-content\/uploads\/2026\/05\/V0103572_000_MKT6.jpg","type":"image\/jpeg"}],"twitter_card":"summary_large_image","twitter_misc":{"Tempo estimado de leitura":"2 minutos"},"schema":{"@context":"https:\/\/schema.org","@graph":[{"@type":"WebPage","@id":"https:\/\/tupique.com\/pt\/product\/distributeur-de-dentifrice-avec-porte-brosse-a-dents-diseeth-innovagoods\/","url":"https:\/\/tupique.com\/pt\/product\/distributeur-de-dentifrice-avec-porte-brosse-a-dents-diseeth-innovagoods\/","name":"Distributeur de Dentifrice avec Porte Brosse \u00e0 Dents Diseeth InnovaGoods | | Tupique","isPartOf":{"@id":"https:\/\/tupique.com\/#website"},"primaryImageOfPage":{"@id":"https:\/\/tupique.com\/pt\/product\/distributeur-de-dentifrice-avec-porte-brosse-a-dents-diseeth-innovagoods\/#primaryimage"},"image":{"@id":"https:\/\/tupique.com\/pt\/product\/distributeur-de-dentifrice-avec-porte-brosse-a-dents-diseeth-innovagoods\/#primaryimage"},"thumbnailUrl":"https:\/\/tupique.com\/wp-content\/uploads\/2026\/05\/V0103572_000_MKT6.jpg","datePublished":"2026-05-11T14:02:30+00:00","dateModified":"2026-05-11T19:23:48+00:00","description":"Envie d'acheter Distributeur de Dentifrice avec Porte Brosse \u00e0 Dents Diseeth InnovaGoods\u00a0? Achetez Distributeur de Dentifrice avec Porte Brosse \u00e0 Dents Diseeth InnovaGoods maintenant avec Tupique en 3 versements sans int\u00e9r\u00eat.","breadcrumb":{"@id":"https:\/\/tupique.com\/pt\/product\/distributeur-de-dentifrice-avec-porte-brosse-a-dents-diseeth-innovagoods\/#breadcrumb"},"inLanguage":"pt-PT","potentialAction":[{"@type":"ReadAction","target":["https:\/\/tupique.com\/pt\/product\/distributeur-de-dentifrice-avec-porte-brosse-a-dents-diseeth-innovagoods\/"]}]},{"@type":"ImageObject","inLanguage":"pt-PT","@id":"https:\/\/tupique.com\/pt\/product\/distributeur-de-dentifrice-avec-porte-brosse-a-dents-diseeth-innovagoods\/#primaryimage","url":"https:\/\/tupique.com\/wp-content\/uploads\/2026\/05\/V0103572_000_MKT6.jpg","contentUrl":"https:\/\/tupique.com\/wp-content\/uploads\/2026\/05\/V0103572_000_MKT6.jpg","width":1200,"height":1200,"caption":"V0103572_0"},{"@type":"BreadcrumbList","@id":"https:\/\/tupique.com\/pt\/product\/distributeur-de-dentifrice-avec-porte-brosse-a-dents-diseeth-innovagoods\/#breadcrumb","itemListElement":[{"@type":"ListItem","position":1,"name":"commencer","item":"https:\/\/tupique.com\/"},{"@type":"ListItem","position":2,"name":"Loja","item":"https:\/\/tupique.com\/pt\/loja\/"},{"@type":"ListItem","position":3,"name":"Distributeur de Dentifrice avec Porte Brosse \u00e0 Dents Diseeth InnovaGoods"}]},{"@type":"WebSite","@id":"https:\/\/tupique.com\/#website","url":"https:\/\/tupique.com\/","name":"Tupique","description":"","publisher":{"@id":"https:\/\/tupique.com\/#organization"},"potentialAction":[{"@type":"SearchAction","target":{"@type":"EntryPoint","urlTemplate":"https:\/\/tupique.com\/?s={search_term_string}"},"query-input":{"@type":"PropertyValueSpecification","valueRequired":true,"valueName":"search_term_string"}}],"inLanguage":"pt-PT"},{"@type":"Organization","@id":"https:\/\/tupique.com\/#organization","name":"Tupique","url":"https:\/\/tupique.com\/","logo":{"@type":"ImageObject","inLanguage":"pt-PT","@id":"https:\/\/tupique.com\/#\/schema\/logo\/image\/","url":"https:\/\/tupique.com\/wp-content\/uploads\/2026\/03\/logo-tupique-1.webp","contentUrl":"https:\/\/tupique.com\/wp-content\/uploads\/2026\/03\/logo-tupique-1.webp","width":500,"height":67,"caption":"Tupique"},"image":{"@id":"https:\/\/tupique.com\/#\/schema\/logo\/image\/"}}]}},"_links":{"self":[{"href":"https:\/\/tupique.com\/pt\/wp-json\/wp\/v2\/product\/182895","targetHints":{"allow":["GET"]}}],"collection":[{"href":"https:\/\/tupique.com\/pt\/wp-json\/wp\/v2\/product"}],"about":[{"href":"https:\/\/tupique.com\/pt\/wp-json\/wp\/v2\/types\/product"}],"replies":[{"embeddable":true,"href":"https:\/\/tupique.com\/pt\/wp-json\/wp\/v2\/comments?post=182895"}],"wp:featuredmedia":[{"embeddable":true,"href":"https:\/\/tupique.com\/pt\/wp-json\/wp\/v2\/media\/182884"}],"wp:attachment":[{"href":"https:\/\/tupique.com\/pt\/wp-json\/wp\/v2\/media?parent=182895"}],"wp:term":[{"taxonomy":"product_brand","embeddable":true,"href":"https:\/\/tupique.com\/pt\/wp-json\/wp\/v2\/product_brand?post=182895"},{"taxonomy":"product_cat","embeddable":true,"href":"https:\/\/tupique.com\/pt\/wp-json\/wp\/v2\/product_cat?post=182895"},{"taxonomy":"product_tag","embeddable":true,"href":"https:\/\/tupique.com\/pt\/wp-json\/wp\/v2\/product_tag?post=182895"},{"taxonomy":"woo-feed-brand","embeddable":true,"href":"https:\/\/tupique.com\/pt\/wp-json\/wp\/v2\/woo-feed-brand?post=182895"}],"curies":[{"name":"wp","href":"https:\/\/api.w.org\/{rel}","templated":true}]}}