{"id":182989,"date":"2026-05-11T16:19:47","date_gmt":"2026-05-11T14:19:47","guid":{"rendered":"https:\/\/tupique.com\/product\/creme-visage-strivectin-contour-restore-50-ml-raffermissant\/"},"modified":"2026-05-11T21:15:35","modified_gmt":"2026-05-11T19:15:35","slug":"creme-visage-strivectin-contour-restore-50-ml-raffermissant","status":"publish","type":"product","link":"https:\/\/tupique.com\/pt\/product\/creme-visage-strivectin-contour-restore-50-ml-raffermissant\/","title":{"rendered":"Cr\u00e8me visage StriVectin Contour Restore 50 ml Raffermissant"},"content":{"rendered":"<\/p>\n<p><b>Cr\u00e8me visage StriVectin Contour Restore 50 ml Raffermissant<\/b> \u00e9 um produto de qualidade concebido para pessoas exigentes que se preocupam com a sua imagem e procuram os melhores cosm\u00e9ticos para real\u00e7ar a sua beleza. Se faz parte desse grupo, os produtos originais 100 % <b>StriVectin<\/b> s\u00e3o feitos para si.<\/p>\n<ul>\n<li>Caracter\u00edsticas:\n<ul>\n<li>Nettoie et Adoucit la Peau<\/li>\n<li>Jour\/Nuit<\/li>\n<\/ul>\n<\/li>\n<li>Propriedades:\n<ul>\n<li>Antirrugas<\/li>\n<li>Anti-idade<\/li>\n<li>Effet Lifting<\/li>\n<li>Refirmante<\/li>\n<li>Tonifiante<\/li>\n<\/ul>\n<\/li>\n<li>Idade recomendada:\n<ul>\n<li>36-50 anos<\/li>\n<li>Mais de 50 anos<\/li>\n<\/ul>\n<\/li>\n<li>Tipo:\n<ul>\n<li>Cr\u00e8me visage<\/li>\n<li>Dermocosm\u00e9ticos<\/li>\n<li>Parafarm\u00e1cia<\/li>\n<\/ul>\n<\/li>\n<li>Partie du corps: Visage<\/li>\n<li>Utiliza\u00e7\u00e3o recomendada:\n<ul>\n<li>Pele normal<\/li>\n<li>Todos os tipos de pele<\/li>\n<\/ul>\n<\/li>\n<li>Genre:\n<ul>\n<li>Femme<\/li>\n<li>Unisexe<\/li>\n<\/ul>\n<\/li>\n<li>Texture: Cr\u00e8me<\/li>\n<li>Ingredientes:\n<ul>\n<li>Poloxamer 338<\/li>\n<li>Polyacrylamide<\/li>\n<li>Potassium sorbate<\/li>\n<li>Pullulan<\/li>\n<li>S\u00edlica<\/li>\n<li>Sodium benzoate<\/li>\n<li>Sodium hydroxide<\/li>\n<li>Sodium levulinate<\/li>\n<li>Sodium polystyrene sulfonate<\/li>\n<li>\u00c1cido s\u00f3rbico<\/li>\n<li>Sorbitan laurate<\/li>\n<li>Sorghum bicolor stalk juice<\/li>\n<li>Steareth-2<\/li>\n<li>Tetrapeptide-21<\/li>\n<li>Tetrasodium edta<\/li>\n<li>Xanthan gum<\/li>\n<li>Zingiber officinale (ginger) root extract<\/li>\n<li>Acetyl dipeptide-1 cetyl ester<\/li>\n<li>Acrylates\/c 10-30 alkyl acrylate crosspolymer<\/li>\n<li>Bht<\/li>\n<li>Bisabolol<\/li>\n<li>Glicol but\u00edlico<\/li>\n<li>Butyrospermum parkii (shea) butter<\/li>\n<li>C12-15 alkyl benzoate<\/li>\n<li>C13-14 isoparaffin<\/li>\n<li>Caprylyl glycol<\/li>\n<li>Ceramide ng<\/li>\n<li>Chlorphenesin<\/li>\n<li>Cinnamic acid<\/li>\n<li>\u00c1cido c\u00edtrico<\/li>\n<li>Cyathea cumingii leaf extract<\/li>\n<li>Dimethicone<\/li>\n<li>Ethylene\/acrylic acid copolymer<\/li>\n<li>Fragr\u00e2ncia (perfume)<\/li>\n<li>Estearato de glicerilo<\/li>\n<li>Glyceryl caprylate<\/li>\n<li>Hydrogenated olive oil unsaponifiables<\/li>\n<li>Hydrolyzed hyaluronic acid<\/li>\n<li>Hydroxyethylcellulose<\/li>\n<li>Isononanoato de isononilo<\/li>\n<li>Laureth-7<\/li>\n<li>Levulinic acid<\/li>\n<li>Limonene<\/li>\n<li>Myristyl nicotinate<\/li>\n<li>Panthenol<\/li>\n<li>Estearato de PEG-100<\/li>\n<li>Pentylene glycol<\/li>\n<li>Fenoxietanol<\/li>\n<li>Benzyl alcohol<\/li>\n<li>Glicerina<\/li>\n<li>Behenyl alcohol<\/li>\n<li>\u00c1lcool cetear\u00edlico<\/li>\n<li>Benzoic acid<\/li>\n<li>Eau<\/li>\n<li>Algae extract<\/li>\n<li>Caprylic\/capric triglyceride<\/li>\n<\/ul>\n<\/li>\n<li>Capacidade: 50 ml<\/li>\n<\/ul>","protected":false},"excerpt":{"rendered":"<p><span class=\"unit-info\">115.9800 &euro; \/ 100 ml<\/span><\/p>","protected":false},"featured_media":182987,"comment_status":"open","ping_status":"closed","template":"","meta":[],"product_brand":[2372],"product_cat":[1503,769,1495],"product_tag":[722,1672],"woo-feed-brand":[],"class_list":{"0":"post-182989","1":"product","2":"type-product","3":"status-publish","4":"has-post-thumbnail","6":"product_brand-brandp_2736","7":"product_cat-cremes-anti-rides-et-hydratantes","8":"product_cat-parfum-cosmetique","9":"product_cat-soin-du-visage","10":"product_tag-tag_923","11":"product_tag-tag_1280","13":"first","14":"instock","15":"taxable","16":"shipping-taxable","17":"purchasable","18":"product-type-simple"},"yoast_head":"<!-- This site is optimized with the Yoast SEO plugin v27.6 - https:\/\/yoast.com\/product\/yoast-seo-wordpress\/ -->\n<title>Cr\u00e8me visage StriVectin Contour Restore 50 ml Raffermissant | | Tupique<\/title>\n<meta name=\"description\" content=\"Envie d&#039;acheter Cr\u00e8me visage StriVectin Contour Restore 50 ml Raffermissant\u00a0? Achetez Cr\u00e8me visage StriVectin Contour Restore 50 ml Raffermissant maintenant avec Tupique en 3 versements sans int\u00e9r\u00eat.\" \/>\n<meta name=\"robots\" content=\"index, follow, max-snippet:-1, max-image-preview:large, max-video-preview:-1\" \/>\n<link rel=\"canonical\" href=\"https:\/\/tupique.com\/pt\/product\/creme-visage-strivectin-contour-restore-50-ml-raffermissant\/\" \/>\n<meta property=\"og:locale\" content=\"pt_PT\" \/>\n<meta property=\"og:type\" content=\"article\" \/>\n<meta property=\"og:title\" content=\"Cr\u00e8me visage StriVectin Contour Restore 50 ml Raffermissant | | Tupique\" \/>\n<meta property=\"og:description\" content=\"Envie d&#039;acheter Cr\u00e8me visage StriVectin Contour Restore 50 ml Raffermissant\u00a0? Achetez Cr\u00e8me visage StriVectin Contour Restore 50 ml Raffermissant maintenant avec Tupique en 3 versements sans int\u00e9r\u00eat.\" \/>\n<meta property=\"og:url\" content=\"https:\/\/tupique.com\/pt\/product\/creme-visage-strivectin-contour-restore-50-ml-raffermissant\/\" \/>\n<meta property=\"og:site_name\" content=\"Tupique\" \/>\n<meta property=\"article:modified_time\" content=\"2026-05-11T19:15:35+00:00\" \/>\n<meta property=\"og:image\" content=\"https:\/\/tupique.com\/wp-content\/uploads\/2026\/05\/0810014323619_S05101899_P02.jpg\" \/>\n\t<meta property=\"og:image:width\" content=\"1200\" \/>\n\t<meta property=\"og:image:height\" content=\"1200\" \/>\n\t<meta property=\"og:image:type\" content=\"image\/jpeg\" \/>\n<meta name=\"twitter:card\" content=\"summary_large_image\" \/>\n<meta name=\"twitter:label1\" content=\"Tempo estimado de leitura\" \/>\n\t<meta name=\"twitter:data1\" content=\"1 minuto\" \/>\n<script type=\"application\/ld+json\" class=\"yoast-schema-graph\">{\"@context\":\"https:\\\/\\\/schema.org\",\"@graph\":[{\"@type\":\"WebPage\",\"@id\":\"https:\\\/\\\/tupique.com\\\/product\\\/creme-visage-strivectin-contour-restore-50-ml-raffermissant\\\/\",\"url\":\"https:\\\/\\\/tupique.com\\\/product\\\/creme-visage-strivectin-contour-restore-50-ml-raffermissant\\\/\",\"name\":\"Cr\u00e8me visage StriVectin Contour Restore 50 ml Raffermissant | | Tupique\",\"isPartOf\":{\"@id\":\"https:\\\/\\\/tupique.com\\\/#website\"},\"primaryImageOfPage\":{\"@id\":\"https:\\\/\\\/tupique.com\\\/product\\\/creme-visage-strivectin-contour-restore-50-ml-raffermissant\\\/#primaryimage\"},\"image\":{\"@id\":\"https:\\\/\\\/tupique.com\\\/product\\\/creme-visage-strivectin-contour-restore-50-ml-raffermissant\\\/#primaryimage\"},\"thumbnailUrl\":\"https:\\\/\\\/tupique.com\\\/wp-content\\\/uploads\\\/2026\\\/05\\\/0810014323619_S05101899_P02.jpg\",\"datePublished\":\"2026-05-11T14:19:47+00:00\",\"dateModified\":\"2026-05-11T19:15:35+00:00\",\"description\":\"Envie d'acheter Cr\u00e8me visage StriVectin Contour Restore 50 ml Raffermissant\u00a0? Achetez Cr\u00e8me visage StriVectin Contour Restore 50 ml Raffermissant maintenant avec Tupique en 3 versements sans int\u00e9r\u00eat.\",\"breadcrumb\":{\"@id\":\"https:\\\/\\\/tupique.com\\\/product\\\/creme-visage-strivectin-contour-restore-50-ml-raffermissant\\\/#breadcrumb\"},\"inLanguage\":\"pt-PT\",\"potentialAction\":[{\"@type\":\"ReadAction\",\"target\":[\"https:\\\/\\\/tupique.com\\\/product\\\/creme-visage-strivectin-contour-restore-50-ml-raffermissant\\\/\"]}]},{\"@type\":\"ImageObject\",\"inLanguage\":\"pt-PT\",\"@id\":\"https:\\\/\\\/tupique.com\\\/product\\\/creme-visage-strivectin-contour-restore-50-ml-raffermissant\\\/#primaryimage\",\"url\":\"https:\\\/\\\/tupique.com\\\/wp-content\\\/uploads\\\/2026\\\/05\\\/0810014323619_S05101899_P02.jpg\",\"contentUrl\":\"https:\\\/\\\/tupique.com\\\/wp-content\\\/uploads\\\/2026\\\/05\\\/0810014323619_S05101899_P02.jpg\",\"width\":1200,\"height\":1200,\"caption\":\"S05101899_0\"},{\"@type\":\"BreadcrumbList\",\"@id\":\"https:\\\/\\\/tupique.com\\\/product\\\/creme-visage-strivectin-contour-restore-50-ml-raffermissant\\\/#breadcrumb\",\"itemListElement\":[{\"@type\":\"ListItem\",\"position\":1,\"name\":\"commencer\",\"item\":\"https:\\\/\\\/tupique.com\\\/\"},{\"@type\":\"ListItem\",\"position\":2,\"name\":\"Loja\",\"item\":\"https:\\\/\\\/tupique.com\\\/pt\\\/loja\\\/\"},{\"@type\":\"ListItem\",\"position\":3,\"name\":\"Cr\u00e8me visage StriVectin Contour Restore 50 ml Raffermissant\"}]},{\"@type\":\"WebSite\",\"@id\":\"https:\\\/\\\/tupique.com\\\/#website\",\"url\":\"https:\\\/\\\/tupique.com\\\/\",\"name\":\"Tupique\",\"description\":\"\",\"publisher\":{\"@id\":\"https:\\\/\\\/tupique.com\\\/#organization\"},\"potentialAction\":[{\"@type\":\"SearchAction\",\"target\":{\"@type\":\"EntryPoint\",\"urlTemplate\":\"https:\\\/\\\/tupique.com\\\/?s={search_term_string}\"},\"query-input\":{\"@type\":\"PropertyValueSpecification\",\"valueRequired\":true,\"valueName\":\"search_term_string\"}}],\"inLanguage\":\"pt-PT\"},{\"@type\":\"Organization\",\"@id\":\"https:\\\/\\\/tupique.com\\\/#organization\",\"name\":\"Tupique\",\"url\":\"https:\\\/\\\/tupique.com\\\/\",\"logo\":{\"@type\":\"ImageObject\",\"inLanguage\":\"pt-PT\",\"@id\":\"https:\\\/\\\/tupique.com\\\/#\\\/schema\\\/logo\\\/image\\\/\",\"url\":\"https:\\\/\\\/tupique.com\\\/wp-content\\\/uploads\\\/2026\\\/03\\\/logo-tupique-1.webp\",\"contentUrl\":\"https:\\\/\\\/tupique.com\\\/wp-content\\\/uploads\\\/2026\\\/03\\\/logo-tupique-1.webp\",\"width\":500,\"height\":67,\"caption\":\"Tupique\"},\"image\":{\"@id\":\"https:\\\/\\\/tupique.com\\\/#\\\/schema\\\/logo\\\/image\\\/\"}}]}<\/script>\n<!-- \/ Yoast SEO plugin. -->","yoast_head_json":{"title":"Cr\u00e8me visage StriVectin Contour Restore 50 ml Raffermissant | | Tupique","description":"Envie d'acheter Cr\u00e8me visage StriVectin Contour Restore 50 ml Raffermissant\u00a0? Achetez Cr\u00e8me visage StriVectin Contour Restore 50 ml Raffermissant maintenant avec Tupique en 3 versements sans int\u00e9r\u00eat.","robots":{"index":"index","follow":"follow","max-snippet":"max-snippet:-1","max-image-preview":"max-image-preview:large","max-video-preview":"max-video-preview:-1"},"canonical":"https:\/\/tupique.com\/pt\/product\/creme-visage-strivectin-contour-restore-50-ml-raffermissant\/","og_locale":"pt_PT","og_type":"article","og_title":"Cr\u00e8me visage StriVectin Contour Restore 50 ml Raffermissant | | Tupique","og_description":"Envie d'acheter Cr\u00e8me visage StriVectin Contour Restore 50 ml Raffermissant\u00a0? Achetez Cr\u00e8me visage StriVectin Contour Restore 50 ml Raffermissant maintenant avec Tupique en 3 versements sans int\u00e9r\u00eat.","og_url":"https:\/\/tupique.com\/pt\/product\/creme-visage-strivectin-contour-restore-50-ml-raffermissant\/","og_site_name":"Tupique","article_modified_time":"2026-05-11T19:15:35+00:00","og_image":[{"width":1200,"height":1200,"url":"https:\/\/tupique.com\/wp-content\/uploads\/2026\/05\/0810014323619_S05101899_P02.jpg","type":"image\/jpeg"}],"twitter_card":"summary_large_image","twitter_misc":{"Tempo estimado de leitura":"1 minuto"},"schema":{"@context":"https:\/\/schema.org","@graph":[{"@type":"WebPage","@id":"https:\/\/tupique.com\/product\/creme-visage-strivectin-contour-restore-50-ml-raffermissant\/","url":"https:\/\/tupique.com\/product\/creme-visage-strivectin-contour-restore-50-ml-raffermissant\/","name":"Cr\u00e8me visage StriVectin Contour Restore 50 ml Raffermissant | | Tupique","isPartOf":{"@id":"https:\/\/tupique.com\/#website"},"primaryImageOfPage":{"@id":"https:\/\/tupique.com\/product\/creme-visage-strivectin-contour-restore-50-ml-raffermissant\/#primaryimage"},"image":{"@id":"https:\/\/tupique.com\/product\/creme-visage-strivectin-contour-restore-50-ml-raffermissant\/#primaryimage"},"thumbnailUrl":"https:\/\/tupique.com\/wp-content\/uploads\/2026\/05\/0810014323619_S05101899_P02.jpg","datePublished":"2026-05-11T14:19:47+00:00","dateModified":"2026-05-11T19:15:35+00:00","description":"Envie d'acheter Cr\u00e8me visage StriVectin Contour Restore 50 ml Raffermissant\u00a0? Achetez Cr\u00e8me visage StriVectin Contour Restore 50 ml Raffermissant maintenant avec Tupique en 3 versements sans int\u00e9r\u00eat.","breadcrumb":{"@id":"https:\/\/tupique.com\/product\/creme-visage-strivectin-contour-restore-50-ml-raffermissant\/#breadcrumb"},"inLanguage":"pt-PT","potentialAction":[{"@type":"ReadAction","target":["https:\/\/tupique.com\/product\/creme-visage-strivectin-contour-restore-50-ml-raffermissant\/"]}]},{"@type":"ImageObject","inLanguage":"pt-PT","@id":"https:\/\/tupique.com\/product\/creme-visage-strivectin-contour-restore-50-ml-raffermissant\/#primaryimage","url":"https:\/\/tupique.com\/wp-content\/uploads\/2026\/05\/0810014323619_S05101899_P02.jpg","contentUrl":"https:\/\/tupique.com\/wp-content\/uploads\/2026\/05\/0810014323619_S05101899_P02.jpg","width":1200,"height":1200,"caption":"S05101899_0"},{"@type":"BreadcrumbList","@id":"https:\/\/tupique.com\/product\/creme-visage-strivectin-contour-restore-50-ml-raffermissant\/#breadcrumb","itemListElement":[{"@type":"ListItem","position":1,"name":"commencer","item":"https:\/\/tupique.com\/"},{"@type":"ListItem","position":2,"name":"Loja","item":"https:\/\/tupique.com\/pt\/loja\/"},{"@type":"ListItem","position":3,"name":"Cr\u00e8me visage StriVectin Contour Restore 50 ml Raffermissant"}]},{"@type":"WebSite","@id":"https:\/\/tupique.com\/#website","url":"https:\/\/tupique.com\/","name":"Tupique","description":"","publisher":{"@id":"https:\/\/tupique.com\/#organization"},"potentialAction":[{"@type":"SearchAction","target":{"@type":"EntryPoint","urlTemplate":"https:\/\/tupique.com\/?s={search_term_string}"},"query-input":{"@type":"PropertyValueSpecification","valueRequired":true,"valueName":"search_term_string"}}],"inLanguage":"pt-PT"},{"@type":"Organization","@id":"https:\/\/tupique.com\/#organization","name":"Tupique","url":"https:\/\/tupique.com\/","logo":{"@type":"ImageObject","inLanguage":"pt-PT","@id":"https:\/\/tupique.com\/#\/schema\/logo\/image\/","url":"https:\/\/tupique.com\/wp-content\/uploads\/2026\/03\/logo-tupique-1.webp","contentUrl":"https:\/\/tupique.com\/wp-content\/uploads\/2026\/03\/logo-tupique-1.webp","width":500,"height":67,"caption":"Tupique"},"image":{"@id":"https:\/\/tupique.com\/#\/schema\/logo\/image\/"}}]}},"_links":{"self":[{"href":"https:\/\/tupique.com\/pt\/wp-json\/wp\/v2\/product\/182989","targetHints":{"allow":["GET"]}}],"collection":[{"href":"https:\/\/tupique.com\/pt\/wp-json\/wp\/v2\/product"}],"about":[{"href":"https:\/\/tupique.com\/pt\/wp-json\/wp\/v2\/types\/product"}],"replies":[{"embeddable":true,"href":"https:\/\/tupique.com\/pt\/wp-json\/wp\/v2\/comments?post=182989"}],"wp:featuredmedia":[{"embeddable":true,"href":"https:\/\/tupique.com\/pt\/wp-json\/wp\/v2\/media\/182987"}],"wp:attachment":[{"href":"https:\/\/tupique.com\/pt\/wp-json\/wp\/v2\/media?parent=182989"}],"wp:term":[{"taxonomy":"product_brand","embeddable":true,"href":"https:\/\/tupique.com\/pt\/wp-json\/wp\/v2\/product_brand?post=182989"},{"taxonomy":"product_cat","embeddable":true,"href":"https:\/\/tupique.com\/pt\/wp-json\/wp\/v2\/product_cat?post=182989"},{"taxonomy":"product_tag","embeddable":true,"href":"https:\/\/tupique.com\/pt\/wp-json\/wp\/v2\/product_tag?post=182989"},{"taxonomy":"woo-feed-brand","embeddable":true,"href":"https:\/\/tupique.com\/pt\/wp-json\/wp\/v2\/woo-feed-brand?post=182989"}],"curies":[{"name":"wp","href":"https:\/\/api.w.org\/{rel}","templated":true}]}}