{"id":183098,"date":"2026-05-11T16:23:15","date_gmt":"2026-05-11T14:23:15","guid":{"rendered":"https:\/\/tupique.com\/product\/creme-hydratante-la-roche-posay-effaclar-h-biome-40-ml\/"},"modified":"2026-05-11T21:17:32","modified_gmt":"2026-05-11T19:17:32","slug":"creme-hydratante-la-roche-posay-effaclar-h-biome-40-ml","status":"publish","type":"product","link":"https:\/\/tupique.com\/pt\/product\/creme-hydratante-la-roche-posay-effaclar-h-biome-40-ml\/","title":{"rendered":"Creme hidratante La Roche Posay Effaclar H Biome 40 ml"},"content":{"rendered":"<\/p>\n<p><b>Creme hidratante La Roche Posay Effaclar H Biome 40 ml<\/b> \u00e9 um produto de qualidade concebido para pessoas exigentes que se preocupam com a sua imagem e procuram os melhores cosm\u00e9ticos para real\u00e7ar a sua beleza. Se faz parte desse grupo, os produtos originais 100 % <b>La Roche Posay<\/b> s\u00e3o feitos para si.<\/p>\n<p>A <b>cr\u00e8me hydratante Effaclar H Biome<\/b> de <b>La Roche-Posay<\/b> est sp\u00e9cialement formul\u00e9e pour le soin du visage des peaux \u00e0 tendance grasse et acn\u00e9ique, offrant une solution qui hydrate de mani\u00e8re \u00e9quilibr\u00e9e sans obstruer les pores. Pr\u00e9sent\u00e9e en format pratique de <b>40 ml<\/b>, cette cr\u00e8me l\u00e9g\u00e8re convient \u00e0 un usage quotidien sur <b>peau grasse<\/b> comme sur d\u2019autres types de peau, gr\u00e2ce \u00e0 sa formule adapt\u00e9e qui aide \u00e0 restaurer et renforcer la barri\u00e8re cutan\u00e9e. La composition d\u2019Effaclar H Biome vise \u00e0 favoriser la r\u00e9cup\u00e9ration du microbiome cutan\u00e9, en promouvant un environnement sain et en r\u00e9duisant l\u2019apparition des imperfections. Son application est recommand\u00e9e pour un usage <b>de jour comme de nuit<\/b>, assurant une hydratation continue et r\u00e9gul\u00e9e sans sensation grasse ni brillance excessive, ce qui en fait une option polyvalente pour ceux qui souhaitent maintenir l\u2019\u00e9quilibre de leur peau sujette \u00e0 l\u2019acn\u00e9 ou aux exc\u00e8s de s\u00e9bum. De plus, cette cr\u00e8me visage unisexe combine la technologie avanc\u00e9e propre \u00e0 La Roche-Posay avec l\u2019expertise dermatologique, garantissant un produit \u00e0 haute tol\u00e9rance et efficacit\u00e9, test\u00e9 sur peaux sensibles. Sa formulation respecte la d\u00e9licatesse cutan\u00e9e en offrant une texture qui p\u00e9n\u00e8tre rapidement, apportant douceur et confort sans r\u00e9sidus. Ce produit est fabriqu\u00e9 en France, selon des normes strictes de qualit\u00e9, renfor\u00e7ant sa position comme une alternative fiable pour le soin complet des peaux \u00e0 tendance acn\u00e9ique. En r\u00e9sum\u00e9, la cr\u00e8me hydratante Effaclar H Biome repr\u00e9sente une solution \u00e9quilibr\u00e9e pour hydrater et prot\u00e9ger la peau grasse ou acn\u00e9ique, offrant un soin efficace qui favorise la sant\u00e9 et l\u2019apparence optimale de la peau.<\/p>\n<ul>\n<li>Utiliza\u00e7\u00e3o recomendada:\n<ul>\n<li>Peau grasse<\/li>\n<li>Peau sujette \u00e0 l&#8217;acn\u00e9<\/li>\n<li>Todos os tipos de pele<\/li>\n<\/ul>\n<\/li>\n<li>Propri\u00e9t\u00e9s: Calmant<\/li>\n<li>Tipo:\n<ul>\n<li>Dermocosm\u00e9ticos<\/li>\n<li>Parafarm\u00e1cia<\/li>\n<\/ul>\n<\/li>\n<li>Caracter\u00edsticas:\n<ul>\n<li>Jour\/Nuit<\/li>\n<li>Non com\u00e9dog\u00e8ne<\/li>\n<\/ul>\n<\/li>\n<li>Genre: Unisexe<\/li>\n<li>Texture: Cr\u00e8me<\/li>\n<li>Inclut: Doseur<\/li>\n<li>Ingredientes:\n<ul>\n<li>Potassium cetyl phosphate<\/li>\n<li>Sodium hydroxide<\/li>\n<li>Squalane<\/li>\n<li>\u00c1cido este\u00e1rico<\/li>\n<li>Vitreoscilla ferment<\/li>\n<li>\u00c1gua (Aqua)<\/li>\n<li>Xanthan gum<\/li>\n<li>Zea mays starch \/ corn starch<\/li>\n<li>Ammonium polyacryloyldimethyl taurate<\/li>\n<li>Capryloyl glycine<\/li>\n<li>Caprylyl glycol<\/li>\n<li>\u00c1cido c\u00edtrico<\/li>\n<li>Dimethicone<\/li>\n<li>Fragr\u00e2ncia (perfume)<\/li>\n<li>Glyceryl stearate se<\/li>\n<li>Hydroxyacetophenone<\/li>\n<li>Maltodextrin<\/li>\n<li>Myristic acid<\/li>\n<li>Myristyl myristate<\/li>\n<li>Niacinamide<\/li>\n<li>Palmitic acid<\/li>\n<li>Panthenol<\/li>\n<li>Glicerina<\/li>\n<li>Eau thermale<\/li>\n<li>Octadecanediol<\/li>\n<\/ul>\n<\/li>\n<li>Capacit\u00e9: 40 ml<\/li>\n<\/ul>","protected":false},"excerpt":{"rendered":"<p><span class=\"unit-info\">69.9750 &euro; \/ 100 ml<\/span><\/p>","protected":false},"featured_media":183096,"comment_status":"open","ping_status":"closed","template":"","meta":[],"product_brand":[2212],"product_cat":[1503,769,1495],"product_tag":[722],"woo-feed-brand":[],"class_list":{"0":"post-183098","1":"product","2":"type-product","3":"status-publish","4":"has-post-thumbnail","6":"product_brand-brandp_742","7":"product_cat-cremes-anti-rides-et-hydratantes","8":"product_cat-parfum-cosmetique","9":"product_cat-soin-du-visage","10":"product_tag-tag_923","12":"first","13":"instock","14":"taxable","15":"shipping-taxable","16":"purchasable","17":"product-type-simple"},"yoast_head":"<!-- This site is optimized with the Yoast SEO plugin v27.6 - https:\/\/yoast.com\/product\/yoast-seo-wordpress\/ -->\n<title>Cr\u00e8me hydratante La Roche Posay Effaclar H Biome 40 ml | | Tupique<\/title>\n<meta name=\"description\" content=\"Envie d&#039;acheter Cr\u00e8me hydratante La Roche Posay Effaclar H Biome 40 ml\u00a0? Achetez Cr\u00e8me hydratante La Roche Posay Effaclar H Biome 40 ml maintenant avec Tupique en 3 versements sans int\u00e9r\u00eat.\" \/>\n<meta name=\"robots\" content=\"index, follow, max-snippet:-1, max-image-preview:large, max-video-preview:-1\" \/>\n<link rel=\"canonical\" href=\"https:\/\/tupique.com\/pt\/product\/creme-hydratante-la-roche-posay-effaclar-h-biome-40-ml\/\" \/>\n<meta property=\"og:locale\" content=\"pt_PT\" \/>\n<meta property=\"og:type\" content=\"article\" \/>\n<meta property=\"og:title\" content=\"Cr\u00e8me hydratante La Roche Posay Effaclar H Biome 40 ml | | Tupique\" \/>\n<meta property=\"og:description\" content=\"Envie d&#039;acheter Cr\u00e8me hydratante La Roche Posay Effaclar H Biome 40 ml\u00a0? Achetez Cr\u00e8me hydratante La Roche Posay Effaclar H Biome 40 ml maintenant avec Tupique en 3 versements sans int\u00e9r\u00eat.\" \/>\n<meta property=\"og:url\" content=\"https:\/\/tupique.com\/pt\/product\/creme-hydratante-la-roche-posay-effaclar-h-biome-40-ml\/\" \/>\n<meta property=\"og:site_name\" content=\"Tupique\" \/>\n<meta property=\"article:modified_time\" content=\"2026-05-11T19:17:32+00:00\" \/>\n<meta property=\"og:image\" content=\"https:\/\/tupique.com\/wp-content\/uploads\/2026\/05\/3337875777797_R02.jpg\" \/>\n\t<meta property=\"og:image:width\" content=\"1200\" \/>\n\t<meta property=\"og:image:height\" content=\"1200\" \/>\n\t<meta property=\"og:image:type\" content=\"image\/jpeg\" \/>\n<meta name=\"twitter:card\" content=\"summary_large_image\" \/>\n<meta name=\"twitter:label1\" content=\"Tempo estimado de leitura\" \/>\n\t<meta name=\"twitter:data1\" content=\"2 minutos\" \/>\n<script type=\"application\/ld+json\" class=\"yoast-schema-graph\">{\"@context\":\"https:\\\/\\\/schema.org\",\"@graph\":[{\"@type\":\"WebPage\",\"@id\":\"https:\\\/\\\/tupique.com\\\/product\\\/creme-hydratante-la-roche-posay-effaclar-h-biome-40-ml\\\/\",\"url\":\"https:\\\/\\\/tupique.com\\\/product\\\/creme-hydratante-la-roche-posay-effaclar-h-biome-40-ml\\\/\",\"name\":\"Cr\u00e8me hydratante La Roche Posay Effaclar H Biome 40 ml | | Tupique\",\"isPartOf\":{\"@id\":\"https:\\\/\\\/tupique.com\\\/#website\"},\"primaryImageOfPage\":{\"@id\":\"https:\\\/\\\/tupique.com\\\/product\\\/creme-hydratante-la-roche-posay-effaclar-h-biome-40-ml\\\/#primaryimage\"},\"image\":{\"@id\":\"https:\\\/\\\/tupique.com\\\/product\\\/creme-hydratante-la-roche-posay-effaclar-h-biome-40-ml\\\/#primaryimage\"},\"thumbnailUrl\":\"https:\\\/\\\/tupique.com\\\/wp-content\\\/uploads\\\/2026\\\/05\\\/3337875777797_R02.jpg\",\"datePublished\":\"2026-05-11T14:23:15+00:00\",\"dateModified\":\"2026-05-11T19:17:32+00:00\",\"description\":\"Envie d'acheter Cr\u00e8me hydratante La Roche Posay Effaclar H Biome 40 ml\u00a0? Achetez Cr\u00e8me hydratante La Roche Posay Effaclar H Biome 40 ml maintenant avec Tupique en 3 versements sans int\u00e9r\u00eat.\",\"breadcrumb\":{\"@id\":\"https:\\\/\\\/tupique.com\\\/product\\\/creme-hydratante-la-roche-posay-effaclar-h-biome-40-ml\\\/#breadcrumb\"},\"inLanguage\":\"pt-PT\",\"potentialAction\":[{\"@type\":\"ReadAction\",\"target\":[\"https:\\\/\\\/tupique.com\\\/product\\\/creme-hydratante-la-roche-posay-effaclar-h-biome-40-ml\\\/\"]}]},{\"@type\":\"ImageObject\",\"inLanguage\":\"pt-PT\",\"@id\":\"https:\\\/\\\/tupique.com\\\/product\\\/creme-hydratante-la-roche-posay-effaclar-h-biome-40-ml\\\/#primaryimage\",\"url\":\"https:\\\/\\\/tupique.com\\\/wp-content\\\/uploads\\\/2026\\\/05\\\/3337875777797_R02.jpg\",\"contentUrl\":\"https:\\\/\\\/tupique.com\\\/wp-content\\\/uploads\\\/2026\\\/05\\\/3337875777797_R02.jpg\",\"width\":1200,\"height\":1200,\"caption\":\"S0597849_0\"},{\"@type\":\"BreadcrumbList\",\"@id\":\"https:\\\/\\\/tupique.com\\\/product\\\/creme-hydratante-la-roche-posay-effaclar-h-biome-40-ml\\\/#breadcrumb\",\"itemListElement\":[{\"@type\":\"ListItem\",\"position\":1,\"name\":\"commencer\",\"item\":\"https:\\\/\\\/tupique.com\\\/\"},{\"@type\":\"ListItem\",\"position\":2,\"name\":\"Loja\",\"item\":\"https:\\\/\\\/tupique.com\\\/pt\\\/loja\\\/\"},{\"@type\":\"ListItem\",\"position\":3,\"name\":\"Cr\u00e8me hydratante La Roche Posay Effaclar H Biome 40 ml\"}]},{\"@type\":\"WebSite\",\"@id\":\"https:\\\/\\\/tupique.com\\\/#website\",\"url\":\"https:\\\/\\\/tupique.com\\\/\",\"name\":\"Tupique\",\"description\":\"\",\"publisher\":{\"@id\":\"https:\\\/\\\/tupique.com\\\/#organization\"},\"potentialAction\":[{\"@type\":\"SearchAction\",\"target\":{\"@type\":\"EntryPoint\",\"urlTemplate\":\"https:\\\/\\\/tupique.com\\\/?s={search_term_string}\"},\"query-input\":{\"@type\":\"PropertyValueSpecification\",\"valueRequired\":true,\"valueName\":\"search_term_string\"}}],\"inLanguage\":\"pt-PT\"},{\"@type\":\"Organization\",\"@id\":\"https:\\\/\\\/tupique.com\\\/#organization\",\"name\":\"Tupique\",\"url\":\"https:\\\/\\\/tupique.com\\\/\",\"logo\":{\"@type\":\"ImageObject\",\"inLanguage\":\"pt-PT\",\"@id\":\"https:\\\/\\\/tupique.com\\\/#\\\/schema\\\/logo\\\/image\\\/\",\"url\":\"https:\\\/\\\/tupique.com\\\/wp-content\\\/uploads\\\/2026\\\/03\\\/logo-tupique-1.webp\",\"contentUrl\":\"https:\\\/\\\/tupique.com\\\/wp-content\\\/uploads\\\/2026\\\/03\\\/logo-tupique-1.webp\",\"width\":500,\"height\":67,\"caption\":\"Tupique\"},\"image\":{\"@id\":\"https:\\\/\\\/tupique.com\\\/#\\\/schema\\\/logo\\\/image\\\/\"}}]}<\/script>\n<!-- \/ Yoast SEO plugin. -->","yoast_head_json":{"title":"Cr\u00e8me hydratante La Roche Posay Effaclar H Biome 40 ml | | Tupique","description":"Envie d'acheter Cr\u00e8me hydratante La Roche Posay Effaclar H Biome 40 ml\u00a0? Achetez Cr\u00e8me hydratante La Roche Posay Effaclar H Biome 40 ml maintenant avec Tupique en 3 versements sans int\u00e9r\u00eat.","robots":{"index":"index","follow":"follow","max-snippet":"max-snippet:-1","max-image-preview":"max-image-preview:large","max-video-preview":"max-video-preview:-1"},"canonical":"https:\/\/tupique.com\/pt\/product\/creme-hydratante-la-roche-posay-effaclar-h-biome-40-ml\/","og_locale":"pt_PT","og_type":"article","og_title":"Cr\u00e8me hydratante La Roche Posay Effaclar H Biome 40 ml | | Tupique","og_description":"Envie d'acheter Cr\u00e8me hydratante La Roche Posay Effaclar H Biome 40 ml\u00a0? Achetez Cr\u00e8me hydratante La Roche Posay Effaclar H Biome 40 ml maintenant avec Tupique en 3 versements sans int\u00e9r\u00eat.","og_url":"https:\/\/tupique.com\/pt\/product\/creme-hydratante-la-roche-posay-effaclar-h-biome-40-ml\/","og_site_name":"Tupique","article_modified_time":"2026-05-11T19:17:32+00:00","og_image":[{"width":1200,"height":1200,"url":"https:\/\/tupique.com\/wp-content\/uploads\/2026\/05\/3337875777797_R02.jpg","type":"image\/jpeg"}],"twitter_card":"summary_large_image","twitter_misc":{"Tempo estimado de leitura":"2 minutos"},"schema":{"@context":"https:\/\/schema.org","@graph":[{"@type":"WebPage","@id":"https:\/\/tupique.com\/product\/creme-hydratante-la-roche-posay-effaclar-h-biome-40-ml\/","url":"https:\/\/tupique.com\/product\/creme-hydratante-la-roche-posay-effaclar-h-biome-40-ml\/","name":"Cr\u00e8me hydratante La Roche Posay Effaclar H Biome 40 ml | | Tupique","isPartOf":{"@id":"https:\/\/tupique.com\/#website"},"primaryImageOfPage":{"@id":"https:\/\/tupique.com\/product\/creme-hydratante-la-roche-posay-effaclar-h-biome-40-ml\/#primaryimage"},"image":{"@id":"https:\/\/tupique.com\/product\/creme-hydratante-la-roche-posay-effaclar-h-biome-40-ml\/#primaryimage"},"thumbnailUrl":"https:\/\/tupique.com\/wp-content\/uploads\/2026\/05\/3337875777797_R02.jpg","datePublished":"2026-05-11T14:23:15+00:00","dateModified":"2026-05-11T19:17:32+00:00","description":"Envie d'acheter Cr\u00e8me hydratante La Roche Posay Effaclar H Biome 40 ml\u00a0? Achetez Cr\u00e8me hydratante La Roche Posay Effaclar H Biome 40 ml maintenant avec Tupique en 3 versements sans int\u00e9r\u00eat.","breadcrumb":{"@id":"https:\/\/tupique.com\/product\/creme-hydratante-la-roche-posay-effaclar-h-biome-40-ml\/#breadcrumb"},"inLanguage":"pt-PT","potentialAction":[{"@type":"ReadAction","target":["https:\/\/tupique.com\/product\/creme-hydratante-la-roche-posay-effaclar-h-biome-40-ml\/"]}]},{"@type":"ImageObject","inLanguage":"pt-PT","@id":"https:\/\/tupique.com\/product\/creme-hydratante-la-roche-posay-effaclar-h-biome-40-ml\/#primaryimage","url":"https:\/\/tupique.com\/wp-content\/uploads\/2026\/05\/3337875777797_R02.jpg","contentUrl":"https:\/\/tupique.com\/wp-content\/uploads\/2026\/05\/3337875777797_R02.jpg","width":1200,"height":1200,"caption":"S0597849_0"},{"@type":"BreadcrumbList","@id":"https:\/\/tupique.com\/product\/creme-hydratante-la-roche-posay-effaclar-h-biome-40-ml\/#breadcrumb","itemListElement":[{"@type":"ListItem","position":1,"name":"commencer","item":"https:\/\/tupique.com\/"},{"@type":"ListItem","position":2,"name":"Loja","item":"https:\/\/tupique.com\/pt\/loja\/"},{"@type":"ListItem","position":3,"name":"Cr\u00e8me hydratante La Roche Posay Effaclar H Biome 40 ml"}]},{"@type":"WebSite","@id":"https:\/\/tupique.com\/#website","url":"https:\/\/tupique.com\/","name":"Tupique","description":"","publisher":{"@id":"https:\/\/tupique.com\/#organization"},"potentialAction":[{"@type":"SearchAction","target":{"@type":"EntryPoint","urlTemplate":"https:\/\/tupique.com\/?s={search_term_string}"},"query-input":{"@type":"PropertyValueSpecification","valueRequired":true,"valueName":"search_term_string"}}],"inLanguage":"pt-PT"},{"@type":"Organization","@id":"https:\/\/tupique.com\/#organization","name":"Tupique","url":"https:\/\/tupique.com\/","logo":{"@type":"ImageObject","inLanguage":"pt-PT","@id":"https:\/\/tupique.com\/#\/schema\/logo\/image\/","url":"https:\/\/tupique.com\/wp-content\/uploads\/2026\/03\/logo-tupique-1.webp","contentUrl":"https:\/\/tupique.com\/wp-content\/uploads\/2026\/03\/logo-tupique-1.webp","width":500,"height":67,"caption":"Tupique"},"image":{"@id":"https:\/\/tupique.com\/#\/schema\/logo\/image\/"}}]}},"_links":{"self":[{"href":"https:\/\/tupique.com\/pt\/wp-json\/wp\/v2\/product\/183098","targetHints":{"allow":["GET"]}}],"collection":[{"href":"https:\/\/tupique.com\/pt\/wp-json\/wp\/v2\/product"}],"about":[{"href":"https:\/\/tupique.com\/pt\/wp-json\/wp\/v2\/types\/product"}],"replies":[{"embeddable":true,"href":"https:\/\/tupique.com\/pt\/wp-json\/wp\/v2\/comments?post=183098"}],"wp:featuredmedia":[{"embeddable":true,"href":"https:\/\/tupique.com\/pt\/wp-json\/wp\/v2\/media\/183096"}],"wp:attachment":[{"href":"https:\/\/tupique.com\/pt\/wp-json\/wp\/v2\/media?parent=183098"}],"wp:term":[{"taxonomy":"product_brand","embeddable":true,"href":"https:\/\/tupique.com\/pt\/wp-json\/wp\/v2\/product_brand?post=183098"},{"taxonomy":"product_cat","embeddable":true,"href":"https:\/\/tupique.com\/pt\/wp-json\/wp\/v2\/product_cat?post=183098"},{"taxonomy":"product_tag","embeddable":true,"href":"https:\/\/tupique.com\/pt\/wp-json\/wp\/v2\/product_tag?post=183098"},{"taxonomy":"woo-feed-brand","embeddable":true,"href":"https:\/\/tupique.com\/pt\/wp-json\/wp\/v2\/woo-feed-brand?post=183098"}],"curies":[{"name":"wp","href":"https:\/\/api.w.org\/{rel}","templated":true}]}}