{"id":183240,"date":"2026-05-11T16:38:41","date_gmt":"2026-05-11T14:38:41","guid":{"rendered":"https:\/\/tupique.com\/product\/spray-deodorant-paco-rabanne-fame-150-ml\/"},"modified":"2026-05-11T21:15:35","modified_gmt":"2026-05-11T19:15:35","slug":"spray-deodorant-paco-rabanne-fame-150-ml","status":"publish","type":"product","link":"https:\/\/tupique.com\/pt\/product\/spray-deodorant-paco-rabanne-fame-150-ml\/","title":{"rendered":"Spray d\u00e9odorant Paco Rabanne Fame (150 ml)"},"content":{"rendered":"<p>Spray d\u00e9odorant Paco Rabanne Fame (150 ml) est un produit exclusif de qualit\u00e9 pour le soin du corps. Si vous recherchez les meilleurs produits d\u2019hygi\u00e8ne personnelle, les produits Paco Rabanne 100 % originaux sont exactement ce dont vous avez besoin.<\/p>\n<ul>\n<li>Capacit\u00e9: 150 ml<\/li>\n<li>G\u00e9nero: Femme<\/li>\n<li>Type: Spray d\u00e9odorant<\/li>\n<\/ul>","protected":false},"excerpt":{"rendered":"<p>Spray d\u00e9odorant Paco Rabanne Fame (150 ml) est un produit exclusif de qualit\u00e9 pour le soin du corps. Si vous recherchez les meilleurs produits d\u2019hygi\u00e8ne personnelle, les produits Paco Rabanne 100 % originaux sont exactement ce dont vous avez besoin. Capacit\u00e9: 150 ml Genre: Femme Type: Spray d\u00e9odorant<\/p>","protected":false},"featured_media":183236,"comment_status":"open","ping_status":"closed","template":"","meta":[],"product_brand":[2405],"product_cat":[2397,769,770],"product_tag":[722],"woo-feed-brand":[],"class_list":{"0":"post-183240","1":"product","2":"type-product","3":"status-publish","4":"has-post-thumbnail","6":"product_brand-brandp_454","7":"product_cat-deodorants-en-spray","8":"product_cat-parfum-cosmetique","9":"product_cat-soin-corporel","10":"product_tag-tag_923","12":"first","13":"instock","14":"taxable","15":"shipping-taxable","16":"purchasable","17":"product-type-simple"},"yoast_head":"<!-- This site is optimized with the Yoast SEO plugin v27.6 - https:\/\/yoast.com\/product\/yoast-seo-wordpress\/ -->\n<title>Spray d\u00e9odorant Paco Rabanne Fame (150 ml) | | Tupique<\/title>\n<meta name=\"description\" content=\"Envie d&#039;acheter Spray d\u00e9odorant Paco Rabanne Fame (150 ml)\u00a0? Achetez Spray d\u00e9odorant Paco Rabanne Fame (150 ml) maintenant avec Tupique en 3 versements sans int\u00e9r\u00eat.\" \/>\n<meta name=\"robots\" content=\"index, follow, max-snippet:-1, max-image-preview:large, max-video-preview:-1\" \/>\n<link rel=\"canonical\" href=\"https:\/\/tupique.com\/pt\/product\/spray-deodorant-paco-rabanne-fame-150-ml\/\" \/>\n<meta property=\"og:locale\" content=\"pt_PT\" \/>\n<meta property=\"og:type\" content=\"article\" \/>\n<meta property=\"og:title\" content=\"Spray d\u00e9odorant Paco Rabanne Fame (150 ml) | | Tupique\" \/>\n<meta property=\"og:description\" content=\"Envie d&#039;acheter Spray d\u00e9odorant Paco Rabanne Fame (150 ml)\u00a0? Achetez Spray d\u00e9odorant Paco Rabanne Fame (150 ml) maintenant avec Tupique en 3 versements sans int\u00e9r\u00eat.\" \/>\n<meta property=\"og:url\" content=\"https:\/\/tupique.com\/pt\/product\/spray-deodorant-paco-rabanne-fame-150-ml\/\" \/>\n<meta property=\"og:site_name\" content=\"Tupique\" \/>\n<meta property=\"article:modified_time\" content=\"2026-05-11T19:15:35+00:00\" \/>\n<meta property=\"og:image\" content=\"https:\/\/tupique.com\/wp-content\/uploads\/2026\/05\/3349668595174_00_WBG2.jpg\" \/>\n\t<meta property=\"og:image:width\" content=\"1200\" \/>\n\t<meta property=\"og:image:height\" content=\"1200\" \/>\n\t<meta property=\"og:image:type\" content=\"image\/jpeg\" \/>\n<meta name=\"twitter:card\" content=\"summary_large_image\" \/>\n<script type=\"application\/ld+json\" class=\"yoast-schema-graph\">{\"@context\":\"https:\\\/\\\/schema.org\",\"@graph\":[{\"@type\":\"WebPage\",\"@id\":\"https:\\\/\\\/tupique.com\\\/pt\\\/product\\\/spray-deodorant-paco-rabanne-fame-150-ml\\\/\",\"url\":\"https:\\\/\\\/tupique.com\\\/pt\\\/product\\\/spray-deodorant-paco-rabanne-fame-150-ml\\\/\",\"name\":\"Spray d\u00e9odorant Paco Rabanne Fame (150 ml) | | Tupique\",\"isPartOf\":{\"@id\":\"https:\\\/\\\/tupique.com\\\/#website\"},\"primaryImageOfPage\":{\"@id\":\"https:\\\/\\\/tupique.com\\\/pt\\\/product\\\/spray-deodorant-paco-rabanne-fame-150-ml\\\/#primaryimage\"},\"image\":{\"@id\":\"https:\\\/\\\/tupique.com\\\/pt\\\/product\\\/spray-deodorant-paco-rabanne-fame-150-ml\\\/#primaryimage\"},\"thumbnailUrl\":\"https:\\\/\\\/tupique.com\\\/wp-content\\\/uploads\\\/2026\\\/05\\\/3349668595174_00_WBG2.jpg\",\"datePublished\":\"2026-05-11T14:38:41+00:00\",\"dateModified\":\"2026-05-11T19:15:35+00:00\",\"description\":\"Envie d'acheter Spray d\u00e9odorant Paco Rabanne Fame (150 ml)\u00a0? Achetez Spray d\u00e9odorant Paco Rabanne Fame (150 ml) maintenant avec Tupique en 3 versements sans int\u00e9r\u00eat.\",\"breadcrumb\":{\"@id\":\"https:\\\/\\\/tupique.com\\\/pt\\\/product\\\/spray-deodorant-paco-rabanne-fame-150-ml\\\/#breadcrumb\"},\"inLanguage\":\"pt-PT\",\"potentialAction\":[{\"@type\":\"ReadAction\",\"target\":[\"https:\\\/\\\/tupique.com\\\/pt\\\/product\\\/spray-deodorant-paco-rabanne-fame-150-ml\\\/\"]}]},{\"@type\":\"ImageObject\",\"inLanguage\":\"pt-PT\",\"@id\":\"https:\\\/\\\/tupique.com\\\/pt\\\/product\\\/spray-deodorant-paco-rabanne-fame-150-ml\\\/#primaryimage\",\"url\":\"https:\\\/\\\/tupique.com\\\/wp-content\\\/uploads\\\/2026\\\/05\\\/3349668595174_00_WBG2.jpg\",\"contentUrl\":\"https:\\\/\\\/tupique.com\\\/wp-content\\\/uploads\\\/2026\\\/05\\\/3349668595174_00_WBG2.jpg\",\"width\":1200,\"height\":1200,\"caption\":\"S05103065_0\"},{\"@type\":\"BreadcrumbList\",\"@id\":\"https:\\\/\\\/tupique.com\\\/pt\\\/product\\\/spray-deodorant-paco-rabanne-fame-150-ml\\\/#breadcrumb\",\"itemListElement\":[{\"@type\":\"ListItem\",\"position\":1,\"name\":\"commencer\",\"item\":\"https:\\\/\\\/tupique.com\\\/\"},{\"@type\":\"ListItem\",\"position\":2,\"name\":\"Loja\",\"item\":\"https:\\\/\\\/tupique.com\\\/pt\\\/loja\\\/\"},{\"@type\":\"ListItem\",\"position\":3,\"name\":\"Spray d\u00e9odorant Paco Rabanne Fame (150 ml)\"}]},{\"@type\":\"WebSite\",\"@id\":\"https:\\\/\\\/tupique.com\\\/#website\",\"url\":\"https:\\\/\\\/tupique.com\\\/\",\"name\":\"Tupique\",\"description\":\"\",\"publisher\":{\"@id\":\"https:\\\/\\\/tupique.com\\\/#organization\"},\"potentialAction\":[{\"@type\":\"SearchAction\",\"target\":{\"@type\":\"EntryPoint\",\"urlTemplate\":\"https:\\\/\\\/tupique.com\\\/?s={search_term_string}\"},\"query-input\":{\"@type\":\"PropertyValueSpecification\",\"valueRequired\":true,\"valueName\":\"search_term_string\"}}],\"inLanguage\":\"pt-PT\"},{\"@type\":\"Organization\",\"@id\":\"https:\\\/\\\/tupique.com\\\/#organization\",\"name\":\"Tupique\",\"url\":\"https:\\\/\\\/tupique.com\\\/\",\"logo\":{\"@type\":\"ImageObject\",\"inLanguage\":\"pt-PT\",\"@id\":\"https:\\\/\\\/tupique.com\\\/#\\\/schema\\\/logo\\\/image\\\/\",\"url\":\"https:\\\/\\\/tupique.com\\\/wp-content\\\/uploads\\\/2026\\\/03\\\/logo-tupique-1.webp\",\"contentUrl\":\"https:\\\/\\\/tupique.com\\\/wp-content\\\/uploads\\\/2026\\\/03\\\/logo-tupique-1.webp\",\"width\":500,\"height\":67,\"caption\":\"Tupique\"},\"image\":{\"@id\":\"https:\\\/\\\/tupique.com\\\/#\\\/schema\\\/logo\\\/image\\\/\"}}]}<\/script>\n<!-- \/ Yoast SEO plugin. -->","yoast_head_json":{"title":"Spray d\u00e9odorant Paco Rabanne Fame (150 ml) | | Tupique","description":"Envie d'acheter Spray d\u00e9odorant Paco Rabanne Fame (150 ml)\u00a0? Achetez Spray d\u00e9odorant Paco Rabanne Fame (150 ml) maintenant avec Tupique en 3 versements sans int\u00e9r\u00eat.","robots":{"index":"index","follow":"follow","max-snippet":"max-snippet:-1","max-image-preview":"max-image-preview:large","max-video-preview":"max-video-preview:-1"},"canonical":"https:\/\/tupique.com\/pt\/product\/spray-deodorant-paco-rabanne-fame-150-ml\/","og_locale":"pt_PT","og_type":"article","og_title":"Spray d\u00e9odorant Paco Rabanne Fame (150 ml) | | Tupique","og_description":"Envie d'acheter Spray d\u00e9odorant Paco Rabanne Fame (150 ml)\u00a0? Achetez Spray d\u00e9odorant Paco Rabanne Fame (150 ml) maintenant avec Tupique en 3 versements sans int\u00e9r\u00eat.","og_url":"https:\/\/tupique.com\/pt\/product\/spray-deodorant-paco-rabanne-fame-150-ml\/","og_site_name":"Tupique","article_modified_time":"2026-05-11T19:15:35+00:00","og_image":[{"width":1200,"height":1200,"url":"https:\/\/tupique.com\/wp-content\/uploads\/2026\/05\/3349668595174_00_WBG2.jpg","type":"image\/jpeg"}],"twitter_card":"summary_large_image","schema":{"@context":"https:\/\/schema.org","@graph":[{"@type":"WebPage","@id":"https:\/\/tupique.com\/pt\/product\/spray-deodorant-paco-rabanne-fame-150-ml\/","url":"https:\/\/tupique.com\/pt\/product\/spray-deodorant-paco-rabanne-fame-150-ml\/","name":"Spray d\u00e9odorant Paco Rabanne Fame (150 ml) | | Tupique","isPartOf":{"@id":"https:\/\/tupique.com\/#website"},"primaryImageOfPage":{"@id":"https:\/\/tupique.com\/pt\/product\/spray-deodorant-paco-rabanne-fame-150-ml\/#primaryimage"},"image":{"@id":"https:\/\/tupique.com\/pt\/product\/spray-deodorant-paco-rabanne-fame-150-ml\/#primaryimage"},"thumbnailUrl":"https:\/\/tupique.com\/wp-content\/uploads\/2026\/05\/3349668595174_00_WBG2.jpg","datePublished":"2026-05-11T14:38:41+00:00","dateModified":"2026-05-11T19:15:35+00:00","description":"Envie d'acheter Spray d\u00e9odorant Paco Rabanne Fame (150 ml)\u00a0? Achetez Spray d\u00e9odorant Paco Rabanne Fame (150 ml) maintenant avec Tupique en 3 versements sans int\u00e9r\u00eat.","breadcrumb":{"@id":"https:\/\/tupique.com\/pt\/product\/spray-deodorant-paco-rabanne-fame-150-ml\/#breadcrumb"},"inLanguage":"pt-PT","potentialAction":[{"@type":"ReadAction","target":["https:\/\/tupique.com\/pt\/product\/spray-deodorant-paco-rabanne-fame-150-ml\/"]}]},{"@type":"ImageObject","inLanguage":"pt-PT","@id":"https:\/\/tupique.com\/pt\/product\/spray-deodorant-paco-rabanne-fame-150-ml\/#primaryimage","url":"https:\/\/tupique.com\/wp-content\/uploads\/2026\/05\/3349668595174_00_WBG2.jpg","contentUrl":"https:\/\/tupique.com\/wp-content\/uploads\/2026\/05\/3349668595174_00_WBG2.jpg","width":1200,"height":1200,"caption":"S05103065_0"},{"@type":"BreadcrumbList","@id":"https:\/\/tupique.com\/pt\/product\/spray-deodorant-paco-rabanne-fame-150-ml\/#breadcrumb","itemListElement":[{"@type":"ListItem","position":1,"name":"commencer","item":"https:\/\/tupique.com\/"},{"@type":"ListItem","position":2,"name":"Loja","item":"https:\/\/tupique.com\/pt\/loja\/"},{"@type":"ListItem","position":3,"name":"Spray d\u00e9odorant Paco Rabanne Fame (150 ml)"}]},{"@type":"WebSite","@id":"https:\/\/tupique.com\/#website","url":"https:\/\/tupique.com\/","name":"Tupique","description":"","publisher":{"@id":"https:\/\/tupique.com\/#organization"},"potentialAction":[{"@type":"SearchAction","target":{"@type":"EntryPoint","urlTemplate":"https:\/\/tupique.com\/?s={search_term_string}"},"query-input":{"@type":"PropertyValueSpecification","valueRequired":true,"valueName":"search_term_string"}}],"inLanguage":"pt-PT"},{"@type":"Organization","@id":"https:\/\/tupique.com\/#organization","name":"Tupique","url":"https:\/\/tupique.com\/","logo":{"@type":"ImageObject","inLanguage":"pt-PT","@id":"https:\/\/tupique.com\/#\/schema\/logo\/image\/","url":"https:\/\/tupique.com\/wp-content\/uploads\/2026\/03\/logo-tupique-1.webp","contentUrl":"https:\/\/tupique.com\/wp-content\/uploads\/2026\/03\/logo-tupique-1.webp","width":500,"height":67,"caption":"Tupique"},"image":{"@id":"https:\/\/tupique.com\/#\/schema\/logo\/image\/"}}]}},"_links":{"self":[{"href":"https:\/\/tupique.com\/pt\/wp-json\/wp\/v2\/product\/183240","targetHints":{"allow":["GET"]}}],"collection":[{"href":"https:\/\/tupique.com\/pt\/wp-json\/wp\/v2\/product"}],"about":[{"href":"https:\/\/tupique.com\/pt\/wp-json\/wp\/v2\/types\/product"}],"replies":[{"embeddable":true,"href":"https:\/\/tupique.com\/pt\/wp-json\/wp\/v2\/comments?post=183240"}],"wp:featuredmedia":[{"embeddable":true,"href":"https:\/\/tupique.com\/pt\/wp-json\/wp\/v2\/media\/183236"}],"wp:attachment":[{"href":"https:\/\/tupique.com\/pt\/wp-json\/wp\/v2\/media?parent=183240"}],"wp:term":[{"taxonomy":"product_brand","embeddable":true,"href":"https:\/\/tupique.com\/pt\/wp-json\/wp\/v2\/product_brand?post=183240"},{"taxonomy":"product_cat","embeddable":true,"href":"https:\/\/tupique.com\/pt\/wp-json\/wp\/v2\/product_cat?post=183240"},{"taxonomy":"product_tag","embeddable":true,"href":"https:\/\/tupique.com\/pt\/wp-json\/wp\/v2\/product_tag?post=183240"},{"taxonomy":"woo-feed-brand","embeddable":true,"href":"https:\/\/tupique.com\/pt\/wp-json\/wp\/v2\/woo-feed-brand?post=183240"}],"curies":[{"name":"wp","href":"https:\/\/api.w.org\/{rel}","templated":true}]}}