{"id":183252,"date":"2026-05-11T16:38:55","date_gmt":"2026-05-11T14:38:55","guid":{"rendered":"https:\/\/tupique.com\/product\/brosse-de-salle-de-wc-dkd-home-decor-ciment-acier-inoxydable-vert-10-x-10-x-36-cm\/"},"modified":"2026-05-11T21:17:55","modified_gmt":"2026-05-11T19:17:55","slug":"brosse-de-salle-de-wc-dkd-home-decor-ciment-acier-inoxydable-vert-10-x-10-x-36-cm","status":"publish","type":"product","link":"https:\/\/tupique.com\/pt\/product\/brosse-de-salle-de-wc-dkd-home-decor-ciment-acier-inoxydable-vert-10-x-10-x-36-cm\/","title":{"rendered":"Brosse de salle de wc DKD Home Decor Ciment Acier inoxydable Vert 10 x 10 x 36 cm"},"content":{"rendered":"<p>Si vous aimez prendre soin de chaque d\u00e9tail de votre maison et d&#8217;\u00eatre \u00e0 la derni\u00e8re mode en mati\u00e8re de produits qui vous rendront la vie plus facile, achetez <b>Brosse de salle de wc DKD Home Decor Ciment Acier inoxydable Vert 10 x 10 x 36 cm<\/b> au meilleur prix.<\/p>\n<ul>\n<li>Type: Brosse de salle de wc<\/li>\n<li>Couleur: Vert<\/li>\n<li>Mat\u00e9riel:\n<ul>\n<li>Acier inoxydable<\/li>\n<li>Ciment<\/li>\n<\/ul>\n<\/li>\n<li>Caract\u00e9ristiques: Finition mate<\/li>\n<li>Design: Urbaine<\/li>\n<li>Unit\u00e9s: 12 Unit\u00e9s<\/li>\n<li>Dimensions approx.: 10 x 10 x 36 cm<\/li>\n<li>Langue: Fran\u00e7ais<\/li>\n<li>Type poign\u00e9e: Acier inoxydable<\/li>\n<\/ul>","protected":false},"excerpt":{"rendered":"<p>Si vous aimez prendre soin de chaque d\u00e9tail de votre maison et d&#8217;\u00eatre \u00e0 la derni\u00e8re mode en mati\u00e8re de produits qui vous rendront la vie plus facile, achetez Brosse de salle de wc DKD Home Decor Ciment Acier inoxydable Vert 10 x 10 x 36 cm au meilleur prix. Type: Brosse de salle de [&hellip;]<\/p>\n","protected":false},"featured_media":183250,"comment_status":"open","ping_status":"closed","template":"","meta":[],"product_brand":[263],"product_cat":[781,239,780],"product_tag":[210],"class_list":{"0":"post-183252","1":"product","2":"type-product","3":"status-publish","4":"has-post-thumbnail","6":"product_brand-brandp_3770","7":"product_cat-accessoires-et-robinets","8":"product_cat-maison-jardin","9":"product_cat-salle-de-bain","10":"product_tag-tag_25","12":"first","13":"instock","14":"taxable","15":"shipping-taxable","16":"purchasable","17":"product-type-simple"},"yoast_head":"<!-- This site is optimized with the Yoast SEO plugin v27.5 - https:\/\/yoast.com\/product\/yoast-seo-wordpress\/ -->\n<title>Brosse de salle de wc DKD Home Decor Ciment Acier inoxydable Vert 10 x 10 x 36 cm - Tupique<\/title>\n<meta name=\"robots\" content=\"index, follow, max-snippet:-1, max-image-preview:large, max-video-preview:-1\" \/>\n<link rel=\"canonical\" href=\"https:\/\/tupique.com\/pt\/product\/brosse-de-salle-de-wc-dkd-home-decor-ciment-acier-inoxydable-vert-10-x-10-x-36-cm\/\" \/>\n<meta property=\"og:locale\" content=\"pt_PT\" \/>\n<meta property=\"og:type\" content=\"article\" \/>\n<meta property=\"og:title\" content=\"Brosse de salle de wc DKD Home Decor Ciment Acier inoxydable Vert 10 x 10 x 36 cm - Tupique\" \/>\n<meta property=\"og:description\" content=\"Si vous aimez prendre soin de chaque d\u00e9tail de votre maison et d&#8217;\u00eatre \u00e0 la derni\u00e8re mode en mati\u00e8re de produits qui vous rendront la vie plus facile, achetez Brosse de salle de wc DKD Home Decor Ciment Acier inoxydable Vert 10 x 10 x 36 cm au meilleur prix. Type: Brosse de salle de [&hellip;]\" \/>\n<meta property=\"og:url\" content=\"https:\/\/tupique.com\/pt\/product\/brosse-de-salle-de-wc-dkd-home-decor-ciment-acier-inoxydable-vert-10-x-10-x-36-cm\/\" \/>\n<meta property=\"og:site_name\" content=\"Tupique\" \/>\n<meta property=\"article:modified_time\" content=\"2026-05-11T19:17:55+00:00\" \/>\n<meta name=\"twitter:card\" content=\"summary_large_image\" \/>\n<script type=\"application\/ld+json\" class=\"yoast-schema-graph\">{\"@context\":\"https:\\\/\\\/schema.org\",\"@graph\":[{\"@type\":\"WebPage\",\"@id\":\"https:\\\/\\\/tupique.com\\\/product\\\/brosse-de-salle-de-wc-dkd-home-decor-ciment-acier-inoxydable-vert-10-x-10-x-36-cm\\\/\",\"url\":\"https:\\\/\\\/tupique.com\\\/product\\\/brosse-de-salle-de-wc-dkd-home-decor-ciment-acier-inoxydable-vert-10-x-10-x-36-cm\\\/\",\"name\":\"Brosse de salle de wc DKD Home Decor Ciment Acier inoxydable Vert 10 x 10 x 36 cm - Tupique\",\"isPartOf\":{\"@id\":\"https:\\\/\\\/tupique.com\\\/#website\"},\"primaryImageOfPage\":{\"@id\":\"https:\\\/\\\/tupique.com\\\/product\\\/brosse-de-salle-de-wc-dkd-home-decor-ciment-acier-inoxydable-vert-10-x-10-x-36-cm\\\/#primaryimage\"},\"image\":{\"@id\":\"https:\\\/\\\/tupique.com\\\/product\\\/brosse-de-salle-de-wc-dkd-home-decor-ciment-acier-inoxydable-vert-10-x-10-x-36-cm\\\/#primaryimage\"},\"thumbnailUrl\":\"https:\\\/\\\/tupique.com\\\/wp-content\\\/uploads\\\/2026\\\/05\\\/8424002036409_S3041015_P23.jpg\",\"datePublished\":\"2026-05-11T14:38:55+00:00\",\"dateModified\":\"2026-05-11T19:17:55+00:00\",\"breadcrumb\":{\"@id\":\"https:\\\/\\\/tupique.com\\\/product\\\/brosse-de-salle-de-wc-dkd-home-decor-ciment-acier-inoxydable-vert-10-x-10-x-36-cm\\\/#breadcrumb\"},\"inLanguage\":\"pt-PT\",\"potentialAction\":[{\"@type\":\"ReadAction\",\"target\":[\"https:\\\/\\\/tupique.com\\\/product\\\/brosse-de-salle-de-wc-dkd-home-decor-ciment-acier-inoxydable-vert-10-x-10-x-36-cm\\\/\"]}]},{\"@type\":\"ImageObject\",\"inLanguage\":\"pt-PT\",\"@id\":\"https:\\\/\\\/tupique.com\\\/product\\\/brosse-de-salle-de-wc-dkd-home-decor-ciment-acier-inoxydable-vert-10-x-10-x-36-cm\\\/#primaryimage\",\"url\":\"https:\\\/\\\/tupique.com\\\/wp-content\\\/uploads\\\/2026\\\/05\\\/8424002036409_S3041015_P23.jpg\",\"contentUrl\":\"https:\\\/\\\/tupique.com\\\/wp-content\\\/uploads\\\/2026\\\/05\\\/8424002036409_S3041015_P23.jpg\",\"width\":1200,\"height\":1200,\"caption\":\"S3041015_0\"},{\"@type\":\"BreadcrumbList\",\"@id\":\"https:\\\/\\\/tupique.com\\\/product\\\/brosse-de-salle-de-wc-dkd-home-decor-ciment-acier-inoxydable-vert-10-x-10-x-36-cm\\\/#breadcrumb\",\"itemListElement\":[{\"@type\":\"ListItem\",\"position\":1,\"name\":\"commencer\",\"item\":\"https:\\\/\\\/tupique.com\\\/\"},{\"@type\":\"ListItem\",\"position\":2,\"name\":\"Loja\",\"item\":\"https:\\\/\\\/tupique.com\\\/loja\\\/\"},{\"@type\":\"ListItem\",\"position\":3,\"name\":\"Brosse de salle de wc DKD Home Decor Ciment Acier inoxydable Vert 10 x 10 x 36 cm\"}]},{\"@type\":\"WebSite\",\"@id\":\"https:\\\/\\\/tupique.com\\\/#website\",\"url\":\"https:\\\/\\\/tupique.com\\\/\",\"name\":\"Tupique\",\"description\":\"\",\"publisher\":{\"@id\":\"https:\\\/\\\/tupique.com\\\/#organization\"},\"potentialAction\":[{\"@type\":\"SearchAction\",\"target\":{\"@type\":\"EntryPoint\",\"urlTemplate\":\"https:\\\/\\\/tupique.com\\\/?s={search_term_string}\"},\"query-input\":{\"@type\":\"PropertyValueSpecification\",\"valueRequired\":true,\"valueName\":\"search_term_string\"}}],\"inLanguage\":\"pt-PT\"},{\"@type\":\"Organization\",\"@id\":\"https:\\\/\\\/tupique.com\\\/#organization\",\"name\":\"Tupique\",\"url\":\"https:\\\/\\\/tupique.com\\\/\",\"logo\":{\"@type\":\"ImageObject\",\"inLanguage\":\"pt-PT\",\"@id\":\"https:\\\/\\\/tupique.com\\\/#\\\/schema\\\/logo\\\/image\\\/\",\"url\":\"https:\\\/\\\/tupique.com\\\/wp-content\\\/uploads\\\/2026\\\/03\\\/logo-tupique-1.webp\",\"contentUrl\":\"https:\\\/\\\/tupique.com\\\/wp-content\\\/uploads\\\/2026\\\/03\\\/logo-tupique-1.webp\",\"width\":500,\"height\":67,\"caption\":\"Tupique\"},\"image\":{\"@id\":\"https:\\\/\\\/tupique.com\\\/#\\\/schema\\\/logo\\\/image\\\/\"}}]}<\/script>\n<!-- \/ Yoast SEO plugin. -->","yoast_head_json":{"title":"Brosse de salle de wc DKD Home Decor Ciment Acier inoxydable Vert 10 x 10 x 36 cm - Tupique","robots":{"index":"index","follow":"follow","max-snippet":"max-snippet:-1","max-image-preview":"max-image-preview:large","max-video-preview":"max-video-preview:-1"},"canonical":"https:\/\/tupique.com\/pt\/product\/brosse-de-salle-de-wc-dkd-home-decor-ciment-acier-inoxydable-vert-10-x-10-x-36-cm\/","og_locale":"pt_PT","og_type":"article","og_title":"Brosse de salle de wc DKD Home Decor Ciment Acier inoxydable Vert 10 x 10 x 36 cm - Tupique","og_description":"Si vous aimez prendre soin de chaque d\u00e9tail de votre maison et d&#8217;\u00eatre \u00e0 la derni\u00e8re mode en mati\u00e8re de produits qui vous rendront la vie plus facile, achetez Brosse de salle de wc DKD Home Decor Ciment Acier inoxydable Vert 10 x 10 x 36 cm au meilleur prix. Type: Brosse de salle de [&hellip;]","og_url":"https:\/\/tupique.com\/pt\/product\/brosse-de-salle-de-wc-dkd-home-decor-ciment-acier-inoxydable-vert-10-x-10-x-36-cm\/","og_site_name":"Tupique","article_modified_time":"2026-05-11T19:17:55+00:00","twitter_card":"summary_large_image","schema":{"@context":"https:\/\/schema.org","@graph":[{"@type":"WebPage","@id":"https:\/\/tupique.com\/product\/brosse-de-salle-de-wc-dkd-home-decor-ciment-acier-inoxydable-vert-10-x-10-x-36-cm\/","url":"https:\/\/tupique.com\/product\/brosse-de-salle-de-wc-dkd-home-decor-ciment-acier-inoxydable-vert-10-x-10-x-36-cm\/","name":"Brosse de salle de wc DKD Home Decor Ciment Acier inoxydable Vert 10 x 10 x 36 cm - Tupique","isPartOf":{"@id":"https:\/\/tupique.com\/#website"},"primaryImageOfPage":{"@id":"https:\/\/tupique.com\/product\/brosse-de-salle-de-wc-dkd-home-decor-ciment-acier-inoxydable-vert-10-x-10-x-36-cm\/#primaryimage"},"image":{"@id":"https:\/\/tupique.com\/product\/brosse-de-salle-de-wc-dkd-home-decor-ciment-acier-inoxydable-vert-10-x-10-x-36-cm\/#primaryimage"},"thumbnailUrl":"https:\/\/tupique.com\/wp-content\/uploads\/2026\/05\/8424002036409_S3041015_P23.jpg","datePublished":"2026-05-11T14:38:55+00:00","dateModified":"2026-05-11T19:17:55+00:00","breadcrumb":{"@id":"https:\/\/tupique.com\/product\/brosse-de-salle-de-wc-dkd-home-decor-ciment-acier-inoxydable-vert-10-x-10-x-36-cm\/#breadcrumb"},"inLanguage":"pt-PT","potentialAction":[{"@type":"ReadAction","target":["https:\/\/tupique.com\/product\/brosse-de-salle-de-wc-dkd-home-decor-ciment-acier-inoxydable-vert-10-x-10-x-36-cm\/"]}]},{"@type":"ImageObject","inLanguage":"pt-PT","@id":"https:\/\/tupique.com\/product\/brosse-de-salle-de-wc-dkd-home-decor-ciment-acier-inoxydable-vert-10-x-10-x-36-cm\/#primaryimage","url":"https:\/\/tupique.com\/wp-content\/uploads\/2026\/05\/8424002036409_S3041015_P23.jpg","contentUrl":"https:\/\/tupique.com\/wp-content\/uploads\/2026\/05\/8424002036409_S3041015_P23.jpg","width":1200,"height":1200,"caption":"S3041015_0"},{"@type":"BreadcrumbList","@id":"https:\/\/tupique.com\/product\/brosse-de-salle-de-wc-dkd-home-decor-ciment-acier-inoxydable-vert-10-x-10-x-36-cm\/#breadcrumb","itemListElement":[{"@type":"ListItem","position":1,"name":"commencer","item":"https:\/\/tupique.com\/"},{"@type":"ListItem","position":2,"name":"Loja","item":"https:\/\/tupique.com\/loja\/"},{"@type":"ListItem","position":3,"name":"Brosse de salle de wc DKD Home Decor Ciment Acier inoxydable Vert 10 x 10 x 36 cm"}]},{"@type":"WebSite","@id":"https:\/\/tupique.com\/#website","url":"https:\/\/tupique.com\/","name":"Tupique","description":"","publisher":{"@id":"https:\/\/tupique.com\/#organization"},"potentialAction":[{"@type":"SearchAction","target":{"@type":"EntryPoint","urlTemplate":"https:\/\/tupique.com\/?s={search_term_string}"},"query-input":{"@type":"PropertyValueSpecification","valueRequired":true,"valueName":"search_term_string"}}],"inLanguage":"pt-PT"},{"@type":"Organization","@id":"https:\/\/tupique.com\/#organization","name":"Tupique","url":"https:\/\/tupique.com\/","logo":{"@type":"ImageObject","inLanguage":"pt-PT","@id":"https:\/\/tupique.com\/#\/schema\/logo\/image\/","url":"https:\/\/tupique.com\/wp-content\/uploads\/2026\/03\/logo-tupique-1.webp","contentUrl":"https:\/\/tupique.com\/wp-content\/uploads\/2026\/03\/logo-tupique-1.webp","width":500,"height":67,"caption":"Tupique"},"image":{"@id":"https:\/\/tupique.com\/#\/schema\/logo\/image\/"}}]}},"_links":{"self":[{"href":"https:\/\/tupique.com\/pt\/wp-json\/wp\/v2\/product\/183252","targetHints":{"allow":["GET"]}}],"collection":[{"href":"https:\/\/tupique.com\/pt\/wp-json\/wp\/v2\/product"}],"about":[{"href":"https:\/\/tupique.com\/pt\/wp-json\/wp\/v2\/types\/product"}],"replies":[{"embeddable":true,"href":"https:\/\/tupique.com\/pt\/wp-json\/wp\/v2\/comments?post=183252"}],"wp:featuredmedia":[{"embeddable":true,"href":"https:\/\/tupique.com\/pt\/wp-json\/wp\/v2\/media\/183250"}],"wp:attachment":[{"href":"https:\/\/tupique.com\/pt\/wp-json\/wp\/v2\/media?parent=183252"}],"wp:term":[{"taxonomy":"product_brand","embeddable":true,"href":"https:\/\/tupique.com\/pt\/wp-json\/wp\/v2\/product_brand?post=183252"},{"taxonomy":"product_cat","embeddable":true,"href":"https:\/\/tupique.com\/pt\/wp-json\/wp\/v2\/product_cat?post=183252"},{"taxonomy":"product_tag","embeddable":true,"href":"https:\/\/tupique.com\/pt\/wp-json\/wp\/v2\/product_tag?post=183252"}],"curies":[{"name":"wp","href":"https:\/\/api.w.org\/{rel}","templated":true}]}}