{"id":183327,"date":"2026-05-11T16:41:40","date_gmt":"2026-05-11T14:41:40","guid":{"rendered":"https:\/\/tupique.com\/product\/nettoyant-visage-origins-mega-mushroom-150-ml\/"},"modified":"2026-05-11T21:15:35","modified_gmt":"2026-05-11T19:15:35","slug":"nettoyant-visage-origins-mega-mushroom-150-ml","status":"publish","type":"product","link":"https:\/\/tupique.com\/pt\/product\/nettoyant-visage-origins-mega-mushroom-150-ml\/","title":{"rendered":"Nettoyant visage Origins Mega Mushroom 150 ml"},"content":{"rendered":"<\/p>\n<p><b>Nettoyant visage Origins Mega Mushroom (150 ml)<\/b> est un produit de qualit\u00e9 con\u00e7u pour les personnes exigeantes qui prennent soin de leur image et recherchent les meilleurs cosm\u00e9tiques pour mettre en valeur leur beaut\u00e9. Si vous en faites partie, les produits 100% originaux <b>Origins<\/b> s\u00e3o feitos para si.<\/p>\n<ul>\n<li>Caracter\u00edsticas:\n<ul>\n<li>V\u00e9gane<\/li>\n<li>Non test\u00e9 sur animaux<\/li>\n<\/ul>\n<\/li>\n<li>Capacit\u00e9: 150 ml<\/li>\n<li>Genre: Unisexe<\/li>\n<li>Utilisation recommand\u00e9e: Peau normale<\/li>\n<li>Type: Cosm\u00e9tique<\/li>\n<\/ul>","protected":false},"excerpt":{"rendered":"<p><span class=\"unit-info\">21.9933 &euro; \/ 100 ml<\/span><\/p>","protected":false},"featured_media":183323,"comment_status":"open","ping_status":"closed","template":"","meta":[],"product_brand":[2408],"product_cat":[2398,769,1495],"product_tag":[722,1672],"woo-feed-brand":[],"class_list":{"0":"post-183327","1":"product","2":"type-product","3":"status-publish","4":"has-post-thumbnail","6":"product_brand-brandp_6301","7":"product_cat-demaquillants","8":"product_cat-parfum-cosmetique","9":"product_cat-soin-du-visage","10":"product_tag-tag_923","11":"product_tag-tag_1280","13":"first","14":"instock","15":"taxable","16":"shipping-taxable","17":"purchasable","18":"product-type-simple"},"yoast_head":"<!-- This site is optimized with the Yoast SEO plugin v27.6 - https:\/\/yoast.com\/product\/yoast-seo-wordpress\/ -->\n<title>Nettoyant visage Origins Mega Mushroom 150 ml | | Tupique<\/title>\n<meta name=\"description\" content=\"Envie d&#039;acheter Nettoyant visage Origins Mega Mushroom 150 ml\u00a0? Achetez Nettoyant visage Origins Mega Mushroom 150 ml maintenant avec Tupique en 3 versements sans int\u00e9r\u00eat.\" \/>\n<meta name=\"robots\" content=\"index, follow, max-snippet:-1, max-image-preview:large, max-video-preview:-1\" \/>\n<link rel=\"canonical\" href=\"https:\/\/tupique.com\/pt\/product\/nettoyant-visage-origins-mega-mushroom-150-ml\/\" \/>\n<meta property=\"og:locale\" content=\"pt_PT\" \/>\n<meta property=\"og:type\" content=\"article\" \/>\n<meta property=\"og:title\" content=\"Nettoyant visage Origins Mega Mushroom 150 ml | | Tupique\" \/>\n<meta property=\"og:description\" content=\"Envie d&#039;acheter Nettoyant visage Origins Mega Mushroom 150 ml\u00a0? Achetez Nettoyant visage Origins Mega Mushroom 150 ml maintenant avec Tupique en 3 versements sans int\u00e9r\u00eat.\" \/>\n<meta property=\"og:url\" content=\"https:\/\/tupique.com\/pt\/product\/nettoyant-visage-origins-mega-mushroom-150-ml\/\" \/>\n<meta property=\"og:site_name\" content=\"Tupique\" \/>\n<meta property=\"article:modified_time\" content=\"2026-05-11T19:15:35+00:00\" \/>\n<meta property=\"og:image\" content=\"https:\/\/tupique.com\/wp-content\/uploads\/2026\/05\/0717334196902_00_WBG1.jpg\" \/>\n\t<meta property=\"og:image:width\" content=\"1200\" \/>\n\t<meta property=\"og:image:height\" content=\"1200\" \/>\n\t<meta property=\"og:image:type\" content=\"image\/jpeg\" \/>\n<meta name=\"twitter:card\" content=\"summary_large_image\" \/>\n<script type=\"application\/ld+json\" class=\"yoast-schema-graph\">{\"@context\":\"https:\\\/\\\/schema.org\",\"@graph\":[{\"@type\":\"WebPage\",\"@id\":\"https:\\\/\\\/tupique.com\\\/product\\\/nettoyant-visage-origins-mega-mushroom-150-ml\\\/\",\"url\":\"https:\\\/\\\/tupique.com\\\/product\\\/nettoyant-visage-origins-mega-mushroom-150-ml\\\/\",\"name\":\"Nettoyant visage Origins Mega Mushroom 150 ml | | Tupique\",\"isPartOf\":{\"@id\":\"https:\\\/\\\/tupique.com\\\/#website\"},\"primaryImageOfPage\":{\"@id\":\"https:\\\/\\\/tupique.com\\\/product\\\/nettoyant-visage-origins-mega-mushroom-150-ml\\\/#primaryimage\"},\"image\":{\"@id\":\"https:\\\/\\\/tupique.com\\\/product\\\/nettoyant-visage-origins-mega-mushroom-150-ml\\\/#primaryimage\"},\"thumbnailUrl\":\"https:\\\/\\\/tupique.com\\\/wp-content\\\/uploads\\\/2026\\\/05\\\/0717334196902_00_WBG1.jpg\",\"datePublished\":\"2026-05-11T14:41:40+00:00\",\"dateModified\":\"2026-05-11T19:15:35+00:00\",\"description\":\"Envie d'acheter Nettoyant visage Origins Mega Mushroom 150 ml\u00a0? Achetez Nettoyant visage Origins Mega Mushroom 150 ml maintenant avec Tupique en 3 versements sans int\u00e9r\u00eat.\",\"breadcrumb\":{\"@id\":\"https:\\\/\\\/tupique.com\\\/product\\\/nettoyant-visage-origins-mega-mushroom-150-ml\\\/#breadcrumb\"},\"inLanguage\":\"pt-PT\",\"potentialAction\":[{\"@type\":\"ReadAction\",\"target\":[\"https:\\\/\\\/tupique.com\\\/product\\\/nettoyant-visage-origins-mega-mushroom-150-ml\\\/\"]}]},{\"@type\":\"ImageObject\",\"inLanguage\":\"pt-PT\",\"@id\":\"https:\\\/\\\/tupique.com\\\/product\\\/nettoyant-visage-origins-mega-mushroom-150-ml\\\/#primaryimage\",\"url\":\"https:\\\/\\\/tupique.com\\\/wp-content\\\/uploads\\\/2026\\\/05\\\/0717334196902_00_WBG1.jpg\",\"contentUrl\":\"https:\\\/\\\/tupique.com\\\/wp-content\\\/uploads\\\/2026\\\/05\\\/0717334196902_00_WBG1.jpg\",\"width\":1200,\"height\":1200,\"caption\":\"S05102927_0\"},{\"@type\":\"BreadcrumbList\",\"@id\":\"https:\\\/\\\/tupique.com\\\/product\\\/nettoyant-visage-origins-mega-mushroom-150-ml\\\/#breadcrumb\",\"itemListElement\":[{\"@type\":\"ListItem\",\"position\":1,\"name\":\"commencer\",\"item\":\"https:\\\/\\\/tupique.com\\\/\"},{\"@type\":\"ListItem\",\"position\":2,\"name\":\"Loja\",\"item\":\"https:\\\/\\\/tupique.com\\\/pt\\\/loja\\\/\"},{\"@type\":\"ListItem\",\"position\":3,\"name\":\"Nettoyant visage Origins Mega Mushroom 150 ml\"}]},{\"@type\":\"WebSite\",\"@id\":\"https:\\\/\\\/tupique.com\\\/#website\",\"url\":\"https:\\\/\\\/tupique.com\\\/\",\"name\":\"Tupique\",\"description\":\"\",\"publisher\":{\"@id\":\"https:\\\/\\\/tupique.com\\\/#organization\"},\"potentialAction\":[{\"@type\":\"SearchAction\",\"target\":{\"@type\":\"EntryPoint\",\"urlTemplate\":\"https:\\\/\\\/tupique.com\\\/?s={search_term_string}\"},\"query-input\":{\"@type\":\"PropertyValueSpecification\",\"valueRequired\":true,\"valueName\":\"search_term_string\"}}],\"inLanguage\":\"pt-PT\"},{\"@type\":\"Organization\",\"@id\":\"https:\\\/\\\/tupique.com\\\/#organization\",\"name\":\"Tupique\",\"url\":\"https:\\\/\\\/tupique.com\\\/\",\"logo\":{\"@type\":\"ImageObject\",\"inLanguage\":\"pt-PT\",\"@id\":\"https:\\\/\\\/tupique.com\\\/#\\\/schema\\\/logo\\\/image\\\/\",\"url\":\"https:\\\/\\\/tupique.com\\\/wp-content\\\/uploads\\\/2026\\\/03\\\/logo-tupique-1.webp\",\"contentUrl\":\"https:\\\/\\\/tupique.com\\\/wp-content\\\/uploads\\\/2026\\\/03\\\/logo-tupique-1.webp\",\"width\":500,\"height\":67,\"caption\":\"Tupique\"},\"image\":{\"@id\":\"https:\\\/\\\/tupique.com\\\/#\\\/schema\\\/logo\\\/image\\\/\"}}]}<\/script>\n<!-- \/ Yoast SEO plugin. -->","yoast_head_json":{"title":"Nettoyant visage Origins Mega Mushroom 150 ml | | Tupique","description":"Envie d'acheter Nettoyant visage Origins Mega Mushroom 150 ml\u00a0? Achetez Nettoyant visage Origins Mega Mushroom 150 ml maintenant avec Tupique en 3 versements sans int\u00e9r\u00eat.","robots":{"index":"index","follow":"follow","max-snippet":"max-snippet:-1","max-image-preview":"max-image-preview:large","max-video-preview":"max-video-preview:-1"},"canonical":"https:\/\/tupique.com\/pt\/product\/nettoyant-visage-origins-mega-mushroom-150-ml\/","og_locale":"pt_PT","og_type":"article","og_title":"Nettoyant visage Origins Mega Mushroom 150 ml | | Tupique","og_description":"Envie d'acheter Nettoyant visage Origins Mega Mushroom 150 ml\u00a0? Achetez Nettoyant visage Origins Mega Mushroom 150 ml maintenant avec Tupique en 3 versements sans int\u00e9r\u00eat.","og_url":"https:\/\/tupique.com\/pt\/product\/nettoyant-visage-origins-mega-mushroom-150-ml\/","og_site_name":"Tupique","article_modified_time":"2026-05-11T19:15:35+00:00","og_image":[{"width":1200,"height":1200,"url":"https:\/\/tupique.com\/wp-content\/uploads\/2026\/05\/0717334196902_00_WBG1.jpg","type":"image\/jpeg"}],"twitter_card":"summary_large_image","schema":{"@context":"https:\/\/schema.org","@graph":[{"@type":"WebPage","@id":"https:\/\/tupique.com\/product\/nettoyant-visage-origins-mega-mushroom-150-ml\/","url":"https:\/\/tupique.com\/product\/nettoyant-visage-origins-mega-mushroom-150-ml\/","name":"Nettoyant visage Origins Mega Mushroom 150 ml | | Tupique","isPartOf":{"@id":"https:\/\/tupique.com\/#website"},"primaryImageOfPage":{"@id":"https:\/\/tupique.com\/product\/nettoyant-visage-origins-mega-mushroom-150-ml\/#primaryimage"},"image":{"@id":"https:\/\/tupique.com\/product\/nettoyant-visage-origins-mega-mushroom-150-ml\/#primaryimage"},"thumbnailUrl":"https:\/\/tupique.com\/wp-content\/uploads\/2026\/05\/0717334196902_00_WBG1.jpg","datePublished":"2026-05-11T14:41:40+00:00","dateModified":"2026-05-11T19:15:35+00:00","description":"Envie d'acheter Nettoyant visage Origins Mega Mushroom 150 ml\u00a0? Achetez Nettoyant visage Origins Mega Mushroom 150 ml maintenant avec Tupique en 3 versements sans int\u00e9r\u00eat.","breadcrumb":{"@id":"https:\/\/tupique.com\/product\/nettoyant-visage-origins-mega-mushroom-150-ml\/#breadcrumb"},"inLanguage":"pt-PT","potentialAction":[{"@type":"ReadAction","target":["https:\/\/tupique.com\/product\/nettoyant-visage-origins-mega-mushroom-150-ml\/"]}]},{"@type":"ImageObject","inLanguage":"pt-PT","@id":"https:\/\/tupique.com\/product\/nettoyant-visage-origins-mega-mushroom-150-ml\/#primaryimage","url":"https:\/\/tupique.com\/wp-content\/uploads\/2026\/05\/0717334196902_00_WBG1.jpg","contentUrl":"https:\/\/tupique.com\/wp-content\/uploads\/2026\/05\/0717334196902_00_WBG1.jpg","width":1200,"height":1200,"caption":"S05102927_0"},{"@type":"BreadcrumbList","@id":"https:\/\/tupique.com\/product\/nettoyant-visage-origins-mega-mushroom-150-ml\/#breadcrumb","itemListElement":[{"@type":"ListItem","position":1,"name":"commencer","item":"https:\/\/tupique.com\/"},{"@type":"ListItem","position":2,"name":"Loja","item":"https:\/\/tupique.com\/pt\/loja\/"},{"@type":"ListItem","position":3,"name":"Nettoyant visage Origins Mega Mushroom 150 ml"}]},{"@type":"WebSite","@id":"https:\/\/tupique.com\/#website","url":"https:\/\/tupique.com\/","name":"Tupique","description":"","publisher":{"@id":"https:\/\/tupique.com\/#organization"},"potentialAction":[{"@type":"SearchAction","target":{"@type":"EntryPoint","urlTemplate":"https:\/\/tupique.com\/?s={search_term_string}"},"query-input":{"@type":"PropertyValueSpecification","valueRequired":true,"valueName":"search_term_string"}}],"inLanguage":"pt-PT"},{"@type":"Organization","@id":"https:\/\/tupique.com\/#organization","name":"Tupique","url":"https:\/\/tupique.com\/","logo":{"@type":"ImageObject","inLanguage":"pt-PT","@id":"https:\/\/tupique.com\/#\/schema\/logo\/image\/","url":"https:\/\/tupique.com\/wp-content\/uploads\/2026\/03\/logo-tupique-1.webp","contentUrl":"https:\/\/tupique.com\/wp-content\/uploads\/2026\/03\/logo-tupique-1.webp","width":500,"height":67,"caption":"Tupique"},"image":{"@id":"https:\/\/tupique.com\/#\/schema\/logo\/image\/"}}]}},"_links":{"self":[{"href":"https:\/\/tupique.com\/pt\/wp-json\/wp\/v2\/product\/183327","targetHints":{"allow":["GET"]}}],"collection":[{"href":"https:\/\/tupique.com\/pt\/wp-json\/wp\/v2\/product"}],"about":[{"href":"https:\/\/tupique.com\/pt\/wp-json\/wp\/v2\/types\/product"}],"replies":[{"embeddable":true,"href":"https:\/\/tupique.com\/pt\/wp-json\/wp\/v2\/comments?post=183327"}],"wp:featuredmedia":[{"embeddable":true,"href":"https:\/\/tupique.com\/pt\/wp-json\/wp\/v2\/media\/183323"}],"wp:attachment":[{"href":"https:\/\/tupique.com\/pt\/wp-json\/wp\/v2\/media?parent=183327"}],"wp:term":[{"taxonomy":"product_brand","embeddable":true,"href":"https:\/\/tupique.com\/pt\/wp-json\/wp\/v2\/product_brand?post=183327"},{"taxonomy":"product_cat","embeddable":true,"href":"https:\/\/tupique.com\/pt\/wp-json\/wp\/v2\/product_cat?post=183327"},{"taxonomy":"product_tag","embeddable":true,"href":"https:\/\/tupique.com\/pt\/wp-json\/wp\/v2\/product_tag?post=183327"},{"taxonomy":"woo-feed-brand","embeddable":true,"href":"https:\/\/tupique.com\/pt\/wp-json\/wp\/v2\/woo-feed-brand?post=183327"}],"curies":[{"name":"wp","href":"https:\/\/api.w.org\/{rel}","templated":true}]}}