{"id":183463,"date":"2026-05-11T16:56:11","date_gmt":"2026-05-11T14:56:11","guid":{"rendered":"https:\/\/tupique.com\/product\/creme-visage-la-roche-posay-toleriane-dermallergo-40-ml\/"},"modified":"2026-05-11T21:17:32","modified_gmt":"2026-05-11T19:17:32","slug":"creme-visage-la-roche-posay-toleriane-dermallergo-40-ml","status":"publish","type":"product","link":"https:\/\/tupique.com\/pt\/product\/creme-visage-la-roche-posay-toleriane-dermallergo-40-ml\/","title":{"rendered":"Cr\u00e8me visage La Roche Posay Toleriane Dermallergo 40 ml"},"content":{"rendered":"<\/p>\n<p><b>Cr\u00e8me visage La Roche Posay Toleriane Dermallergo 40 ml<\/b> \u00e9 um produto de qualidade concebido para pessoas exigentes que se preocupam com a sua imagem e procuram os melhores cosm\u00e9ticos para real\u00e7ar a sua beleza. Se faz parte desse grupo, os produtos originais 100 % <b>La Roche Posay<\/b> s\u00e3o feitos para si.<\/p>\n<p>A <b>Toleriane Dermallergo<\/b> de <b>La Roche Posay<\/b> est une <b>cr\u00e8me visage<\/b> sp\u00e9cialement con\u00e7ue pour offrir un soin adapt\u00e9 aux peaux sensibles, incluant tous types de peau, et \u00e9tant un produit unisexe. Ce traitement se pr\u00e9sente en format de <b>40 ml<\/b>, id\u00e9al pour un usage quotidien, apportant l\u2019hydratation n\u00e9cessaire sans sensation grasse ni lourde. Sa formule adapt\u00e9e minimise les risques d\u2019irritation, permettant aux peaux les plus d\u00e9licates d\u2019obtenir le soulagement et la protection n\u00e9cessaires contre les agressions ext\u00e9rieures. De plus, la fabrication de cette cr\u00e8me est r\u00e9alis\u00e9e dans deux pays reconnus, <b>Espagne et France<\/b>, garantissant la qualit\u00e9 et les normes europ\u00e9ennes propres \u00e0 La Roche Posay. Le conditionnement en flacon de couleur <b>noir<\/b> offre une image sobre et distingu\u00e9e, reflet de sa haute sp\u00e9cialisation dermatologique. En r\u00e9sum\u00e9, cette cr\u00e8me visage est une option adapt\u00e9e pour ceux qui recherchent un produit sp\u00e9cifique respectant et prenant soin de la sensibilit\u00e9 cutan\u00e9e, avec une texture l\u00e9g\u00e8re et efficace qui s\u2019adapte \u00e0 diverses exigences dermocosm\u00e9tiques.<\/p>\n<ul>\n<li>Capacit\u00e9: 40 ml<\/li>\n<li>Genre: Unisexe<\/li>\n<li>Tipo:\n<ul>\n<li>Cr\u00e8me visage<\/li>\n<li>Dermocosm\u00e9ticos<\/li>\n<li>Parafarm\u00e1cia<\/li>\n<\/ul>\n<\/li>\n<li>Texture: Fluide<\/li>\n<li>Utilisation recommand\u00e9e: Peau sensible<\/li>\n<\/ul>","protected":false},"excerpt":{"rendered":"<p><span class=\"unit-info\">82.4750 &euro; \/ 100 ml<\/span><\/p>","protected":false},"featured_media":183461,"comment_status":"open","ping_status":"closed","template":"","meta":[],"product_brand":[2212],"product_cat":[1503,769,1495],"product_tag":[722],"woo-feed-brand":[],"class_list":{"0":"post-183463","1":"product","2":"type-product","3":"status-publish","4":"has-post-thumbnail","6":"product_brand-brandp_742","7":"product_cat-cremes-anti-rides-et-hydratantes","8":"product_cat-parfum-cosmetique","9":"product_cat-soin-du-visage","10":"product_tag-tag_923","12":"first","13":"instock","14":"taxable","15":"shipping-taxable","16":"purchasable","17":"product-type-simple"},"yoast_head":"<!-- This site is optimized with the Yoast SEO plugin v27.6 - https:\/\/yoast.com\/product\/yoast-seo-wordpress\/ -->\n<title>Cr\u00e8me visage La Roche Posay Toleriane Dermallergo 40 ml | | Tupique<\/title>\n<meta name=\"description\" content=\"Envie d&#039;acheter Cr\u00e8me visage La Roche Posay Toleriane Dermallergo 40 ml\u00a0? Achetez Cr\u00e8me visage La Roche Posay Toleriane Dermallergo 40 ml maintenant avec Tupique en 3 versements sans int\u00e9r\u00eat.\" \/>\n<meta name=\"robots\" content=\"index, follow, max-snippet:-1, max-image-preview:large, max-video-preview:-1\" \/>\n<link rel=\"canonical\" href=\"https:\/\/tupique.com\/pt\/product\/creme-visage-la-roche-posay-toleriane-dermallergo-40-ml\/\" \/>\n<meta property=\"og:locale\" content=\"pt_PT\" \/>\n<meta property=\"og:type\" content=\"article\" \/>\n<meta property=\"og:title\" content=\"Cr\u00e8me visage La Roche Posay Toleriane Dermallergo 40 ml | | Tupique\" \/>\n<meta property=\"og:description\" content=\"Envie d&#039;acheter Cr\u00e8me visage La Roche Posay Toleriane Dermallergo 40 ml\u00a0? Achetez Cr\u00e8me visage La Roche Posay Toleriane Dermallergo 40 ml maintenant avec Tupique en 3 versements sans int\u00e9r\u00eat.\" \/>\n<meta property=\"og:url\" content=\"https:\/\/tupique.com\/pt\/product\/creme-visage-la-roche-posay-toleriane-dermallergo-40-ml\/\" \/>\n<meta property=\"og:site_name\" content=\"Tupique\" \/>\n<meta property=\"article:modified_time\" content=\"2026-05-11T19:17:32+00:00\" \/>\n<meta property=\"og:image\" content=\"https:\/\/tupique.com\/wp-content\/uploads\/2026\/05\/3337875757669_00_WBG3.jpg\" \/>\n\t<meta property=\"og:image:width\" content=\"1200\" \/>\n\t<meta property=\"og:image:height\" content=\"1200\" \/>\n\t<meta property=\"og:image:type\" content=\"image\/jpeg\" \/>\n<meta name=\"twitter:card\" content=\"summary_large_image\" \/>\n<meta name=\"twitter:label1\" content=\"Tempo estimado de leitura\" \/>\n\t<meta name=\"twitter:data1\" content=\"1 minuto\" \/>\n<script type=\"application\/ld+json\" class=\"yoast-schema-graph\">{\"@context\":\"https:\\\/\\\/schema.org\",\"@graph\":[{\"@type\":\"WebPage\",\"@id\":\"https:\\\/\\\/tupique.com\\\/product\\\/creme-visage-la-roche-posay-toleriane-dermallergo-40-ml\\\/\",\"url\":\"https:\\\/\\\/tupique.com\\\/product\\\/creme-visage-la-roche-posay-toleriane-dermallergo-40-ml\\\/\",\"name\":\"Cr\u00e8me visage La Roche Posay Toleriane Dermallergo 40 ml | | Tupique\",\"isPartOf\":{\"@id\":\"https:\\\/\\\/tupique.com\\\/#website\"},\"primaryImageOfPage\":{\"@id\":\"https:\\\/\\\/tupique.com\\\/product\\\/creme-visage-la-roche-posay-toleriane-dermallergo-40-ml\\\/#primaryimage\"},\"image\":{\"@id\":\"https:\\\/\\\/tupique.com\\\/product\\\/creme-visage-la-roche-posay-toleriane-dermallergo-40-ml\\\/#primaryimage\"},\"thumbnailUrl\":\"https:\\\/\\\/tupique.com\\\/wp-content\\\/uploads\\\/2026\\\/05\\\/3337875757669_00_WBG3.jpg\",\"datePublished\":\"2026-05-11T14:56:11+00:00\",\"dateModified\":\"2026-05-11T19:17:32+00:00\",\"description\":\"Envie d'acheter Cr\u00e8me visage La Roche Posay Toleriane Dermallergo 40 ml\u00a0? Achetez Cr\u00e8me visage La Roche Posay Toleriane Dermallergo 40 ml maintenant avec Tupique en 3 versements sans int\u00e9r\u00eat.\",\"breadcrumb\":{\"@id\":\"https:\\\/\\\/tupique.com\\\/product\\\/creme-visage-la-roche-posay-toleriane-dermallergo-40-ml\\\/#breadcrumb\"},\"inLanguage\":\"pt-PT\",\"potentialAction\":[{\"@type\":\"ReadAction\",\"target\":[\"https:\\\/\\\/tupique.com\\\/product\\\/creme-visage-la-roche-posay-toleriane-dermallergo-40-ml\\\/\"]}]},{\"@type\":\"ImageObject\",\"inLanguage\":\"pt-PT\",\"@id\":\"https:\\\/\\\/tupique.com\\\/product\\\/creme-visage-la-roche-posay-toleriane-dermallergo-40-ml\\\/#primaryimage\",\"url\":\"https:\\\/\\\/tupique.com\\\/wp-content\\\/uploads\\\/2026\\\/05\\\/3337875757669_00_WBG3.jpg\",\"contentUrl\":\"https:\\\/\\\/tupique.com\\\/wp-content\\\/uploads\\\/2026\\\/05\\\/3337875757669_00_WBG3.jpg\",\"width\":1200,\"height\":1200,\"caption\":\"S0593009_0\"},{\"@type\":\"BreadcrumbList\",\"@id\":\"https:\\\/\\\/tupique.com\\\/product\\\/creme-visage-la-roche-posay-toleriane-dermallergo-40-ml\\\/#breadcrumb\",\"itemListElement\":[{\"@type\":\"ListItem\",\"position\":1,\"name\":\"commencer\",\"item\":\"https:\\\/\\\/tupique.com\\\/\"},{\"@type\":\"ListItem\",\"position\":2,\"name\":\"Loja\",\"item\":\"https:\\\/\\\/tupique.com\\\/pt\\\/loja\\\/\"},{\"@type\":\"ListItem\",\"position\":3,\"name\":\"Cr\u00e8me visage La Roche Posay Toleriane Dermallergo 40 ml\"}]},{\"@type\":\"WebSite\",\"@id\":\"https:\\\/\\\/tupique.com\\\/#website\",\"url\":\"https:\\\/\\\/tupique.com\\\/\",\"name\":\"Tupique\",\"description\":\"\",\"publisher\":{\"@id\":\"https:\\\/\\\/tupique.com\\\/#organization\"},\"potentialAction\":[{\"@type\":\"SearchAction\",\"target\":{\"@type\":\"EntryPoint\",\"urlTemplate\":\"https:\\\/\\\/tupique.com\\\/?s={search_term_string}\"},\"query-input\":{\"@type\":\"PropertyValueSpecification\",\"valueRequired\":true,\"valueName\":\"search_term_string\"}}],\"inLanguage\":\"pt-PT\"},{\"@type\":\"Organization\",\"@id\":\"https:\\\/\\\/tupique.com\\\/#organization\",\"name\":\"Tupique\",\"url\":\"https:\\\/\\\/tupique.com\\\/\",\"logo\":{\"@type\":\"ImageObject\",\"inLanguage\":\"pt-PT\",\"@id\":\"https:\\\/\\\/tupique.com\\\/#\\\/schema\\\/logo\\\/image\\\/\",\"url\":\"https:\\\/\\\/tupique.com\\\/wp-content\\\/uploads\\\/2026\\\/03\\\/logo-tupique-1.webp\",\"contentUrl\":\"https:\\\/\\\/tupique.com\\\/wp-content\\\/uploads\\\/2026\\\/03\\\/logo-tupique-1.webp\",\"width\":500,\"height\":67,\"caption\":\"Tupique\"},\"image\":{\"@id\":\"https:\\\/\\\/tupique.com\\\/#\\\/schema\\\/logo\\\/image\\\/\"}}]}<\/script>\n<!-- \/ Yoast SEO plugin. -->","yoast_head_json":{"title":"Cr\u00e8me visage La Roche Posay Toleriane Dermallergo 40 ml | | Tupique","description":"Envie d'acheter Cr\u00e8me visage La Roche Posay Toleriane Dermallergo 40 ml\u00a0? Achetez Cr\u00e8me visage La Roche Posay Toleriane Dermallergo 40 ml maintenant avec Tupique en 3 versements sans int\u00e9r\u00eat.","robots":{"index":"index","follow":"follow","max-snippet":"max-snippet:-1","max-image-preview":"max-image-preview:large","max-video-preview":"max-video-preview:-1"},"canonical":"https:\/\/tupique.com\/pt\/product\/creme-visage-la-roche-posay-toleriane-dermallergo-40-ml\/","og_locale":"pt_PT","og_type":"article","og_title":"Cr\u00e8me visage La Roche Posay Toleriane Dermallergo 40 ml | | Tupique","og_description":"Envie d'acheter Cr\u00e8me visage La Roche Posay Toleriane Dermallergo 40 ml\u00a0? Achetez Cr\u00e8me visage La Roche Posay Toleriane Dermallergo 40 ml maintenant avec Tupique en 3 versements sans int\u00e9r\u00eat.","og_url":"https:\/\/tupique.com\/pt\/product\/creme-visage-la-roche-posay-toleriane-dermallergo-40-ml\/","og_site_name":"Tupique","article_modified_time":"2026-05-11T19:17:32+00:00","og_image":[{"width":1200,"height":1200,"url":"https:\/\/tupique.com\/wp-content\/uploads\/2026\/05\/3337875757669_00_WBG3.jpg","type":"image\/jpeg"}],"twitter_card":"summary_large_image","twitter_misc":{"Tempo estimado de leitura":"1 minuto"},"schema":{"@context":"https:\/\/schema.org","@graph":[{"@type":"WebPage","@id":"https:\/\/tupique.com\/product\/creme-visage-la-roche-posay-toleriane-dermallergo-40-ml\/","url":"https:\/\/tupique.com\/product\/creme-visage-la-roche-posay-toleriane-dermallergo-40-ml\/","name":"Cr\u00e8me visage La Roche Posay Toleriane Dermallergo 40 ml | | Tupique","isPartOf":{"@id":"https:\/\/tupique.com\/#website"},"primaryImageOfPage":{"@id":"https:\/\/tupique.com\/product\/creme-visage-la-roche-posay-toleriane-dermallergo-40-ml\/#primaryimage"},"image":{"@id":"https:\/\/tupique.com\/product\/creme-visage-la-roche-posay-toleriane-dermallergo-40-ml\/#primaryimage"},"thumbnailUrl":"https:\/\/tupique.com\/wp-content\/uploads\/2026\/05\/3337875757669_00_WBG3.jpg","datePublished":"2026-05-11T14:56:11+00:00","dateModified":"2026-05-11T19:17:32+00:00","description":"Envie d'acheter Cr\u00e8me visage La Roche Posay Toleriane Dermallergo 40 ml\u00a0? Achetez Cr\u00e8me visage La Roche Posay Toleriane Dermallergo 40 ml maintenant avec Tupique en 3 versements sans int\u00e9r\u00eat.","breadcrumb":{"@id":"https:\/\/tupique.com\/product\/creme-visage-la-roche-posay-toleriane-dermallergo-40-ml\/#breadcrumb"},"inLanguage":"pt-PT","potentialAction":[{"@type":"ReadAction","target":["https:\/\/tupique.com\/product\/creme-visage-la-roche-posay-toleriane-dermallergo-40-ml\/"]}]},{"@type":"ImageObject","inLanguage":"pt-PT","@id":"https:\/\/tupique.com\/product\/creme-visage-la-roche-posay-toleriane-dermallergo-40-ml\/#primaryimage","url":"https:\/\/tupique.com\/wp-content\/uploads\/2026\/05\/3337875757669_00_WBG3.jpg","contentUrl":"https:\/\/tupique.com\/wp-content\/uploads\/2026\/05\/3337875757669_00_WBG3.jpg","width":1200,"height":1200,"caption":"S0593009_0"},{"@type":"BreadcrumbList","@id":"https:\/\/tupique.com\/product\/creme-visage-la-roche-posay-toleriane-dermallergo-40-ml\/#breadcrumb","itemListElement":[{"@type":"ListItem","position":1,"name":"commencer","item":"https:\/\/tupique.com\/"},{"@type":"ListItem","position":2,"name":"Loja","item":"https:\/\/tupique.com\/pt\/loja\/"},{"@type":"ListItem","position":3,"name":"Cr\u00e8me visage La Roche Posay Toleriane Dermallergo 40 ml"}]},{"@type":"WebSite","@id":"https:\/\/tupique.com\/#website","url":"https:\/\/tupique.com\/","name":"Tupique","description":"","publisher":{"@id":"https:\/\/tupique.com\/#organization"},"potentialAction":[{"@type":"SearchAction","target":{"@type":"EntryPoint","urlTemplate":"https:\/\/tupique.com\/?s={search_term_string}"},"query-input":{"@type":"PropertyValueSpecification","valueRequired":true,"valueName":"search_term_string"}}],"inLanguage":"pt-PT"},{"@type":"Organization","@id":"https:\/\/tupique.com\/#organization","name":"Tupique","url":"https:\/\/tupique.com\/","logo":{"@type":"ImageObject","inLanguage":"pt-PT","@id":"https:\/\/tupique.com\/#\/schema\/logo\/image\/","url":"https:\/\/tupique.com\/wp-content\/uploads\/2026\/03\/logo-tupique-1.webp","contentUrl":"https:\/\/tupique.com\/wp-content\/uploads\/2026\/03\/logo-tupique-1.webp","width":500,"height":67,"caption":"Tupique"},"image":{"@id":"https:\/\/tupique.com\/#\/schema\/logo\/image\/"}}]}},"_links":{"self":[{"href":"https:\/\/tupique.com\/pt\/wp-json\/wp\/v2\/product\/183463","targetHints":{"allow":["GET"]}}],"collection":[{"href":"https:\/\/tupique.com\/pt\/wp-json\/wp\/v2\/product"}],"about":[{"href":"https:\/\/tupique.com\/pt\/wp-json\/wp\/v2\/types\/product"}],"replies":[{"embeddable":true,"href":"https:\/\/tupique.com\/pt\/wp-json\/wp\/v2\/comments?post=183463"}],"wp:featuredmedia":[{"embeddable":true,"href":"https:\/\/tupique.com\/pt\/wp-json\/wp\/v2\/media\/183461"}],"wp:attachment":[{"href":"https:\/\/tupique.com\/pt\/wp-json\/wp\/v2\/media?parent=183463"}],"wp:term":[{"taxonomy":"product_brand","embeddable":true,"href":"https:\/\/tupique.com\/pt\/wp-json\/wp\/v2\/product_brand?post=183463"},{"taxonomy":"product_cat","embeddable":true,"href":"https:\/\/tupique.com\/pt\/wp-json\/wp\/v2\/product_cat?post=183463"},{"taxonomy":"product_tag","embeddable":true,"href":"https:\/\/tupique.com\/pt\/wp-json\/wp\/v2\/product_tag?post=183463"},{"taxonomy":"woo-feed-brand","embeddable":true,"href":"https:\/\/tupique.com\/pt\/wp-json\/wp\/v2\/woo-feed-brand?post=183463"}],"curies":[{"name":"wp","href":"https:\/\/api.w.org\/{rel}","templated":true}]}}