{"id":183493,"date":"2026-05-11T16:57:05","date_gmt":"2026-05-11T14:57:05","guid":{"rendered":"https:\/\/tupique.com\/product\/masque-facial-holika-holika-after-night-overtime\/"},"modified":"2026-05-11T21:18:48","modified_gmt":"2026-05-11T19:18:48","slug":"masque-facial-holika-holika-after-night-overtime","status":"publish","type":"product","link":"https:\/\/tupique.com\/pt\/product\/masque-facial-holika-holika-after-night-overtime\/","title":{"rendered":"M\u00e1scara facial Holika Holika After Night Overtime"},"content":{"rendered":"<\/p>\n<p><b>M\u00e1scara facial Holika Holika After Night Overtime<\/b> \u00e9 um produto de qualidade concebido para pessoas exigentes que se preocupam com a sua imagem e procuram os melhores cosm\u00e9ticos para real\u00e7ar a sua beleza. Se faz parte desse grupo, os produtos originais 100 % <b>Holika Holika<\/b> s\u00e3o feitos para si.<\/p>\n<ul>\n<li>Tipo:\n<ul>\n<li>Masque en papier<\/li>\n<li>Masque facial<\/li>\n<\/ul>\n<\/li>\n<li>Propri\u00e9t\u00e9s: Revitalisante<\/li>\n<li>Utilisation recommand\u00e9e: Tous les types de peau<\/li>\n<\/ul>","protected":false},"excerpt":{"rendered":"<p><span class=\"unit-info\">0.7495 &euro; \/ 1 unit<\/span><\/p>","protected":false},"featured_media":183492,"comment_status":"open","ping_status":"closed","template":"","meta":[],"product_brand":[2414],"product_cat":[1534,769,1495],"product_tag":[722],"woo-feed-brand":[],"class_list":{"0":"post-183493","1":"product","2":"type-product","3":"status-publish","4":"has-post-thumbnail","6":"product_brand-brandp_5513","7":"product_cat-masques-faciaux","8":"product_cat-parfum-cosmetique","9":"product_cat-soin-du-visage","10":"product_tag-tag_923","12":"first","13":"instock","14":"taxable","15":"shipping-taxable","16":"purchasable","17":"product-type-simple"},"yoast_head":"<!-- This site is optimized with the Yoast SEO plugin v27.6 - https:\/\/yoast.com\/product\/yoast-seo-wordpress\/ -->\n<title>Masque facial Holika Holika After Night Overtime | | Tupique<\/title>\n<meta name=\"description\" content=\"Envie d&#039;acheter Masque facial Holika Holika After Night Overtime\u00a0? Achetez Masque facial Holika Holika After Night Overtime maintenant avec Tupique en 3 versements sans int\u00e9r\u00eat.\" \/>\n<meta name=\"robots\" content=\"index, follow, max-snippet:-1, max-image-preview:large, max-video-preview:-1\" \/>\n<link rel=\"canonical\" href=\"https:\/\/tupique.com\/pt\/product\/masque-facial-holika-holika-after-night-overtime\/\" \/>\n<meta property=\"og:locale\" content=\"pt_PT\" \/>\n<meta property=\"og:type\" content=\"article\" \/>\n<meta property=\"og:title\" content=\"Masque facial Holika Holika After Night Overtime | | Tupique\" \/>\n<meta property=\"og:description\" content=\"Envie d&#039;acheter Masque facial Holika Holika After Night Overtime\u00a0? Achetez Masque facial Holika Holika After Night Overtime maintenant avec Tupique en 3 versements sans int\u00e9r\u00eat.\" \/>\n<meta property=\"og:url\" content=\"https:\/\/tupique.com\/pt\/product\/masque-facial-holika-holika-after-night-overtime\/\" \/>\n<meta property=\"og:site_name\" content=\"Tupique\" \/>\n<meta property=\"article:modified_time\" content=\"2026-05-11T19:18:48+00:00\" \/>\n<meta property=\"og:image\" content=\"https:\/\/tupique.com\/wp-content\/uploads\/2026\/05\/8806334388355_R02.jpg\" \/>\n\t<meta property=\"og:image:width\" content=\"1200\" \/>\n\t<meta property=\"og:image:height\" content=\"1200\" \/>\n\t<meta property=\"og:image:type\" content=\"image\/jpeg\" \/>\n<meta name=\"twitter:card\" content=\"summary_large_image\" \/>\n<script type=\"application\/ld+json\" class=\"yoast-schema-graph\">{\"@context\":\"https:\\\/\\\/schema.org\",\"@graph\":[{\"@type\":\"WebPage\",\"@id\":\"https:\\\/\\\/tupique.com\\\/pt\\\/product\\\/masque-facial-holika-holika-after-night-overtime\\\/\",\"url\":\"https:\\\/\\\/tupique.com\\\/pt\\\/product\\\/masque-facial-holika-holika-after-night-overtime\\\/\",\"name\":\"Masque facial Holika Holika After Night Overtime | | Tupique\",\"isPartOf\":{\"@id\":\"https:\\\/\\\/tupique.com\\\/#website\"},\"primaryImageOfPage\":{\"@id\":\"https:\\\/\\\/tupique.com\\\/pt\\\/product\\\/masque-facial-holika-holika-after-night-overtime\\\/#primaryimage\"},\"image\":{\"@id\":\"https:\\\/\\\/tupique.com\\\/pt\\\/product\\\/masque-facial-holika-holika-after-night-overtime\\\/#primaryimage\"},\"thumbnailUrl\":\"https:\\\/\\\/tupique.com\\\/wp-content\\\/uploads\\\/2026\\\/05\\\/8806334388355_R02.jpg\",\"datePublished\":\"2026-05-11T14:57:05+00:00\",\"dateModified\":\"2026-05-11T19:18:48+00:00\",\"description\":\"Envie d'acheter Masque facial Holika Holika After Night Overtime\u00a0? Achetez Masque facial Holika Holika After Night Overtime maintenant avec Tupique en 3 versements sans int\u00e9r\u00eat.\",\"breadcrumb\":{\"@id\":\"https:\\\/\\\/tupique.com\\\/pt\\\/product\\\/masque-facial-holika-holika-after-night-overtime\\\/#breadcrumb\"},\"inLanguage\":\"pt-PT\",\"potentialAction\":[{\"@type\":\"ReadAction\",\"target\":[\"https:\\\/\\\/tupique.com\\\/pt\\\/product\\\/masque-facial-holika-holika-after-night-overtime\\\/\"]}]},{\"@type\":\"ImageObject\",\"inLanguage\":\"pt-PT\",\"@id\":\"https:\\\/\\\/tupique.com\\\/pt\\\/product\\\/masque-facial-holika-holika-after-night-overtime\\\/#primaryimage\",\"url\":\"https:\\\/\\\/tupique.com\\\/wp-content\\\/uploads\\\/2026\\\/05\\\/8806334388355_R02.jpg\",\"contentUrl\":\"https:\\\/\\\/tupique.com\\\/wp-content\\\/uploads\\\/2026\\\/05\\\/8806334388355_R02.jpg\",\"width\":1200,\"height\":1200,\"caption\":\"S4515461_0\"},{\"@type\":\"BreadcrumbList\",\"@id\":\"https:\\\/\\\/tupique.com\\\/pt\\\/product\\\/masque-facial-holika-holika-after-night-overtime\\\/#breadcrumb\",\"itemListElement\":[{\"@type\":\"ListItem\",\"position\":1,\"name\":\"commencer\",\"item\":\"https:\\\/\\\/tupique.com\\\/\"},{\"@type\":\"ListItem\",\"position\":2,\"name\":\"Loja\",\"item\":\"https:\\\/\\\/tupique.com\\\/pt\\\/loja\\\/\"},{\"@type\":\"ListItem\",\"position\":3,\"name\":\"Masque facial Holika Holika After Night Overtime\"}]},{\"@type\":\"WebSite\",\"@id\":\"https:\\\/\\\/tupique.com\\\/#website\",\"url\":\"https:\\\/\\\/tupique.com\\\/\",\"name\":\"Tupique\",\"description\":\"\",\"publisher\":{\"@id\":\"https:\\\/\\\/tupique.com\\\/#organization\"},\"potentialAction\":[{\"@type\":\"SearchAction\",\"target\":{\"@type\":\"EntryPoint\",\"urlTemplate\":\"https:\\\/\\\/tupique.com\\\/?s={search_term_string}\"},\"query-input\":{\"@type\":\"PropertyValueSpecification\",\"valueRequired\":true,\"valueName\":\"search_term_string\"}}],\"inLanguage\":\"pt-PT\"},{\"@type\":\"Organization\",\"@id\":\"https:\\\/\\\/tupique.com\\\/#organization\",\"name\":\"Tupique\",\"url\":\"https:\\\/\\\/tupique.com\\\/\",\"logo\":{\"@type\":\"ImageObject\",\"inLanguage\":\"pt-PT\",\"@id\":\"https:\\\/\\\/tupique.com\\\/#\\\/schema\\\/logo\\\/image\\\/\",\"url\":\"https:\\\/\\\/tupique.com\\\/wp-content\\\/uploads\\\/2026\\\/03\\\/logo-tupique-1.webp\",\"contentUrl\":\"https:\\\/\\\/tupique.com\\\/wp-content\\\/uploads\\\/2026\\\/03\\\/logo-tupique-1.webp\",\"width\":500,\"height\":67,\"caption\":\"Tupique\"},\"image\":{\"@id\":\"https:\\\/\\\/tupique.com\\\/#\\\/schema\\\/logo\\\/image\\\/\"}}]}<\/script>\n<!-- \/ Yoast SEO plugin. -->","yoast_head_json":{"title":"Masque facial Holika Holika After Night Overtime | | Tupique","description":"Envie d'acheter Masque facial Holika Holika After Night Overtime\u00a0? Achetez Masque facial Holika Holika After Night Overtime maintenant avec Tupique en 3 versements sans int\u00e9r\u00eat.","robots":{"index":"index","follow":"follow","max-snippet":"max-snippet:-1","max-image-preview":"max-image-preview:large","max-video-preview":"max-video-preview:-1"},"canonical":"https:\/\/tupique.com\/pt\/product\/masque-facial-holika-holika-after-night-overtime\/","og_locale":"pt_PT","og_type":"article","og_title":"Masque facial Holika Holika After Night Overtime | | Tupique","og_description":"Envie d'acheter Masque facial Holika Holika After Night Overtime\u00a0? Achetez Masque facial Holika Holika After Night Overtime maintenant avec Tupique en 3 versements sans int\u00e9r\u00eat.","og_url":"https:\/\/tupique.com\/pt\/product\/masque-facial-holika-holika-after-night-overtime\/","og_site_name":"Tupique","article_modified_time":"2026-05-11T19:18:48+00:00","og_image":[{"width":1200,"height":1200,"url":"https:\/\/tupique.com\/wp-content\/uploads\/2026\/05\/8806334388355_R02.jpg","type":"image\/jpeg"}],"twitter_card":"summary_large_image","schema":{"@context":"https:\/\/schema.org","@graph":[{"@type":"WebPage","@id":"https:\/\/tupique.com\/pt\/product\/masque-facial-holika-holika-after-night-overtime\/","url":"https:\/\/tupique.com\/pt\/product\/masque-facial-holika-holika-after-night-overtime\/","name":"Masque facial Holika Holika After Night Overtime | | Tupique","isPartOf":{"@id":"https:\/\/tupique.com\/#website"},"primaryImageOfPage":{"@id":"https:\/\/tupique.com\/pt\/product\/masque-facial-holika-holika-after-night-overtime\/#primaryimage"},"image":{"@id":"https:\/\/tupique.com\/pt\/product\/masque-facial-holika-holika-after-night-overtime\/#primaryimage"},"thumbnailUrl":"https:\/\/tupique.com\/wp-content\/uploads\/2026\/05\/8806334388355_R02.jpg","datePublished":"2026-05-11T14:57:05+00:00","dateModified":"2026-05-11T19:18:48+00:00","description":"Envie d'acheter Masque facial Holika Holika After Night Overtime\u00a0? Achetez Masque facial Holika Holika After Night Overtime maintenant avec Tupique en 3 versements sans int\u00e9r\u00eat.","breadcrumb":{"@id":"https:\/\/tupique.com\/pt\/product\/masque-facial-holika-holika-after-night-overtime\/#breadcrumb"},"inLanguage":"pt-PT","potentialAction":[{"@type":"ReadAction","target":["https:\/\/tupique.com\/pt\/product\/masque-facial-holika-holika-after-night-overtime\/"]}]},{"@type":"ImageObject","inLanguage":"pt-PT","@id":"https:\/\/tupique.com\/pt\/product\/masque-facial-holika-holika-after-night-overtime\/#primaryimage","url":"https:\/\/tupique.com\/wp-content\/uploads\/2026\/05\/8806334388355_R02.jpg","contentUrl":"https:\/\/tupique.com\/wp-content\/uploads\/2026\/05\/8806334388355_R02.jpg","width":1200,"height":1200,"caption":"S4515461_0"},{"@type":"BreadcrumbList","@id":"https:\/\/tupique.com\/pt\/product\/masque-facial-holika-holika-after-night-overtime\/#breadcrumb","itemListElement":[{"@type":"ListItem","position":1,"name":"commencer","item":"https:\/\/tupique.com\/"},{"@type":"ListItem","position":2,"name":"Loja","item":"https:\/\/tupique.com\/pt\/loja\/"},{"@type":"ListItem","position":3,"name":"Masque facial Holika Holika After Night Overtime"}]},{"@type":"WebSite","@id":"https:\/\/tupique.com\/#website","url":"https:\/\/tupique.com\/","name":"Tupique","description":"","publisher":{"@id":"https:\/\/tupique.com\/#organization"},"potentialAction":[{"@type":"SearchAction","target":{"@type":"EntryPoint","urlTemplate":"https:\/\/tupique.com\/?s={search_term_string}"},"query-input":{"@type":"PropertyValueSpecification","valueRequired":true,"valueName":"search_term_string"}}],"inLanguage":"pt-PT"},{"@type":"Organization","@id":"https:\/\/tupique.com\/#organization","name":"Tupique","url":"https:\/\/tupique.com\/","logo":{"@type":"ImageObject","inLanguage":"pt-PT","@id":"https:\/\/tupique.com\/#\/schema\/logo\/image\/","url":"https:\/\/tupique.com\/wp-content\/uploads\/2026\/03\/logo-tupique-1.webp","contentUrl":"https:\/\/tupique.com\/wp-content\/uploads\/2026\/03\/logo-tupique-1.webp","width":500,"height":67,"caption":"Tupique"},"image":{"@id":"https:\/\/tupique.com\/#\/schema\/logo\/image\/"}}]}},"_links":{"self":[{"href":"https:\/\/tupique.com\/pt\/wp-json\/wp\/v2\/product\/183493","targetHints":{"allow":["GET"]}}],"collection":[{"href":"https:\/\/tupique.com\/pt\/wp-json\/wp\/v2\/product"}],"about":[{"href":"https:\/\/tupique.com\/pt\/wp-json\/wp\/v2\/types\/product"}],"replies":[{"embeddable":true,"href":"https:\/\/tupique.com\/pt\/wp-json\/wp\/v2\/comments?post=183493"}],"wp:featuredmedia":[{"embeddable":true,"href":"https:\/\/tupique.com\/pt\/wp-json\/wp\/v2\/media\/183492"}],"wp:attachment":[{"href":"https:\/\/tupique.com\/pt\/wp-json\/wp\/v2\/media?parent=183493"}],"wp:term":[{"taxonomy":"product_brand","embeddable":true,"href":"https:\/\/tupique.com\/pt\/wp-json\/wp\/v2\/product_brand?post=183493"},{"taxonomy":"product_cat","embeddable":true,"href":"https:\/\/tupique.com\/pt\/wp-json\/wp\/v2\/product_cat?post=183493"},{"taxonomy":"product_tag","embeddable":true,"href":"https:\/\/tupique.com\/pt\/wp-json\/wp\/v2\/product_tag?post=183493"},{"taxonomy":"woo-feed-brand","embeddable":true,"href":"https:\/\/tupique.com\/pt\/wp-json\/wp\/v2\/woo-feed-brand?post=183493"}],"curies":[{"name":"wp","href":"https:\/\/api.w.org\/{rel}","templated":true}]}}