{"id":183749,"date":"2026-05-11T17:14:50","date_gmt":"2026-05-11T15:14:50","guid":{"rendered":"https:\/\/tupique.com\/product\/mini-refrigerateur-a-cosmetiques-frecos-innovagoods\/"},"modified":"2026-05-11T21:23:48","modified_gmt":"2026-05-11T19:23:48","slug":"mini-refrigerateur-a-cosmetiques-frecos-innovagoods","status":"publish","type":"product","link":"https:\/\/tupique.com\/pt\/product\/mini-refrigerateur-a-cosmetiques-frecos-innovagoods\/","title":{"rendered":"Mini Frigor\u00edfico para Cosm\u00e9ticos Frecos InnovaGoods"},"content":{"rendered":"<div class=\"col-md-6\"><b>InnovaGoods<\/b> vous facilite la t\u00e2che pour que votre soin personnel soit une priorit\u00e9 sans excuses. Il vous propose les meilleures nouveaut\u00e9s en mati\u00e8re de beaut\u00e9, de d\u00e9tente et de bien-\u00eatre ! <b>Mini Frigor\u00edfico para Cosm\u00e9ticos Frecos InnovaGoods <\/b> en est un bon exemple ! D\u00e9couvrez une vaste gamme de produits de qualit\u00e9 qui se d\u00e9marquent de par leur fonctionnalit\u00e9, leur efficacit\u00e9 et leur design innovant.<\/p>\n<p>Ler<b> mini-frigo<br \/>\npour cosm\u00e9tiques Frecos InnovaGoods<\/b> est id\u00e9al pour maintenir au froid et<br \/>\ndans des conditions optimales, une grande vari\u00e9t\u00e9 de produits cosm\u00e9tiques, tels<br \/>\nque les cr\u00e8mes, les masques et ampoules pour le visage, les s\u00e9rums, les<br \/>\ncontours des yeux, les cr\u00e8mes pour le corps, les brumes et sprays pour le<br \/>\nvisage, les roll-ons et pierres, les produits de beaut\u00e9 biologiques contenant<br \/>\ndes ingr\u00e9dients naturels, etc. Sa <b>fonction<br \/>\nfroid<\/b> est \u00e9galement id\u00e9ale pour refroidir les boissons et les sodas, les<br \/>\nm\u00e9dicaments, etc.<\/p>\n<p><b>Conserver<br \/>\ncertains produits de beaut\u00e9 au froid est particuli\u00e8rement recommand\u00e9 pour<br \/>\nrenforcer leur efficacit\u00e9 et am\u00e9liorer leurs r\u00e9sultats<\/b> :<br \/>\nFaciliter le resserrement des pores de la peau, r\u00e9duire le s\u00e9bum, l\u2019acn\u00e9 et les<br \/>\nlignes d\u2019expression, etc. La temp\u00e9rature stable optimale pour la conservation<br \/>\ndes cosm\u00e9tiques se situe entre 13 et 15\u00ba C. De plus, un espace clos non expos\u00e9<br \/>\n\u00e0 la lumi\u00e8re est l\u2019environnement id\u00e9al pour ne pas alt\u00e9rer leur formulation.<\/p>\n<p>Ce <b>mini-frigo<\/b><br \/>\n<b>multifonction<\/b> dispose \u00e9galement d\u2019une<br \/>\n<b>fonction chaleur<\/b> et peut donc \u00eatre<br \/>\nutilis\u00e9 pour r\u00e9chauffer les boissons (caf\u00e9, tisanes&#8230;), les aliments contenus<br \/>\ndans des lunch box, les pots pour b\u00e9b\u00e9, etc. Les disques ou lingettes<br \/>\nd\u00e9maquillants peuvent \u00eatre r\u00e9chauff\u00e9s pour aider \u00e0 ouvrir les pores de la peau lors<br \/>\nde votre routine de soins habituelle.<\/p>\n<\/p>\n<ul>\n<li><b>Mini-frigo pour cosm\u00e9tiques et autres utilisations.<\/b><\/li>\n<li>Am\u00e9liore leur conservation et renforce leurs effets.<\/li>\n<li>Aide \u00e0 maintenir<br \/>\nleurs propri\u00e9t\u00e9s plus longtemps<\/li>\n<li><b>Design original, polyvalent, multiusage, multifonction<\/b><\/li>\n<li><b>Fonction froid et chaud, capacit\u00e9 : 4 L<\/b><\/li>\n<li>Convient \u00e9galement<br \/>\npour r\u00e9chauffer les aliments, boissons, etc.<\/li>\n<li>Taille mini, l\u00e9ger et compact, il n\u2019occupe que peu d\u2019espace<\/li>\n<li><b>Poign\u00e9e de transport, facile \u00e0 utiliser, transporter et<br \/>\nranger<\/b><\/li>\n<li><b>Portable, utilisation \u00e0 l\u2019int\u00e9rieur et \u00e0 l\u2019ext\u00e9rieur (voyages,<br \/>\netc.)<\/b><\/li>\n<li><b>Comprend un c\u00e2ble AC amovible et un c\u00e2ble adaptateur pour<br \/>\nvoiture<\/b><\/li>\n<\/ul>\n<p>Ce <b>mini-frigo<\/b><br \/>\nposs\u00e8de deux compartiments \u00e0 l\u2019int\u00e9rieur et un autre au niveau de la porte. La<br \/>\nclayette int\u00e9rieure peut toutefois \u00eatre retir\u00e9e pour agrandir l\u2019espace et<br \/>\npouvoir rentrer de plus grands contenants. Gr\u00e2ce \u00e0 son design compact et \u00e0 sa<br \/>\npoign\u00e9e de transport, il peut facilement \u00eatre transport\u00e9 partout.<\/p>\n<p>Le c\u00e2ble de raccordement AC est amovible. Comprend<br \/>\n\u00e9galement un c\u00e2ble de branchement pour l\u2019allume-cigare de la voiture et peut<br \/>\ndonc \u00eatre utilis\u00e9 lors de voyages, pique-niques ou excursions pour refroidir<br \/>\ndes canettes, etc. ou pour r\u00e9chauffer des aliments, du caf\u00e9, etc.<\/p>\n<p>Ne convient pas aux cosm\u00e9tiques qui peuvent se<br \/>\nsolidifier, comme les huiles pour le visage ou les cheveux, les baumes, les<br \/>\nrouges \u00e0 l\u00e8vres, les ombres \u00e0 paupi\u00e8res, les masques pour cils&#8230;<\/p>\n<\/p>\n<ul>\n<li>Mat\u00e9riel: polypropyl\u00e8ne<\/li>\n<li>Couleur: Bleu<\/li>\n<li>Type: Mini r\u00e9frig\u00e9rateur<\/li>\n<li>Capacit\u00e9: 4 L<\/li>\n<li>Caract\u00e9ristiques: Anse de transport<\/li>\n<li>Originale et portative: Utilisation \u00e0 l&#8217;int\u00e9rieur et \u00e0 l&#8217;ext\u00e9rieur<\/li>\n<li>Multifonction: Polyvalent et adaptable<\/li>\n<li>Utilisation principale: Produits cosm\u00e9tiques<\/li>\n<li>Fonction de refroidissement (par rapport \u00e0 la temp\u00e9rature ext\u00e9rieure): -(10\/15 \u2103)<\/li>\n<li>Fonction chaleur: 60\/80 \u2103<\/li>\n<li>Inclut: C\u00e2ble adaptateur pour la voiture (12 V)<\/li>\n<li>Type de prise: C<\/li>\n<li>C\u00e2ble amovible: 1,75 m<\/li>\n<li>puissance: 48 W<\/li>\n<li>DC In: 12 V<\/li>\n<li>AC In: 220-240 V \/ 50-60 Hz<\/li>\n<li>Dimensions approx.: 18,5 x 25,2 x 23 cm<\/li>\n<\/ul>\n<p>Packaging et manuel en 24 langues: anglais, fran\u00e7ais, espagnol, allemand, italien, portugais, n\u00e9erlandais, polonais, hongrois, roumain, danois, su\u00e9dois, finnois, lituanien, norv\u00e9gien, slov\u00e8ne, grec, tch\u00e8que, bulgare, croate, slovaque, estonien, russe, letton.<\/p><\/div>\n<div class=\"col-md-6\">\n<div class=\"embed-responsive embed-responsive-16by9\"><iframe class=\"embed-responsive-item\" src=\"https:\/\/www.youtube.com\/embed\/EROVNeYxBgY\" frameborder=\"0\" allowfullscreen><\/iframe><\/div>\n<\/div>","protected":false},"excerpt":{"rendered":"<p><span class=\"unit-info\">12.4975 &euro; \/ 1 l<\/span><\/p>","protected":false},"featured_media":183737,"comment_status":"open","ping_status":"closed","template":"","meta":[],"product_brand":[256],"product_cat":[1847,63,550,1825,1378,60,776,1059,769,77,226,752,1826,1487,1796,1062],"product_tag":[722,56,164],"woo-feed-brand":[],"class_list":{"0":"post-183749","1":"product","2":"type-product","3":"status-publish","4":"has-post-thumbnail","6":"product_brand-brandp_1281","7":"product_cat-accessoires-et-organisateurs","8":"product_cat-cadeaux-originaux","9":"product_cat-cadeaux-pour-femme","10":"product_cat-cadeaux-pour-soins-personnels","11":"product_cat-cosmetiques","12":"product_cat-cuisine-gourmet","13":"product_cat-detente-et-bien-etre","14":"product_cat-esthetique-et-traitements-corporels","15":"product_cat-parfum-cosmetique","16":"product_cat-petit-electromenager","17":"product_cat-refrigerateurs-et-congelateurs","18":"product_cat-sante-beaute","19":"product_cat-teleachat-vu-a-la-television-sante-et-beaute-teleshop","20":"product_cat-soins-anti-cellulite","21":"product_cat-teleachat-vu-a-la-television","22":"product_cat-trousse-de-secours","23":"product_tag-tag_923","24":"product_tag-tag_930","25":"product_tag-tag_152","27":"first","28":"instock","29":"taxable","30":"shipping-taxable","31":"purchasable","32":"product-type-simple"},"yoast_head":"<!-- This site is optimized with the Yoast SEO plugin v27.5 - https:\/\/yoast.com\/product\/yoast-seo-wordpress\/ -->\n<title>Mini R\u00e9frig\u00e9rateur \u00e0 Cosm\u00e9tiques Frecos InnovaGoods | | Tupique<\/title>\n<meta name=\"description\" content=\"Envie d&#039;acheter Mini R\u00e9frig\u00e9rateur \u00e0 Cosm\u00e9tiques Frecos InnovaGoods\u00a0? Achetez Mini R\u00e9frig\u00e9rateur \u00e0 Cosm\u00e9tiques Frecos InnovaGoods maintenant avec Tupique en 3 versements sans int\u00e9r\u00eat.\" \/>\n<meta name=\"robots\" content=\"index, follow, max-snippet:-1, max-image-preview:large, max-video-preview:-1\" \/>\n<link rel=\"canonical\" href=\"https:\/\/tupique.com\/pt\/product\/mini-refrigerateur-a-cosmetiques-frecos-innovagoods\/\" \/>\n<meta property=\"og:locale\" content=\"pt_PT\" \/>\n<meta property=\"og:type\" content=\"article\" \/>\n<meta property=\"og:title\" content=\"Mini R\u00e9frig\u00e9rateur \u00e0 Cosm\u00e9tiques Frecos InnovaGoods | | Tupique\" \/>\n<meta property=\"og:description\" content=\"Envie d&#039;acheter Mini R\u00e9frig\u00e9rateur \u00e0 Cosm\u00e9tiques Frecos InnovaGoods\u00a0? Achetez Mini R\u00e9frig\u00e9rateur \u00e0 Cosm\u00e9tiques Frecos InnovaGoods maintenant avec Tupique en 3 versements sans int\u00e9r\u00eat.\" \/>\n<meta property=\"og:url\" content=\"https:\/\/tupique.com\/pt\/product\/mini-refrigerateur-a-cosmetiques-frecos-innovagoods\/\" \/>\n<meta property=\"og:site_name\" content=\"Tupique\" \/>\n<meta property=\"article:modified_time\" content=\"2026-05-11T19:23:48+00:00\" \/>\n<meta name=\"twitter:card\" content=\"summary_large_image\" \/>\n<meta name=\"twitter:label1\" content=\"Tempo estimado de leitura\" \/>\n\t<meta name=\"twitter:data1\" content=\"3 minutos\" \/>\n<script type=\"application\/ld+json\" class=\"yoast-schema-graph\">{\"@context\":\"https:\\\/\\\/schema.org\",\"@graph\":[{\"@type\":\"WebPage\",\"@id\":\"https:\\\/\\\/tupique.com\\\/product\\\/mini-refrigerateur-a-cosmetiques-frecos-innovagoods\\\/\",\"url\":\"https:\\\/\\\/tupique.com\\\/product\\\/mini-refrigerateur-a-cosmetiques-frecos-innovagoods\\\/\",\"name\":\"Mini R\u00e9frig\u00e9rateur \u00e0 Cosm\u00e9tiques Frecos InnovaGoods | | Tupique\",\"isPartOf\":{\"@id\":\"https:\\\/\\\/tupique.com\\\/#website\"},\"primaryImageOfPage\":{\"@id\":\"https:\\\/\\\/tupique.com\\\/product\\\/mini-refrigerateur-a-cosmetiques-frecos-innovagoods\\\/#primaryimage\"},\"image\":{\"@id\":\"https:\\\/\\\/tupique.com\\\/product\\\/mini-refrigerateur-a-cosmetiques-frecos-innovagoods\\\/#primaryimage\"},\"thumbnailUrl\":\"https:\\\/\\\/tupique.com\\\/wp-content\\\/uploads\\\/2026\\\/05\\\/V0103655_000_MKT5.jpg\",\"datePublished\":\"2026-05-11T15:14:50+00:00\",\"dateModified\":\"2026-05-11T19:23:48+00:00\",\"description\":\"Envie d'acheter Mini R\u00e9frig\u00e9rateur \u00e0 Cosm\u00e9tiques Frecos InnovaGoods\u00a0? Achetez Mini R\u00e9frig\u00e9rateur \u00e0 Cosm\u00e9tiques Frecos InnovaGoods maintenant avec Tupique en 3 versements sans int\u00e9r\u00eat.\",\"breadcrumb\":{\"@id\":\"https:\\\/\\\/tupique.com\\\/product\\\/mini-refrigerateur-a-cosmetiques-frecos-innovagoods\\\/#breadcrumb\"},\"inLanguage\":\"pt-PT\",\"potentialAction\":[{\"@type\":\"ReadAction\",\"target\":[\"https:\\\/\\\/tupique.com\\\/product\\\/mini-refrigerateur-a-cosmetiques-frecos-innovagoods\\\/\"]}]},{\"@type\":\"ImageObject\",\"inLanguage\":\"pt-PT\",\"@id\":\"https:\\\/\\\/tupique.com\\\/product\\\/mini-refrigerateur-a-cosmetiques-frecos-innovagoods\\\/#primaryimage\",\"url\":\"https:\\\/\\\/tupique.com\\\/wp-content\\\/uploads\\\/2026\\\/05\\\/V0103655_000_MKT5.jpg\",\"contentUrl\":\"https:\\\/\\\/tupique.com\\\/wp-content\\\/uploads\\\/2026\\\/05\\\/V0103655_000_MKT5.jpg\",\"width\":1200,\"height\":1200,\"caption\":\"V0103655_0\"},{\"@type\":\"BreadcrumbList\",\"@id\":\"https:\\\/\\\/tupique.com\\\/product\\\/mini-refrigerateur-a-cosmetiques-frecos-innovagoods\\\/#breadcrumb\",\"itemListElement\":[{\"@type\":\"ListItem\",\"position\":1,\"name\":\"commencer\",\"item\":\"https:\\\/\\\/tupique.com\\\/\"},{\"@type\":\"ListItem\",\"position\":2,\"name\":\"Loja\",\"item\":\"https:\\\/\\\/tupique.com\\\/loja\\\/\"},{\"@type\":\"ListItem\",\"position\":3,\"name\":\"Mini R\u00e9frig\u00e9rateur \u00e0 Cosm\u00e9tiques Frecos InnovaGoods\"}]},{\"@type\":\"WebSite\",\"@id\":\"https:\\\/\\\/tupique.com\\\/#website\",\"url\":\"https:\\\/\\\/tupique.com\\\/\",\"name\":\"Tupique\",\"description\":\"\",\"publisher\":{\"@id\":\"https:\\\/\\\/tupique.com\\\/#organization\"},\"potentialAction\":[{\"@type\":\"SearchAction\",\"target\":{\"@type\":\"EntryPoint\",\"urlTemplate\":\"https:\\\/\\\/tupique.com\\\/?s={search_term_string}\"},\"query-input\":{\"@type\":\"PropertyValueSpecification\",\"valueRequired\":true,\"valueName\":\"search_term_string\"}}],\"inLanguage\":\"pt-PT\"},{\"@type\":\"Organization\",\"@id\":\"https:\\\/\\\/tupique.com\\\/#organization\",\"name\":\"Tupique\",\"url\":\"https:\\\/\\\/tupique.com\\\/\",\"logo\":{\"@type\":\"ImageObject\",\"inLanguage\":\"pt-PT\",\"@id\":\"https:\\\/\\\/tupique.com\\\/#\\\/schema\\\/logo\\\/image\\\/\",\"url\":\"https:\\\/\\\/tupique.com\\\/wp-content\\\/uploads\\\/2026\\\/03\\\/logo-tupique-1.webp\",\"contentUrl\":\"https:\\\/\\\/tupique.com\\\/wp-content\\\/uploads\\\/2026\\\/03\\\/logo-tupique-1.webp\",\"width\":500,\"height\":67,\"caption\":\"Tupique\"},\"image\":{\"@id\":\"https:\\\/\\\/tupique.com\\\/#\\\/schema\\\/logo\\\/image\\\/\"}}]}<\/script>\n<!-- \/ Yoast SEO plugin. -->","yoast_head_json":{"title":"Mini R\u00e9frig\u00e9rateur \u00e0 Cosm\u00e9tiques Frecos InnovaGoods | | Tupique","description":"Envie d'acheter Mini R\u00e9frig\u00e9rateur \u00e0 Cosm\u00e9tiques Frecos InnovaGoods\u00a0? Achetez Mini R\u00e9frig\u00e9rateur \u00e0 Cosm\u00e9tiques Frecos InnovaGoods maintenant avec Tupique en 3 versements sans int\u00e9r\u00eat.","robots":{"index":"index","follow":"follow","max-snippet":"max-snippet:-1","max-image-preview":"max-image-preview:large","max-video-preview":"max-video-preview:-1"},"canonical":"https:\/\/tupique.com\/pt\/product\/mini-refrigerateur-a-cosmetiques-frecos-innovagoods\/","og_locale":"pt_PT","og_type":"article","og_title":"Mini R\u00e9frig\u00e9rateur \u00e0 Cosm\u00e9tiques Frecos InnovaGoods | | Tupique","og_description":"Envie d'acheter Mini R\u00e9frig\u00e9rateur \u00e0 Cosm\u00e9tiques Frecos InnovaGoods\u00a0? Achetez Mini R\u00e9frig\u00e9rateur \u00e0 Cosm\u00e9tiques Frecos InnovaGoods maintenant avec Tupique en 3 versements sans int\u00e9r\u00eat.","og_url":"https:\/\/tupique.com\/pt\/product\/mini-refrigerateur-a-cosmetiques-frecos-innovagoods\/","og_site_name":"Tupique","article_modified_time":"2026-05-11T19:23:48+00:00","twitter_card":"summary_large_image","twitter_misc":{"Tempo estimado de leitura":"3 minutos"},"schema":{"@context":"https:\/\/schema.org","@graph":[{"@type":"WebPage","@id":"https:\/\/tupique.com\/product\/mini-refrigerateur-a-cosmetiques-frecos-innovagoods\/","url":"https:\/\/tupique.com\/product\/mini-refrigerateur-a-cosmetiques-frecos-innovagoods\/","name":"Mini R\u00e9frig\u00e9rateur \u00e0 Cosm\u00e9tiques Frecos InnovaGoods | | Tupique","isPartOf":{"@id":"https:\/\/tupique.com\/#website"},"primaryImageOfPage":{"@id":"https:\/\/tupique.com\/product\/mini-refrigerateur-a-cosmetiques-frecos-innovagoods\/#primaryimage"},"image":{"@id":"https:\/\/tupique.com\/product\/mini-refrigerateur-a-cosmetiques-frecos-innovagoods\/#primaryimage"},"thumbnailUrl":"https:\/\/tupique.com\/wp-content\/uploads\/2026\/05\/V0103655_000_MKT5.jpg","datePublished":"2026-05-11T15:14:50+00:00","dateModified":"2026-05-11T19:23:48+00:00","description":"Envie d'acheter Mini R\u00e9frig\u00e9rateur \u00e0 Cosm\u00e9tiques Frecos InnovaGoods\u00a0? Achetez Mini R\u00e9frig\u00e9rateur \u00e0 Cosm\u00e9tiques Frecos InnovaGoods maintenant avec Tupique en 3 versements sans int\u00e9r\u00eat.","breadcrumb":{"@id":"https:\/\/tupique.com\/product\/mini-refrigerateur-a-cosmetiques-frecos-innovagoods\/#breadcrumb"},"inLanguage":"pt-PT","potentialAction":[{"@type":"ReadAction","target":["https:\/\/tupique.com\/product\/mini-refrigerateur-a-cosmetiques-frecos-innovagoods\/"]}]},{"@type":"ImageObject","inLanguage":"pt-PT","@id":"https:\/\/tupique.com\/product\/mini-refrigerateur-a-cosmetiques-frecos-innovagoods\/#primaryimage","url":"https:\/\/tupique.com\/wp-content\/uploads\/2026\/05\/V0103655_000_MKT5.jpg","contentUrl":"https:\/\/tupique.com\/wp-content\/uploads\/2026\/05\/V0103655_000_MKT5.jpg","width":1200,"height":1200,"caption":"V0103655_0"},{"@type":"BreadcrumbList","@id":"https:\/\/tupique.com\/product\/mini-refrigerateur-a-cosmetiques-frecos-innovagoods\/#breadcrumb","itemListElement":[{"@type":"ListItem","position":1,"name":"commencer","item":"https:\/\/tupique.com\/"},{"@type":"ListItem","position":2,"name":"Loja","item":"https:\/\/tupique.com\/loja\/"},{"@type":"ListItem","position":3,"name":"Mini R\u00e9frig\u00e9rateur \u00e0 Cosm\u00e9tiques Frecos InnovaGoods"}]},{"@type":"WebSite","@id":"https:\/\/tupique.com\/#website","url":"https:\/\/tupique.com\/","name":"Tupique","description":"","publisher":{"@id":"https:\/\/tupique.com\/#organization"},"potentialAction":[{"@type":"SearchAction","target":{"@type":"EntryPoint","urlTemplate":"https:\/\/tupique.com\/?s={search_term_string}"},"query-input":{"@type":"PropertyValueSpecification","valueRequired":true,"valueName":"search_term_string"}}],"inLanguage":"pt-PT"},{"@type":"Organization","@id":"https:\/\/tupique.com\/#organization","name":"Tupique","url":"https:\/\/tupique.com\/","logo":{"@type":"ImageObject","inLanguage":"pt-PT","@id":"https:\/\/tupique.com\/#\/schema\/logo\/image\/","url":"https:\/\/tupique.com\/wp-content\/uploads\/2026\/03\/logo-tupique-1.webp","contentUrl":"https:\/\/tupique.com\/wp-content\/uploads\/2026\/03\/logo-tupique-1.webp","width":500,"height":67,"caption":"Tupique"},"image":{"@id":"https:\/\/tupique.com\/#\/schema\/logo\/image\/"}}]}},"_links":{"self":[{"href":"https:\/\/tupique.com\/pt\/wp-json\/wp\/v2\/product\/183749","targetHints":{"allow":["GET"]}}],"collection":[{"href":"https:\/\/tupique.com\/pt\/wp-json\/wp\/v2\/product"}],"about":[{"href":"https:\/\/tupique.com\/pt\/wp-json\/wp\/v2\/types\/product"}],"replies":[{"embeddable":true,"href":"https:\/\/tupique.com\/pt\/wp-json\/wp\/v2\/comments?post=183749"}],"wp:featuredmedia":[{"embeddable":true,"href":"https:\/\/tupique.com\/pt\/wp-json\/wp\/v2\/media\/183737"}],"wp:attachment":[{"href":"https:\/\/tupique.com\/pt\/wp-json\/wp\/v2\/media?parent=183749"}],"wp:term":[{"taxonomy":"product_brand","embeddable":true,"href":"https:\/\/tupique.com\/pt\/wp-json\/wp\/v2\/product_brand?post=183749"},{"taxonomy":"product_cat","embeddable":true,"href":"https:\/\/tupique.com\/pt\/wp-json\/wp\/v2\/product_cat?post=183749"},{"taxonomy":"product_tag","embeddable":true,"href":"https:\/\/tupique.com\/pt\/wp-json\/wp\/v2\/product_tag?post=183749"},{"taxonomy":"woo-feed-brand","embeddable":true,"href":"https:\/\/tupique.com\/pt\/wp-json\/wp\/v2\/woo-feed-brand?post=183749"}],"curies":[{"name":"wp","href":"https:\/\/api.w.org\/{rel}","templated":true}]}}