{"id":183755,"date":"2026-05-11T17:14:58","date_gmt":"2026-05-11T15:14:58","guid":{"rendered":"https:\/\/tupique.com\/product\/boite-cadeau-krist-blanc-rouge-argente-argent-noel-sapin-de-noel-285-x-17-x-375-cm\/"},"modified":"2026-05-11T21:18:40","modified_gmt":"2026-05-11T19:18:40","slug":"boite-cadeau-krist-blanc-rouge-argente-argent-noel-sapin-de-noel-285-x-17-x-375-cm","status":"publish","type":"product","link":"https:\/\/tupique.com\/pt\/product\/boite-cadeau-krist-blanc-rouge-argente-argent-noel-sapin-de-noel-285-x-17-x-375-cm\/","title":{"rendered":"Caixa de Presente Krist+ Branco Vermelho Prateado Natal \u00c1rvore de Natal 28,5 x 17 x 37,5 cm"},"content":{"rendered":"<p>Vous voulez donner une touche d&#8217;originalit\u00e9 \u00e0 votre maison ? Vous y arriverez gr\u00e2ce au <b>Caixa de Presente Krist+ Branco Vermelho Prateado Natal \u00c1rvore de Natal 28,5 x 17 x 37,5 cm<\/b>.<\/p>\n<p>Ler <b>set de 10 bo\u00eetes cadeau Krist+<\/b> est un ensemble id\u00e9al pour la d\u00e9coration de No\u00ebl et pour pr\u00e9senter des cadeaux avec style. Ces bo\u00eetes font partie d\u2019un <b>jeu de bo\u00eetes d\u00e9coratives<\/b> fabriqu\u00e9es en <b>carton<\/b>, ce qui les rend l\u00e9g\u00e8res mais suffisamment solides pour prot\u00e9ger leur contenu. Leur design se distingue par des tons dominants en <b>blanc, rouge et argent\u00e9<\/b>, couleurs classiques de No\u00ebl, associ\u00e9s \u00e0 des motifs d\u2019arbres apportant une touche festive et \u00e9l\u00e9gante. Chaque bo\u00eete mesure environ <b>27 x 20 x 11,5 cm<\/b>, une taille parfaite pour emballer divers cadeaux, des v\u00eatements aux petits objets d\u00e9coratifs ou gourmets. La palette de couleurs et le design permettent \u00e0 ces bo\u00eetes de s\u2019int\u00e9grer harmonieusement avec d\u2019autres \u00e9l\u00e9ments de No\u00ebl, facilitant une pr\u00e9sentation soign\u00e9e et attrayante. Leur format facilite \u00e9galement le rangement et l\u2019empilement, optimisant l\u2019espace lorsqu\u2019elles ne sont pas utilis\u00e9es. Cet ensemble est sp\u00e9cialement con\u00e7u pour ceux qui recherchent une solution pratique et esth\u00e9tique pour leurs cadeaux pendant les f\u00eates, alliant fonctionnalit\u00e9 et d\u00e9tails \u00e9voquant l\u2019esprit de No\u00ebl. Ensemble, elles repr\u00e9sentent une option adapt\u00e9e pour emballer et pr\u00e9senter des cadeaux tout en respectant la tradition et l\u2019ambiance de la saison.<\/p>\n<ul>\n<li>Design:\n<ul>\n<li>No\u00ebl<\/li>\n<li>Sapin de No\u00ebl<\/li>\n<\/ul>\n<\/li>\n<li>Tipo:\n<ul>\n<li>No\u00ebl<\/li>\n<li>Sapin de No\u00ebl<\/li>\n<li>Set de bo\u00eetes d\u00e9coratives<\/li>\n<\/ul>\n<\/li>\n<li>Dimensions approx.:\n<ul>\n<li>27 x 20 x 11,5 cm<\/li>\n<li>38,5 x 28,5 x 17 cm<\/li>\n<li>36,5 x 27 x 15,5 cm<\/li>\n<li>34,3 x 25,5 x 14,5 cm<\/li>\n<li>32,3 x 23,7 x 13,5 cm<\/li>\n<li>30,2 x 22 x 12,5 cm<\/li>\n<li>26 x 18,3 x 10,5 cm<\/li>\n<li>24 x 16,5 x 9,5 cm<\/li>\n<li>21,7 x 15 x 8,7 cm<\/li>\n<li>20 x 13 x 7,5 cm<\/li>\n<li>28,5 x 17 x 37,5 cm<\/li>\n<\/ul>\n<\/li>\n<li>Couleur:\n<ul>\n<li>Blanc<\/li>\n<li>Rouge<\/li>\n<li>Argent\u00e9<\/li>\n<li>Argent<\/li>\n<\/ul>\n<\/li>\n<li>Mati\u00e8re: Carton<\/li>\n<\/ul>","protected":false},"excerpt":{"rendered":"<p>Vous voulez donner une touche d&#8217;originalit\u00e9 \u00e0 votre maison ? Vous y arriverez gr\u00e2ce au Bo\u00eete Cadeau Krist+ Blanc Rouge Argent\u00e9 Argent No\u00ebl Sapin de No\u00ebl 28,5 x 17 x 37,5 cm. Le set de 10 bo\u00eetes cadeau Krist+ est un ensemble id\u00e9al pour la d\u00e9coration de No\u00ebl et pour pr\u00e9senter des cadeaux avec style. [&hellip;]<\/p>\n","protected":false},"featured_media":183754,"comment_status":"open","ping_status":"closed","template":"","meta":[],"product_brand":[2416],"product_cat":[1703,1430,239],"product_tag":[215],"woo-feed-brand":[],"class_list":{"0":"post-183755","1":"product","2":"type-product","3":"status-publish","4":"has-post-thumbnail","6":"product_brand-brandp_6833","7":"product_cat-decoration-de-noel","8":"product_cat-decoration-et-eclairage","9":"product_cat-maison-jardin","10":"product_tag-tag_427","12":"first","13":"instock","14":"taxable","15":"shipping-taxable","16":"purchasable","17":"product-type-simple"},"yoast_head":"<!-- This site is optimized with the Yoast SEO plugin v27.6 - https:\/\/yoast.com\/product\/yoast-seo-wordpress\/ -->\n<title>Bo\u00eete Cadeau Krist+ Blanc Rouge Argent\u00e9 Argent No\u00ebl Sapin de No\u00ebl 28,5 x 17 x 37,5 cm | | Tupique<\/title>\n<meta name=\"description\" content=\"Envie d&#039;acheter Bo\u00eete Cadeau Krist+ Blanc Rouge Argent\u00e9 Argent No\u00ebl Sapin de No\u00ebl 28,5 x 17 x 37,5 cm\u00a0? Achetez Bo\u00eete Cadeau Krist+ Blanc Rouge Argent\u00e9 Argent No\u00ebl Sapin de No\u00ebl 28,5 x 17 x 37,5 cm maintenant avec Tupique en 3 versements sans int\u00e9r\u00eat.\" \/>\n<meta name=\"robots\" content=\"index, follow, max-snippet:-1, max-image-preview:large, max-video-preview:-1\" \/>\n<link rel=\"canonical\" href=\"https:\/\/tupique.com\/pt\/product\/boite-cadeau-krist-blanc-rouge-argente-argent-noel-sapin-de-noel-285-x-17-x-375-cm\/\" \/>\n<meta property=\"og:locale\" content=\"pt_PT\" \/>\n<meta property=\"og:type\" content=\"article\" \/>\n<meta property=\"og:title\" content=\"Bo\u00eete Cadeau Krist+ Blanc Rouge Argent\u00e9 Argent No\u00ebl Sapin de No\u00ebl 28,5 x 17 x 37,5 cm | | Tupique\" \/>\n<meta property=\"og:description\" content=\"Envie d&#039;acheter Bo\u00eete Cadeau Krist+ Blanc Rouge Argent\u00e9 Argent No\u00ebl Sapin de No\u00ebl 28,5 x 17 x 37,5 cm\u00a0? Achetez Bo\u00eete Cadeau Krist+ Blanc Rouge Argent\u00e9 Argent No\u00ebl Sapin de No\u00ebl 28,5 x 17 x 37,5 cm maintenant avec Tupique en 3 versements sans int\u00e9r\u00eat.\" \/>\n<meta property=\"og:url\" content=\"https:\/\/tupique.com\/pt\/product\/boite-cadeau-krist-blanc-rouge-argente-argent-noel-sapin-de-noel-285-x-17-x-375-cm\/\" \/>\n<meta property=\"og:site_name\" content=\"Tupique\" \/>\n<meta property=\"article:modified_time\" content=\"2026-05-11T19:18:40+00:00\" \/>\n<meta property=\"og:image\" content=\"https:\/\/tupique.com\/wp-content\/uploads\/2026\/05\/8445226956625_00_WBG2.jpg\" \/>\n\t<meta property=\"og:image:width\" content=\"1200\" \/>\n\t<meta property=\"og:image:height\" content=\"1200\" \/>\n\t<meta property=\"og:image:type\" content=\"image\/jpeg\" \/>\n<meta name=\"twitter:card\" content=\"summary_large_image\" \/>\n<meta name=\"twitter:label1\" content=\"Tempo estimado de leitura\" \/>\n\t<meta name=\"twitter:data1\" content=\"2 minutos\" \/>\n<script type=\"application\/ld+json\" class=\"yoast-schema-graph\">{\"@context\":\"https:\\\/\\\/schema.org\",\"@graph\":[{\"@type\":\"WebPage\",\"@id\":\"https:\\\/\\\/tupique.com\\\/product\\\/boite-cadeau-krist-blanc-rouge-argente-argent-noel-sapin-de-noel-285-x-17-x-375-cm\\\/\",\"url\":\"https:\\\/\\\/tupique.com\\\/product\\\/boite-cadeau-krist-blanc-rouge-argente-argent-noel-sapin-de-noel-285-x-17-x-375-cm\\\/\",\"name\":\"Bo\u00eete Cadeau Krist+ Blanc Rouge Argent\u00e9 Argent No\u00ebl Sapin de No\u00ebl 28,5 x 17 x 37,5 cm | | Tupique\",\"isPartOf\":{\"@id\":\"https:\\\/\\\/tupique.com\\\/#website\"},\"primaryImageOfPage\":{\"@id\":\"https:\\\/\\\/tupique.com\\\/product\\\/boite-cadeau-krist-blanc-rouge-argente-argent-noel-sapin-de-noel-285-x-17-x-375-cm\\\/#primaryimage\"},\"image\":{\"@id\":\"https:\\\/\\\/tupique.com\\\/product\\\/boite-cadeau-krist-blanc-rouge-argente-argent-noel-sapin-de-noel-285-x-17-x-375-cm\\\/#primaryimage\"},\"thumbnailUrl\":\"https:\\\/\\\/tupique.com\\\/wp-content\\\/uploads\\\/2026\\\/05\\\/8445226956625_00_WBG2.jpg\",\"datePublished\":\"2026-05-11T15:14:58+00:00\",\"dateModified\":\"2026-05-11T19:18:40+00:00\",\"description\":\"Envie d'acheter Bo\u00eete Cadeau Krist+ Blanc Rouge Argent\u00e9 Argent No\u00ebl Sapin de No\u00ebl 28,5 x 17 x 37,5 cm\u00a0? Achetez Bo\u00eete Cadeau Krist+ Blanc Rouge Argent\u00e9 Argent No\u00ebl Sapin de No\u00ebl 28,5 x 17 x 37,5 cm maintenant avec Tupique en 3 versements sans int\u00e9r\u00eat.\",\"breadcrumb\":{\"@id\":\"https:\\\/\\\/tupique.com\\\/product\\\/boite-cadeau-krist-blanc-rouge-argente-argent-noel-sapin-de-noel-285-x-17-x-375-cm\\\/#breadcrumb\"},\"inLanguage\":\"pt-PT\",\"potentialAction\":[{\"@type\":\"ReadAction\",\"target\":[\"https:\\\/\\\/tupique.com\\\/product\\\/boite-cadeau-krist-blanc-rouge-argente-argent-noel-sapin-de-noel-285-x-17-x-375-cm\\\/\"]}]},{\"@type\":\"ImageObject\",\"inLanguage\":\"pt-PT\",\"@id\":\"https:\\\/\\\/tupique.com\\\/product\\\/boite-cadeau-krist-blanc-rouge-argente-argent-noel-sapin-de-noel-285-x-17-x-375-cm\\\/#primaryimage\",\"url\":\"https:\\\/\\\/tupique.com\\\/wp-content\\\/uploads\\\/2026\\\/05\\\/8445226956625_00_WBG2.jpg\",\"contentUrl\":\"https:\\\/\\\/tupique.com\\\/wp-content\\\/uploads\\\/2026\\\/05\\\/8445226956625_00_WBG2.jpg\",\"width\":1200,\"height\":1200,\"caption\":\"S3612524_0\"},{\"@type\":\"BreadcrumbList\",\"@id\":\"https:\\\/\\\/tupique.com\\\/product\\\/boite-cadeau-krist-blanc-rouge-argente-argent-noel-sapin-de-noel-285-x-17-x-375-cm\\\/#breadcrumb\",\"itemListElement\":[{\"@type\":\"ListItem\",\"position\":1,\"name\":\"commencer\",\"item\":\"https:\\\/\\\/tupique.com\\\/\"},{\"@type\":\"ListItem\",\"position\":2,\"name\":\"Loja\",\"item\":\"https:\\\/\\\/tupique.com\\\/pt\\\/loja\\\/\"},{\"@type\":\"ListItem\",\"position\":3,\"name\":\"Bo\u00eete Cadeau Krist+ Blanc Rouge Argent\u00e9 Argent No\u00ebl Sapin de No\u00ebl 28,5 x 17 x 37,5 cm\"}]},{\"@type\":\"WebSite\",\"@id\":\"https:\\\/\\\/tupique.com\\\/#website\",\"url\":\"https:\\\/\\\/tupique.com\\\/\",\"name\":\"Tupique\",\"description\":\"\",\"publisher\":{\"@id\":\"https:\\\/\\\/tupique.com\\\/#organization\"},\"potentialAction\":[{\"@type\":\"SearchAction\",\"target\":{\"@type\":\"EntryPoint\",\"urlTemplate\":\"https:\\\/\\\/tupique.com\\\/?s={search_term_string}\"},\"query-input\":{\"@type\":\"PropertyValueSpecification\",\"valueRequired\":true,\"valueName\":\"search_term_string\"}}],\"inLanguage\":\"pt-PT\"},{\"@type\":\"Organization\",\"@id\":\"https:\\\/\\\/tupique.com\\\/#organization\",\"name\":\"Tupique\",\"url\":\"https:\\\/\\\/tupique.com\\\/\",\"logo\":{\"@type\":\"ImageObject\",\"inLanguage\":\"pt-PT\",\"@id\":\"https:\\\/\\\/tupique.com\\\/#\\\/schema\\\/logo\\\/image\\\/\",\"url\":\"https:\\\/\\\/tupique.com\\\/wp-content\\\/uploads\\\/2026\\\/03\\\/logo-tupique-1.webp\",\"contentUrl\":\"https:\\\/\\\/tupique.com\\\/wp-content\\\/uploads\\\/2026\\\/03\\\/logo-tupique-1.webp\",\"width\":500,\"height\":67,\"caption\":\"Tupique\"},\"image\":{\"@id\":\"https:\\\/\\\/tupique.com\\\/#\\\/schema\\\/logo\\\/image\\\/\"}}]}<\/script>\n<!-- \/ Yoast SEO plugin. -->","yoast_head_json":{"title":"Bo\u00eete Cadeau Krist+ Blanc Rouge Argent\u00e9 Argent No\u00ebl Sapin de No\u00ebl 28,5 x 17 x 37,5 cm | | Tupique","description":"Envie d'acheter Bo\u00eete Cadeau Krist+ Blanc Rouge Argent\u00e9 Argent No\u00ebl Sapin de No\u00ebl 28,5 x 17 x 37,5 cm\u00a0? Achetez Bo\u00eete Cadeau Krist+ Blanc Rouge Argent\u00e9 Argent No\u00ebl Sapin de No\u00ebl 28,5 x 17 x 37,5 cm maintenant avec Tupique en 3 versements sans int\u00e9r\u00eat.","robots":{"index":"index","follow":"follow","max-snippet":"max-snippet:-1","max-image-preview":"max-image-preview:large","max-video-preview":"max-video-preview:-1"},"canonical":"https:\/\/tupique.com\/pt\/product\/boite-cadeau-krist-blanc-rouge-argente-argent-noel-sapin-de-noel-285-x-17-x-375-cm\/","og_locale":"pt_PT","og_type":"article","og_title":"Bo\u00eete Cadeau Krist+ Blanc Rouge Argent\u00e9 Argent No\u00ebl Sapin de No\u00ebl 28,5 x 17 x 37,5 cm | | Tupique","og_description":"Envie d'acheter Bo\u00eete Cadeau Krist+ Blanc Rouge Argent\u00e9 Argent No\u00ebl Sapin de No\u00ebl 28,5 x 17 x 37,5 cm\u00a0? Achetez Bo\u00eete Cadeau Krist+ Blanc Rouge Argent\u00e9 Argent No\u00ebl Sapin de No\u00ebl 28,5 x 17 x 37,5 cm maintenant avec Tupique en 3 versements sans int\u00e9r\u00eat.","og_url":"https:\/\/tupique.com\/pt\/product\/boite-cadeau-krist-blanc-rouge-argente-argent-noel-sapin-de-noel-285-x-17-x-375-cm\/","og_site_name":"Tupique","article_modified_time":"2026-05-11T19:18:40+00:00","og_image":[{"width":1200,"height":1200,"url":"https:\/\/tupique.com\/wp-content\/uploads\/2026\/05\/8445226956625_00_WBG2.jpg","type":"image\/jpeg"}],"twitter_card":"summary_large_image","twitter_misc":{"Tempo estimado de leitura":"2 minutos"},"schema":{"@context":"https:\/\/schema.org","@graph":[{"@type":"WebPage","@id":"https:\/\/tupique.com\/product\/boite-cadeau-krist-blanc-rouge-argente-argent-noel-sapin-de-noel-285-x-17-x-375-cm\/","url":"https:\/\/tupique.com\/product\/boite-cadeau-krist-blanc-rouge-argente-argent-noel-sapin-de-noel-285-x-17-x-375-cm\/","name":"Bo\u00eete Cadeau Krist+ Blanc Rouge Argent\u00e9 Argent No\u00ebl Sapin de No\u00ebl 28,5 x 17 x 37,5 cm | | Tupique","isPartOf":{"@id":"https:\/\/tupique.com\/#website"},"primaryImageOfPage":{"@id":"https:\/\/tupique.com\/product\/boite-cadeau-krist-blanc-rouge-argente-argent-noel-sapin-de-noel-285-x-17-x-375-cm\/#primaryimage"},"image":{"@id":"https:\/\/tupique.com\/product\/boite-cadeau-krist-blanc-rouge-argente-argent-noel-sapin-de-noel-285-x-17-x-375-cm\/#primaryimage"},"thumbnailUrl":"https:\/\/tupique.com\/wp-content\/uploads\/2026\/05\/8445226956625_00_WBG2.jpg","datePublished":"2026-05-11T15:14:58+00:00","dateModified":"2026-05-11T19:18:40+00:00","description":"Envie d'acheter Bo\u00eete Cadeau Krist+ Blanc Rouge Argent\u00e9 Argent No\u00ebl Sapin de No\u00ebl 28,5 x 17 x 37,5 cm\u00a0? Achetez Bo\u00eete Cadeau Krist+ Blanc Rouge Argent\u00e9 Argent No\u00ebl Sapin de No\u00ebl 28,5 x 17 x 37,5 cm maintenant avec Tupique en 3 versements sans int\u00e9r\u00eat.","breadcrumb":{"@id":"https:\/\/tupique.com\/product\/boite-cadeau-krist-blanc-rouge-argente-argent-noel-sapin-de-noel-285-x-17-x-375-cm\/#breadcrumb"},"inLanguage":"pt-PT","potentialAction":[{"@type":"ReadAction","target":["https:\/\/tupique.com\/product\/boite-cadeau-krist-blanc-rouge-argente-argent-noel-sapin-de-noel-285-x-17-x-375-cm\/"]}]},{"@type":"ImageObject","inLanguage":"pt-PT","@id":"https:\/\/tupique.com\/product\/boite-cadeau-krist-blanc-rouge-argente-argent-noel-sapin-de-noel-285-x-17-x-375-cm\/#primaryimage","url":"https:\/\/tupique.com\/wp-content\/uploads\/2026\/05\/8445226956625_00_WBG2.jpg","contentUrl":"https:\/\/tupique.com\/wp-content\/uploads\/2026\/05\/8445226956625_00_WBG2.jpg","width":1200,"height":1200,"caption":"S3612524_0"},{"@type":"BreadcrumbList","@id":"https:\/\/tupique.com\/product\/boite-cadeau-krist-blanc-rouge-argente-argent-noel-sapin-de-noel-285-x-17-x-375-cm\/#breadcrumb","itemListElement":[{"@type":"ListItem","position":1,"name":"commencer","item":"https:\/\/tupique.com\/"},{"@type":"ListItem","position":2,"name":"Loja","item":"https:\/\/tupique.com\/pt\/loja\/"},{"@type":"ListItem","position":3,"name":"Bo\u00eete Cadeau Krist+ Blanc Rouge Argent\u00e9 Argent No\u00ebl Sapin de No\u00ebl 28,5 x 17 x 37,5 cm"}]},{"@type":"WebSite","@id":"https:\/\/tupique.com\/#website","url":"https:\/\/tupique.com\/","name":"Tupique","description":"","publisher":{"@id":"https:\/\/tupique.com\/#organization"},"potentialAction":[{"@type":"SearchAction","target":{"@type":"EntryPoint","urlTemplate":"https:\/\/tupique.com\/?s={search_term_string}"},"query-input":{"@type":"PropertyValueSpecification","valueRequired":true,"valueName":"search_term_string"}}],"inLanguage":"pt-PT"},{"@type":"Organization","@id":"https:\/\/tupique.com\/#organization","name":"Tupique","url":"https:\/\/tupique.com\/","logo":{"@type":"ImageObject","inLanguage":"pt-PT","@id":"https:\/\/tupique.com\/#\/schema\/logo\/image\/","url":"https:\/\/tupique.com\/wp-content\/uploads\/2026\/03\/logo-tupique-1.webp","contentUrl":"https:\/\/tupique.com\/wp-content\/uploads\/2026\/03\/logo-tupique-1.webp","width":500,"height":67,"caption":"Tupique"},"image":{"@id":"https:\/\/tupique.com\/#\/schema\/logo\/image\/"}}]}},"_links":{"self":[{"href":"https:\/\/tupique.com\/pt\/wp-json\/wp\/v2\/product\/183755","targetHints":{"allow":["GET"]}}],"collection":[{"href":"https:\/\/tupique.com\/pt\/wp-json\/wp\/v2\/product"}],"about":[{"href":"https:\/\/tupique.com\/pt\/wp-json\/wp\/v2\/types\/product"}],"replies":[{"embeddable":true,"href":"https:\/\/tupique.com\/pt\/wp-json\/wp\/v2\/comments?post=183755"}],"wp:featuredmedia":[{"embeddable":true,"href":"https:\/\/tupique.com\/pt\/wp-json\/wp\/v2\/media\/183754"}],"wp:attachment":[{"href":"https:\/\/tupique.com\/pt\/wp-json\/wp\/v2\/media?parent=183755"}],"wp:term":[{"taxonomy":"product_brand","embeddable":true,"href":"https:\/\/tupique.com\/pt\/wp-json\/wp\/v2\/product_brand?post=183755"},{"taxonomy":"product_cat","embeddable":true,"href":"https:\/\/tupique.com\/pt\/wp-json\/wp\/v2\/product_cat?post=183755"},{"taxonomy":"product_tag","embeddable":true,"href":"https:\/\/tupique.com\/pt\/wp-json\/wp\/v2\/product_tag?post=183755"},{"taxonomy":"woo-feed-brand","embeddable":true,"href":"https:\/\/tupique.com\/pt\/wp-json\/wp\/v2\/woo-feed-brand?post=183755"}],"curies":[{"name":"wp","href":"https:\/\/api.w.org\/{rel}","templated":true}]}}