{"id":183874,"date":"2026-05-11T17:29:24","date_gmt":"2026-05-11T15:29:24","guid":{"rendered":"https:\/\/tupique.com\/product\/boules-de-noel-krist-vert-pvc-o-7-cm-50-unites\/"},"modified":"2026-05-11T21:18:39","modified_gmt":"2026-05-11T19:18:39","slug":"boules-de-noel-krist-vert-pvc-o-7-cm-50-unites","status":"publish","type":"product","link":"https:\/\/tupique.com\/pt\/product\/boules-de-noel-krist-vert-pvc-o-7-cm-50-unites\/","title":{"rendered":"Boules de No\u00ebl Krist+ Vert PVC \u00d8 7 cm 50 Unit\u00e9s"},"content":{"rendered":"<p>Vous voulez donner une touche d&#8217;originalit\u00e9 \u00e0 votre maison ? Vous y arriverez gr\u00e2ce au <b>Boules de No\u00ebl Krist+ Vert PVC \u00d8 7 cm 50 Unit\u00e9s<\/b>.<\/p>\n<ul>\n<li>Tipo:\n<ul>\n<li>No\u00ebl<\/li>\n<li>Boules de No\u00ebl<\/li>\n<\/ul>\n<\/li>\n<li>diam\u00e8tre approx.: \u00d8 7 cm<\/li>\n<li>Couleur: Vert<\/li>\n<li>Unit\u00e9s: 50 Unit\u00e9s<\/li>\n<li>Mat\u00e9riel: PVC<\/li>\n<\/ul>","protected":false},"excerpt":{"rendered":"<p><span class=\"unit-info\">0.4598 &euro; \/ 1 unit<\/span><\/p>","protected":false},"featured_media":183873,"comment_status":"open","ping_status":"closed","template":"","meta":[],"product_brand":[2416],"product_cat":[1703,1430,239],"product_tag":[101,215],"woo-feed-brand":[],"class_list":{"0":"post-183874","1":"product","2":"type-product","3":"status-publish","4":"has-post-thumbnail","6":"product_brand-brandp_6833","7":"product_cat-decoration-de-noel","8":"product_cat-decoration-et-eclairage","9":"product_cat-maison-jardin","10":"product_tag-tag_599","11":"product_tag-tag_427","13":"first","14":"instock","15":"taxable","16":"shipping-taxable","17":"purchasable","18":"product-type-simple"},"yoast_head":"<!-- This site is optimized with the Yoast SEO plugin v27.5 - https:\/\/yoast.com\/product\/yoast-seo-wordpress\/ -->\n<title>Boules de No\u00ebl Krist+ Vert PVC \u00d8 7 cm 50 Unit\u00e9s | | Tupique<\/title>\n<meta name=\"description\" content=\"Envie d&#039;acheter Boules de No\u00ebl Krist+ Vert PVC \u00d8 7 cm 50 Unit\u00e9s\u00a0? Achetez Boules de No\u00ebl Krist+ Vert PVC \u00d8 7 cm 50 Unit\u00e9s maintenant avec Tupique en 3 versements sans int\u00e9r\u00eat.\" \/>\n<meta name=\"robots\" content=\"index, follow, max-snippet:-1, max-image-preview:large, max-video-preview:-1\" \/>\n<link rel=\"canonical\" href=\"https:\/\/tupique.com\/pt\/product\/boules-de-noel-krist-vert-pvc-o-7-cm-50-unites\/\" \/>\n<meta property=\"og:locale\" content=\"pt_PT\" \/>\n<meta property=\"og:type\" content=\"article\" \/>\n<meta property=\"og:title\" content=\"Boules de No\u00ebl Krist+ Vert PVC \u00d8 7 cm 50 Unit\u00e9s | | Tupique\" \/>\n<meta property=\"og:description\" content=\"Envie d&#039;acheter Boules de No\u00ebl Krist+ Vert PVC \u00d8 7 cm 50 Unit\u00e9s\u00a0? Achetez Boules de No\u00ebl Krist+ Vert PVC \u00d8 7 cm 50 Unit\u00e9s maintenant avec Tupique en 3 versements sans int\u00e9r\u00eat.\" \/>\n<meta property=\"og:url\" content=\"https:\/\/tupique.com\/pt\/product\/boules-de-noel-krist-vert-pvc-o-7-cm-50-unites\/\" \/>\n<meta property=\"og:site_name\" content=\"Tupique\" \/>\n<meta property=\"article:modified_time\" content=\"2026-05-11T19:18:39+00:00\" \/>\n<meta property=\"og:image\" content=\"https:\/\/tupique.com\/wp-content\/uploads\/2026\/05\/8430852911537_00_WBG1.jpg\" \/>\n\t<meta property=\"og:image:width\" content=\"1200\" \/>\n\t<meta property=\"og:image:height\" content=\"1200\" \/>\n\t<meta property=\"og:image:type\" content=\"image\/jpeg\" \/>\n<meta name=\"twitter:card\" content=\"summary_large_image\" \/>\n<script type=\"application\/ld+json\" class=\"yoast-schema-graph\">{\"@context\":\"https:\\\/\\\/schema.org\",\"@graph\":[{\"@type\":\"WebPage\",\"@id\":\"https:\\\/\\\/tupique.com\\\/pt\\\/product\\\/boules-de-noel-krist-vert-pvc-o-7-cm-50-unites\\\/\",\"url\":\"https:\\\/\\\/tupique.com\\\/pt\\\/product\\\/boules-de-noel-krist-vert-pvc-o-7-cm-50-unites\\\/\",\"name\":\"Boules de No\u00ebl Krist+ Vert PVC \u00d8 7 cm 50 Unit\u00e9s | | Tupique\",\"isPartOf\":{\"@id\":\"https:\\\/\\\/tupique.com\\\/#website\"},\"primaryImageOfPage\":{\"@id\":\"https:\\\/\\\/tupique.com\\\/pt\\\/product\\\/boules-de-noel-krist-vert-pvc-o-7-cm-50-unites\\\/#primaryimage\"},\"image\":{\"@id\":\"https:\\\/\\\/tupique.com\\\/pt\\\/product\\\/boules-de-noel-krist-vert-pvc-o-7-cm-50-unites\\\/#primaryimage\"},\"thumbnailUrl\":\"https:\\\/\\\/tupique.com\\\/wp-content\\\/uploads\\\/2026\\\/05\\\/8430852911537_00_WBG1.jpg\",\"datePublished\":\"2026-05-11T15:29:24+00:00\",\"dateModified\":\"2026-05-11T19:18:39+00:00\",\"description\":\"Envie d'acheter Boules de No\u00ebl Krist+ Vert PVC \u00d8 7 cm 50 Unit\u00e9s\u00a0? Achetez Boules de No\u00ebl Krist+ Vert PVC \u00d8 7 cm 50 Unit\u00e9s maintenant avec Tupique en 3 versements sans int\u00e9r\u00eat.\",\"breadcrumb\":{\"@id\":\"https:\\\/\\\/tupique.com\\\/pt\\\/product\\\/boules-de-noel-krist-vert-pvc-o-7-cm-50-unites\\\/#breadcrumb\"},\"inLanguage\":\"pt-PT\",\"potentialAction\":[{\"@type\":\"ReadAction\",\"target\":[\"https:\\\/\\\/tupique.com\\\/pt\\\/product\\\/boules-de-noel-krist-vert-pvc-o-7-cm-50-unites\\\/\"]}]},{\"@type\":\"ImageObject\",\"inLanguage\":\"pt-PT\",\"@id\":\"https:\\\/\\\/tupique.com\\\/pt\\\/product\\\/boules-de-noel-krist-vert-pvc-o-7-cm-50-unites\\\/#primaryimage\",\"url\":\"https:\\\/\\\/tupique.com\\\/wp-content\\\/uploads\\\/2026\\\/05\\\/8430852911537_00_WBG1.jpg\",\"contentUrl\":\"https:\\\/\\\/tupique.com\\\/wp-content\\\/uploads\\\/2026\\\/05\\\/8430852911537_00_WBG1.jpg\",\"width\":1200,\"height\":1200,\"caption\":\"S3612244_0\"},{\"@type\":\"BreadcrumbList\",\"@id\":\"https:\\\/\\\/tupique.com\\\/pt\\\/product\\\/boules-de-noel-krist-vert-pvc-o-7-cm-50-unites\\\/#breadcrumb\",\"itemListElement\":[{\"@type\":\"ListItem\",\"position\":1,\"name\":\"commencer\",\"item\":\"https:\\\/\\\/tupique.com\\\/\"},{\"@type\":\"ListItem\",\"position\":2,\"name\":\"Loja\",\"item\":\"https:\\\/\\\/tupique.com\\\/pt\\\/loja\\\/\"},{\"@type\":\"ListItem\",\"position\":3,\"name\":\"Boules de No\u00ebl Krist+ Vert PVC \u00d8 7 cm 50 Unit\u00e9s\"}]},{\"@type\":\"WebSite\",\"@id\":\"https:\\\/\\\/tupique.com\\\/#website\",\"url\":\"https:\\\/\\\/tupique.com\\\/\",\"name\":\"Tupique\",\"description\":\"\",\"publisher\":{\"@id\":\"https:\\\/\\\/tupique.com\\\/#organization\"},\"potentialAction\":[{\"@type\":\"SearchAction\",\"target\":{\"@type\":\"EntryPoint\",\"urlTemplate\":\"https:\\\/\\\/tupique.com\\\/?s={search_term_string}\"},\"query-input\":{\"@type\":\"PropertyValueSpecification\",\"valueRequired\":true,\"valueName\":\"search_term_string\"}}],\"inLanguage\":\"pt-PT\"},{\"@type\":\"Organization\",\"@id\":\"https:\\\/\\\/tupique.com\\\/#organization\",\"name\":\"Tupique\",\"url\":\"https:\\\/\\\/tupique.com\\\/\",\"logo\":{\"@type\":\"ImageObject\",\"inLanguage\":\"pt-PT\",\"@id\":\"https:\\\/\\\/tupique.com\\\/#\\\/schema\\\/logo\\\/image\\\/\",\"url\":\"https:\\\/\\\/tupique.com\\\/wp-content\\\/uploads\\\/2026\\\/03\\\/logo-tupique-1.webp\",\"contentUrl\":\"https:\\\/\\\/tupique.com\\\/wp-content\\\/uploads\\\/2026\\\/03\\\/logo-tupique-1.webp\",\"width\":500,\"height\":67,\"caption\":\"Tupique\"},\"image\":{\"@id\":\"https:\\\/\\\/tupique.com\\\/#\\\/schema\\\/logo\\\/image\\\/\"}}]}<\/script>\n<!-- \/ Yoast SEO plugin. -->","yoast_head_json":{"title":"Boules de No\u00ebl Krist+ Vert PVC \u00d8 7 cm 50 Unit\u00e9s | | Tupique","description":"Envie d'acheter Boules de No\u00ebl Krist+ Vert PVC \u00d8 7 cm 50 Unit\u00e9s\u00a0? Achetez Boules de No\u00ebl Krist+ Vert PVC \u00d8 7 cm 50 Unit\u00e9s maintenant avec Tupique en 3 versements sans int\u00e9r\u00eat.","robots":{"index":"index","follow":"follow","max-snippet":"max-snippet:-1","max-image-preview":"max-image-preview:large","max-video-preview":"max-video-preview:-1"},"canonical":"https:\/\/tupique.com\/pt\/product\/boules-de-noel-krist-vert-pvc-o-7-cm-50-unites\/","og_locale":"pt_PT","og_type":"article","og_title":"Boules de No\u00ebl Krist+ Vert PVC \u00d8 7 cm 50 Unit\u00e9s | | Tupique","og_description":"Envie d'acheter Boules de No\u00ebl Krist+ Vert PVC \u00d8 7 cm 50 Unit\u00e9s\u00a0? Achetez Boules de No\u00ebl Krist+ Vert PVC \u00d8 7 cm 50 Unit\u00e9s maintenant avec Tupique en 3 versements sans int\u00e9r\u00eat.","og_url":"https:\/\/tupique.com\/pt\/product\/boules-de-noel-krist-vert-pvc-o-7-cm-50-unites\/","og_site_name":"Tupique","article_modified_time":"2026-05-11T19:18:39+00:00","og_image":[{"width":1200,"height":1200,"url":"https:\/\/tupique.com\/wp-content\/uploads\/2026\/05\/8430852911537_00_WBG1.jpg","type":"image\/jpeg"}],"twitter_card":"summary_large_image","schema":{"@context":"https:\/\/schema.org","@graph":[{"@type":"WebPage","@id":"https:\/\/tupique.com\/pt\/product\/boules-de-noel-krist-vert-pvc-o-7-cm-50-unites\/","url":"https:\/\/tupique.com\/pt\/product\/boules-de-noel-krist-vert-pvc-o-7-cm-50-unites\/","name":"Boules de No\u00ebl Krist+ Vert PVC \u00d8 7 cm 50 Unit\u00e9s | | Tupique","isPartOf":{"@id":"https:\/\/tupique.com\/#website"},"primaryImageOfPage":{"@id":"https:\/\/tupique.com\/pt\/product\/boules-de-noel-krist-vert-pvc-o-7-cm-50-unites\/#primaryimage"},"image":{"@id":"https:\/\/tupique.com\/pt\/product\/boules-de-noel-krist-vert-pvc-o-7-cm-50-unites\/#primaryimage"},"thumbnailUrl":"https:\/\/tupique.com\/wp-content\/uploads\/2026\/05\/8430852911537_00_WBG1.jpg","datePublished":"2026-05-11T15:29:24+00:00","dateModified":"2026-05-11T19:18:39+00:00","description":"Envie d'acheter Boules de No\u00ebl Krist+ Vert PVC \u00d8 7 cm 50 Unit\u00e9s\u00a0? Achetez Boules de No\u00ebl Krist+ Vert PVC \u00d8 7 cm 50 Unit\u00e9s maintenant avec Tupique en 3 versements sans int\u00e9r\u00eat.","breadcrumb":{"@id":"https:\/\/tupique.com\/pt\/product\/boules-de-noel-krist-vert-pvc-o-7-cm-50-unites\/#breadcrumb"},"inLanguage":"pt-PT","potentialAction":[{"@type":"ReadAction","target":["https:\/\/tupique.com\/pt\/product\/boules-de-noel-krist-vert-pvc-o-7-cm-50-unites\/"]}]},{"@type":"ImageObject","inLanguage":"pt-PT","@id":"https:\/\/tupique.com\/pt\/product\/boules-de-noel-krist-vert-pvc-o-7-cm-50-unites\/#primaryimage","url":"https:\/\/tupique.com\/wp-content\/uploads\/2026\/05\/8430852911537_00_WBG1.jpg","contentUrl":"https:\/\/tupique.com\/wp-content\/uploads\/2026\/05\/8430852911537_00_WBG1.jpg","width":1200,"height":1200,"caption":"S3612244_0"},{"@type":"BreadcrumbList","@id":"https:\/\/tupique.com\/pt\/product\/boules-de-noel-krist-vert-pvc-o-7-cm-50-unites\/#breadcrumb","itemListElement":[{"@type":"ListItem","position":1,"name":"commencer","item":"https:\/\/tupique.com\/"},{"@type":"ListItem","position":2,"name":"Loja","item":"https:\/\/tupique.com\/pt\/loja\/"},{"@type":"ListItem","position":3,"name":"Boules de No\u00ebl Krist+ Vert PVC \u00d8 7 cm 50 Unit\u00e9s"}]},{"@type":"WebSite","@id":"https:\/\/tupique.com\/#website","url":"https:\/\/tupique.com\/","name":"Tupique","description":"","publisher":{"@id":"https:\/\/tupique.com\/#organization"},"potentialAction":[{"@type":"SearchAction","target":{"@type":"EntryPoint","urlTemplate":"https:\/\/tupique.com\/?s={search_term_string}"},"query-input":{"@type":"PropertyValueSpecification","valueRequired":true,"valueName":"search_term_string"}}],"inLanguage":"pt-PT"},{"@type":"Organization","@id":"https:\/\/tupique.com\/#organization","name":"Tupique","url":"https:\/\/tupique.com\/","logo":{"@type":"ImageObject","inLanguage":"pt-PT","@id":"https:\/\/tupique.com\/#\/schema\/logo\/image\/","url":"https:\/\/tupique.com\/wp-content\/uploads\/2026\/03\/logo-tupique-1.webp","contentUrl":"https:\/\/tupique.com\/wp-content\/uploads\/2026\/03\/logo-tupique-1.webp","width":500,"height":67,"caption":"Tupique"},"image":{"@id":"https:\/\/tupique.com\/#\/schema\/logo\/image\/"}}]}},"_links":{"self":[{"href":"https:\/\/tupique.com\/pt\/wp-json\/wp\/v2\/product\/183874","targetHints":{"allow":["GET"]}}],"collection":[{"href":"https:\/\/tupique.com\/pt\/wp-json\/wp\/v2\/product"}],"about":[{"href":"https:\/\/tupique.com\/pt\/wp-json\/wp\/v2\/types\/product"}],"replies":[{"embeddable":true,"href":"https:\/\/tupique.com\/pt\/wp-json\/wp\/v2\/comments?post=183874"}],"wp:featuredmedia":[{"embeddable":true,"href":"https:\/\/tupique.com\/pt\/wp-json\/wp\/v2\/media\/183873"}],"wp:attachment":[{"href":"https:\/\/tupique.com\/pt\/wp-json\/wp\/v2\/media?parent=183874"}],"wp:term":[{"taxonomy":"product_brand","embeddable":true,"href":"https:\/\/tupique.com\/pt\/wp-json\/wp\/v2\/product_brand?post=183874"},{"taxonomy":"product_cat","embeddable":true,"href":"https:\/\/tupique.com\/pt\/wp-json\/wp\/v2\/product_cat?post=183874"},{"taxonomy":"product_tag","embeddable":true,"href":"https:\/\/tupique.com\/pt\/wp-json\/wp\/v2\/product_tag?post=183874"},{"taxonomy":"woo-feed-brand","embeddable":true,"href":"https:\/\/tupique.com\/pt\/wp-json\/wp\/v2\/woo-feed-brand?post=183874"}],"curies":[{"name":"wp","href":"https:\/\/api.w.org\/{rel}","templated":true}]}}