{"id":183919,"date":"2026-05-11T17:30:09","date_gmt":"2026-05-11T15:30:09","guid":{"rendered":"https:\/\/tupique.com\/product\/boules-de-noel-krist-dore-pvc-o-7-cm-12-unites\/"},"modified":"2026-05-11T21:18:40","modified_gmt":"2026-05-11T19:18:40","slug":"boules-de-noel-krist-dore-pvc-o-7-cm-12-unites","status":"publish","type":"product","link":"https:\/\/tupique.com\/pt\/product\/boules-de-noel-krist-dore-pvc-o-7-cm-12-unites\/","title":{"rendered":"Boules de No\u00ebl Krist+ Dor\u00e9 PVC \u00d8 7 cm 12 Unit\u00e9s"},"content":{"rendered":"<p>Vous voulez donner une touche d&#8217;originalit\u00e9 \u00e0 votre maison ? Vous y arriverez gr\u00e2ce au <b>Boules de No\u00ebl Krist+ Dor\u00e9 PVC \u00d8 7 cm 12 Unit\u00e9s<\/b>.<\/p>\n<p>Le set de <b>boules de No\u00ebl<\/b> Krist+ offre une solution pratique et \u00e9l\u00e9gante pour d\u00e9corer tout sapin ou espace festif pendant la p\u00e9riode de No\u00ebl. Compos\u00e9 de <b>12 unit\u00e9s<\/b> en <b>PVC<\/b>, cet ensemble assure r\u00e9sistance et l\u00e9g\u00e8ret\u00e9, facilitant l\u2019installation et le rangement. Chaque boule arbore une <b>couleur dor\u00e9e<\/b> qui apporte une touche sophistiqu\u00e9e et refl\u00e8te la lumi\u00e8re pour sublimer la d\u00e9coration, tandis que son <b>diam\u00e8tre d\u2019environ 7 cm<\/b> convient parfaitement aux sapins de diff\u00e9rentes tailles ou aux compositions d\u00e9coratives sur guirlandes et centres de table. Sa fabrication soign\u00e9e et sa finition homog\u00e8ne garantissent une pr\u00e9sentation impeccable, contribuant \u00e0 l\u2019harmonie visuelle dans tous les environnements de f\u00eate. Id\u00e9al pour ceux qui recherchent une d\u00e9coration traditionnelle, durable et facile \u00e0 entretenir, ce set Krist+ constitue une solution polyvalente pour personnaliser l\u2019ambiance festive avec un style classique et lumineux.<\/p>\n<ul>\n<li>diam\u00e8tre approx.: \u00d8 7 cm<\/li>\n<li>Tipo:\n<ul>\n<li>No\u00ebl<\/li>\n<li>Boules de No\u00ebl<\/li>\n<\/ul>\n<\/li>\n<li>Unit\u00e9s: 12 Unit\u00e9s<\/li>\n<li>Couleur: Dor\u00e9<\/li>\n<li>Mati\u00e8re: PVC<\/li>\n<li>Dimensions approx.: 7 x 83 x 7 cm<\/li>\n<\/ul>","protected":false},"excerpt":{"rendered":"<p><span class=\"unit-info\">1.2492 &euro; \/ 1 unit<\/span><\/p>","protected":false},"featured_media":183918,"comment_status":"open","ping_status":"closed","template":"","meta":[],"product_brand":[2416],"product_cat":[1703,1430,239],"product_tag":[101,215],"woo-feed-brand":[],"class_list":{"0":"post-183919","1":"product","2":"type-product","3":"status-publish","4":"has-post-thumbnail","6":"product_brand-brandp_6833","7":"product_cat-decoration-de-noel","8":"product_cat-decoration-et-eclairage","9":"product_cat-maison-jardin","10":"product_tag-tag_599","11":"product_tag-tag_427","13":"first","14":"instock","15":"taxable","16":"shipping-taxable","17":"purchasable","18":"product-type-simple"},"yoast_head":"<!-- This site is optimized with the Yoast SEO plugin v27.6 - https:\/\/yoast.com\/product\/yoast-seo-wordpress\/ -->\n<title>Boules de No\u00ebl Krist+ Dor\u00e9 PVC \u00d8 7 cm 12 Unit\u00e9s | | Tupique<\/title>\n<meta name=\"description\" content=\"Envie d&#039;acheter Boules de No\u00ebl Krist+ Dor\u00e9 PVC \u00d8 7 cm 12 Unit\u00e9s\u00a0? Achetez Boules de No\u00ebl Krist+ Dor\u00e9 PVC \u00d8 7 cm 12 Unit\u00e9s maintenant avec Tupique en 3 versements sans int\u00e9r\u00eat.\" \/>\n<meta name=\"robots\" content=\"index, follow, max-snippet:-1, max-image-preview:large, max-video-preview:-1\" \/>\n<link rel=\"canonical\" href=\"https:\/\/tupique.com\/pt\/product\/boules-de-noel-krist-dore-pvc-o-7-cm-12-unites\/\" \/>\n<meta property=\"og:locale\" content=\"pt_PT\" \/>\n<meta property=\"og:type\" content=\"article\" \/>\n<meta property=\"og:title\" content=\"Boules de No\u00ebl Krist+ Dor\u00e9 PVC \u00d8 7 cm 12 Unit\u00e9s | | Tupique\" \/>\n<meta property=\"og:description\" content=\"Envie d&#039;acheter Boules de No\u00ebl Krist+ Dor\u00e9 PVC \u00d8 7 cm 12 Unit\u00e9s\u00a0? Achetez Boules de No\u00ebl Krist+ Dor\u00e9 PVC \u00d8 7 cm 12 Unit\u00e9s maintenant avec Tupique en 3 versements sans int\u00e9r\u00eat.\" \/>\n<meta property=\"og:url\" content=\"https:\/\/tupique.com\/pt\/product\/boules-de-noel-krist-dore-pvc-o-7-cm-12-unites\/\" \/>\n<meta property=\"og:site_name\" content=\"Tupique\" \/>\n<meta property=\"article:modified_time\" content=\"2026-05-11T19:18:40+00:00\" \/>\n<meta property=\"og:image\" content=\"https:\/\/tupique.com\/wp-content\/uploads\/2026\/05\/8445226972878_00_WBG1.jpg\" \/>\n\t<meta property=\"og:image:width\" content=\"1200\" \/>\n\t<meta property=\"og:image:height\" content=\"1200\" \/>\n\t<meta property=\"og:image:type\" content=\"image\/jpeg\" \/>\n<meta name=\"twitter:card\" content=\"summary_large_image\" \/>\n<meta name=\"twitter:label1\" content=\"Tempo estimado de leitura\" \/>\n\t<meta name=\"twitter:data1\" content=\"1 minuto\" \/>\n<script type=\"application\/ld+json\" class=\"yoast-schema-graph\">{\"@context\":\"https:\\\/\\\/schema.org\",\"@graph\":[{\"@type\":\"WebPage\",\"@id\":\"https:\\\/\\\/tupique.com\\\/product\\\/boules-de-noel-krist-dore-pvc-o-7-cm-12-unites\\\/\",\"url\":\"https:\\\/\\\/tupique.com\\\/product\\\/boules-de-noel-krist-dore-pvc-o-7-cm-12-unites\\\/\",\"name\":\"Boules de No\u00ebl Krist+ Dor\u00e9 PVC \u00d8 7 cm 12 Unit\u00e9s | | Tupique\",\"isPartOf\":{\"@id\":\"https:\\\/\\\/tupique.com\\\/#website\"},\"primaryImageOfPage\":{\"@id\":\"https:\\\/\\\/tupique.com\\\/product\\\/boules-de-noel-krist-dore-pvc-o-7-cm-12-unites\\\/#primaryimage\"},\"image\":{\"@id\":\"https:\\\/\\\/tupique.com\\\/product\\\/boules-de-noel-krist-dore-pvc-o-7-cm-12-unites\\\/#primaryimage\"},\"thumbnailUrl\":\"https:\\\/\\\/tupique.com\\\/wp-content\\\/uploads\\\/2026\\\/05\\\/8445226972878_00_WBG1.jpg\",\"datePublished\":\"2026-05-11T15:30:09+00:00\",\"dateModified\":\"2026-05-11T19:18:40+00:00\",\"description\":\"Envie d'acheter Boules de No\u00ebl Krist+ Dor\u00e9 PVC \u00d8 7 cm 12 Unit\u00e9s\u00a0? Achetez Boules de No\u00ebl Krist+ Dor\u00e9 PVC \u00d8 7 cm 12 Unit\u00e9s maintenant avec Tupique en 3 versements sans int\u00e9r\u00eat.\",\"breadcrumb\":{\"@id\":\"https:\\\/\\\/tupique.com\\\/product\\\/boules-de-noel-krist-dore-pvc-o-7-cm-12-unites\\\/#breadcrumb\"},\"inLanguage\":\"pt-PT\",\"potentialAction\":[{\"@type\":\"ReadAction\",\"target\":[\"https:\\\/\\\/tupique.com\\\/product\\\/boules-de-noel-krist-dore-pvc-o-7-cm-12-unites\\\/\"]}]},{\"@type\":\"ImageObject\",\"inLanguage\":\"pt-PT\",\"@id\":\"https:\\\/\\\/tupique.com\\\/product\\\/boules-de-noel-krist-dore-pvc-o-7-cm-12-unites\\\/#primaryimage\",\"url\":\"https:\\\/\\\/tupique.com\\\/wp-content\\\/uploads\\\/2026\\\/05\\\/8445226972878_00_WBG1.jpg\",\"contentUrl\":\"https:\\\/\\\/tupique.com\\\/wp-content\\\/uploads\\\/2026\\\/05\\\/8445226972878_00_WBG1.jpg\",\"width\":1200,\"height\":1200,\"caption\":\"S3612879_0\"},{\"@type\":\"BreadcrumbList\",\"@id\":\"https:\\\/\\\/tupique.com\\\/product\\\/boules-de-noel-krist-dore-pvc-o-7-cm-12-unites\\\/#breadcrumb\",\"itemListElement\":[{\"@type\":\"ListItem\",\"position\":1,\"name\":\"commencer\",\"item\":\"https:\\\/\\\/tupique.com\\\/\"},{\"@type\":\"ListItem\",\"position\":2,\"name\":\"Loja\",\"item\":\"https:\\\/\\\/tupique.com\\\/pt\\\/loja\\\/\"},{\"@type\":\"ListItem\",\"position\":3,\"name\":\"Boules de No\u00ebl Krist+ Dor\u00e9 PVC \u00d8 7 cm 12 Unit\u00e9s\"}]},{\"@type\":\"WebSite\",\"@id\":\"https:\\\/\\\/tupique.com\\\/#website\",\"url\":\"https:\\\/\\\/tupique.com\\\/\",\"name\":\"Tupique\",\"description\":\"\",\"publisher\":{\"@id\":\"https:\\\/\\\/tupique.com\\\/#organization\"},\"potentialAction\":[{\"@type\":\"SearchAction\",\"target\":{\"@type\":\"EntryPoint\",\"urlTemplate\":\"https:\\\/\\\/tupique.com\\\/?s={search_term_string}\"},\"query-input\":{\"@type\":\"PropertyValueSpecification\",\"valueRequired\":true,\"valueName\":\"search_term_string\"}}],\"inLanguage\":\"pt-PT\"},{\"@type\":\"Organization\",\"@id\":\"https:\\\/\\\/tupique.com\\\/#organization\",\"name\":\"Tupique\",\"url\":\"https:\\\/\\\/tupique.com\\\/\",\"logo\":{\"@type\":\"ImageObject\",\"inLanguage\":\"pt-PT\",\"@id\":\"https:\\\/\\\/tupique.com\\\/#\\\/schema\\\/logo\\\/image\\\/\",\"url\":\"https:\\\/\\\/tupique.com\\\/wp-content\\\/uploads\\\/2026\\\/03\\\/logo-tupique-1.webp\",\"contentUrl\":\"https:\\\/\\\/tupique.com\\\/wp-content\\\/uploads\\\/2026\\\/03\\\/logo-tupique-1.webp\",\"width\":500,\"height\":67,\"caption\":\"Tupique\"},\"image\":{\"@id\":\"https:\\\/\\\/tupique.com\\\/#\\\/schema\\\/logo\\\/image\\\/\"}}]}<\/script>\n<!-- \/ Yoast SEO plugin. -->","yoast_head_json":{"title":"Boules de No\u00ebl Krist+ Dor\u00e9 PVC \u00d8 7 cm 12 Unit\u00e9s | | Tupique","description":"Envie d'acheter Boules de No\u00ebl Krist+ Dor\u00e9 PVC \u00d8 7 cm 12 Unit\u00e9s\u00a0? Achetez Boules de No\u00ebl Krist+ Dor\u00e9 PVC \u00d8 7 cm 12 Unit\u00e9s maintenant avec Tupique en 3 versements sans int\u00e9r\u00eat.","robots":{"index":"index","follow":"follow","max-snippet":"max-snippet:-1","max-image-preview":"max-image-preview:large","max-video-preview":"max-video-preview:-1"},"canonical":"https:\/\/tupique.com\/pt\/product\/boules-de-noel-krist-dore-pvc-o-7-cm-12-unites\/","og_locale":"pt_PT","og_type":"article","og_title":"Boules de No\u00ebl Krist+ Dor\u00e9 PVC \u00d8 7 cm 12 Unit\u00e9s | | Tupique","og_description":"Envie d'acheter Boules de No\u00ebl Krist+ Dor\u00e9 PVC \u00d8 7 cm 12 Unit\u00e9s\u00a0? Achetez Boules de No\u00ebl Krist+ Dor\u00e9 PVC \u00d8 7 cm 12 Unit\u00e9s maintenant avec Tupique en 3 versements sans int\u00e9r\u00eat.","og_url":"https:\/\/tupique.com\/pt\/product\/boules-de-noel-krist-dore-pvc-o-7-cm-12-unites\/","og_site_name":"Tupique","article_modified_time":"2026-05-11T19:18:40+00:00","og_image":[{"width":1200,"height":1200,"url":"https:\/\/tupique.com\/wp-content\/uploads\/2026\/05\/8445226972878_00_WBG1.jpg","type":"image\/jpeg"}],"twitter_card":"summary_large_image","twitter_misc":{"Tempo estimado de leitura":"1 minuto"},"schema":{"@context":"https:\/\/schema.org","@graph":[{"@type":"WebPage","@id":"https:\/\/tupique.com\/product\/boules-de-noel-krist-dore-pvc-o-7-cm-12-unites\/","url":"https:\/\/tupique.com\/product\/boules-de-noel-krist-dore-pvc-o-7-cm-12-unites\/","name":"Boules de No\u00ebl Krist+ Dor\u00e9 PVC \u00d8 7 cm 12 Unit\u00e9s | | Tupique","isPartOf":{"@id":"https:\/\/tupique.com\/#website"},"primaryImageOfPage":{"@id":"https:\/\/tupique.com\/product\/boules-de-noel-krist-dore-pvc-o-7-cm-12-unites\/#primaryimage"},"image":{"@id":"https:\/\/tupique.com\/product\/boules-de-noel-krist-dore-pvc-o-7-cm-12-unites\/#primaryimage"},"thumbnailUrl":"https:\/\/tupique.com\/wp-content\/uploads\/2026\/05\/8445226972878_00_WBG1.jpg","datePublished":"2026-05-11T15:30:09+00:00","dateModified":"2026-05-11T19:18:40+00:00","description":"Envie d'acheter Boules de No\u00ebl Krist+ Dor\u00e9 PVC \u00d8 7 cm 12 Unit\u00e9s\u00a0? Achetez Boules de No\u00ebl Krist+ Dor\u00e9 PVC \u00d8 7 cm 12 Unit\u00e9s maintenant avec Tupique en 3 versements sans int\u00e9r\u00eat.","breadcrumb":{"@id":"https:\/\/tupique.com\/product\/boules-de-noel-krist-dore-pvc-o-7-cm-12-unites\/#breadcrumb"},"inLanguage":"pt-PT","potentialAction":[{"@type":"ReadAction","target":["https:\/\/tupique.com\/product\/boules-de-noel-krist-dore-pvc-o-7-cm-12-unites\/"]}]},{"@type":"ImageObject","inLanguage":"pt-PT","@id":"https:\/\/tupique.com\/product\/boules-de-noel-krist-dore-pvc-o-7-cm-12-unites\/#primaryimage","url":"https:\/\/tupique.com\/wp-content\/uploads\/2026\/05\/8445226972878_00_WBG1.jpg","contentUrl":"https:\/\/tupique.com\/wp-content\/uploads\/2026\/05\/8445226972878_00_WBG1.jpg","width":1200,"height":1200,"caption":"S3612879_0"},{"@type":"BreadcrumbList","@id":"https:\/\/tupique.com\/product\/boules-de-noel-krist-dore-pvc-o-7-cm-12-unites\/#breadcrumb","itemListElement":[{"@type":"ListItem","position":1,"name":"commencer","item":"https:\/\/tupique.com\/"},{"@type":"ListItem","position":2,"name":"Loja","item":"https:\/\/tupique.com\/pt\/loja\/"},{"@type":"ListItem","position":3,"name":"Boules de No\u00ebl Krist+ Dor\u00e9 PVC \u00d8 7 cm 12 Unit\u00e9s"}]},{"@type":"WebSite","@id":"https:\/\/tupique.com\/#website","url":"https:\/\/tupique.com\/","name":"Tupique","description":"","publisher":{"@id":"https:\/\/tupique.com\/#organization"},"potentialAction":[{"@type":"SearchAction","target":{"@type":"EntryPoint","urlTemplate":"https:\/\/tupique.com\/?s={search_term_string}"},"query-input":{"@type":"PropertyValueSpecification","valueRequired":true,"valueName":"search_term_string"}}],"inLanguage":"pt-PT"},{"@type":"Organization","@id":"https:\/\/tupique.com\/#organization","name":"Tupique","url":"https:\/\/tupique.com\/","logo":{"@type":"ImageObject","inLanguage":"pt-PT","@id":"https:\/\/tupique.com\/#\/schema\/logo\/image\/","url":"https:\/\/tupique.com\/wp-content\/uploads\/2026\/03\/logo-tupique-1.webp","contentUrl":"https:\/\/tupique.com\/wp-content\/uploads\/2026\/03\/logo-tupique-1.webp","width":500,"height":67,"caption":"Tupique"},"image":{"@id":"https:\/\/tupique.com\/#\/schema\/logo\/image\/"}}]}},"_links":{"self":[{"href":"https:\/\/tupique.com\/pt\/wp-json\/wp\/v2\/product\/183919","targetHints":{"allow":["GET"]}}],"collection":[{"href":"https:\/\/tupique.com\/pt\/wp-json\/wp\/v2\/product"}],"about":[{"href":"https:\/\/tupique.com\/pt\/wp-json\/wp\/v2\/types\/product"}],"replies":[{"embeddable":true,"href":"https:\/\/tupique.com\/pt\/wp-json\/wp\/v2\/comments?post=183919"}],"wp:featuredmedia":[{"embeddable":true,"href":"https:\/\/tupique.com\/pt\/wp-json\/wp\/v2\/media\/183918"}],"wp:attachment":[{"href":"https:\/\/tupique.com\/pt\/wp-json\/wp\/v2\/media?parent=183919"}],"wp:term":[{"taxonomy":"product_brand","embeddable":true,"href":"https:\/\/tupique.com\/pt\/wp-json\/wp\/v2\/product_brand?post=183919"},{"taxonomy":"product_cat","embeddable":true,"href":"https:\/\/tupique.com\/pt\/wp-json\/wp\/v2\/product_cat?post=183919"},{"taxonomy":"product_tag","embeddable":true,"href":"https:\/\/tupique.com\/pt\/wp-json\/wp\/v2\/product_tag?post=183919"},{"taxonomy":"woo-feed-brand","embeddable":true,"href":"https:\/\/tupique.com\/pt\/wp-json\/wp\/v2\/woo-feed-brand?post=183919"}],"curies":[{"name":"wp","href":"https:\/\/api.w.org\/{rel}","templated":true}]}}