{"id":183923,"date":"2026-05-11T17:30:13","date_gmt":"2026-05-11T15:30:13","guid":{"rendered":"https:\/\/tupique.com\/product\/boules-de-noel-krist-violet-o-10-cm-6-unites\/"},"modified":"2026-05-11T21:18:41","modified_gmt":"2026-05-11T19:18:41","slug":"boules-de-noel-krist-violet-o-10-cm-6-unites","status":"publish","type":"product","link":"https:\/\/tupique.com\/pt\/product\/boules-de-noel-krist-violet-o-10-cm-6-unites\/","title":{"rendered":"Boules de No\u00ebl Krist+ Violet \u00d8 10 cm 6 Unit\u00e9s"},"content":{"rendered":"<p>Vous voulez donner une touche d&#8217;originalit\u00e9 \u00e0 votre maison ? Vous y arriverez gr\u00e2ce au <b>Boules de No\u00ebl Krist+ Violet \u00d8 10 cm 6 Unit\u00e9s<\/b>.<\/p>\n<p>Les <b>boules de No\u00ebl<\/b> Krist+ offrent une option \u00e9l\u00e9gante et remarquable pour sublimer toute d\u00e9coration de f\u00eates, propos\u00e9es en lot de <b>6 unit\u00e9s<\/b> dans une <b>couleur violette<\/b> attrayante qui apporte une touche originale et sophistiqu\u00e9e \u00e0 l\u2019ambiance festive. Chaque boule pr\u00e9sente un <b>diam\u00e8tre d\u2019environ 10 cm<\/b>, id\u00e9al pour les sapins de No\u00ebl de taille moyenne ou grande, permettant une r\u00e9partition \u00e9quilibr\u00e9e des d\u00e9corations et un effet visuel saisissant. Leur conception assure une r\u00e9sistance adapt\u00e9e \u00e0 plusieurs saisons, conservant l\u2019intensit\u00e9 de la couleur et leur aspect d\u00e9coratif ann\u00e9e apr\u00e8s ann\u00e9e. Gr\u00e2ce \u00e0 leur taille et leur finition, ces boules sont polyvalentes et se marient facilement avec d\u2019autres d\u00e9corations traditionnelles ou modernes, s\u2019adaptant \u00e0 diff\u00e9rents styles gr\u00e2ce \u00e0 leurs teintes profondes et leur forme classique. L\u2019emballage, compact et s\u00e9curis\u00e9, comprend six pi\u00e8ces soigneusement dispos\u00e9es pour faciliter le rangement hors saison ou la mise en place directe sur le sapin. Fabriqu\u00e9es selon des standards de qualit\u00e9, ces boules de No\u00ebl repr\u00e9sentent un choix pratique pour ceux qui souhaitent renouveler ou compl\u00e9ter leur collection avec des couleurs plus originales et \u00e9clatantes. En r\u00e9sum\u00e9, ce lot de boules de No\u00ebl violettes Krist+ associe taille, durabilit\u00e9 et esth\u00e9tique, offrant une solution d\u00e9corative diff\u00e9rente \u00e0 ceux qui veulent donner une touche distingu\u00e9e \u00e0 leur f\u00eate de No\u00ebl.<\/p>\n<ul>\n<li>Tipo:\n<ul>\n<li>No\u00ebl<\/li>\n<li>Boules de No\u00ebl<\/li>\n<\/ul>\n<\/li>\n<li>diam\u00e8tre approx.: \u00d8 10 cm<\/li>\n<li>Unit\u00e9s: 6 Unit\u00e9s<\/li>\n<li>Couleur: Violet<\/li>\n<\/ul>","protected":false},"excerpt":{"rendered":"<p><span class=\"unit-info\">2.6650 &euro; \/ 1 unit<\/span><\/p>","protected":false},"featured_media":183922,"comment_status":"open","ping_status":"closed","template":"","meta":[],"product_brand":[2416],"product_cat":[1703,1430,239],"product_tag":[101,215],"woo-feed-brand":[],"class_list":{"0":"post-183923","1":"product","2":"type-product","3":"status-publish","4":"has-post-thumbnail","6":"product_brand-brandp_6833","7":"product_cat-decoration-de-noel","8":"product_cat-decoration-et-eclairage","9":"product_cat-maison-jardin","10":"product_tag-tag_599","11":"product_tag-tag_427","13":"first","14":"instock","15":"taxable","16":"shipping-taxable","17":"purchasable","18":"product-type-simple"},"yoast_head":"<!-- This site is optimized with the Yoast SEO plugin v27.6 - https:\/\/yoast.com\/product\/yoast-seo-wordpress\/ -->\n<title>Boules de No\u00ebl Krist+ Violet \u00d8 10 cm 6 Unit\u00e9s | | Tupique<\/title>\n<meta name=\"description\" content=\"Envie d&#039;acheter Boules de No\u00ebl Krist+ Violet \u00d8 10 cm 6 Unit\u00e9s\u00a0? Achetez Boules de No\u00ebl Krist+ Violet \u00d8 10 cm 6 Unit\u00e9s maintenant avec Tupique en 3 versements sans int\u00e9r\u00eat.\" \/>\n<meta name=\"robots\" content=\"index, follow, max-snippet:-1, max-image-preview:large, max-video-preview:-1\" \/>\n<link rel=\"canonical\" href=\"https:\/\/tupique.com\/pt\/product\/boules-de-noel-krist-violet-o-10-cm-6-unites\/\" \/>\n<meta property=\"og:locale\" content=\"pt_PT\" \/>\n<meta property=\"og:type\" content=\"article\" \/>\n<meta property=\"og:title\" content=\"Boules de No\u00ebl Krist+ Violet \u00d8 10 cm 6 Unit\u00e9s | | Tupique\" \/>\n<meta property=\"og:description\" content=\"Envie d&#039;acheter Boules de No\u00ebl Krist+ Violet \u00d8 10 cm 6 Unit\u00e9s\u00a0? Achetez Boules de No\u00ebl Krist+ Violet \u00d8 10 cm 6 Unit\u00e9s maintenant avec Tupique en 3 versements sans int\u00e9r\u00eat.\" \/>\n<meta property=\"og:url\" content=\"https:\/\/tupique.com\/pt\/product\/boules-de-noel-krist-violet-o-10-cm-6-unites\/\" \/>\n<meta property=\"og:site_name\" content=\"Tupique\" \/>\n<meta property=\"article:modified_time\" content=\"2026-05-11T19:18:41+00:00\" \/>\n<meta property=\"og:image\" content=\"https:\/\/tupique.com\/wp-content\/uploads\/2026\/05\/8445226990537_00_WBG1.jpg\" \/>\n\t<meta property=\"og:image:width\" content=\"1200\" \/>\n\t<meta property=\"og:image:height\" content=\"1200\" \/>\n\t<meta property=\"og:image:type\" content=\"image\/jpeg\" \/>\n<meta name=\"twitter:card\" content=\"summary_large_image\" \/>\n<meta name=\"twitter:label1\" content=\"Tempo estimado de leitura\" \/>\n\t<meta name=\"twitter:data1\" content=\"1 minuto\" \/>\n<script type=\"application\/ld+json\" class=\"yoast-schema-graph\">{\"@context\":\"https:\\\/\\\/schema.org\",\"@graph\":[{\"@type\":\"WebPage\",\"@id\":\"https:\\\/\\\/tupique.com\\\/product\\\/boules-de-noel-krist-violet-o-10-cm-6-unites\\\/\",\"url\":\"https:\\\/\\\/tupique.com\\\/product\\\/boules-de-noel-krist-violet-o-10-cm-6-unites\\\/\",\"name\":\"Boules de No\u00ebl Krist+ Violet \u00d8 10 cm 6 Unit\u00e9s | | Tupique\",\"isPartOf\":{\"@id\":\"https:\\\/\\\/tupique.com\\\/#website\"},\"primaryImageOfPage\":{\"@id\":\"https:\\\/\\\/tupique.com\\\/product\\\/boules-de-noel-krist-violet-o-10-cm-6-unites\\\/#primaryimage\"},\"image\":{\"@id\":\"https:\\\/\\\/tupique.com\\\/product\\\/boules-de-noel-krist-violet-o-10-cm-6-unites\\\/#primaryimage\"},\"thumbnailUrl\":\"https:\\\/\\\/tupique.com\\\/wp-content\\\/uploads\\\/2026\\\/05\\\/8445226990537_00_WBG1.jpg\",\"datePublished\":\"2026-05-11T15:30:13+00:00\",\"dateModified\":\"2026-05-11T19:18:41+00:00\",\"description\":\"Envie d'acheter Boules de No\u00ebl Krist+ Violet \u00d8 10 cm 6 Unit\u00e9s\u00a0? Achetez Boules de No\u00ebl Krist+ Violet \u00d8 10 cm 6 Unit\u00e9s maintenant avec Tupique en 3 versements sans int\u00e9r\u00eat.\",\"breadcrumb\":{\"@id\":\"https:\\\/\\\/tupique.com\\\/product\\\/boules-de-noel-krist-violet-o-10-cm-6-unites\\\/#breadcrumb\"},\"inLanguage\":\"pt-PT\",\"potentialAction\":[{\"@type\":\"ReadAction\",\"target\":[\"https:\\\/\\\/tupique.com\\\/product\\\/boules-de-noel-krist-violet-o-10-cm-6-unites\\\/\"]}]},{\"@type\":\"ImageObject\",\"inLanguage\":\"pt-PT\",\"@id\":\"https:\\\/\\\/tupique.com\\\/product\\\/boules-de-noel-krist-violet-o-10-cm-6-unites\\\/#primaryimage\",\"url\":\"https:\\\/\\\/tupique.com\\\/wp-content\\\/uploads\\\/2026\\\/05\\\/8445226990537_00_WBG1.jpg\",\"contentUrl\":\"https:\\\/\\\/tupique.com\\\/wp-content\\\/uploads\\\/2026\\\/05\\\/8445226990537_00_WBG1.jpg\",\"width\":1200,\"height\":1200,\"caption\":\"S3613122_0\"},{\"@type\":\"BreadcrumbList\",\"@id\":\"https:\\\/\\\/tupique.com\\\/product\\\/boules-de-noel-krist-violet-o-10-cm-6-unites\\\/#breadcrumb\",\"itemListElement\":[{\"@type\":\"ListItem\",\"position\":1,\"name\":\"commencer\",\"item\":\"https:\\\/\\\/tupique.com\\\/\"},{\"@type\":\"ListItem\",\"position\":2,\"name\":\"Loja\",\"item\":\"https:\\\/\\\/tupique.com\\\/pt\\\/loja\\\/\"},{\"@type\":\"ListItem\",\"position\":3,\"name\":\"Boules de No\u00ebl Krist+ Violet \u00d8 10 cm 6 Unit\u00e9s\"}]},{\"@type\":\"WebSite\",\"@id\":\"https:\\\/\\\/tupique.com\\\/#website\",\"url\":\"https:\\\/\\\/tupique.com\\\/\",\"name\":\"Tupique\",\"description\":\"\",\"publisher\":{\"@id\":\"https:\\\/\\\/tupique.com\\\/#organization\"},\"potentialAction\":[{\"@type\":\"SearchAction\",\"target\":{\"@type\":\"EntryPoint\",\"urlTemplate\":\"https:\\\/\\\/tupique.com\\\/?s={search_term_string}\"},\"query-input\":{\"@type\":\"PropertyValueSpecification\",\"valueRequired\":true,\"valueName\":\"search_term_string\"}}],\"inLanguage\":\"pt-PT\"},{\"@type\":\"Organization\",\"@id\":\"https:\\\/\\\/tupique.com\\\/#organization\",\"name\":\"Tupique\",\"url\":\"https:\\\/\\\/tupique.com\\\/\",\"logo\":{\"@type\":\"ImageObject\",\"inLanguage\":\"pt-PT\",\"@id\":\"https:\\\/\\\/tupique.com\\\/#\\\/schema\\\/logo\\\/image\\\/\",\"url\":\"https:\\\/\\\/tupique.com\\\/wp-content\\\/uploads\\\/2026\\\/03\\\/logo-tupique-1.webp\",\"contentUrl\":\"https:\\\/\\\/tupique.com\\\/wp-content\\\/uploads\\\/2026\\\/03\\\/logo-tupique-1.webp\",\"width\":500,\"height\":67,\"caption\":\"Tupique\"},\"image\":{\"@id\":\"https:\\\/\\\/tupique.com\\\/#\\\/schema\\\/logo\\\/image\\\/\"}}]}<\/script>\n<!-- \/ Yoast SEO plugin. -->","yoast_head_json":{"title":"Boules de No\u00ebl Krist+ Violet \u00d8 10 cm 6 Unit\u00e9s | | Tupique","description":"Envie d'acheter Boules de No\u00ebl Krist+ Violet \u00d8 10 cm 6 Unit\u00e9s\u00a0? Achetez Boules de No\u00ebl Krist+ Violet \u00d8 10 cm 6 Unit\u00e9s maintenant avec Tupique en 3 versements sans int\u00e9r\u00eat.","robots":{"index":"index","follow":"follow","max-snippet":"max-snippet:-1","max-image-preview":"max-image-preview:large","max-video-preview":"max-video-preview:-1"},"canonical":"https:\/\/tupique.com\/pt\/product\/boules-de-noel-krist-violet-o-10-cm-6-unites\/","og_locale":"pt_PT","og_type":"article","og_title":"Boules de No\u00ebl Krist+ Violet \u00d8 10 cm 6 Unit\u00e9s | | Tupique","og_description":"Envie d'acheter Boules de No\u00ebl Krist+ Violet \u00d8 10 cm 6 Unit\u00e9s\u00a0? Achetez Boules de No\u00ebl Krist+ Violet \u00d8 10 cm 6 Unit\u00e9s maintenant avec Tupique en 3 versements sans int\u00e9r\u00eat.","og_url":"https:\/\/tupique.com\/pt\/product\/boules-de-noel-krist-violet-o-10-cm-6-unites\/","og_site_name":"Tupique","article_modified_time":"2026-05-11T19:18:41+00:00","og_image":[{"width":1200,"height":1200,"url":"https:\/\/tupique.com\/wp-content\/uploads\/2026\/05\/8445226990537_00_WBG1.jpg","type":"image\/jpeg"}],"twitter_card":"summary_large_image","twitter_misc":{"Tempo estimado de leitura":"1 minuto"},"schema":{"@context":"https:\/\/schema.org","@graph":[{"@type":"WebPage","@id":"https:\/\/tupique.com\/product\/boules-de-noel-krist-violet-o-10-cm-6-unites\/","url":"https:\/\/tupique.com\/product\/boules-de-noel-krist-violet-o-10-cm-6-unites\/","name":"Boules de No\u00ebl Krist+ Violet \u00d8 10 cm 6 Unit\u00e9s | | Tupique","isPartOf":{"@id":"https:\/\/tupique.com\/#website"},"primaryImageOfPage":{"@id":"https:\/\/tupique.com\/product\/boules-de-noel-krist-violet-o-10-cm-6-unites\/#primaryimage"},"image":{"@id":"https:\/\/tupique.com\/product\/boules-de-noel-krist-violet-o-10-cm-6-unites\/#primaryimage"},"thumbnailUrl":"https:\/\/tupique.com\/wp-content\/uploads\/2026\/05\/8445226990537_00_WBG1.jpg","datePublished":"2026-05-11T15:30:13+00:00","dateModified":"2026-05-11T19:18:41+00:00","description":"Envie d'acheter Boules de No\u00ebl Krist+ Violet \u00d8 10 cm 6 Unit\u00e9s\u00a0? Achetez Boules de No\u00ebl Krist+ Violet \u00d8 10 cm 6 Unit\u00e9s maintenant avec Tupique en 3 versements sans int\u00e9r\u00eat.","breadcrumb":{"@id":"https:\/\/tupique.com\/product\/boules-de-noel-krist-violet-o-10-cm-6-unites\/#breadcrumb"},"inLanguage":"pt-PT","potentialAction":[{"@type":"ReadAction","target":["https:\/\/tupique.com\/product\/boules-de-noel-krist-violet-o-10-cm-6-unites\/"]}]},{"@type":"ImageObject","inLanguage":"pt-PT","@id":"https:\/\/tupique.com\/product\/boules-de-noel-krist-violet-o-10-cm-6-unites\/#primaryimage","url":"https:\/\/tupique.com\/wp-content\/uploads\/2026\/05\/8445226990537_00_WBG1.jpg","contentUrl":"https:\/\/tupique.com\/wp-content\/uploads\/2026\/05\/8445226990537_00_WBG1.jpg","width":1200,"height":1200,"caption":"S3613122_0"},{"@type":"BreadcrumbList","@id":"https:\/\/tupique.com\/product\/boules-de-noel-krist-violet-o-10-cm-6-unites\/#breadcrumb","itemListElement":[{"@type":"ListItem","position":1,"name":"commencer","item":"https:\/\/tupique.com\/"},{"@type":"ListItem","position":2,"name":"Loja","item":"https:\/\/tupique.com\/pt\/loja\/"},{"@type":"ListItem","position":3,"name":"Boules de No\u00ebl Krist+ Violet \u00d8 10 cm 6 Unit\u00e9s"}]},{"@type":"WebSite","@id":"https:\/\/tupique.com\/#website","url":"https:\/\/tupique.com\/","name":"Tupique","description":"","publisher":{"@id":"https:\/\/tupique.com\/#organization"},"potentialAction":[{"@type":"SearchAction","target":{"@type":"EntryPoint","urlTemplate":"https:\/\/tupique.com\/?s={search_term_string}"},"query-input":{"@type":"PropertyValueSpecification","valueRequired":true,"valueName":"search_term_string"}}],"inLanguage":"pt-PT"},{"@type":"Organization","@id":"https:\/\/tupique.com\/#organization","name":"Tupique","url":"https:\/\/tupique.com\/","logo":{"@type":"ImageObject","inLanguage":"pt-PT","@id":"https:\/\/tupique.com\/#\/schema\/logo\/image\/","url":"https:\/\/tupique.com\/wp-content\/uploads\/2026\/03\/logo-tupique-1.webp","contentUrl":"https:\/\/tupique.com\/wp-content\/uploads\/2026\/03\/logo-tupique-1.webp","width":500,"height":67,"caption":"Tupique"},"image":{"@id":"https:\/\/tupique.com\/#\/schema\/logo\/image\/"}}]}},"_links":{"self":[{"href":"https:\/\/tupique.com\/pt\/wp-json\/wp\/v2\/product\/183923","targetHints":{"allow":["GET"]}}],"collection":[{"href":"https:\/\/tupique.com\/pt\/wp-json\/wp\/v2\/product"}],"about":[{"href":"https:\/\/tupique.com\/pt\/wp-json\/wp\/v2\/types\/product"}],"replies":[{"embeddable":true,"href":"https:\/\/tupique.com\/pt\/wp-json\/wp\/v2\/comments?post=183923"}],"wp:featuredmedia":[{"embeddable":true,"href":"https:\/\/tupique.com\/pt\/wp-json\/wp\/v2\/media\/183922"}],"wp:attachment":[{"href":"https:\/\/tupique.com\/pt\/wp-json\/wp\/v2\/media?parent=183923"}],"wp:term":[{"taxonomy":"product_brand","embeddable":true,"href":"https:\/\/tupique.com\/pt\/wp-json\/wp\/v2\/product_brand?post=183923"},{"taxonomy":"product_cat","embeddable":true,"href":"https:\/\/tupique.com\/pt\/wp-json\/wp\/v2\/product_cat?post=183923"},{"taxonomy":"product_tag","embeddable":true,"href":"https:\/\/tupique.com\/pt\/wp-json\/wp\/v2\/product_tag?post=183923"},{"taxonomy":"woo-feed-brand","embeddable":true,"href":"https:\/\/tupique.com\/pt\/wp-json\/wp\/v2\/woo-feed-brand?post=183923"}],"curies":[{"name":"wp","href":"https:\/\/api.w.org\/{rel}","templated":true}]}}