{"id":183989,"date":"2026-05-11T17:31:19","date_gmt":"2026-05-11T15:31:19","guid":{"rendered":"https:\/\/tupique.com\/product\/vase-gift-decor-rose-dore-verre-lisse-115-x-24-x-115-cm\/"},"modified":"2026-05-11T21:18:37","modified_gmt":"2026-05-11T19:18:37","slug":"vase-gift-decor-rose-dore-verre-lisse-115-x-24-x-115-cm","status":"publish","type":"product","link":"https:\/\/tupique.com\/pt\/product\/vase-gift-decor-rose-dore-verre-lisse-115-x-24-x-115-cm\/","title":{"rendered":"Vaso para Oferta Decorativo em Vidro Liso Dourado Rosa 11,5 x 24 x 11,5 cm"},"content":{"rendered":"<p>Vous voulez donner une touche d&#8217;originalit\u00e9 \u00e0 votre maison ? Vous y arriverez gr\u00e2ce au <b>Vaso para Oferta Decorativo em Vidro Liso Dourado Rosa 11,5 x 24 x 11,5 cm<\/b>.<\/p>\n<p>Ler <b>vase<\/b> de Gift Decor, soigneusement fabriqu\u00e9 en <b>verre lisse<\/b>, se distingue par son \u00e9l\u00e9gante combinaison de <b>couleur rose<\/b> et de d\u00e9tails <b>dor\u00e9s<\/b>, apportant une touche de sophistication \u00e0 tout environnement domestique ou professionnel. Avec des <b>dimensions approximatives de 11,5 x 24 x 11,5 cm<\/b>, ce vase est suffisamment compact pour s\u2019adapter \u00e0 des espaces restreints comme des \u00e9tag\u00e8res, des tables d\u2019appoint ou des entr\u00e9es, tout en offrant une pr\u00e9sence d\u00e9corative remarquable. La surface lisse du verre met en valeur la puret\u00e9 des couleurs et facilite son int\u00e9gration dans des styles d\u00e9coratifs modernes, classiques ou minimalistes. Gr\u00e2ce \u00e0 sa fabrication en verre, il est facile \u00e0 nettoyer et conserve un aspect brillant et soign\u00e9 au fil du temps. Son design polyvalent permet de l\u2019utiliser aussi bien avec des fleurs fra\u00eeches que s\u00e9ch\u00e9es, ou simplement comme objet d\u00e9coratif, profitant de l\u2019attrait visuel du verre color\u00e9 et de la finition m\u00e9tallique. Ce vase constitue une option d\u00e9corative fonctionnelle et \u00e9l\u00e9gante qui associe la qualit\u00e9 des mat\u00e9riaux \u00e0 un design contemporain pour sublimer tous types d\u2019espaces int\u00e9rieurs.<\/p>\n<ul>\n<li>Type: Vase<\/li>\n<li>Design: Lisse<\/li>\n<li>Couleur:\n<ul>\n<li>Rose<\/li>\n<li>Dor\u00e9<\/li>\n<\/ul>\n<\/li>\n<li>Mati\u00e8re: verre<\/li>\n<li>Dimensions approx.: 11,5 x 24 x 11,5 cm<\/li>\n<\/ul>","protected":false},"excerpt":{"rendered":"<p>Vous voulez donner une touche d&#8217;originalit\u00e9 \u00e0 votre maison ? Vous y arriverez gr\u00e2ce au Vase Gift Decor Rose Dor\u00e9 verre Lisse 11,5 x 24 x 11,5 cm. Le vase de Gift Decor, soigneusement fabriqu\u00e9 en verre lisse, se distingue par son \u00e9l\u00e9gante combinaison de couleur rose et de d\u00e9tails dor\u00e9s, apportant une touche de [&hellip;]<\/p>\n","protected":false},"featured_media":183987,"comment_status":"open","ping_status":"closed","template":"","meta":[],"product_brand":[1923],"product_cat":[1730,1430,239],"product_tag":[104],"woo-feed-brand":[],"class_list":{"0":"post-183989","1":"product","2":"type-product","3":"status-publish","4":"has-post-thumbnail","6":"product_brand-brandp_3024","7":"product_cat-centres-de-table-et-vases","8":"product_cat-decoration-et-eclairage","9":"product_cat-maison-jardin","10":"product_tag-tag_1279","12":"first","13":"instock","14":"taxable","15":"shipping-taxable","16":"purchasable","17":"product-type-simple"},"yoast_head":"<!-- This site is optimized with the Yoast SEO plugin v27.6 - https:\/\/yoast.com\/product\/yoast-seo-wordpress\/ -->\n<title>Vase Gift Decor Rose Dor\u00e9 verre Lisse 11,5 x 24 x 11,5 cm | | Tupique<\/title>\n<meta name=\"description\" content=\"Envie d&#039;acheter Vase Gift Decor Rose Dor\u00e9 verre Lisse 11,5 x 24 x 11,5 cm\u00a0? Achetez Vase Gift Decor Rose Dor\u00e9 verre Lisse 11,5 x 24 x 11,5 cm maintenant avec Tupique en 3 versements sans int\u00e9r\u00eat.\" \/>\n<meta name=\"robots\" content=\"index, follow, max-snippet:-1, max-image-preview:large, max-video-preview:-1\" \/>\n<link rel=\"canonical\" href=\"https:\/\/tupique.com\/pt\/product\/vase-gift-decor-rose-dore-verre-lisse-115-x-24-x-115-cm\/\" \/>\n<meta property=\"og:locale\" content=\"pt_PT\" \/>\n<meta property=\"og:type\" content=\"article\" \/>\n<meta property=\"og:title\" content=\"Vase Gift Decor Rose Dor\u00e9 verre Lisse 11,5 x 24 x 11,5 cm | | Tupique\" \/>\n<meta property=\"og:description\" content=\"Envie d&#039;acheter Vase Gift Decor Rose Dor\u00e9 verre Lisse 11,5 x 24 x 11,5 cm\u00a0? Achetez Vase Gift Decor Rose Dor\u00e9 verre Lisse 11,5 x 24 x 11,5 cm maintenant avec Tupique en 3 versements sans int\u00e9r\u00eat.\" \/>\n<meta property=\"og:url\" content=\"https:\/\/tupique.com\/pt\/product\/vase-gift-decor-rose-dore-verre-lisse-115-x-24-x-115-cm\/\" \/>\n<meta property=\"og:site_name\" content=\"Tupique\" \/>\n<meta property=\"article:modified_time\" content=\"2026-05-11T19:18:37+00:00\" \/>\n<meta property=\"og:image\" content=\"https:\/\/tupique.com\/wp-content\/uploads\/2026\/05\/8430852817167_00_WBG1.jpg\" \/>\n\t<meta property=\"og:image:width\" content=\"1200\" \/>\n\t<meta property=\"og:image:height\" content=\"1200\" \/>\n\t<meta property=\"og:image:type\" content=\"image\/jpeg\" \/>\n<meta name=\"twitter:card\" content=\"summary_large_image\" \/>\n<meta name=\"twitter:label1\" content=\"Tempo estimado de leitura\" \/>\n\t<meta name=\"twitter:data1\" content=\"1 minuto\" \/>\n<script type=\"application\/ld+json\" class=\"yoast-schema-graph\">{\"@context\":\"https:\\\/\\\/schema.org\",\"@graph\":[{\"@type\":\"WebPage\",\"@id\":\"https:\\\/\\\/tupique.com\\\/product\\\/vase-gift-decor-rose-dore-verre-lisse-115-x-24-x-115-cm\\\/\",\"url\":\"https:\\\/\\\/tupique.com\\\/product\\\/vase-gift-decor-rose-dore-verre-lisse-115-x-24-x-115-cm\\\/\",\"name\":\"Vase Gift Decor Rose Dor\u00e9 verre Lisse 11,5 x 24 x 11,5 cm | | Tupique\",\"isPartOf\":{\"@id\":\"https:\\\/\\\/tupique.com\\\/#website\"},\"primaryImageOfPage\":{\"@id\":\"https:\\\/\\\/tupique.com\\\/product\\\/vase-gift-decor-rose-dore-verre-lisse-115-x-24-x-115-cm\\\/#primaryimage\"},\"image\":{\"@id\":\"https:\\\/\\\/tupique.com\\\/product\\\/vase-gift-decor-rose-dore-verre-lisse-115-x-24-x-115-cm\\\/#primaryimage\"},\"thumbnailUrl\":\"https:\\\/\\\/tupique.com\\\/wp-content\\\/uploads\\\/2026\\\/05\\\/8430852817167_00_WBG1.jpg\",\"datePublished\":\"2026-05-11T15:31:19+00:00\",\"dateModified\":\"2026-05-11T19:18:37+00:00\",\"description\":\"Envie d'acheter Vase Gift Decor Rose Dor\u00e9 verre Lisse 11,5 x 24 x 11,5 cm\u00a0? Achetez Vase Gift Decor Rose Dor\u00e9 verre Lisse 11,5 x 24 x 11,5 cm maintenant avec Tupique en 3 versements sans int\u00e9r\u00eat.\",\"breadcrumb\":{\"@id\":\"https:\\\/\\\/tupique.com\\\/product\\\/vase-gift-decor-rose-dore-verre-lisse-115-x-24-x-115-cm\\\/#breadcrumb\"},\"inLanguage\":\"pt-PT\",\"potentialAction\":[{\"@type\":\"ReadAction\",\"target\":[\"https:\\\/\\\/tupique.com\\\/product\\\/vase-gift-decor-rose-dore-verre-lisse-115-x-24-x-115-cm\\\/\"]}]},{\"@type\":\"ImageObject\",\"inLanguage\":\"pt-PT\",\"@id\":\"https:\\\/\\\/tupique.com\\\/product\\\/vase-gift-decor-rose-dore-verre-lisse-115-x-24-x-115-cm\\\/#primaryimage\",\"url\":\"https:\\\/\\\/tupique.com\\\/wp-content\\\/uploads\\\/2026\\\/05\\\/8430852817167_00_WBG1.jpg\",\"contentUrl\":\"https:\\\/\\\/tupique.com\\\/wp-content\\\/uploads\\\/2026\\\/05\\\/8430852817167_00_WBG1.jpg\",\"width\":1200,\"height\":1200,\"caption\":\"S3611777_0\"},{\"@type\":\"BreadcrumbList\",\"@id\":\"https:\\\/\\\/tupique.com\\\/product\\\/vase-gift-decor-rose-dore-verre-lisse-115-x-24-x-115-cm\\\/#breadcrumb\",\"itemListElement\":[{\"@type\":\"ListItem\",\"position\":1,\"name\":\"commencer\",\"item\":\"https:\\\/\\\/tupique.com\\\/\"},{\"@type\":\"ListItem\",\"position\":2,\"name\":\"Loja\",\"item\":\"https:\\\/\\\/tupique.com\\\/pt\\\/loja\\\/\"},{\"@type\":\"ListItem\",\"position\":3,\"name\":\"Vase Gift Decor Rose Dor\u00e9 verre Lisse 11,5 x 24 x 11,5 cm\"}]},{\"@type\":\"WebSite\",\"@id\":\"https:\\\/\\\/tupique.com\\\/#website\",\"url\":\"https:\\\/\\\/tupique.com\\\/\",\"name\":\"Tupique\",\"description\":\"\",\"publisher\":{\"@id\":\"https:\\\/\\\/tupique.com\\\/#organization\"},\"potentialAction\":[{\"@type\":\"SearchAction\",\"target\":{\"@type\":\"EntryPoint\",\"urlTemplate\":\"https:\\\/\\\/tupique.com\\\/?s={search_term_string}\"},\"query-input\":{\"@type\":\"PropertyValueSpecification\",\"valueRequired\":true,\"valueName\":\"search_term_string\"}}],\"inLanguage\":\"pt-PT\"},{\"@type\":\"Organization\",\"@id\":\"https:\\\/\\\/tupique.com\\\/#organization\",\"name\":\"Tupique\",\"url\":\"https:\\\/\\\/tupique.com\\\/\",\"logo\":{\"@type\":\"ImageObject\",\"inLanguage\":\"pt-PT\",\"@id\":\"https:\\\/\\\/tupique.com\\\/#\\\/schema\\\/logo\\\/image\\\/\",\"url\":\"https:\\\/\\\/tupique.com\\\/wp-content\\\/uploads\\\/2026\\\/03\\\/logo-tupique-1.webp\",\"contentUrl\":\"https:\\\/\\\/tupique.com\\\/wp-content\\\/uploads\\\/2026\\\/03\\\/logo-tupique-1.webp\",\"width\":500,\"height\":67,\"caption\":\"Tupique\"},\"image\":{\"@id\":\"https:\\\/\\\/tupique.com\\\/#\\\/schema\\\/logo\\\/image\\\/\"}}]}<\/script>\n<!-- \/ Yoast SEO plugin. -->","yoast_head_json":{"title":"Vase Gift Decor Rose Dor\u00e9 verre Lisse 11,5 x 24 x 11,5 cm | | Tupique","description":"Envie d'acheter Vase Gift Decor Rose Dor\u00e9 verre Lisse 11,5 x 24 x 11,5 cm\u00a0? Achetez Vase Gift Decor Rose Dor\u00e9 verre Lisse 11,5 x 24 x 11,5 cm maintenant avec Tupique en 3 versements sans int\u00e9r\u00eat.","robots":{"index":"index","follow":"follow","max-snippet":"max-snippet:-1","max-image-preview":"max-image-preview:large","max-video-preview":"max-video-preview:-1"},"canonical":"https:\/\/tupique.com\/pt\/product\/vase-gift-decor-rose-dore-verre-lisse-115-x-24-x-115-cm\/","og_locale":"pt_PT","og_type":"article","og_title":"Vase Gift Decor Rose Dor\u00e9 verre Lisse 11,5 x 24 x 11,5 cm | | Tupique","og_description":"Envie d'acheter Vase Gift Decor Rose Dor\u00e9 verre Lisse 11,5 x 24 x 11,5 cm\u00a0? Achetez Vase Gift Decor Rose Dor\u00e9 verre Lisse 11,5 x 24 x 11,5 cm maintenant avec Tupique en 3 versements sans int\u00e9r\u00eat.","og_url":"https:\/\/tupique.com\/pt\/product\/vase-gift-decor-rose-dore-verre-lisse-115-x-24-x-115-cm\/","og_site_name":"Tupique","article_modified_time":"2026-05-11T19:18:37+00:00","og_image":[{"width":1200,"height":1200,"url":"https:\/\/tupique.com\/wp-content\/uploads\/2026\/05\/8430852817167_00_WBG1.jpg","type":"image\/jpeg"}],"twitter_card":"summary_large_image","twitter_misc":{"Tempo estimado de leitura":"1 minuto"},"schema":{"@context":"https:\/\/schema.org","@graph":[{"@type":"WebPage","@id":"https:\/\/tupique.com\/product\/vase-gift-decor-rose-dore-verre-lisse-115-x-24-x-115-cm\/","url":"https:\/\/tupique.com\/product\/vase-gift-decor-rose-dore-verre-lisse-115-x-24-x-115-cm\/","name":"Vase Gift Decor Rose Dor\u00e9 verre Lisse 11,5 x 24 x 11,5 cm | | Tupique","isPartOf":{"@id":"https:\/\/tupique.com\/#website"},"primaryImageOfPage":{"@id":"https:\/\/tupique.com\/product\/vase-gift-decor-rose-dore-verre-lisse-115-x-24-x-115-cm\/#primaryimage"},"image":{"@id":"https:\/\/tupique.com\/product\/vase-gift-decor-rose-dore-verre-lisse-115-x-24-x-115-cm\/#primaryimage"},"thumbnailUrl":"https:\/\/tupique.com\/wp-content\/uploads\/2026\/05\/8430852817167_00_WBG1.jpg","datePublished":"2026-05-11T15:31:19+00:00","dateModified":"2026-05-11T19:18:37+00:00","description":"Envie d'acheter Vase Gift Decor Rose Dor\u00e9 verre Lisse 11,5 x 24 x 11,5 cm\u00a0? Achetez Vase Gift Decor Rose Dor\u00e9 verre Lisse 11,5 x 24 x 11,5 cm maintenant avec Tupique en 3 versements sans int\u00e9r\u00eat.","breadcrumb":{"@id":"https:\/\/tupique.com\/product\/vase-gift-decor-rose-dore-verre-lisse-115-x-24-x-115-cm\/#breadcrumb"},"inLanguage":"pt-PT","potentialAction":[{"@type":"ReadAction","target":["https:\/\/tupique.com\/product\/vase-gift-decor-rose-dore-verre-lisse-115-x-24-x-115-cm\/"]}]},{"@type":"ImageObject","inLanguage":"pt-PT","@id":"https:\/\/tupique.com\/product\/vase-gift-decor-rose-dore-verre-lisse-115-x-24-x-115-cm\/#primaryimage","url":"https:\/\/tupique.com\/wp-content\/uploads\/2026\/05\/8430852817167_00_WBG1.jpg","contentUrl":"https:\/\/tupique.com\/wp-content\/uploads\/2026\/05\/8430852817167_00_WBG1.jpg","width":1200,"height":1200,"caption":"S3611777_0"},{"@type":"BreadcrumbList","@id":"https:\/\/tupique.com\/product\/vase-gift-decor-rose-dore-verre-lisse-115-x-24-x-115-cm\/#breadcrumb","itemListElement":[{"@type":"ListItem","position":1,"name":"commencer","item":"https:\/\/tupique.com\/"},{"@type":"ListItem","position":2,"name":"Loja","item":"https:\/\/tupique.com\/pt\/loja\/"},{"@type":"ListItem","position":3,"name":"Vase Gift Decor Rose Dor\u00e9 verre Lisse 11,5 x 24 x 11,5 cm"}]},{"@type":"WebSite","@id":"https:\/\/tupique.com\/#website","url":"https:\/\/tupique.com\/","name":"Tupique","description":"","publisher":{"@id":"https:\/\/tupique.com\/#organization"},"potentialAction":[{"@type":"SearchAction","target":{"@type":"EntryPoint","urlTemplate":"https:\/\/tupique.com\/?s={search_term_string}"},"query-input":{"@type":"PropertyValueSpecification","valueRequired":true,"valueName":"search_term_string"}}],"inLanguage":"pt-PT"},{"@type":"Organization","@id":"https:\/\/tupique.com\/#organization","name":"Tupique","url":"https:\/\/tupique.com\/","logo":{"@type":"ImageObject","inLanguage":"pt-PT","@id":"https:\/\/tupique.com\/#\/schema\/logo\/image\/","url":"https:\/\/tupique.com\/wp-content\/uploads\/2026\/03\/logo-tupique-1.webp","contentUrl":"https:\/\/tupique.com\/wp-content\/uploads\/2026\/03\/logo-tupique-1.webp","width":500,"height":67,"caption":"Tupique"},"image":{"@id":"https:\/\/tupique.com\/#\/schema\/logo\/image\/"}}]}},"_links":{"self":[{"href":"https:\/\/tupique.com\/pt\/wp-json\/wp\/v2\/product\/183989","targetHints":{"allow":["GET"]}}],"collection":[{"href":"https:\/\/tupique.com\/pt\/wp-json\/wp\/v2\/product"}],"about":[{"href":"https:\/\/tupique.com\/pt\/wp-json\/wp\/v2\/types\/product"}],"replies":[{"embeddable":true,"href":"https:\/\/tupique.com\/pt\/wp-json\/wp\/v2\/comments?post=183989"}],"wp:featuredmedia":[{"embeddable":true,"href":"https:\/\/tupique.com\/pt\/wp-json\/wp\/v2\/media\/183987"}],"wp:attachment":[{"href":"https:\/\/tupique.com\/pt\/wp-json\/wp\/v2\/media?parent=183989"}],"wp:term":[{"taxonomy":"product_brand","embeddable":true,"href":"https:\/\/tupique.com\/pt\/wp-json\/wp\/v2\/product_brand?post=183989"},{"taxonomy":"product_cat","embeddable":true,"href":"https:\/\/tupique.com\/pt\/wp-json\/wp\/v2\/product_cat?post=183989"},{"taxonomy":"product_tag","embeddable":true,"href":"https:\/\/tupique.com\/pt\/wp-json\/wp\/v2\/product_tag?post=183989"},{"taxonomy":"woo-feed-brand","embeddable":true,"href":"https:\/\/tupique.com\/pt\/wp-json\/wp\/v2\/woo-feed-brand?post=183989"}],"curies":[{"name":"wp","href":"https:\/\/api.w.org\/{rel}","templated":true}]}}