{"id":183999,"date":"2026-05-11T17:31:29","date_gmt":"2026-05-11T15:31:29","guid":{"rendered":"https:\/\/tupique.com\/product\/vernis-a-ongles-bourjois-seconde-no-051-orchid-obsession-9-ml\/"},"modified":"2026-05-11T21:15:41","modified_gmt":"2026-05-11T19:15:41","slug":"vernis-a-ongles-bourjois-seconde-no-051-orchid-obsession-9-ml","status":"publish","type":"product","link":"https:\/\/tupique.com\/pt\/product\/vernis-a-ongles-bourjois-seconde-no-051-orchid-obsession-9-ml\/","title":{"rendered":"Verniz Bourjois Seconde N\u00ba 051-orchid obsession 9 ml"},"content":{"rendered":"<p>Vous aimeriez avoir la meilleure gamme de <b>soins esth\u00e9tiques<\/b> avec des produits de qualit\u00e9 et \u00e0 un prix abordable ? Alors ne vous passez pas \u00e0 c\u00f4t\u00e9 de <b>vernis \u00e0 ongles Bourjois N\u00ba 051-orchid obsession (9 ml)<\/b> !<\/p>\n<p>Ler <b>Seconde<\/b> de Bourjois est un <b>vernis \u00e0 ongles<\/b> qui allie la qualit\u00e9 et le style caract\u00e9ristiques de cette marque fran\u00e7aise et espagnole reconnue, offrant un produit polyvalent pour femmes et unisexe. Ce vernis a une <b>contenance de 9 ml<\/b>, garantissant une quantit\u00e9 suffisante pour plusieurs applications, et se distingue par sa formule \u00e0 s\u00e9chage rapide, permettant d\u2019obtenir une finition impeccable en peu de temps, id\u00e9ale pour celles qui recherchent efficacit\u00e9 sans sacrifier texture ni couleur. Il pr\u00e9sente une teinte vibrante et moderne, le <b>N\u00ba 051-orchid obsession<\/b>, une couleur soign\u00e9e qui apporte sophistication et modernit\u00e9 \u00e0 toute manucure. Sa composition inclut des ingr\u00e9dients comme le <b>polyethylene<\/b>, qui contribuent \u00e0 une texture homog\u00e8ne et une couvrance uniforme, facilitant l\u2019application gr\u00e2ce \u00e0 un pinceau con\u00e7u pour un trac\u00e9 pr\u00e9cis. Fabriqu\u00e9 en Espagne et en France, ce vernis refl\u00e8te des normes \u00e9lev\u00e9es dans la fabrication cosm\u00e9tique europ\u00e9enne et r\u00e9pond aux attentes d\u2019un public appr\u00e9ciant des produits de maquillage fiables et aux r\u00e9sultats durables. Le <b>Seconde<\/b> de Bourjois est un vernis qui r\u00e9pond aux exigences quotidiennes avec une formule pratique et efficace, destin\u00e9 \u00e0 celles et ceux qui veulent allier rapidit\u00e9, qualit\u00e9 et \u00e9l\u00e9gance dans leur soin des ongles.<\/p>\n<ul>\n<li>Capacit\u00e9: 9 ml<\/li>\n<li>Ingredientes:\n<ul>\n<li>Polyethylene<\/li>\n<li>S\u00edlica<\/li>\n<li>Styrene\/acrylates copolymer<\/li>\n<li>\u00d3xido de estanho<\/li>\n<li>Di\u00f3xido de tit\u00e2nio<\/li>\n<li>Acetato de tocoferilo<\/li>\n<li>Trimethylsiloxysilicate<\/li>\n<li>\u00c1gua (Aqua)<\/li>\n<li>Acrylates copolymer<\/li>\n<li>Butyl alcohol<\/li>\n<li>Cetyl peg\/ppg-10\/1 dimethicone<\/li>\n<li>Corallina officinalis extract<\/li>\n<li>Dimethicone<\/li>\n<li>Isopropyl alcohol<\/li>\n<li>Kaolin<\/li>\n<li>Acetyl Tributyl Citrate<\/li>\n<li>Calcium Aluminum Borosilicate<\/li>\n<li>Diacetone Alcohol<\/li>\n<li>Ethyl Acetate<\/li>\n<li>Nitrocellulose<\/li>\n<li>Polyethylene Terephthalate<\/li>\n<li>Polyurethane-11<\/li>\n<li>Stearalkonium Bentonite<\/li>\n<li>Phosphoric acid<\/li>\n<li>Benzophenone-1<\/li>\n<li>Caprylic\/capric triglyceride<\/li>\n<\/ul>\n<\/li>\n<li>Type: Maquillage<\/li>\n<li>Caract\u00e9ristiques: S\u00e9chage rapide<\/li>\n<li>Finition:\n<ul>\n<li>Finition brillant<\/li>\n<li>Gel<\/li>\n<\/ul>\n<\/li>\n<li>Couleur: N\u00ba 051-orchid obsession<\/li>\n<\/ul>","protected":false},"excerpt":{"rendered":"<p><span class=\"unit-info\">199.8889 &euro; \/ 100 ml<\/span><\/p>","protected":false},"featured_media":183997,"comment_status":"open","ping_status":"closed","template":"","meta":[],"product_brand":[1896],"product_cat":[1059,1850,752],"product_tag":[722],"class_list":{"0":"post-183999","1":"product","2":"type-product","3":"status-publish","4":"has-post-thumbnail","6":"product_brand-brandp_1301","7":"product_cat-esthetique-et-traitements-corporels","8":"product_cat-manucure-et-pedicure","9":"product_cat-sante-beaute","10":"product_tag-tag_923","12":"first","13":"instock","14":"taxable","15":"shipping-taxable","16":"purchasable","17":"product-type-simple"},"yoast_head":"<!-- This site is optimized with the Yoast SEO plugin v27.5 - https:\/\/yoast.com\/product\/yoast-seo-wordpress\/ -->\n<title>vernis \u00e0 ongles Bourjois Seconde N\u00ba 051-orchid obsession 9 ml - Tupique<\/title>\n<meta name=\"robots\" content=\"index, follow, max-snippet:-1, max-image-preview:large, max-video-preview:-1\" \/>\n<link rel=\"canonical\" href=\"https:\/\/tupique.com\/pt\/product\/vernis-a-ongles-bourjois-seconde-no-051-orchid-obsession-9-ml\/\" \/>\n<meta property=\"og:locale\" content=\"pt_PT\" \/>\n<meta property=\"og:type\" content=\"article\" \/>\n<meta property=\"og:title\" content=\"vernis \u00e0 ongles Bourjois Seconde N\u00ba 051-orchid obsession 9 ml - Tupique\" \/>\n<meta property=\"og:description\" content=\"199.8889 &euro; \/ 100 ml\" \/>\n<meta property=\"og:url\" content=\"https:\/\/tupique.com\/pt\/product\/vernis-a-ongles-bourjois-seconde-no-051-orchid-obsession-9-ml\/\" \/>\n<meta property=\"og:site_name\" content=\"Tupique\" \/>\n<meta property=\"article:modified_time\" content=\"2026-05-11T19:15:41+00:00\" \/>\n<meta name=\"twitter:card\" content=\"summary_large_image\" \/>\n<meta name=\"twitter:label1\" content=\"Tempo estimado de leitura\" \/>\n\t<meta name=\"twitter:data1\" content=\"1 minuto\" \/>\n<script type=\"application\/ld+json\" class=\"yoast-schema-graph\">{\"@context\":\"https:\\\/\\\/schema.org\",\"@graph\":[{\"@type\":\"WebPage\",\"@id\":\"https:\\\/\\\/tupique.com\\\/product\\\/vernis-a-ongles-bourjois-seconde-no-051-orchid-obsession-9-ml\\\/\",\"url\":\"https:\\\/\\\/tupique.com\\\/product\\\/vernis-a-ongles-bourjois-seconde-no-051-orchid-obsession-9-ml\\\/\",\"name\":\"vernis \u00e0 ongles Bourjois Seconde N\u00ba 051-orchid obsession 9 ml - Tupique\",\"isPartOf\":{\"@id\":\"https:\\\/\\\/tupique.com\\\/#website\"},\"primaryImageOfPage\":{\"@id\":\"https:\\\/\\\/tupique.com\\\/product\\\/vernis-a-ongles-bourjois-seconde-no-051-orchid-obsession-9-ml\\\/#primaryimage\"},\"image\":{\"@id\":\"https:\\\/\\\/tupique.com\\\/product\\\/vernis-a-ongles-bourjois-seconde-no-051-orchid-obsession-9-ml\\\/#primaryimage\"},\"thumbnailUrl\":\"https:\\\/\\\/tupique.com\\\/wp-content\\\/uploads\\\/2026\\\/05\\\/3616302464364_R01.jpg\",\"datePublished\":\"2026-05-11T15:31:29+00:00\",\"dateModified\":\"2026-05-11T19:15:41+00:00\",\"breadcrumb\":{\"@id\":\"https:\\\/\\\/tupique.com\\\/product\\\/vernis-a-ongles-bourjois-seconde-no-051-orchid-obsession-9-ml\\\/#breadcrumb\"},\"inLanguage\":\"pt-PT\",\"potentialAction\":[{\"@type\":\"ReadAction\",\"target\":[\"https:\\\/\\\/tupique.com\\\/product\\\/vernis-a-ongles-bourjois-seconde-no-051-orchid-obsession-9-ml\\\/\"]}]},{\"@type\":\"ImageObject\",\"inLanguage\":\"pt-PT\",\"@id\":\"https:\\\/\\\/tupique.com\\\/product\\\/vernis-a-ongles-bourjois-seconde-no-051-orchid-obsession-9-ml\\\/#primaryimage\",\"url\":\"https:\\\/\\\/tupique.com\\\/wp-content\\\/uploads\\\/2026\\\/05\\\/3616302464364_R01.jpg\",\"contentUrl\":\"https:\\\/\\\/tupique.com\\\/wp-content\\\/uploads\\\/2026\\\/05\\\/3616302464364_R01.jpg\",\"width\":1200,\"height\":1200,\"caption\":\"S05109100_0\"},{\"@type\":\"BreadcrumbList\",\"@id\":\"https:\\\/\\\/tupique.com\\\/product\\\/vernis-a-ongles-bourjois-seconde-no-051-orchid-obsession-9-ml\\\/#breadcrumb\",\"itemListElement\":[{\"@type\":\"ListItem\",\"position\":1,\"name\":\"commencer\",\"item\":\"https:\\\/\\\/tupique.com\\\/\"},{\"@type\":\"ListItem\",\"position\":2,\"name\":\"Loja\",\"item\":\"https:\\\/\\\/tupique.com\\\/loja\\\/\"},{\"@type\":\"ListItem\",\"position\":3,\"name\":\"vernis \u00e0 ongles Bourjois Seconde N\u00ba 051-orchid obsession 9 ml\"}]},{\"@type\":\"WebSite\",\"@id\":\"https:\\\/\\\/tupique.com\\\/#website\",\"url\":\"https:\\\/\\\/tupique.com\\\/\",\"name\":\"Tupique\",\"description\":\"\",\"publisher\":{\"@id\":\"https:\\\/\\\/tupique.com\\\/#organization\"},\"potentialAction\":[{\"@type\":\"SearchAction\",\"target\":{\"@type\":\"EntryPoint\",\"urlTemplate\":\"https:\\\/\\\/tupique.com\\\/?s={search_term_string}\"},\"query-input\":{\"@type\":\"PropertyValueSpecification\",\"valueRequired\":true,\"valueName\":\"search_term_string\"}}],\"inLanguage\":\"pt-PT\"},{\"@type\":\"Organization\",\"@id\":\"https:\\\/\\\/tupique.com\\\/#organization\",\"name\":\"Tupique\",\"url\":\"https:\\\/\\\/tupique.com\\\/\",\"logo\":{\"@type\":\"ImageObject\",\"inLanguage\":\"pt-PT\",\"@id\":\"https:\\\/\\\/tupique.com\\\/#\\\/schema\\\/logo\\\/image\\\/\",\"url\":\"https:\\\/\\\/tupique.com\\\/wp-content\\\/uploads\\\/2026\\\/03\\\/logo-tupique-1.webp\",\"contentUrl\":\"https:\\\/\\\/tupique.com\\\/wp-content\\\/uploads\\\/2026\\\/03\\\/logo-tupique-1.webp\",\"width\":500,\"height\":67,\"caption\":\"Tupique\"},\"image\":{\"@id\":\"https:\\\/\\\/tupique.com\\\/#\\\/schema\\\/logo\\\/image\\\/\"}}]}<\/script>\n<!-- \/ Yoast SEO plugin. -->","yoast_head_json":{"title":"vernis \u00e0 ongles Bourjois Seconde N\u00ba 051-orchid obsession 9 ml - Tupique","robots":{"index":"index","follow":"follow","max-snippet":"max-snippet:-1","max-image-preview":"max-image-preview:large","max-video-preview":"max-video-preview:-1"},"canonical":"https:\/\/tupique.com\/pt\/product\/vernis-a-ongles-bourjois-seconde-no-051-orchid-obsession-9-ml\/","og_locale":"pt_PT","og_type":"article","og_title":"vernis \u00e0 ongles Bourjois Seconde N\u00ba 051-orchid obsession 9 ml - Tupique","og_description":"199.8889 &euro; \/ 100 ml","og_url":"https:\/\/tupique.com\/pt\/product\/vernis-a-ongles-bourjois-seconde-no-051-orchid-obsession-9-ml\/","og_site_name":"Tupique","article_modified_time":"2026-05-11T19:15:41+00:00","twitter_card":"summary_large_image","twitter_misc":{"Tempo estimado de leitura":"1 minuto"},"schema":{"@context":"https:\/\/schema.org","@graph":[{"@type":"WebPage","@id":"https:\/\/tupique.com\/product\/vernis-a-ongles-bourjois-seconde-no-051-orchid-obsession-9-ml\/","url":"https:\/\/tupique.com\/product\/vernis-a-ongles-bourjois-seconde-no-051-orchid-obsession-9-ml\/","name":"vernis \u00e0 ongles Bourjois Seconde N\u00ba 051-orchid obsession 9 ml - Tupique","isPartOf":{"@id":"https:\/\/tupique.com\/#website"},"primaryImageOfPage":{"@id":"https:\/\/tupique.com\/product\/vernis-a-ongles-bourjois-seconde-no-051-orchid-obsession-9-ml\/#primaryimage"},"image":{"@id":"https:\/\/tupique.com\/product\/vernis-a-ongles-bourjois-seconde-no-051-orchid-obsession-9-ml\/#primaryimage"},"thumbnailUrl":"https:\/\/tupique.com\/wp-content\/uploads\/2026\/05\/3616302464364_R01.jpg","datePublished":"2026-05-11T15:31:29+00:00","dateModified":"2026-05-11T19:15:41+00:00","breadcrumb":{"@id":"https:\/\/tupique.com\/product\/vernis-a-ongles-bourjois-seconde-no-051-orchid-obsession-9-ml\/#breadcrumb"},"inLanguage":"pt-PT","potentialAction":[{"@type":"ReadAction","target":["https:\/\/tupique.com\/product\/vernis-a-ongles-bourjois-seconde-no-051-orchid-obsession-9-ml\/"]}]},{"@type":"ImageObject","inLanguage":"pt-PT","@id":"https:\/\/tupique.com\/product\/vernis-a-ongles-bourjois-seconde-no-051-orchid-obsession-9-ml\/#primaryimage","url":"https:\/\/tupique.com\/wp-content\/uploads\/2026\/05\/3616302464364_R01.jpg","contentUrl":"https:\/\/tupique.com\/wp-content\/uploads\/2026\/05\/3616302464364_R01.jpg","width":1200,"height":1200,"caption":"S05109100_0"},{"@type":"BreadcrumbList","@id":"https:\/\/tupique.com\/product\/vernis-a-ongles-bourjois-seconde-no-051-orchid-obsession-9-ml\/#breadcrumb","itemListElement":[{"@type":"ListItem","position":1,"name":"commencer","item":"https:\/\/tupique.com\/"},{"@type":"ListItem","position":2,"name":"Loja","item":"https:\/\/tupique.com\/loja\/"},{"@type":"ListItem","position":3,"name":"vernis \u00e0 ongles Bourjois Seconde N\u00ba 051-orchid obsession 9 ml"}]},{"@type":"WebSite","@id":"https:\/\/tupique.com\/#website","url":"https:\/\/tupique.com\/","name":"Tupique","description":"","publisher":{"@id":"https:\/\/tupique.com\/#organization"},"potentialAction":[{"@type":"SearchAction","target":{"@type":"EntryPoint","urlTemplate":"https:\/\/tupique.com\/?s={search_term_string}"},"query-input":{"@type":"PropertyValueSpecification","valueRequired":true,"valueName":"search_term_string"}}],"inLanguage":"pt-PT"},{"@type":"Organization","@id":"https:\/\/tupique.com\/#organization","name":"Tupique","url":"https:\/\/tupique.com\/","logo":{"@type":"ImageObject","inLanguage":"pt-PT","@id":"https:\/\/tupique.com\/#\/schema\/logo\/image\/","url":"https:\/\/tupique.com\/wp-content\/uploads\/2026\/03\/logo-tupique-1.webp","contentUrl":"https:\/\/tupique.com\/wp-content\/uploads\/2026\/03\/logo-tupique-1.webp","width":500,"height":67,"caption":"Tupique"},"image":{"@id":"https:\/\/tupique.com\/#\/schema\/logo\/image\/"}}]}},"_links":{"self":[{"href":"https:\/\/tupique.com\/pt\/wp-json\/wp\/v2\/product\/183999","targetHints":{"allow":["GET"]}}],"collection":[{"href":"https:\/\/tupique.com\/pt\/wp-json\/wp\/v2\/product"}],"about":[{"href":"https:\/\/tupique.com\/pt\/wp-json\/wp\/v2\/types\/product"}],"replies":[{"embeddable":true,"href":"https:\/\/tupique.com\/pt\/wp-json\/wp\/v2\/comments?post=183999"}],"wp:featuredmedia":[{"embeddable":true,"href":"https:\/\/tupique.com\/pt\/wp-json\/wp\/v2\/media\/183997"}],"wp:attachment":[{"href":"https:\/\/tupique.com\/pt\/wp-json\/wp\/v2\/media?parent=183999"}],"wp:term":[{"taxonomy":"product_brand","embeddable":true,"href":"https:\/\/tupique.com\/pt\/wp-json\/wp\/v2\/product_brand?post=183999"},{"taxonomy":"product_cat","embeddable":true,"href":"https:\/\/tupique.com\/pt\/wp-json\/wp\/v2\/product_cat?post=183999"},{"taxonomy":"product_tag","embeddable":true,"href":"https:\/\/tupique.com\/pt\/wp-json\/wp\/v2\/product_tag?post=183999"}],"curies":[{"name":"wp","href":"https:\/\/api.w.org\/{rel}","templated":true}]}}