{"id":184177,"date":"2026-05-11T17:48:34","date_gmt":"2026-05-11T15:48:34","guid":{"rendered":"https:\/\/tupique.com\/product\/pantalons-de-neige-rip-curl-rocker-ski-cyan-homme\/"},"modified":"2026-05-11T21:23:57","modified_gmt":"2026-05-11T19:23:57","slug":"pantalons-de-neige-rip-curl-rocker-ski-cyan-homme","status":"publish","type":"product","link":"https:\/\/tupique.com\/pt\/product\/pantalons-de-neige-rip-curl-rocker-ski-cyan-homme\/","title":{"rendered":"Pantalons de neige Rip Curl Rocker Ski Cyan Homme"},"content":{"rendered":"<p>Si vous envisagez de renouveler votre garde-robe, achetez <b>Pantalons de neige Rip Curl Rocker Ski Cyan Homme<\/b> et d\u2019autres<b>produits Rip Curl<\/b>! La meilleure qualit\u00e9 au meilleur prix est \u00e0 votre port\u00e9e!<\/p>\n<p>Les <b>Rocker<\/b> de Rip Curl sont des <b>pantalons de neige<\/b> con\u00e7us sp\u00e9cialement pour la <b>pratique du ski<\/b> ou des sports d\u2019hiver, offrant protection et confort m\u00eame dans les conditions les plus exigeantes. Gr\u00e2ce \u00e0 leur <b>tissu trait\u00e9 DWR<\/b> (Durable Water Repellent), ces pantalons emp\u00eachent l\u2019humidit\u00e9 et la neige de p\u00e9n\u00e9trer, vous gardant au sec toute la journ\u00e9e en montagne. Leur <b>coupe longue et sportive<\/b> assure une libert\u00e9 de mouvement totale, facilitant les man\u0153uvres en descente comme hors-piste, tandis que leur r\u00e9sistance et leur conception fonctionnelle sont pens\u00e9es pour supporter l\u2019usure typique des activit\u00e9s alpines. La marque Rip Curl, reconnue dans le monde des sports d\u2019aventure, int\u00e8gre \u00e0 ce mod\u00e8le des mat\u00e9riaux fiables et des finitions soign\u00e9es, ax\u00e9s sur la durabilit\u00e9 et l\u2019efficacit\u00e9 thermique. Ainsi, les pantalons Rip Curl Rocker s\u2019imposent comme un choix robuste et pratique pour les skieurs recherchant qualit\u00e9 et performance dans des v\u00eatements techniques pour la neige.<\/p>\n<ul>\n<li>Sport: Ski<\/li>\n<li>Tipo:\n<ul>\n<li>Pantalon de sport long<\/li>\n<li>Pantalons de neige<\/li>\n<\/ul>\n<\/li>\n<li>Couleur: Cyan<\/li>\n<li>Genre: Homme<\/li>\n<li>\u00c2ge recommand\u00e9: Adultes<\/li>\n<\/ul>","protected":false},"excerpt":{"rendered":"<p>Si vous envisagez de renouveler votre garde-robe, achetez Pantalons de neige Rip Curl Rocker Ski Cyan Homme et d\u2019autresproduits Rip Curl! La meilleure qualit\u00e9 au meilleur prix est \u00e0 votre port\u00e9e! Les Rocker de Rip Curl sont des pantalons de neige con\u00e7us sp\u00e9cialement pour la pratique du ski ou des sports d\u2019hiver, offrant protection et [&hellip;]<\/p>\n","protected":false},"featured_media":184173,"comment_status":"open","ping_status":"closed","template":"","meta":[],"product_brand":[2458],"product_cat":[1829,2116,1764],"product_tag":[163],"woo-feed-brand":[],"class_list":{"0":"post-184177","1":"product","2":"type-product","3":"status-publish","4":"has-post-thumbnail","6":"product_brand-brandp_5057","7":"product_cat-materiel-et-equipement-de-sport","8":"product_cat-pantalons-de-sport","9":"product_cat-sports-loisirs","10":"product_tag-tag_17","12":"first","13":"instock","14":"taxable","15":"shipping-taxable","16":"purchasable","17":"product-type-variable"},"yoast_head":"<!-- This site is optimized with the Yoast SEO plugin v27.6 - https:\/\/yoast.com\/product\/yoast-seo-wordpress\/ -->\n<title>Pantalons de neige Rip Curl Rocker Ski Cyan Homme | | Tupique<\/title>\n<meta name=\"description\" content=\"Envie d&#039;acheter Pantalons de neige Rip Curl Rocker Ski Cyan Homme\u00a0? Achetez Pantalons de neige Rip Curl Rocker Ski Cyan Homme maintenant avec Tupique en 3 versements sans int\u00e9r\u00eat.\" \/>\n<meta name=\"robots\" content=\"index, follow, max-snippet:-1, max-image-preview:large, max-video-preview:-1\" \/>\n<link rel=\"canonical\" href=\"https:\/\/tupique.com\/pt\/product\/pantalons-de-neige-rip-curl-rocker-ski-cyan-homme\/\" \/>\n<meta property=\"og:locale\" content=\"pt_PT\" \/>\n<meta property=\"og:type\" content=\"article\" \/>\n<meta property=\"og:title\" content=\"Pantalons de neige Rip Curl Rocker Ski Cyan Homme | | Tupique\" \/>\n<meta property=\"og:description\" content=\"Envie d&#039;acheter Pantalons de neige Rip Curl Rocker Ski Cyan Homme\u00a0? Achetez Pantalons de neige Rip Curl Rocker Ski Cyan Homme maintenant avec Tupique en 3 versements sans int\u00e9r\u00eat.\" \/>\n<meta property=\"og:url\" content=\"https:\/\/tupique.com\/pt\/product\/pantalons-de-neige-rip-curl-rocker-ski-cyan-homme\/\" \/>\n<meta property=\"og:site_name\" content=\"Tupique\" \/>\n<meta property=\"article:modified_time\" content=\"2026-05-11T19:23:57+00:00\" \/>\n<meta property=\"og:image\" content=\"https:\/\/tupique.com\/wp-content\/uploads\/2026\/05\/9358819112782_S6482132_P02.jpg\" \/>\n\t<meta property=\"og:image:width\" content=\"1200\" \/>\n\t<meta property=\"og:image:height\" content=\"1200\" \/>\n\t<meta property=\"og:image:type\" content=\"image\/jpeg\" \/>\n<meta name=\"twitter:card\" content=\"summary_large_image\" \/>\n<meta name=\"twitter:label1\" content=\"Tempo estimado de leitura\" \/>\n\t<meta name=\"twitter:data1\" content=\"1 minuto\" \/>\n<script type=\"application\/ld+json\" class=\"yoast-schema-graph\">{\"@context\":\"https:\\\/\\\/schema.org\",\"@graph\":[{\"@type\":\"WebPage\",\"@id\":\"https:\\\/\\\/tupique.com\\\/pt\\\/product\\\/pantalons-de-neige-rip-curl-rocker-ski-cyan-homme\\\/\",\"url\":\"https:\\\/\\\/tupique.com\\\/pt\\\/product\\\/pantalons-de-neige-rip-curl-rocker-ski-cyan-homme\\\/\",\"name\":\"Pantalons de neige Rip Curl Rocker Ski Cyan Homme | | Tupique\",\"isPartOf\":{\"@id\":\"https:\\\/\\\/tupique.com\\\/#website\"},\"primaryImageOfPage\":{\"@id\":\"https:\\\/\\\/tupique.com\\\/pt\\\/product\\\/pantalons-de-neige-rip-curl-rocker-ski-cyan-homme\\\/#primaryimage\"},\"image\":{\"@id\":\"https:\\\/\\\/tupique.com\\\/pt\\\/product\\\/pantalons-de-neige-rip-curl-rocker-ski-cyan-homme\\\/#primaryimage\"},\"thumbnailUrl\":\"https:\\\/\\\/tupique.com\\\/wp-content\\\/uploads\\\/2026\\\/05\\\/9358819112782_S6482132_P02.jpg\",\"datePublished\":\"2026-05-11T15:48:34+00:00\",\"dateModified\":\"2026-05-11T19:23:57+00:00\",\"description\":\"Envie d'acheter Pantalons de neige Rip Curl Rocker Ski Cyan Homme\u00a0? Achetez Pantalons de neige Rip Curl Rocker Ski Cyan Homme maintenant avec Tupique en 3 versements sans int\u00e9r\u00eat.\",\"breadcrumb\":{\"@id\":\"https:\\\/\\\/tupique.com\\\/pt\\\/product\\\/pantalons-de-neige-rip-curl-rocker-ski-cyan-homme\\\/#breadcrumb\"},\"inLanguage\":\"pt-PT\",\"potentialAction\":[{\"@type\":\"ReadAction\",\"target\":[\"https:\\\/\\\/tupique.com\\\/pt\\\/product\\\/pantalons-de-neige-rip-curl-rocker-ski-cyan-homme\\\/\"]}]},{\"@type\":\"ImageObject\",\"inLanguage\":\"pt-PT\",\"@id\":\"https:\\\/\\\/tupique.com\\\/pt\\\/product\\\/pantalons-de-neige-rip-curl-rocker-ski-cyan-homme\\\/#primaryimage\",\"url\":\"https:\\\/\\\/tupique.com\\\/wp-content\\\/uploads\\\/2026\\\/05\\\/9358819112782_S6482132_P02.jpg\",\"contentUrl\":\"https:\\\/\\\/tupique.com\\\/wp-content\\\/uploads\\\/2026\\\/05\\\/9358819112782_S6482132_P02.jpg\",\"width\":1200,\"height\":1200,\"caption\":\"S6488307_0\"},{\"@type\":\"BreadcrumbList\",\"@id\":\"https:\\\/\\\/tupique.com\\\/pt\\\/product\\\/pantalons-de-neige-rip-curl-rocker-ski-cyan-homme\\\/#breadcrumb\",\"itemListElement\":[{\"@type\":\"ListItem\",\"position\":1,\"name\":\"commencer\",\"item\":\"https:\\\/\\\/tupique.com\\\/\"},{\"@type\":\"ListItem\",\"position\":2,\"name\":\"Loja\",\"item\":\"https:\\\/\\\/tupique.com\\\/pt\\\/loja\\\/\"},{\"@type\":\"ListItem\",\"position\":3,\"name\":\"Pantalons de neige Rip Curl Rocker Ski Cyan Homme\"}]},{\"@type\":\"WebSite\",\"@id\":\"https:\\\/\\\/tupique.com\\\/#website\",\"url\":\"https:\\\/\\\/tupique.com\\\/\",\"name\":\"Tupique\",\"description\":\"\",\"publisher\":{\"@id\":\"https:\\\/\\\/tupique.com\\\/#organization\"},\"potentialAction\":[{\"@type\":\"SearchAction\",\"target\":{\"@type\":\"EntryPoint\",\"urlTemplate\":\"https:\\\/\\\/tupique.com\\\/?s={search_term_string}\"},\"query-input\":{\"@type\":\"PropertyValueSpecification\",\"valueRequired\":true,\"valueName\":\"search_term_string\"}}],\"inLanguage\":\"pt-PT\"},{\"@type\":\"Organization\",\"@id\":\"https:\\\/\\\/tupique.com\\\/#organization\",\"name\":\"Tupique\",\"url\":\"https:\\\/\\\/tupique.com\\\/\",\"logo\":{\"@type\":\"ImageObject\",\"inLanguage\":\"pt-PT\",\"@id\":\"https:\\\/\\\/tupique.com\\\/#\\\/schema\\\/logo\\\/image\\\/\",\"url\":\"https:\\\/\\\/tupique.com\\\/wp-content\\\/uploads\\\/2026\\\/03\\\/logo-tupique-1.webp\",\"contentUrl\":\"https:\\\/\\\/tupique.com\\\/wp-content\\\/uploads\\\/2026\\\/03\\\/logo-tupique-1.webp\",\"width\":500,\"height\":67,\"caption\":\"Tupique\"},\"image\":{\"@id\":\"https:\\\/\\\/tupique.com\\\/#\\\/schema\\\/logo\\\/image\\\/\"}}]}<\/script>\n<!-- \/ Yoast SEO plugin. -->","yoast_head_json":{"title":"Pantalons de neige Rip Curl Rocker Ski Cyan Homme | | Tupique","description":"Envie d'acheter Pantalons de neige Rip Curl Rocker Ski Cyan Homme\u00a0? Achetez Pantalons de neige Rip Curl Rocker Ski Cyan Homme maintenant avec Tupique en 3 versements sans int\u00e9r\u00eat.","robots":{"index":"index","follow":"follow","max-snippet":"max-snippet:-1","max-image-preview":"max-image-preview:large","max-video-preview":"max-video-preview:-1"},"canonical":"https:\/\/tupique.com\/pt\/product\/pantalons-de-neige-rip-curl-rocker-ski-cyan-homme\/","og_locale":"pt_PT","og_type":"article","og_title":"Pantalons de neige Rip Curl Rocker Ski Cyan Homme | | Tupique","og_description":"Envie d'acheter Pantalons de neige Rip Curl Rocker Ski Cyan Homme\u00a0? Achetez Pantalons de neige Rip Curl Rocker Ski Cyan Homme maintenant avec Tupique en 3 versements sans int\u00e9r\u00eat.","og_url":"https:\/\/tupique.com\/pt\/product\/pantalons-de-neige-rip-curl-rocker-ski-cyan-homme\/","og_site_name":"Tupique","article_modified_time":"2026-05-11T19:23:57+00:00","og_image":[{"width":1200,"height":1200,"url":"https:\/\/tupique.com\/wp-content\/uploads\/2026\/05\/9358819112782_S6482132_P02.jpg","type":"image\/jpeg"}],"twitter_card":"summary_large_image","twitter_misc":{"Tempo estimado de leitura":"1 minuto"},"schema":{"@context":"https:\/\/schema.org","@graph":[{"@type":"WebPage","@id":"https:\/\/tupique.com\/pt\/product\/pantalons-de-neige-rip-curl-rocker-ski-cyan-homme\/","url":"https:\/\/tupique.com\/pt\/product\/pantalons-de-neige-rip-curl-rocker-ski-cyan-homme\/","name":"Pantalons de neige Rip Curl Rocker Ski Cyan Homme | | Tupique","isPartOf":{"@id":"https:\/\/tupique.com\/#website"},"primaryImageOfPage":{"@id":"https:\/\/tupique.com\/pt\/product\/pantalons-de-neige-rip-curl-rocker-ski-cyan-homme\/#primaryimage"},"image":{"@id":"https:\/\/tupique.com\/pt\/product\/pantalons-de-neige-rip-curl-rocker-ski-cyan-homme\/#primaryimage"},"thumbnailUrl":"https:\/\/tupique.com\/wp-content\/uploads\/2026\/05\/9358819112782_S6482132_P02.jpg","datePublished":"2026-05-11T15:48:34+00:00","dateModified":"2026-05-11T19:23:57+00:00","description":"Envie d'acheter Pantalons de neige Rip Curl Rocker Ski Cyan Homme\u00a0? Achetez Pantalons de neige Rip Curl Rocker Ski Cyan Homme maintenant avec Tupique en 3 versements sans int\u00e9r\u00eat.","breadcrumb":{"@id":"https:\/\/tupique.com\/pt\/product\/pantalons-de-neige-rip-curl-rocker-ski-cyan-homme\/#breadcrumb"},"inLanguage":"pt-PT","potentialAction":[{"@type":"ReadAction","target":["https:\/\/tupique.com\/pt\/product\/pantalons-de-neige-rip-curl-rocker-ski-cyan-homme\/"]}]},{"@type":"ImageObject","inLanguage":"pt-PT","@id":"https:\/\/tupique.com\/pt\/product\/pantalons-de-neige-rip-curl-rocker-ski-cyan-homme\/#primaryimage","url":"https:\/\/tupique.com\/wp-content\/uploads\/2026\/05\/9358819112782_S6482132_P02.jpg","contentUrl":"https:\/\/tupique.com\/wp-content\/uploads\/2026\/05\/9358819112782_S6482132_P02.jpg","width":1200,"height":1200,"caption":"S6488307_0"},{"@type":"BreadcrumbList","@id":"https:\/\/tupique.com\/pt\/product\/pantalons-de-neige-rip-curl-rocker-ski-cyan-homme\/#breadcrumb","itemListElement":[{"@type":"ListItem","position":1,"name":"commencer","item":"https:\/\/tupique.com\/"},{"@type":"ListItem","position":2,"name":"Loja","item":"https:\/\/tupique.com\/pt\/loja\/"},{"@type":"ListItem","position":3,"name":"Pantalons de neige Rip Curl Rocker Ski Cyan Homme"}]},{"@type":"WebSite","@id":"https:\/\/tupique.com\/#website","url":"https:\/\/tupique.com\/","name":"Tupique","description":"","publisher":{"@id":"https:\/\/tupique.com\/#organization"},"potentialAction":[{"@type":"SearchAction","target":{"@type":"EntryPoint","urlTemplate":"https:\/\/tupique.com\/?s={search_term_string}"},"query-input":{"@type":"PropertyValueSpecification","valueRequired":true,"valueName":"search_term_string"}}],"inLanguage":"pt-PT"},{"@type":"Organization","@id":"https:\/\/tupique.com\/#organization","name":"Tupique","url":"https:\/\/tupique.com\/","logo":{"@type":"ImageObject","inLanguage":"pt-PT","@id":"https:\/\/tupique.com\/#\/schema\/logo\/image\/","url":"https:\/\/tupique.com\/wp-content\/uploads\/2026\/03\/logo-tupique-1.webp","contentUrl":"https:\/\/tupique.com\/wp-content\/uploads\/2026\/03\/logo-tupique-1.webp","width":500,"height":67,"caption":"Tupique"},"image":{"@id":"https:\/\/tupique.com\/#\/schema\/logo\/image\/"}}]}},"_links":{"self":[{"href":"https:\/\/tupique.com\/pt\/wp-json\/wp\/v2\/product\/184177","targetHints":{"allow":["GET"]}}],"collection":[{"href":"https:\/\/tupique.com\/pt\/wp-json\/wp\/v2\/product"}],"about":[{"href":"https:\/\/tupique.com\/pt\/wp-json\/wp\/v2\/types\/product"}],"replies":[{"embeddable":true,"href":"https:\/\/tupique.com\/pt\/wp-json\/wp\/v2\/comments?post=184177"}],"wp:featuredmedia":[{"embeddable":true,"href":"https:\/\/tupique.com\/pt\/wp-json\/wp\/v2\/media\/184173"}],"wp:attachment":[{"href":"https:\/\/tupique.com\/pt\/wp-json\/wp\/v2\/media?parent=184177"}],"wp:term":[{"taxonomy":"product_brand","embeddable":true,"href":"https:\/\/tupique.com\/pt\/wp-json\/wp\/v2\/product_brand?post=184177"},{"taxonomy":"product_cat","embeddable":true,"href":"https:\/\/tupique.com\/pt\/wp-json\/wp\/v2\/product_cat?post=184177"},{"taxonomy":"product_tag","embeddable":true,"href":"https:\/\/tupique.com\/pt\/wp-json\/wp\/v2\/product_tag?post=184177"},{"taxonomy":"woo-feed-brand","embeddable":true,"href":"https:\/\/tupique.com\/pt\/wp-json\/wp\/v2\/woo-feed-brand?post=184177"}],"curies":[{"name":"wp","href":"https:\/\/api.w.org\/{rel}","templated":true}]}}