{"id":184286,"date":"2026-05-11T17:52:09","date_gmt":"2026-05-11T15:52:09","guid":{"rendered":"https:\/\/tupique.com\/product\/mixeur-plongeant-universal-blue-twisty-total-80-779\/"},"modified":"2026-05-11T21:14:09","modified_gmt":"2026-05-11T19:14:09","slug":"mixeur-plongeant-universal-blue-twisty-total-80-779","status":"publish","type":"product","link":"https:\/\/tupique.com\/pt\/product\/mixeur-plongeant-universal-blue-twisty-total-80-779\/","title":{"rendered":"Varinha m\u00e1gica Universal Blue TWISTY TOTAL 80 779"},"content":{"rendered":"<p>Si vous recherchez des \u00e9lectrom\u00e9nagers pour votre maison aux meilleurs prix, ne manquez pas <b>Varinha m\u00e1gica Universal Blue TWISTY TOTAL 80 779<\/b> et une large s\u00e9lection de petits \u00e9lectrom\u00e9nagers de qualit\u00e9 !<\/p>\n<p>Ler <b>mixeur plongeant TWISTY TOTAL 80 779<\/b> de <b>Universal Blue<\/b> se distingue comme un outil pratique et efficace en cuisine, con\u00e7u pour faciliter la pr\u00e9paration d\u2019une grande vari\u00e9t\u00e9 de recettes. Avec une <b>puissance de 800 W<\/b>, il offre une performance solide garantissant des m\u00e9langes homog\u00e8nes et un broyage rapide, s\u2019adaptant \u00e0 diff\u00e9rents types d\u2019ingr\u00e9dients et de textures. Sa conception int\u00e8gre des mat\u00e9riaux de qualit\u00e9, pr\u00e9sent\u00e9 dans un \u00e9l\u00e9gant <b>coloris blanc<\/b> avec des composants en <b>acier inoxydable<\/b>, ce qui assure durabilit\u00e9 et facilite le nettoyage apr\u00e8s usage. Son design de <b>mixeur plongeant<\/b> permet une prise en main confortable et polyvalente, id\u00e9al pour battre, m\u00e9langer ou broyer sans encombrer le plan de travail. De plus, son alimentation par <b>prise europ\u00e9enne<\/b> garantit la compatibilit\u00e9 avec les installations classiques, offrant une connexion s\u00fbre et stable. Ce mod\u00e8le allie fonctionnalit\u00e9, robustesse et simplicit\u00e9 d\u2019utilisation, en faisant une option pratique pour ceux qui recherchent un appareil fiable et performant pour un usage quotidien dans les foyers valorisant la qualit\u00e9 essentielle sans sacrifier la puissance. En r\u00e9sum\u00e9, le TWISTY TOTAL 80 779 repr\u00e9sente un \u00e9quilibre entre puissance et design simple, adapt\u00e9 aux besoins quotidiens en cuisine.<\/p>\n<ul>\n<li>Couleur: Blanc<\/li>\n<li>puissance: 800 W<\/li>\n<li>Produit \u00e0 brancher: Oui<\/li>\n<li>Type de prise: Prise EU<\/li>\n<li>Type: Mixeur plongeant<\/li>\n<li>Bloc d\u2019Alimentation: r\u00e9seau \u00e9lectrique<\/li>\n<li>Mati\u00e8re: Acier inoxydable<\/li>\n<\/ul>","protected":false},"excerpt":{"rendered":"<p>Si vous recherchez des \u00e9lectrom\u00e9nagers pour votre maison aux meilleurs prix, ne manquez pas Mixeur plongeant Universal Blue TWISTY TOTAL 80 779 et une large s\u00e9lection de petits \u00e9lectrom\u00e9nagers de qualit\u00e9 ! Le mixeur plongeant TWISTY TOTAL 80 779 de Universal Blue se distingue comme un outil pratique et efficace en cuisine, con\u00e7u pour faciliter [&hellip;]<\/p>\n","protected":false},"featured_media":184285,"comment_status":"open","ping_status":"closed","template":"","meta":[],"product_brand":[2493],"product_cat":[735,60,77],"product_tag":[55],"woo-feed-brand":[],"class_list":{"0":"post-184286","1":"product","2":"type-product","3":"status-publish","4":"has-post-thumbnail","6":"product_brand-brandp_5620","7":"product_cat-batteurs","8":"product_cat-cuisine-gourmet","9":"product_cat-petit-electromenager","10":"product_tag-tag_926","12":"first","13":"instock","14":"taxable","15":"shipping-taxable","16":"purchasable","17":"product-type-simple"},"yoast_head":"<!-- This site is optimized with the Yoast SEO plugin v27.6 - https:\/\/yoast.com\/product\/yoast-seo-wordpress\/ -->\n<title>Mixeur plongeant Universal Blue TWISTY TOTAL 80 779 | | Tupique<\/title>\n<meta name=\"description\" content=\"Envie d&#039;acheter Mixeur plongeant Universal Blue TWISTY TOTAL 80 779\u00a0? Achetez Mixeur plongeant Universal Blue TWISTY TOTAL 80 779 maintenant avec Tupique en 3 versements sans int\u00e9r\u00eat.\" \/>\n<meta name=\"robots\" content=\"index, follow, max-snippet:-1, max-image-preview:large, max-video-preview:-1\" \/>\n<link rel=\"canonical\" href=\"https:\/\/tupique.com\/pt\/product\/mixeur-plongeant-universal-blue-twisty-total-80-779\/\" \/>\n<meta property=\"og:locale\" content=\"pt_PT\" \/>\n<meta property=\"og:type\" content=\"article\" \/>\n<meta property=\"og:title\" content=\"Mixeur plongeant Universal Blue TWISTY TOTAL 80 779 | | Tupique\" \/>\n<meta property=\"og:description\" content=\"Envie d&#039;acheter Mixeur plongeant Universal Blue TWISTY TOTAL 80 779\u00a0? Achetez Mixeur plongeant Universal Blue TWISTY TOTAL 80 779 maintenant avec Tupique en 3 versements sans int\u00e9r\u00eat.\" \/>\n<meta property=\"og:url\" content=\"https:\/\/tupique.com\/pt\/product\/mixeur-plongeant-universal-blue-twisty-total-80-779\/\" \/>\n<meta property=\"og:site_name\" content=\"Tupique\" \/>\n<meta property=\"article:modified_time\" content=\"2026-05-11T19:14:09+00:00\" \/>\n<meta property=\"og:image\" content=\"https:\/\/tupique.com\/wp-content\/uploads\/2026\/05\/S0448065_84365890719261.jpg\" \/>\n\t<meta property=\"og:image:width\" content=\"1200\" \/>\n\t<meta property=\"og:image:height\" content=\"1200\" \/>\n\t<meta property=\"og:image:type\" content=\"image\/jpeg\" \/>\n<meta name=\"twitter:card\" content=\"summary_large_image\" \/>\n<meta name=\"twitter:label1\" content=\"Tempo estimado de leitura\" \/>\n\t<meta name=\"twitter:data1\" content=\"1 minuto\" \/>\n<script type=\"application\/ld+json\" class=\"yoast-schema-graph\">{\"@context\":\"https:\\\/\\\/schema.org\",\"@graph\":[{\"@type\":\"WebPage\",\"@id\":\"https:\\\/\\\/tupique.com\\\/pt\\\/product\\\/mixeur-plongeant-universal-blue-twisty-total-80-779\\\/\",\"url\":\"https:\\\/\\\/tupique.com\\\/pt\\\/product\\\/mixeur-plongeant-universal-blue-twisty-total-80-779\\\/\",\"name\":\"Mixeur plongeant Universal Blue TWISTY TOTAL 80 779 | | Tupique\",\"isPartOf\":{\"@id\":\"https:\\\/\\\/tupique.com\\\/#website\"},\"primaryImageOfPage\":{\"@id\":\"https:\\\/\\\/tupique.com\\\/pt\\\/product\\\/mixeur-plongeant-universal-blue-twisty-total-80-779\\\/#primaryimage\"},\"image\":{\"@id\":\"https:\\\/\\\/tupique.com\\\/pt\\\/product\\\/mixeur-plongeant-universal-blue-twisty-total-80-779\\\/#primaryimage\"},\"thumbnailUrl\":\"https:\\\/\\\/tupique.com\\\/wp-content\\\/uploads\\\/2026\\\/05\\\/S0448065_84365890719261.jpg\",\"datePublished\":\"2026-05-11T15:52:09+00:00\",\"dateModified\":\"2026-05-11T19:14:09+00:00\",\"description\":\"Envie d'acheter Mixeur plongeant Universal Blue TWISTY TOTAL 80 779\u00a0? Achetez Mixeur plongeant Universal Blue TWISTY TOTAL 80 779 maintenant avec Tupique en 3 versements sans int\u00e9r\u00eat.\",\"breadcrumb\":{\"@id\":\"https:\\\/\\\/tupique.com\\\/pt\\\/product\\\/mixeur-plongeant-universal-blue-twisty-total-80-779\\\/#breadcrumb\"},\"inLanguage\":\"pt-PT\",\"potentialAction\":[{\"@type\":\"ReadAction\",\"target\":[\"https:\\\/\\\/tupique.com\\\/pt\\\/product\\\/mixeur-plongeant-universal-blue-twisty-total-80-779\\\/\"]}]},{\"@type\":\"ImageObject\",\"inLanguage\":\"pt-PT\",\"@id\":\"https:\\\/\\\/tupique.com\\\/pt\\\/product\\\/mixeur-plongeant-universal-blue-twisty-total-80-779\\\/#primaryimage\",\"url\":\"https:\\\/\\\/tupique.com\\\/wp-content\\\/uploads\\\/2026\\\/05\\\/S0448065_84365890719261.jpg\",\"contentUrl\":\"https:\\\/\\\/tupique.com\\\/wp-content\\\/uploads\\\/2026\\\/05\\\/S0448065_84365890719261.jpg\",\"width\":1200,\"height\":1200,\"caption\":\"S0448065_0\"},{\"@type\":\"BreadcrumbList\",\"@id\":\"https:\\\/\\\/tupique.com\\\/pt\\\/product\\\/mixeur-plongeant-universal-blue-twisty-total-80-779\\\/#breadcrumb\",\"itemListElement\":[{\"@type\":\"ListItem\",\"position\":1,\"name\":\"commencer\",\"item\":\"https:\\\/\\\/tupique.com\\\/\"},{\"@type\":\"ListItem\",\"position\":2,\"name\":\"Loja\",\"item\":\"https:\\\/\\\/tupique.com\\\/pt\\\/loja\\\/\"},{\"@type\":\"ListItem\",\"position\":3,\"name\":\"Mixeur plongeant Universal Blue TWISTY TOTAL 80 779\"}]},{\"@type\":\"WebSite\",\"@id\":\"https:\\\/\\\/tupique.com\\\/#website\",\"url\":\"https:\\\/\\\/tupique.com\\\/\",\"name\":\"Tupique\",\"description\":\"\",\"publisher\":{\"@id\":\"https:\\\/\\\/tupique.com\\\/#organization\"},\"potentialAction\":[{\"@type\":\"SearchAction\",\"target\":{\"@type\":\"EntryPoint\",\"urlTemplate\":\"https:\\\/\\\/tupique.com\\\/?s={search_term_string}\"},\"query-input\":{\"@type\":\"PropertyValueSpecification\",\"valueRequired\":true,\"valueName\":\"search_term_string\"}}],\"inLanguage\":\"pt-PT\"},{\"@type\":\"Organization\",\"@id\":\"https:\\\/\\\/tupique.com\\\/#organization\",\"name\":\"Tupique\",\"url\":\"https:\\\/\\\/tupique.com\\\/\",\"logo\":{\"@type\":\"ImageObject\",\"inLanguage\":\"pt-PT\",\"@id\":\"https:\\\/\\\/tupique.com\\\/#\\\/schema\\\/logo\\\/image\\\/\",\"url\":\"https:\\\/\\\/tupique.com\\\/wp-content\\\/uploads\\\/2026\\\/03\\\/logo-tupique-1.webp\",\"contentUrl\":\"https:\\\/\\\/tupique.com\\\/wp-content\\\/uploads\\\/2026\\\/03\\\/logo-tupique-1.webp\",\"width\":500,\"height\":67,\"caption\":\"Tupique\"},\"image\":{\"@id\":\"https:\\\/\\\/tupique.com\\\/#\\\/schema\\\/logo\\\/image\\\/\"}}]}<\/script>\n<!-- \/ Yoast SEO plugin. -->","yoast_head_json":{"title":"Mixeur plongeant Universal Blue TWISTY TOTAL 80 779 | | Tupique","description":"Envie d'acheter Mixeur plongeant Universal Blue TWISTY TOTAL 80 779\u00a0? Achetez Mixeur plongeant Universal Blue TWISTY TOTAL 80 779 maintenant avec Tupique en 3 versements sans int\u00e9r\u00eat.","robots":{"index":"index","follow":"follow","max-snippet":"max-snippet:-1","max-image-preview":"max-image-preview:large","max-video-preview":"max-video-preview:-1"},"canonical":"https:\/\/tupique.com\/pt\/product\/mixeur-plongeant-universal-blue-twisty-total-80-779\/","og_locale":"pt_PT","og_type":"article","og_title":"Mixeur plongeant Universal Blue TWISTY TOTAL 80 779 | | Tupique","og_description":"Envie d'acheter Mixeur plongeant Universal Blue TWISTY TOTAL 80 779\u00a0? Achetez Mixeur plongeant Universal Blue TWISTY TOTAL 80 779 maintenant avec Tupique en 3 versements sans int\u00e9r\u00eat.","og_url":"https:\/\/tupique.com\/pt\/product\/mixeur-plongeant-universal-blue-twisty-total-80-779\/","og_site_name":"Tupique","article_modified_time":"2026-05-11T19:14:09+00:00","og_image":[{"width":1200,"height":1200,"url":"https:\/\/tupique.com\/wp-content\/uploads\/2026\/05\/S0448065_84365890719261.jpg","type":"image\/jpeg"}],"twitter_card":"summary_large_image","twitter_misc":{"Tempo estimado de leitura":"1 minuto"},"schema":{"@context":"https:\/\/schema.org","@graph":[{"@type":"WebPage","@id":"https:\/\/tupique.com\/pt\/product\/mixeur-plongeant-universal-blue-twisty-total-80-779\/","url":"https:\/\/tupique.com\/pt\/product\/mixeur-plongeant-universal-blue-twisty-total-80-779\/","name":"Mixeur plongeant Universal Blue TWISTY TOTAL 80 779 | | Tupique","isPartOf":{"@id":"https:\/\/tupique.com\/#website"},"primaryImageOfPage":{"@id":"https:\/\/tupique.com\/pt\/product\/mixeur-plongeant-universal-blue-twisty-total-80-779\/#primaryimage"},"image":{"@id":"https:\/\/tupique.com\/pt\/product\/mixeur-plongeant-universal-blue-twisty-total-80-779\/#primaryimage"},"thumbnailUrl":"https:\/\/tupique.com\/wp-content\/uploads\/2026\/05\/S0448065_84365890719261.jpg","datePublished":"2026-05-11T15:52:09+00:00","dateModified":"2026-05-11T19:14:09+00:00","description":"Envie d'acheter Mixeur plongeant Universal Blue TWISTY TOTAL 80 779\u00a0? Achetez Mixeur plongeant Universal Blue TWISTY TOTAL 80 779 maintenant avec Tupique en 3 versements sans int\u00e9r\u00eat.","breadcrumb":{"@id":"https:\/\/tupique.com\/pt\/product\/mixeur-plongeant-universal-blue-twisty-total-80-779\/#breadcrumb"},"inLanguage":"pt-PT","potentialAction":[{"@type":"ReadAction","target":["https:\/\/tupique.com\/pt\/product\/mixeur-plongeant-universal-blue-twisty-total-80-779\/"]}]},{"@type":"ImageObject","inLanguage":"pt-PT","@id":"https:\/\/tupique.com\/pt\/product\/mixeur-plongeant-universal-blue-twisty-total-80-779\/#primaryimage","url":"https:\/\/tupique.com\/wp-content\/uploads\/2026\/05\/S0448065_84365890719261.jpg","contentUrl":"https:\/\/tupique.com\/wp-content\/uploads\/2026\/05\/S0448065_84365890719261.jpg","width":1200,"height":1200,"caption":"S0448065_0"},{"@type":"BreadcrumbList","@id":"https:\/\/tupique.com\/pt\/product\/mixeur-plongeant-universal-blue-twisty-total-80-779\/#breadcrumb","itemListElement":[{"@type":"ListItem","position":1,"name":"commencer","item":"https:\/\/tupique.com\/"},{"@type":"ListItem","position":2,"name":"Loja","item":"https:\/\/tupique.com\/pt\/loja\/"},{"@type":"ListItem","position":3,"name":"Mixeur plongeant Universal Blue TWISTY TOTAL 80 779"}]},{"@type":"WebSite","@id":"https:\/\/tupique.com\/#website","url":"https:\/\/tupique.com\/","name":"Tupique","description":"","publisher":{"@id":"https:\/\/tupique.com\/#organization"},"potentialAction":[{"@type":"SearchAction","target":{"@type":"EntryPoint","urlTemplate":"https:\/\/tupique.com\/?s={search_term_string}"},"query-input":{"@type":"PropertyValueSpecification","valueRequired":true,"valueName":"search_term_string"}}],"inLanguage":"pt-PT"},{"@type":"Organization","@id":"https:\/\/tupique.com\/#organization","name":"Tupique","url":"https:\/\/tupique.com\/","logo":{"@type":"ImageObject","inLanguage":"pt-PT","@id":"https:\/\/tupique.com\/#\/schema\/logo\/image\/","url":"https:\/\/tupique.com\/wp-content\/uploads\/2026\/03\/logo-tupique-1.webp","contentUrl":"https:\/\/tupique.com\/wp-content\/uploads\/2026\/03\/logo-tupique-1.webp","width":500,"height":67,"caption":"Tupique"},"image":{"@id":"https:\/\/tupique.com\/#\/schema\/logo\/image\/"}}]}},"_links":{"self":[{"href":"https:\/\/tupique.com\/pt\/wp-json\/wp\/v2\/product\/184286","targetHints":{"allow":["GET"]}}],"collection":[{"href":"https:\/\/tupique.com\/pt\/wp-json\/wp\/v2\/product"}],"about":[{"href":"https:\/\/tupique.com\/pt\/wp-json\/wp\/v2\/types\/product"}],"replies":[{"embeddable":true,"href":"https:\/\/tupique.com\/pt\/wp-json\/wp\/v2\/comments?post=184286"}],"wp:featuredmedia":[{"embeddable":true,"href":"https:\/\/tupique.com\/pt\/wp-json\/wp\/v2\/media\/184285"}],"wp:attachment":[{"href":"https:\/\/tupique.com\/pt\/wp-json\/wp\/v2\/media?parent=184286"}],"wp:term":[{"taxonomy":"product_brand","embeddable":true,"href":"https:\/\/tupique.com\/pt\/wp-json\/wp\/v2\/product_brand?post=184286"},{"taxonomy":"product_cat","embeddable":true,"href":"https:\/\/tupique.com\/pt\/wp-json\/wp\/v2\/product_cat?post=184286"},{"taxonomy":"product_tag","embeddable":true,"href":"https:\/\/tupique.com\/pt\/wp-json\/wp\/v2\/product_tag?post=184286"},{"taxonomy":"woo-feed-brand","embeddable":true,"href":"https:\/\/tupique.com\/pt\/wp-json\/wp\/v2\/woo-feed-brand?post=184286"}],"curies":[{"name":"wp","href":"https:\/\/api.w.org\/{rel}","templated":true}]}}