{"id":184297,"date":"2026-05-11T17:52:22","date_gmt":"2026-05-11T15:52:22","guid":{"rendered":"https:\/\/tupique.com\/product\/base-de-maquillage-liquide-bourjois-healthy-mix-no-001-30-ml-hydratant\/"},"modified":"2026-05-11T21:15:41","modified_gmt":"2026-05-11T19:15:41","slug":"base-de-maquillage-liquide-bourjois-healthy-mix-no-001-30-ml-hydratant","status":"publish","type":"product","link":"https:\/\/tupique.com\/pt\/product\/base-de-maquillage-liquide-bourjois-healthy-mix-no-001-30-ml-hydratant\/","title":{"rendered":"Base de maquillage liquide Bourjois Healthy Mix N\u00ba 001 30 ml Hydratant"},"content":{"rendered":"<p>Vous cherchez un moyen de booster votre sex-appeal ?<b>&nbsp;Base de maquillage liquide Bourjois Healthy Mix N\u00ba 001 Hydratant (30 ml)<\/b>&nbsp;est ce qu&#8217;il vous faut ! Essayez d&egrave;s maintenant nos&nbsp;<b>produits Bourjois<\/b>&nbsp;<b>100 % authentiques<\/b>&nbsp;et confiez votre beaut&eacute; aux mains des plus grands professionnels du secteur !<\/p>\n<p>A <b>Base de Maquillage Fluide Healthy Mix<\/b> de Bourjois est un produit con\u00e7u pour offrir un fini naturel et sain au visage, adapt\u00e9 \u00e0 tous types de peaux, y compris les plus sensibles. Cette base se pr\u00e9sente en format de <b>30 ml<\/b> avec une texture <b>cr\u00e9meuse<\/b>, facilitant une application uniforme et confortable, offrant une couvrance fra\u00eeche qui unifie le teint sans effet lourd. Disponible en teinte <b>n\u00ba 001<\/b>, elle convient id\u00e9alement aux peaux claires, avec un effet hydratant qui aide \u00e0 garder la peau souple et lumineuse toute la journ\u00e9e. De plus, c\u2019est un produit \u00e0 formulation <b>v\u00e9gane<\/b> contenant des <b>ingr\u00e9dients naturels<\/b>, t\u00e9moignant d\u2019un engagement envers la qualit\u00e9 et la durabilit\u00e9. Concernant son origine, cette base est fabriqu\u00e9e en <b>Espagne et France<\/b>, garantissant des contr\u00f4les qualit\u00e9 conformes aux normes europ\u00e9ennes. Bien qu\u2019elle ne contienne pas d\u2019information sur la protection solaire, son pouvoir hydratant en fait une excellente premi\u00e8re \u00e9tape pour pr\u00e9parer la peau avant le maquillage, aidant \u00e0 conserver un aspect frais et sain. Adapt\u00e9e aux <b>femmes<\/b> recherchant un maquillage l\u00e9ger avec des propri\u00e9t\u00e9s nourrissantes, elle est un alli\u00e9 parfait dans les routines beaut\u00e9 qui privil\u00e9gient \u00e0 la fois l\u2019esth\u00e9tique et le soin de la peau. En r\u00e9sum\u00e9, la <b>Healthy Mix de Bourjois<\/b> se positionne comme une base fluide polyvalente et naturelle, id\u00e9ale pour celles qui veulent un fini uniforme avec une sensation confortable et des bienfaits suppl\u00e9mentaires pour la peau.<\/p>\n<ul>\n<li>Type: Maquillage<\/li>\n<li>Propri\u00e9t\u00e9s: Hydratant<\/li>\n<li>Couleur: N\u00ba 001<\/li>\n<li>Caracter\u00edsticas:\n<ul>\n<li>V\u00e9gane<\/li>\n<li>Ingr\u00e9dients naturels<\/li>\n<\/ul>\n<\/li>\n<li>G\u00e9nero: Femme<\/li>\n<li>Texture: Cr\u00e8me<\/li>\n<li>Utiliza\u00e7\u00e3o recomendada:\n<ul>\n<li>Pele sens\u00edvel<\/li>\n<li>Todos os tipos de pele<\/li>\n<\/ul>\n<\/li>\n<li>Ingredientes:\n<ul>\n<li>Vitamine C<\/li>\n<li>Potassium sorbate<\/li>\n<li>Propylene carbonate<\/li>\n<li>Propylene glycol<\/li>\n<li>Pyrus malus (apple) fruit extract<\/li>\n<li>S\u00edlica<\/li>\n<li>Sodium benzoate<\/li>\n<li>Sodium chloride<\/li>\n<li>\u00c1cido s\u00f3rbico<\/li>\n<li>Di\u00f3xido de tit\u00e2nio<\/li>\n<li>Tocoferol<\/li>\n<li>Triethoxycaprylylsilane<\/li>\n<li>Trimethylsiloxysilicate<\/li>\n<li>\u00c1gua (Aqua)<\/li>\n<li>Cetyl peg\/ppg-10\/1 dimethicone<\/li>\n<li>Chlorphenesin<\/li>\n<li>Corn starch modified<\/li>\n<li>Cucumis melo (melon) fruit extract<\/li>\n<li>Dicaprylyl carbonate<\/li>\n<li>Dicaprylyl ether<\/li>\n<li>Fragr\u00e2ncia (perfume)<\/li>\n<li>Isododecane<\/li>\n<li>Methicone<\/li>\n<li>Mica<\/li>\n<li>Panthenol<\/li>\n<li>Pantolactone<\/li>\n<li>Glicerina<\/li>\n<li>Palmitato de ascorbilo<\/li>\n<li>Benzoic acid<\/li>\n<li>Stearalkonium Bentonite<\/li>\n<li>Prunus armeniaca (apricot) fruit extract<\/li>\n<\/ul>\n<\/li>\n<li>Capacit\u00e9: 30 ml<\/li>\n<\/ul>","protected":false},"excerpt":{"rendered":"<p><span class=\"unit-info\">73.3000 &euro; \/ 100 ml<\/span><\/p>","protected":false},"featured_media":184296,"comment_status":"open","ping_status":"closed","template":"","meta":[],"product_brand":[1896],"product_cat":[1378,1844,769],"product_tag":[722],"woo-feed-brand":[],"class_list":{"0":"post-184297","1":"product","2":"type-product","3":"status-publish","4":"has-post-thumbnail","6":"product_brand-brandp_1301","7":"product_cat-cosmetiques","8":"product_cat-maquillages-et-correcteurs","9":"product_cat-parfum-cosmetique","10":"product_tag-tag_923","12":"first","13":"instock","14":"taxable","15":"shipping-taxable","16":"purchasable","17":"product-type-simple"},"yoast_head":"<!-- This site is optimized with the Yoast SEO plugin v27.6 - https:\/\/yoast.com\/product\/yoast-seo-wordpress\/ -->\n<title>Base de maquillage liquide Bourjois Healthy Mix N\u00ba 001 30 ml Hydratant | | Tupique<\/title>\n<meta name=\"description\" content=\"Envie d&#039;acheter Base de maquillage liquide Bourjois Healthy Mix N\u00ba 001 30 ml Hydratant\u00a0? Achetez Base de maquillage liquide Bourjois Healthy Mix N\u00ba 001 30 ml Hydratant maintenant avec Tupique en 3 versements sans int\u00e9r\u00eat.\" \/>\n<meta name=\"robots\" content=\"index, follow, max-snippet:-1, max-image-preview:large, max-video-preview:-1\" \/>\n<link rel=\"canonical\" href=\"https:\/\/tupique.com\/pt\/product\/base-de-maquillage-liquide-bourjois-healthy-mix-no-001-30-ml-hydratant\/\" \/>\n<meta property=\"og:locale\" content=\"pt_PT\" \/>\n<meta property=\"og:type\" content=\"article\" \/>\n<meta property=\"og:title\" content=\"Base de maquillage liquide Bourjois Healthy Mix N\u00ba 001 30 ml Hydratant | | Tupique\" \/>\n<meta property=\"og:description\" content=\"Envie d&#039;acheter Base de maquillage liquide Bourjois Healthy Mix N\u00ba 001 30 ml Hydratant\u00a0? Achetez Base de maquillage liquide Bourjois Healthy Mix N\u00ba 001 30 ml Hydratant maintenant avec Tupique en 3 versements sans int\u00e9r\u00eat.\" \/>\n<meta property=\"og:url\" content=\"https:\/\/tupique.com\/pt\/product\/base-de-maquillage-liquide-bourjois-healthy-mix-no-001-30-ml-hydratant\/\" \/>\n<meta property=\"og:site_name\" content=\"Tupique\" \/>\n<meta property=\"article:modified_time\" content=\"2026-05-11T19:15:41+00:00\" \/>\n<meta property=\"og:image\" content=\"https:\/\/tupique.com\/wp-content\/uploads\/2026\/05\/3616303915551_S05109666_P01.jpg\" \/>\n\t<meta property=\"og:image:width\" content=\"1200\" \/>\n\t<meta property=\"og:image:height\" content=\"1200\" \/>\n\t<meta property=\"og:image:type\" content=\"image\/jpeg\" \/>\n<meta name=\"twitter:card\" content=\"summary_large_image\" \/>\n<meta name=\"twitter:label1\" content=\"Tempo estimado de leitura\" \/>\n\t<meta name=\"twitter:data1\" content=\"2 minutos\" \/>\n<script type=\"application\/ld+json\" class=\"yoast-schema-graph\">{\"@context\":\"https:\\\/\\\/schema.org\",\"@graph\":[{\"@type\":\"WebPage\",\"@id\":\"https:\\\/\\\/tupique.com\\\/en\\\/product\\\/base-de-maquillage-liquide-bourjois-healthy-mix-no-001-30-ml-hydratant\\\/\",\"url\":\"https:\\\/\\\/tupique.com\\\/en\\\/product\\\/base-de-maquillage-liquide-bourjois-healthy-mix-no-001-30-ml-hydratant\\\/\",\"name\":\"Base de maquillage liquide Bourjois Healthy Mix N\u00ba 001 30 ml Hydratant | | Tupique\",\"isPartOf\":{\"@id\":\"https:\\\/\\\/tupique.com\\\/#website\"},\"primaryImageOfPage\":{\"@id\":\"https:\\\/\\\/tupique.com\\\/en\\\/product\\\/base-de-maquillage-liquide-bourjois-healthy-mix-no-001-30-ml-hydratant\\\/#primaryimage\"},\"image\":{\"@id\":\"https:\\\/\\\/tupique.com\\\/en\\\/product\\\/base-de-maquillage-liquide-bourjois-healthy-mix-no-001-30-ml-hydratant\\\/#primaryimage\"},\"thumbnailUrl\":\"https:\\\/\\\/tupique.com\\\/wp-content\\\/uploads\\\/2026\\\/05\\\/3616303915551_S05109666_P01.jpg\",\"datePublished\":\"2026-05-11T15:52:22+00:00\",\"dateModified\":\"2026-05-11T19:15:41+00:00\",\"description\":\"Envie d'acheter Base de maquillage liquide Bourjois Healthy Mix N\u00ba 001 30 ml Hydratant\u00a0? Achetez Base de maquillage liquide Bourjois Healthy Mix N\u00ba 001 30 ml Hydratant maintenant avec Tupique en 3 versements sans int\u00e9r\u00eat.\",\"breadcrumb\":{\"@id\":\"https:\\\/\\\/tupique.com\\\/en\\\/product\\\/base-de-maquillage-liquide-bourjois-healthy-mix-no-001-30-ml-hydratant\\\/#breadcrumb\"},\"inLanguage\":\"pt-PT\",\"potentialAction\":[{\"@type\":\"ReadAction\",\"target\":[\"https:\\\/\\\/tupique.com\\\/en\\\/product\\\/base-de-maquillage-liquide-bourjois-healthy-mix-no-001-30-ml-hydratant\\\/\"]}]},{\"@type\":\"ImageObject\",\"inLanguage\":\"pt-PT\",\"@id\":\"https:\\\/\\\/tupique.com\\\/en\\\/product\\\/base-de-maquillage-liquide-bourjois-healthy-mix-no-001-30-ml-hydratant\\\/#primaryimage\",\"url\":\"https:\\\/\\\/tupique.com\\\/wp-content\\\/uploads\\\/2026\\\/05\\\/3616303915551_S05109666_P01.jpg\",\"contentUrl\":\"https:\\\/\\\/tupique.com\\\/wp-content\\\/uploads\\\/2026\\\/05\\\/3616303915551_S05109666_P01.jpg\",\"width\":1200,\"height\":1200,\"caption\":\"S05109666_0\"},{\"@type\":\"BreadcrumbList\",\"@id\":\"https:\\\/\\\/tupique.com\\\/en\\\/product\\\/base-de-maquillage-liquide-bourjois-healthy-mix-no-001-30-ml-hydratant\\\/#breadcrumb\",\"itemListElement\":[{\"@type\":\"ListItem\",\"position\":1,\"name\":\"commencer\",\"item\":\"https:\\\/\\\/tupique.com\\\/\"},{\"@type\":\"ListItem\",\"position\":2,\"name\":\"Loja\",\"item\":\"https:\\\/\\\/tupique.com\\\/pt\\\/loja\\\/\"},{\"@type\":\"ListItem\",\"position\":3,\"name\":\"Base de maquillage liquide Bourjois Healthy Mix N\u00ba 001 30 ml Hydratant\"}]},{\"@type\":\"WebSite\",\"@id\":\"https:\\\/\\\/tupique.com\\\/#website\",\"url\":\"https:\\\/\\\/tupique.com\\\/\",\"name\":\"Tupique\",\"description\":\"\",\"publisher\":{\"@id\":\"https:\\\/\\\/tupique.com\\\/#organization\"},\"potentialAction\":[{\"@type\":\"SearchAction\",\"target\":{\"@type\":\"EntryPoint\",\"urlTemplate\":\"https:\\\/\\\/tupique.com\\\/?s={search_term_string}\"},\"query-input\":{\"@type\":\"PropertyValueSpecification\",\"valueRequired\":true,\"valueName\":\"search_term_string\"}}],\"inLanguage\":\"pt-PT\"},{\"@type\":\"Organization\",\"@id\":\"https:\\\/\\\/tupique.com\\\/#organization\",\"name\":\"Tupique\",\"url\":\"https:\\\/\\\/tupique.com\\\/\",\"logo\":{\"@type\":\"ImageObject\",\"inLanguage\":\"pt-PT\",\"@id\":\"https:\\\/\\\/tupique.com\\\/#\\\/schema\\\/logo\\\/image\\\/\",\"url\":\"https:\\\/\\\/tupique.com\\\/wp-content\\\/uploads\\\/2026\\\/03\\\/logo-tupique-1.webp\",\"contentUrl\":\"https:\\\/\\\/tupique.com\\\/wp-content\\\/uploads\\\/2026\\\/03\\\/logo-tupique-1.webp\",\"width\":500,\"height\":67,\"caption\":\"Tupique\"},\"image\":{\"@id\":\"https:\\\/\\\/tupique.com\\\/#\\\/schema\\\/logo\\\/image\\\/\"}}]}<\/script>\n<!-- \/ Yoast SEO plugin. -->","yoast_head_json":{"title":"Base de maquillage liquide Bourjois Healthy Mix N\u00ba 001 30 ml Hydratant | | Tupique","description":"Envie d'acheter Base de maquillage liquide Bourjois Healthy Mix N\u00ba 001 30 ml Hydratant\u00a0? Achetez Base de maquillage liquide Bourjois Healthy Mix N\u00ba 001 30 ml Hydratant maintenant avec Tupique en 3 versements sans int\u00e9r\u00eat.","robots":{"index":"index","follow":"follow","max-snippet":"max-snippet:-1","max-image-preview":"max-image-preview:large","max-video-preview":"max-video-preview:-1"},"canonical":"https:\/\/tupique.com\/pt\/product\/base-de-maquillage-liquide-bourjois-healthy-mix-no-001-30-ml-hydratant\/","og_locale":"pt_PT","og_type":"article","og_title":"Base de maquillage liquide Bourjois Healthy Mix N\u00ba 001 30 ml Hydratant | | Tupique","og_description":"Envie d'acheter Base de maquillage liquide Bourjois Healthy Mix N\u00ba 001 30 ml Hydratant\u00a0? Achetez Base de maquillage liquide Bourjois Healthy Mix N\u00ba 001 30 ml Hydratant maintenant avec Tupique en 3 versements sans int\u00e9r\u00eat.","og_url":"https:\/\/tupique.com\/pt\/product\/base-de-maquillage-liquide-bourjois-healthy-mix-no-001-30-ml-hydratant\/","og_site_name":"Tupique","article_modified_time":"2026-05-11T19:15:41+00:00","og_image":[{"width":1200,"height":1200,"url":"https:\/\/tupique.com\/wp-content\/uploads\/2026\/05\/3616303915551_S05109666_P01.jpg","type":"image\/jpeg"}],"twitter_card":"summary_large_image","twitter_misc":{"Tempo estimado de leitura":"2 minutos"},"schema":{"@context":"https:\/\/schema.org","@graph":[{"@type":"WebPage","@id":"https:\/\/tupique.com\/en\/product\/base-de-maquillage-liquide-bourjois-healthy-mix-no-001-30-ml-hydratant\/","url":"https:\/\/tupique.com\/en\/product\/base-de-maquillage-liquide-bourjois-healthy-mix-no-001-30-ml-hydratant\/","name":"Base de maquillage liquide Bourjois Healthy Mix N\u00ba 001 30 ml Hydratant | | Tupique","isPartOf":{"@id":"https:\/\/tupique.com\/#website"},"primaryImageOfPage":{"@id":"https:\/\/tupique.com\/en\/product\/base-de-maquillage-liquide-bourjois-healthy-mix-no-001-30-ml-hydratant\/#primaryimage"},"image":{"@id":"https:\/\/tupique.com\/en\/product\/base-de-maquillage-liquide-bourjois-healthy-mix-no-001-30-ml-hydratant\/#primaryimage"},"thumbnailUrl":"https:\/\/tupique.com\/wp-content\/uploads\/2026\/05\/3616303915551_S05109666_P01.jpg","datePublished":"2026-05-11T15:52:22+00:00","dateModified":"2026-05-11T19:15:41+00:00","description":"Envie d'acheter Base de maquillage liquide Bourjois Healthy Mix N\u00ba 001 30 ml Hydratant\u00a0? Achetez Base de maquillage liquide Bourjois Healthy Mix N\u00ba 001 30 ml Hydratant maintenant avec Tupique en 3 versements sans int\u00e9r\u00eat.","breadcrumb":{"@id":"https:\/\/tupique.com\/en\/product\/base-de-maquillage-liquide-bourjois-healthy-mix-no-001-30-ml-hydratant\/#breadcrumb"},"inLanguage":"pt-PT","potentialAction":[{"@type":"ReadAction","target":["https:\/\/tupique.com\/en\/product\/base-de-maquillage-liquide-bourjois-healthy-mix-no-001-30-ml-hydratant\/"]}]},{"@type":"ImageObject","inLanguage":"pt-PT","@id":"https:\/\/tupique.com\/en\/product\/base-de-maquillage-liquide-bourjois-healthy-mix-no-001-30-ml-hydratant\/#primaryimage","url":"https:\/\/tupique.com\/wp-content\/uploads\/2026\/05\/3616303915551_S05109666_P01.jpg","contentUrl":"https:\/\/tupique.com\/wp-content\/uploads\/2026\/05\/3616303915551_S05109666_P01.jpg","width":1200,"height":1200,"caption":"S05109666_0"},{"@type":"BreadcrumbList","@id":"https:\/\/tupique.com\/en\/product\/base-de-maquillage-liquide-bourjois-healthy-mix-no-001-30-ml-hydratant\/#breadcrumb","itemListElement":[{"@type":"ListItem","position":1,"name":"commencer","item":"https:\/\/tupique.com\/"},{"@type":"ListItem","position":2,"name":"Loja","item":"https:\/\/tupique.com\/pt\/loja\/"},{"@type":"ListItem","position":3,"name":"Base de maquillage liquide Bourjois Healthy Mix N\u00ba 001 30 ml Hydratant"}]},{"@type":"WebSite","@id":"https:\/\/tupique.com\/#website","url":"https:\/\/tupique.com\/","name":"Tupique","description":"","publisher":{"@id":"https:\/\/tupique.com\/#organization"},"potentialAction":[{"@type":"SearchAction","target":{"@type":"EntryPoint","urlTemplate":"https:\/\/tupique.com\/?s={search_term_string}"},"query-input":{"@type":"PropertyValueSpecification","valueRequired":true,"valueName":"search_term_string"}}],"inLanguage":"pt-PT"},{"@type":"Organization","@id":"https:\/\/tupique.com\/#organization","name":"Tupique","url":"https:\/\/tupique.com\/","logo":{"@type":"ImageObject","inLanguage":"pt-PT","@id":"https:\/\/tupique.com\/#\/schema\/logo\/image\/","url":"https:\/\/tupique.com\/wp-content\/uploads\/2026\/03\/logo-tupique-1.webp","contentUrl":"https:\/\/tupique.com\/wp-content\/uploads\/2026\/03\/logo-tupique-1.webp","width":500,"height":67,"caption":"Tupique"},"image":{"@id":"https:\/\/tupique.com\/#\/schema\/logo\/image\/"}}]}},"_links":{"self":[{"href":"https:\/\/tupique.com\/pt\/wp-json\/wp\/v2\/product\/184297","targetHints":{"allow":["GET"]}}],"collection":[{"href":"https:\/\/tupique.com\/pt\/wp-json\/wp\/v2\/product"}],"about":[{"href":"https:\/\/tupique.com\/pt\/wp-json\/wp\/v2\/types\/product"}],"replies":[{"embeddable":true,"href":"https:\/\/tupique.com\/pt\/wp-json\/wp\/v2\/comments?post=184297"}],"wp:featuredmedia":[{"embeddable":true,"href":"https:\/\/tupique.com\/pt\/wp-json\/wp\/v2\/media\/184296"}],"wp:attachment":[{"href":"https:\/\/tupique.com\/pt\/wp-json\/wp\/v2\/media?parent=184297"}],"wp:term":[{"taxonomy":"product_brand","embeddable":true,"href":"https:\/\/tupique.com\/pt\/wp-json\/wp\/v2\/product_brand?post=184297"},{"taxonomy":"product_cat","embeddable":true,"href":"https:\/\/tupique.com\/pt\/wp-json\/wp\/v2\/product_cat?post=184297"},{"taxonomy":"product_tag","embeddable":true,"href":"https:\/\/tupique.com\/pt\/wp-json\/wp\/v2\/product_tag?post=184297"},{"taxonomy":"woo-feed-brand","embeddable":true,"href":"https:\/\/tupique.com\/pt\/wp-json\/wp\/v2\/woo-feed-brand?post=184297"}],"curies":[{"name":"wp","href":"https:\/\/api.w.org\/{rel}","templated":true}]}}