{"id":184336,"date":"2026-05-11T17:53:09","date_gmt":"2026-05-11T15:53:09","guid":{"rendered":"https:\/\/tupique.com\/product\/maillot-de-bain-fille-minnie-mouse-turquoise\/"},"modified":"2026-05-11T21:23:54","modified_gmt":"2026-05-11T19:23:54","slug":"maillot-de-bain-fille-minnie-mouse-turquoise","status":"publish","type":"product","link":"https:\/\/tupique.com\/pt\/product\/maillot-de-bain-fille-minnie-mouse-turquoise\/","title":{"rendered":"Maillot de Bain Fille Minnie Mouse Turquoise"},"content":{"rendered":"<p>Les enfants m\u00e9ritent ce qu\u2019il y a de mieux, nous vous pr\u00e9sentons donc <b>Maillot de Bain Fille Minnie Mouse Turquoise<\/b>, id\u00e9al pour ceux qui cherchent des produits de qualit\u00e9 pour les plus petits ! Procurez-vous <b>Minnie Mouse<\/b> et bien d\u2019autres marques et licences aux meilleurs prix !<\/p>\n<ul>\n<li>Type: Maillot de bain<\/li>\n<li>Genre: Enfant<\/li>\n<li>Couleur: Turquoise<\/li>\n<li>Composition:\n<ul>\n<li>88 % coton et 12 % polyester<\/li>\n<li>12 % \u00c9lasthanne<\/li>\n<li>88 % Polyester<\/li>\n<\/ul>\n<\/li>\n<\/ul>","protected":false},"excerpt":{"rendered":"<p>Les enfants m\u00e9ritent ce qu\u2019il y a de mieux, nous vous pr\u00e9sentons donc Maillot de Bain Fille Minnie Mouse Turquoise, id\u00e9al pour ceux qui cherchent des produits de qualit\u00e9 pour les plus petits ! Procurez-vous Minnie Mouse et bien d\u2019autres marques et licences aux meilleurs prix ! Type: Maillot de bain Genre: Enfant Couleur: Turquoise [&hellip;]<\/p>\n","protected":false},"featured_media":184333,"comment_status":"open","ping_status":"closed","template":"","meta":[],"product_brand":[277],"product_cat":[2271,2270,1764],"product_tag":[721,107,1816,163],"class_list":{"0":"post-184336","1":"product","2":"type-product","3":"status-publish","4":"has-post-thumbnail","6":"product_brand-brandp_166","7":"product_cat-natation-maillots-de-bain-pour-le-sport","8":"product_cat-natation","9":"product_cat-sports-loisirs","10":"product_tag-tag_124","11":"product_tag-tag_36","12":"product_tag-tag_1272","13":"product_tag-tag_17","15":"first","16":"instock","17":"taxable","18":"shipping-taxable","19":"purchasable","20":"product-type-variable"},"yoast_head":"<!-- This site is optimized with the Yoast SEO plugin v27.5 - https:\/\/yoast.com\/product\/yoast-seo-wordpress\/ -->\n<title>Maillot de Bain Fille Minnie Mouse Turquoise - Tupique<\/title>\n<meta name=\"robots\" content=\"index, follow, max-snippet:-1, max-image-preview:large, max-video-preview:-1\" \/>\n<link rel=\"canonical\" href=\"https:\/\/tupique.com\/pt\/product\/maillot-de-bain-fille-minnie-mouse-turquoise\/\" \/>\n<meta property=\"og:locale\" content=\"pt_PT\" \/>\n<meta property=\"og:type\" content=\"article\" \/>\n<meta property=\"og:title\" content=\"Maillot de Bain Fille Minnie Mouse Turquoise - Tupique\" \/>\n<meta property=\"og:description\" content=\"Les enfants m\u00e9ritent ce qu\u2019il y a de mieux, nous vous pr\u00e9sentons donc Maillot de Bain Fille Minnie Mouse Turquoise, id\u00e9al pour ceux qui cherchent des produits de qualit\u00e9 pour les plus petits ! Procurez-vous Minnie Mouse et bien d\u2019autres marques et licences aux meilleurs prix ! Type: Maillot de bain Genre: Enfant Couleur: Turquoise [&hellip;]\" \/>\n<meta property=\"og:url\" content=\"https:\/\/tupique.com\/pt\/product\/maillot-de-bain-fille-minnie-mouse-turquoise\/\" \/>\n<meta property=\"og:site_name\" content=\"Tupique\" \/>\n<meta property=\"article:modified_time\" content=\"2026-05-11T19:23:54+00:00\" \/>\n<meta name=\"twitter:card\" content=\"summary_large_image\" \/>\n<script type=\"application\/ld+json\" class=\"yoast-schema-graph\">{\"@context\":\"https:\\\/\\\/schema.org\",\"@graph\":[{\"@type\":\"WebPage\",\"@id\":\"https:\\\/\\\/tupique.com\\\/product\\\/maillot-de-bain-fille-minnie-mouse-turquoise\\\/\",\"url\":\"https:\\\/\\\/tupique.com\\\/product\\\/maillot-de-bain-fille-minnie-mouse-turquoise\\\/\",\"name\":\"Maillot de Bain Fille Minnie Mouse Turquoise - Tupique\",\"isPartOf\":{\"@id\":\"https:\\\/\\\/tupique.com\\\/#website\"},\"primaryImageOfPage\":{\"@id\":\"https:\\\/\\\/tupique.com\\\/product\\\/maillot-de-bain-fille-minnie-mouse-turquoise\\\/#primaryimage\"},\"image\":{\"@id\":\"https:\\\/\\\/tupique.com\\\/product\\\/maillot-de-bain-fille-minnie-mouse-turquoise\\\/#primaryimage\"},\"thumbnailUrl\":\"https:\\\/\\\/tupique.com\\\/wp-content\\\/uploads\\\/2026\\\/05\\\/8445484271959_S0735969_P03.jpg\",\"datePublished\":\"2026-05-11T15:53:09+00:00\",\"dateModified\":\"2026-05-11T19:23:54+00:00\",\"breadcrumb\":{\"@id\":\"https:\\\/\\\/tupique.com\\\/product\\\/maillot-de-bain-fille-minnie-mouse-turquoise\\\/#breadcrumb\"},\"inLanguage\":\"pt-PT\",\"potentialAction\":[{\"@type\":\"ReadAction\",\"target\":[\"https:\\\/\\\/tupique.com\\\/product\\\/maillot-de-bain-fille-minnie-mouse-turquoise\\\/\"]}]},{\"@type\":\"ImageObject\",\"inLanguage\":\"pt-PT\",\"@id\":\"https:\\\/\\\/tupique.com\\\/product\\\/maillot-de-bain-fille-minnie-mouse-turquoise\\\/#primaryimage\",\"url\":\"https:\\\/\\\/tupique.com\\\/wp-content\\\/uploads\\\/2026\\\/05\\\/8445484271959_S0735969_P03.jpg\",\"contentUrl\":\"https:\\\/\\\/tupique.com\\\/wp-content\\\/uploads\\\/2026\\\/05\\\/8445484271959_S0735969_P03.jpg\",\"width\":1200,\"height\":1200,\"caption\":\"S0736446_0\"},{\"@type\":\"BreadcrumbList\",\"@id\":\"https:\\\/\\\/tupique.com\\\/product\\\/maillot-de-bain-fille-minnie-mouse-turquoise\\\/#breadcrumb\",\"itemListElement\":[{\"@type\":\"ListItem\",\"position\":1,\"name\":\"commencer\",\"item\":\"https:\\\/\\\/tupique.com\\\/\"},{\"@type\":\"ListItem\",\"position\":2,\"name\":\"Loja\",\"item\":\"https:\\\/\\\/tupique.com\\\/loja\\\/\"},{\"@type\":\"ListItem\",\"position\":3,\"name\":\"Maillot de Bain Fille Minnie Mouse Turquoise\"}]},{\"@type\":\"WebSite\",\"@id\":\"https:\\\/\\\/tupique.com\\\/#website\",\"url\":\"https:\\\/\\\/tupique.com\\\/\",\"name\":\"Tupique\",\"description\":\"\",\"publisher\":{\"@id\":\"https:\\\/\\\/tupique.com\\\/#organization\"},\"potentialAction\":[{\"@type\":\"SearchAction\",\"target\":{\"@type\":\"EntryPoint\",\"urlTemplate\":\"https:\\\/\\\/tupique.com\\\/?s={search_term_string}\"},\"query-input\":{\"@type\":\"PropertyValueSpecification\",\"valueRequired\":true,\"valueName\":\"search_term_string\"}}],\"inLanguage\":\"pt-PT\"},{\"@type\":\"Organization\",\"@id\":\"https:\\\/\\\/tupique.com\\\/#organization\",\"name\":\"Tupique\",\"url\":\"https:\\\/\\\/tupique.com\\\/\",\"logo\":{\"@type\":\"ImageObject\",\"inLanguage\":\"pt-PT\",\"@id\":\"https:\\\/\\\/tupique.com\\\/#\\\/schema\\\/logo\\\/image\\\/\",\"url\":\"https:\\\/\\\/tupique.com\\\/wp-content\\\/uploads\\\/2026\\\/03\\\/logo-tupique-1.webp\",\"contentUrl\":\"https:\\\/\\\/tupique.com\\\/wp-content\\\/uploads\\\/2026\\\/03\\\/logo-tupique-1.webp\",\"width\":500,\"height\":67,\"caption\":\"Tupique\"},\"image\":{\"@id\":\"https:\\\/\\\/tupique.com\\\/#\\\/schema\\\/logo\\\/image\\\/\"}}]}<\/script>\n<!-- \/ Yoast SEO plugin. -->","yoast_head_json":{"title":"Maillot de Bain Fille Minnie Mouse Turquoise - Tupique","robots":{"index":"index","follow":"follow","max-snippet":"max-snippet:-1","max-image-preview":"max-image-preview:large","max-video-preview":"max-video-preview:-1"},"canonical":"https:\/\/tupique.com\/pt\/product\/maillot-de-bain-fille-minnie-mouse-turquoise\/","og_locale":"pt_PT","og_type":"article","og_title":"Maillot de Bain Fille Minnie Mouse Turquoise - Tupique","og_description":"Les enfants m\u00e9ritent ce qu\u2019il y a de mieux, nous vous pr\u00e9sentons donc Maillot de Bain Fille Minnie Mouse Turquoise, id\u00e9al pour ceux qui cherchent des produits de qualit\u00e9 pour les plus petits ! Procurez-vous Minnie Mouse et bien d\u2019autres marques et licences aux meilleurs prix ! Type: Maillot de bain Genre: Enfant Couleur: Turquoise [&hellip;]","og_url":"https:\/\/tupique.com\/pt\/product\/maillot-de-bain-fille-minnie-mouse-turquoise\/","og_site_name":"Tupique","article_modified_time":"2026-05-11T19:23:54+00:00","twitter_card":"summary_large_image","schema":{"@context":"https:\/\/schema.org","@graph":[{"@type":"WebPage","@id":"https:\/\/tupique.com\/product\/maillot-de-bain-fille-minnie-mouse-turquoise\/","url":"https:\/\/tupique.com\/product\/maillot-de-bain-fille-minnie-mouse-turquoise\/","name":"Maillot de Bain Fille Minnie Mouse Turquoise - Tupique","isPartOf":{"@id":"https:\/\/tupique.com\/#website"},"primaryImageOfPage":{"@id":"https:\/\/tupique.com\/product\/maillot-de-bain-fille-minnie-mouse-turquoise\/#primaryimage"},"image":{"@id":"https:\/\/tupique.com\/product\/maillot-de-bain-fille-minnie-mouse-turquoise\/#primaryimage"},"thumbnailUrl":"https:\/\/tupique.com\/wp-content\/uploads\/2026\/05\/8445484271959_S0735969_P03.jpg","datePublished":"2026-05-11T15:53:09+00:00","dateModified":"2026-05-11T19:23:54+00:00","breadcrumb":{"@id":"https:\/\/tupique.com\/product\/maillot-de-bain-fille-minnie-mouse-turquoise\/#breadcrumb"},"inLanguage":"pt-PT","potentialAction":[{"@type":"ReadAction","target":["https:\/\/tupique.com\/product\/maillot-de-bain-fille-minnie-mouse-turquoise\/"]}]},{"@type":"ImageObject","inLanguage":"pt-PT","@id":"https:\/\/tupique.com\/product\/maillot-de-bain-fille-minnie-mouse-turquoise\/#primaryimage","url":"https:\/\/tupique.com\/wp-content\/uploads\/2026\/05\/8445484271959_S0735969_P03.jpg","contentUrl":"https:\/\/tupique.com\/wp-content\/uploads\/2026\/05\/8445484271959_S0735969_P03.jpg","width":1200,"height":1200,"caption":"S0736446_0"},{"@type":"BreadcrumbList","@id":"https:\/\/tupique.com\/product\/maillot-de-bain-fille-minnie-mouse-turquoise\/#breadcrumb","itemListElement":[{"@type":"ListItem","position":1,"name":"commencer","item":"https:\/\/tupique.com\/"},{"@type":"ListItem","position":2,"name":"Loja","item":"https:\/\/tupique.com\/loja\/"},{"@type":"ListItem","position":3,"name":"Maillot de Bain Fille Minnie Mouse Turquoise"}]},{"@type":"WebSite","@id":"https:\/\/tupique.com\/#website","url":"https:\/\/tupique.com\/","name":"Tupique","description":"","publisher":{"@id":"https:\/\/tupique.com\/#organization"},"potentialAction":[{"@type":"SearchAction","target":{"@type":"EntryPoint","urlTemplate":"https:\/\/tupique.com\/?s={search_term_string}"},"query-input":{"@type":"PropertyValueSpecification","valueRequired":true,"valueName":"search_term_string"}}],"inLanguage":"pt-PT"},{"@type":"Organization","@id":"https:\/\/tupique.com\/#organization","name":"Tupique","url":"https:\/\/tupique.com\/","logo":{"@type":"ImageObject","inLanguage":"pt-PT","@id":"https:\/\/tupique.com\/#\/schema\/logo\/image\/","url":"https:\/\/tupique.com\/wp-content\/uploads\/2026\/03\/logo-tupique-1.webp","contentUrl":"https:\/\/tupique.com\/wp-content\/uploads\/2026\/03\/logo-tupique-1.webp","width":500,"height":67,"caption":"Tupique"},"image":{"@id":"https:\/\/tupique.com\/#\/schema\/logo\/image\/"}}]}},"_links":{"self":[{"href":"https:\/\/tupique.com\/pt\/wp-json\/wp\/v2\/product\/184336","targetHints":{"allow":["GET"]}}],"collection":[{"href":"https:\/\/tupique.com\/pt\/wp-json\/wp\/v2\/product"}],"about":[{"href":"https:\/\/tupique.com\/pt\/wp-json\/wp\/v2\/types\/product"}],"replies":[{"embeddable":true,"href":"https:\/\/tupique.com\/pt\/wp-json\/wp\/v2\/comments?post=184336"}],"wp:featuredmedia":[{"embeddable":true,"href":"https:\/\/tupique.com\/pt\/wp-json\/wp\/v2\/media\/184333"}],"wp:attachment":[{"href":"https:\/\/tupique.com\/pt\/wp-json\/wp\/v2\/media?parent=184336"}],"wp:term":[{"taxonomy":"product_brand","embeddable":true,"href":"https:\/\/tupique.com\/pt\/wp-json\/wp\/v2\/product_brand?post=184336"},{"taxonomy":"product_cat","embeddable":true,"href":"https:\/\/tupique.com\/pt\/wp-json\/wp\/v2\/product_cat?post=184336"},{"taxonomy":"product_tag","embeddable":true,"href":"https:\/\/tupique.com\/pt\/wp-json\/wp\/v2\/product_tag?post=184336"}],"curies":[{"name":"wp","href":"https:\/\/api.w.org\/{rel}","templated":true}]}}