{"id":184415,"date":"2026-05-11T17:54:51","date_gmt":"2026-05-11T15:54:51","guid":{"rendered":"https:\/\/tupique.com\/product\/chaise-de-reception-caudete-piqueras-y-crespo-pbali13-bleu-ciel\/"},"modified":"2026-05-11T21:20:37","modified_gmt":"2026-05-11T19:20:37","slug":"chaise-de-reception-caudete-piqueras-y-crespo-pbali13-bleu-ciel","status":"publish","type":"product","link":"https:\/\/tupique.com\/pt\/product\/chaise-de-reception-caudete-piqueras-y-crespo-pbali13-bleu-ciel\/","title":{"rendered":"Chaise de R\u00e9ception Caudete Piqueras y Crespo PBALI13 Bleu ciel"},"content":{"rendered":"<p>Retournez au bureau sans rien oublier ! Achetez <b>Chaise de R\u00e9ception Caudete Piqueras y Crespo PBALI13 Bleu ciel<\/b> et faites envie \u00e0 vos coll\u00e8gues!<\/p>\n<p>A <b>chaise d\u2019accueil<\/b> Piqueras y Crespo se pr\u00e9sente comme une solution fonctionnelle et \u00e9l\u00e9gante pour les espaces d\u2019attente et les zones communes professionnelles. Elle se distingue par un design ergonomique soign\u00e9, int\u00e9grant un <b>accoudoir fixe<\/b> qui offre plus de confort et de soutien lors d\u2019utilisations prolong\u00e9es. Sa structure est optimis\u00e9e pour proposer une assise \u00e0 hauteur fixe de <b>43 cm<\/b>, id\u00e9ale pour s\u2019adapter \u00e0 la plupart des standards d\u2019accueil ou de zones de r\u00e9ception, tandis que la <b>hauteur totale de 85 cm<\/b> garantit un dossier adapt\u00e9 au confort de l\u2019utilisateur. Le rev\u00eatement en <b>bleu ciel<\/b> apporte une touche moderne et sobre, contribuant \u00e0 des environnements lumineux et agr\u00e9ables sans perdre en professionnalisme. Cette chaise allie esth\u00e9tique et praticit\u00e9, offrant un mobilier r\u00e9sistant et stable, con\u00e7u pour un usage fr\u00e9quent sans sacrifier une image soign\u00e9e. C\u2019est une option id\u00e9ale pour bureaux, cliniques, h\u00f4tels ou tout espace n\u00e9cessitant une solution d\u2019assise confortable, stable et de qualit\u00e9 constante.<\/p>\n<ul>\n<li>Type: Chaise de R\u00e9ception<\/li>\n<li>Couleur: Bleu ciel<\/li>\n<li>Temps d\u00b4utilisation journali\u00e8re recommand\u00e9e: 8 heures<\/li>\n<li>Largeur totale: 61 cm<\/li>\n<li>Hauteur minimale du si\u00e8ge: 43 cm<\/li>\n<li>Hauteur maximale du si\u00e8ge: 43 cm<\/li>\n<li>Heures d\u00b4usages:\n<ul>\n<li>4-6 heures<\/li>\n<li>8 heures<\/li>\n<\/ul>\n<\/li>\n<li>Mat\u00e9riel du si\u00e8ge: Mousse<\/li>\n<li>Finition: Tissu<\/li>\n<li>\u00c9lev\u00e9: 85 cm<\/li>\n<li>Caract\u00e9ristiques: Accoudoir fixe<\/li>\n<li>Hauteur minimale totale: 85 cm<\/li>\n<\/ul>","protected":false},"excerpt":{"rendered":"<p>Retournez au bureau sans rien oublier ! Achetez Chaise de R\u00e9ception Caudete Piqueras y Crespo PBALI13 Bleu ciel et faites envie \u00e0 vos coll\u00e8gues! La chaise d\u2019accueil Piqueras y Crespo se pr\u00e9sente comme une solution fonctionnelle et \u00e9l\u00e9gante pour les espaces d\u2019attente et les zones communes professionnelles. Elle se distingue par un design ergonomique soign\u00e9, [&hellip;]<\/p>\n","protected":false},"featured_media":184414,"comment_status":"open","ping_status":"closed","template":"","meta":[],"product_brand":[2495],"product_cat":[239,577,1216],"product_tag":[104],"woo-feed-brand":[],"class_list":{"0":"post-184415","1":"product","2":"type-product","3":"status-publish","4":"has-post-thumbnail","6":"product_brand-brandp_8519","7":"product_cat-maison-jardin","8":"product_cat-mobilier","9":"product_cat-tables-et-chaises","10":"product_tag-tag_1279","12":"first","13":"instock","14":"taxable","15":"shipping-taxable","16":"purchasable","17":"product-type-simple"},"yoast_head":"<!-- This site is optimized with the Yoast SEO plugin v27.6 - https:\/\/yoast.com\/product\/yoast-seo-wordpress\/ -->\n<title>Chaise de R\u00e9ception Caudete Piqueras y Crespo PBALI13 Bleu ciel | | Tupique<\/title>\n<meta name=\"description\" content=\"Envie d&#039;acheter Chaise de R\u00e9ception Caudete Piqueras y Crespo PBALI13 Bleu ciel\u00a0? Achetez Chaise de R\u00e9ception Caudete Piqueras y Crespo PBALI13 Bleu ciel maintenant avec Tupique en 3 versements sans int\u00e9r\u00eat.\" \/>\n<meta name=\"robots\" content=\"index, follow, max-snippet:-1, max-image-preview:large, max-video-preview:-1\" \/>\n<link rel=\"canonical\" href=\"https:\/\/tupique.com\/pt\/product\/chaise-de-reception-caudete-piqueras-y-crespo-pbali13-bleu-ciel\/\" \/>\n<meta property=\"og:locale\" content=\"pt_PT\" \/>\n<meta property=\"og:type\" content=\"article\" \/>\n<meta property=\"og:title\" content=\"Chaise de R\u00e9ception Caudete Piqueras y Crespo PBALI13 Bleu ciel | | Tupique\" \/>\n<meta property=\"og:description\" content=\"Envie d&#039;acheter Chaise de R\u00e9ception Caudete Piqueras y Crespo PBALI13 Bleu ciel\u00a0? Achetez Chaise de R\u00e9ception Caudete Piqueras y Crespo PBALI13 Bleu ciel maintenant avec Tupique en 3 versements sans int\u00e9r\u00eat.\" \/>\n<meta property=\"og:url\" content=\"https:\/\/tupique.com\/pt\/product\/chaise-de-reception-caudete-piqueras-y-crespo-pbali13-bleu-ciel\/\" \/>\n<meta property=\"og:site_name\" content=\"Tupique\" \/>\n<meta property=\"article:modified_time\" content=\"2026-05-11T19:20:37+00:00\" \/>\n<meta property=\"og:image\" content=\"https:\/\/tupique.com\/wp-content\/uploads\/2026\/05\/8435501011439_S5704243_P01.jpg\" \/>\n\t<meta property=\"og:image:width\" content=\"1200\" \/>\n\t<meta property=\"og:image:height\" content=\"1200\" \/>\n\t<meta property=\"og:image:type\" content=\"image\/jpeg\" \/>\n<meta name=\"twitter:card\" content=\"summary_large_image\" \/>\n<meta name=\"twitter:label1\" content=\"Tempo estimado de leitura\" \/>\n\t<meta name=\"twitter:data1\" content=\"1 minuto\" \/>\n<script type=\"application\/ld+json\" class=\"yoast-schema-graph\">{\"@context\":\"https:\\\/\\\/schema.org\",\"@graph\":[{\"@type\":\"WebPage\",\"@id\":\"https:\\\/\\\/tupique.com\\\/pt\\\/product\\\/chaise-de-reception-caudete-piqueras-y-crespo-pbali13-bleu-ciel\\\/\",\"url\":\"https:\\\/\\\/tupique.com\\\/pt\\\/product\\\/chaise-de-reception-caudete-piqueras-y-crespo-pbali13-bleu-ciel\\\/\",\"name\":\"Chaise de R\u00e9ception Caudete Piqueras y Crespo PBALI13 Bleu ciel | | Tupique\",\"isPartOf\":{\"@id\":\"https:\\\/\\\/tupique.com\\\/#website\"},\"primaryImageOfPage\":{\"@id\":\"https:\\\/\\\/tupique.com\\\/pt\\\/product\\\/chaise-de-reception-caudete-piqueras-y-crespo-pbali13-bleu-ciel\\\/#primaryimage\"},\"image\":{\"@id\":\"https:\\\/\\\/tupique.com\\\/pt\\\/product\\\/chaise-de-reception-caudete-piqueras-y-crespo-pbali13-bleu-ciel\\\/#primaryimage\"},\"thumbnailUrl\":\"https:\\\/\\\/tupique.com\\\/wp-content\\\/uploads\\\/2026\\\/05\\\/8435501011439_S5704243_P01.jpg\",\"datePublished\":\"2026-05-11T15:54:51+00:00\",\"dateModified\":\"2026-05-11T19:20:37+00:00\",\"description\":\"Envie d'acheter Chaise de R\u00e9ception Caudete Piqueras y Crespo PBALI13 Bleu ciel\u00a0? Achetez Chaise de R\u00e9ception Caudete Piqueras y Crespo PBALI13 Bleu ciel maintenant avec Tupique en 3 versements sans int\u00e9r\u00eat.\",\"breadcrumb\":{\"@id\":\"https:\\\/\\\/tupique.com\\\/pt\\\/product\\\/chaise-de-reception-caudete-piqueras-y-crespo-pbali13-bleu-ciel\\\/#breadcrumb\"},\"inLanguage\":\"pt-PT\",\"potentialAction\":[{\"@type\":\"ReadAction\",\"target\":[\"https:\\\/\\\/tupique.com\\\/pt\\\/product\\\/chaise-de-reception-caudete-piqueras-y-crespo-pbali13-bleu-ciel\\\/\"]}]},{\"@type\":\"ImageObject\",\"inLanguage\":\"pt-PT\",\"@id\":\"https:\\\/\\\/tupique.com\\\/pt\\\/product\\\/chaise-de-reception-caudete-piqueras-y-crespo-pbali13-bleu-ciel\\\/#primaryimage\",\"url\":\"https:\\\/\\\/tupique.com\\\/wp-content\\\/uploads\\\/2026\\\/05\\\/8435501011439_S5704243_P01.jpg\",\"contentUrl\":\"https:\\\/\\\/tupique.com\\\/wp-content\\\/uploads\\\/2026\\\/05\\\/8435501011439_S5704243_P01.jpg\",\"width\":1200,\"height\":1200,\"caption\":\"S5704243_0\"},{\"@type\":\"BreadcrumbList\",\"@id\":\"https:\\\/\\\/tupique.com\\\/pt\\\/product\\\/chaise-de-reception-caudete-piqueras-y-crespo-pbali13-bleu-ciel\\\/#breadcrumb\",\"itemListElement\":[{\"@type\":\"ListItem\",\"position\":1,\"name\":\"commencer\",\"item\":\"https:\\\/\\\/tupique.com\\\/\"},{\"@type\":\"ListItem\",\"position\":2,\"name\":\"Loja\",\"item\":\"https:\\\/\\\/tupique.com\\\/pt\\\/loja\\\/\"},{\"@type\":\"ListItem\",\"position\":3,\"name\":\"Chaise de R\u00e9ception Caudete Piqueras y Crespo PBALI13 Bleu ciel\"}]},{\"@type\":\"WebSite\",\"@id\":\"https:\\\/\\\/tupique.com\\\/#website\",\"url\":\"https:\\\/\\\/tupique.com\\\/\",\"name\":\"Tupique\",\"description\":\"\",\"publisher\":{\"@id\":\"https:\\\/\\\/tupique.com\\\/#organization\"},\"potentialAction\":[{\"@type\":\"SearchAction\",\"target\":{\"@type\":\"EntryPoint\",\"urlTemplate\":\"https:\\\/\\\/tupique.com\\\/?s={search_term_string}\"},\"query-input\":{\"@type\":\"PropertyValueSpecification\",\"valueRequired\":true,\"valueName\":\"search_term_string\"}}],\"inLanguage\":\"pt-PT\"},{\"@type\":\"Organization\",\"@id\":\"https:\\\/\\\/tupique.com\\\/#organization\",\"name\":\"Tupique\",\"url\":\"https:\\\/\\\/tupique.com\\\/\",\"logo\":{\"@type\":\"ImageObject\",\"inLanguage\":\"pt-PT\",\"@id\":\"https:\\\/\\\/tupique.com\\\/#\\\/schema\\\/logo\\\/image\\\/\",\"url\":\"https:\\\/\\\/tupique.com\\\/wp-content\\\/uploads\\\/2026\\\/03\\\/logo-tupique-1.webp\",\"contentUrl\":\"https:\\\/\\\/tupique.com\\\/wp-content\\\/uploads\\\/2026\\\/03\\\/logo-tupique-1.webp\",\"width\":500,\"height\":67,\"caption\":\"Tupique\"},\"image\":{\"@id\":\"https:\\\/\\\/tupique.com\\\/#\\\/schema\\\/logo\\\/image\\\/\"}}]}<\/script>\n<!-- \/ Yoast SEO plugin. -->","yoast_head_json":{"title":"Chaise de R\u00e9ception Caudete Piqueras y Crespo PBALI13 Bleu ciel | | Tupique","description":"Envie d'acheter Chaise de R\u00e9ception Caudete Piqueras y Crespo PBALI13 Bleu ciel\u00a0? Achetez Chaise de R\u00e9ception Caudete Piqueras y Crespo PBALI13 Bleu ciel maintenant avec Tupique en 3 versements sans int\u00e9r\u00eat.","robots":{"index":"index","follow":"follow","max-snippet":"max-snippet:-1","max-image-preview":"max-image-preview:large","max-video-preview":"max-video-preview:-1"},"canonical":"https:\/\/tupique.com\/pt\/product\/chaise-de-reception-caudete-piqueras-y-crespo-pbali13-bleu-ciel\/","og_locale":"pt_PT","og_type":"article","og_title":"Chaise de R\u00e9ception Caudete Piqueras y Crespo PBALI13 Bleu ciel | | Tupique","og_description":"Envie d'acheter Chaise de R\u00e9ception Caudete Piqueras y Crespo PBALI13 Bleu ciel\u00a0? Achetez Chaise de R\u00e9ception Caudete Piqueras y Crespo PBALI13 Bleu ciel maintenant avec Tupique en 3 versements sans int\u00e9r\u00eat.","og_url":"https:\/\/tupique.com\/pt\/product\/chaise-de-reception-caudete-piqueras-y-crespo-pbali13-bleu-ciel\/","og_site_name":"Tupique","article_modified_time":"2026-05-11T19:20:37+00:00","og_image":[{"width":1200,"height":1200,"url":"https:\/\/tupique.com\/wp-content\/uploads\/2026\/05\/8435501011439_S5704243_P01.jpg","type":"image\/jpeg"}],"twitter_card":"summary_large_image","twitter_misc":{"Tempo estimado de leitura":"1 minuto"},"schema":{"@context":"https:\/\/schema.org","@graph":[{"@type":"WebPage","@id":"https:\/\/tupique.com\/pt\/product\/chaise-de-reception-caudete-piqueras-y-crespo-pbali13-bleu-ciel\/","url":"https:\/\/tupique.com\/pt\/product\/chaise-de-reception-caudete-piqueras-y-crespo-pbali13-bleu-ciel\/","name":"Chaise de R\u00e9ception Caudete Piqueras y Crespo PBALI13 Bleu ciel | | Tupique","isPartOf":{"@id":"https:\/\/tupique.com\/#website"},"primaryImageOfPage":{"@id":"https:\/\/tupique.com\/pt\/product\/chaise-de-reception-caudete-piqueras-y-crespo-pbali13-bleu-ciel\/#primaryimage"},"image":{"@id":"https:\/\/tupique.com\/pt\/product\/chaise-de-reception-caudete-piqueras-y-crespo-pbali13-bleu-ciel\/#primaryimage"},"thumbnailUrl":"https:\/\/tupique.com\/wp-content\/uploads\/2026\/05\/8435501011439_S5704243_P01.jpg","datePublished":"2026-05-11T15:54:51+00:00","dateModified":"2026-05-11T19:20:37+00:00","description":"Envie d'acheter Chaise de R\u00e9ception Caudete Piqueras y Crespo PBALI13 Bleu ciel\u00a0? Achetez Chaise de R\u00e9ception Caudete Piqueras y Crespo PBALI13 Bleu ciel maintenant avec Tupique en 3 versements sans int\u00e9r\u00eat.","breadcrumb":{"@id":"https:\/\/tupique.com\/pt\/product\/chaise-de-reception-caudete-piqueras-y-crespo-pbali13-bleu-ciel\/#breadcrumb"},"inLanguage":"pt-PT","potentialAction":[{"@type":"ReadAction","target":["https:\/\/tupique.com\/pt\/product\/chaise-de-reception-caudete-piqueras-y-crespo-pbali13-bleu-ciel\/"]}]},{"@type":"ImageObject","inLanguage":"pt-PT","@id":"https:\/\/tupique.com\/pt\/product\/chaise-de-reception-caudete-piqueras-y-crespo-pbali13-bleu-ciel\/#primaryimage","url":"https:\/\/tupique.com\/wp-content\/uploads\/2026\/05\/8435501011439_S5704243_P01.jpg","contentUrl":"https:\/\/tupique.com\/wp-content\/uploads\/2026\/05\/8435501011439_S5704243_P01.jpg","width":1200,"height":1200,"caption":"S5704243_0"},{"@type":"BreadcrumbList","@id":"https:\/\/tupique.com\/pt\/product\/chaise-de-reception-caudete-piqueras-y-crespo-pbali13-bleu-ciel\/#breadcrumb","itemListElement":[{"@type":"ListItem","position":1,"name":"commencer","item":"https:\/\/tupique.com\/"},{"@type":"ListItem","position":2,"name":"Loja","item":"https:\/\/tupique.com\/pt\/loja\/"},{"@type":"ListItem","position":3,"name":"Chaise de R\u00e9ception Caudete Piqueras y Crespo PBALI13 Bleu ciel"}]},{"@type":"WebSite","@id":"https:\/\/tupique.com\/#website","url":"https:\/\/tupique.com\/","name":"Tupique","description":"","publisher":{"@id":"https:\/\/tupique.com\/#organization"},"potentialAction":[{"@type":"SearchAction","target":{"@type":"EntryPoint","urlTemplate":"https:\/\/tupique.com\/?s={search_term_string}"},"query-input":{"@type":"PropertyValueSpecification","valueRequired":true,"valueName":"search_term_string"}}],"inLanguage":"pt-PT"},{"@type":"Organization","@id":"https:\/\/tupique.com\/#organization","name":"Tupique","url":"https:\/\/tupique.com\/","logo":{"@type":"ImageObject","inLanguage":"pt-PT","@id":"https:\/\/tupique.com\/#\/schema\/logo\/image\/","url":"https:\/\/tupique.com\/wp-content\/uploads\/2026\/03\/logo-tupique-1.webp","contentUrl":"https:\/\/tupique.com\/wp-content\/uploads\/2026\/03\/logo-tupique-1.webp","width":500,"height":67,"caption":"Tupique"},"image":{"@id":"https:\/\/tupique.com\/#\/schema\/logo\/image\/"}}]}},"_links":{"self":[{"href":"https:\/\/tupique.com\/pt\/wp-json\/wp\/v2\/product\/184415","targetHints":{"allow":["GET"]}}],"collection":[{"href":"https:\/\/tupique.com\/pt\/wp-json\/wp\/v2\/product"}],"about":[{"href":"https:\/\/tupique.com\/pt\/wp-json\/wp\/v2\/types\/product"}],"replies":[{"embeddable":true,"href":"https:\/\/tupique.com\/pt\/wp-json\/wp\/v2\/comments?post=184415"}],"wp:featuredmedia":[{"embeddable":true,"href":"https:\/\/tupique.com\/pt\/wp-json\/wp\/v2\/media\/184414"}],"wp:attachment":[{"href":"https:\/\/tupique.com\/pt\/wp-json\/wp\/v2\/media?parent=184415"}],"wp:term":[{"taxonomy":"product_brand","embeddable":true,"href":"https:\/\/tupique.com\/pt\/wp-json\/wp\/v2\/product_brand?post=184415"},{"taxonomy":"product_cat","embeddable":true,"href":"https:\/\/tupique.com\/pt\/wp-json\/wp\/v2\/product_cat?post=184415"},{"taxonomy":"product_tag","embeddable":true,"href":"https:\/\/tupique.com\/pt\/wp-json\/wp\/v2\/product_tag?post=184415"},{"taxonomy":"woo-feed-brand","embeddable":true,"href":"https:\/\/tupique.com\/pt\/wp-json\/wp\/v2\/woo-feed-brand?post=184415"}],"curies":[{"name":"wp","href":"https:\/\/api.w.org\/{rel}","templated":true}]}}