{"id":184421,"date":"2026-05-11T17:54:59","date_gmt":"2026-05-11T15:54:59","guid":{"rendered":"https:\/\/tupique.com\/product\/support-rampe-edm-85579-dore-laiton-poli-epis\/"},"modified":"2026-05-11T21:23:25","modified_gmt":"2026-05-11T19:23:25","slug":"support-rampe-edm-85579-dore-laiton-poli-epis","status":"publish","type":"product","link":"https:\/\/tupique.com\/pt\/product\/support-rampe-edm-85579-dore-laiton-poli-epis\/","title":{"rendered":"Support rampe EDM 85579 Dor\u00e9 Laiton poli Epis"},"content":{"rendered":"<p>Si vous aimez prendre soin de chaque d\u00e9tail de votre maison et d&#8217;\u00eatre \u00e0 la derni\u00e8re mode en mati\u00e8re de produits qui vous rendront la vie plus facile, achetez <b>Support rampe EDM 85579 Dor\u00e9 Laiton poli Epis<\/b> au meilleur prix.<\/p>\n<ul>\n<li>Type: Support rampe<\/li>\n<li>Couleur: Dor\u00e9<\/li>\n<li>Mat\u00e9riel: Laiton poli<\/li>\n<li>Forme: Epis<\/li>\n<\/ul>","protected":false},"excerpt":{"rendered":"<p>Si vous aimez prendre soin de chaque d\u00e9tail de votre maison et d&#8217;\u00eatre \u00e0 la derni\u00e8re mode en mati\u00e8re de produits qui vous rendront la vie plus facile, achetez Support rampe EDM 85579 Dor\u00e9 Laiton poli Epis au meilleur prix. Type: Support rampe Couleur: Dor\u00e9 Mat\u00e9riel: Laiton poli Forme: Epis<\/p>","protected":false},"featured_media":184420,"comment_status":"open","ping_status":"closed","template":"","meta":[],"product_brand":[2404],"product_cat":[613,239],"product_tag":[210],"class_list":{"0":"post-184421","1":"product","2":"type-product","3":"status-publish","4":"has-post-thumbnail","6":"product_brand-brandp_6249","7":"product_cat-bricolage-et-materiel","8":"product_cat-maison-jardin","9":"product_tag-tag_25","11":"first","12":"instock","13":"taxable","14":"shipping-taxable","15":"purchasable","16":"product-type-simple"},"yoast_head":"<!-- This site is optimized with the Yoast SEO plugin v27.5 - https:\/\/yoast.com\/product\/yoast-seo-wordpress\/ -->\n<title>Support rampe EDM 85579 Dor\u00e9 Laiton poli Epis - Tupique<\/title>\n<meta name=\"robots\" content=\"index, follow, max-snippet:-1, max-image-preview:large, max-video-preview:-1\" \/>\n<link rel=\"canonical\" href=\"https:\/\/tupique.com\/pt\/product\/support-rampe-edm-85579-dore-laiton-poli-epis\/\" \/>\n<meta property=\"og:locale\" content=\"pt_PT\" \/>\n<meta property=\"og:type\" content=\"article\" \/>\n<meta property=\"og:title\" content=\"Support rampe EDM 85579 Dor\u00e9 Laiton poli Epis - Tupique\" \/>\n<meta property=\"og:description\" content=\"Si vous aimez prendre soin de chaque d\u00e9tail de votre maison et d&#8217;\u00eatre \u00e0 la derni\u00e8re mode en mati\u00e8re de produits qui vous rendront la vie plus facile, achetez Support rampe EDM 85579 Dor\u00e9 Laiton poli Epis au meilleur prix. Type: Support rampe Couleur: Dor\u00e9 Mat\u00e9riel: Laiton poli Forme: Epis\" \/>\n<meta property=\"og:url\" content=\"https:\/\/tupique.com\/pt\/product\/support-rampe-edm-85579-dore-laiton-poli-epis\/\" \/>\n<meta property=\"og:site_name\" content=\"Tupique\" \/>\n<meta property=\"article:modified_time\" content=\"2026-05-11T19:23:25+00:00\" \/>\n<meta name=\"twitter:card\" content=\"summary_large_image\" \/>\n<script type=\"application\/ld+json\" class=\"yoast-schema-graph\">{\"@context\":\"https:\\\/\\\/schema.org\",\"@graph\":[{\"@type\":\"WebPage\",\"@id\":\"https:\\\/\\\/tupique.com\\\/product\\\/support-rampe-edm-85579-dore-laiton-poli-epis\\\/\",\"url\":\"https:\\\/\\\/tupique.com\\\/product\\\/support-rampe-edm-85579-dore-laiton-poli-epis\\\/\",\"name\":\"Support rampe EDM 85579 Dor\u00e9 Laiton poli Epis - Tupique\",\"isPartOf\":{\"@id\":\"https:\\\/\\\/tupique.com\\\/#website\"},\"primaryImageOfPage\":{\"@id\":\"https:\\\/\\\/tupique.com\\\/product\\\/support-rampe-edm-85579-dore-laiton-poli-epis\\\/#primaryimage\"},\"image\":{\"@id\":\"https:\\\/\\\/tupique.com\\\/product\\\/support-rampe-edm-85579-dore-laiton-poli-epis\\\/#primaryimage\"},\"thumbnailUrl\":\"https:\\\/\\\/tupique.com\\\/wp-content\\\/uploads\\\/2026\\\/05\\\/8432565870552_S7901185_P02.jpg\",\"datePublished\":\"2026-05-11T15:54:59+00:00\",\"dateModified\":\"2026-05-11T19:23:25+00:00\",\"breadcrumb\":{\"@id\":\"https:\\\/\\\/tupique.com\\\/product\\\/support-rampe-edm-85579-dore-laiton-poli-epis\\\/#breadcrumb\"},\"inLanguage\":\"pt-PT\",\"potentialAction\":[{\"@type\":\"ReadAction\",\"target\":[\"https:\\\/\\\/tupique.com\\\/product\\\/support-rampe-edm-85579-dore-laiton-poli-epis\\\/\"]}]},{\"@type\":\"ImageObject\",\"inLanguage\":\"pt-PT\",\"@id\":\"https:\\\/\\\/tupique.com\\\/product\\\/support-rampe-edm-85579-dore-laiton-poli-epis\\\/#primaryimage\",\"url\":\"https:\\\/\\\/tupique.com\\\/wp-content\\\/uploads\\\/2026\\\/05\\\/8432565870552_S7901185_P02.jpg\",\"contentUrl\":\"https:\\\/\\\/tupique.com\\\/wp-content\\\/uploads\\\/2026\\\/05\\\/8432565870552_S7901185_P02.jpg\",\"width\":1200,\"height\":1200,\"caption\":\"S7901185_0\"},{\"@type\":\"BreadcrumbList\",\"@id\":\"https:\\\/\\\/tupique.com\\\/product\\\/support-rampe-edm-85579-dore-laiton-poli-epis\\\/#breadcrumb\",\"itemListElement\":[{\"@type\":\"ListItem\",\"position\":1,\"name\":\"commencer\",\"item\":\"https:\\\/\\\/tupique.com\\\/\"},{\"@type\":\"ListItem\",\"position\":2,\"name\":\"Loja\",\"item\":\"https:\\\/\\\/tupique.com\\\/loja\\\/\"},{\"@type\":\"ListItem\",\"position\":3,\"name\":\"Support rampe EDM 85579 Dor\u00e9 Laiton poli Epis\"}]},{\"@type\":\"WebSite\",\"@id\":\"https:\\\/\\\/tupique.com\\\/#website\",\"url\":\"https:\\\/\\\/tupique.com\\\/\",\"name\":\"Tupique\",\"description\":\"\",\"publisher\":{\"@id\":\"https:\\\/\\\/tupique.com\\\/#organization\"},\"potentialAction\":[{\"@type\":\"SearchAction\",\"target\":{\"@type\":\"EntryPoint\",\"urlTemplate\":\"https:\\\/\\\/tupique.com\\\/?s={search_term_string}\"},\"query-input\":{\"@type\":\"PropertyValueSpecification\",\"valueRequired\":true,\"valueName\":\"search_term_string\"}}],\"inLanguage\":\"pt-PT\"},{\"@type\":\"Organization\",\"@id\":\"https:\\\/\\\/tupique.com\\\/#organization\",\"name\":\"Tupique\",\"url\":\"https:\\\/\\\/tupique.com\\\/\",\"logo\":{\"@type\":\"ImageObject\",\"inLanguage\":\"pt-PT\",\"@id\":\"https:\\\/\\\/tupique.com\\\/#\\\/schema\\\/logo\\\/image\\\/\",\"url\":\"https:\\\/\\\/tupique.com\\\/wp-content\\\/uploads\\\/2026\\\/03\\\/logo-tupique-1.webp\",\"contentUrl\":\"https:\\\/\\\/tupique.com\\\/wp-content\\\/uploads\\\/2026\\\/03\\\/logo-tupique-1.webp\",\"width\":500,\"height\":67,\"caption\":\"Tupique\"},\"image\":{\"@id\":\"https:\\\/\\\/tupique.com\\\/#\\\/schema\\\/logo\\\/image\\\/\"}}]}<\/script>\n<!-- \/ Yoast SEO plugin. -->","yoast_head_json":{"title":"Support rampe EDM 85579 Dor\u00e9 Laiton poli Epis - Tupique","robots":{"index":"index","follow":"follow","max-snippet":"max-snippet:-1","max-image-preview":"max-image-preview:large","max-video-preview":"max-video-preview:-1"},"canonical":"https:\/\/tupique.com\/pt\/product\/support-rampe-edm-85579-dore-laiton-poli-epis\/","og_locale":"pt_PT","og_type":"article","og_title":"Support rampe EDM 85579 Dor\u00e9 Laiton poli Epis - Tupique","og_description":"Si vous aimez prendre soin de chaque d\u00e9tail de votre maison et d&#8217;\u00eatre \u00e0 la derni\u00e8re mode en mati\u00e8re de produits qui vous rendront la vie plus facile, achetez Support rampe EDM 85579 Dor\u00e9 Laiton poli Epis au meilleur prix. Type: Support rampe Couleur: Dor\u00e9 Mat\u00e9riel: Laiton poli Forme: Epis","og_url":"https:\/\/tupique.com\/pt\/product\/support-rampe-edm-85579-dore-laiton-poli-epis\/","og_site_name":"Tupique","article_modified_time":"2026-05-11T19:23:25+00:00","twitter_card":"summary_large_image","schema":{"@context":"https:\/\/schema.org","@graph":[{"@type":"WebPage","@id":"https:\/\/tupique.com\/product\/support-rampe-edm-85579-dore-laiton-poli-epis\/","url":"https:\/\/tupique.com\/product\/support-rampe-edm-85579-dore-laiton-poli-epis\/","name":"Support rampe EDM 85579 Dor\u00e9 Laiton poli Epis - Tupique","isPartOf":{"@id":"https:\/\/tupique.com\/#website"},"primaryImageOfPage":{"@id":"https:\/\/tupique.com\/product\/support-rampe-edm-85579-dore-laiton-poli-epis\/#primaryimage"},"image":{"@id":"https:\/\/tupique.com\/product\/support-rampe-edm-85579-dore-laiton-poli-epis\/#primaryimage"},"thumbnailUrl":"https:\/\/tupique.com\/wp-content\/uploads\/2026\/05\/8432565870552_S7901185_P02.jpg","datePublished":"2026-05-11T15:54:59+00:00","dateModified":"2026-05-11T19:23:25+00:00","breadcrumb":{"@id":"https:\/\/tupique.com\/product\/support-rampe-edm-85579-dore-laiton-poli-epis\/#breadcrumb"},"inLanguage":"pt-PT","potentialAction":[{"@type":"ReadAction","target":["https:\/\/tupique.com\/product\/support-rampe-edm-85579-dore-laiton-poli-epis\/"]}]},{"@type":"ImageObject","inLanguage":"pt-PT","@id":"https:\/\/tupique.com\/product\/support-rampe-edm-85579-dore-laiton-poli-epis\/#primaryimage","url":"https:\/\/tupique.com\/wp-content\/uploads\/2026\/05\/8432565870552_S7901185_P02.jpg","contentUrl":"https:\/\/tupique.com\/wp-content\/uploads\/2026\/05\/8432565870552_S7901185_P02.jpg","width":1200,"height":1200,"caption":"S7901185_0"},{"@type":"BreadcrumbList","@id":"https:\/\/tupique.com\/product\/support-rampe-edm-85579-dore-laiton-poli-epis\/#breadcrumb","itemListElement":[{"@type":"ListItem","position":1,"name":"commencer","item":"https:\/\/tupique.com\/"},{"@type":"ListItem","position":2,"name":"Loja","item":"https:\/\/tupique.com\/loja\/"},{"@type":"ListItem","position":3,"name":"Support rampe EDM 85579 Dor\u00e9 Laiton poli Epis"}]},{"@type":"WebSite","@id":"https:\/\/tupique.com\/#website","url":"https:\/\/tupique.com\/","name":"Tupique","description":"","publisher":{"@id":"https:\/\/tupique.com\/#organization"},"potentialAction":[{"@type":"SearchAction","target":{"@type":"EntryPoint","urlTemplate":"https:\/\/tupique.com\/?s={search_term_string}"},"query-input":{"@type":"PropertyValueSpecification","valueRequired":true,"valueName":"search_term_string"}}],"inLanguage":"pt-PT"},{"@type":"Organization","@id":"https:\/\/tupique.com\/#organization","name":"Tupique","url":"https:\/\/tupique.com\/","logo":{"@type":"ImageObject","inLanguage":"pt-PT","@id":"https:\/\/tupique.com\/#\/schema\/logo\/image\/","url":"https:\/\/tupique.com\/wp-content\/uploads\/2026\/03\/logo-tupique-1.webp","contentUrl":"https:\/\/tupique.com\/wp-content\/uploads\/2026\/03\/logo-tupique-1.webp","width":500,"height":67,"caption":"Tupique"},"image":{"@id":"https:\/\/tupique.com\/#\/schema\/logo\/image\/"}}]}},"_links":{"self":[{"href":"https:\/\/tupique.com\/pt\/wp-json\/wp\/v2\/product\/184421","targetHints":{"allow":["GET"]}}],"collection":[{"href":"https:\/\/tupique.com\/pt\/wp-json\/wp\/v2\/product"}],"about":[{"href":"https:\/\/tupique.com\/pt\/wp-json\/wp\/v2\/types\/product"}],"replies":[{"embeddable":true,"href":"https:\/\/tupique.com\/pt\/wp-json\/wp\/v2\/comments?post=184421"}],"wp:featuredmedia":[{"embeddable":true,"href":"https:\/\/tupique.com\/pt\/wp-json\/wp\/v2\/media\/184420"}],"wp:attachment":[{"href":"https:\/\/tupique.com\/pt\/wp-json\/wp\/v2\/media?parent=184421"}],"wp:term":[{"taxonomy":"product_brand","embeddable":true,"href":"https:\/\/tupique.com\/pt\/wp-json\/wp\/v2\/product_brand?post=184421"},{"taxonomy":"product_cat","embeddable":true,"href":"https:\/\/tupique.com\/pt\/wp-json\/wp\/v2\/product_cat?post=184421"},{"taxonomy":"product_tag","embeddable":true,"href":"https:\/\/tupique.com\/pt\/wp-json\/wp\/v2\/product_tag?post=184421"}],"curies":[{"name":"wp","href":"https:\/\/api.w.org\/{rel}","templated":true}]}}