{"id":184460,"date":"2026-05-11T18:08:37","date_gmt":"2026-05-11T16:08:37","guid":{"rendered":"https:\/\/tupique.com\/product\/coussin-de-lecture-avec-accoudoirs-huglow-innovagoods\/"},"modified":"2026-05-11T21:23:48","modified_gmt":"2026-05-11T19:23:48","slug":"coussin-de-lecture-avec-accoudoirs-huglow-innovagoods","status":"publish","type":"product","link":"https:\/\/tupique.com\/pt\/product\/coussin-de-lecture-avec-accoudoirs-huglow-innovagoods\/","title":{"rendered":"Coussin de lecture avec accoudoirs Huglow InnovaGoods"},"content":{"rendered":"<div class=\"col-md-6\"><b>InnovaGoods<\/b> vous offre les meilleures nouveaut\u00e9s pour la maison, comme <b>Coussin de lecture avec accoudoirs Huglow InnovaGoods <\/b> ! D\u00e9couvrez une vaste gamme de produits de qualit\u00e9 qui se d\u00e9marquent de par leur fonctionnalit\u00e9, leur efficacit\u00e9 et leur design innovant : \u00e9clairage, organisation, d\u00e9coration, climatisation, jardin, animaux domestiques, nettoyage, etc.<\/p>\n<p>Ler <b>coussin de lecture avec accoudoirs Huglow InnovaGoods<\/b> est id\u00e9al<br \/>\npour lire confortablement sur un lit, sur un tapis, sur le sol ou sur un<br \/>\ncanap\u00e9, puisque son design original s\u2019adapte parfaitement \u00e0 votre posture. Il<br \/>\nest \u00e9galement id\u00e9al comme coussin de s\u00e9curit\u00e9 pour les enfants.<\/p>\n<p>Ce <b>coussin ergonomique<\/b> offre un appui optimal pour la t\u00eate, le dos<br \/>\net les bras afin d\u2019\u00e9viter les mauvaises postures qui provoquent des g\u00eanes et<br \/>\ndes douleurs. Vous pouvez \u00e9galement l\u2019utiliser dans plusieurs espaces pour<br \/>\ndiff\u00e9rentes activit\u00e9s, comme lire, travailler, jouer, regarder la t\u00e9l\u00e9 ou<br \/>\nsimplement pour faire une pause et se d\u00e9tendre.<\/p>\n<\/p>\n<ul>\n<li><b>Coussin de lecture avec accoudoirs<\/b><\/li>\n<li>Design original, moderne et \u00e9l\u00e9gant<\/li>\n<li><b>Ergonomique<\/b>, \u00e9vite les g\u00eanes et les douleurs<\/li>\n<li>Ext\u00e9rieur en polyester, int\u00e9rieur en coton PP<\/li>\n<li>Rembourrage dense : procure un haut niveau de<br \/>\nconfort<\/li>\n<li><b>Coussin tr\u00e8s doux, toucher velours<\/b><\/li>\n<li>Offre stabilit\u00e9, qualit\u00e9 et s\u00e9curit\u00e9<\/li>\n<li>Polyvalent, multifonction : lire, travailler,<br \/>\nse d\u00e9tendre\u2026<\/li>\n<li><b>Plusieurs positions : lit, canap\u00e9,<br \/>\ntapis, etc.<\/b><\/li>\n<li>Pour tous les \u00e2ges, enfants et adultes<\/li>\n<li>Laver \u00e0 la main avec un chiffon humide<\/li>\n<li><b>Poign\u00e9e de transport pratique pour le<br \/>\nd\u00e9placer<\/b><\/li>\n<li>Emball\u00e9 sous vide, 48 h pour se gonfler totalement<\/li>\n<\/ul>\n<p>Ce <b>coussin de lecture avec accoudoirs<\/b> offre une grande sensation de<br \/>\nbien-\u00eatre, gr\u00e2ce \u00e0 son confort, sa qualit\u00e9 et sa s\u00e9curit\u00e9. Son rembourrage,<br \/>\ndense, volumineux et de qualit\u00e9 permet un maximum de confort et offre un<br \/>\nsupport optimal pour la posture.<\/p>\n<p>Ce <b>coussin original<\/b> est le meilleur compagnon de lecture pour les<br \/>\nenfants et les adultes. Il est dot\u00e9 d\u2019une poign\u00e9e pour facilement le d\u00e9placer o\u00f9<br \/>\nvous le souhaitez. Il se nettoie rapidement avec un chiffon humide.<\/p>\n<\/p>\n<ul>\n<li>Mat\u00e9riel: Coton\/PP<\/li>\n<li>Couleur: Gris<\/li>\n<li>Design moderne: Ergonomique<\/li>\n<li>Type: Coussin de lecture avec accoudoirs<\/li>\n<li>Doux, agr\u00e9able au toucher: Velout\u00e9<\/li>\n<li>Confort et commodit\u00e9: Repos et relaxation<\/li>\n<li>Caract\u00e9ristiques: Anse de transport<\/li>\n<li>Polyvalent: Plusieurs fonctionnalit\u00e9s et espaces<\/li>\n<li>Universel: Id\u00e9al pour enfants et adultes<\/li>\n<li>Facile \u00e0 nettoyer: Nettoyage par chiffon humide<\/li>\n<li>Informations importantes: Emball\u00e9 sous vide, il se dilate compl\u00e8tement apr\u00e8s 48 heures.<\/li>\n<li>Dimensions approx.: 90 x 45 x 20 cm<\/li>\n<\/ul>\n<p>Packaging en 24 langues: anglais, fran\u00e7ais, espagnol, allemand, italien, portugais, n\u00e9erlandais, polonais, hongrois, roumain, danois, su\u00e9dois, finnois, lituanien, norv\u00e9gien, slov\u00e8ne, grec, tch\u00e8que, bulgare, croate, slovaque, estonien, russe, letton. <\/p>\n<p> Informations importantes: Emball\u00e9 sous vide, il se dilate compl\u00e8tement apr\u00e8s 48 heures..<\/p><\/div>\n<div class=\"col-md-6\">\n<div class=\"embed-responsive embed-responsive-16by9\"><iframe class=\"embed-responsive-item\" src=\"https:\/\/www.youtube.com\/embed\/KhSmboZIe4c\" frameborder=\"0\" allowfullscreen><\/iframe><\/div>\n<\/div>","protected":false},"excerpt":{"rendered":"<p><span class=\"unit-info\">9.2475 &euro; \/ 1 unit<\/span><\/p>","protected":false},"featured_media":184448,"comment_status":"open","ping_status":"closed","template":"","meta":[],"product_brand":[256],"product_cat":[63,64,1825,1861,776,1797,239,1860,784,752,1796],"product_tag":[103,106],"woo-feed-brand":[],"class_list":{"0":"post-184460","1":"product","2":"type-product","3":"status-publish","4":"has-post-thumbnail","6":"product_brand-brandp_1281","7":"product_cat-cadeaux-originaux","8":"product_cat-cadeaux-pour-la-maison","9":"product_cat-cadeaux-pour-soins-personnels","10":"product_cat-coussins-et-oreillers","11":"product_cat-detente-et-bien-etre","12":"product_cat-idees-pour-la-maison","13":"product_cat-maison-jardin","14":"product_cat-oreillers","15":"product_cat-repos","16":"product_cat-sante-beaute","17":"product_cat-teleachat-vu-a-la-television","18":"product_tag-tag_1261","19":"product_tag-tag_1295","21":"first","22":"instock","23":"taxable","24":"shipping-taxable","25":"purchasable","26":"product-type-simple"},"yoast_head":"<!-- This site is optimized with the Yoast SEO plugin v27.6 - https:\/\/yoast.com\/product\/yoast-seo-wordpress\/ -->\n<title>Coussin de lecture avec accoudoirs Huglow InnovaGoods | | Tupique<\/title>\n<meta name=\"description\" content=\"Envie d&#039;acheter Coussin de lecture avec accoudoirs Huglow InnovaGoods\u00a0? Achetez Coussin de lecture avec accoudoirs Huglow InnovaGoods maintenant avec Tupique en 3 versements sans int\u00e9r\u00eat.\" \/>\n<meta name=\"robots\" content=\"index, follow, max-snippet:-1, max-image-preview:large, max-video-preview:-1\" \/>\n<link rel=\"canonical\" href=\"https:\/\/tupique.com\/pt\/product\/coussin-de-lecture-avec-accoudoirs-huglow-innovagoods\/\" \/>\n<meta property=\"og:locale\" content=\"pt_PT\" \/>\n<meta property=\"og:type\" content=\"article\" \/>\n<meta property=\"og:title\" content=\"Coussin de lecture avec accoudoirs Huglow InnovaGoods | | Tupique\" \/>\n<meta property=\"og:description\" content=\"Envie d&#039;acheter Coussin de lecture avec accoudoirs Huglow InnovaGoods\u00a0? Achetez Coussin de lecture avec accoudoirs Huglow InnovaGoods maintenant avec Tupique en 3 versements sans int\u00e9r\u00eat.\" \/>\n<meta property=\"og:url\" content=\"https:\/\/tupique.com\/pt\/product\/coussin-de-lecture-avec-accoudoirs-huglow-innovagoods\/\" \/>\n<meta property=\"og:site_name\" content=\"Tupique\" \/>\n<meta property=\"article:modified_time\" content=\"2026-05-11T19:23:48+00:00\" \/>\n<meta property=\"og:image\" content=\"https:\/\/tupique.com\/wp-content\/uploads\/2026\/05\/8435527824624_V0103676_000_MKT2.jpg\" \/>\n\t<meta property=\"og:image:width\" content=\"1200\" \/>\n\t<meta property=\"og:image:height\" content=\"1200\" \/>\n\t<meta property=\"og:image:type\" content=\"image\/jpeg\" \/>\n<meta name=\"twitter:card\" content=\"summary_large_image\" \/>\n<meta name=\"twitter:label1\" content=\"Tempo estimado de leitura\" \/>\n\t<meta name=\"twitter:data1\" content=\"2 minutos\" \/>\n<script type=\"application\/ld+json\" class=\"yoast-schema-graph\">{\"@context\":\"https:\\\/\\\/schema.org\",\"@graph\":[{\"@type\":\"WebPage\",\"@id\":\"https:\\\/\\\/tupique.com\\\/pt\\\/product\\\/coussin-de-lecture-avec-accoudoirs-huglow-innovagoods\\\/\",\"url\":\"https:\\\/\\\/tupique.com\\\/pt\\\/product\\\/coussin-de-lecture-avec-accoudoirs-huglow-innovagoods\\\/\",\"name\":\"Coussin de lecture avec accoudoirs Huglow InnovaGoods | | Tupique\",\"isPartOf\":{\"@id\":\"https:\\\/\\\/tupique.com\\\/#website\"},\"primaryImageOfPage\":{\"@id\":\"https:\\\/\\\/tupique.com\\\/pt\\\/product\\\/coussin-de-lecture-avec-accoudoirs-huglow-innovagoods\\\/#primaryimage\"},\"image\":{\"@id\":\"https:\\\/\\\/tupique.com\\\/pt\\\/product\\\/coussin-de-lecture-avec-accoudoirs-huglow-innovagoods\\\/#primaryimage\"},\"thumbnailUrl\":\"https:\\\/\\\/tupique.com\\\/wp-content\\\/uploads\\\/2026\\\/05\\\/8435527824624_V0103676_000_MKT2.jpg\",\"datePublished\":\"2026-05-11T16:08:37+00:00\",\"dateModified\":\"2026-05-11T19:23:48+00:00\",\"description\":\"Envie d'acheter Coussin de lecture avec accoudoirs Huglow InnovaGoods\u00a0? Achetez Coussin de lecture avec accoudoirs Huglow InnovaGoods maintenant avec Tupique en 3 versements sans int\u00e9r\u00eat.\",\"breadcrumb\":{\"@id\":\"https:\\\/\\\/tupique.com\\\/pt\\\/product\\\/coussin-de-lecture-avec-accoudoirs-huglow-innovagoods\\\/#breadcrumb\"},\"inLanguage\":\"pt-PT\",\"potentialAction\":[{\"@type\":\"ReadAction\",\"target\":[\"https:\\\/\\\/tupique.com\\\/pt\\\/product\\\/coussin-de-lecture-avec-accoudoirs-huglow-innovagoods\\\/\"]}]},{\"@type\":\"ImageObject\",\"inLanguage\":\"pt-PT\",\"@id\":\"https:\\\/\\\/tupique.com\\\/pt\\\/product\\\/coussin-de-lecture-avec-accoudoirs-huglow-innovagoods\\\/#primaryimage\",\"url\":\"https:\\\/\\\/tupique.com\\\/wp-content\\\/uploads\\\/2026\\\/05\\\/8435527824624_V0103676_000_MKT2.jpg\",\"contentUrl\":\"https:\\\/\\\/tupique.com\\\/wp-content\\\/uploads\\\/2026\\\/05\\\/8435527824624_V0103676_000_MKT2.jpg\",\"width\":1200,\"height\":1200,\"caption\":\"V0103676_0\"},{\"@type\":\"BreadcrumbList\",\"@id\":\"https:\\\/\\\/tupique.com\\\/pt\\\/product\\\/coussin-de-lecture-avec-accoudoirs-huglow-innovagoods\\\/#breadcrumb\",\"itemListElement\":[{\"@type\":\"ListItem\",\"position\":1,\"name\":\"commencer\",\"item\":\"https:\\\/\\\/tupique.com\\\/\"},{\"@type\":\"ListItem\",\"position\":2,\"name\":\"Loja\",\"item\":\"https:\\\/\\\/tupique.com\\\/pt\\\/loja\\\/\"},{\"@type\":\"ListItem\",\"position\":3,\"name\":\"Coussin de lecture avec accoudoirs Huglow InnovaGoods\"}]},{\"@type\":\"WebSite\",\"@id\":\"https:\\\/\\\/tupique.com\\\/#website\",\"url\":\"https:\\\/\\\/tupique.com\\\/\",\"name\":\"Tupique\",\"description\":\"\",\"publisher\":{\"@id\":\"https:\\\/\\\/tupique.com\\\/#organization\"},\"potentialAction\":[{\"@type\":\"SearchAction\",\"target\":{\"@type\":\"EntryPoint\",\"urlTemplate\":\"https:\\\/\\\/tupique.com\\\/?s={search_term_string}\"},\"query-input\":{\"@type\":\"PropertyValueSpecification\",\"valueRequired\":true,\"valueName\":\"search_term_string\"}}],\"inLanguage\":\"pt-PT\"},{\"@type\":\"Organization\",\"@id\":\"https:\\\/\\\/tupique.com\\\/#organization\",\"name\":\"Tupique\",\"url\":\"https:\\\/\\\/tupique.com\\\/\",\"logo\":{\"@type\":\"ImageObject\",\"inLanguage\":\"pt-PT\",\"@id\":\"https:\\\/\\\/tupique.com\\\/#\\\/schema\\\/logo\\\/image\\\/\",\"url\":\"https:\\\/\\\/tupique.com\\\/wp-content\\\/uploads\\\/2026\\\/03\\\/logo-tupique-1.webp\",\"contentUrl\":\"https:\\\/\\\/tupique.com\\\/wp-content\\\/uploads\\\/2026\\\/03\\\/logo-tupique-1.webp\",\"width\":500,\"height\":67,\"caption\":\"Tupique\"},\"image\":{\"@id\":\"https:\\\/\\\/tupique.com\\\/#\\\/schema\\\/logo\\\/image\\\/\"}}]}<\/script>\n<!-- \/ Yoast SEO plugin. -->","yoast_head_json":{"title":"Coussin de lecture avec accoudoirs Huglow InnovaGoods | | Tupique","description":"Envie d'acheter Coussin de lecture avec accoudoirs Huglow InnovaGoods\u00a0? Achetez Coussin de lecture avec accoudoirs Huglow InnovaGoods maintenant avec Tupique en 3 versements sans int\u00e9r\u00eat.","robots":{"index":"index","follow":"follow","max-snippet":"max-snippet:-1","max-image-preview":"max-image-preview:large","max-video-preview":"max-video-preview:-1"},"canonical":"https:\/\/tupique.com\/pt\/product\/coussin-de-lecture-avec-accoudoirs-huglow-innovagoods\/","og_locale":"pt_PT","og_type":"article","og_title":"Coussin de lecture avec accoudoirs Huglow InnovaGoods | | Tupique","og_description":"Envie d'acheter Coussin de lecture avec accoudoirs Huglow InnovaGoods\u00a0? Achetez Coussin de lecture avec accoudoirs Huglow InnovaGoods maintenant avec Tupique en 3 versements sans int\u00e9r\u00eat.","og_url":"https:\/\/tupique.com\/pt\/product\/coussin-de-lecture-avec-accoudoirs-huglow-innovagoods\/","og_site_name":"Tupique","article_modified_time":"2026-05-11T19:23:48+00:00","og_image":[{"width":1200,"height":1200,"url":"https:\/\/tupique.com\/wp-content\/uploads\/2026\/05\/8435527824624_V0103676_000_MKT2.jpg","type":"image\/jpeg"}],"twitter_card":"summary_large_image","twitter_misc":{"Tempo estimado de leitura":"2 minutos"},"schema":{"@context":"https:\/\/schema.org","@graph":[{"@type":"WebPage","@id":"https:\/\/tupique.com\/pt\/product\/coussin-de-lecture-avec-accoudoirs-huglow-innovagoods\/","url":"https:\/\/tupique.com\/pt\/product\/coussin-de-lecture-avec-accoudoirs-huglow-innovagoods\/","name":"Coussin de lecture avec accoudoirs Huglow InnovaGoods | | Tupique","isPartOf":{"@id":"https:\/\/tupique.com\/#website"},"primaryImageOfPage":{"@id":"https:\/\/tupique.com\/pt\/product\/coussin-de-lecture-avec-accoudoirs-huglow-innovagoods\/#primaryimage"},"image":{"@id":"https:\/\/tupique.com\/pt\/product\/coussin-de-lecture-avec-accoudoirs-huglow-innovagoods\/#primaryimage"},"thumbnailUrl":"https:\/\/tupique.com\/wp-content\/uploads\/2026\/05\/8435527824624_V0103676_000_MKT2.jpg","datePublished":"2026-05-11T16:08:37+00:00","dateModified":"2026-05-11T19:23:48+00:00","description":"Envie d'acheter Coussin de lecture avec accoudoirs Huglow InnovaGoods\u00a0? Achetez Coussin de lecture avec accoudoirs Huglow InnovaGoods maintenant avec Tupique en 3 versements sans int\u00e9r\u00eat.","breadcrumb":{"@id":"https:\/\/tupique.com\/pt\/product\/coussin-de-lecture-avec-accoudoirs-huglow-innovagoods\/#breadcrumb"},"inLanguage":"pt-PT","potentialAction":[{"@type":"ReadAction","target":["https:\/\/tupique.com\/pt\/product\/coussin-de-lecture-avec-accoudoirs-huglow-innovagoods\/"]}]},{"@type":"ImageObject","inLanguage":"pt-PT","@id":"https:\/\/tupique.com\/pt\/product\/coussin-de-lecture-avec-accoudoirs-huglow-innovagoods\/#primaryimage","url":"https:\/\/tupique.com\/wp-content\/uploads\/2026\/05\/8435527824624_V0103676_000_MKT2.jpg","contentUrl":"https:\/\/tupique.com\/wp-content\/uploads\/2026\/05\/8435527824624_V0103676_000_MKT2.jpg","width":1200,"height":1200,"caption":"V0103676_0"},{"@type":"BreadcrumbList","@id":"https:\/\/tupique.com\/pt\/product\/coussin-de-lecture-avec-accoudoirs-huglow-innovagoods\/#breadcrumb","itemListElement":[{"@type":"ListItem","position":1,"name":"commencer","item":"https:\/\/tupique.com\/"},{"@type":"ListItem","position":2,"name":"Loja","item":"https:\/\/tupique.com\/pt\/loja\/"},{"@type":"ListItem","position":3,"name":"Coussin de lecture avec accoudoirs Huglow InnovaGoods"}]},{"@type":"WebSite","@id":"https:\/\/tupique.com\/#website","url":"https:\/\/tupique.com\/","name":"Tupique","description":"","publisher":{"@id":"https:\/\/tupique.com\/#organization"},"potentialAction":[{"@type":"SearchAction","target":{"@type":"EntryPoint","urlTemplate":"https:\/\/tupique.com\/?s={search_term_string}"},"query-input":{"@type":"PropertyValueSpecification","valueRequired":true,"valueName":"search_term_string"}}],"inLanguage":"pt-PT"},{"@type":"Organization","@id":"https:\/\/tupique.com\/#organization","name":"Tupique","url":"https:\/\/tupique.com\/","logo":{"@type":"ImageObject","inLanguage":"pt-PT","@id":"https:\/\/tupique.com\/#\/schema\/logo\/image\/","url":"https:\/\/tupique.com\/wp-content\/uploads\/2026\/03\/logo-tupique-1.webp","contentUrl":"https:\/\/tupique.com\/wp-content\/uploads\/2026\/03\/logo-tupique-1.webp","width":500,"height":67,"caption":"Tupique"},"image":{"@id":"https:\/\/tupique.com\/#\/schema\/logo\/image\/"}}]}},"_links":{"self":[{"href":"https:\/\/tupique.com\/pt\/wp-json\/wp\/v2\/product\/184460","targetHints":{"allow":["GET"]}}],"collection":[{"href":"https:\/\/tupique.com\/pt\/wp-json\/wp\/v2\/product"}],"about":[{"href":"https:\/\/tupique.com\/pt\/wp-json\/wp\/v2\/types\/product"}],"replies":[{"embeddable":true,"href":"https:\/\/tupique.com\/pt\/wp-json\/wp\/v2\/comments?post=184460"}],"wp:featuredmedia":[{"embeddable":true,"href":"https:\/\/tupique.com\/pt\/wp-json\/wp\/v2\/media\/184448"}],"wp:attachment":[{"href":"https:\/\/tupique.com\/pt\/wp-json\/wp\/v2\/media?parent=184460"}],"wp:term":[{"taxonomy":"product_brand","embeddable":true,"href":"https:\/\/tupique.com\/pt\/wp-json\/wp\/v2\/product_brand?post=184460"},{"taxonomy":"product_cat","embeddable":true,"href":"https:\/\/tupique.com\/pt\/wp-json\/wp\/v2\/product_cat?post=184460"},{"taxonomy":"product_tag","embeddable":true,"href":"https:\/\/tupique.com\/pt\/wp-json\/wp\/v2\/product_tag?post=184460"},{"taxonomy":"woo-feed-brand","embeddable":true,"href":"https:\/\/tupique.com\/pt\/wp-json\/wp\/v2\/woo-feed-brand?post=184460"}],"curies":[{"name":"wp","href":"https:\/\/api.w.org\/{rel}","templated":true}]}}