{"id":184464,"date":"2026-05-11T18:08:42","date_gmt":"2026-05-11T16:08:42","guid":{"rendered":"https:\/\/tupique.com\/product\/centre-de-table-dkd-home-decor-argente-acrylique-aluminium-23-x-23-x-22-cm\/"},"modified":"2026-05-11T21:17:56","modified_gmt":"2026-05-11T19:17:56","slug":"centre-de-table-dkd-home-decor-argente-acrylique-aluminium-23-x-23-x-22-cm","status":"publish","type":"product","link":"https:\/\/tupique.com\/pt\/product\/centre-de-table-dkd-home-decor-argente-acrylique-aluminium-23-x-23-x-22-cm\/","title":{"rendered":"Centre de Table DKD Home Decor Argent\u00e9 Acrylique Aluminium 23 x 23 x 22 cm"},"content":{"rendered":"<p>Si vous aimez prendre soin de chaque d\u00e9tail de votre maison et d&#8217;\u00eatre \u00e0 la derni\u00e8re mode en mati\u00e8re de produits qui vous rendront la vie plus facile, achetez <b>Centre de Table DKD Home Decor Argent\u00e9 Acrylique Aluminium 23 x 23 x 22 cm<\/b> au meilleur prix.<\/p>\n<ul>\n<li>Type: Centre de Table<\/li>\n<li>Couleur: Argent\u00e9<\/li>\n<li>Mati\u00e8re:\n<ul>\n<li>Acrylique<\/li>\n<li>Aluminium<\/li>\n<\/ul>\n<\/li>\n<li>Caract\u00e9ristiques: Traditionnel<\/li>\n<li>Dimensions approx.: 23 x 23 x 22 cm<\/li>\n<\/ul>","protected":false},"excerpt":{"rendered":"<p>Si vous aimez prendre soin de chaque d\u00e9tail de votre maison et d&#8217;\u00eatre \u00e0 la derni\u00e8re mode en mati\u00e8re de produits qui vous rendront la vie plus facile, achetez Centre de Table DKD Home Decor Argent\u00e9 Acrylique Aluminium 23 x 23 x 22 cm au meilleur prix. Type: Centre de Table Couleur: Argent\u00e9 Mati\u00e8re: Acrylique [&hellip;]<\/p>\n","protected":false},"featured_media":184461,"comment_status":"open","ping_status":"closed","template":"","meta":[],"product_brand":[263],"product_cat":[1730,1430,239],"product_tag":[104],"woo-feed-brand":[],"class_list":{"0":"post-184464","1":"product","2":"type-product","3":"status-publish","4":"has-post-thumbnail","6":"product_brand-brandp_3770","7":"product_cat-centres-de-table-et-vases","8":"product_cat-decoration-et-eclairage","9":"product_cat-maison-jardin","10":"product_tag-tag_1279","12":"first","13":"instock","14":"taxable","15":"shipping-taxable","16":"purchasable","17":"product-type-simple"},"yoast_head":"<!-- This site is optimized with the Yoast SEO plugin v27.6 - https:\/\/yoast.com\/product\/yoast-seo-wordpress\/ -->\n<title>Centre de Table DKD Home Decor Argent\u00e9 Acrylique Aluminium 23 x 23 x 22 cm | | Tupique<\/title>\n<meta name=\"description\" content=\"Envie d&#039;acheter Centre de Table DKD Home Decor Argent\u00e9 Acrylique Aluminium 23 x 23 x 22 cm\u00a0? Achetez Centre de Table DKD Home Decor Argent\u00e9 Acrylique Aluminium 23 x 23 x 22 cm maintenant avec Tupique en 3 versements sans int\u00e9r\u00eat.\" \/>\n<meta name=\"robots\" content=\"index, follow, max-snippet:-1, max-image-preview:large, max-video-preview:-1\" \/>\n<link rel=\"canonical\" href=\"https:\/\/tupique.com\/pt\/product\/centre-de-table-dkd-home-decor-argente-acrylique-aluminium-23-x-23-x-22-cm\/\" \/>\n<meta property=\"og:locale\" content=\"pt_PT\" \/>\n<meta property=\"og:type\" content=\"article\" \/>\n<meta property=\"og:title\" content=\"Centre de Table DKD Home Decor Argent\u00e9 Acrylique Aluminium 23 x 23 x 22 cm | | Tupique\" \/>\n<meta property=\"og:description\" content=\"Envie d&#039;acheter Centre de Table DKD Home Decor Argent\u00e9 Acrylique Aluminium 23 x 23 x 22 cm\u00a0? Achetez Centre de Table DKD Home Decor Argent\u00e9 Acrylique Aluminium 23 x 23 x 22 cm maintenant avec Tupique en 3 versements sans int\u00e9r\u00eat.\" \/>\n<meta property=\"og:url\" content=\"https:\/\/tupique.com\/pt\/product\/centre-de-table-dkd-home-decor-argente-acrylique-aluminium-23-x-23-x-22-cm\/\" \/>\n<meta property=\"og:site_name\" content=\"Tupique\" \/>\n<meta property=\"article:modified_time\" content=\"2026-05-11T19:17:56+00:00\" \/>\n<meta property=\"og:image\" content=\"https:\/\/tupique.com\/wp-content\/uploads\/2026\/05\/8424002052775_S3042742_P21.jpg\" \/>\n\t<meta property=\"og:image:width\" content=\"1200\" \/>\n\t<meta property=\"og:image:height\" content=\"1200\" \/>\n\t<meta property=\"og:image:type\" content=\"image\/jpeg\" \/>\n<meta name=\"twitter:card\" content=\"summary_large_image\" \/>\n<script type=\"application\/ld+json\" class=\"yoast-schema-graph\">{\"@context\":\"https:\\\/\\\/schema.org\",\"@graph\":[{\"@type\":\"WebPage\",\"@id\":\"https:\\\/\\\/tupique.com\\\/pt\\\/product\\\/centre-de-table-dkd-home-decor-argente-acrylique-aluminium-23-x-23-x-22-cm\\\/\",\"url\":\"https:\\\/\\\/tupique.com\\\/pt\\\/product\\\/centre-de-table-dkd-home-decor-argente-acrylique-aluminium-23-x-23-x-22-cm\\\/\",\"name\":\"Centre de Table DKD Home Decor Argent\u00e9 Acrylique Aluminium 23 x 23 x 22 cm | | Tupique\",\"isPartOf\":{\"@id\":\"https:\\\/\\\/tupique.com\\\/#website\"},\"primaryImageOfPage\":{\"@id\":\"https:\\\/\\\/tupique.com\\\/pt\\\/product\\\/centre-de-table-dkd-home-decor-argente-acrylique-aluminium-23-x-23-x-22-cm\\\/#primaryimage\"},\"image\":{\"@id\":\"https:\\\/\\\/tupique.com\\\/pt\\\/product\\\/centre-de-table-dkd-home-decor-argente-acrylique-aluminium-23-x-23-x-22-cm\\\/#primaryimage\"},\"thumbnailUrl\":\"https:\\\/\\\/tupique.com\\\/wp-content\\\/uploads\\\/2026\\\/05\\\/8424002052775_S3042742_P21.jpg\",\"datePublished\":\"2026-05-11T16:08:42+00:00\",\"dateModified\":\"2026-05-11T19:17:56+00:00\",\"description\":\"Envie d'acheter Centre de Table DKD Home Decor Argent\u00e9 Acrylique Aluminium 23 x 23 x 22 cm\u00a0? Achetez Centre de Table DKD Home Decor Argent\u00e9 Acrylique Aluminium 23 x 23 x 22 cm maintenant avec Tupique en 3 versements sans int\u00e9r\u00eat.\",\"breadcrumb\":{\"@id\":\"https:\\\/\\\/tupique.com\\\/pt\\\/product\\\/centre-de-table-dkd-home-decor-argente-acrylique-aluminium-23-x-23-x-22-cm\\\/#breadcrumb\"},\"inLanguage\":\"pt-PT\",\"potentialAction\":[{\"@type\":\"ReadAction\",\"target\":[\"https:\\\/\\\/tupique.com\\\/pt\\\/product\\\/centre-de-table-dkd-home-decor-argente-acrylique-aluminium-23-x-23-x-22-cm\\\/\"]}]},{\"@type\":\"ImageObject\",\"inLanguage\":\"pt-PT\",\"@id\":\"https:\\\/\\\/tupique.com\\\/pt\\\/product\\\/centre-de-table-dkd-home-decor-argente-acrylique-aluminium-23-x-23-x-22-cm\\\/#primaryimage\",\"url\":\"https:\\\/\\\/tupique.com\\\/wp-content\\\/uploads\\\/2026\\\/05\\\/8424002052775_S3042742_P21.jpg\",\"contentUrl\":\"https:\\\/\\\/tupique.com\\\/wp-content\\\/uploads\\\/2026\\\/05\\\/8424002052775_S3042742_P21.jpg\",\"width\":1200,\"height\":1200,\"caption\":\"S3042742_0\"},{\"@type\":\"BreadcrumbList\",\"@id\":\"https:\\\/\\\/tupique.com\\\/pt\\\/product\\\/centre-de-table-dkd-home-decor-argente-acrylique-aluminium-23-x-23-x-22-cm\\\/#breadcrumb\",\"itemListElement\":[{\"@type\":\"ListItem\",\"position\":1,\"name\":\"commencer\",\"item\":\"https:\\\/\\\/tupique.com\\\/\"},{\"@type\":\"ListItem\",\"position\":2,\"name\":\"Loja\",\"item\":\"https:\\\/\\\/tupique.com\\\/pt\\\/loja\\\/\"},{\"@type\":\"ListItem\",\"position\":3,\"name\":\"Centre de Table DKD Home Decor Argent\u00e9 Acrylique Aluminium 23 x 23 x 22 cm\"}]},{\"@type\":\"WebSite\",\"@id\":\"https:\\\/\\\/tupique.com\\\/#website\",\"url\":\"https:\\\/\\\/tupique.com\\\/\",\"name\":\"Tupique\",\"description\":\"\",\"publisher\":{\"@id\":\"https:\\\/\\\/tupique.com\\\/#organization\"},\"potentialAction\":[{\"@type\":\"SearchAction\",\"target\":{\"@type\":\"EntryPoint\",\"urlTemplate\":\"https:\\\/\\\/tupique.com\\\/?s={search_term_string}\"},\"query-input\":{\"@type\":\"PropertyValueSpecification\",\"valueRequired\":true,\"valueName\":\"search_term_string\"}}],\"inLanguage\":\"pt-PT\"},{\"@type\":\"Organization\",\"@id\":\"https:\\\/\\\/tupique.com\\\/#organization\",\"name\":\"Tupique\",\"url\":\"https:\\\/\\\/tupique.com\\\/\",\"logo\":{\"@type\":\"ImageObject\",\"inLanguage\":\"pt-PT\",\"@id\":\"https:\\\/\\\/tupique.com\\\/#\\\/schema\\\/logo\\\/image\\\/\",\"url\":\"https:\\\/\\\/tupique.com\\\/wp-content\\\/uploads\\\/2026\\\/03\\\/logo-tupique-1.webp\",\"contentUrl\":\"https:\\\/\\\/tupique.com\\\/wp-content\\\/uploads\\\/2026\\\/03\\\/logo-tupique-1.webp\",\"width\":500,\"height\":67,\"caption\":\"Tupique\"},\"image\":{\"@id\":\"https:\\\/\\\/tupique.com\\\/#\\\/schema\\\/logo\\\/image\\\/\"}}]}<\/script>\n<!-- \/ Yoast SEO plugin. -->","yoast_head_json":{"title":"Centre de Table DKD Home Decor Argent\u00e9 Acrylique Aluminium 23 x 23 x 22 cm | | Tupique","description":"Envie d'acheter Centre de Table DKD Home Decor Argent\u00e9 Acrylique Aluminium 23 x 23 x 22 cm\u00a0? Achetez Centre de Table DKD Home Decor Argent\u00e9 Acrylique Aluminium 23 x 23 x 22 cm maintenant avec Tupique en 3 versements sans int\u00e9r\u00eat.","robots":{"index":"index","follow":"follow","max-snippet":"max-snippet:-1","max-image-preview":"max-image-preview:large","max-video-preview":"max-video-preview:-1"},"canonical":"https:\/\/tupique.com\/pt\/product\/centre-de-table-dkd-home-decor-argente-acrylique-aluminium-23-x-23-x-22-cm\/","og_locale":"pt_PT","og_type":"article","og_title":"Centre de Table DKD Home Decor Argent\u00e9 Acrylique Aluminium 23 x 23 x 22 cm | | Tupique","og_description":"Envie d'acheter Centre de Table DKD Home Decor Argent\u00e9 Acrylique Aluminium 23 x 23 x 22 cm\u00a0? Achetez Centre de Table DKD Home Decor Argent\u00e9 Acrylique Aluminium 23 x 23 x 22 cm maintenant avec Tupique en 3 versements sans int\u00e9r\u00eat.","og_url":"https:\/\/tupique.com\/pt\/product\/centre-de-table-dkd-home-decor-argente-acrylique-aluminium-23-x-23-x-22-cm\/","og_site_name":"Tupique","article_modified_time":"2026-05-11T19:17:56+00:00","og_image":[{"width":1200,"height":1200,"url":"https:\/\/tupique.com\/wp-content\/uploads\/2026\/05\/8424002052775_S3042742_P21.jpg","type":"image\/jpeg"}],"twitter_card":"summary_large_image","schema":{"@context":"https:\/\/schema.org","@graph":[{"@type":"WebPage","@id":"https:\/\/tupique.com\/pt\/product\/centre-de-table-dkd-home-decor-argente-acrylique-aluminium-23-x-23-x-22-cm\/","url":"https:\/\/tupique.com\/pt\/product\/centre-de-table-dkd-home-decor-argente-acrylique-aluminium-23-x-23-x-22-cm\/","name":"Centre de Table DKD Home Decor Argent\u00e9 Acrylique Aluminium 23 x 23 x 22 cm | | Tupique","isPartOf":{"@id":"https:\/\/tupique.com\/#website"},"primaryImageOfPage":{"@id":"https:\/\/tupique.com\/pt\/product\/centre-de-table-dkd-home-decor-argente-acrylique-aluminium-23-x-23-x-22-cm\/#primaryimage"},"image":{"@id":"https:\/\/tupique.com\/pt\/product\/centre-de-table-dkd-home-decor-argente-acrylique-aluminium-23-x-23-x-22-cm\/#primaryimage"},"thumbnailUrl":"https:\/\/tupique.com\/wp-content\/uploads\/2026\/05\/8424002052775_S3042742_P21.jpg","datePublished":"2026-05-11T16:08:42+00:00","dateModified":"2026-05-11T19:17:56+00:00","description":"Envie d'acheter Centre de Table DKD Home Decor Argent\u00e9 Acrylique Aluminium 23 x 23 x 22 cm\u00a0? Achetez Centre de Table DKD Home Decor Argent\u00e9 Acrylique Aluminium 23 x 23 x 22 cm maintenant avec Tupique en 3 versements sans int\u00e9r\u00eat.","breadcrumb":{"@id":"https:\/\/tupique.com\/pt\/product\/centre-de-table-dkd-home-decor-argente-acrylique-aluminium-23-x-23-x-22-cm\/#breadcrumb"},"inLanguage":"pt-PT","potentialAction":[{"@type":"ReadAction","target":["https:\/\/tupique.com\/pt\/product\/centre-de-table-dkd-home-decor-argente-acrylique-aluminium-23-x-23-x-22-cm\/"]}]},{"@type":"ImageObject","inLanguage":"pt-PT","@id":"https:\/\/tupique.com\/pt\/product\/centre-de-table-dkd-home-decor-argente-acrylique-aluminium-23-x-23-x-22-cm\/#primaryimage","url":"https:\/\/tupique.com\/wp-content\/uploads\/2026\/05\/8424002052775_S3042742_P21.jpg","contentUrl":"https:\/\/tupique.com\/wp-content\/uploads\/2026\/05\/8424002052775_S3042742_P21.jpg","width":1200,"height":1200,"caption":"S3042742_0"},{"@type":"BreadcrumbList","@id":"https:\/\/tupique.com\/pt\/product\/centre-de-table-dkd-home-decor-argente-acrylique-aluminium-23-x-23-x-22-cm\/#breadcrumb","itemListElement":[{"@type":"ListItem","position":1,"name":"commencer","item":"https:\/\/tupique.com\/"},{"@type":"ListItem","position":2,"name":"Loja","item":"https:\/\/tupique.com\/pt\/loja\/"},{"@type":"ListItem","position":3,"name":"Centre de Table DKD Home Decor Argent\u00e9 Acrylique Aluminium 23 x 23 x 22 cm"}]},{"@type":"WebSite","@id":"https:\/\/tupique.com\/#website","url":"https:\/\/tupique.com\/","name":"Tupique","description":"","publisher":{"@id":"https:\/\/tupique.com\/#organization"},"potentialAction":[{"@type":"SearchAction","target":{"@type":"EntryPoint","urlTemplate":"https:\/\/tupique.com\/?s={search_term_string}"},"query-input":{"@type":"PropertyValueSpecification","valueRequired":true,"valueName":"search_term_string"}}],"inLanguage":"pt-PT"},{"@type":"Organization","@id":"https:\/\/tupique.com\/#organization","name":"Tupique","url":"https:\/\/tupique.com\/","logo":{"@type":"ImageObject","inLanguage":"pt-PT","@id":"https:\/\/tupique.com\/#\/schema\/logo\/image\/","url":"https:\/\/tupique.com\/wp-content\/uploads\/2026\/03\/logo-tupique-1.webp","contentUrl":"https:\/\/tupique.com\/wp-content\/uploads\/2026\/03\/logo-tupique-1.webp","width":500,"height":67,"caption":"Tupique"},"image":{"@id":"https:\/\/tupique.com\/#\/schema\/logo\/image\/"}}]}},"_links":{"self":[{"href":"https:\/\/tupique.com\/pt\/wp-json\/wp\/v2\/product\/184464","targetHints":{"allow":["GET"]}}],"collection":[{"href":"https:\/\/tupique.com\/pt\/wp-json\/wp\/v2\/product"}],"about":[{"href":"https:\/\/tupique.com\/pt\/wp-json\/wp\/v2\/types\/product"}],"replies":[{"embeddable":true,"href":"https:\/\/tupique.com\/pt\/wp-json\/wp\/v2\/comments?post=184464"}],"wp:featuredmedia":[{"embeddable":true,"href":"https:\/\/tupique.com\/pt\/wp-json\/wp\/v2\/media\/184461"}],"wp:attachment":[{"href":"https:\/\/tupique.com\/pt\/wp-json\/wp\/v2\/media?parent=184464"}],"wp:term":[{"taxonomy":"product_brand","embeddable":true,"href":"https:\/\/tupique.com\/pt\/wp-json\/wp\/v2\/product_brand?post=184464"},{"taxonomy":"product_cat","embeddable":true,"href":"https:\/\/tupique.com\/pt\/wp-json\/wp\/v2\/product_cat?post=184464"},{"taxonomy":"product_tag","embeddable":true,"href":"https:\/\/tupique.com\/pt\/wp-json\/wp\/v2\/product_tag?post=184464"},{"taxonomy":"woo-feed-brand","embeddable":true,"href":"https:\/\/tupique.com\/pt\/wp-json\/wp\/v2\/woo-feed-brand?post=184464"}],"curies":[{"name":"wp","href":"https:\/\/api.w.org\/{rel}","templated":true}]}}