{"id":184466,"date":"2026-05-11T18:08:44","date_gmt":"2026-05-11T16:08:44","guid":{"rendered":"https:\/\/tupique.com\/product\/gel-hygiene-intime-isdin-germisdin-intim-250-ml\/"},"modified":"2026-05-11T21:17:31","modified_gmt":"2026-05-11T19:17:31","slug":"gel-hygiene-intime-isdin-germisdin-intim-250-ml","status":"publish","type":"product","link":"https:\/\/tupique.com\/pt\/product\/gel-hygiene-intime-isdin-germisdin-intim-250-ml\/","title":{"rendered":"Gel Hygi\u00e8ne Intime Isdin Germisdin Intim 250 ml"},"content":{"rendered":"<p>Gel Hygi\u00e8ne Intime Isdin Germisdin Intim (250 ml) est un produit exclusif de qualit\u00e9 pour le soin du corps. Si vous recherchez les meilleurs produits d\u2019hygi\u00e8ne personnelle, les produits Isdin 100 % originaux sont exactement ce dont vous avez besoin.<\/p>\n<p>Ler <b>Germisdin Intim<\/b> de <b>Isdin<\/b> est un gel d\u2019hygi\u00e8ne intime sp\u00e9cialement formul\u00e9 pour la <b>femme<\/b>, con\u00e7u pour offrir un nettoyage doux et respectueux de la zone intime. Avec une contenance de <b>250 ml<\/b>, ce gel se distingue par sa texture en <b>gel<\/b> qui facilite une application confortable et efficace. Fabriqu\u00e9 en <b>Espanha<\/b>, il appartient \u00e0 la cat\u00e9gorie des produits dermocosm\u00e9tiques, ce qui signifie que sa formule a \u00e9t\u00e9 d\u00e9velopp\u00e9e avec une attention particuli\u00e8re \u00e0 la tol\u00e9rance et au soin de la peau sensible de cette zone. Ce gel assure non seulement une hygi\u00e8ne intime quotidienne correcte, mais contribue aussi \u00e0 maintenir l\u2019\u00e9quilibre naturel de la zone, \u00e9vitant irritations et inconfort gr\u00e2ce \u00e0 sa composition \u00e9quilibr\u00e9e et sans agents agressifs. Sa pr\u00e9sentation en gel procure une sensation de fra\u00eecheur et de propret\u00e9 sans alt\u00e9rer le pH ni la flore naturelle, un aspect essentiel des produits d\u2019hygi\u00e8ne f\u00e9minine. En r\u00e9sum\u00e9, le <b>Germisdin Intim gel hygi\u00e8ne intime 250 ml<\/b> est une option fiable pour l\u2019hygi\u00e8ne f\u00e9minine quotidienne, avec une garantie de qualit\u00e9 et un d\u00e9veloppement dermatologique associ\u00e9 \u00e0 la marque Isdin.<\/p>\n<ul>\n<li>Tipo:\n<ul>\n<li>Hygi\u00e8ne<\/li>\n<li>Dermocosm\u00e9ticos<\/li>\n<li>Parafarm\u00e1cia<\/li>\n<\/ul>\n<\/li>\n<li>Caract\u00e9ristiques: Doux<\/li>\n<li>Propriedades:\n<ul>\n<li>Hidratante<\/li>\n<li>Assouplissant<\/li>\n<\/ul>\n<\/li>\n<li>G\u00e9nero: Femme<\/li>\n<li>Utilisation recommand\u00e9e: Tous les types de peau<\/li>\n<li>Ingredientes:\n<ul>\n<li>Polyquaternium-10<\/li>\n<li>Potassium sorbate<\/li>\n<li>Sodium acetate<\/li>\n<li>Sodium benzoate<\/li>\n<li>Sodium chloride<\/li>\n<li>Sodium hydroxide<\/li>\n<li>Styrene\/acrylates copolymer<\/li>\n<li>Acrylates copolymer<\/li>\n<li>Glicol but\u00edlico<\/li>\n<li>EDTA diss\u00f3dico<\/li>\n<li>Fragr\u00e2ncia (perfume)<\/li>\n<li>Isopropyl alcohol<\/li>\n<li>Fenoxietanol<\/li>\n<li>Glicerina<\/li>\n<li>Lactic acid<\/li>\n<li>Benzoic acid<\/li>\n<li>Cocamide DEA<\/li>\n<li>Sodium c14-16 olefin sulfonate<\/li>\n<\/ul>\n<\/li>\n<li>Capacit\u00e9: 250 ml<\/li>\n<\/ul>","protected":false},"excerpt":{"rendered":"<p><span class=\"unit-info\">7.1960 &euro; \/ 100 ml<\/span><\/p>","protected":false},"featured_media":184465,"comment_status":"open","ping_status":"closed","template":"","meta":[],"product_brand":[2411],"product_cat":[1874,769,770],"product_tag":[1672],"woo-feed-brand":[],"class_list":{"0":"post-184466","1":"product","2":"type-product","3":"status-publish","4":"has-post-thumbnail","6":"product_brand-brandp_2303","7":"product_cat-hygiene-intime","8":"product_cat-parfum-cosmetique","9":"product_cat-soin-corporel","10":"product_tag-tag_1280","12":"first","13":"instock","14":"taxable","15":"shipping-taxable","16":"purchasable","17":"product-type-simple"},"yoast_head":"<!-- This site is optimized with the Yoast SEO plugin v27.6 - https:\/\/yoast.com\/product\/yoast-seo-wordpress\/ -->\n<title>Gel Hygi\u00e8ne Intime Isdin Germisdin Intim 250 ml | | Tupique<\/title>\n<meta name=\"description\" content=\"Envie d&#039;acheter Gel Hygi\u00e8ne Intime Isdin Germisdin Intim 250 ml\u00a0? Achetez Gel Hygi\u00e8ne Intime Isdin Germisdin Intim 250 ml maintenant avec Tupique en 3 versements sans int\u00e9r\u00eat.\" \/>\n<meta name=\"robots\" content=\"index, follow, max-snippet:-1, max-image-preview:large, max-video-preview:-1\" \/>\n<link rel=\"canonical\" href=\"https:\/\/tupique.com\/pt\/product\/gel-hygiene-intime-isdin-germisdin-intim-250-ml\/\" \/>\n<meta property=\"og:locale\" content=\"pt_PT\" \/>\n<meta property=\"og:type\" content=\"article\" \/>\n<meta property=\"og:title\" content=\"Gel Hygi\u00e8ne Intime Isdin Germisdin Intim 250 ml | | Tupique\" \/>\n<meta property=\"og:description\" content=\"Envie d&#039;acheter Gel Hygi\u00e8ne Intime Isdin Germisdin Intim 250 ml\u00a0? Achetez Gel Hygi\u00e8ne Intime Isdin Germisdin Intim 250 ml maintenant avec Tupique en 3 versements sans int\u00e9r\u00eat.\" \/>\n<meta property=\"og:url\" content=\"https:\/\/tupique.com\/pt\/product\/gel-hygiene-intime-isdin-germisdin-intim-250-ml\/\" \/>\n<meta property=\"og:site_name\" content=\"Tupique\" \/>\n<meta property=\"article:modified_time\" content=\"2026-05-11T19:17:31+00:00\" \/>\n<meta property=\"og:image\" content=\"https:\/\/tupique.com\/wp-content\/uploads\/2026\/05\/S0586724_8470003854504_P11.jpg\" \/>\n\t<meta property=\"og:image:width\" content=\"1200\" \/>\n\t<meta property=\"og:image:height\" content=\"1200\" \/>\n\t<meta property=\"og:image:type\" content=\"image\/jpeg\" \/>\n<meta name=\"twitter:card\" content=\"summary_large_image\" \/>\n<meta name=\"twitter:label1\" content=\"Tempo estimado de leitura\" \/>\n\t<meta name=\"twitter:data1\" content=\"1 minuto\" \/>\n<script type=\"application\/ld+json\" class=\"yoast-schema-graph\">{\"@context\":\"https:\\\/\\\/schema.org\",\"@graph\":[{\"@type\":\"WebPage\",\"@id\":\"https:\\\/\\\/tupique.com\\\/en\\\/product\\\/gel-hygiene-intime-isdin-germisdin-intim-250-ml\\\/\",\"url\":\"https:\\\/\\\/tupique.com\\\/en\\\/product\\\/gel-hygiene-intime-isdin-germisdin-intim-250-ml\\\/\",\"name\":\"Gel Hygi\u00e8ne Intime Isdin Germisdin Intim 250 ml | | Tupique\",\"isPartOf\":{\"@id\":\"https:\\\/\\\/tupique.com\\\/#website\"},\"primaryImageOfPage\":{\"@id\":\"https:\\\/\\\/tupique.com\\\/en\\\/product\\\/gel-hygiene-intime-isdin-germisdin-intim-250-ml\\\/#primaryimage\"},\"image\":{\"@id\":\"https:\\\/\\\/tupique.com\\\/en\\\/product\\\/gel-hygiene-intime-isdin-germisdin-intim-250-ml\\\/#primaryimage\"},\"thumbnailUrl\":\"https:\\\/\\\/tupique.com\\\/wp-content\\\/uploads\\\/2026\\\/05\\\/S0586724_8470003854504_P11.jpg\",\"datePublished\":\"2026-05-11T16:08:44+00:00\",\"dateModified\":\"2026-05-11T19:17:31+00:00\",\"description\":\"Envie d'acheter Gel Hygi\u00e8ne Intime Isdin Germisdin Intim 250 ml\u00a0? Achetez Gel Hygi\u00e8ne Intime Isdin Germisdin Intim 250 ml maintenant avec Tupique en 3 versements sans int\u00e9r\u00eat.\",\"breadcrumb\":{\"@id\":\"https:\\\/\\\/tupique.com\\\/en\\\/product\\\/gel-hygiene-intime-isdin-germisdin-intim-250-ml\\\/#breadcrumb\"},\"inLanguage\":\"pt-PT\",\"potentialAction\":[{\"@type\":\"ReadAction\",\"target\":[\"https:\\\/\\\/tupique.com\\\/en\\\/product\\\/gel-hygiene-intime-isdin-germisdin-intim-250-ml\\\/\"]}]},{\"@type\":\"ImageObject\",\"inLanguage\":\"pt-PT\",\"@id\":\"https:\\\/\\\/tupique.com\\\/en\\\/product\\\/gel-hygiene-intime-isdin-germisdin-intim-250-ml\\\/#primaryimage\",\"url\":\"https:\\\/\\\/tupique.com\\\/wp-content\\\/uploads\\\/2026\\\/05\\\/S0586724_8470003854504_P11.jpg\",\"contentUrl\":\"https:\\\/\\\/tupique.com\\\/wp-content\\\/uploads\\\/2026\\\/05\\\/S0586724_8470003854504_P11.jpg\",\"width\":1200,\"height\":1200,\"caption\":\"S0586724_0\"},{\"@type\":\"BreadcrumbList\",\"@id\":\"https:\\\/\\\/tupique.com\\\/en\\\/product\\\/gel-hygiene-intime-isdin-germisdin-intim-250-ml\\\/#breadcrumb\",\"itemListElement\":[{\"@type\":\"ListItem\",\"position\":1,\"name\":\"commencer\",\"item\":\"https:\\\/\\\/tupique.com\\\/\"},{\"@type\":\"ListItem\",\"position\":2,\"name\":\"Loja\",\"item\":\"https:\\\/\\\/tupique.com\\\/pt\\\/loja\\\/\"},{\"@type\":\"ListItem\",\"position\":3,\"name\":\"Gel Hygi\u00e8ne Intime Isdin Germisdin Intim 250 ml\"}]},{\"@type\":\"WebSite\",\"@id\":\"https:\\\/\\\/tupique.com\\\/#website\",\"url\":\"https:\\\/\\\/tupique.com\\\/\",\"name\":\"Tupique\",\"description\":\"\",\"publisher\":{\"@id\":\"https:\\\/\\\/tupique.com\\\/#organization\"},\"potentialAction\":[{\"@type\":\"SearchAction\",\"target\":{\"@type\":\"EntryPoint\",\"urlTemplate\":\"https:\\\/\\\/tupique.com\\\/?s={search_term_string}\"},\"query-input\":{\"@type\":\"PropertyValueSpecification\",\"valueRequired\":true,\"valueName\":\"search_term_string\"}}],\"inLanguage\":\"pt-PT\"},{\"@type\":\"Organization\",\"@id\":\"https:\\\/\\\/tupique.com\\\/#organization\",\"name\":\"Tupique\",\"url\":\"https:\\\/\\\/tupique.com\\\/\",\"logo\":{\"@type\":\"ImageObject\",\"inLanguage\":\"pt-PT\",\"@id\":\"https:\\\/\\\/tupique.com\\\/#\\\/schema\\\/logo\\\/image\\\/\",\"url\":\"https:\\\/\\\/tupique.com\\\/wp-content\\\/uploads\\\/2026\\\/03\\\/logo-tupique-1.webp\",\"contentUrl\":\"https:\\\/\\\/tupique.com\\\/wp-content\\\/uploads\\\/2026\\\/03\\\/logo-tupique-1.webp\",\"width\":500,\"height\":67,\"caption\":\"Tupique\"},\"image\":{\"@id\":\"https:\\\/\\\/tupique.com\\\/#\\\/schema\\\/logo\\\/image\\\/\"}}]}<\/script>\n<!-- \/ Yoast SEO plugin. -->","yoast_head_json":{"title":"Gel Hygi\u00e8ne Intime Isdin Germisdin Intim 250 ml | | Tupique","description":"Envie d'acheter Gel Hygi\u00e8ne Intime Isdin Germisdin Intim 250 ml\u00a0? Achetez Gel Hygi\u00e8ne Intime Isdin Germisdin Intim 250 ml maintenant avec Tupique en 3 versements sans int\u00e9r\u00eat.","robots":{"index":"index","follow":"follow","max-snippet":"max-snippet:-1","max-image-preview":"max-image-preview:large","max-video-preview":"max-video-preview:-1"},"canonical":"https:\/\/tupique.com\/pt\/product\/gel-hygiene-intime-isdin-germisdin-intim-250-ml\/","og_locale":"pt_PT","og_type":"article","og_title":"Gel Hygi\u00e8ne Intime Isdin Germisdin Intim 250 ml | | Tupique","og_description":"Envie d'acheter Gel Hygi\u00e8ne Intime Isdin Germisdin Intim 250 ml\u00a0? Achetez Gel Hygi\u00e8ne Intime Isdin Germisdin Intim 250 ml maintenant avec Tupique en 3 versements sans int\u00e9r\u00eat.","og_url":"https:\/\/tupique.com\/pt\/product\/gel-hygiene-intime-isdin-germisdin-intim-250-ml\/","og_site_name":"Tupique","article_modified_time":"2026-05-11T19:17:31+00:00","og_image":[{"width":1200,"height":1200,"url":"https:\/\/tupique.com\/wp-content\/uploads\/2026\/05\/S0586724_8470003854504_P11.jpg","type":"image\/jpeg"}],"twitter_card":"summary_large_image","twitter_misc":{"Tempo estimado de leitura":"1 minuto"},"schema":{"@context":"https:\/\/schema.org","@graph":[{"@type":"WebPage","@id":"https:\/\/tupique.com\/en\/product\/gel-hygiene-intime-isdin-germisdin-intim-250-ml\/","url":"https:\/\/tupique.com\/en\/product\/gel-hygiene-intime-isdin-germisdin-intim-250-ml\/","name":"Gel Hygi\u00e8ne Intime Isdin Germisdin Intim 250 ml | | Tupique","isPartOf":{"@id":"https:\/\/tupique.com\/#website"},"primaryImageOfPage":{"@id":"https:\/\/tupique.com\/en\/product\/gel-hygiene-intime-isdin-germisdin-intim-250-ml\/#primaryimage"},"image":{"@id":"https:\/\/tupique.com\/en\/product\/gel-hygiene-intime-isdin-germisdin-intim-250-ml\/#primaryimage"},"thumbnailUrl":"https:\/\/tupique.com\/wp-content\/uploads\/2026\/05\/S0586724_8470003854504_P11.jpg","datePublished":"2026-05-11T16:08:44+00:00","dateModified":"2026-05-11T19:17:31+00:00","description":"Envie d'acheter Gel Hygi\u00e8ne Intime Isdin Germisdin Intim 250 ml\u00a0? Achetez Gel Hygi\u00e8ne Intime Isdin Germisdin Intim 250 ml maintenant avec Tupique en 3 versements sans int\u00e9r\u00eat.","breadcrumb":{"@id":"https:\/\/tupique.com\/en\/product\/gel-hygiene-intime-isdin-germisdin-intim-250-ml\/#breadcrumb"},"inLanguage":"pt-PT","potentialAction":[{"@type":"ReadAction","target":["https:\/\/tupique.com\/en\/product\/gel-hygiene-intime-isdin-germisdin-intim-250-ml\/"]}]},{"@type":"ImageObject","inLanguage":"pt-PT","@id":"https:\/\/tupique.com\/en\/product\/gel-hygiene-intime-isdin-germisdin-intim-250-ml\/#primaryimage","url":"https:\/\/tupique.com\/wp-content\/uploads\/2026\/05\/S0586724_8470003854504_P11.jpg","contentUrl":"https:\/\/tupique.com\/wp-content\/uploads\/2026\/05\/S0586724_8470003854504_P11.jpg","width":1200,"height":1200,"caption":"S0586724_0"},{"@type":"BreadcrumbList","@id":"https:\/\/tupique.com\/en\/product\/gel-hygiene-intime-isdin-germisdin-intim-250-ml\/#breadcrumb","itemListElement":[{"@type":"ListItem","position":1,"name":"commencer","item":"https:\/\/tupique.com\/"},{"@type":"ListItem","position":2,"name":"Loja","item":"https:\/\/tupique.com\/pt\/loja\/"},{"@type":"ListItem","position":3,"name":"Gel Hygi\u00e8ne Intime Isdin Germisdin Intim 250 ml"}]},{"@type":"WebSite","@id":"https:\/\/tupique.com\/#website","url":"https:\/\/tupique.com\/","name":"Tupique","description":"","publisher":{"@id":"https:\/\/tupique.com\/#organization"},"potentialAction":[{"@type":"SearchAction","target":{"@type":"EntryPoint","urlTemplate":"https:\/\/tupique.com\/?s={search_term_string}"},"query-input":{"@type":"PropertyValueSpecification","valueRequired":true,"valueName":"search_term_string"}}],"inLanguage":"pt-PT"},{"@type":"Organization","@id":"https:\/\/tupique.com\/#organization","name":"Tupique","url":"https:\/\/tupique.com\/","logo":{"@type":"ImageObject","inLanguage":"pt-PT","@id":"https:\/\/tupique.com\/#\/schema\/logo\/image\/","url":"https:\/\/tupique.com\/wp-content\/uploads\/2026\/03\/logo-tupique-1.webp","contentUrl":"https:\/\/tupique.com\/wp-content\/uploads\/2026\/03\/logo-tupique-1.webp","width":500,"height":67,"caption":"Tupique"},"image":{"@id":"https:\/\/tupique.com\/#\/schema\/logo\/image\/"}}]}},"_links":{"self":[{"href":"https:\/\/tupique.com\/pt\/wp-json\/wp\/v2\/product\/184466","targetHints":{"allow":["GET"]}}],"collection":[{"href":"https:\/\/tupique.com\/pt\/wp-json\/wp\/v2\/product"}],"about":[{"href":"https:\/\/tupique.com\/pt\/wp-json\/wp\/v2\/types\/product"}],"replies":[{"embeddable":true,"href":"https:\/\/tupique.com\/pt\/wp-json\/wp\/v2\/comments?post=184466"}],"wp:featuredmedia":[{"embeddable":true,"href":"https:\/\/tupique.com\/pt\/wp-json\/wp\/v2\/media\/184465"}],"wp:attachment":[{"href":"https:\/\/tupique.com\/pt\/wp-json\/wp\/v2\/media?parent=184466"}],"wp:term":[{"taxonomy":"product_brand","embeddable":true,"href":"https:\/\/tupique.com\/pt\/wp-json\/wp\/v2\/product_brand?post=184466"},{"taxonomy":"product_cat","embeddable":true,"href":"https:\/\/tupique.com\/pt\/wp-json\/wp\/v2\/product_cat?post=184466"},{"taxonomy":"product_tag","embeddable":true,"href":"https:\/\/tupique.com\/pt\/wp-json\/wp\/v2\/product_tag?post=184466"},{"taxonomy":"woo-feed-brand","embeddable":true,"href":"https:\/\/tupique.com\/pt\/wp-json\/wp\/v2\/woo-feed-brand?post=184466"}],"curies":[{"name":"wp","href":"https:\/\/api.w.org\/{rel}","templated":true}]}}