{"id":187218,"date":"2026-05-11T20:38:50","date_gmt":"2026-05-11T18:38:50","guid":{"rendered":"https:\/\/tupique.com\/product\/spray-deodorant-axe-black-black-150-ml\/"},"modified":"2026-05-11T21:15:46","modified_gmt":"2026-05-11T19:15:46","slug":"spray-deodorant-axe-black-black-150-ml","status":"publish","type":"product","link":"https:\/\/tupique.com\/pt\/product\/spray-deodorant-axe-black-black-150-ml\/","title":{"rendered":"Spray d\u00e9odorant Axe Black black 150 ml"},"content":{"rendered":"<p>Spray d\u00e9odorant Axe Black 150 ml est un produit exclusif de qualit\u00e9 pour le soin du corps. Si vous recherchez les meilleurs produits d\u2019hygi\u00e8ne personnelle, les produits Axe 100 % originaux sont exactement ce dont vous avez besoin.<\/p>\n<p>Ler <b>d\u00e9odorant en spray AXE Black<\/b> est un produit con\u00e7u sp\u00e9cifiquement pour homme, alliant efficacit\u00e9 et une fragrance distinctive qui apporte une fra\u00eecheur durable. Avec une <b>capacit\u00e9 de 150 ml<\/b>, ce d\u00e9odorant offre une protection pratique et continue tout au long de la journ\u00e9e. Fabriqu\u00e9 dans deux r\u00e9gions europ\u00e9ennes cl\u00e9s, <b>Espagne et Pays-Bas<\/b>, il garantit une qualit\u00e9 constante. Ce produit appartient \u00e0 la cat\u00e9gorie hygi\u00e8ne personnelle et est formul\u00e9 pour \u00eatre appliqu\u00e9 en spray, facilitant une distribution fine et uniforme qui aide \u00e0 contr\u00f4ler la transpiration et les mauvaises odeurs sans laisser de r\u00e9sidus visibles sur la peau ou les v\u00eatements. Son conditionnement en flacon m\u00e9tallique assure la durabilit\u00e9 du produit et pr\u00e9serve les propri\u00e9t\u00e9s de la fragrance caract\u00e9ristique de la gamme AXE. Il est id\u00e9al pour les hommes recherchant un \u00e9quilibre entre sensation de fra\u00eecheur, protection efficace et un parfum bois\u00e9, moderne et masculin propre au mod\u00e8le Black. Ce d\u00e9odorant en spray r\u00e9pond aux attentes d\u2019un usage quotidien pour le soin personnel masculin, offrant une solution pratique et r\u00e9sistante pour contr\u00f4ler la transpiration et les odeurs \u00e0 tout moment. En r\u00e9sum\u00e9, AXE Black est un produit d\u2019hygi\u00e8ne qui se distingue par son format, sa capacit\u00e9 adapt\u00e9e et sa fabrication europ\u00e9enne, destin\u00e9 aux hommes qui valorisent efficacit\u00e9 et parfum distinctif dans leur routine quotidienne.<\/p>\n<ul>\n<li>Mati\u00e8re: M\u00e9tal<\/li>\n<li>Genre:\n<ul>\n<li>Homme<\/li>\n<li>Unisexe<\/li>\n<\/ul>\n<\/li>\n<li>Emballage: M\u00e9tal<\/li>\n<li>Informations importantes: La conception de l&#8217;emballage du produit peut varier en fonction des promotions publicitaires du fabricant ou de la p\u00e9riode de l&#8217;ann\u00e9e. Les diff\u00e9rents emballages sont conserv\u00e9s jusqu&#8217;\u00e0 la fin du stock.<\/li>\n<li>Tipo:\n<ul>\n<li>Hygi\u00e8ne<\/li>\n<li>Spray<\/li>\n<li>Spray d\u00e9odorant<\/li>\n<\/ul>\n<\/li>\n<li>Caracter\u00edsticas:\n<ul>\n<li>Vaporisateur<\/li>\n<li>Parfum\u00e9<\/li>\n<li>Sans sels d&#8217;aluminium<\/li>\n<\/ul>\n<\/li>\n<li>Nom du parfum: black<\/li>\n<li>Dur\u00e9e: 48 heures<\/li>\n<li>Format: Spray<\/li>\n<li>Utilisation recommand\u00e9e: Tous les types de peau<\/li>\n<li>Ingredientes:\n<ul>\n<li>Propane<\/li>\n<li>Benzyl salicylate<\/li>\n<li>Citronellol<\/li>\n<li>Isobutane<\/li>\n<li>Limonene<\/li>\n<li>Citral<\/li>\n<li>Benzyl alcohol<\/li>\n<li>Benzyl benzoate<\/li>\n<li>Geraniol<\/li>\n<li>Alcohol denat (ethyl alcohol)<\/li>\n<li>Parfum<\/li>\n<\/ul>\n<\/li>\n<li>Capacit\u00e9: 150 ml<\/li>\n<\/ul>\n<p>Informations importantes: La conception de l&#8217;emballage du produit peut varier en fonction des promotions publicitaires du fabricant ou de la p\u00e9riode de l&#8217;ann\u00e9e. Les diff\u00e9rents emballages sont conserv\u00e9s jusqu&#8217;\u00e0 la fin du stock..<\/p>","protected":false},"excerpt":{"rendered":"<p><span class=\"unit-info\">10.6600 &euro; \/ 100 ml<\/span><\/p>","protected":false},"featured_media":187215,"comment_status":"open","ping_status":"closed","template":"","meta":[],"product_brand":[2581],"product_cat":[2397,769,770],"product_tag":[722],"woo-feed-brand":[],"class_list":{"0":"post-187218","1":"product","2":"type-product","3":"status-publish","4":"has-post-thumbnail","6":"product_brand-brandp_690","7":"product_cat-deodorants-en-spray","8":"product_cat-parfum-cosmetique","9":"product_cat-soin-corporel","10":"product_tag-tag_923","12":"first","13":"instock","14":"taxable","15":"shipping-taxable","16":"purchasable","17":"product-type-simple"},"yoast_head":"<!-- This site is optimized with the Yoast SEO plugin v27.6 - https:\/\/yoast.com\/product\/yoast-seo-wordpress\/ -->\n<title>Spray d\u00e9odorant Axe Black black 150 ml | | Tupique<\/title>\n<meta name=\"description\" content=\"Envie d&#039;acheter Spray d\u00e9odorant Axe Black black 150 ml\u00a0? Achetez Spray d\u00e9odorant Axe Black black 150 ml maintenant avec Tupique en 3 versements sans int\u00e9r\u00eat.\" \/>\n<meta name=\"robots\" content=\"index, follow, max-snippet:-1, max-image-preview:large, max-video-preview:-1\" \/>\n<link rel=\"canonical\" href=\"https:\/\/tupique.com\/pt\/product\/spray-deodorant-axe-black-black-150-ml\/\" \/>\n<meta property=\"og:locale\" content=\"pt_PT\" \/>\n<meta property=\"og:type\" content=\"article\" \/>\n<meta property=\"og:title\" content=\"Spray d\u00e9odorant Axe Black black 150 ml | | Tupique\" \/>\n<meta property=\"og:description\" content=\"Envie d&#039;acheter Spray d\u00e9odorant Axe Black black 150 ml\u00a0? Achetez Spray d\u00e9odorant Axe Black black 150 ml maintenant avec Tupique en 3 versements sans int\u00e9r\u00eat.\" \/>\n<meta property=\"og:url\" content=\"https:\/\/tupique.com\/pt\/product\/spray-deodorant-axe-black-black-150-ml\/\" \/>\n<meta property=\"og:site_name\" content=\"Tupique\" \/>\n<meta property=\"article:modified_time\" content=\"2026-05-11T19:15:46+00:00\" \/>\n<meta property=\"og:image\" content=\"https:\/\/tupique.com\/wp-content\/uploads\/2026\/05\/8712561614122_R11.jpg\" \/>\n\t<meta property=\"og:image:width\" content=\"1200\" \/>\n\t<meta property=\"og:image:height\" content=\"1200\" \/>\n\t<meta property=\"og:image:type\" content=\"image\/jpeg\" \/>\n<meta name=\"twitter:card\" content=\"summary_large_image\" \/>\n<meta name=\"twitter:label1\" content=\"Tempo estimado de leitura\" \/>\n\t<meta name=\"twitter:data1\" content=\"2 minutos\" \/>\n<script type=\"application\/ld+json\" class=\"yoast-schema-graph\">{\"@context\":\"https:\\\/\\\/schema.org\",\"@graph\":[{\"@type\":\"WebPage\",\"@id\":\"https:\\\/\\\/tupique.com\\\/en\\\/product\\\/spray-deodorant-axe-black-black-150-ml\\\/\",\"url\":\"https:\\\/\\\/tupique.com\\\/en\\\/product\\\/spray-deodorant-axe-black-black-150-ml\\\/\",\"name\":\"Spray d\u00e9odorant Axe Black black 150 ml | | Tupique\",\"isPartOf\":{\"@id\":\"https:\\\/\\\/tupique.com\\\/#website\"},\"primaryImageOfPage\":{\"@id\":\"https:\\\/\\\/tupique.com\\\/en\\\/product\\\/spray-deodorant-axe-black-black-150-ml\\\/#primaryimage\"},\"image\":{\"@id\":\"https:\\\/\\\/tupique.com\\\/en\\\/product\\\/spray-deodorant-axe-black-black-150-ml\\\/#primaryimage\"},\"thumbnailUrl\":\"https:\\\/\\\/tupique.com\\\/wp-content\\\/uploads\\\/2026\\\/05\\\/8712561614122_R11.jpg\",\"datePublished\":\"2026-05-11T18:38:50+00:00\",\"dateModified\":\"2026-05-11T19:15:46+00:00\",\"description\":\"Envie d'acheter Spray d\u00e9odorant Axe Black black 150 ml\u00a0? Achetez Spray d\u00e9odorant Axe Black black 150 ml maintenant avec Tupique en 3 versements sans int\u00e9r\u00eat.\",\"breadcrumb\":{\"@id\":\"https:\\\/\\\/tupique.com\\\/en\\\/product\\\/spray-deodorant-axe-black-black-150-ml\\\/#breadcrumb\"},\"inLanguage\":\"pt-PT\",\"potentialAction\":[{\"@type\":\"ReadAction\",\"target\":[\"https:\\\/\\\/tupique.com\\\/en\\\/product\\\/spray-deodorant-axe-black-black-150-ml\\\/\"]}]},{\"@type\":\"ImageObject\",\"inLanguage\":\"pt-PT\",\"@id\":\"https:\\\/\\\/tupique.com\\\/en\\\/product\\\/spray-deodorant-axe-black-black-150-ml\\\/#primaryimage\",\"url\":\"https:\\\/\\\/tupique.com\\\/wp-content\\\/uploads\\\/2026\\\/05\\\/8712561614122_R11.jpg\",\"contentUrl\":\"https:\\\/\\\/tupique.com\\\/wp-content\\\/uploads\\\/2026\\\/05\\\/8712561614122_R11.jpg\",\"width\":1200,\"height\":1200,\"caption\":\"S05111355_0\"},{\"@type\":\"BreadcrumbList\",\"@id\":\"https:\\\/\\\/tupique.com\\\/en\\\/product\\\/spray-deodorant-axe-black-black-150-ml\\\/#breadcrumb\",\"itemListElement\":[{\"@type\":\"ListItem\",\"position\":1,\"name\":\"commencer\",\"item\":\"https:\\\/\\\/tupique.com\\\/\"},{\"@type\":\"ListItem\",\"position\":2,\"name\":\"Loja\",\"item\":\"https:\\\/\\\/tupique.com\\\/pt\\\/loja\\\/\"},{\"@type\":\"ListItem\",\"position\":3,\"name\":\"Spray d\u00e9odorant Axe Black black 150 ml\"}]},{\"@type\":\"WebSite\",\"@id\":\"https:\\\/\\\/tupique.com\\\/#website\",\"url\":\"https:\\\/\\\/tupique.com\\\/\",\"name\":\"Tupique\",\"description\":\"\",\"publisher\":{\"@id\":\"https:\\\/\\\/tupique.com\\\/#organization\"},\"potentialAction\":[{\"@type\":\"SearchAction\",\"target\":{\"@type\":\"EntryPoint\",\"urlTemplate\":\"https:\\\/\\\/tupique.com\\\/?s={search_term_string}\"},\"query-input\":{\"@type\":\"PropertyValueSpecification\",\"valueRequired\":true,\"valueName\":\"search_term_string\"}}],\"inLanguage\":\"pt-PT\"},{\"@type\":\"Organization\",\"@id\":\"https:\\\/\\\/tupique.com\\\/#organization\",\"name\":\"Tupique\",\"url\":\"https:\\\/\\\/tupique.com\\\/\",\"logo\":{\"@type\":\"ImageObject\",\"inLanguage\":\"pt-PT\",\"@id\":\"https:\\\/\\\/tupique.com\\\/#\\\/schema\\\/logo\\\/image\\\/\",\"url\":\"https:\\\/\\\/tupique.com\\\/wp-content\\\/uploads\\\/2026\\\/03\\\/logo-tupique-1.webp\",\"contentUrl\":\"https:\\\/\\\/tupique.com\\\/wp-content\\\/uploads\\\/2026\\\/03\\\/logo-tupique-1.webp\",\"width\":500,\"height\":67,\"caption\":\"Tupique\"},\"image\":{\"@id\":\"https:\\\/\\\/tupique.com\\\/#\\\/schema\\\/logo\\\/image\\\/\"}}]}<\/script>\n<!-- \/ Yoast SEO plugin. -->","yoast_head_json":{"title":"Spray d\u00e9odorant Axe Black black 150 ml | | Tupique","description":"Envie d'acheter Spray d\u00e9odorant Axe Black black 150 ml\u00a0? Achetez Spray d\u00e9odorant Axe Black black 150 ml maintenant avec Tupique en 3 versements sans int\u00e9r\u00eat.","robots":{"index":"index","follow":"follow","max-snippet":"max-snippet:-1","max-image-preview":"max-image-preview:large","max-video-preview":"max-video-preview:-1"},"canonical":"https:\/\/tupique.com\/pt\/product\/spray-deodorant-axe-black-black-150-ml\/","og_locale":"pt_PT","og_type":"article","og_title":"Spray d\u00e9odorant Axe Black black 150 ml | | Tupique","og_description":"Envie d'acheter Spray d\u00e9odorant Axe Black black 150 ml\u00a0? Achetez Spray d\u00e9odorant Axe Black black 150 ml maintenant avec Tupique en 3 versements sans int\u00e9r\u00eat.","og_url":"https:\/\/tupique.com\/pt\/product\/spray-deodorant-axe-black-black-150-ml\/","og_site_name":"Tupique","article_modified_time":"2026-05-11T19:15:46+00:00","og_image":[{"width":1200,"height":1200,"url":"https:\/\/tupique.com\/wp-content\/uploads\/2026\/05\/8712561614122_R11.jpg","type":"image\/jpeg"}],"twitter_card":"summary_large_image","twitter_misc":{"Tempo estimado de leitura":"2 minutos"},"schema":{"@context":"https:\/\/schema.org","@graph":[{"@type":"WebPage","@id":"https:\/\/tupique.com\/en\/product\/spray-deodorant-axe-black-black-150-ml\/","url":"https:\/\/tupique.com\/en\/product\/spray-deodorant-axe-black-black-150-ml\/","name":"Spray d\u00e9odorant Axe Black black 150 ml | | Tupique","isPartOf":{"@id":"https:\/\/tupique.com\/#website"},"primaryImageOfPage":{"@id":"https:\/\/tupique.com\/en\/product\/spray-deodorant-axe-black-black-150-ml\/#primaryimage"},"image":{"@id":"https:\/\/tupique.com\/en\/product\/spray-deodorant-axe-black-black-150-ml\/#primaryimage"},"thumbnailUrl":"https:\/\/tupique.com\/wp-content\/uploads\/2026\/05\/8712561614122_R11.jpg","datePublished":"2026-05-11T18:38:50+00:00","dateModified":"2026-05-11T19:15:46+00:00","description":"Envie d'acheter Spray d\u00e9odorant Axe Black black 150 ml\u00a0? Achetez Spray d\u00e9odorant Axe Black black 150 ml maintenant avec Tupique en 3 versements sans int\u00e9r\u00eat.","breadcrumb":{"@id":"https:\/\/tupique.com\/en\/product\/spray-deodorant-axe-black-black-150-ml\/#breadcrumb"},"inLanguage":"pt-PT","potentialAction":[{"@type":"ReadAction","target":["https:\/\/tupique.com\/en\/product\/spray-deodorant-axe-black-black-150-ml\/"]}]},{"@type":"ImageObject","inLanguage":"pt-PT","@id":"https:\/\/tupique.com\/en\/product\/spray-deodorant-axe-black-black-150-ml\/#primaryimage","url":"https:\/\/tupique.com\/wp-content\/uploads\/2026\/05\/8712561614122_R11.jpg","contentUrl":"https:\/\/tupique.com\/wp-content\/uploads\/2026\/05\/8712561614122_R11.jpg","width":1200,"height":1200,"caption":"S05111355_0"},{"@type":"BreadcrumbList","@id":"https:\/\/tupique.com\/en\/product\/spray-deodorant-axe-black-black-150-ml\/#breadcrumb","itemListElement":[{"@type":"ListItem","position":1,"name":"commencer","item":"https:\/\/tupique.com\/"},{"@type":"ListItem","position":2,"name":"Loja","item":"https:\/\/tupique.com\/pt\/loja\/"},{"@type":"ListItem","position":3,"name":"Spray d\u00e9odorant Axe Black black 150 ml"}]},{"@type":"WebSite","@id":"https:\/\/tupique.com\/#website","url":"https:\/\/tupique.com\/","name":"Tupique","description":"","publisher":{"@id":"https:\/\/tupique.com\/#organization"},"potentialAction":[{"@type":"SearchAction","target":{"@type":"EntryPoint","urlTemplate":"https:\/\/tupique.com\/?s={search_term_string}"},"query-input":{"@type":"PropertyValueSpecification","valueRequired":true,"valueName":"search_term_string"}}],"inLanguage":"pt-PT"},{"@type":"Organization","@id":"https:\/\/tupique.com\/#organization","name":"Tupique","url":"https:\/\/tupique.com\/","logo":{"@type":"ImageObject","inLanguage":"pt-PT","@id":"https:\/\/tupique.com\/#\/schema\/logo\/image\/","url":"https:\/\/tupique.com\/wp-content\/uploads\/2026\/03\/logo-tupique-1.webp","contentUrl":"https:\/\/tupique.com\/wp-content\/uploads\/2026\/03\/logo-tupique-1.webp","width":500,"height":67,"caption":"Tupique"},"image":{"@id":"https:\/\/tupique.com\/#\/schema\/logo\/image\/"}}]}},"_links":{"self":[{"href":"https:\/\/tupique.com\/pt\/wp-json\/wp\/v2\/product\/187218","targetHints":{"allow":["GET"]}}],"collection":[{"href":"https:\/\/tupique.com\/pt\/wp-json\/wp\/v2\/product"}],"about":[{"href":"https:\/\/tupique.com\/pt\/wp-json\/wp\/v2\/types\/product"}],"replies":[{"embeddable":true,"href":"https:\/\/tupique.com\/pt\/wp-json\/wp\/v2\/comments?post=187218"}],"wp:featuredmedia":[{"embeddable":true,"href":"https:\/\/tupique.com\/pt\/wp-json\/wp\/v2\/media\/187215"}],"wp:attachment":[{"href":"https:\/\/tupique.com\/pt\/wp-json\/wp\/v2\/media?parent=187218"}],"wp:term":[{"taxonomy":"product_brand","embeddable":true,"href":"https:\/\/tupique.com\/pt\/wp-json\/wp\/v2\/product_brand?post=187218"},{"taxonomy":"product_cat","embeddable":true,"href":"https:\/\/tupique.com\/pt\/wp-json\/wp\/v2\/product_cat?post=187218"},{"taxonomy":"product_tag","embeddable":true,"href":"https:\/\/tupique.com\/pt\/wp-json\/wp\/v2\/product_tag?post=187218"},{"taxonomy":"woo-feed-brand","embeddable":true,"href":"https:\/\/tupique.com\/pt\/wp-json\/wp\/v2\/woo-feed-brand?post=187218"}],"curies":[{"name":"wp","href":"https:\/\/api.w.org\/{rel}","templated":true}]}}