{"id":187457,"date":"2026-05-11T20:53:21","date_gmt":"2026-05-11T18:53:21","guid":{"rendered":"https:\/\/tupique.com\/product\/housse-de-siege-minnie-mouse-cz10634-rose\/"},"modified":"2026-05-11T21:18:43","modified_gmt":"2026-05-11T19:18:43","slug":"housse-de-siege-minnie-mouse-cz10634-rose","status":"publish","type":"product","link":"https:\/\/tupique.com\/pt\/product\/housse-de-siege-minnie-mouse-cz10634-rose\/","title":{"rendered":"Housse de si\u00e8ge Minnie Mouse CZ10634 Rose"},"content":{"rendered":"<p>\u00c9quipez votre v\u00e9hicule avec les derni\u00e8res nouveaut\u00e9s du secteur ! Achetez <b>Housse de si\u00e8ge Minnie Mouse CZ10634 Rose<\/b> et aucun d\u00e9tail ne vous \u00e9chappera!<\/p>\n<ul>\n<li>Mat\u00e9riel: PVC<\/li>\n<li>Caracter\u00edsticas:\n<ul>\n<li>Lavable<\/li>\n<li>Fermeture avec velcro<\/li>\n<li>Universel<\/li>\n<\/ul>\n<\/li>\n<li>Dimensions approx.: 45 x 56 cm<\/li>\n<li>Couleur: Rose<\/li>\n<\/ul>","protected":false},"excerpt":{"rendered":"<p>\u00c9quipez votre v\u00e9hicule avec les derni\u00e8res nouveaut\u00e9s du secteur ! Achetez Housse de si\u00e8ge Minnie Mouse CZ10634 Rose et aucun d\u00e9tail ne vous \u00e9chappera! Mat\u00e9riel: PVC Caract\u00e9ristiques: Lavable Fermeture avec velcro Universel Dimensions approx.: 45 x 56 cm Couleur: Rose<\/p>","protected":false},"featured_media":187456,"comment_status":"open","ping_status":"closed","template":"","meta":[],"product_brand":[277],"product_cat":[1765,1839,1764],"product_tag":[107],"woo-feed-brand":[],"class_list":{"0":"post-187457","1":"product","2":"type-product","3":"status-publish","4":"has-post-thumbnail","6":"product_brand-brandp_166","7":"product_cat-accessoires-pour-voitures","8":"product_cat-sieges-et-accessoires-pour-vehicules","9":"product_cat-sports-loisirs","10":"product_tag-tag_36","12":"first","13":"instock","14":"taxable","15":"shipping-taxable","16":"purchasable","17":"product-type-simple"},"yoast_head":"<!-- This site is optimized with the Yoast SEO plugin v27.6 - https:\/\/yoast.com\/product\/yoast-seo-wordpress\/ -->\n<title>Housse de si\u00e8ge Minnie Mouse CZ10634 Rose | | Tupique<\/title>\n<meta name=\"description\" content=\"Envie d&#039;acheter Housse de si\u00e8ge Minnie Mouse CZ10634 Rose\u00a0? Achetez Housse de si\u00e8ge Minnie Mouse CZ10634 Rose maintenant avec Tupique en 3 versements sans int\u00e9r\u00eat.\" \/>\n<meta name=\"robots\" content=\"index, follow, max-snippet:-1, max-image-preview:large, max-video-preview:-1\" \/>\n<link rel=\"canonical\" href=\"https:\/\/tupique.com\/pt\/product\/housse-de-siege-minnie-mouse-cz10634-rose\/\" \/>\n<meta property=\"og:locale\" content=\"pt_PT\" \/>\n<meta property=\"og:type\" content=\"article\" \/>\n<meta property=\"og:title\" content=\"Housse de si\u00e8ge Minnie Mouse CZ10634 Rose | | Tupique\" \/>\n<meta property=\"og:description\" content=\"Envie d&#039;acheter Housse de si\u00e8ge Minnie Mouse CZ10634 Rose\u00a0? Achetez Housse de si\u00e8ge Minnie Mouse CZ10634 Rose maintenant avec Tupique en 3 versements sans int\u00e9r\u00eat.\" \/>\n<meta property=\"og:url\" content=\"https:\/\/tupique.com\/pt\/product\/housse-de-siege-minnie-mouse-cz10634-rose\/\" \/>\n<meta property=\"og:site_name\" content=\"Tupique\" \/>\n<meta property=\"article:modified_time\" content=\"2026-05-11T19:18:43+00:00\" \/>\n<meta property=\"og:image\" content=\"https:\/\/tupique.com\/wp-content\/uploads\/2026\/05\/8000866106344_S37113698_P01.jpg\" \/>\n\t<meta property=\"og:image:width\" content=\"1200\" \/>\n\t<meta property=\"og:image:height\" content=\"1200\" \/>\n\t<meta property=\"og:image:type\" content=\"image\/jpeg\" \/>\n<meta name=\"twitter:card\" content=\"summary_large_image\" \/>\n<script type=\"application\/ld+json\" class=\"yoast-schema-graph\">{\"@context\":\"https:\\\/\\\/schema.org\",\"@graph\":[{\"@type\":\"WebPage\",\"@id\":\"https:\\\/\\\/tupique.com\\\/pt\\\/product\\\/housse-de-siege-minnie-mouse-cz10634-rose\\\/\",\"url\":\"https:\\\/\\\/tupique.com\\\/pt\\\/product\\\/housse-de-siege-minnie-mouse-cz10634-rose\\\/\",\"name\":\"Housse de si\u00e8ge Minnie Mouse CZ10634 Rose | | Tupique\",\"isPartOf\":{\"@id\":\"https:\\\/\\\/tupique.com\\\/#website\"},\"primaryImageOfPage\":{\"@id\":\"https:\\\/\\\/tupique.com\\\/pt\\\/product\\\/housse-de-siege-minnie-mouse-cz10634-rose\\\/#primaryimage\"},\"image\":{\"@id\":\"https:\\\/\\\/tupique.com\\\/pt\\\/product\\\/housse-de-siege-minnie-mouse-cz10634-rose\\\/#primaryimage\"},\"thumbnailUrl\":\"https:\\\/\\\/tupique.com\\\/wp-content\\\/uploads\\\/2026\\\/05\\\/8000866106344_S37113698_P01.jpg\",\"datePublished\":\"2026-05-11T18:53:21+00:00\",\"dateModified\":\"2026-05-11T19:18:43+00:00\",\"description\":\"Envie d'acheter Housse de si\u00e8ge Minnie Mouse CZ10634 Rose\u00a0? Achetez Housse de si\u00e8ge Minnie Mouse CZ10634 Rose maintenant avec Tupique en 3 versements sans int\u00e9r\u00eat.\",\"breadcrumb\":{\"@id\":\"https:\\\/\\\/tupique.com\\\/pt\\\/product\\\/housse-de-siege-minnie-mouse-cz10634-rose\\\/#breadcrumb\"},\"inLanguage\":\"pt-PT\",\"potentialAction\":[{\"@type\":\"ReadAction\",\"target\":[\"https:\\\/\\\/tupique.com\\\/pt\\\/product\\\/housse-de-siege-minnie-mouse-cz10634-rose\\\/\"]}]},{\"@type\":\"ImageObject\",\"inLanguage\":\"pt-PT\",\"@id\":\"https:\\\/\\\/tupique.com\\\/pt\\\/product\\\/housse-de-siege-minnie-mouse-cz10634-rose\\\/#primaryimage\",\"url\":\"https:\\\/\\\/tupique.com\\\/wp-content\\\/uploads\\\/2026\\\/05\\\/8000866106344_S37113698_P01.jpg\",\"contentUrl\":\"https:\\\/\\\/tupique.com\\\/wp-content\\\/uploads\\\/2026\\\/05\\\/8000866106344_S37113698_P01.jpg\",\"width\":1200,\"height\":1200,\"caption\":\"S37113698_0\"},{\"@type\":\"BreadcrumbList\",\"@id\":\"https:\\\/\\\/tupique.com\\\/pt\\\/product\\\/housse-de-siege-minnie-mouse-cz10634-rose\\\/#breadcrumb\",\"itemListElement\":[{\"@type\":\"ListItem\",\"position\":1,\"name\":\"commencer\",\"item\":\"https:\\\/\\\/tupique.com\\\/\"},{\"@type\":\"ListItem\",\"position\":2,\"name\":\"Loja\",\"item\":\"https:\\\/\\\/tupique.com\\\/pt\\\/loja\\\/\"},{\"@type\":\"ListItem\",\"position\":3,\"name\":\"Housse de si\u00e8ge Minnie Mouse CZ10634 Rose\"}]},{\"@type\":\"WebSite\",\"@id\":\"https:\\\/\\\/tupique.com\\\/#website\",\"url\":\"https:\\\/\\\/tupique.com\\\/\",\"name\":\"Tupique\",\"description\":\"\",\"publisher\":{\"@id\":\"https:\\\/\\\/tupique.com\\\/#organization\"},\"potentialAction\":[{\"@type\":\"SearchAction\",\"target\":{\"@type\":\"EntryPoint\",\"urlTemplate\":\"https:\\\/\\\/tupique.com\\\/?s={search_term_string}\"},\"query-input\":{\"@type\":\"PropertyValueSpecification\",\"valueRequired\":true,\"valueName\":\"search_term_string\"}}],\"inLanguage\":\"pt-PT\"},{\"@type\":\"Organization\",\"@id\":\"https:\\\/\\\/tupique.com\\\/#organization\",\"name\":\"Tupique\",\"url\":\"https:\\\/\\\/tupique.com\\\/\",\"logo\":{\"@type\":\"ImageObject\",\"inLanguage\":\"pt-PT\",\"@id\":\"https:\\\/\\\/tupique.com\\\/#\\\/schema\\\/logo\\\/image\\\/\",\"url\":\"https:\\\/\\\/tupique.com\\\/wp-content\\\/uploads\\\/2026\\\/03\\\/logo-tupique-1.webp\",\"contentUrl\":\"https:\\\/\\\/tupique.com\\\/wp-content\\\/uploads\\\/2026\\\/03\\\/logo-tupique-1.webp\",\"width\":500,\"height\":67,\"caption\":\"Tupique\"},\"image\":{\"@id\":\"https:\\\/\\\/tupique.com\\\/#\\\/schema\\\/logo\\\/image\\\/\"}}]}<\/script>\n<!-- \/ Yoast SEO plugin. -->","yoast_head_json":{"title":"Housse de si\u00e8ge Minnie Mouse CZ10634 Rose | | Tupique","description":"Envie d'acheter Housse de si\u00e8ge Minnie Mouse CZ10634 Rose\u00a0? Achetez Housse de si\u00e8ge Minnie Mouse CZ10634 Rose maintenant avec Tupique en 3 versements sans int\u00e9r\u00eat.","robots":{"index":"index","follow":"follow","max-snippet":"max-snippet:-1","max-image-preview":"max-image-preview:large","max-video-preview":"max-video-preview:-1"},"canonical":"https:\/\/tupique.com\/pt\/product\/housse-de-siege-minnie-mouse-cz10634-rose\/","og_locale":"pt_PT","og_type":"article","og_title":"Housse de si\u00e8ge Minnie Mouse CZ10634 Rose | | Tupique","og_description":"Envie d'acheter Housse de si\u00e8ge Minnie Mouse CZ10634 Rose\u00a0? Achetez Housse de si\u00e8ge Minnie Mouse CZ10634 Rose maintenant avec Tupique en 3 versements sans int\u00e9r\u00eat.","og_url":"https:\/\/tupique.com\/pt\/product\/housse-de-siege-minnie-mouse-cz10634-rose\/","og_site_name":"Tupique","article_modified_time":"2026-05-11T19:18:43+00:00","og_image":[{"width":1200,"height":1200,"url":"https:\/\/tupique.com\/wp-content\/uploads\/2026\/05\/8000866106344_S37113698_P01.jpg","type":"image\/jpeg"}],"twitter_card":"summary_large_image","schema":{"@context":"https:\/\/schema.org","@graph":[{"@type":"WebPage","@id":"https:\/\/tupique.com\/pt\/product\/housse-de-siege-minnie-mouse-cz10634-rose\/","url":"https:\/\/tupique.com\/pt\/product\/housse-de-siege-minnie-mouse-cz10634-rose\/","name":"Housse de si\u00e8ge Minnie Mouse CZ10634 Rose | | Tupique","isPartOf":{"@id":"https:\/\/tupique.com\/#website"},"primaryImageOfPage":{"@id":"https:\/\/tupique.com\/pt\/product\/housse-de-siege-minnie-mouse-cz10634-rose\/#primaryimage"},"image":{"@id":"https:\/\/tupique.com\/pt\/product\/housse-de-siege-minnie-mouse-cz10634-rose\/#primaryimage"},"thumbnailUrl":"https:\/\/tupique.com\/wp-content\/uploads\/2026\/05\/8000866106344_S37113698_P01.jpg","datePublished":"2026-05-11T18:53:21+00:00","dateModified":"2026-05-11T19:18:43+00:00","description":"Envie d'acheter Housse de si\u00e8ge Minnie Mouse CZ10634 Rose\u00a0? Achetez Housse de si\u00e8ge Minnie Mouse CZ10634 Rose maintenant avec Tupique en 3 versements sans int\u00e9r\u00eat.","breadcrumb":{"@id":"https:\/\/tupique.com\/pt\/product\/housse-de-siege-minnie-mouse-cz10634-rose\/#breadcrumb"},"inLanguage":"pt-PT","potentialAction":[{"@type":"ReadAction","target":["https:\/\/tupique.com\/pt\/product\/housse-de-siege-minnie-mouse-cz10634-rose\/"]}]},{"@type":"ImageObject","inLanguage":"pt-PT","@id":"https:\/\/tupique.com\/pt\/product\/housse-de-siege-minnie-mouse-cz10634-rose\/#primaryimage","url":"https:\/\/tupique.com\/wp-content\/uploads\/2026\/05\/8000866106344_S37113698_P01.jpg","contentUrl":"https:\/\/tupique.com\/wp-content\/uploads\/2026\/05\/8000866106344_S37113698_P01.jpg","width":1200,"height":1200,"caption":"S37113698_0"},{"@type":"BreadcrumbList","@id":"https:\/\/tupique.com\/pt\/product\/housse-de-siege-minnie-mouse-cz10634-rose\/#breadcrumb","itemListElement":[{"@type":"ListItem","position":1,"name":"commencer","item":"https:\/\/tupique.com\/"},{"@type":"ListItem","position":2,"name":"Loja","item":"https:\/\/tupique.com\/pt\/loja\/"},{"@type":"ListItem","position":3,"name":"Housse de si\u00e8ge Minnie Mouse CZ10634 Rose"}]},{"@type":"WebSite","@id":"https:\/\/tupique.com\/#website","url":"https:\/\/tupique.com\/","name":"Tupique","description":"","publisher":{"@id":"https:\/\/tupique.com\/#organization"},"potentialAction":[{"@type":"SearchAction","target":{"@type":"EntryPoint","urlTemplate":"https:\/\/tupique.com\/?s={search_term_string}"},"query-input":{"@type":"PropertyValueSpecification","valueRequired":true,"valueName":"search_term_string"}}],"inLanguage":"pt-PT"},{"@type":"Organization","@id":"https:\/\/tupique.com\/#organization","name":"Tupique","url":"https:\/\/tupique.com\/","logo":{"@type":"ImageObject","inLanguage":"pt-PT","@id":"https:\/\/tupique.com\/#\/schema\/logo\/image\/","url":"https:\/\/tupique.com\/wp-content\/uploads\/2026\/03\/logo-tupique-1.webp","contentUrl":"https:\/\/tupique.com\/wp-content\/uploads\/2026\/03\/logo-tupique-1.webp","width":500,"height":67,"caption":"Tupique"},"image":{"@id":"https:\/\/tupique.com\/#\/schema\/logo\/image\/"}}]}},"_links":{"self":[{"href":"https:\/\/tupique.com\/pt\/wp-json\/wp\/v2\/product\/187457","targetHints":{"allow":["GET"]}}],"collection":[{"href":"https:\/\/tupique.com\/pt\/wp-json\/wp\/v2\/product"}],"about":[{"href":"https:\/\/tupique.com\/pt\/wp-json\/wp\/v2\/types\/product"}],"replies":[{"embeddable":true,"href":"https:\/\/tupique.com\/pt\/wp-json\/wp\/v2\/comments?post=187457"}],"wp:featuredmedia":[{"embeddable":true,"href":"https:\/\/tupique.com\/pt\/wp-json\/wp\/v2\/media\/187456"}],"wp:attachment":[{"href":"https:\/\/tupique.com\/pt\/wp-json\/wp\/v2\/media?parent=187457"}],"wp:term":[{"taxonomy":"product_brand","embeddable":true,"href":"https:\/\/tupique.com\/pt\/wp-json\/wp\/v2\/product_brand?post=187457"},{"taxonomy":"product_cat","embeddable":true,"href":"https:\/\/tupique.com\/pt\/wp-json\/wp\/v2\/product_cat?post=187457"},{"taxonomy":"product_tag","embeddable":true,"href":"https:\/\/tupique.com\/pt\/wp-json\/wp\/v2\/product_tag?post=187457"},{"taxonomy":"woo-feed-brand","embeddable":true,"href":"https:\/\/tupique.com\/pt\/wp-json\/wp\/v2\/woo-feed-brand?post=187457"}],"curies":[{"name":"wp","href":"https:\/\/api.w.org\/{rel}","templated":true}]}}