{"id":187514,"date":"2026-05-11T20:54:56","date_gmt":"2026-05-11T18:54:56","guid":{"rendered":"https:\/\/tupique.com\/product\/maillot-de-bain-homme-reebok-performance-sport-noir\/"},"modified":"2026-05-11T20:54:56","modified_gmt":"2026-05-11T18:54:56","slug":"maillot-de-bain-homme-reebok-performance-sport-noir","status":"publish","type":"product","link":"https:\/\/tupique.com\/pt\/product\/maillot-de-bain-homme-reebok-performance-sport-noir\/","title":{"rendered":"Maillot de bain homme Reebok Performance Sport Noir"},"content":{"rendered":"<p>L&#8217;amusement est assur\u00e9 pour l&#8217;\u00e9t\u00e9, avec ces propositions qui plairont aux petits et aux grands ! Achetez <b>Maillot de bain homme Reebok Performance Sport Noir<\/b> et profitez de votre temps libre !<\/p>\n<ul>\n<li>Couleur: Noir<\/li>\n<li>Genre: Homme<\/li>\n<li>\u00c2ge recommand\u00e9: Adultes<\/li>\n<li>Type: Maillot de bain<\/li>\n<\/ul>","protected":false},"excerpt":{"rendered":"<p>L&#8217;amusement est assur\u00e9 pour l&#8217;\u00e9t\u00e9, avec ces propositions qui plairont aux petits et aux grands ! Achetez Maillot de bain homme Reebok Performance Sport Noir et profitez de votre temps libre ! Couleur: Noir Genre: Homme \u00c2ge recommand\u00e9: Adultes Type: Maillot de bain<\/p>","protected":false},"featured_media":187512,"comment_status":"open","ping_status":"closed","template":"","meta":[],"product_brand":[1588],"product_cat":[2271,2270,1764],"product_tag":[721,1816,163],"woo-feed-brand":[],"class_list":{"0":"post-187514","1":"product","2":"type-product","3":"status-publish","4":"has-post-thumbnail","6":"product_brand-brandp_2630","7":"product_cat-natation-maillots-de-bain-pour-le-sport","8":"product_cat-natation","9":"product_cat-sports-loisirs","10":"product_tag-tag_124","11":"product_tag-tag_1272","12":"product_tag-tag_17","14":"first","15":"instock","16":"taxable","17":"shipping-taxable","18":"product-type-variable"},"yoast_head":"<!-- This site is optimized with the Yoast SEO plugin v27.6 - https:\/\/yoast.com\/product\/yoast-seo-wordpress\/ -->\n<title>Maillot de bain homme Reebok Performance Sport Noir | | Tupique<\/title>\n<meta name=\"description\" content=\"Envie d&#039;acheter Maillot de bain homme Reebok Performance Sport Noir\u00a0? Achetez Maillot de bain homme Reebok Performance Sport Noir maintenant avec Tupique en 3 versements sans int\u00e9r\u00eat.\" \/>\n<meta name=\"robots\" content=\"index, follow, max-snippet:-1, max-image-preview:large, max-video-preview:-1\" \/>\n<link rel=\"canonical\" href=\"https:\/\/tupique.com\/pt\/product\/maillot-de-bain-homme-reebok-performance-sport-noir\/\" \/>\n<meta property=\"og:locale\" content=\"pt_PT\" \/>\n<meta property=\"og:type\" content=\"article\" \/>\n<meta property=\"og:title\" content=\"Maillot de bain homme Reebok Performance Sport Noir | | Tupique\" \/>\n<meta property=\"og:description\" content=\"Envie d&#039;acheter Maillot de bain homme Reebok Performance Sport Noir\u00a0? Achetez Maillot de bain homme Reebok Performance Sport Noir maintenant avec Tupique en 3 versements sans int\u00e9r\u00eat.\" \/>\n<meta property=\"og:url\" content=\"https:\/\/tupique.com\/pt\/product\/maillot-de-bain-homme-reebok-performance-sport-noir\/\" \/>\n<meta property=\"og:site_name\" content=\"Tupique\" \/>\n<meta property=\"og:image\" content=\"https:\/\/tupique.com\/wp-content\/uploads\/2026\/05\/4058028399183_S6497470_P01.jpg\" \/>\n\t<meta property=\"og:image:width\" content=\"1200\" \/>\n\t<meta property=\"og:image:height\" content=\"1200\" \/>\n\t<meta property=\"og:image:type\" content=\"image\/jpeg\" \/>\n<meta name=\"twitter:card\" content=\"summary_large_image\" \/>\n<script type=\"application\/ld+json\" class=\"yoast-schema-graph\">{\"@context\":\"https:\\\/\\\/schema.org\",\"@graph\":[{\"@type\":\"WebPage\",\"@id\":\"https:\\\/\\\/tupique.com\\\/pt\\\/product\\\/maillot-de-bain-homme-reebok-performance-sport-noir\\\/\",\"url\":\"https:\\\/\\\/tupique.com\\\/pt\\\/product\\\/maillot-de-bain-homme-reebok-performance-sport-noir\\\/\",\"name\":\"Maillot de bain homme Reebok Performance Sport Noir | | Tupique\",\"isPartOf\":{\"@id\":\"https:\\\/\\\/tupique.com\\\/#website\"},\"primaryImageOfPage\":{\"@id\":\"https:\\\/\\\/tupique.com\\\/pt\\\/product\\\/maillot-de-bain-homme-reebok-performance-sport-noir\\\/#primaryimage\"},\"image\":{\"@id\":\"https:\\\/\\\/tupique.com\\\/pt\\\/product\\\/maillot-de-bain-homme-reebok-performance-sport-noir\\\/#primaryimage\"},\"thumbnailUrl\":\"https:\\\/\\\/tupique.com\\\/wp-content\\\/uploads\\\/2026\\\/05\\\/4058028399183_S6497470_P01.jpg\",\"datePublished\":\"2026-05-11T18:54:56+00:00\",\"description\":\"Envie d'acheter Maillot de bain homme Reebok Performance Sport Noir\u00a0? Achetez Maillot de bain homme Reebok Performance Sport Noir maintenant avec Tupique en 3 versements sans int\u00e9r\u00eat.\",\"breadcrumb\":{\"@id\":\"https:\\\/\\\/tupique.com\\\/pt\\\/product\\\/maillot-de-bain-homme-reebok-performance-sport-noir\\\/#breadcrumb\"},\"inLanguage\":\"pt-PT\",\"potentialAction\":[{\"@type\":\"ReadAction\",\"target\":[\"https:\\\/\\\/tupique.com\\\/pt\\\/product\\\/maillot-de-bain-homme-reebok-performance-sport-noir\\\/\"]}]},{\"@type\":\"ImageObject\",\"inLanguage\":\"pt-PT\",\"@id\":\"https:\\\/\\\/tupique.com\\\/pt\\\/product\\\/maillot-de-bain-homme-reebok-performance-sport-noir\\\/#primaryimage\",\"url\":\"https:\\\/\\\/tupique.com\\\/wp-content\\\/uploads\\\/2026\\\/05\\\/4058028399183_S6497470_P01.jpg\",\"contentUrl\":\"https:\\\/\\\/tupique.com\\\/wp-content\\\/uploads\\\/2026\\\/05\\\/4058028399183_S6497470_P01.jpg\",\"width\":1200,\"height\":1200,\"caption\":\"S6498004_0\"},{\"@type\":\"BreadcrumbList\",\"@id\":\"https:\\\/\\\/tupique.com\\\/pt\\\/product\\\/maillot-de-bain-homme-reebok-performance-sport-noir\\\/#breadcrumb\",\"itemListElement\":[{\"@type\":\"ListItem\",\"position\":1,\"name\":\"commencer\",\"item\":\"https:\\\/\\\/tupique.com\\\/\"},{\"@type\":\"ListItem\",\"position\":2,\"name\":\"Loja\",\"item\":\"https:\\\/\\\/tupique.com\\\/pt\\\/loja\\\/\"},{\"@type\":\"ListItem\",\"position\":3,\"name\":\"Maillot de bain homme Reebok Performance Sport Noir\"}]},{\"@type\":\"WebSite\",\"@id\":\"https:\\\/\\\/tupique.com\\\/#website\",\"url\":\"https:\\\/\\\/tupique.com\\\/\",\"name\":\"Tupique\",\"description\":\"\",\"publisher\":{\"@id\":\"https:\\\/\\\/tupique.com\\\/#organization\"},\"potentialAction\":[{\"@type\":\"SearchAction\",\"target\":{\"@type\":\"EntryPoint\",\"urlTemplate\":\"https:\\\/\\\/tupique.com\\\/?s={search_term_string}\"},\"query-input\":{\"@type\":\"PropertyValueSpecification\",\"valueRequired\":true,\"valueName\":\"search_term_string\"}}],\"inLanguage\":\"pt-PT\"},{\"@type\":\"Organization\",\"@id\":\"https:\\\/\\\/tupique.com\\\/#organization\",\"name\":\"Tupique\",\"url\":\"https:\\\/\\\/tupique.com\\\/\",\"logo\":{\"@type\":\"ImageObject\",\"inLanguage\":\"pt-PT\",\"@id\":\"https:\\\/\\\/tupique.com\\\/#\\\/schema\\\/logo\\\/image\\\/\",\"url\":\"https:\\\/\\\/tupique.com\\\/wp-content\\\/uploads\\\/2026\\\/03\\\/logo-tupique-1.webp\",\"contentUrl\":\"https:\\\/\\\/tupique.com\\\/wp-content\\\/uploads\\\/2026\\\/03\\\/logo-tupique-1.webp\",\"width\":500,\"height\":67,\"caption\":\"Tupique\"},\"image\":{\"@id\":\"https:\\\/\\\/tupique.com\\\/#\\\/schema\\\/logo\\\/image\\\/\"}}]}<\/script>\n<!-- \/ Yoast SEO plugin. -->","yoast_head_json":{"title":"Maillot de bain homme Reebok Performance Sport Noir | | Tupique","description":"Envie d'acheter Maillot de bain homme Reebok Performance Sport Noir\u00a0? Achetez Maillot de bain homme Reebok Performance Sport Noir maintenant avec Tupique en 3 versements sans int\u00e9r\u00eat.","robots":{"index":"index","follow":"follow","max-snippet":"max-snippet:-1","max-image-preview":"max-image-preview:large","max-video-preview":"max-video-preview:-1"},"canonical":"https:\/\/tupique.com\/pt\/product\/maillot-de-bain-homme-reebok-performance-sport-noir\/","og_locale":"pt_PT","og_type":"article","og_title":"Maillot de bain homme Reebok Performance Sport Noir | | Tupique","og_description":"Envie d'acheter Maillot de bain homme Reebok Performance Sport Noir\u00a0? Achetez Maillot de bain homme Reebok Performance Sport Noir maintenant avec Tupique en 3 versements sans int\u00e9r\u00eat.","og_url":"https:\/\/tupique.com\/pt\/product\/maillot-de-bain-homme-reebok-performance-sport-noir\/","og_site_name":"Tupique","og_image":[{"width":1200,"height":1200,"url":"https:\/\/tupique.com\/wp-content\/uploads\/2026\/05\/4058028399183_S6497470_P01.jpg","type":"image\/jpeg"}],"twitter_card":"summary_large_image","schema":{"@context":"https:\/\/schema.org","@graph":[{"@type":"WebPage","@id":"https:\/\/tupique.com\/pt\/product\/maillot-de-bain-homme-reebok-performance-sport-noir\/","url":"https:\/\/tupique.com\/pt\/product\/maillot-de-bain-homme-reebok-performance-sport-noir\/","name":"Maillot de bain homme Reebok Performance Sport Noir | | Tupique","isPartOf":{"@id":"https:\/\/tupique.com\/#website"},"primaryImageOfPage":{"@id":"https:\/\/tupique.com\/pt\/product\/maillot-de-bain-homme-reebok-performance-sport-noir\/#primaryimage"},"image":{"@id":"https:\/\/tupique.com\/pt\/product\/maillot-de-bain-homme-reebok-performance-sport-noir\/#primaryimage"},"thumbnailUrl":"https:\/\/tupique.com\/wp-content\/uploads\/2026\/05\/4058028399183_S6497470_P01.jpg","datePublished":"2026-05-11T18:54:56+00:00","description":"Envie d'acheter Maillot de bain homme Reebok Performance Sport Noir\u00a0? Achetez Maillot de bain homme Reebok Performance Sport Noir maintenant avec Tupique en 3 versements sans int\u00e9r\u00eat.","breadcrumb":{"@id":"https:\/\/tupique.com\/pt\/product\/maillot-de-bain-homme-reebok-performance-sport-noir\/#breadcrumb"},"inLanguage":"pt-PT","potentialAction":[{"@type":"ReadAction","target":["https:\/\/tupique.com\/pt\/product\/maillot-de-bain-homme-reebok-performance-sport-noir\/"]}]},{"@type":"ImageObject","inLanguage":"pt-PT","@id":"https:\/\/tupique.com\/pt\/product\/maillot-de-bain-homme-reebok-performance-sport-noir\/#primaryimage","url":"https:\/\/tupique.com\/wp-content\/uploads\/2026\/05\/4058028399183_S6497470_P01.jpg","contentUrl":"https:\/\/tupique.com\/wp-content\/uploads\/2026\/05\/4058028399183_S6497470_P01.jpg","width":1200,"height":1200,"caption":"S6498004_0"},{"@type":"BreadcrumbList","@id":"https:\/\/tupique.com\/pt\/product\/maillot-de-bain-homme-reebok-performance-sport-noir\/#breadcrumb","itemListElement":[{"@type":"ListItem","position":1,"name":"commencer","item":"https:\/\/tupique.com\/"},{"@type":"ListItem","position":2,"name":"Loja","item":"https:\/\/tupique.com\/pt\/loja\/"},{"@type":"ListItem","position":3,"name":"Maillot de bain homme Reebok Performance Sport Noir"}]},{"@type":"WebSite","@id":"https:\/\/tupique.com\/#website","url":"https:\/\/tupique.com\/","name":"Tupique","description":"","publisher":{"@id":"https:\/\/tupique.com\/#organization"},"potentialAction":[{"@type":"SearchAction","target":{"@type":"EntryPoint","urlTemplate":"https:\/\/tupique.com\/?s={search_term_string}"},"query-input":{"@type":"PropertyValueSpecification","valueRequired":true,"valueName":"search_term_string"}}],"inLanguage":"pt-PT"},{"@type":"Organization","@id":"https:\/\/tupique.com\/#organization","name":"Tupique","url":"https:\/\/tupique.com\/","logo":{"@type":"ImageObject","inLanguage":"pt-PT","@id":"https:\/\/tupique.com\/#\/schema\/logo\/image\/","url":"https:\/\/tupique.com\/wp-content\/uploads\/2026\/03\/logo-tupique-1.webp","contentUrl":"https:\/\/tupique.com\/wp-content\/uploads\/2026\/03\/logo-tupique-1.webp","width":500,"height":67,"caption":"Tupique"},"image":{"@id":"https:\/\/tupique.com\/#\/schema\/logo\/image\/"}}]}},"_links":{"self":[{"href":"https:\/\/tupique.com\/pt\/wp-json\/wp\/v2\/product\/187514","targetHints":{"allow":["GET"]}}],"collection":[{"href":"https:\/\/tupique.com\/pt\/wp-json\/wp\/v2\/product"}],"about":[{"href":"https:\/\/tupique.com\/pt\/wp-json\/wp\/v2\/types\/product"}],"replies":[{"embeddable":true,"href":"https:\/\/tupique.com\/pt\/wp-json\/wp\/v2\/comments?post=187514"}],"wp:featuredmedia":[{"embeddable":true,"href":"https:\/\/tupique.com\/pt\/wp-json\/wp\/v2\/media\/187512"}],"wp:attachment":[{"href":"https:\/\/tupique.com\/pt\/wp-json\/wp\/v2\/media?parent=187514"}],"wp:term":[{"taxonomy":"product_brand","embeddable":true,"href":"https:\/\/tupique.com\/pt\/wp-json\/wp\/v2\/product_brand?post=187514"},{"taxonomy":"product_cat","embeddable":true,"href":"https:\/\/tupique.com\/pt\/wp-json\/wp\/v2\/product_cat?post=187514"},{"taxonomy":"product_tag","embeddable":true,"href":"https:\/\/tupique.com\/pt\/wp-json\/wp\/v2\/product_tag?post=187514"},{"taxonomy":"woo-feed-brand","embeddable":true,"href":"https:\/\/tupique.com\/pt\/wp-json\/wp\/v2\/woo-feed-brand?post=187514"}],"curies":[{"name":"wp","href":"https:\/\/api.w.org\/{rel}","templated":true}]}}