{"id":187541,"date":"2026-05-11T20:55:35","date_gmt":"2026-05-11T18:55:35","guid":{"rendered":"https:\/\/tupique.com\/product\/monture-de-lunettes-unisexe-pepe-jeans-pj2021-46c2\/"},"modified":"2026-05-11T21:22:54","modified_gmt":"2026-05-11T19:22:54","slug":"monture-de-lunettes-unisexe-pepe-jeans-pj2021-46c2","status":"publish","type":"product","link":"https:\/\/tupique.com\/pt\/product\/monture-de-lunettes-unisexe-pepe-jeans-pj2021-46c2\/","title":{"rendered":"Monture de Lunettes Unisexe Pepe Jeans PJ2021 46C2"},"content":{"rendered":"<p>Si vous envisagez de renouveler votre garde-robe, achetez <b>Monture de Lunettes Unisexe Pepe Jeans PJ2021 46C2<\/b> et d\u2019autres<b>produits Pepe Jeans<\/b>! La meilleure qualit\u00e9 au meilleur prix est \u00e0 votre port\u00e9e!<\/p>\n<p>A <b>monture de lunettes unisexe<\/b> <b>PJ2021 46C2<\/b> de Pepe Jeans incarne la polyvalence propre \u00e0 la marque, associ\u00e9e \u00e0 un design moderne et adaptable pour tous les utilisateurs. Cette <b>monture de lunettes<\/b> est sp\u00e9cialement con\u00e7ue au format unisexe, permettant aussi bien aux hommes qu\u2019aux femmes de b\u00e9n\u00e9ficier d\u2019un ajustement confortable et d\u2019un \u00e9quilibre esth\u00e9tique au quotidien. Con\u00e7ue pour accueillir des <b>verres non correcteurs de s\u00e9rie<\/b>, elle facilite l\u2019adaptation ult\u00e9rieure \u00e0 des verres correcteurs si n\u00e9cessaire, offrant ainsi une base flexible pour tous les besoins visuels. La qualit\u00e9 des finitions et le choix des mat\u00e9riaux garantissent r\u00e9sistance et durabilit\u00e9, tout en conservant un poids l\u00e9ger et optimal pour un usage prolong\u00e9. La structure du design suit la ligne urbaine et contemporaine de Pepe Jeans, s\u2019int\u00e9grant facilement aussi bien dans des styles d\u00e9contract\u00e9s que professionnels, ce qui en fait un choix id\u00e9al pour ceux qui recherchent une allure actuelle ou privil\u00e9gient la praticit\u00e9 au quotidien. Avec cette proposition, Pepe Jeans confirme son engagement envers le style et la fonctionnalit\u00e9, offrant une solution optimale \u00e0 ceux qui souhaitent une monture personnalisable, esth\u00e9tique et confortable en toute occasion.<\/p>\n<ul>\n<li>Caract\u00e9ristiques: Verres sans graduation<\/li>\n<li>Genre: Unisexe<\/li>\n<li>Type: Monture de Lunettes<\/li>\n<li>Type de verre: Lentilles sans ordonnance<\/li>\n<\/ul>","protected":false},"excerpt":{"rendered":"<p>Si vous envisagez de renouveler votre garde-robe, achetez Monture de Lunettes Unisexe Pepe Jeans PJ2021 46C2 et d\u2019autresproduits Pepe Jeans! La meilleure qualit\u00e9 au meilleur prix est \u00e0 votre port\u00e9e! La monture de lunettes unisexe PJ2021 46C2 de Pepe Jeans incarne la polyvalence propre \u00e0 la marque, associ\u00e9e \u00e0 un design moderne et adaptable pour [&hellip;]<\/p>\n","protected":false},"featured_media":187538,"comment_status":"open","ping_status":"closed","template":"","meta":[],"product_brand":[2517],"product_cat":[776,777,752],"product_tag":[723],"woo-feed-brand":[],"class_list":{"0":"post-187541","1":"product","2":"type-product","3":"status-publish","4":"has-post-thumbnail","6":"product_brand-brandp_865","7":"product_cat-detente-et-bien-etre","8":"product_cat-lunettes-de-lecture-et-lunettes-loupes","9":"product_cat-sante-beaute","10":"product_tag-tag_1273","12":"first","13":"instock","14":"taxable","15":"shipping-taxable","16":"purchasable","17":"product-type-simple"},"yoast_head":"<!-- This site is optimized with the Yoast SEO plugin v27.6 - https:\/\/yoast.com\/product\/yoast-seo-wordpress\/ -->\n<title>Monture de Lunettes Unisexe Pepe Jeans PJ2021 46C2 | | Tupique<\/title>\n<meta name=\"description\" content=\"Envie d&#039;acheter Monture de Lunettes Unisexe Pepe Jeans PJ2021 46C2\u00a0? Achetez Monture de Lunettes Unisexe Pepe Jeans PJ2021 46C2 maintenant avec Tupique en 3 versements sans int\u00e9r\u00eat.\" \/>\n<meta name=\"robots\" content=\"index, follow, max-snippet:-1, max-image-preview:large, max-video-preview:-1\" \/>\n<link rel=\"canonical\" href=\"https:\/\/tupique.com\/pt\/product\/monture-de-lunettes-unisexe-pepe-jeans-pj2021-46c2\/\" \/>\n<meta property=\"og:locale\" content=\"pt_PT\" \/>\n<meta property=\"og:type\" content=\"article\" \/>\n<meta property=\"og:title\" content=\"Monture de Lunettes Unisexe Pepe Jeans PJ2021 46C2 | | Tupique\" \/>\n<meta property=\"og:description\" content=\"Envie d&#039;acheter Monture de Lunettes Unisexe Pepe Jeans PJ2021 46C2\u00a0? Achetez Monture de Lunettes Unisexe Pepe Jeans PJ2021 46C2 maintenant avec Tupique en 3 versements sans int\u00e9r\u00eat.\" \/>\n<meta property=\"og:url\" content=\"https:\/\/tupique.com\/pt\/product\/monture-de-lunettes-unisexe-pepe-jeans-pj2021-46c2\/\" \/>\n<meta property=\"og:site_name\" content=\"Tupique\" \/>\n<meta property=\"article:modified_time\" content=\"2026-05-11T19:22:54+00:00\" \/>\n<meta property=\"og:image\" content=\"https:\/\/tupique.com\/wp-content\/uploads\/2026\/05\/4895128090813_S7236544_P01.jpg\" \/>\n\t<meta property=\"og:image:width\" content=\"1200\" \/>\n\t<meta property=\"og:image:height\" content=\"1200\" \/>\n\t<meta property=\"og:image:type\" content=\"image\/jpeg\" \/>\n<meta name=\"twitter:card\" content=\"summary_large_image\" \/>\n<meta name=\"twitter:label1\" content=\"Tempo estimado de leitura\" \/>\n\t<meta name=\"twitter:data1\" content=\"1 minuto\" \/>\n<script type=\"application\/ld+json\" class=\"yoast-schema-graph\">{\"@context\":\"https:\\\/\\\/schema.org\",\"@graph\":[{\"@type\":\"WebPage\",\"@id\":\"https:\\\/\\\/tupique.com\\\/product\\\/monture-de-lunettes-unisexe-pepe-jeans-pj2021-46c2\\\/\",\"url\":\"https:\\\/\\\/tupique.com\\\/product\\\/monture-de-lunettes-unisexe-pepe-jeans-pj2021-46c2\\\/\",\"name\":\"Monture de Lunettes Unisexe Pepe Jeans PJ2021 46C2 | | Tupique\",\"isPartOf\":{\"@id\":\"https:\\\/\\\/tupique.com\\\/#website\"},\"primaryImageOfPage\":{\"@id\":\"https:\\\/\\\/tupique.com\\\/product\\\/monture-de-lunettes-unisexe-pepe-jeans-pj2021-46c2\\\/#primaryimage\"},\"image\":{\"@id\":\"https:\\\/\\\/tupique.com\\\/product\\\/monture-de-lunettes-unisexe-pepe-jeans-pj2021-46c2\\\/#primaryimage\"},\"thumbnailUrl\":\"https:\\\/\\\/tupique.com\\\/wp-content\\\/uploads\\\/2026\\\/05\\\/4895128090813_S7236544_P01.jpg\",\"datePublished\":\"2026-05-11T18:55:35+00:00\",\"dateModified\":\"2026-05-11T19:22:54+00:00\",\"description\":\"Envie d'acheter Monture de Lunettes Unisexe Pepe Jeans PJ2021 46C2\u00a0? Achetez Monture de Lunettes Unisexe Pepe Jeans PJ2021 46C2 maintenant avec Tupique en 3 versements sans int\u00e9r\u00eat.\",\"breadcrumb\":{\"@id\":\"https:\\\/\\\/tupique.com\\\/product\\\/monture-de-lunettes-unisexe-pepe-jeans-pj2021-46c2\\\/#breadcrumb\"},\"inLanguage\":\"pt-PT\",\"potentialAction\":[{\"@type\":\"ReadAction\",\"target\":[\"https:\\\/\\\/tupique.com\\\/product\\\/monture-de-lunettes-unisexe-pepe-jeans-pj2021-46c2\\\/\"]}]},{\"@type\":\"ImageObject\",\"inLanguage\":\"pt-PT\",\"@id\":\"https:\\\/\\\/tupique.com\\\/product\\\/monture-de-lunettes-unisexe-pepe-jeans-pj2021-46c2\\\/#primaryimage\",\"url\":\"https:\\\/\\\/tupique.com\\\/wp-content\\\/uploads\\\/2026\\\/05\\\/4895128090813_S7236544_P01.jpg\",\"contentUrl\":\"https:\\\/\\\/tupique.com\\\/wp-content\\\/uploads\\\/2026\\\/05\\\/4895128090813_S7236544_P01.jpg\",\"width\":1200,\"height\":1200,\"caption\":\"S7236544_0\"},{\"@type\":\"BreadcrumbList\",\"@id\":\"https:\\\/\\\/tupique.com\\\/product\\\/monture-de-lunettes-unisexe-pepe-jeans-pj2021-46c2\\\/#breadcrumb\",\"itemListElement\":[{\"@type\":\"ListItem\",\"position\":1,\"name\":\"commencer\",\"item\":\"https:\\\/\\\/tupique.com\\\/\"},{\"@type\":\"ListItem\",\"position\":2,\"name\":\"Loja\",\"item\":\"https:\\\/\\\/tupique.com\\\/pt\\\/loja\\\/\"},{\"@type\":\"ListItem\",\"position\":3,\"name\":\"Monture de Lunettes Unisexe Pepe Jeans PJ2021 46C2\"}]},{\"@type\":\"WebSite\",\"@id\":\"https:\\\/\\\/tupique.com\\\/#website\",\"url\":\"https:\\\/\\\/tupique.com\\\/\",\"name\":\"Tupique\",\"description\":\"\",\"publisher\":{\"@id\":\"https:\\\/\\\/tupique.com\\\/#organization\"},\"potentialAction\":[{\"@type\":\"SearchAction\",\"target\":{\"@type\":\"EntryPoint\",\"urlTemplate\":\"https:\\\/\\\/tupique.com\\\/?s={search_term_string}\"},\"query-input\":{\"@type\":\"PropertyValueSpecification\",\"valueRequired\":true,\"valueName\":\"search_term_string\"}}],\"inLanguage\":\"pt-PT\"},{\"@type\":\"Organization\",\"@id\":\"https:\\\/\\\/tupique.com\\\/#organization\",\"name\":\"Tupique\",\"url\":\"https:\\\/\\\/tupique.com\\\/\",\"logo\":{\"@type\":\"ImageObject\",\"inLanguage\":\"pt-PT\",\"@id\":\"https:\\\/\\\/tupique.com\\\/#\\\/schema\\\/logo\\\/image\\\/\",\"url\":\"https:\\\/\\\/tupique.com\\\/wp-content\\\/uploads\\\/2026\\\/03\\\/logo-tupique-1.webp\",\"contentUrl\":\"https:\\\/\\\/tupique.com\\\/wp-content\\\/uploads\\\/2026\\\/03\\\/logo-tupique-1.webp\",\"width\":500,\"height\":67,\"caption\":\"Tupique\"},\"image\":{\"@id\":\"https:\\\/\\\/tupique.com\\\/#\\\/schema\\\/logo\\\/image\\\/\"}}]}<\/script>\n<!-- \/ Yoast SEO plugin. -->","yoast_head_json":{"title":"Monture de Lunettes Unisexe Pepe Jeans PJ2021 46C2 | | Tupique","description":"Envie d'acheter Monture de Lunettes Unisexe Pepe Jeans PJ2021 46C2\u00a0? Achetez Monture de Lunettes Unisexe Pepe Jeans PJ2021 46C2 maintenant avec Tupique en 3 versements sans int\u00e9r\u00eat.","robots":{"index":"index","follow":"follow","max-snippet":"max-snippet:-1","max-image-preview":"max-image-preview:large","max-video-preview":"max-video-preview:-1"},"canonical":"https:\/\/tupique.com\/pt\/product\/monture-de-lunettes-unisexe-pepe-jeans-pj2021-46c2\/","og_locale":"pt_PT","og_type":"article","og_title":"Monture de Lunettes Unisexe Pepe Jeans PJ2021 46C2 | | Tupique","og_description":"Envie d'acheter Monture de Lunettes Unisexe Pepe Jeans PJ2021 46C2\u00a0? Achetez Monture de Lunettes Unisexe Pepe Jeans PJ2021 46C2 maintenant avec Tupique en 3 versements sans int\u00e9r\u00eat.","og_url":"https:\/\/tupique.com\/pt\/product\/monture-de-lunettes-unisexe-pepe-jeans-pj2021-46c2\/","og_site_name":"Tupique","article_modified_time":"2026-05-11T19:22:54+00:00","og_image":[{"width":1200,"height":1200,"url":"https:\/\/tupique.com\/wp-content\/uploads\/2026\/05\/4895128090813_S7236544_P01.jpg","type":"image\/jpeg"}],"twitter_card":"summary_large_image","twitter_misc":{"Tempo estimado de leitura":"1 minuto"},"schema":{"@context":"https:\/\/schema.org","@graph":[{"@type":"WebPage","@id":"https:\/\/tupique.com\/product\/monture-de-lunettes-unisexe-pepe-jeans-pj2021-46c2\/","url":"https:\/\/tupique.com\/product\/monture-de-lunettes-unisexe-pepe-jeans-pj2021-46c2\/","name":"Monture de Lunettes Unisexe Pepe Jeans PJ2021 46C2 | | Tupique","isPartOf":{"@id":"https:\/\/tupique.com\/#website"},"primaryImageOfPage":{"@id":"https:\/\/tupique.com\/product\/monture-de-lunettes-unisexe-pepe-jeans-pj2021-46c2\/#primaryimage"},"image":{"@id":"https:\/\/tupique.com\/product\/monture-de-lunettes-unisexe-pepe-jeans-pj2021-46c2\/#primaryimage"},"thumbnailUrl":"https:\/\/tupique.com\/wp-content\/uploads\/2026\/05\/4895128090813_S7236544_P01.jpg","datePublished":"2026-05-11T18:55:35+00:00","dateModified":"2026-05-11T19:22:54+00:00","description":"Envie d'acheter Monture de Lunettes Unisexe Pepe Jeans PJ2021 46C2\u00a0? Achetez Monture de Lunettes Unisexe Pepe Jeans PJ2021 46C2 maintenant avec Tupique en 3 versements sans int\u00e9r\u00eat.","breadcrumb":{"@id":"https:\/\/tupique.com\/product\/monture-de-lunettes-unisexe-pepe-jeans-pj2021-46c2\/#breadcrumb"},"inLanguage":"pt-PT","potentialAction":[{"@type":"ReadAction","target":["https:\/\/tupique.com\/product\/monture-de-lunettes-unisexe-pepe-jeans-pj2021-46c2\/"]}]},{"@type":"ImageObject","inLanguage":"pt-PT","@id":"https:\/\/tupique.com\/product\/monture-de-lunettes-unisexe-pepe-jeans-pj2021-46c2\/#primaryimage","url":"https:\/\/tupique.com\/wp-content\/uploads\/2026\/05\/4895128090813_S7236544_P01.jpg","contentUrl":"https:\/\/tupique.com\/wp-content\/uploads\/2026\/05\/4895128090813_S7236544_P01.jpg","width":1200,"height":1200,"caption":"S7236544_0"},{"@type":"BreadcrumbList","@id":"https:\/\/tupique.com\/product\/monture-de-lunettes-unisexe-pepe-jeans-pj2021-46c2\/#breadcrumb","itemListElement":[{"@type":"ListItem","position":1,"name":"commencer","item":"https:\/\/tupique.com\/"},{"@type":"ListItem","position":2,"name":"Loja","item":"https:\/\/tupique.com\/pt\/loja\/"},{"@type":"ListItem","position":3,"name":"Monture de Lunettes Unisexe Pepe Jeans PJ2021 46C2"}]},{"@type":"WebSite","@id":"https:\/\/tupique.com\/#website","url":"https:\/\/tupique.com\/","name":"Tupique","description":"","publisher":{"@id":"https:\/\/tupique.com\/#organization"},"potentialAction":[{"@type":"SearchAction","target":{"@type":"EntryPoint","urlTemplate":"https:\/\/tupique.com\/?s={search_term_string}"},"query-input":{"@type":"PropertyValueSpecification","valueRequired":true,"valueName":"search_term_string"}}],"inLanguage":"pt-PT"},{"@type":"Organization","@id":"https:\/\/tupique.com\/#organization","name":"Tupique","url":"https:\/\/tupique.com\/","logo":{"@type":"ImageObject","inLanguage":"pt-PT","@id":"https:\/\/tupique.com\/#\/schema\/logo\/image\/","url":"https:\/\/tupique.com\/wp-content\/uploads\/2026\/03\/logo-tupique-1.webp","contentUrl":"https:\/\/tupique.com\/wp-content\/uploads\/2026\/03\/logo-tupique-1.webp","width":500,"height":67,"caption":"Tupique"},"image":{"@id":"https:\/\/tupique.com\/#\/schema\/logo\/image\/"}}]}},"_links":{"self":[{"href":"https:\/\/tupique.com\/pt\/wp-json\/wp\/v2\/product\/187541","targetHints":{"allow":["GET"]}}],"collection":[{"href":"https:\/\/tupique.com\/pt\/wp-json\/wp\/v2\/product"}],"about":[{"href":"https:\/\/tupique.com\/pt\/wp-json\/wp\/v2\/types\/product"}],"replies":[{"embeddable":true,"href":"https:\/\/tupique.com\/pt\/wp-json\/wp\/v2\/comments?post=187541"}],"wp:featuredmedia":[{"embeddable":true,"href":"https:\/\/tupique.com\/pt\/wp-json\/wp\/v2\/media\/187538"}],"wp:attachment":[{"href":"https:\/\/tupique.com\/pt\/wp-json\/wp\/v2\/media?parent=187541"}],"wp:term":[{"taxonomy":"product_brand","embeddable":true,"href":"https:\/\/tupique.com\/pt\/wp-json\/wp\/v2\/product_brand?post=187541"},{"taxonomy":"product_cat","embeddable":true,"href":"https:\/\/tupique.com\/pt\/wp-json\/wp\/v2\/product_cat?post=187541"},{"taxonomy":"product_tag","embeddable":true,"href":"https:\/\/tupique.com\/pt\/wp-json\/wp\/v2\/product_tag?post=187541"},{"taxonomy":"woo-feed-brand","embeddable":true,"href":"https:\/\/tupique.com\/pt\/wp-json\/wp\/v2\/woo-feed-brand?post=187541"}],"curies":[{"name":"wp","href":"https:\/\/api.w.org\/{rel}","templated":true}]}}