{"id":187581,"date":"2026-05-11T20:56:32","date_gmt":"2026-05-11T18:56:32","guid":{"rendered":"https:\/\/tupique.com\/product\/monture-de-lunettes-unisexe-polaroid-pld-d345-49807\/"},"modified":"2026-05-11T21:22:51","modified_gmt":"2026-05-11T19:22:51","slug":"monture-de-lunettes-unisexe-polaroid-pld-d345-49807","status":"publish","type":"product","link":"https:\/\/tupique.com\/pt\/product\/monture-de-lunettes-unisexe-polaroid-pld-d345-49807\/","title":{"rendered":"Monture de Lunettes Unisexe Polaroid PLD D345 49807"},"content":{"rendered":"<p>Si vous envisagez de renouveler votre garde-robe, achetez <b>Monture de Lunettes Unisexe Polaroid PLD D345 49807<\/b> et d\u2019autres<b>produits Polaroid<\/b>! La meilleure qualit\u00e9 au meilleur prix est \u00e0 votre port\u00e9e!<\/p>\n<p>A <b>monture de lunettes unisexe<\/b> <b>Polaroid PLD D345 49807<\/b> associe un design polyvalent \u00e0 une fonctionnalit\u00e9 pens\u00e9e pour hommes et femmes, s\u2019adaptant \u00e0 diff\u00e9rents styles et besoins visuels. Ce mod\u00e8le se distingue par sa <b>construction l\u00e9g\u00e8re et ergonomique<\/b>, garantissant un confort au quotidien et r\u00e9duisant la fatigue lors d\u2019un port prolong\u00e9. La <b>monture<\/b> est con\u00e7ue pour offrir une grande durabilit\u00e9 et s\u2019adapte facilement \u00e0 des verres correcteurs si n\u00e9cessaire, car elle est livr\u00e9e d\u2019origine avec des <b>verres sans correction<\/b>. La <b>finition unisexe<\/b> assure un look moderne et intemporel, convenant \u00e0 divers visages et pr\u00e9f\u00e9rences, faisant de ce mod\u00e8le un choix pratique aussi bien pour ceux qui souhaitent renouveler leur style que pour ceux qui recherchent une base pour une adaptation optique. De plus, un <b>\u00e9tui ou une housse originale de la marque<\/b> est inclus, offrant une protection et facilitant le transport s\u00e9curis\u00e9 du produit. Avec la garantie et la renomm\u00e9e de Polaroid, cette monture repr\u00e9sente une solution \u00e9quilibr\u00e9e entre design contemporain, fonctionnalit\u00e9 et r\u00e9sistance, id\u00e9ale pour les utilisateurs qui privil\u00e9gient confort et qualit\u00e9 au quotidien dans leurs montures optiques.<\/p>\n<ul>\n<li>Caract\u00e9ristiques: Verres sans graduation<\/li>\n<li>Genre: Unisexe<\/li>\n<li>Type: Monture de Lunettes<\/li>\n<li>Type de verre: Lentilles sans ordonnance<\/li>\n<li>Inclut: Inclut un \u00e9tui ou une housse de la marque<\/li>\n<\/ul>","protected":false},"excerpt":{"rendered":"<p>Si vous envisagez de renouveler votre garde-robe, achetez Monture de Lunettes Unisexe Polaroid PLD D345 49807 et d\u2019autresproduits Polaroid! La meilleure qualit\u00e9 au meilleur prix est \u00e0 votre port\u00e9e! La monture de lunettes unisexe Polaroid PLD D345 49807 associe un design polyvalent \u00e0 une fonctionnalit\u00e9 pens\u00e9e pour hommes et femmes, s\u2019adaptant \u00e0 diff\u00e9rents styles et [&hellip;]<\/p>\n","protected":false},"featured_media":187576,"comment_status":"open","ping_status":"closed","template":"","meta":[],"product_brand":[2514],"product_cat":[776,777,752],"product_tag":[542],"woo-feed-brand":[],"class_list":{"0":"post-187581","1":"product","2":"type-product","3":"status-publish","4":"has-post-thumbnail","6":"product_brand-brandp_1244","7":"product_cat-detente-et-bien-etre","8":"product_cat-lunettes-de-lecture-et-lunettes-loupes","9":"product_cat-sante-beaute","10":"product_tag-tag_1274","12":"first","13":"instock","14":"taxable","15":"shipping-taxable","16":"purchasable","17":"product-type-simple"},"yoast_head":"<!-- This site is optimized with the Yoast SEO plugin v27.6 - https:\/\/yoast.com\/product\/yoast-seo-wordpress\/ -->\n<title>Monture de Lunettes Unisexe Polaroid PLD D345 49807 | | Tupique<\/title>\n<meta name=\"description\" content=\"Envie d&#039;acheter Monture de Lunettes Unisexe Polaroid PLD D345 49807\u00a0? Achetez Monture de Lunettes Unisexe Polaroid PLD D345 49807 maintenant avec Tupique en 3 versements sans int\u00e9r\u00eat.\" \/>\n<meta name=\"robots\" content=\"index, follow, max-snippet:-1, max-image-preview:large, max-video-preview:-1\" \/>\n<link rel=\"canonical\" href=\"https:\/\/tupique.com\/pt\/product\/monture-de-lunettes-unisexe-polaroid-pld-d345-49807\/\" \/>\n<meta property=\"og:locale\" content=\"pt_PT\" \/>\n<meta property=\"og:type\" content=\"article\" \/>\n<meta property=\"og:title\" content=\"Monture de Lunettes Unisexe Polaroid PLD D345 49807 | | Tupique\" \/>\n<meta property=\"og:description\" content=\"Envie d&#039;acheter Monture de Lunettes Unisexe Polaroid PLD D345 49807\u00a0? Achetez Monture de Lunettes Unisexe Polaroid PLD D345 49807 maintenant avec Tupique en 3 versements sans int\u00e9r\u00eat.\" \/>\n<meta property=\"og:url\" content=\"https:\/\/tupique.com\/pt\/product\/monture-de-lunettes-unisexe-polaroid-pld-d345-49807\/\" \/>\n<meta property=\"og:site_name\" content=\"Tupique\" \/>\n<meta property=\"article:modified_time\" content=\"2026-05-11T19:22:51+00:00\" \/>\n<meta property=\"og:image\" content=\"https:\/\/tupique.com\/wp-content\/uploads\/2026\/05\/0716736033716_S7235477_P00.jpg\" \/>\n\t<meta property=\"og:image:width\" content=\"1200\" \/>\n\t<meta property=\"og:image:height\" content=\"1200\" \/>\n\t<meta property=\"og:image:type\" content=\"image\/jpeg\" \/>\n<meta name=\"twitter:card\" content=\"summary_large_image\" \/>\n<meta name=\"twitter:label1\" content=\"Tempo estimado de leitura\" \/>\n\t<meta name=\"twitter:data1\" content=\"1 minuto\" \/>\n<script type=\"application\/ld+json\" class=\"yoast-schema-graph\">{\"@context\":\"https:\\\/\\\/schema.org\",\"@graph\":[{\"@type\":\"WebPage\",\"@id\":\"https:\\\/\\\/tupique.com\\\/product\\\/monture-de-lunettes-unisexe-polaroid-pld-d345-49807\\\/\",\"url\":\"https:\\\/\\\/tupique.com\\\/product\\\/monture-de-lunettes-unisexe-polaroid-pld-d345-49807\\\/\",\"name\":\"Monture de Lunettes Unisexe Polaroid PLD D345 49807 | | Tupique\",\"isPartOf\":{\"@id\":\"https:\\\/\\\/tupique.com\\\/#website\"},\"primaryImageOfPage\":{\"@id\":\"https:\\\/\\\/tupique.com\\\/product\\\/monture-de-lunettes-unisexe-polaroid-pld-d345-49807\\\/#primaryimage\"},\"image\":{\"@id\":\"https:\\\/\\\/tupique.com\\\/product\\\/monture-de-lunettes-unisexe-polaroid-pld-d345-49807\\\/#primaryimage\"},\"thumbnailUrl\":\"https:\\\/\\\/tupique.com\\\/wp-content\\\/uploads\\\/2026\\\/05\\\/0716736033716_S7235477_P00.jpg\",\"datePublished\":\"2026-05-11T18:56:32+00:00\",\"dateModified\":\"2026-05-11T19:22:51+00:00\",\"description\":\"Envie d'acheter Monture de Lunettes Unisexe Polaroid PLD D345 49807\u00a0? Achetez Monture de Lunettes Unisexe Polaroid PLD D345 49807 maintenant avec Tupique en 3 versements sans int\u00e9r\u00eat.\",\"breadcrumb\":{\"@id\":\"https:\\\/\\\/tupique.com\\\/product\\\/monture-de-lunettes-unisexe-polaroid-pld-d345-49807\\\/#breadcrumb\"},\"inLanguage\":\"pt-PT\",\"potentialAction\":[{\"@type\":\"ReadAction\",\"target\":[\"https:\\\/\\\/tupique.com\\\/product\\\/monture-de-lunettes-unisexe-polaroid-pld-d345-49807\\\/\"]}]},{\"@type\":\"ImageObject\",\"inLanguage\":\"pt-PT\",\"@id\":\"https:\\\/\\\/tupique.com\\\/product\\\/monture-de-lunettes-unisexe-polaroid-pld-d345-49807\\\/#primaryimage\",\"url\":\"https:\\\/\\\/tupique.com\\\/wp-content\\\/uploads\\\/2026\\\/05\\\/0716736033716_S7235477_P00.jpg\",\"contentUrl\":\"https:\\\/\\\/tupique.com\\\/wp-content\\\/uploads\\\/2026\\\/05\\\/0716736033716_S7235477_P00.jpg\",\"width\":1200,\"height\":1200,\"caption\":\"S7235477_0\"},{\"@type\":\"BreadcrumbList\",\"@id\":\"https:\\\/\\\/tupique.com\\\/product\\\/monture-de-lunettes-unisexe-polaroid-pld-d345-49807\\\/#breadcrumb\",\"itemListElement\":[{\"@type\":\"ListItem\",\"position\":1,\"name\":\"commencer\",\"item\":\"https:\\\/\\\/tupique.com\\\/\"},{\"@type\":\"ListItem\",\"position\":2,\"name\":\"Loja\",\"item\":\"https:\\\/\\\/tupique.com\\\/pt\\\/loja\\\/\"},{\"@type\":\"ListItem\",\"position\":3,\"name\":\"Monture de Lunettes Unisexe Polaroid PLD D345 49807\"}]},{\"@type\":\"WebSite\",\"@id\":\"https:\\\/\\\/tupique.com\\\/#website\",\"url\":\"https:\\\/\\\/tupique.com\\\/\",\"name\":\"Tupique\",\"description\":\"\",\"publisher\":{\"@id\":\"https:\\\/\\\/tupique.com\\\/#organization\"},\"potentialAction\":[{\"@type\":\"SearchAction\",\"target\":{\"@type\":\"EntryPoint\",\"urlTemplate\":\"https:\\\/\\\/tupique.com\\\/?s={search_term_string}\"},\"query-input\":{\"@type\":\"PropertyValueSpecification\",\"valueRequired\":true,\"valueName\":\"search_term_string\"}}],\"inLanguage\":\"pt-PT\"},{\"@type\":\"Organization\",\"@id\":\"https:\\\/\\\/tupique.com\\\/#organization\",\"name\":\"Tupique\",\"url\":\"https:\\\/\\\/tupique.com\\\/\",\"logo\":{\"@type\":\"ImageObject\",\"inLanguage\":\"pt-PT\",\"@id\":\"https:\\\/\\\/tupique.com\\\/#\\\/schema\\\/logo\\\/image\\\/\",\"url\":\"https:\\\/\\\/tupique.com\\\/wp-content\\\/uploads\\\/2026\\\/03\\\/logo-tupique-1.webp\",\"contentUrl\":\"https:\\\/\\\/tupique.com\\\/wp-content\\\/uploads\\\/2026\\\/03\\\/logo-tupique-1.webp\",\"width\":500,\"height\":67,\"caption\":\"Tupique\"},\"image\":{\"@id\":\"https:\\\/\\\/tupique.com\\\/#\\\/schema\\\/logo\\\/image\\\/\"}}]}<\/script>\n<!-- \/ Yoast SEO plugin. -->","yoast_head_json":{"title":"Monture de Lunettes Unisexe Polaroid PLD D345 49807 | | Tupique","description":"Envie d'acheter Monture de Lunettes Unisexe Polaroid PLD D345 49807\u00a0? Achetez Monture de Lunettes Unisexe Polaroid PLD D345 49807 maintenant avec Tupique en 3 versements sans int\u00e9r\u00eat.","robots":{"index":"index","follow":"follow","max-snippet":"max-snippet:-1","max-image-preview":"max-image-preview:large","max-video-preview":"max-video-preview:-1"},"canonical":"https:\/\/tupique.com\/pt\/product\/monture-de-lunettes-unisexe-polaroid-pld-d345-49807\/","og_locale":"pt_PT","og_type":"article","og_title":"Monture de Lunettes Unisexe Polaroid PLD D345 49807 | | Tupique","og_description":"Envie d'acheter Monture de Lunettes Unisexe Polaroid PLD D345 49807\u00a0? Achetez Monture de Lunettes Unisexe Polaroid PLD D345 49807 maintenant avec Tupique en 3 versements sans int\u00e9r\u00eat.","og_url":"https:\/\/tupique.com\/pt\/product\/monture-de-lunettes-unisexe-polaroid-pld-d345-49807\/","og_site_name":"Tupique","article_modified_time":"2026-05-11T19:22:51+00:00","og_image":[{"width":1200,"height":1200,"url":"https:\/\/tupique.com\/wp-content\/uploads\/2026\/05\/0716736033716_S7235477_P00.jpg","type":"image\/jpeg"}],"twitter_card":"summary_large_image","twitter_misc":{"Tempo estimado de leitura":"1 minuto"},"schema":{"@context":"https:\/\/schema.org","@graph":[{"@type":"WebPage","@id":"https:\/\/tupique.com\/product\/monture-de-lunettes-unisexe-polaroid-pld-d345-49807\/","url":"https:\/\/tupique.com\/product\/monture-de-lunettes-unisexe-polaroid-pld-d345-49807\/","name":"Monture de Lunettes Unisexe Polaroid PLD D345 49807 | | Tupique","isPartOf":{"@id":"https:\/\/tupique.com\/#website"},"primaryImageOfPage":{"@id":"https:\/\/tupique.com\/product\/monture-de-lunettes-unisexe-polaroid-pld-d345-49807\/#primaryimage"},"image":{"@id":"https:\/\/tupique.com\/product\/monture-de-lunettes-unisexe-polaroid-pld-d345-49807\/#primaryimage"},"thumbnailUrl":"https:\/\/tupique.com\/wp-content\/uploads\/2026\/05\/0716736033716_S7235477_P00.jpg","datePublished":"2026-05-11T18:56:32+00:00","dateModified":"2026-05-11T19:22:51+00:00","description":"Envie d'acheter Monture de Lunettes Unisexe Polaroid PLD D345 49807\u00a0? Achetez Monture de Lunettes Unisexe Polaroid PLD D345 49807 maintenant avec Tupique en 3 versements sans int\u00e9r\u00eat.","breadcrumb":{"@id":"https:\/\/tupique.com\/product\/monture-de-lunettes-unisexe-polaroid-pld-d345-49807\/#breadcrumb"},"inLanguage":"pt-PT","potentialAction":[{"@type":"ReadAction","target":["https:\/\/tupique.com\/product\/monture-de-lunettes-unisexe-polaroid-pld-d345-49807\/"]}]},{"@type":"ImageObject","inLanguage":"pt-PT","@id":"https:\/\/tupique.com\/product\/monture-de-lunettes-unisexe-polaroid-pld-d345-49807\/#primaryimage","url":"https:\/\/tupique.com\/wp-content\/uploads\/2026\/05\/0716736033716_S7235477_P00.jpg","contentUrl":"https:\/\/tupique.com\/wp-content\/uploads\/2026\/05\/0716736033716_S7235477_P00.jpg","width":1200,"height":1200,"caption":"S7235477_0"},{"@type":"BreadcrumbList","@id":"https:\/\/tupique.com\/product\/monture-de-lunettes-unisexe-polaroid-pld-d345-49807\/#breadcrumb","itemListElement":[{"@type":"ListItem","position":1,"name":"commencer","item":"https:\/\/tupique.com\/"},{"@type":"ListItem","position":2,"name":"Loja","item":"https:\/\/tupique.com\/pt\/loja\/"},{"@type":"ListItem","position":3,"name":"Monture de Lunettes Unisexe Polaroid PLD D345 49807"}]},{"@type":"WebSite","@id":"https:\/\/tupique.com\/#website","url":"https:\/\/tupique.com\/","name":"Tupique","description":"","publisher":{"@id":"https:\/\/tupique.com\/#organization"},"potentialAction":[{"@type":"SearchAction","target":{"@type":"EntryPoint","urlTemplate":"https:\/\/tupique.com\/?s={search_term_string}"},"query-input":{"@type":"PropertyValueSpecification","valueRequired":true,"valueName":"search_term_string"}}],"inLanguage":"pt-PT"},{"@type":"Organization","@id":"https:\/\/tupique.com\/#organization","name":"Tupique","url":"https:\/\/tupique.com\/","logo":{"@type":"ImageObject","inLanguage":"pt-PT","@id":"https:\/\/tupique.com\/#\/schema\/logo\/image\/","url":"https:\/\/tupique.com\/wp-content\/uploads\/2026\/03\/logo-tupique-1.webp","contentUrl":"https:\/\/tupique.com\/wp-content\/uploads\/2026\/03\/logo-tupique-1.webp","width":500,"height":67,"caption":"Tupique"},"image":{"@id":"https:\/\/tupique.com\/#\/schema\/logo\/image\/"}}]}},"_links":{"self":[{"href":"https:\/\/tupique.com\/pt\/wp-json\/wp\/v2\/product\/187581","targetHints":{"allow":["GET"]}}],"collection":[{"href":"https:\/\/tupique.com\/pt\/wp-json\/wp\/v2\/product"}],"about":[{"href":"https:\/\/tupique.com\/pt\/wp-json\/wp\/v2\/types\/product"}],"replies":[{"embeddable":true,"href":"https:\/\/tupique.com\/pt\/wp-json\/wp\/v2\/comments?post=187581"}],"wp:featuredmedia":[{"embeddable":true,"href":"https:\/\/tupique.com\/pt\/wp-json\/wp\/v2\/media\/187576"}],"wp:attachment":[{"href":"https:\/\/tupique.com\/pt\/wp-json\/wp\/v2\/media?parent=187581"}],"wp:term":[{"taxonomy":"product_brand","embeddable":true,"href":"https:\/\/tupique.com\/pt\/wp-json\/wp\/v2\/product_brand?post=187581"},{"taxonomy":"product_cat","embeddable":true,"href":"https:\/\/tupique.com\/pt\/wp-json\/wp\/v2\/product_cat?post=187581"},{"taxonomy":"product_tag","embeddable":true,"href":"https:\/\/tupique.com\/pt\/wp-json\/wp\/v2\/product_tag?post=187581"},{"taxonomy":"woo-feed-brand","embeddable":true,"href":"https:\/\/tupique.com\/pt\/wp-json\/wp\/v2\/woo-feed-brand?post=187581"}],"curies":[{"name":"wp","href":"https:\/\/api.w.org\/{rel}","templated":true}]}}