{"id":188139,"date":"2026-05-11T21:33:57","date_gmt":"2026-05-11T19:33:57","guid":{"rendered":"https:\/\/tupique.com\/product\/range-chaussures-kipit-blanc-noir-gris-68-x-35-x-185-cm-68-x-3-x-185-cm-12-unites\/"},"modified":"2026-05-11T21:33:57","modified_gmt":"2026-05-11T19:33:57","slug":"range-chaussures-kipit-blanc-noir-gris-68-x-35-x-185-cm-68-x-3-x-185-cm-12-unites","status":"publish","type":"product","link":"https:\/\/tupique.com\/pt\/product\/range-chaussures-kipit-blanc-noir-gris-68-x-35-x-185-cm-68-x-3-x-185-cm-12-unites\/","title":{"rendered":"Range-chaussures Kipit Blanc Noir Gris 68 x 3,5 x 18,5 cm 68 x 3 x 18,5 cm (12 Unit\u00e9s)"},"content":{"rendered":"<p>Vous voulez donner une touche d&#8217;originalit\u00e9 \u00e0 votre maison ? Vous y arriverez gr\u00e2ce au <b>Range-chaussures Kipit Blanc Noir Gris 68 x 3,5 x 18,5 cm 68 x 3 x 18,5 cm (12 Unit\u00e9s)<\/b>.<\/p>\n<p>Ler <b>meuble \u00e0 chaussures<\/b> de la marque Kipit se distingue par son design fonctionnel et sa polyvalence, offrant une solution efficace pour le rangement des chaussures \u00e0 la maison. Fabriqu\u00e9 en <b>acier<\/b> e <b>polypropyl\u00e8ne<\/b>, il allie robustesse, l\u00e9g\u00e8ret\u00e9 et facilit\u00e9 d\u2019entretien, ce qui le rend adapt\u00e9 \u00e0 un usage quotidien prolong\u00e9. Ce mod\u00e8le peut accueillir jusqu\u2019\u00e0 <b>15 paires de chaussures<\/b>, aidant \u00e0 garder l\u2019ordre dans les chambres, entr\u00e9es ou placards sans occuper trop d\u2019espace. Disponible en <b>trois couleurs : blanc, noir et gris<\/b>, il s\u2019int\u00e8gre facilement \u00e0 diff\u00e9rents styles de d\u00e9coration, apportant une touche discr\u00e8te et moderne \u00e0 l\u2019environnement. Sa provenance de <b>Chine<\/b> garantit une fabrication standardis\u00e9e et \u00e9conomique. Le syst\u00e8me modulaire facilite aussi bien le montage que le d\u00e9placement, permettant d\u2019ajuster la disposition des \u00e9tag\u00e8res selon les besoins de l\u2019utilisateur. En somme, ce meuble \u00e0 chaussures Kipit est une option pratique et solide pour ceux qui souhaitent organiser leurs chaussures de mani\u00e8re ordonn\u00e9e, en optimisant l\u2019espace avec une structure simple et facile \u00e0 entretenir.<\/p>\n<ul>\n<li>Type: Maison<\/li>\n<li>Couleur:\n<ul>\n<li>Blanc<\/li>\n<li>Noir<\/li>\n<li>Gris<\/li>\n<\/ul>\n<\/li>\n<li>Caract\u00e9ristiques: 5 Etag\u00e8res<\/li>\n<li>Unit\u00e9s:\n<ul>\n<li>1 Unit\u00e9<\/li>\n<li>12 Unit\u00e9s<\/li>\n<\/ul>\n<\/li>\n<li>Mati\u00e8re:\n<ul>\n<li>Acier<\/li>\n<li>polypropyl\u00e8ne<\/li>\n<\/ul>\n<\/li>\n<li>Dimensions approx.:\n<ul>\n<li>68 x 3,5 x 18,5 cm<\/li>\n<li>68 x 3 x 18,5 cm<\/li>\n<\/ul>\n<\/li>\n<\/ul>\n<p>Informations importantes: Dessins assortis envoy\u00e9s al\u00e9atoirement selon le stock disponible.<\/p>","protected":false},"excerpt":{"rendered":"<p><span class=\"unit-info\">51.9900 &euro; \/ 1 unit<\/span><\/p>","protected":false},"featured_media":188136,"comment_status":"open","ping_status":"closed","template":"","meta":[],"product_brand":[2282],"product_cat":[239,2350,577],"product_tag":[104],"woo-feed-brand":[],"class_list":{"0":"post-188139","1":"product","2":"type-product","3":"status-publish","4":"has-post-thumbnail","6":"product_brand-brandp_5247","7":"product_cat-maison-jardin","8":"product_cat-meubles-a-chaussures","9":"product_cat-mobilier","10":"product_tag-tag_1279","12":"first","13":"instock","14":"taxable","15":"shipping-taxable","16":"purchasable","17":"product-type-simple"},"yoast_head":"<!-- This site is optimized with the Yoast SEO plugin v27.6 - https:\/\/yoast.com\/product\/yoast-seo-wordpress\/ -->\n<title>Range-chaussures Kipit Blanc Noir Gris 68 x 3,5 x 18,5 cm 68 x 3 x 18,5 cm (12 Unit\u00e9s) | | Tupique<\/title>\n<meta name=\"description\" content=\"Envie d&#039;acheter Range-chaussures Kipit Blanc Noir Gris 68 x 3,5 x 18,5 cm 68 x 3 x 18,5 cm (12 Unit\u00e9s)\u00a0? Achetez Range-chaussures Kipit Blanc Noir Gris 68 x 3,5 x 18,5 cm 68 x 3 x 18,5 cm (12 Unit\u00e9s) maintenant avec Tupique en 3 versements sans int\u00e9r\u00eat.\" \/>\n<meta name=\"robots\" content=\"index, follow, max-snippet:-1, max-image-preview:large, max-video-preview:-1\" \/>\n<link rel=\"canonical\" href=\"https:\/\/tupique.com\/pt\/product\/range-chaussures-kipit-blanc-noir-gris-68-x-35-x-185-cm-68-x-3-x-185-cm-12-unites\/\" \/>\n<meta property=\"og:locale\" content=\"pt_PT\" \/>\n<meta property=\"og:type\" content=\"article\" \/>\n<meta property=\"og:title\" content=\"Range-chaussures Kipit Blanc Noir Gris 68 x 3,5 x 18,5 cm 68 x 3 x 18,5 cm (12 Unit\u00e9s) | | Tupique\" \/>\n<meta property=\"og:description\" content=\"Envie d&#039;acheter Range-chaussures Kipit Blanc Noir Gris 68 x 3,5 x 18,5 cm 68 x 3 x 18,5 cm (12 Unit\u00e9s)\u00a0? Achetez Range-chaussures Kipit Blanc Noir Gris 68 x 3,5 x 18,5 cm 68 x 3 x 18,5 cm (12 Unit\u00e9s) maintenant avec Tupique en 3 versements sans int\u00e9r\u00eat.\" \/>\n<meta property=\"og:url\" content=\"https:\/\/tupique.com\/pt\/product\/range-chaussures-kipit-blanc-noir-gris-68-x-35-x-185-cm-68-x-3-x-185-cm-12-unites\/\" \/>\n<meta property=\"og:site_name\" content=\"Tupique\" \/>\n<meta property=\"og:image\" content=\"https:\/\/tupique.com\/wp-content\/uploads\/2026\/05\/S3624545_58823_1688126989-cropped_WBG_icon1.jpg\" \/>\n\t<meta property=\"og:image:width\" content=\"1200\" \/>\n\t<meta property=\"og:image:height\" content=\"1200\" \/>\n\t<meta property=\"og:image:type\" content=\"image\/jpeg\" \/>\n<meta name=\"twitter:card\" content=\"summary_large_image\" \/>\n<meta name=\"twitter:label1\" content=\"Tempo estimado de leitura\" \/>\n\t<meta name=\"twitter:data1\" content=\"1 minuto\" \/>\n<script type=\"application\/ld+json\" class=\"yoast-schema-graph\">{\"@context\":\"https:\\\/\\\/schema.org\",\"@graph\":[{\"@type\":\"WebPage\",\"@id\":\"https:\\\/\\\/tupique.com\\\/pt\\\/product\\\/range-chaussures-kipit-blanc-noir-gris-68-x-35-x-185-cm-68-x-3-x-185-cm-12-unites\\\/\",\"url\":\"https:\\\/\\\/tupique.com\\\/pt\\\/product\\\/range-chaussures-kipit-blanc-noir-gris-68-x-35-x-185-cm-68-x-3-x-185-cm-12-unites\\\/\",\"name\":\"Range-chaussures Kipit Blanc Noir Gris 68 x 3,5 x 18,5 cm 68 x 3 x 18,5 cm (12 Unit\u00e9s) | | Tupique\",\"isPartOf\":{\"@id\":\"https:\\\/\\\/tupique.com\\\/#website\"},\"primaryImageOfPage\":{\"@id\":\"https:\\\/\\\/tupique.com\\\/pt\\\/product\\\/range-chaussures-kipit-blanc-noir-gris-68-x-35-x-185-cm-68-x-3-x-185-cm-12-unites\\\/#primaryimage\"},\"image\":{\"@id\":\"https:\\\/\\\/tupique.com\\\/pt\\\/product\\\/range-chaussures-kipit-blanc-noir-gris-68-x-35-x-185-cm-68-x-3-x-185-cm-12-unites\\\/#primaryimage\"},\"thumbnailUrl\":\"https:\\\/\\\/tupique.com\\\/wp-content\\\/uploads\\\/2026\\\/05\\\/S3624545_58823_1688126989-cropped_WBG_icon1.jpg\",\"datePublished\":\"2026-05-11T19:33:57+00:00\",\"description\":\"Envie d'acheter Range-chaussures Kipit Blanc Noir Gris 68 x 3,5 x 18,5 cm 68 x 3 x 18,5 cm (12 Unit\u00e9s)\u00a0? Achetez Range-chaussures Kipit Blanc Noir Gris 68 x 3,5 x 18,5 cm 68 x 3 x 18,5 cm (12 Unit\u00e9s) maintenant avec Tupique en 3 versements sans int\u00e9r\u00eat.\",\"breadcrumb\":{\"@id\":\"https:\\\/\\\/tupique.com\\\/pt\\\/product\\\/range-chaussures-kipit-blanc-noir-gris-68-x-35-x-185-cm-68-x-3-x-185-cm-12-unites\\\/#breadcrumb\"},\"inLanguage\":\"pt-PT\",\"potentialAction\":[{\"@type\":\"ReadAction\",\"target\":[\"https:\\\/\\\/tupique.com\\\/pt\\\/product\\\/range-chaussures-kipit-blanc-noir-gris-68-x-35-x-185-cm-68-x-3-x-185-cm-12-unites\\\/\"]}]},{\"@type\":\"ImageObject\",\"inLanguage\":\"pt-PT\",\"@id\":\"https:\\\/\\\/tupique.com\\\/pt\\\/product\\\/range-chaussures-kipit-blanc-noir-gris-68-x-35-x-185-cm-68-x-3-x-185-cm-12-unites\\\/#primaryimage\",\"url\":\"https:\\\/\\\/tupique.com\\\/wp-content\\\/uploads\\\/2026\\\/05\\\/S3624545_58823_1688126989-cropped_WBG_icon1.jpg\",\"contentUrl\":\"https:\\\/\\\/tupique.com\\\/wp-content\\\/uploads\\\/2026\\\/05\\\/S3624545_58823_1688126989-cropped_WBG_icon1.jpg\",\"width\":1200,\"height\":1200,\"caption\":\"S3624545_0\"},{\"@type\":\"BreadcrumbList\",\"@id\":\"https:\\\/\\\/tupique.com\\\/pt\\\/product\\\/range-chaussures-kipit-blanc-noir-gris-68-x-35-x-185-cm-68-x-3-x-185-cm-12-unites\\\/#breadcrumb\",\"itemListElement\":[{\"@type\":\"ListItem\",\"position\":1,\"name\":\"commencer\",\"item\":\"https:\\\/\\\/tupique.com\\\/\"},{\"@type\":\"ListItem\",\"position\":2,\"name\":\"Loja\",\"item\":\"https:\\\/\\\/tupique.com\\\/pt\\\/loja\\\/\"},{\"@type\":\"ListItem\",\"position\":3,\"name\":\"Range-chaussures Kipit Blanc Noir Gris 68 x 3,5 x 18,5 cm 68 x 3 x 18,5 cm (12 Unit\u00e9s)\"}]},{\"@type\":\"WebSite\",\"@id\":\"https:\\\/\\\/tupique.com\\\/#website\",\"url\":\"https:\\\/\\\/tupique.com\\\/\",\"name\":\"Tupique\",\"description\":\"\",\"publisher\":{\"@id\":\"https:\\\/\\\/tupique.com\\\/#organization\"},\"potentialAction\":[{\"@type\":\"SearchAction\",\"target\":{\"@type\":\"EntryPoint\",\"urlTemplate\":\"https:\\\/\\\/tupique.com\\\/?s={search_term_string}\"},\"query-input\":{\"@type\":\"PropertyValueSpecification\",\"valueRequired\":true,\"valueName\":\"search_term_string\"}}],\"inLanguage\":\"pt-PT\"},{\"@type\":\"Organization\",\"@id\":\"https:\\\/\\\/tupique.com\\\/#organization\",\"name\":\"Tupique\",\"url\":\"https:\\\/\\\/tupique.com\\\/\",\"logo\":{\"@type\":\"ImageObject\",\"inLanguage\":\"pt-PT\",\"@id\":\"https:\\\/\\\/tupique.com\\\/#\\\/schema\\\/logo\\\/image\\\/\",\"url\":\"https:\\\/\\\/tupique.com\\\/wp-content\\\/uploads\\\/2026\\\/03\\\/logo-tupique-1.webp\",\"contentUrl\":\"https:\\\/\\\/tupique.com\\\/wp-content\\\/uploads\\\/2026\\\/03\\\/logo-tupique-1.webp\",\"width\":500,\"height\":67,\"caption\":\"Tupique\"},\"image\":{\"@id\":\"https:\\\/\\\/tupique.com\\\/#\\\/schema\\\/logo\\\/image\\\/\"}}]}<\/script>\n<!-- \/ Yoast SEO plugin. -->","yoast_head_json":{"title":"Range-chaussures Kipit Blanc Noir Gris 68 x 3,5 x 18,5 cm 68 x 3 x 18,5 cm (12 Unit\u00e9s) | | Tupique","description":"Envie d'acheter Range-chaussures Kipit Blanc Noir Gris 68 x 3,5 x 18,5 cm 68 x 3 x 18,5 cm (12 Unit\u00e9s)\u00a0? Achetez Range-chaussures Kipit Blanc Noir Gris 68 x 3,5 x 18,5 cm 68 x 3 x 18,5 cm (12 Unit\u00e9s) maintenant avec Tupique en 3 versements sans int\u00e9r\u00eat.","robots":{"index":"index","follow":"follow","max-snippet":"max-snippet:-1","max-image-preview":"max-image-preview:large","max-video-preview":"max-video-preview:-1"},"canonical":"https:\/\/tupique.com\/pt\/product\/range-chaussures-kipit-blanc-noir-gris-68-x-35-x-185-cm-68-x-3-x-185-cm-12-unites\/","og_locale":"pt_PT","og_type":"article","og_title":"Range-chaussures Kipit Blanc Noir Gris 68 x 3,5 x 18,5 cm 68 x 3 x 18,5 cm (12 Unit\u00e9s) | | Tupique","og_description":"Envie d'acheter Range-chaussures Kipit Blanc Noir Gris 68 x 3,5 x 18,5 cm 68 x 3 x 18,5 cm (12 Unit\u00e9s)\u00a0? Achetez Range-chaussures Kipit Blanc Noir Gris 68 x 3,5 x 18,5 cm 68 x 3 x 18,5 cm (12 Unit\u00e9s) maintenant avec Tupique en 3 versements sans int\u00e9r\u00eat.","og_url":"https:\/\/tupique.com\/pt\/product\/range-chaussures-kipit-blanc-noir-gris-68-x-35-x-185-cm-68-x-3-x-185-cm-12-unites\/","og_site_name":"Tupique","og_image":[{"width":1200,"height":1200,"url":"https:\/\/tupique.com\/wp-content\/uploads\/2026\/05\/S3624545_58823_1688126989-cropped_WBG_icon1.jpg","type":"image\/jpeg"}],"twitter_card":"summary_large_image","twitter_misc":{"Tempo estimado de leitura":"1 minuto"},"schema":{"@context":"https:\/\/schema.org","@graph":[{"@type":"WebPage","@id":"https:\/\/tupique.com\/pt\/product\/range-chaussures-kipit-blanc-noir-gris-68-x-35-x-185-cm-68-x-3-x-185-cm-12-unites\/","url":"https:\/\/tupique.com\/pt\/product\/range-chaussures-kipit-blanc-noir-gris-68-x-35-x-185-cm-68-x-3-x-185-cm-12-unites\/","name":"Range-chaussures Kipit Blanc Noir Gris 68 x 3,5 x 18,5 cm 68 x 3 x 18,5 cm (12 Unit\u00e9s) | | Tupique","isPartOf":{"@id":"https:\/\/tupique.com\/#website"},"primaryImageOfPage":{"@id":"https:\/\/tupique.com\/pt\/product\/range-chaussures-kipit-blanc-noir-gris-68-x-35-x-185-cm-68-x-3-x-185-cm-12-unites\/#primaryimage"},"image":{"@id":"https:\/\/tupique.com\/pt\/product\/range-chaussures-kipit-blanc-noir-gris-68-x-35-x-185-cm-68-x-3-x-185-cm-12-unites\/#primaryimage"},"thumbnailUrl":"https:\/\/tupique.com\/wp-content\/uploads\/2026\/05\/S3624545_58823_1688126989-cropped_WBG_icon1.jpg","datePublished":"2026-05-11T19:33:57+00:00","description":"Envie d'acheter Range-chaussures Kipit Blanc Noir Gris 68 x 3,5 x 18,5 cm 68 x 3 x 18,5 cm (12 Unit\u00e9s)\u00a0? Achetez Range-chaussures Kipit Blanc Noir Gris 68 x 3,5 x 18,5 cm 68 x 3 x 18,5 cm (12 Unit\u00e9s) maintenant avec Tupique en 3 versements sans int\u00e9r\u00eat.","breadcrumb":{"@id":"https:\/\/tupique.com\/pt\/product\/range-chaussures-kipit-blanc-noir-gris-68-x-35-x-185-cm-68-x-3-x-185-cm-12-unites\/#breadcrumb"},"inLanguage":"pt-PT","potentialAction":[{"@type":"ReadAction","target":["https:\/\/tupique.com\/pt\/product\/range-chaussures-kipit-blanc-noir-gris-68-x-35-x-185-cm-68-x-3-x-185-cm-12-unites\/"]}]},{"@type":"ImageObject","inLanguage":"pt-PT","@id":"https:\/\/tupique.com\/pt\/product\/range-chaussures-kipit-blanc-noir-gris-68-x-35-x-185-cm-68-x-3-x-185-cm-12-unites\/#primaryimage","url":"https:\/\/tupique.com\/wp-content\/uploads\/2026\/05\/S3624545_58823_1688126989-cropped_WBG_icon1.jpg","contentUrl":"https:\/\/tupique.com\/wp-content\/uploads\/2026\/05\/S3624545_58823_1688126989-cropped_WBG_icon1.jpg","width":1200,"height":1200,"caption":"S3624545_0"},{"@type":"BreadcrumbList","@id":"https:\/\/tupique.com\/pt\/product\/range-chaussures-kipit-blanc-noir-gris-68-x-35-x-185-cm-68-x-3-x-185-cm-12-unites\/#breadcrumb","itemListElement":[{"@type":"ListItem","position":1,"name":"commencer","item":"https:\/\/tupique.com\/"},{"@type":"ListItem","position":2,"name":"Loja","item":"https:\/\/tupique.com\/pt\/loja\/"},{"@type":"ListItem","position":3,"name":"Range-chaussures Kipit Blanc Noir Gris 68 x 3,5 x 18,5 cm 68 x 3 x 18,5 cm (12 Unit\u00e9s)"}]},{"@type":"WebSite","@id":"https:\/\/tupique.com\/#website","url":"https:\/\/tupique.com\/","name":"Tupique","description":"","publisher":{"@id":"https:\/\/tupique.com\/#organization"},"potentialAction":[{"@type":"SearchAction","target":{"@type":"EntryPoint","urlTemplate":"https:\/\/tupique.com\/?s={search_term_string}"},"query-input":{"@type":"PropertyValueSpecification","valueRequired":true,"valueName":"search_term_string"}}],"inLanguage":"pt-PT"},{"@type":"Organization","@id":"https:\/\/tupique.com\/#organization","name":"Tupique","url":"https:\/\/tupique.com\/","logo":{"@type":"ImageObject","inLanguage":"pt-PT","@id":"https:\/\/tupique.com\/#\/schema\/logo\/image\/","url":"https:\/\/tupique.com\/wp-content\/uploads\/2026\/03\/logo-tupique-1.webp","contentUrl":"https:\/\/tupique.com\/wp-content\/uploads\/2026\/03\/logo-tupique-1.webp","width":500,"height":67,"caption":"Tupique"},"image":{"@id":"https:\/\/tupique.com\/#\/schema\/logo\/image\/"}}]}},"_links":{"self":[{"href":"https:\/\/tupique.com\/pt\/wp-json\/wp\/v2\/product\/188139","targetHints":{"allow":["GET"]}}],"collection":[{"href":"https:\/\/tupique.com\/pt\/wp-json\/wp\/v2\/product"}],"about":[{"href":"https:\/\/tupique.com\/pt\/wp-json\/wp\/v2\/types\/product"}],"replies":[{"embeddable":true,"href":"https:\/\/tupique.com\/pt\/wp-json\/wp\/v2\/comments?post=188139"}],"wp:featuredmedia":[{"embeddable":true,"href":"https:\/\/tupique.com\/pt\/wp-json\/wp\/v2\/media\/188136"}],"wp:attachment":[{"href":"https:\/\/tupique.com\/pt\/wp-json\/wp\/v2\/media?parent=188139"}],"wp:term":[{"taxonomy":"product_brand","embeddable":true,"href":"https:\/\/tupique.com\/pt\/wp-json\/wp\/v2\/product_brand?post=188139"},{"taxonomy":"product_cat","embeddable":true,"href":"https:\/\/tupique.com\/pt\/wp-json\/wp\/v2\/product_cat?post=188139"},{"taxonomy":"product_tag","embeddable":true,"href":"https:\/\/tupique.com\/pt\/wp-json\/wp\/v2\/product_tag?post=188139"},{"taxonomy":"woo-feed-brand","embeddable":true,"href":"https:\/\/tupique.com\/pt\/wp-json\/wp\/v2\/woo-feed-brand?post=188139"}],"curies":[{"name":"wp","href":"https:\/\/api.w.org\/{rel}","templated":true}]}}