{"id":188154,"date":"2026-05-11T21:34:18","date_gmt":"2026-05-11T19:34:18","guid":{"rendered":"https:\/\/tupique.com\/product\/bouteille-deau-joluvi-ecothermo-600-ml-gris-acier-inoxydable\/"},"modified":"2026-05-11T21:34:18","modified_gmt":"2026-05-11T19:34:18","slug":"bouteille-deau-joluvi-ecothermo-600-ml-gris-acier-inoxydable","status":"publish","type":"product","link":"https:\/\/tupique.com\/pt\/product\/bouteille-deau-joluvi-ecothermo-600-ml-gris-acier-inoxydable\/","title":{"rendered":"Bouteille d&#8217;eau Joluvi Ecothermo  600 ml Gris Acier inoxydable"},"content":{"rendered":"<p>Restez en forme et d\u00e9couvrez les derni\u00e8res nouveaut\u00e9s du secteur pour faire du sport avec les meilleures garanties ! Achetez <b>Bouteille d&#8217;eau Joluvi Ecothermo  600 ml Gris Acier inoxydable<\/b> au meilleur prix et profitez d&#8217;une vie saine !<\/p>\n<ul>\n<li>Type: Bouteille d&#8217;eau<\/li>\n<li>Capacit\u00e9: 600 ml<\/li>\n<li>Couleur:\n<ul>\n<li>Gris<\/li>\n<li>Argent\u00e9<\/li>\n<li>Multicouleur<\/li>\n<\/ul>\n<\/li>\n<li>Genre: Unisexe<\/li>\n<li>\u00c2ge recommand\u00e9: Adultes<\/li>\n<li>Mat\u00e9riel:\n<ul>\n<li>Acier inoxydable<\/li>\n<li>Plastique<\/li>\n<\/ul>\n<\/li>\n<\/ul>","protected":false},"excerpt":{"rendered":"<p><span class=\"unit-info\">3.6650 &euro; \/ 100 ml<\/span><\/p>","protected":false},"featured_media":188153,"comment_status":"open","ping_status":"closed","template":"","meta":[],"product_brand":[2281],"product_cat":[2261,1853,1764],"product_tag":[211,163],"woo-feed-brand":[],"class_list":{"0":"post-188154","1":"product","2":"type-product","3":"status-publish","4":"has-post-thumbnail","6":"product_brand-brandp_3782","7":"product_cat-bouteilles-et-gourdes","8":"product_cat-camping-et-montagne","9":"product_cat-sports-loisirs","10":"product_tag-tag_3","11":"product_tag-tag_17","13":"first","14":"instock","15":"taxable","16":"shipping-taxable","17":"purchasable","18":"product-type-simple"},"yoast_head":"<!-- This site is optimized with the Yoast SEO plugin v27.5 - https:\/\/yoast.com\/product\/yoast-seo-wordpress\/ -->\n<title>Bouteille d&#039;eau Joluvi Ecothermo 600 ml Gris Acier inoxydable | | Tupique<\/title>\n<meta name=\"description\" content=\"Envie d&#039;acheter Bouteille d&#039;eau Joluvi Ecothermo 600 ml Gris Acier inoxydable\u00a0? Achetez Bouteille d&#039;eau Joluvi Ecothermo 600 ml Gris Acier inoxydable maintenant avec Tupique en 3 versements sans int\u00e9r\u00eat.\" \/>\n<meta name=\"robots\" content=\"index, follow, max-snippet:-1, max-image-preview:large, max-video-preview:-1\" \/>\n<link rel=\"canonical\" href=\"https:\/\/tupique.com\/pt\/product\/bouteille-deau-joluvi-ecothermo-600-ml-gris-acier-inoxydable\/\" \/>\n<meta property=\"og:locale\" content=\"pt_PT\" \/>\n<meta property=\"og:type\" content=\"article\" \/>\n<meta property=\"og:title\" content=\"Bouteille d&#039;eau Joluvi Ecothermo 600 ml Gris Acier inoxydable | | Tupique\" \/>\n<meta property=\"og:description\" content=\"Envie d&#039;acheter Bouteille d&#039;eau Joluvi Ecothermo 600 ml Gris Acier inoxydable\u00a0? Achetez Bouteille d&#039;eau Joluvi Ecothermo 600 ml Gris Acier inoxydable maintenant avec Tupique en 3 versements sans int\u00e9r\u00eat.\" \/>\n<meta property=\"og:url\" content=\"https:\/\/tupique.com\/pt\/product\/bouteille-deau-joluvi-ecothermo-600-ml-gris-acier-inoxydable\/\" \/>\n<meta property=\"og:site_name\" content=\"Tupique\" \/>\n<meta property=\"og:image\" content=\"https:\/\/tupique.com\/wp-content\/uploads\/2026\/05\/8431786934586_S64099323_P00.jpg\" \/>\n\t<meta property=\"og:image:width\" content=\"1200\" \/>\n\t<meta property=\"og:image:height\" content=\"1200\" \/>\n\t<meta property=\"og:image:type\" content=\"image\/jpeg\" \/>\n<meta name=\"twitter:card\" content=\"summary_large_image\" \/>\n<script type=\"application\/ld+json\" class=\"yoast-schema-graph\">{\"@context\":\"https:\\\/\\\/schema.org\",\"@graph\":[{\"@type\":\"WebPage\",\"@id\":\"https:\\\/\\\/tupique.com\\\/pt\\\/product\\\/bouteille-deau-joluvi-ecothermo-600-ml-gris-acier-inoxydable\\\/\",\"url\":\"https:\\\/\\\/tupique.com\\\/pt\\\/product\\\/bouteille-deau-joluvi-ecothermo-600-ml-gris-acier-inoxydable\\\/\",\"name\":\"Bouteille d'eau Joluvi Ecothermo 600 ml Gris Acier inoxydable | | Tupique\",\"isPartOf\":{\"@id\":\"https:\\\/\\\/tupique.com\\\/#website\"},\"primaryImageOfPage\":{\"@id\":\"https:\\\/\\\/tupique.com\\\/pt\\\/product\\\/bouteille-deau-joluvi-ecothermo-600-ml-gris-acier-inoxydable\\\/#primaryimage\"},\"image\":{\"@id\":\"https:\\\/\\\/tupique.com\\\/pt\\\/product\\\/bouteille-deau-joluvi-ecothermo-600-ml-gris-acier-inoxydable\\\/#primaryimage\"},\"thumbnailUrl\":\"https:\\\/\\\/tupique.com\\\/wp-content\\\/uploads\\\/2026\\\/05\\\/8431786934586_S64099323_P00.jpg\",\"datePublished\":\"2026-05-11T19:34:18+00:00\",\"description\":\"Envie d'acheter Bouteille d'eau Joluvi Ecothermo 600 ml Gris Acier inoxydable\u00a0? Achetez Bouteille d'eau Joluvi Ecothermo 600 ml Gris Acier inoxydable maintenant avec Tupique en 3 versements sans int\u00e9r\u00eat.\",\"breadcrumb\":{\"@id\":\"https:\\\/\\\/tupique.com\\\/pt\\\/product\\\/bouteille-deau-joluvi-ecothermo-600-ml-gris-acier-inoxydable\\\/#breadcrumb\"},\"inLanguage\":\"pt-PT\",\"potentialAction\":[{\"@type\":\"ReadAction\",\"target\":[\"https:\\\/\\\/tupique.com\\\/pt\\\/product\\\/bouteille-deau-joluvi-ecothermo-600-ml-gris-acier-inoxydable\\\/\"]}]},{\"@type\":\"ImageObject\",\"inLanguage\":\"pt-PT\",\"@id\":\"https:\\\/\\\/tupique.com\\\/pt\\\/product\\\/bouteille-deau-joluvi-ecothermo-600-ml-gris-acier-inoxydable\\\/#primaryimage\",\"url\":\"https:\\\/\\\/tupique.com\\\/wp-content\\\/uploads\\\/2026\\\/05\\\/8431786934586_S64099323_P00.jpg\",\"contentUrl\":\"https:\\\/\\\/tupique.com\\\/wp-content\\\/uploads\\\/2026\\\/05\\\/8431786934586_S64099323_P00.jpg\",\"width\":1200,\"height\":1200,\"caption\":\"S64099323_0\"},{\"@type\":\"BreadcrumbList\",\"@id\":\"https:\\\/\\\/tupique.com\\\/pt\\\/product\\\/bouteille-deau-joluvi-ecothermo-600-ml-gris-acier-inoxydable\\\/#breadcrumb\",\"itemListElement\":[{\"@type\":\"ListItem\",\"position\":1,\"name\":\"commencer\",\"item\":\"https:\\\/\\\/tupique.com\\\/\"},{\"@type\":\"ListItem\",\"position\":2,\"name\":\"Loja\",\"item\":\"https:\\\/\\\/tupique.com\\\/pt\\\/loja\\\/\"},{\"@type\":\"ListItem\",\"position\":3,\"name\":\"Bouteille d&#8217;eau Joluvi Ecothermo 600 ml Gris Acier inoxydable\"}]},{\"@type\":\"WebSite\",\"@id\":\"https:\\\/\\\/tupique.com\\\/#website\",\"url\":\"https:\\\/\\\/tupique.com\\\/\",\"name\":\"Tupique\",\"description\":\"\",\"publisher\":{\"@id\":\"https:\\\/\\\/tupique.com\\\/#organization\"},\"potentialAction\":[{\"@type\":\"SearchAction\",\"target\":{\"@type\":\"EntryPoint\",\"urlTemplate\":\"https:\\\/\\\/tupique.com\\\/?s={search_term_string}\"},\"query-input\":{\"@type\":\"PropertyValueSpecification\",\"valueRequired\":true,\"valueName\":\"search_term_string\"}}],\"inLanguage\":\"pt-PT\"},{\"@type\":\"Organization\",\"@id\":\"https:\\\/\\\/tupique.com\\\/#organization\",\"name\":\"Tupique\",\"url\":\"https:\\\/\\\/tupique.com\\\/\",\"logo\":{\"@type\":\"ImageObject\",\"inLanguage\":\"pt-PT\",\"@id\":\"https:\\\/\\\/tupique.com\\\/#\\\/schema\\\/logo\\\/image\\\/\",\"url\":\"https:\\\/\\\/tupique.com\\\/wp-content\\\/uploads\\\/2026\\\/03\\\/logo-tupique-1.webp\",\"contentUrl\":\"https:\\\/\\\/tupique.com\\\/wp-content\\\/uploads\\\/2026\\\/03\\\/logo-tupique-1.webp\",\"width\":500,\"height\":67,\"caption\":\"Tupique\"},\"image\":{\"@id\":\"https:\\\/\\\/tupique.com\\\/#\\\/schema\\\/logo\\\/image\\\/\"}}]}<\/script>\n<!-- \/ Yoast SEO plugin. -->","yoast_head_json":{"title":"Bouteille d'eau Joluvi Ecothermo 600 ml Gris Acier inoxydable | | Tupique","description":"Envie d'acheter Bouteille d'eau Joluvi Ecothermo 600 ml Gris Acier inoxydable\u00a0? Achetez Bouteille d'eau Joluvi Ecothermo 600 ml Gris Acier inoxydable maintenant avec Tupique en 3 versements sans int\u00e9r\u00eat.","robots":{"index":"index","follow":"follow","max-snippet":"max-snippet:-1","max-image-preview":"max-image-preview:large","max-video-preview":"max-video-preview:-1"},"canonical":"https:\/\/tupique.com\/pt\/product\/bouteille-deau-joluvi-ecothermo-600-ml-gris-acier-inoxydable\/","og_locale":"pt_PT","og_type":"article","og_title":"Bouteille d'eau Joluvi Ecothermo 600 ml Gris Acier inoxydable | | Tupique","og_description":"Envie d'acheter Bouteille d'eau Joluvi Ecothermo 600 ml Gris Acier inoxydable\u00a0? Achetez Bouteille d'eau Joluvi Ecothermo 600 ml Gris Acier inoxydable maintenant avec Tupique en 3 versements sans int\u00e9r\u00eat.","og_url":"https:\/\/tupique.com\/pt\/product\/bouteille-deau-joluvi-ecothermo-600-ml-gris-acier-inoxydable\/","og_site_name":"Tupique","og_image":[{"width":1200,"height":1200,"url":"https:\/\/tupique.com\/wp-content\/uploads\/2026\/05\/8431786934586_S64099323_P00.jpg","type":"image\/jpeg"}],"twitter_card":"summary_large_image","schema":{"@context":"https:\/\/schema.org","@graph":[{"@type":"WebPage","@id":"https:\/\/tupique.com\/pt\/product\/bouteille-deau-joluvi-ecothermo-600-ml-gris-acier-inoxydable\/","url":"https:\/\/tupique.com\/pt\/product\/bouteille-deau-joluvi-ecothermo-600-ml-gris-acier-inoxydable\/","name":"Bouteille d'eau Joluvi Ecothermo 600 ml Gris Acier inoxydable | | Tupique","isPartOf":{"@id":"https:\/\/tupique.com\/#website"},"primaryImageOfPage":{"@id":"https:\/\/tupique.com\/pt\/product\/bouteille-deau-joluvi-ecothermo-600-ml-gris-acier-inoxydable\/#primaryimage"},"image":{"@id":"https:\/\/tupique.com\/pt\/product\/bouteille-deau-joluvi-ecothermo-600-ml-gris-acier-inoxydable\/#primaryimage"},"thumbnailUrl":"https:\/\/tupique.com\/wp-content\/uploads\/2026\/05\/8431786934586_S64099323_P00.jpg","datePublished":"2026-05-11T19:34:18+00:00","description":"Envie d'acheter Bouteille d'eau Joluvi Ecothermo 600 ml Gris Acier inoxydable\u00a0? Achetez Bouteille d'eau Joluvi Ecothermo 600 ml Gris Acier inoxydable maintenant avec Tupique en 3 versements sans int\u00e9r\u00eat.","breadcrumb":{"@id":"https:\/\/tupique.com\/pt\/product\/bouteille-deau-joluvi-ecothermo-600-ml-gris-acier-inoxydable\/#breadcrumb"},"inLanguage":"pt-PT","potentialAction":[{"@type":"ReadAction","target":["https:\/\/tupique.com\/pt\/product\/bouteille-deau-joluvi-ecothermo-600-ml-gris-acier-inoxydable\/"]}]},{"@type":"ImageObject","inLanguage":"pt-PT","@id":"https:\/\/tupique.com\/pt\/product\/bouteille-deau-joluvi-ecothermo-600-ml-gris-acier-inoxydable\/#primaryimage","url":"https:\/\/tupique.com\/wp-content\/uploads\/2026\/05\/8431786934586_S64099323_P00.jpg","contentUrl":"https:\/\/tupique.com\/wp-content\/uploads\/2026\/05\/8431786934586_S64099323_P00.jpg","width":1200,"height":1200,"caption":"S64099323_0"},{"@type":"BreadcrumbList","@id":"https:\/\/tupique.com\/pt\/product\/bouteille-deau-joluvi-ecothermo-600-ml-gris-acier-inoxydable\/#breadcrumb","itemListElement":[{"@type":"ListItem","position":1,"name":"commencer","item":"https:\/\/tupique.com\/"},{"@type":"ListItem","position":2,"name":"Loja","item":"https:\/\/tupique.com\/pt\/loja\/"},{"@type":"ListItem","position":3,"name":"Bouteille d&#8217;eau Joluvi Ecothermo 600 ml Gris Acier inoxydable"}]},{"@type":"WebSite","@id":"https:\/\/tupique.com\/#website","url":"https:\/\/tupique.com\/","name":"Tupique","description":"","publisher":{"@id":"https:\/\/tupique.com\/#organization"},"potentialAction":[{"@type":"SearchAction","target":{"@type":"EntryPoint","urlTemplate":"https:\/\/tupique.com\/?s={search_term_string}"},"query-input":{"@type":"PropertyValueSpecification","valueRequired":true,"valueName":"search_term_string"}}],"inLanguage":"pt-PT"},{"@type":"Organization","@id":"https:\/\/tupique.com\/#organization","name":"Tupique","url":"https:\/\/tupique.com\/","logo":{"@type":"ImageObject","inLanguage":"pt-PT","@id":"https:\/\/tupique.com\/#\/schema\/logo\/image\/","url":"https:\/\/tupique.com\/wp-content\/uploads\/2026\/03\/logo-tupique-1.webp","contentUrl":"https:\/\/tupique.com\/wp-content\/uploads\/2026\/03\/logo-tupique-1.webp","width":500,"height":67,"caption":"Tupique"},"image":{"@id":"https:\/\/tupique.com\/#\/schema\/logo\/image\/"}}]}},"_links":{"self":[{"href":"https:\/\/tupique.com\/pt\/wp-json\/wp\/v2\/product\/188154","targetHints":{"allow":["GET"]}}],"collection":[{"href":"https:\/\/tupique.com\/pt\/wp-json\/wp\/v2\/product"}],"about":[{"href":"https:\/\/tupique.com\/pt\/wp-json\/wp\/v2\/types\/product"}],"replies":[{"embeddable":true,"href":"https:\/\/tupique.com\/pt\/wp-json\/wp\/v2\/comments?post=188154"}],"wp:featuredmedia":[{"embeddable":true,"href":"https:\/\/tupique.com\/pt\/wp-json\/wp\/v2\/media\/188153"}],"wp:attachment":[{"href":"https:\/\/tupique.com\/pt\/wp-json\/wp\/v2\/media?parent=188154"}],"wp:term":[{"taxonomy":"product_brand","embeddable":true,"href":"https:\/\/tupique.com\/pt\/wp-json\/wp\/v2\/product_brand?post=188154"},{"taxonomy":"product_cat","embeddable":true,"href":"https:\/\/tupique.com\/pt\/wp-json\/wp\/v2\/product_cat?post=188154"},{"taxonomy":"product_tag","embeddable":true,"href":"https:\/\/tupique.com\/pt\/wp-json\/wp\/v2\/product_tag?post=188154"},{"taxonomy":"woo-feed-brand","embeddable":true,"href":"https:\/\/tupique.com\/pt\/wp-json\/wp\/v2\/woo-feed-brand?post=188154"}],"curies":[{"name":"wp","href":"https:\/\/api.w.org\/{rel}","templated":true}]}}