{"id":188449,"date":"2026-05-11T21:54:05","date_gmt":"2026-05-11T19:54:05","guid":{"rendered":"https:\/\/tupique.com\/product\/culottes-mf-sea-bond\/"},"modified":"2026-05-11T21:54:05","modified_gmt":"2026-05-11T19:54:05","slug":"culottes-mf-sea-bond","status":"publish","type":"product","link":"https:\/\/tupique.com\/pt\/product\/culottes-mf-sea-bond\/","title":{"rendered":"Culottes MF SEA Bond"},"content":{"rendered":"<p>Restez en forme et d\u00e9couvrez les derni\u00e8res nouveaut\u00e9s du secteur pour faire du sport avec les meilleures garanties ! Achetez <b>Culottes MF SEA Bond<\/b> au meilleur prix et profitez d&#8217;une vie saine !<\/p>\n<ul>\n<li>Tipo:\n<ul>\n<li>Bikini<\/li>\n<li>Culottes<\/li>\n<\/ul>\n<\/li>\n<li>G\u00e9nero: Femme<\/li>\n<li>Sport:\n<ul>\n<li>Surf<\/li>\n<li>Paddle Surf<\/li>\n<\/ul>\n<\/li>\n<li>Couleur: Multicouleur<\/li>\n<li>Composition:\n<ul>\n<li>78 % de polyamide recycl\u00e9<\/li>\n<li>22 % \u00c9lasthanne<\/li>\n<\/ul>\n<\/li>\n<li>Style: Culotte<\/li>\n<li>Imprim\u00e9: Multicouleur<\/li>\n<li>Caracter\u00edsticas:\n<ul>\n<li>Mat\u00e9riaux recycl\u00e9s<\/li>\n<li>R\u00e9sistant<\/li>\n<li>\u00c9lastique<\/li>\n<li>Protection contre les UV<\/li>\n<li>Ceinture ajustable<\/li>\n<li>De Compression<\/li>\n<li>Doux<\/li>\n<li>R\u00e9sistant au Chlore<\/li>\n<li>Confort et commodit\u00e9<\/li>\n<li>Forme anatomique<\/li>\n<li>Ultrafin<\/li>\n<li>Haute couverture<\/li>\n<li>Culotte moulante<\/li>\n<li>Un ajustement parfait<\/li>\n<li>Anti-Pilling<\/li>\n<\/ul>\n<\/li>\n<li>Informations importantes:\n<ul>\n<li>Effet seconde peau<\/li>\n<li>De Compression<\/li>\n<li>Sensation d&#8217;\u00e9tanch\u00e9it\u00e9<\/li>\n<\/ul>\n<\/li>\n<li>Tissu:\n<ul>\n<li>Nylon<\/li>\n<li>Respirant<\/li>\n<li>El\u00e1stico<\/li>\n<li>Fin<\/li>\n<li>\u00c9l\u00e9gant<\/li>\n<li>R\u00e9sistant<\/li>\n<li>Polyvalent et adaptable<\/li>\n<li>De Compression<\/li>\n<li>Durable<\/li>\n<\/ul>\n<\/li>\n<li>Filtre solaire: UV50+<\/li>\n<\/ul>","protected":false},"excerpt":{"rendered":"<p>Restez en forme et d\u00e9couvrez les derni\u00e8res nouveaut\u00e9s du secteur pour faire du sport avec les meilleures garanties ! Achetez Culottes MF SEA Bond au meilleur prix et profitez d&#8217;une vie saine ! Type: Bikini Culottes Genre: Femme Sport: Surf Paddle Surf Couleur: Multicouleur Composition: 78 % de polyamide recycl\u00e9 22 % \u00c9lasthanne Style: Culotte [&hellip;]<\/p>\n","protected":false},"featured_media":188443,"comment_status":"open","ping_status":"closed","template":"","meta":[],"product_brand":[2643],"product_cat":[2271,2270,1764],"product_tag":[721,1816,163],"woo-feed-brand":[],"class_list":{"0":"post-188449","1":"product","2":"type-product","3":"status-publish","4":"has-post-thumbnail","6":"product_brand-brandp_8462","7":"product_cat-natation-maillots-de-bain-pour-le-sport","8":"product_cat-natation","9":"product_cat-sports-loisirs","10":"product_tag-tag_124","11":"product_tag-tag_1272","12":"product_tag-tag_17","14":"first","15":"instock","16":"taxable","17":"shipping-taxable","18":"product-type-variable"},"yoast_head":"<!-- This site is optimized with the Yoast SEO plugin v27.5 - https:\/\/yoast.com\/product\/yoast-seo-wordpress\/ -->\n<title>Culottes MF SEA Bond | | Tupique<\/title>\n<meta name=\"description\" content=\"Envie d&#039;acheter Culottes MF SEA Bond\u00a0? Achetez Culottes MF SEA Bond maintenant avec Tupique en 3 versements sans int\u00e9r\u00eat.\" \/>\n<meta name=\"robots\" content=\"index, follow, max-snippet:-1, max-image-preview:large, max-video-preview:-1\" \/>\n<link rel=\"canonical\" href=\"https:\/\/tupique.com\/pt\/product\/culottes-mf-sea-bond\/\" \/>\n<meta property=\"og:locale\" content=\"pt_PT\" \/>\n<meta property=\"og:type\" content=\"article\" \/>\n<meta property=\"og:title\" content=\"Culottes MF SEA Bond | | Tupique\" \/>\n<meta property=\"og:description\" content=\"Envie d&#039;acheter Culottes MF SEA Bond\u00a0? Achetez Culottes MF SEA Bond maintenant avec Tupique en 3 versements sans int\u00e9r\u00eat.\" \/>\n<meta property=\"og:url\" content=\"https:\/\/tupique.com\/pt\/product\/culottes-mf-sea-bond\/\" \/>\n<meta property=\"og:site_name\" content=\"Tupique\" \/>\n<meta property=\"og:image\" content=\"https:\/\/tupique.com\/wp-content\/uploads\/2026\/05\/8436599120058_D1000005_P01.jpg\" \/>\n\t<meta property=\"og:image:width\" content=\"1200\" \/>\n\t<meta property=\"og:image:height\" content=\"1200\" \/>\n\t<meta property=\"og:image:type\" content=\"image\/jpeg\" \/>\n<meta name=\"twitter:card\" content=\"summary_large_image\" \/>\n<script type=\"application\/ld+json\" class=\"yoast-schema-graph\">{\"@context\":\"https:\\\/\\\/schema.org\",\"@graph\":[{\"@type\":\"WebPage\",\"@id\":\"https:\\\/\\\/tupique.com\\\/pt\\\/product\\\/culottes-mf-sea-bond\\\/\",\"url\":\"https:\\\/\\\/tupique.com\\\/pt\\\/product\\\/culottes-mf-sea-bond\\\/\",\"name\":\"Culottes MF SEA Bond | | Tupique\",\"isPartOf\":{\"@id\":\"https:\\\/\\\/tupique.com\\\/#website\"},\"primaryImageOfPage\":{\"@id\":\"https:\\\/\\\/tupique.com\\\/pt\\\/product\\\/culottes-mf-sea-bond\\\/#primaryimage\"},\"image\":{\"@id\":\"https:\\\/\\\/tupique.com\\\/pt\\\/product\\\/culottes-mf-sea-bond\\\/#primaryimage\"},\"thumbnailUrl\":\"https:\\\/\\\/tupique.com\\\/wp-content\\\/uploads\\\/2026\\\/05\\\/8436599120058_D1000005_P01.jpg\",\"datePublished\":\"2026-05-11T19:54:05+00:00\",\"description\":\"Envie d'acheter Culottes MF SEA Bond\u00a0? Achetez Culottes MF SEA Bond maintenant avec Tupique en 3 versements sans int\u00e9r\u00eat.\",\"breadcrumb\":{\"@id\":\"https:\\\/\\\/tupique.com\\\/pt\\\/product\\\/culottes-mf-sea-bond\\\/#breadcrumb\"},\"inLanguage\":\"pt-PT\",\"potentialAction\":[{\"@type\":\"ReadAction\",\"target\":[\"https:\\\/\\\/tupique.com\\\/pt\\\/product\\\/culottes-mf-sea-bond\\\/\"]}]},{\"@type\":\"ImageObject\",\"inLanguage\":\"pt-PT\",\"@id\":\"https:\\\/\\\/tupique.com\\\/pt\\\/product\\\/culottes-mf-sea-bond\\\/#primaryimage\",\"url\":\"https:\\\/\\\/tupique.com\\\/wp-content\\\/uploads\\\/2026\\\/05\\\/8436599120058_D1000005_P01.jpg\",\"contentUrl\":\"https:\\\/\\\/tupique.com\\\/wp-content\\\/uploads\\\/2026\\\/05\\\/8436599120058_D1000005_P01.jpg\",\"width\":1200,\"height\":1200,\"caption\":\"D1000090_0\"},{\"@type\":\"BreadcrumbList\",\"@id\":\"https:\\\/\\\/tupique.com\\\/pt\\\/product\\\/culottes-mf-sea-bond\\\/#breadcrumb\",\"itemListElement\":[{\"@type\":\"ListItem\",\"position\":1,\"name\":\"commencer\",\"item\":\"https:\\\/\\\/tupique.com\\\/\"},{\"@type\":\"ListItem\",\"position\":2,\"name\":\"Loja\",\"item\":\"https:\\\/\\\/tupique.com\\\/pt\\\/loja\\\/\"},{\"@type\":\"ListItem\",\"position\":3,\"name\":\"Culottes MF SEA Bond\"}]},{\"@type\":\"WebSite\",\"@id\":\"https:\\\/\\\/tupique.com\\\/#website\",\"url\":\"https:\\\/\\\/tupique.com\\\/\",\"name\":\"Tupique\",\"description\":\"\",\"publisher\":{\"@id\":\"https:\\\/\\\/tupique.com\\\/#organization\"},\"potentialAction\":[{\"@type\":\"SearchAction\",\"target\":{\"@type\":\"EntryPoint\",\"urlTemplate\":\"https:\\\/\\\/tupique.com\\\/?s={search_term_string}\"},\"query-input\":{\"@type\":\"PropertyValueSpecification\",\"valueRequired\":true,\"valueName\":\"search_term_string\"}}],\"inLanguage\":\"pt-PT\"},{\"@type\":\"Organization\",\"@id\":\"https:\\\/\\\/tupique.com\\\/#organization\",\"name\":\"Tupique\",\"url\":\"https:\\\/\\\/tupique.com\\\/\",\"logo\":{\"@type\":\"ImageObject\",\"inLanguage\":\"pt-PT\",\"@id\":\"https:\\\/\\\/tupique.com\\\/#\\\/schema\\\/logo\\\/image\\\/\",\"url\":\"https:\\\/\\\/tupique.com\\\/wp-content\\\/uploads\\\/2026\\\/03\\\/logo-tupique-1.webp\",\"contentUrl\":\"https:\\\/\\\/tupique.com\\\/wp-content\\\/uploads\\\/2026\\\/03\\\/logo-tupique-1.webp\",\"width\":500,\"height\":67,\"caption\":\"Tupique\"},\"image\":{\"@id\":\"https:\\\/\\\/tupique.com\\\/#\\\/schema\\\/logo\\\/image\\\/\"}}]}<\/script>\n<!-- \/ Yoast SEO plugin. -->","yoast_head_json":{"title":"Culottes MF SEA Bond | | Tupique","description":"Envie d'acheter Culottes MF SEA Bond\u00a0? Achetez Culottes MF SEA Bond maintenant avec Tupique en 3 versements sans int\u00e9r\u00eat.","robots":{"index":"index","follow":"follow","max-snippet":"max-snippet:-1","max-image-preview":"max-image-preview:large","max-video-preview":"max-video-preview:-1"},"canonical":"https:\/\/tupique.com\/pt\/product\/culottes-mf-sea-bond\/","og_locale":"pt_PT","og_type":"article","og_title":"Culottes MF SEA Bond | | Tupique","og_description":"Envie d'acheter Culottes MF SEA Bond\u00a0? Achetez Culottes MF SEA Bond maintenant avec Tupique en 3 versements sans int\u00e9r\u00eat.","og_url":"https:\/\/tupique.com\/pt\/product\/culottes-mf-sea-bond\/","og_site_name":"Tupique","og_image":[{"width":1200,"height":1200,"url":"https:\/\/tupique.com\/wp-content\/uploads\/2026\/05\/8436599120058_D1000005_P01.jpg","type":"image\/jpeg"}],"twitter_card":"summary_large_image","schema":{"@context":"https:\/\/schema.org","@graph":[{"@type":"WebPage","@id":"https:\/\/tupique.com\/pt\/product\/culottes-mf-sea-bond\/","url":"https:\/\/tupique.com\/pt\/product\/culottes-mf-sea-bond\/","name":"Culottes MF SEA Bond | | Tupique","isPartOf":{"@id":"https:\/\/tupique.com\/#website"},"primaryImageOfPage":{"@id":"https:\/\/tupique.com\/pt\/product\/culottes-mf-sea-bond\/#primaryimage"},"image":{"@id":"https:\/\/tupique.com\/pt\/product\/culottes-mf-sea-bond\/#primaryimage"},"thumbnailUrl":"https:\/\/tupique.com\/wp-content\/uploads\/2026\/05\/8436599120058_D1000005_P01.jpg","datePublished":"2026-05-11T19:54:05+00:00","description":"Envie d'acheter Culottes MF SEA Bond\u00a0? Achetez Culottes MF SEA Bond maintenant avec Tupique en 3 versements sans int\u00e9r\u00eat.","breadcrumb":{"@id":"https:\/\/tupique.com\/pt\/product\/culottes-mf-sea-bond\/#breadcrumb"},"inLanguage":"pt-PT","potentialAction":[{"@type":"ReadAction","target":["https:\/\/tupique.com\/pt\/product\/culottes-mf-sea-bond\/"]}]},{"@type":"ImageObject","inLanguage":"pt-PT","@id":"https:\/\/tupique.com\/pt\/product\/culottes-mf-sea-bond\/#primaryimage","url":"https:\/\/tupique.com\/wp-content\/uploads\/2026\/05\/8436599120058_D1000005_P01.jpg","contentUrl":"https:\/\/tupique.com\/wp-content\/uploads\/2026\/05\/8436599120058_D1000005_P01.jpg","width":1200,"height":1200,"caption":"D1000090_0"},{"@type":"BreadcrumbList","@id":"https:\/\/tupique.com\/pt\/product\/culottes-mf-sea-bond\/#breadcrumb","itemListElement":[{"@type":"ListItem","position":1,"name":"commencer","item":"https:\/\/tupique.com\/"},{"@type":"ListItem","position":2,"name":"Loja","item":"https:\/\/tupique.com\/pt\/loja\/"},{"@type":"ListItem","position":3,"name":"Culottes MF SEA Bond"}]},{"@type":"WebSite","@id":"https:\/\/tupique.com\/#website","url":"https:\/\/tupique.com\/","name":"Tupique","description":"","publisher":{"@id":"https:\/\/tupique.com\/#organization"},"potentialAction":[{"@type":"SearchAction","target":{"@type":"EntryPoint","urlTemplate":"https:\/\/tupique.com\/?s={search_term_string}"},"query-input":{"@type":"PropertyValueSpecification","valueRequired":true,"valueName":"search_term_string"}}],"inLanguage":"pt-PT"},{"@type":"Organization","@id":"https:\/\/tupique.com\/#organization","name":"Tupique","url":"https:\/\/tupique.com\/","logo":{"@type":"ImageObject","inLanguage":"pt-PT","@id":"https:\/\/tupique.com\/#\/schema\/logo\/image\/","url":"https:\/\/tupique.com\/wp-content\/uploads\/2026\/03\/logo-tupique-1.webp","contentUrl":"https:\/\/tupique.com\/wp-content\/uploads\/2026\/03\/logo-tupique-1.webp","width":500,"height":67,"caption":"Tupique"},"image":{"@id":"https:\/\/tupique.com\/#\/schema\/logo\/image\/"}}]}},"_links":{"self":[{"href":"https:\/\/tupique.com\/pt\/wp-json\/wp\/v2\/product\/188449","targetHints":{"allow":["GET"]}}],"collection":[{"href":"https:\/\/tupique.com\/pt\/wp-json\/wp\/v2\/product"}],"about":[{"href":"https:\/\/tupique.com\/pt\/wp-json\/wp\/v2\/types\/product"}],"replies":[{"embeddable":true,"href":"https:\/\/tupique.com\/pt\/wp-json\/wp\/v2\/comments?post=188449"}],"wp:featuredmedia":[{"embeddable":true,"href":"https:\/\/tupique.com\/pt\/wp-json\/wp\/v2\/media\/188443"}],"wp:attachment":[{"href":"https:\/\/tupique.com\/pt\/wp-json\/wp\/v2\/media?parent=188449"}],"wp:term":[{"taxonomy":"product_brand","embeddable":true,"href":"https:\/\/tupique.com\/pt\/wp-json\/wp\/v2\/product_brand?post=188449"},{"taxonomy":"product_cat","embeddable":true,"href":"https:\/\/tupique.com\/pt\/wp-json\/wp\/v2\/product_cat?post=188449"},{"taxonomy":"product_tag","embeddable":true,"href":"https:\/\/tupique.com\/pt\/wp-json\/wp\/v2\/product_tag?post=188449"},{"taxonomy":"woo-feed-brand","embeddable":true,"href":"https:\/\/tupique.com\/pt\/wp-json\/wp\/v2\/woo-feed-brand?post=188449"}],"curies":[{"name":"wp","href":"https:\/\/api.w.org\/{rel}","templated":true}]}}