{"id":188799,"date":"2026-05-11T22:28:36","date_gmt":"2026-05-11T20:28:36","guid":{"rendered":"https:\/\/tupique.com\/product\/mini-chauffage-portable-pour-prise-heatpod-innovagoods-400-w\/"},"modified":"2026-05-11T22:28:36","modified_gmt":"2026-05-11T20:28:36","slug":"mini-chauffage-portable-pour-prise-heatpod-innovagoods-400-w","status":"publish","type":"product","link":"https:\/\/tupique.com\/pt\/product\/mini-chauffage-portable-pour-prise-heatpod-innovagoods-400-w\/","title":{"rendered":"Mini-aquecedor Port\u00e1til de Tomada Heatpod InnovaGoods 400 W"},"content":{"rendered":"<div class=\"col-md-6\"><b>InnovaGoods<\/b> vous offre les meilleures nouveaut\u00e9s pour la maison, comme <b>Mini-aquecedor Port\u00e1til de Tomada Heatpod InnovaGoods 400 W <\/b> ! D\u00e9couvrez une vaste gamme de produits de qualit\u00e9 qui se d\u00e9marquent de par leur fonctionnalit\u00e9, leur efficacit\u00e9 et leur design innovant : \u00e9clairage, organisation, d\u00e9coration, climatisation, jardin, animaux domestiques, nettoyage, etc.<\/p>\n<p>Ce <b>mini-chauffage thermoc\u00e9ramique pour prise<\/b> (400 W) est id\u00e9al pour rester toujours pr\u00e8s de vous et profiter d&#8217;une chaleur agr\u00e9able. Il s&#8217;agit d&#8217;un appareil de chauffage basse consommation avec affichage LED, 2 vitesses, temp\u00e9rature r\u00e9glable, thermostat, minuterie et prise orientable.<\/p>\n<p>Un <b>mini-chauffage portable pour prise<\/b> qui fournit de la chaleur rapidement et efficacement. Il prend tr\u00e8s peu de place et constitue un excellent choix pour lutter contre le froid dans les petits espaces.<\/p>\n<ul>\n<li><b>Conception miniature et portable :<\/b> gr\u00e2ce \u00e0 sa petite taille, ce chauffage pour prise est facile \u00e0 emporter partout o\u00f9 vous en avez besoin et ne prend que tr\u00e8s peu de place lorsqu&#8217;il est rang\u00e9. Ce chauffage compact et moderne est id\u00e9al pour de nombreux petits espaces (chambre, bureau, salon&#8230;). Il ne convient pas aux salles de bains ni aux zones humides.<\/li>\n<li><b>Prise orientable, 2 positions :<\/b> notre chauffage basse consommation dispose d&#8217;une prise mobile pour s&#8217;adapter \u00e0 la position souhait\u00e9e (horizontale et verticale). Ce mini-chauffage c\u00e9ramique est tr\u00e8s facile \u00e0 utiliser, confortable et s\u00fbr. Il procure une chaleur agr\u00e9able et r\u00e9confortante \u00e0 proximit\u00e9.<\/li>\n<li><b>2 vitesses, affichage LED :<\/b> ce mini-chauffage pour prise vous permet de choisir entre deux vitesses (haute et basse). Il est dot\u00e9 d&#8217;un bouton marche\/arr\u00eat sur le c\u00f4t\u00e9 pour l&#8217;allumer ou l&#8217;\u00e9teindre. Sur le dessus, il dispose d&#8217;un \u00e9cran num\u00e9rique et de plusieurs boutons pour s\u00e9lectionner les diff\u00e9rentes options de temp\u00e9rature, de vitesse et de dur\u00e9e.<\/li>\n<li><b>Thermostat, minuterie :<\/b> notre chauffage c\u00e9ramique dispose d&#8217;une minuterie (jusqu&#8217;\u00e0 12 heures) et d&#8217;une temp\u00e9rature r\u00e9glable (15-32 \u00baC).&nbsp;De plus, son thermostat de contr\u00f4le permet de maintenir la temp\u00e9rature choisie de fa\u00e7on constante et d&#8217;\u00e9viter la surchauffe.<\/li>\n<li><b>Basse consommation :<\/b> ce mini-chauffage portable est dot\u00e9e d\u2019une puissance de 400 W. Sa technologie de chauffage avanc\u00e9e garantit un chauffage rapide et homog\u00e8ne. Gr\u00e2ce \u00e0 sa r\u00e9sistance c\u00e9ramique haute efficacit\u00e9, il produit de la chaleur jusqu&#8217;\u00e0 la temp\u00e9rature souhait\u00e9e en r\u00e9duisant la consommation et en favorisant l\u2019\u00e9conomie d&#8217;\u00e9nergie.<\/li>\n<\/ul>\n<ul>\n<li>Mat\u00e9riel:\n<ul>\n<li>ABS<\/li>\n<li>PA<\/li>\n<li>PBT<\/li>\n<\/ul>\n<\/li>\n<li>Couleur: Noir<\/li>\n<li>Type: Chauffage Portable<\/li>\n<li>Bouton on\/off: Interrupteur marche\/arr\u00eat<\/li>\n<li>Caract\u00e9ristiques: Digital LED display<\/li>\n<li>2 vitesses: Vitesse ajustable<\/li>\n<li>thermostat r\u00e9glable: R\u00e9gulateur de temp\u00e9rature<\/li>\n<li>Temp\u00e9rature: 15-32 \u2103<\/li>\n<li>Minuterie: Jusqu&#8217;\u00e0 12 h<\/li>\n<li>Double orientation: Horizontal-vertical<\/li>\n<li>Faible consommation: \u00c9conomie d&#8217;\u00e9nergie<\/li>\n<li>Taille r\u00e9duite et compacte: Facile \u00e0 transporter et \u00e0 ranger<\/li>\n<li>Type de prise: F<\/li>\n<li>puissance: 400 W<\/li>\n<li>AC In: 220-240 V \/ 50-60 Hz<\/li>\n<li>Dimensions approx.: 8,5 x 16 x 12,5 cm<\/li>\n<\/ul>\n<p>Packaging et manuel en 24 langues: anglais, fran\u00e7ais, espagnol, allemand, italien, portugais, n\u00e9erlandais, polonais, hongrois, roumain, danois, su\u00e9dois, finnois, lituanien, norv\u00e9gien, slov\u00e8ne, grec, tch\u00e8que, bulgare, croate, slovaque, estonien, russe, letton.<\/p><\/div>\n<div class=\"col-md-6\">\n<div class=\"embed-responsive embed-responsive-16by9\"><iframe class=\"embed-responsive-item\" src=\"https:\/\/www.youtube.com\/embed\/eb6d-uINHOM\" frameborder=\"0\" allowfullscreen><\/iframe><\/div>\n<\/div>","protected":false},"excerpt":{"rendered":"<p>InnovaGoods vous offre les meilleures nouveaut\u00e9s pour la maison, comme Mini-Chauffage Portable pour Prise Heatpod InnovaGoods 400 W ! D\u00e9couvrez une vaste gamme de produits de qualit\u00e9 qui se d\u00e9marquent de par leur fonctionnalit\u00e9, leur efficacit\u00e9 et leur design innovant : \u00e9clairage, organisation, d\u00e9coration, climatisation, jardin, animaux domestiques, nettoyage, etc. Ce mini-chauffage thermoc\u00e9ramique pour prise [&hellip;]<\/p>\n","protected":false},"featured_media":188789,"comment_status":"open","ping_status":"closed","template":"","meta":[],"product_brand":[256],"product_cat":[63,64,732,1797,239,788,1796],"product_tag":[208,56,210,106],"woo-feed-brand":[],"class_list":{"0":"post-188799","1":"product","2":"type-product","3":"status-publish","4":"has-post-thumbnail","6":"product_brand-brandp_1281","7":"product_cat-cadeaux-originaux","8":"product_cat-cadeaux-pour-la-maison","9":"product_cat-climatisation-et-chauffage","10":"product_cat-idees-pour-la-maison","11":"product_cat-maison-jardin","12":"product_cat-radiateurs-et-poeles","13":"product_cat-teleachat-vu-a-la-television","14":"product_tag-tag_587","15":"product_tag-tag_930","16":"product_tag-tag_25","17":"product_tag-tag_1295","19":"first","20":"instock","21":"taxable","22":"shipping-taxable","23":"purchasable","24":"product-type-simple"},"yoast_head":"<!-- This site is optimized with the Yoast SEO plugin v27.6 - https:\/\/yoast.com\/product\/yoast-seo-wordpress\/ -->\n<title>Mini-Chauffage Portable pour Prise Heatpod InnovaGoods 400 W | | Tupique<\/title>\n<meta name=\"description\" content=\"Envie d&#039;acheter Mini-Chauffage Portable pour Prise Heatpod InnovaGoods 400 W\u00a0? Achetez Mini-Chauffage Portable pour Prise Heatpod InnovaGoods 400 W maintenant avec Tupique en 3 versements sans int\u00e9r\u00eat.\" \/>\n<meta name=\"robots\" content=\"index, follow, max-snippet:-1, max-image-preview:large, max-video-preview:-1\" \/>\n<link rel=\"canonical\" href=\"https:\/\/tupique.com\/pt\/product\/mini-chauffage-portable-pour-prise-heatpod-innovagoods-400-w\/\" \/>\n<meta property=\"og:locale\" content=\"pt_PT\" \/>\n<meta property=\"og:type\" content=\"article\" \/>\n<meta property=\"og:title\" content=\"Mini-Chauffage Portable pour Prise Heatpod InnovaGoods 400 W | | Tupique\" \/>\n<meta property=\"og:description\" content=\"Envie d&#039;acheter Mini-Chauffage Portable pour Prise Heatpod InnovaGoods 400 W\u00a0? Achetez Mini-Chauffage Portable pour Prise Heatpod InnovaGoods 400 W maintenant avec Tupique en 3 versements sans int\u00e9r\u00eat.\" \/>\n<meta property=\"og:url\" content=\"https:\/\/tupique.com\/pt\/product\/mini-chauffage-portable-pour-prise-heatpod-innovagoods-400-w\/\" \/>\n<meta property=\"og:site_name\" content=\"Tupique\" \/>\n<meta property=\"og:image\" content=\"https:\/\/tupique.com\/wp-content\/uploads\/2026\/05\/8435527826086_V0103827_000_MKT2.jpg\" \/>\n\t<meta property=\"og:image:width\" content=\"1200\" \/>\n\t<meta property=\"og:image:height\" content=\"1200\" \/>\n\t<meta property=\"og:image:type\" content=\"image\/jpeg\" \/>\n<meta name=\"twitter:card\" content=\"summary_large_image\" \/>\n<meta name=\"twitter:label1\" content=\"Tempo estimado de leitura\" \/>\n\t<meta name=\"twitter:data1\" content=\"2 minutos\" \/>\n<script type=\"application\/ld+json\" class=\"yoast-schema-graph\">{\"@context\":\"https:\\\/\\\/schema.org\",\"@graph\":[{\"@type\":\"WebPage\",\"@id\":\"https:\\\/\\\/tupique.com\\\/pt\\\/product\\\/mini-chauffage-portable-pour-prise-heatpod-innovagoods-400-w\\\/\",\"url\":\"https:\\\/\\\/tupique.com\\\/pt\\\/product\\\/mini-chauffage-portable-pour-prise-heatpod-innovagoods-400-w\\\/\",\"name\":\"Mini-Chauffage Portable pour Prise Heatpod InnovaGoods 400 W | | Tupique\",\"isPartOf\":{\"@id\":\"https:\\\/\\\/tupique.com\\\/#website\"},\"primaryImageOfPage\":{\"@id\":\"https:\\\/\\\/tupique.com\\\/pt\\\/product\\\/mini-chauffage-portable-pour-prise-heatpod-innovagoods-400-w\\\/#primaryimage\"},\"image\":{\"@id\":\"https:\\\/\\\/tupique.com\\\/pt\\\/product\\\/mini-chauffage-portable-pour-prise-heatpod-innovagoods-400-w\\\/#primaryimage\"},\"thumbnailUrl\":\"https:\\\/\\\/tupique.com\\\/wp-content\\\/uploads\\\/2026\\\/05\\\/8435527826086_V0103827_000_MKT2.jpg\",\"datePublished\":\"2026-05-11T20:28:36+00:00\",\"description\":\"Envie d'acheter Mini-Chauffage Portable pour Prise Heatpod InnovaGoods 400 W\u00a0? Achetez Mini-Chauffage Portable pour Prise Heatpod InnovaGoods 400 W maintenant avec Tupique en 3 versements sans int\u00e9r\u00eat.\",\"breadcrumb\":{\"@id\":\"https:\\\/\\\/tupique.com\\\/pt\\\/product\\\/mini-chauffage-portable-pour-prise-heatpod-innovagoods-400-w\\\/#breadcrumb\"},\"inLanguage\":\"pt-PT\",\"potentialAction\":[{\"@type\":\"ReadAction\",\"target\":[\"https:\\\/\\\/tupique.com\\\/pt\\\/product\\\/mini-chauffage-portable-pour-prise-heatpod-innovagoods-400-w\\\/\"]}]},{\"@type\":\"ImageObject\",\"inLanguage\":\"pt-PT\",\"@id\":\"https:\\\/\\\/tupique.com\\\/pt\\\/product\\\/mini-chauffage-portable-pour-prise-heatpod-innovagoods-400-w\\\/#primaryimage\",\"url\":\"https:\\\/\\\/tupique.com\\\/wp-content\\\/uploads\\\/2026\\\/05\\\/8435527826086_V0103827_000_MKT2.jpg\",\"contentUrl\":\"https:\\\/\\\/tupique.com\\\/wp-content\\\/uploads\\\/2026\\\/05\\\/8435527826086_V0103827_000_MKT2.jpg\",\"width\":1200,\"height\":1200,\"caption\":\"V0103827_0\"},{\"@type\":\"BreadcrumbList\",\"@id\":\"https:\\\/\\\/tupique.com\\\/pt\\\/product\\\/mini-chauffage-portable-pour-prise-heatpod-innovagoods-400-w\\\/#breadcrumb\",\"itemListElement\":[{\"@type\":\"ListItem\",\"position\":1,\"name\":\"commencer\",\"item\":\"https:\\\/\\\/tupique.com\\\/\"},{\"@type\":\"ListItem\",\"position\":2,\"name\":\"Loja\",\"item\":\"https:\\\/\\\/tupique.com\\\/pt\\\/loja\\\/\"},{\"@type\":\"ListItem\",\"position\":3,\"name\":\"Mini-Chauffage Portable pour Prise Heatpod InnovaGoods 400 W\"}]},{\"@type\":\"WebSite\",\"@id\":\"https:\\\/\\\/tupique.com\\\/#website\",\"url\":\"https:\\\/\\\/tupique.com\\\/\",\"name\":\"Tupique\",\"description\":\"\",\"publisher\":{\"@id\":\"https:\\\/\\\/tupique.com\\\/#organization\"},\"potentialAction\":[{\"@type\":\"SearchAction\",\"target\":{\"@type\":\"EntryPoint\",\"urlTemplate\":\"https:\\\/\\\/tupique.com\\\/?s={search_term_string}\"},\"query-input\":{\"@type\":\"PropertyValueSpecification\",\"valueRequired\":true,\"valueName\":\"search_term_string\"}}],\"inLanguage\":\"pt-PT\"},{\"@type\":\"Organization\",\"@id\":\"https:\\\/\\\/tupique.com\\\/#organization\",\"name\":\"Tupique\",\"url\":\"https:\\\/\\\/tupique.com\\\/\",\"logo\":{\"@type\":\"ImageObject\",\"inLanguage\":\"pt-PT\",\"@id\":\"https:\\\/\\\/tupique.com\\\/#\\\/schema\\\/logo\\\/image\\\/\",\"url\":\"https:\\\/\\\/tupique.com\\\/wp-content\\\/uploads\\\/2026\\\/03\\\/logo-tupique-1.webp\",\"contentUrl\":\"https:\\\/\\\/tupique.com\\\/wp-content\\\/uploads\\\/2026\\\/03\\\/logo-tupique-1.webp\",\"width\":500,\"height\":67,\"caption\":\"Tupique\"},\"image\":{\"@id\":\"https:\\\/\\\/tupique.com\\\/#\\\/schema\\\/logo\\\/image\\\/\"}}]}<\/script>\n<!-- \/ Yoast SEO plugin. -->","yoast_head_json":{"title":"Mini-Chauffage Portable pour Prise Heatpod InnovaGoods 400 W | | Tupique","description":"Envie d'acheter Mini-Chauffage Portable pour Prise Heatpod InnovaGoods 400 W\u00a0? Achetez Mini-Chauffage Portable pour Prise Heatpod InnovaGoods 400 W maintenant avec Tupique en 3 versements sans int\u00e9r\u00eat.","robots":{"index":"index","follow":"follow","max-snippet":"max-snippet:-1","max-image-preview":"max-image-preview:large","max-video-preview":"max-video-preview:-1"},"canonical":"https:\/\/tupique.com\/pt\/product\/mini-chauffage-portable-pour-prise-heatpod-innovagoods-400-w\/","og_locale":"pt_PT","og_type":"article","og_title":"Mini-Chauffage Portable pour Prise Heatpod InnovaGoods 400 W | | Tupique","og_description":"Envie d'acheter Mini-Chauffage Portable pour Prise Heatpod InnovaGoods 400 W\u00a0? Achetez Mini-Chauffage Portable pour Prise Heatpod InnovaGoods 400 W maintenant avec Tupique en 3 versements sans int\u00e9r\u00eat.","og_url":"https:\/\/tupique.com\/pt\/product\/mini-chauffage-portable-pour-prise-heatpod-innovagoods-400-w\/","og_site_name":"Tupique","og_image":[{"width":1200,"height":1200,"url":"https:\/\/tupique.com\/wp-content\/uploads\/2026\/05\/8435527826086_V0103827_000_MKT2.jpg","type":"image\/jpeg"}],"twitter_card":"summary_large_image","twitter_misc":{"Tempo estimado de leitura":"2 minutos"},"schema":{"@context":"https:\/\/schema.org","@graph":[{"@type":"WebPage","@id":"https:\/\/tupique.com\/pt\/product\/mini-chauffage-portable-pour-prise-heatpod-innovagoods-400-w\/","url":"https:\/\/tupique.com\/pt\/product\/mini-chauffage-portable-pour-prise-heatpod-innovagoods-400-w\/","name":"Mini-Chauffage Portable pour Prise Heatpod InnovaGoods 400 W | | Tupique","isPartOf":{"@id":"https:\/\/tupique.com\/#website"},"primaryImageOfPage":{"@id":"https:\/\/tupique.com\/pt\/product\/mini-chauffage-portable-pour-prise-heatpod-innovagoods-400-w\/#primaryimage"},"image":{"@id":"https:\/\/tupique.com\/pt\/product\/mini-chauffage-portable-pour-prise-heatpod-innovagoods-400-w\/#primaryimage"},"thumbnailUrl":"https:\/\/tupique.com\/wp-content\/uploads\/2026\/05\/8435527826086_V0103827_000_MKT2.jpg","datePublished":"2026-05-11T20:28:36+00:00","description":"Envie d'acheter Mini-Chauffage Portable pour Prise Heatpod InnovaGoods 400 W\u00a0? Achetez Mini-Chauffage Portable pour Prise Heatpod InnovaGoods 400 W maintenant avec Tupique en 3 versements sans int\u00e9r\u00eat.","breadcrumb":{"@id":"https:\/\/tupique.com\/pt\/product\/mini-chauffage-portable-pour-prise-heatpod-innovagoods-400-w\/#breadcrumb"},"inLanguage":"pt-PT","potentialAction":[{"@type":"ReadAction","target":["https:\/\/tupique.com\/pt\/product\/mini-chauffage-portable-pour-prise-heatpod-innovagoods-400-w\/"]}]},{"@type":"ImageObject","inLanguage":"pt-PT","@id":"https:\/\/tupique.com\/pt\/product\/mini-chauffage-portable-pour-prise-heatpod-innovagoods-400-w\/#primaryimage","url":"https:\/\/tupique.com\/wp-content\/uploads\/2026\/05\/8435527826086_V0103827_000_MKT2.jpg","contentUrl":"https:\/\/tupique.com\/wp-content\/uploads\/2026\/05\/8435527826086_V0103827_000_MKT2.jpg","width":1200,"height":1200,"caption":"V0103827_0"},{"@type":"BreadcrumbList","@id":"https:\/\/tupique.com\/pt\/product\/mini-chauffage-portable-pour-prise-heatpod-innovagoods-400-w\/#breadcrumb","itemListElement":[{"@type":"ListItem","position":1,"name":"commencer","item":"https:\/\/tupique.com\/"},{"@type":"ListItem","position":2,"name":"Loja","item":"https:\/\/tupique.com\/pt\/loja\/"},{"@type":"ListItem","position":3,"name":"Mini-Chauffage Portable pour Prise Heatpod InnovaGoods 400 W"}]},{"@type":"WebSite","@id":"https:\/\/tupique.com\/#website","url":"https:\/\/tupique.com\/","name":"Tupique","description":"","publisher":{"@id":"https:\/\/tupique.com\/#organization"},"potentialAction":[{"@type":"SearchAction","target":{"@type":"EntryPoint","urlTemplate":"https:\/\/tupique.com\/?s={search_term_string}"},"query-input":{"@type":"PropertyValueSpecification","valueRequired":true,"valueName":"search_term_string"}}],"inLanguage":"pt-PT"},{"@type":"Organization","@id":"https:\/\/tupique.com\/#organization","name":"Tupique","url":"https:\/\/tupique.com\/","logo":{"@type":"ImageObject","inLanguage":"pt-PT","@id":"https:\/\/tupique.com\/#\/schema\/logo\/image\/","url":"https:\/\/tupique.com\/wp-content\/uploads\/2026\/03\/logo-tupique-1.webp","contentUrl":"https:\/\/tupique.com\/wp-content\/uploads\/2026\/03\/logo-tupique-1.webp","width":500,"height":67,"caption":"Tupique"},"image":{"@id":"https:\/\/tupique.com\/#\/schema\/logo\/image\/"}}]}},"_links":{"self":[{"href":"https:\/\/tupique.com\/pt\/wp-json\/wp\/v2\/product\/188799","targetHints":{"allow":["GET"]}}],"collection":[{"href":"https:\/\/tupique.com\/pt\/wp-json\/wp\/v2\/product"}],"about":[{"href":"https:\/\/tupique.com\/pt\/wp-json\/wp\/v2\/types\/product"}],"replies":[{"embeddable":true,"href":"https:\/\/tupique.com\/pt\/wp-json\/wp\/v2\/comments?post=188799"}],"wp:featuredmedia":[{"embeddable":true,"href":"https:\/\/tupique.com\/pt\/wp-json\/wp\/v2\/media\/188789"}],"wp:attachment":[{"href":"https:\/\/tupique.com\/pt\/wp-json\/wp\/v2\/media?parent=188799"}],"wp:term":[{"taxonomy":"product_brand","embeddable":true,"href":"https:\/\/tupique.com\/pt\/wp-json\/wp\/v2\/product_brand?post=188799"},{"taxonomy":"product_cat","embeddable":true,"href":"https:\/\/tupique.com\/pt\/wp-json\/wp\/v2\/product_cat?post=188799"},{"taxonomy":"product_tag","embeddable":true,"href":"https:\/\/tupique.com\/pt\/wp-json\/wp\/v2\/product_tag?post=188799"},{"taxonomy":"woo-feed-brand","embeddable":true,"href":"https:\/\/tupique.com\/pt\/wp-json\/wp\/v2\/woo-feed-brand?post=188799"}],"curies":[{"name":"wp","href":"https:\/\/api.w.org\/{rel}","templated":true}]}}