{"id":189053,"date":"2026-05-11T22:47:41","date_gmt":"2026-05-11T20:47:41","guid":{"rendered":"https:\/\/tupique.com\/product\/echelle-telescopique-ladescop32-innovagoods-32-m\/"},"modified":"2026-05-11T22:47:41","modified_gmt":"2026-05-11T20:47:41","slug":"echelle-telescopique-ladescop32-innovagoods-32-m","status":"publish","type":"product","link":"https:\/\/tupique.com\/pt\/product\/echelle-telescopique-ladescop32-innovagoods-32-m\/","title":{"rendered":"\u00c9chelle t\u00e9lescopique Ladescop32 InnovaGoods 3,2 m"},"content":{"rendered":"<div class=\"col-md-6\"><b>InnovaGoods<\/b> vous offre les meilleures nouveaut\u00e9s pour la maison, comme <b>\u00c9chelle t\u00e9lescopique Ladescop32 InnovaGoods 3,2 m <\/b> ! D\u00e9couvrez une vaste gamme de produits de qualit\u00e9 qui se d\u00e9marquent de par leur fonctionnalit\u00e9, leur efficacit\u00e9 et leur design innovant : \u00e9clairage, organisation, d\u00e9coration, climatisation, jardin, animaux domestiques, nettoyage, etc.<\/p>\n<p>Cette <b>\u00e9chelle t\u00e9lescopique<\/b> permet d&#8217;effectuer une multitude de t\u00e2ches de fa\u00e7on pratique et s\u00fbre. Sa conception extensible permet un r\u00e9glage facile de la hauteur. Elle comprend 2 crochets de fixation, est l\u00e9g\u00e8re et facile \u00e0 transporter et \u00e0 ranger. Supporte jusqu&#8217;\u00e0 150 kg.<\/p>\n<p>Une <b>\u00e9chelle extensible&nbsp;<\/b>tr\u00e8s solide et stable qui peut \u00eatre utilis\u00e9e \u00e0 l&#8217;int\u00e9rieur et \u00e0 l&#8217;ext\u00e9rieur. Id\u00e9ale pour le nettoyage, la peinture, le jardinage, le bricolage, la r\u00e9paration, la construction, etc.<\/p>\n<ul>\n<li><b>T\u00e9lescopique, extensible, 10 \u00e9chelons :<\/b> notre \u00e9chelle t\u00e9lescopique s&#8217;adapte facilement \u00e0 la hauteur souhait\u00e9e gr\u00e2ce \u00e0 sa conception extensible innovante. Elle atteint une hauteur maximale de 3,2 m. Cette \u00e9chelle r\u00e9glable moderne est tr\u00e8s utile pour vous aider \u00e0 effectuer une multitude de t\u00e2ches dans diff\u00e9rents lieux d&#8217;utilisation.<\/li>\n<li><b>2 crochets de fixation :<\/b> notre \u00e9chelle en aluminium est livr\u00e9e avec 2 crochets amovibles en option qui peuvent \u00eatre fix\u00e9s au niveau de la partie sup\u00e9rieure de l&#8217;\u00e9chelle si vous le souhaitez. Ils sont faciles \u00e0 installer et servent \u00e0 am\u00e9liorer la fixation de l&#8217;\u00e9chelle sur la zone d&#8217;appui, ce qui lui conf\u00e8re une plus grande stabilit\u00e9 et protection.<\/li>\n<li><b>S\u00fbre, robuste :<\/b> cette \u00e9chelle ultral\u00e9g\u00e8re est tr\u00e8s robuste, s\u00fbre et stable. Ses pieds antid\u00e9rapants assurent une bonne fixation. Les \u00e9chelons sont \u00e9quip\u00e9s d&#8217;un verrouillage de s\u00e9curit\u00e9 pour un r\u00e9glage fiable de la hauteur. L&#8217;angle d&#8217;inclinaison optimal d\u2019utilisation oscille entre 65\u00b0 et 75\u00b0. Supporte jusqu&#8217;\u00e0 150 kg.<\/li>\n<li><b>L\u00e9g\u00e8re, facile \u00e0 ranger :&nbsp;<\/b>cette \u00e9chelle extensible fabriqu\u00e9e en aluminium de haute qualit\u00e9 est l\u00e9g\u00e8re et maniable. De plus, l&#8217;\u00e9chelle est \u00e9quip\u00e9e de sangles de fixation pour son rangement. Sa hauteur est consid\u00e9rablement r\u00e9duite lorsqu&#8217;elle n&#8217;est pas d\u00e9ploy\u00e9e, ce qui permet de la d\u00e9placer ou de la ranger plus facilement dans les coffres de voiture, les garages, les d\u00e9barras, etc. Poids approximatif : 8,8 kg.<\/li>\n<li><b>Multiusages, polyvalente :<\/b> cette \u00e9chelle portable peut \u00eatre utilis\u00e9e \u00e0 l&#8217;int\u00e9rieur comme \u00e0 l&#8217;ext\u00e9rieur. Elle est id\u00e9ale pour de nombreuses t\u00e2ches domestiques \u00e0 la maison ou \u00e0 l&#8217;ext\u00e9rieur, telles que le nettoyage, la peinture, le jardinage, le bricolage, la r\u00e9paration, la construction, etc.<\/li>\n<\/ul>\n<ul>\n<li>Mat\u00e9riel:\n<ul>\n<li>Aluminium<\/li>\n<li>Nylon<\/li>\n<li>polypropyl\u00e8ne<\/li>\n<\/ul>\n<\/li>\n<li>Couleur:\n<ul>\n<li>M\u00e9tallis\u00e9<\/li>\n<li>Noir<\/li>\n<\/ul>\n<\/li>\n<li>Design moderne: Novateur et pratique<\/li>\n<li>Type: \u00c9chelle extensible<\/li>\n<li>T\u00e9lescopique: Hauteur r\u00e9glable<\/li>\n<li>Hauteur maximale: 3,2 m<\/li>\n<li>10 Marches: Verrou de s\u00e9curit\u00e9<\/li>\n<li>2 crochets mobiles: Amovible<\/li>\n<li>Angle d&#8217;Inclinaison: 65\u00ba-75\u00ba<\/li>\n<li>Pieds antid\u00e9rapants: Fixation ferme<\/li>\n<li>Poids Max. support\u00e9: 150 kg<\/li>\n<li>Sangle de fixation: Facile \u00e0 transporter et \u00e0 ranger<\/li>\n<li>R\u00e9sistante et durable: Mat\u00e9riaux de qualit\u00e9<\/li>\n<li>Polyvalent: Plusieurs fonctionnalit\u00e9s et espaces<\/li>\n<li>Polyvalent et adaptable: Utilisation \u00e0 l&#8217;int\u00e9rieur et \u00e0 l&#8217;ext\u00e9rieur<\/li>\n<li>Facile \u00e0 utiliser, l\u00e9ger et maniable: Utilisation pratique, simple et s\u00fbre<\/li>\n<li>Poids approx.: 8,8 kg<\/li>\n<li>Dimensions approx.: 47 x 80-320 x 6,5 cm<\/li>\n<\/ul>\n<p>Packaging et manuel en 24 langues: anglais, fran\u00e7ais, espagnol, allemand, italien, portugais, n\u00e9erlandais, polonais, hongrois, roumain, danois, su\u00e9dois, finnois, lituanien, norv\u00e9gien, slov\u00e8ne, grec, tch\u00e8que, bulgare, croate, slovaque, estonien, russe, letton.<\/p><\/div>\n<div class=\"col-md-6\">\n<div class=\"embed-responsive embed-responsive-16by9\"><iframe class=\"embed-responsive-item\" src=\"https:\/\/www.youtube.com\/embed\/YAPfeHDZHvY\" frameborder=\"0\" allowfullscreen><\/iframe><\/div>\n<\/div>","protected":false},"excerpt":{"rendered":"<p>InnovaGoods vous offre les meilleures nouveaut\u00e9s pour la maison, comme \u00c9chelle t\u00e9lescopique Ladescop32 InnovaGoods 3,2 m ! D\u00e9couvrez une vaste gamme de produits de qualit\u00e9 qui se d\u00e9marquent de par leur fonctionnalit\u00e9, leur efficacit\u00e9 et leur design innovant : \u00e9clairage, organisation, d\u00e9coration, climatisation, jardin, animaux domestiques, nettoyage, etc. Cette \u00e9chelle t\u00e9lescopique permet d&#8217;effectuer une multitude [&hellip;]<\/p>\n","protected":false},"featured_media":189043,"comment_status":"open","ping_status":"closed","template":"","meta":[],"product_brand":[256],"product_cat":[613,63,64,1797,239,1796],"product_tag":[567,210],"woo-feed-brand":[],"class_list":{"0":"post-189053","1":"product","2":"type-product","3":"status-publish","4":"has-post-thumbnail","6":"product_brand-brandp_1281","7":"product_cat-bricolage-et-materiel","8":"product_cat-cadeaux-originaux","9":"product_cat-cadeaux-pour-la-maison","10":"product_cat-idees-pour-la-maison","11":"product_cat-maison-jardin","12":"product_cat-teleachat-vu-a-la-television","13":"product_tag-tag_556","14":"product_tag-tag_25","16":"first","17":"instock","18":"taxable","19":"shipping-taxable","20":"purchasable","21":"product-type-simple"},"yoast_head":"<!-- This site is optimized with the Yoast SEO plugin v27.6 - https:\/\/yoast.com\/product\/yoast-seo-wordpress\/ -->\n<title>\u00c9chelle t\u00e9lescopique Ladescop32 InnovaGoods 3,2 m | | Tupique<\/title>\n<meta name=\"description\" content=\"Envie d&#039;acheter \u00c9chelle t\u00e9lescopique Ladescop32 InnovaGoods 3,2 m\u00a0? Achetez \u00c9chelle t\u00e9lescopique Ladescop32 InnovaGoods 3,2 m maintenant avec Tupique en 3 versements sans int\u00e9r\u00eat.\" \/>\n<meta name=\"robots\" content=\"index, follow, max-snippet:-1, max-image-preview:large, max-video-preview:-1\" \/>\n<link rel=\"canonical\" href=\"https:\/\/tupique.com\/pt\/product\/echelle-telescopique-ladescop32-innovagoods-32-m\/\" \/>\n<meta property=\"og:locale\" content=\"pt_PT\" \/>\n<meta property=\"og:type\" content=\"article\" \/>\n<meta property=\"og:title\" content=\"\u00c9chelle t\u00e9lescopique Ladescop32 InnovaGoods 3,2 m | | Tupique\" \/>\n<meta property=\"og:description\" content=\"Envie d&#039;acheter \u00c9chelle t\u00e9lescopique Ladescop32 InnovaGoods 3,2 m\u00a0? Achetez \u00c9chelle t\u00e9lescopique Ladescop32 InnovaGoods 3,2 m maintenant avec Tupique en 3 versements sans int\u00e9r\u00eat.\" \/>\n<meta property=\"og:url\" content=\"https:\/\/tupique.com\/pt\/product\/echelle-telescopique-ladescop32-innovagoods-32-m\/\" \/>\n<meta property=\"og:site_name\" content=\"Tupique\" \/>\n<meta property=\"og:image\" content=\"https:\/\/tupique.com\/wp-content\/uploads\/2026\/05\/8435527826147_V0103839_000_MKT2.jpg\" \/>\n\t<meta property=\"og:image:width\" content=\"1200\" \/>\n\t<meta property=\"og:image:height\" content=\"1200\" \/>\n\t<meta property=\"og:image:type\" content=\"image\/jpeg\" \/>\n<meta name=\"twitter:card\" content=\"summary_large_image\" \/>\n<meta name=\"twitter:label1\" content=\"Tempo estimado de leitura\" \/>\n\t<meta name=\"twitter:data1\" content=\"3 minutos\" \/>\n<script type=\"application\/ld+json\" class=\"yoast-schema-graph\">{\"@context\":\"https:\\\/\\\/schema.org\",\"@graph\":[{\"@type\":\"WebPage\",\"@id\":\"https:\\\/\\\/tupique.com\\\/pt\\\/product\\\/echelle-telescopique-ladescop32-innovagoods-32-m\\\/\",\"url\":\"https:\\\/\\\/tupique.com\\\/pt\\\/product\\\/echelle-telescopique-ladescop32-innovagoods-32-m\\\/\",\"name\":\"\u00c9chelle t\u00e9lescopique Ladescop32 InnovaGoods 3,2 m | | Tupique\",\"isPartOf\":{\"@id\":\"https:\\\/\\\/tupique.com\\\/#website\"},\"primaryImageOfPage\":{\"@id\":\"https:\\\/\\\/tupique.com\\\/pt\\\/product\\\/echelle-telescopique-ladescop32-innovagoods-32-m\\\/#primaryimage\"},\"image\":{\"@id\":\"https:\\\/\\\/tupique.com\\\/pt\\\/product\\\/echelle-telescopique-ladescop32-innovagoods-32-m\\\/#primaryimage\"},\"thumbnailUrl\":\"https:\\\/\\\/tupique.com\\\/wp-content\\\/uploads\\\/2026\\\/05\\\/8435527826147_V0103839_000_MKT2.jpg\",\"datePublished\":\"2026-05-11T20:47:41+00:00\",\"description\":\"Envie d'acheter \u00c9chelle t\u00e9lescopique Ladescop32 InnovaGoods 3,2 m\u00a0? Achetez \u00c9chelle t\u00e9lescopique Ladescop32 InnovaGoods 3,2 m maintenant avec Tupique en 3 versements sans int\u00e9r\u00eat.\",\"breadcrumb\":{\"@id\":\"https:\\\/\\\/tupique.com\\\/pt\\\/product\\\/echelle-telescopique-ladescop32-innovagoods-32-m\\\/#breadcrumb\"},\"inLanguage\":\"pt-PT\",\"potentialAction\":[{\"@type\":\"ReadAction\",\"target\":[\"https:\\\/\\\/tupique.com\\\/pt\\\/product\\\/echelle-telescopique-ladescop32-innovagoods-32-m\\\/\"]}]},{\"@type\":\"ImageObject\",\"inLanguage\":\"pt-PT\",\"@id\":\"https:\\\/\\\/tupique.com\\\/pt\\\/product\\\/echelle-telescopique-ladescop32-innovagoods-32-m\\\/#primaryimage\",\"url\":\"https:\\\/\\\/tupique.com\\\/wp-content\\\/uploads\\\/2026\\\/05\\\/8435527826147_V0103839_000_MKT2.jpg\",\"contentUrl\":\"https:\\\/\\\/tupique.com\\\/wp-content\\\/uploads\\\/2026\\\/05\\\/8435527826147_V0103839_000_MKT2.jpg\",\"width\":1200,\"height\":1200,\"caption\":\"V0103839_0\"},{\"@type\":\"BreadcrumbList\",\"@id\":\"https:\\\/\\\/tupique.com\\\/pt\\\/product\\\/echelle-telescopique-ladescop32-innovagoods-32-m\\\/#breadcrumb\",\"itemListElement\":[{\"@type\":\"ListItem\",\"position\":1,\"name\":\"commencer\",\"item\":\"https:\\\/\\\/tupique.com\\\/\"},{\"@type\":\"ListItem\",\"position\":2,\"name\":\"Loja\",\"item\":\"https:\\\/\\\/tupique.com\\\/pt\\\/loja\\\/\"},{\"@type\":\"ListItem\",\"position\":3,\"name\":\"\u00c9chelle t\u00e9lescopique Ladescop32 InnovaGoods 3,2 m\"}]},{\"@type\":\"WebSite\",\"@id\":\"https:\\\/\\\/tupique.com\\\/#website\",\"url\":\"https:\\\/\\\/tupique.com\\\/\",\"name\":\"Tupique\",\"description\":\"\",\"publisher\":{\"@id\":\"https:\\\/\\\/tupique.com\\\/#organization\"},\"potentialAction\":[{\"@type\":\"SearchAction\",\"target\":{\"@type\":\"EntryPoint\",\"urlTemplate\":\"https:\\\/\\\/tupique.com\\\/?s={search_term_string}\"},\"query-input\":{\"@type\":\"PropertyValueSpecification\",\"valueRequired\":true,\"valueName\":\"search_term_string\"}}],\"inLanguage\":\"pt-PT\"},{\"@type\":\"Organization\",\"@id\":\"https:\\\/\\\/tupique.com\\\/#organization\",\"name\":\"Tupique\",\"url\":\"https:\\\/\\\/tupique.com\\\/\",\"logo\":{\"@type\":\"ImageObject\",\"inLanguage\":\"pt-PT\",\"@id\":\"https:\\\/\\\/tupique.com\\\/#\\\/schema\\\/logo\\\/image\\\/\",\"url\":\"https:\\\/\\\/tupique.com\\\/wp-content\\\/uploads\\\/2026\\\/03\\\/logo-tupique-1.webp\",\"contentUrl\":\"https:\\\/\\\/tupique.com\\\/wp-content\\\/uploads\\\/2026\\\/03\\\/logo-tupique-1.webp\",\"width\":500,\"height\":67,\"caption\":\"Tupique\"},\"image\":{\"@id\":\"https:\\\/\\\/tupique.com\\\/#\\\/schema\\\/logo\\\/image\\\/\"}}]}<\/script>\n<!-- \/ Yoast SEO plugin. -->","yoast_head_json":{"title":"\u00c9chelle t\u00e9lescopique Ladescop32 InnovaGoods 3,2 m | | Tupique","description":"Envie d'acheter \u00c9chelle t\u00e9lescopique Ladescop32 InnovaGoods 3,2 m\u00a0? Achetez \u00c9chelle t\u00e9lescopique Ladescop32 InnovaGoods 3,2 m maintenant avec Tupique en 3 versements sans int\u00e9r\u00eat.","robots":{"index":"index","follow":"follow","max-snippet":"max-snippet:-1","max-image-preview":"max-image-preview:large","max-video-preview":"max-video-preview:-1"},"canonical":"https:\/\/tupique.com\/pt\/product\/echelle-telescopique-ladescop32-innovagoods-32-m\/","og_locale":"pt_PT","og_type":"article","og_title":"\u00c9chelle t\u00e9lescopique Ladescop32 InnovaGoods 3,2 m | | Tupique","og_description":"Envie d'acheter \u00c9chelle t\u00e9lescopique Ladescop32 InnovaGoods 3,2 m\u00a0? Achetez \u00c9chelle t\u00e9lescopique Ladescop32 InnovaGoods 3,2 m maintenant avec Tupique en 3 versements sans int\u00e9r\u00eat.","og_url":"https:\/\/tupique.com\/pt\/product\/echelle-telescopique-ladescop32-innovagoods-32-m\/","og_site_name":"Tupique","og_image":[{"width":1200,"height":1200,"url":"https:\/\/tupique.com\/wp-content\/uploads\/2026\/05\/8435527826147_V0103839_000_MKT2.jpg","type":"image\/jpeg"}],"twitter_card":"summary_large_image","twitter_misc":{"Tempo estimado de leitura":"3 minutos"},"schema":{"@context":"https:\/\/schema.org","@graph":[{"@type":"WebPage","@id":"https:\/\/tupique.com\/pt\/product\/echelle-telescopique-ladescop32-innovagoods-32-m\/","url":"https:\/\/tupique.com\/pt\/product\/echelle-telescopique-ladescop32-innovagoods-32-m\/","name":"\u00c9chelle t\u00e9lescopique Ladescop32 InnovaGoods 3,2 m | | Tupique","isPartOf":{"@id":"https:\/\/tupique.com\/#website"},"primaryImageOfPage":{"@id":"https:\/\/tupique.com\/pt\/product\/echelle-telescopique-ladescop32-innovagoods-32-m\/#primaryimage"},"image":{"@id":"https:\/\/tupique.com\/pt\/product\/echelle-telescopique-ladescop32-innovagoods-32-m\/#primaryimage"},"thumbnailUrl":"https:\/\/tupique.com\/wp-content\/uploads\/2026\/05\/8435527826147_V0103839_000_MKT2.jpg","datePublished":"2026-05-11T20:47:41+00:00","description":"Envie d'acheter \u00c9chelle t\u00e9lescopique Ladescop32 InnovaGoods 3,2 m\u00a0? Achetez \u00c9chelle t\u00e9lescopique Ladescop32 InnovaGoods 3,2 m maintenant avec Tupique en 3 versements sans int\u00e9r\u00eat.","breadcrumb":{"@id":"https:\/\/tupique.com\/pt\/product\/echelle-telescopique-ladescop32-innovagoods-32-m\/#breadcrumb"},"inLanguage":"pt-PT","potentialAction":[{"@type":"ReadAction","target":["https:\/\/tupique.com\/pt\/product\/echelle-telescopique-ladescop32-innovagoods-32-m\/"]}]},{"@type":"ImageObject","inLanguage":"pt-PT","@id":"https:\/\/tupique.com\/pt\/product\/echelle-telescopique-ladescop32-innovagoods-32-m\/#primaryimage","url":"https:\/\/tupique.com\/wp-content\/uploads\/2026\/05\/8435527826147_V0103839_000_MKT2.jpg","contentUrl":"https:\/\/tupique.com\/wp-content\/uploads\/2026\/05\/8435527826147_V0103839_000_MKT2.jpg","width":1200,"height":1200,"caption":"V0103839_0"},{"@type":"BreadcrumbList","@id":"https:\/\/tupique.com\/pt\/product\/echelle-telescopique-ladescop32-innovagoods-32-m\/#breadcrumb","itemListElement":[{"@type":"ListItem","position":1,"name":"commencer","item":"https:\/\/tupique.com\/"},{"@type":"ListItem","position":2,"name":"Loja","item":"https:\/\/tupique.com\/pt\/loja\/"},{"@type":"ListItem","position":3,"name":"\u00c9chelle t\u00e9lescopique Ladescop32 InnovaGoods 3,2 m"}]},{"@type":"WebSite","@id":"https:\/\/tupique.com\/#website","url":"https:\/\/tupique.com\/","name":"Tupique","description":"","publisher":{"@id":"https:\/\/tupique.com\/#organization"},"potentialAction":[{"@type":"SearchAction","target":{"@type":"EntryPoint","urlTemplate":"https:\/\/tupique.com\/?s={search_term_string}"},"query-input":{"@type":"PropertyValueSpecification","valueRequired":true,"valueName":"search_term_string"}}],"inLanguage":"pt-PT"},{"@type":"Organization","@id":"https:\/\/tupique.com\/#organization","name":"Tupique","url":"https:\/\/tupique.com\/","logo":{"@type":"ImageObject","inLanguage":"pt-PT","@id":"https:\/\/tupique.com\/#\/schema\/logo\/image\/","url":"https:\/\/tupique.com\/wp-content\/uploads\/2026\/03\/logo-tupique-1.webp","contentUrl":"https:\/\/tupique.com\/wp-content\/uploads\/2026\/03\/logo-tupique-1.webp","width":500,"height":67,"caption":"Tupique"},"image":{"@id":"https:\/\/tupique.com\/#\/schema\/logo\/image\/"}}]}},"_links":{"self":[{"href":"https:\/\/tupique.com\/pt\/wp-json\/wp\/v2\/product\/189053","targetHints":{"allow":["GET"]}}],"collection":[{"href":"https:\/\/tupique.com\/pt\/wp-json\/wp\/v2\/product"}],"about":[{"href":"https:\/\/tupique.com\/pt\/wp-json\/wp\/v2\/types\/product"}],"replies":[{"embeddable":true,"href":"https:\/\/tupique.com\/pt\/wp-json\/wp\/v2\/comments?post=189053"}],"wp:featuredmedia":[{"embeddable":true,"href":"https:\/\/tupique.com\/pt\/wp-json\/wp\/v2\/media\/189043"}],"wp:attachment":[{"href":"https:\/\/tupique.com\/pt\/wp-json\/wp\/v2\/media?parent=189053"}],"wp:term":[{"taxonomy":"product_brand","embeddable":true,"href":"https:\/\/tupique.com\/pt\/wp-json\/wp\/v2\/product_brand?post=189053"},{"taxonomy":"product_cat","embeddable":true,"href":"https:\/\/tupique.com\/pt\/wp-json\/wp\/v2\/product_cat?post=189053"},{"taxonomy":"product_tag","embeddable":true,"href":"https:\/\/tupique.com\/pt\/wp-json\/wp\/v2\/product_tag?post=189053"},{"taxonomy":"woo-feed-brand","embeddable":true,"href":"https:\/\/tupique.com\/pt\/wp-json\/wp\/v2\/woo-feed-brand?post=189053"}],"curies":[{"name":"wp","href":"https:\/\/api.w.org\/{rel}","templated":true}]}}