{"id":189084,"date":"2026-05-11T22:48:32","date_gmt":"2026-05-11T20:48:32","guid":{"rendered":"https:\/\/tupique.com\/product\/plat-a-gratin-la-mediterranea-grecia-porcelaine-rectangulaire-30-x-20-x-25-cm-6-unites\/"},"modified":"2026-05-11T23:00:15","modified_gmt":"2026-05-11T21:00:15","slug":"plat-a-gratin-la-mediterranea-grecia-porcelaine-rectangulaire-30-x-20-x-25-cm-6-unites","status":"publish","type":"product","link":"https:\/\/tupique.com\/pt\/product\/plat-a-gratin-la-mediterranea-grecia-porcelaine-rectangulaire-30-x-20-x-25-cm-6-unites\/","title":{"rendered":"Plat \u00e0 Gratin La Mediterr\u00e1nea Grecia Porcelaine Rectangulaire 30 x 20 x 2,5 cm (6 Unit\u00e9s)"},"content":{"rendered":"<p>Si vous aimez prendre soin de chaque d\u00e9tail de votre maison et d&#8217;\u00eatre \u00e0 la derni\u00e8re mode en mati\u00e8re de produits qui vous rendront la vie plus facile, achetez <b>Plat \u00e0 Gratin La Mediterr\u00e1nea Grecia Porcelaine Rectangulaire 30 x 20 x 2,5 cm (6 Unit\u00e9s)<\/b> au meilleur prix.<\/p>\n<ul>\n<li>Mat\u00e9riel: Porcelaine<\/li>\n<li>Type: Plat \u00e0 Gratin<\/li>\n<li>Design: Rectangulaire<\/li>\n<li>Unit\u00e9s: 6 Unit\u00e9s<\/li>\n<li>Dimensions approx.: 30 x 20 x 2,5 cm<\/li>\n<\/ul>","protected":false},"excerpt":{"rendered":"<p>Si vous aimez prendre soin de chaque d\u00e9tail de votre maison et d&#8217;\u00eatre \u00e0 la derni\u00e8re mode en mati\u00e8re de produits qui vous rendront la vie plus facile, achetez Plat \u00e0 Gratin La Mediterr\u00e1nea Grecia Porcelaine Rectangulaire 30 x 20 x 2,5 cm (6 Unit\u00e9s) au meilleur prix. Mat\u00e9riel: Porcelaine Type: Plat \u00e0 Gratin Design: [&hellip;]<\/p>\n","protected":false},"featured_media":189082,"comment_status":"open","ping_status":"closed","template":"","meta":[],"product_brand":[269],"product_cat":[235,60,216],"product_tag":[104],"woo-feed-brand":[],"class_list":{"0":"post-189084","1":"product","2":"type-product","3":"status-publish","4":"has-post-thumbnail","6":"product_brand-brandp_2814","7":"product_cat-assiettes-plats-et-plateaux","8":"product_cat-cuisine-gourmet","9":"product_cat-ustensile","10":"product_tag-tag_1279","12":"first","13":"instock","14":"taxable","15":"shipping-taxable","16":"purchasable","17":"product-type-simple"},"yoast_head":"<!-- This site is optimized with the Yoast SEO plugin v27.6 - https:\/\/yoast.com\/product\/yoast-seo-wordpress\/ -->\n<title>Plat \u00e0 Gratin La Mediterr\u00e1nea Grecia Porcelaine Rectangulaire 30 x 20 x 2,5 cm (6 Unit\u00e9s) | | Tupique<\/title>\n<meta name=\"description\" content=\"Envie d&#039;acheter Plat \u00e0 Gratin La Mediterr\u00e1nea Grecia Porcelaine Rectangulaire 30 x 20 x 2,5 cm (6 Unit\u00e9s)\u00a0? Achetez Plat \u00e0 Gratin La Mediterr\u00e1nea Grecia Porcelaine Rectangulaire 30 x 20 x 2,5 cm (6 Unit\u00e9s) maintenant avec Tupique en 3 versements sans int\u00e9r\u00eat.\" \/>\n<meta name=\"robots\" content=\"index, follow, max-snippet:-1, max-image-preview:large, max-video-preview:-1\" \/>\n<link rel=\"canonical\" href=\"https:\/\/tupique.com\/pt\/product\/plat-a-gratin-la-mediterranea-grecia-porcelaine-rectangulaire-30-x-20-x-25-cm-6-unites\/\" \/>\n<meta property=\"og:locale\" content=\"pt_PT\" \/>\n<meta property=\"og:type\" content=\"article\" \/>\n<meta property=\"og:title\" content=\"Plat \u00e0 Gratin La Mediterr\u00e1nea Grecia Porcelaine Rectangulaire 30 x 20 x 2,5 cm (6 Unit\u00e9s) | | Tupique\" \/>\n<meta property=\"og:description\" content=\"Envie d&#039;acheter Plat \u00e0 Gratin La Mediterr\u00e1nea Grecia Porcelaine Rectangulaire 30 x 20 x 2,5 cm (6 Unit\u00e9s)\u00a0? Achetez Plat \u00e0 Gratin La Mediterr\u00e1nea Grecia Porcelaine Rectangulaire 30 x 20 x 2,5 cm (6 Unit\u00e9s) maintenant avec Tupique en 3 versements sans int\u00e9r\u00eat.\" \/>\n<meta property=\"og:url\" content=\"https:\/\/tupique.com\/pt\/product\/plat-a-gratin-la-mediterranea-grecia-porcelaine-rectangulaire-30-x-20-x-25-cm-6-unites\/\" \/>\n<meta property=\"og:site_name\" content=\"Tupique\" \/>\n<meta property=\"article:modified_time\" content=\"2026-05-11T21:00:15+00:00\" \/>\n<meta property=\"og:image\" content=\"https:\/\/tupique.com\/wp-content\/uploads\/2026\/05\/8435476240537_00_WBG_icon1.jpg\" \/>\n\t<meta property=\"og:image:width\" content=\"1200\" \/>\n\t<meta property=\"og:image:height\" content=\"1200\" \/>\n\t<meta property=\"og:image:type\" content=\"image\/jpeg\" \/>\n<meta name=\"twitter:card\" content=\"summary_large_image\" \/>\n<script type=\"application\/ld+json\" class=\"yoast-schema-graph\">{\"@context\":\"https:\\\/\\\/schema.org\",\"@graph\":[{\"@type\":\"WebPage\",\"@id\":\"https:\\\/\\\/tupique.com\\\/pt\\\/product\\\/plat-a-gratin-la-mediterranea-grecia-porcelaine-rectangulaire-30-x-20-x-25-cm-6-unites\\\/\",\"url\":\"https:\\\/\\\/tupique.com\\\/pt\\\/product\\\/plat-a-gratin-la-mediterranea-grecia-porcelaine-rectangulaire-30-x-20-x-25-cm-6-unites\\\/\",\"name\":\"Plat \u00e0 Gratin La Mediterr\u00e1nea Grecia Porcelaine Rectangulaire 30 x 20 x 2,5 cm (6 Unit\u00e9s) | | Tupique\",\"isPartOf\":{\"@id\":\"https:\\\/\\\/tupique.com\\\/#website\"},\"primaryImageOfPage\":{\"@id\":\"https:\\\/\\\/tupique.com\\\/pt\\\/product\\\/plat-a-gratin-la-mediterranea-grecia-porcelaine-rectangulaire-30-x-20-x-25-cm-6-unites\\\/#primaryimage\"},\"image\":{\"@id\":\"https:\\\/\\\/tupique.com\\\/pt\\\/product\\\/plat-a-gratin-la-mediterranea-grecia-porcelaine-rectangulaire-30-x-20-x-25-cm-6-unites\\\/#primaryimage\"},\"thumbnailUrl\":\"https:\\\/\\\/tupique.com\\\/wp-content\\\/uploads\\\/2026\\\/05\\\/8435476240537_00_WBG_icon1.jpg\",\"datePublished\":\"2026-05-11T20:48:32+00:00\",\"dateModified\":\"2026-05-11T21:00:15+00:00\",\"description\":\"Envie d'acheter Plat \u00e0 Gratin La Mediterr\u00e1nea Grecia Porcelaine Rectangulaire 30 x 20 x 2,5 cm (6 Unit\u00e9s)\u00a0? Achetez Plat \u00e0 Gratin La Mediterr\u00e1nea Grecia Porcelaine Rectangulaire 30 x 20 x 2,5 cm (6 Unit\u00e9s) maintenant avec Tupique en 3 versements sans int\u00e9r\u00eat.\",\"breadcrumb\":{\"@id\":\"https:\\\/\\\/tupique.com\\\/pt\\\/product\\\/plat-a-gratin-la-mediterranea-grecia-porcelaine-rectangulaire-30-x-20-x-25-cm-6-unites\\\/#breadcrumb\"},\"inLanguage\":\"pt-PT\",\"potentialAction\":[{\"@type\":\"ReadAction\",\"target\":[\"https:\\\/\\\/tupique.com\\\/pt\\\/product\\\/plat-a-gratin-la-mediterranea-grecia-porcelaine-rectangulaire-30-x-20-x-25-cm-6-unites\\\/\"]}]},{\"@type\":\"ImageObject\",\"inLanguage\":\"pt-PT\",\"@id\":\"https:\\\/\\\/tupique.com\\\/pt\\\/product\\\/plat-a-gratin-la-mediterranea-grecia-porcelaine-rectangulaire-30-x-20-x-25-cm-6-unites\\\/#primaryimage\",\"url\":\"https:\\\/\\\/tupique.com\\\/wp-content\\\/uploads\\\/2026\\\/05\\\/8435476240537_00_WBG_icon1.jpg\",\"contentUrl\":\"https:\\\/\\\/tupique.com\\\/wp-content\\\/uploads\\\/2026\\\/05\\\/8435476240537_00_WBG_icon1.jpg\",\"width\":1200,\"height\":1200,\"caption\":\"S2226293_0\"},{\"@type\":\"BreadcrumbList\",\"@id\":\"https:\\\/\\\/tupique.com\\\/pt\\\/product\\\/plat-a-gratin-la-mediterranea-grecia-porcelaine-rectangulaire-30-x-20-x-25-cm-6-unites\\\/#breadcrumb\",\"itemListElement\":[{\"@type\":\"ListItem\",\"position\":1,\"name\":\"commencer\",\"item\":\"https:\\\/\\\/tupique.com\\\/\"},{\"@type\":\"ListItem\",\"position\":2,\"name\":\"Loja\",\"item\":\"https:\\\/\\\/tupique.com\\\/pt\\\/loja\\\/\"},{\"@type\":\"ListItem\",\"position\":3,\"name\":\"Plat \u00e0 Gratin La Mediterr\u00e1nea Grecia Porcelaine Rectangulaire 30 x 20 x 2,5 cm (6 Unit\u00e9s)\"}]},{\"@type\":\"WebSite\",\"@id\":\"https:\\\/\\\/tupique.com\\\/#website\",\"url\":\"https:\\\/\\\/tupique.com\\\/\",\"name\":\"Tupique\",\"description\":\"\",\"publisher\":{\"@id\":\"https:\\\/\\\/tupique.com\\\/#organization\"},\"potentialAction\":[{\"@type\":\"SearchAction\",\"target\":{\"@type\":\"EntryPoint\",\"urlTemplate\":\"https:\\\/\\\/tupique.com\\\/?s={search_term_string}\"},\"query-input\":{\"@type\":\"PropertyValueSpecification\",\"valueRequired\":true,\"valueName\":\"search_term_string\"}}],\"inLanguage\":\"pt-PT\"},{\"@type\":\"Organization\",\"@id\":\"https:\\\/\\\/tupique.com\\\/#organization\",\"name\":\"Tupique\",\"url\":\"https:\\\/\\\/tupique.com\\\/\",\"logo\":{\"@type\":\"ImageObject\",\"inLanguage\":\"pt-PT\",\"@id\":\"https:\\\/\\\/tupique.com\\\/#\\\/schema\\\/logo\\\/image\\\/\",\"url\":\"https:\\\/\\\/tupique.com\\\/wp-content\\\/uploads\\\/2026\\\/03\\\/logo-tupique-1.webp\",\"contentUrl\":\"https:\\\/\\\/tupique.com\\\/wp-content\\\/uploads\\\/2026\\\/03\\\/logo-tupique-1.webp\",\"width\":500,\"height\":67,\"caption\":\"Tupique\"},\"image\":{\"@id\":\"https:\\\/\\\/tupique.com\\\/#\\\/schema\\\/logo\\\/image\\\/\"}}]}<\/script>\n<!-- \/ Yoast SEO plugin. -->","yoast_head_json":{"title":"Plat \u00e0 Gratin La Mediterr\u00e1nea Grecia Porcelaine Rectangulaire 30 x 20 x 2,5 cm (6 Unit\u00e9s) | | Tupique","description":"Envie d'acheter Plat \u00e0 Gratin La Mediterr\u00e1nea Grecia Porcelaine Rectangulaire 30 x 20 x 2,5 cm (6 Unit\u00e9s)\u00a0? Achetez Plat \u00e0 Gratin La Mediterr\u00e1nea Grecia Porcelaine Rectangulaire 30 x 20 x 2,5 cm (6 Unit\u00e9s) maintenant avec Tupique en 3 versements sans int\u00e9r\u00eat.","robots":{"index":"index","follow":"follow","max-snippet":"max-snippet:-1","max-image-preview":"max-image-preview:large","max-video-preview":"max-video-preview:-1"},"canonical":"https:\/\/tupique.com\/pt\/product\/plat-a-gratin-la-mediterranea-grecia-porcelaine-rectangulaire-30-x-20-x-25-cm-6-unites\/","og_locale":"pt_PT","og_type":"article","og_title":"Plat \u00e0 Gratin La Mediterr\u00e1nea Grecia Porcelaine Rectangulaire 30 x 20 x 2,5 cm (6 Unit\u00e9s) | | Tupique","og_description":"Envie d'acheter Plat \u00e0 Gratin La Mediterr\u00e1nea Grecia Porcelaine Rectangulaire 30 x 20 x 2,5 cm (6 Unit\u00e9s)\u00a0? Achetez Plat \u00e0 Gratin La Mediterr\u00e1nea Grecia Porcelaine Rectangulaire 30 x 20 x 2,5 cm (6 Unit\u00e9s) maintenant avec Tupique en 3 versements sans int\u00e9r\u00eat.","og_url":"https:\/\/tupique.com\/pt\/product\/plat-a-gratin-la-mediterranea-grecia-porcelaine-rectangulaire-30-x-20-x-25-cm-6-unites\/","og_site_name":"Tupique","article_modified_time":"2026-05-11T21:00:15+00:00","og_image":[{"width":1200,"height":1200,"url":"https:\/\/tupique.com\/wp-content\/uploads\/2026\/05\/8435476240537_00_WBG_icon1.jpg","type":"image\/jpeg"}],"twitter_card":"summary_large_image","schema":{"@context":"https:\/\/schema.org","@graph":[{"@type":"WebPage","@id":"https:\/\/tupique.com\/pt\/product\/plat-a-gratin-la-mediterranea-grecia-porcelaine-rectangulaire-30-x-20-x-25-cm-6-unites\/","url":"https:\/\/tupique.com\/pt\/product\/plat-a-gratin-la-mediterranea-grecia-porcelaine-rectangulaire-30-x-20-x-25-cm-6-unites\/","name":"Plat \u00e0 Gratin La Mediterr\u00e1nea Grecia Porcelaine Rectangulaire 30 x 20 x 2,5 cm (6 Unit\u00e9s) | | Tupique","isPartOf":{"@id":"https:\/\/tupique.com\/#website"},"primaryImageOfPage":{"@id":"https:\/\/tupique.com\/pt\/product\/plat-a-gratin-la-mediterranea-grecia-porcelaine-rectangulaire-30-x-20-x-25-cm-6-unites\/#primaryimage"},"image":{"@id":"https:\/\/tupique.com\/pt\/product\/plat-a-gratin-la-mediterranea-grecia-porcelaine-rectangulaire-30-x-20-x-25-cm-6-unites\/#primaryimage"},"thumbnailUrl":"https:\/\/tupique.com\/wp-content\/uploads\/2026\/05\/8435476240537_00_WBG_icon1.jpg","datePublished":"2026-05-11T20:48:32+00:00","dateModified":"2026-05-11T21:00:15+00:00","description":"Envie d'acheter Plat \u00e0 Gratin La Mediterr\u00e1nea Grecia Porcelaine Rectangulaire 30 x 20 x 2,5 cm (6 Unit\u00e9s)\u00a0? Achetez Plat \u00e0 Gratin La Mediterr\u00e1nea Grecia Porcelaine Rectangulaire 30 x 20 x 2,5 cm (6 Unit\u00e9s) maintenant avec Tupique en 3 versements sans int\u00e9r\u00eat.","breadcrumb":{"@id":"https:\/\/tupique.com\/pt\/product\/plat-a-gratin-la-mediterranea-grecia-porcelaine-rectangulaire-30-x-20-x-25-cm-6-unites\/#breadcrumb"},"inLanguage":"pt-PT","potentialAction":[{"@type":"ReadAction","target":["https:\/\/tupique.com\/pt\/product\/plat-a-gratin-la-mediterranea-grecia-porcelaine-rectangulaire-30-x-20-x-25-cm-6-unites\/"]}]},{"@type":"ImageObject","inLanguage":"pt-PT","@id":"https:\/\/tupique.com\/pt\/product\/plat-a-gratin-la-mediterranea-grecia-porcelaine-rectangulaire-30-x-20-x-25-cm-6-unites\/#primaryimage","url":"https:\/\/tupique.com\/wp-content\/uploads\/2026\/05\/8435476240537_00_WBG_icon1.jpg","contentUrl":"https:\/\/tupique.com\/wp-content\/uploads\/2026\/05\/8435476240537_00_WBG_icon1.jpg","width":1200,"height":1200,"caption":"S2226293_0"},{"@type":"BreadcrumbList","@id":"https:\/\/tupique.com\/pt\/product\/plat-a-gratin-la-mediterranea-grecia-porcelaine-rectangulaire-30-x-20-x-25-cm-6-unites\/#breadcrumb","itemListElement":[{"@type":"ListItem","position":1,"name":"commencer","item":"https:\/\/tupique.com\/"},{"@type":"ListItem","position":2,"name":"Loja","item":"https:\/\/tupique.com\/pt\/loja\/"},{"@type":"ListItem","position":3,"name":"Plat \u00e0 Gratin La Mediterr\u00e1nea Grecia Porcelaine Rectangulaire 30 x 20 x 2,5 cm (6 Unit\u00e9s)"}]},{"@type":"WebSite","@id":"https:\/\/tupique.com\/#website","url":"https:\/\/tupique.com\/","name":"Tupique","description":"","publisher":{"@id":"https:\/\/tupique.com\/#organization"},"potentialAction":[{"@type":"SearchAction","target":{"@type":"EntryPoint","urlTemplate":"https:\/\/tupique.com\/?s={search_term_string}"},"query-input":{"@type":"PropertyValueSpecification","valueRequired":true,"valueName":"search_term_string"}}],"inLanguage":"pt-PT"},{"@type":"Organization","@id":"https:\/\/tupique.com\/#organization","name":"Tupique","url":"https:\/\/tupique.com\/","logo":{"@type":"ImageObject","inLanguage":"pt-PT","@id":"https:\/\/tupique.com\/#\/schema\/logo\/image\/","url":"https:\/\/tupique.com\/wp-content\/uploads\/2026\/03\/logo-tupique-1.webp","contentUrl":"https:\/\/tupique.com\/wp-content\/uploads\/2026\/03\/logo-tupique-1.webp","width":500,"height":67,"caption":"Tupique"},"image":{"@id":"https:\/\/tupique.com\/#\/schema\/logo\/image\/"}}]}},"_links":{"self":[{"href":"https:\/\/tupique.com\/pt\/wp-json\/wp\/v2\/product\/189084","targetHints":{"allow":["GET"]}}],"collection":[{"href":"https:\/\/tupique.com\/pt\/wp-json\/wp\/v2\/product"}],"about":[{"href":"https:\/\/tupique.com\/pt\/wp-json\/wp\/v2\/types\/product"}],"replies":[{"embeddable":true,"href":"https:\/\/tupique.com\/pt\/wp-json\/wp\/v2\/comments?post=189084"}],"wp:featuredmedia":[{"embeddable":true,"href":"https:\/\/tupique.com\/pt\/wp-json\/wp\/v2\/media\/189082"}],"wp:attachment":[{"href":"https:\/\/tupique.com\/pt\/wp-json\/wp\/v2\/media?parent=189084"}],"wp:term":[{"taxonomy":"product_brand","embeddable":true,"href":"https:\/\/tupique.com\/pt\/wp-json\/wp\/v2\/product_brand?post=189084"},{"taxonomy":"product_cat","embeddable":true,"href":"https:\/\/tupique.com\/pt\/wp-json\/wp\/v2\/product_cat?post=189084"},{"taxonomy":"product_tag","embeddable":true,"href":"https:\/\/tupique.com\/pt\/wp-json\/wp\/v2\/product_tag?post=189084"},{"taxonomy":"woo-feed-brand","embeddable":true,"href":"https:\/\/tupique.com\/pt\/wp-json\/wp\/v2\/woo-feed-brand?post=189084"}],"curies":[{"name":"wp","href":"https:\/\/api.w.org\/{rel}","templated":true}]}}