{"id":189118,"date":"2026-05-11T22:49:37","date_gmt":"2026-05-11T20:49:37","guid":{"rendered":"https:\/\/tupique.com\/product\/tonique-facial-loreal-make-up-revitalift-150-ml-vitamine-c\/"},"modified":"2026-05-11T23:00:18","modified_gmt":"2026-05-11T21:00:18","slug":"tonique-facial-loreal-make-up-revitalift-150-ml-vitamine-c","status":"publish","type":"product","link":"https:\/\/tupique.com\/pt\/product\/tonique-facial-loreal-make-up-revitalift-150-ml-vitamine-c\/","title":{"rendered":"Tonique facial L&#8217;Oreal Make Up Revitalift 150 ml Vitamine C"},"content":{"rendered":"<\/p>\n<p><b>Tonique facial L&#8217;Oreal Make Up Revitalift 150 ml Vitamine C<\/b> \u00e9 um produto de qualidade concebido para pessoas exigentes que se preocupam com a sua imagem e procuram os melhores cosm\u00e9ticos para real\u00e7ar a sua beleza. Se faz parte desse grupo, os produtos originais 100 % <b>L&#8217;Oreal Make Up<\/b> s\u00e3o feitos para si.<\/p>\n<p>Ler <b>Revitalift<\/b> de <b>L&#8217;Oreal Make Up<\/b> est un <b>tonique facial<\/b> con\u00e7u pour le soin quotidien et nocturne de la peau, adapt\u00e9 \u00e0 <b>tous types de peau<\/b> et destin\u00e9 aussi bien aux <b>femmes<\/b> qu\u2019\u00e0 un usage <b>unisex<\/b>. Il pr\u00e9sente une capacit\u00e9 de <b>150 ml<\/b>, offrant une quantit\u00e9 suffisante pour une routine de soin r\u00e9guli\u00e8re. Ce tonique associe des propri\u00e9t\u00e9s <b>hydratantes<\/b> e <b>apaisantes<\/b>, contribuant \u00e0 maintenir l\u2019\u00e9quilibre naturel de la peau, procurant une sensation de fra\u00eecheur et de confort apr\u00e8s application. Il se distingue par sa formulation qui pr\u00e9pare la peau \u00e0 recevoir les soins suivants, am\u00e9liorant l\u2019absorption des cr\u00e8mes ou s\u00e9rums. Fabriqu\u00e9 en France, ce produit fait partie de la gamme Revitalift, reconnue pour son action sur la texture et la vitalit\u00e9 de la peau gr\u00e2ce \u00e0 des actifs sp\u00e9cifiques. Son usage quotidien aide \u00e0 revitaliser le visage, favorisant un aspect plus sain et uniforme, id\u00e9al pour ceux qui recherchent un soin efficace quel que soit le genre ou le type de peau. Le <b>tonique facial Revitalift<\/b> se pr\u00e9sente comme un produit polyvalent et essentiel dans la routine d\u2019hygi\u00e8ne et de soin du visage, apportant hydratation et confort \u00e0 toutes les peaux.<\/p>\n<ul>\n<li>Tipo:\n<ul>\n<li>Cosm\u00e9tico<\/li>\n<li>Tonique facial<\/li>\n<\/ul>\n<\/li>\n<li>Ingredientes:\n<ul>\n<li>Vitamine C<\/li>\n<li>Acide salicylique<\/li>\n<li>Acide Hyaluronique<\/li>\n<li>Polyquaternium-7<\/li>\n<li>Ppg-5-ceteth-20<\/li>\n<li>Salicylic acid<\/li>\n<li>Sodium benzoate<\/li>\n<li>Sodium chloride<\/li>\n<li>Sodium hydroxide<\/li>\n<li>Sodium laureth sulfate<\/li>\n<li>Acetato de tocoferilo<\/li>\n<li>\u00c1gua (Aqua)<\/li>\n<li>Ascorbyl glucoside<\/li>\n<li>\u00c1cido c\u00edtrico<\/li>\n<li>Coco-betaine<\/li>\n<li>Fragr\u00e2ncia (perfume)<\/li>\n<li>Panthenol<\/li>\n<li>Glicerina<\/li>\n<\/ul>\n<\/li>\n<li>Propriedades:\n<ul>\n<li>Hidratante<\/li>\n<li>Calmant<\/li>\n<\/ul>\n<\/li>\n<li>Caract\u00e9ristiques: Jour\/Nuit<\/li>\n<li>Genre:\n<ul>\n<li>Femme<\/li>\n<li>Unisexe<\/li>\n<\/ul>\n<\/li>\n<li>Texture:\n<ul>\n<li>Mousse<\/li>\n<li>S\u00e9rum<\/li>\n<\/ul>\n<\/li>\n<li>Utiliza\u00e7\u00e3o recomendada:\n<ul>\n<li>Jour\/Nuit<\/li>\n<li>Todos os tipos de pele<\/li>\n<\/ul>\n<\/li>\n<li>Capacit\u00e9: 150 ml<\/li>\n<\/ul>","protected":false},"excerpt":{"rendered":"<p><span class=\"unit-info\">11.3267 &euro; \/ 100 ml<\/span><\/p>","protected":false},"featured_media":189117,"comment_status":"open","ping_status":"closed","template":"","meta":[],"product_brand":[1914],"product_cat":[769,1495,2667],"product_tag":[722],"woo-feed-brand":[],"class_list":{"0":"post-189118","1":"product","2":"type-product","3":"status-publish","4":"has-post-thumbnail","6":"product_brand-brandp_414","7":"product_cat-parfum-cosmetique","8":"product_cat-soin-du-visage","9":"product_cat-toniques-et-laits-nettoyants","10":"product_tag-tag_923","12":"first","13":"instock","14":"taxable","15":"shipping-taxable","16":"purchasable","17":"product-type-simple"},"yoast_head":"<!-- This site is optimized with the Yoast SEO plugin v27.6 - https:\/\/yoast.com\/product\/yoast-seo-wordpress\/ -->\n<title>Tonique facial L&#039;Oreal Make Up Revitalift 150 ml Vitamine C | | Tupique<\/title>\n<meta name=\"description\" content=\"Envie d&#039;acheter Tonique facial L&#039;Oreal Make Up Revitalift 150 ml Vitamine C\u00a0? Achetez Tonique facial L&#039;Oreal Make Up Revitalift 150 ml Vitamine C maintenant avec Tupique en 3 versements sans int\u00e9r\u00eat.\" \/>\n<meta name=\"robots\" content=\"index, follow, max-snippet:-1, max-image-preview:large, max-video-preview:-1\" \/>\n<link rel=\"canonical\" href=\"https:\/\/tupique.com\/pt\/product\/tonique-facial-loreal-make-up-revitalift-150-ml-vitamine-c\/\" \/>\n<meta property=\"og:locale\" content=\"pt_PT\" \/>\n<meta property=\"og:type\" content=\"article\" \/>\n<meta property=\"og:title\" content=\"Tonique facial L&#039;Oreal Make Up Revitalift 150 ml Vitamine C | | Tupique\" \/>\n<meta property=\"og:description\" content=\"Envie d&#039;acheter Tonique facial L&#039;Oreal Make Up Revitalift 150 ml Vitamine C\u00a0? Achetez Tonique facial L&#039;Oreal Make Up Revitalift 150 ml Vitamine C maintenant avec Tupique en 3 versements sans int\u00e9r\u00eat.\" \/>\n<meta property=\"og:url\" content=\"https:\/\/tupique.com\/pt\/product\/tonique-facial-loreal-make-up-revitalift-150-ml-vitamine-c\/\" \/>\n<meta property=\"og:site_name\" content=\"Tupique\" \/>\n<meta property=\"article:modified_time\" content=\"2026-05-11T21:00:18+00:00\" \/>\n<meta property=\"og:image\" content=\"https:\/\/tupique.com\/wp-content\/uploads\/2026\/05\/3600524076030_S05115961_P01.jpg\" \/>\n\t<meta property=\"og:image:width\" content=\"1200\" \/>\n\t<meta property=\"og:image:height\" content=\"1200\" \/>\n\t<meta property=\"og:image:type\" content=\"image\/jpeg\" \/>\n<meta name=\"twitter:card\" content=\"summary_large_image\" \/>\n<meta name=\"twitter:label1\" content=\"Tempo estimado de leitura\" \/>\n\t<meta name=\"twitter:data1\" content=\"2 minutos\" \/>\n<script type=\"application\/ld+json\" class=\"yoast-schema-graph\">{\"@context\":\"https:\\\/\\\/schema.org\",\"@graph\":[{\"@type\":\"WebPage\",\"@id\":\"https:\\\/\\\/tupique.com\\\/en\\\/product\\\/tonique-facial-loreal-make-up-revitalift-150-ml-vitamine-c\\\/\",\"url\":\"https:\\\/\\\/tupique.com\\\/en\\\/product\\\/tonique-facial-loreal-make-up-revitalift-150-ml-vitamine-c\\\/\",\"name\":\"Tonique facial L'Oreal Make Up Revitalift 150 ml Vitamine C | | Tupique\",\"isPartOf\":{\"@id\":\"https:\\\/\\\/tupique.com\\\/#website\"},\"primaryImageOfPage\":{\"@id\":\"https:\\\/\\\/tupique.com\\\/en\\\/product\\\/tonique-facial-loreal-make-up-revitalift-150-ml-vitamine-c\\\/#primaryimage\"},\"image\":{\"@id\":\"https:\\\/\\\/tupique.com\\\/en\\\/product\\\/tonique-facial-loreal-make-up-revitalift-150-ml-vitamine-c\\\/#primaryimage\"},\"thumbnailUrl\":\"https:\\\/\\\/tupique.com\\\/wp-content\\\/uploads\\\/2026\\\/05\\\/3600524076030_S05115961_P01.jpg\",\"datePublished\":\"2026-05-11T20:49:37+00:00\",\"dateModified\":\"2026-05-11T21:00:18+00:00\",\"description\":\"Envie d'acheter Tonique facial L'Oreal Make Up Revitalift 150 ml Vitamine C\u00a0? Achetez Tonique facial L'Oreal Make Up Revitalift 150 ml Vitamine C maintenant avec Tupique en 3 versements sans int\u00e9r\u00eat.\",\"breadcrumb\":{\"@id\":\"https:\\\/\\\/tupique.com\\\/en\\\/product\\\/tonique-facial-loreal-make-up-revitalift-150-ml-vitamine-c\\\/#breadcrumb\"},\"inLanguage\":\"pt-PT\",\"potentialAction\":[{\"@type\":\"ReadAction\",\"target\":[\"https:\\\/\\\/tupique.com\\\/en\\\/product\\\/tonique-facial-loreal-make-up-revitalift-150-ml-vitamine-c\\\/\"]}]},{\"@type\":\"ImageObject\",\"inLanguage\":\"pt-PT\",\"@id\":\"https:\\\/\\\/tupique.com\\\/en\\\/product\\\/tonique-facial-loreal-make-up-revitalift-150-ml-vitamine-c\\\/#primaryimage\",\"url\":\"https:\\\/\\\/tupique.com\\\/wp-content\\\/uploads\\\/2026\\\/05\\\/3600524076030_S05115961_P01.jpg\",\"contentUrl\":\"https:\\\/\\\/tupique.com\\\/wp-content\\\/uploads\\\/2026\\\/05\\\/3600524076030_S05115961_P01.jpg\",\"width\":1200,\"height\":1200,\"caption\":\"S05115961_0\"},{\"@type\":\"BreadcrumbList\",\"@id\":\"https:\\\/\\\/tupique.com\\\/en\\\/product\\\/tonique-facial-loreal-make-up-revitalift-150-ml-vitamine-c\\\/#breadcrumb\",\"itemListElement\":[{\"@type\":\"ListItem\",\"position\":1,\"name\":\"commencer\",\"item\":\"https:\\\/\\\/tupique.com\\\/\"},{\"@type\":\"ListItem\",\"position\":2,\"name\":\"Loja\",\"item\":\"https:\\\/\\\/tupique.com\\\/pt\\\/loja\\\/\"},{\"@type\":\"ListItem\",\"position\":3,\"name\":\"Tonique facial L&#8217;Oreal Make Up Revitalift 150 ml Vitamine C\"}]},{\"@type\":\"WebSite\",\"@id\":\"https:\\\/\\\/tupique.com\\\/#website\",\"url\":\"https:\\\/\\\/tupique.com\\\/\",\"name\":\"Tupique\",\"description\":\"\",\"publisher\":{\"@id\":\"https:\\\/\\\/tupique.com\\\/#organization\"},\"potentialAction\":[{\"@type\":\"SearchAction\",\"target\":{\"@type\":\"EntryPoint\",\"urlTemplate\":\"https:\\\/\\\/tupique.com\\\/?s={search_term_string}\"},\"query-input\":{\"@type\":\"PropertyValueSpecification\",\"valueRequired\":true,\"valueName\":\"search_term_string\"}}],\"inLanguage\":\"pt-PT\"},{\"@type\":\"Organization\",\"@id\":\"https:\\\/\\\/tupique.com\\\/#organization\",\"name\":\"Tupique\",\"url\":\"https:\\\/\\\/tupique.com\\\/\",\"logo\":{\"@type\":\"ImageObject\",\"inLanguage\":\"pt-PT\",\"@id\":\"https:\\\/\\\/tupique.com\\\/#\\\/schema\\\/logo\\\/image\\\/\",\"url\":\"https:\\\/\\\/tupique.com\\\/wp-content\\\/uploads\\\/2026\\\/03\\\/logo-tupique-1.webp\",\"contentUrl\":\"https:\\\/\\\/tupique.com\\\/wp-content\\\/uploads\\\/2026\\\/03\\\/logo-tupique-1.webp\",\"width\":500,\"height\":67,\"caption\":\"Tupique\"},\"image\":{\"@id\":\"https:\\\/\\\/tupique.com\\\/#\\\/schema\\\/logo\\\/image\\\/\"}}]}<\/script>\n<!-- \/ Yoast SEO plugin. -->","yoast_head_json":{"title":"Tonique facial L'Oreal Make Up Revitalift 150 ml Vitamine C | | Tupique","description":"Envie d'acheter Tonique facial L'Oreal Make Up Revitalift 150 ml Vitamine C\u00a0? Achetez Tonique facial L'Oreal Make Up Revitalift 150 ml Vitamine C maintenant avec Tupique en 3 versements sans int\u00e9r\u00eat.","robots":{"index":"index","follow":"follow","max-snippet":"max-snippet:-1","max-image-preview":"max-image-preview:large","max-video-preview":"max-video-preview:-1"},"canonical":"https:\/\/tupique.com\/pt\/product\/tonique-facial-loreal-make-up-revitalift-150-ml-vitamine-c\/","og_locale":"pt_PT","og_type":"article","og_title":"Tonique facial L'Oreal Make Up Revitalift 150 ml Vitamine C | | Tupique","og_description":"Envie d'acheter Tonique facial L'Oreal Make Up Revitalift 150 ml Vitamine C\u00a0? Achetez Tonique facial L'Oreal Make Up Revitalift 150 ml Vitamine C maintenant avec Tupique en 3 versements sans int\u00e9r\u00eat.","og_url":"https:\/\/tupique.com\/pt\/product\/tonique-facial-loreal-make-up-revitalift-150-ml-vitamine-c\/","og_site_name":"Tupique","article_modified_time":"2026-05-11T21:00:18+00:00","og_image":[{"width":1200,"height":1200,"url":"https:\/\/tupique.com\/wp-content\/uploads\/2026\/05\/3600524076030_S05115961_P01.jpg","type":"image\/jpeg"}],"twitter_card":"summary_large_image","twitter_misc":{"Tempo estimado de leitura":"2 minutos"},"schema":{"@context":"https:\/\/schema.org","@graph":[{"@type":"WebPage","@id":"https:\/\/tupique.com\/en\/product\/tonique-facial-loreal-make-up-revitalift-150-ml-vitamine-c\/","url":"https:\/\/tupique.com\/en\/product\/tonique-facial-loreal-make-up-revitalift-150-ml-vitamine-c\/","name":"Tonique facial L'Oreal Make Up Revitalift 150 ml Vitamine C | | Tupique","isPartOf":{"@id":"https:\/\/tupique.com\/#website"},"primaryImageOfPage":{"@id":"https:\/\/tupique.com\/en\/product\/tonique-facial-loreal-make-up-revitalift-150-ml-vitamine-c\/#primaryimage"},"image":{"@id":"https:\/\/tupique.com\/en\/product\/tonique-facial-loreal-make-up-revitalift-150-ml-vitamine-c\/#primaryimage"},"thumbnailUrl":"https:\/\/tupique.com\/wp-content\/uploads\/2026\/05\/3600524076030_S05115961_P01.jpg","datePublished":"2026-05-11T20:49:37+00:00","dateModified":"2026-05-11T21:00:18+00:00","description":"Envie d'acheter Tonique facial L'Oreal Make Up Revitalift 150 ml Vitamine C\u00a0? Achetez Tonique facial L'Oreal Make Up Revitalift 150 ml Vitamine C maintenant avec Tupique en 3 versements sans int\u00e9r\u00eat.","breadcrumb":{"@id":"https:\/\/tupique.com\/en\/product\/tonique-facial-loreal-make-up-revitalift-150-ml-vitamine-c\/#breadcrumb"},"inLanguage":"pt-PT","potentialAction":[{"@type":"ReadAction","target":["https:\/\/tupique.com\/en\/product\/tonique-facial-loreal-make-up-revitalift-150-ml-vitamine-c\/"]}]},{"@type":"ImageObject","inLanguage":"pt-PT","@id":"https:\/\/tupique.com\/en\/product\/tonique-facial-loreal-make-up-revitalift-150-ml-vitamine-c\/#primaryimage","url":"https:\/\/tupique.com\/wp-content\/uploads\/2026\/05\/3600524076030_S05115961_P01.jpg","contentUrl":"https:\/\/tupique.com\/wp-content\/uploads\/2026\/05\/3600524076030_S05115961_P01.jpg","width":1200,"height":1200,"caption":"S05115961_0"},{"@type":"BreadcrumbList","@id":"https:\/\/tupique.com\/en\/product\/tonique-facial-loreal-make-up-revitalift-150-ml-vitamine-c\/#breadcrumb","itemListElement":[{"@type":"ListItem","position":1,"name":"commencer","item":"https:\/\/tupique.com\/"},{"@type":"ListItem","position":2,"name":"Loja","item":"https:\/\/tupique.com\/pt\/loja\/"},{"@type":"ListItem","position":3,"name":"Tonique facial L&#8217;Oreal Make Up Revitalift 150 ml Vitamine C"}]},{"@type":"WebSite","@id":"https:\/\/tupique.com\/#website","url":"https:\/\/tupique.com\/","name":"Tupique","description":"","publisher":{"@id":"https:\/\/tupique.com\/#organization"},"potentialAction":[{"@type":"SearchAction","target":{"@type":"EntryPoint","urlTemplate":"https:\/\/tupique.com\/?s={search_term_string}"},"query-input":{"@type":"PropertyValueSpecification","valueRequired":true,"valueName":"search_term_string"}}],"inLanguage":"pt-PT"},{"@type":"Organization","@id":"https:\/\/tupique.com\/#organization","name":"Tupique","url":"https:\/\/tupique.com\/","logo":{"@type":"ImageObject","inLanguage":"pt-PT","@id":"https:\/\/tupique.com\/#\/schema\/logo\/image\/","url":"https:\/\/tupique.com\/wp-content\/uploads\/2026\/03\/logo-tupique-1.webp","contentUrl":"https:\/\/tupique.com\/wp-content\/uploads\/2026\/03\/logo-tupique-1.webp","width":500,"height":67,"caption":"Tupique"},"image":{"@id":"https:\/\/tupique.com\/#\/schema\/logo\/image\/"}}]}},"_links":{"self":[{"href":"https:\/\/tupique.com\/pt\/wp-json\/wp\/v2\/product\/189118","targetHints":{"allow":["GET"]}}],"collection":[{"href":"https:\/\/tupique.com\/pt\/wp-json\/wp\/v2\/product"}],"about":[{"href":"https:\/\/tupique.com\/pt\/wp-json\/wp\/v2\/types\/product"}],"replies":[{"embeddable":true,"href":"https:\/\/tupique.com\/pt\/wp-json\/wp\/v2\/comments?post=189118"}],"wp:featuredmedia":[{"embeddable":true,"href":"https:\/\/tupique.com\/pt\/wp-json\/wp\/v2\/media\/189117"}],"wp:attachment":[{"href":"https:\/\/tupique.com\/pt\/wp-json\/wp\/v2\/media?parent=189118"}],"wp:term":[{"taxonomy":"product_brand","embeddable":true,"href":"https:\/\/tupique.com\/pt\/wp-json\/wp\/v2\/product_brand?post=189118"},{"taxonomy":"product_cat","embeddable":true,"href":"https:\/\/tupique.com\/pt\/wp-json\/wp\/v2\/product_cat?post=189118"},{"taxonomy":"product_tag","embeddable":true,"href":"https:\/\/tupique.com\/pt\/wp-json\/wp\/v2\/product_tag?post=189118"},{"taxonomy":"woo-feed-brand","embeddable":true,"href":"https:\/\/tupique.com\/pt\/wp-json\/wp\/v2\/woo-feed-brand?post=189118"}],"curies":[{"name":"wp","href":"https:\/\/api.w.org\/{rel}","templated":true}]}}