{"id":189293,"date":"2026-05-11T23:02:38","date_gmt":"2026-05-11T21:02:38","guid":{"rendered":"https:\/\/tupique.com\/product\/friteuse-a-air-avec-gril-accessoires-et-livre-de-recettes-innovagoods-fryinn-12-in-1-6000-noir-acier-3400-w-6-l\/"},"modified":"2026-05-11T23:02:38","modified_gmt":"2026-05-11T21:02:38","slug":"friteuse-a-air-avec-gril-accessoires-et-livre-de-recettes-innovagoods-fryinn-12-in-1-6000-noir-acier-3400-w-6-l","status":"publish","type":"product","link":"https:\/\/tupique.com\/pt\/product\/friteuse-a-air-avec-gril-accessoires-et-livre-de-recettes-innovagoods-fryinn-12-in-1-6000-noir-acier-3400-w-6-l\/","title":{"rendered":"Friteuse \u00e0 Air avec Gril, Accessoires et Livre de Recettes InnovaGoods Fryinn 12-in-1 6000 Noir Acier 3400 W 6 L"},"content":{"rendered":"<div class=\"col-md-6\"><b>InnovaGoods<\/b> vient vous aider \u00e0 cuisiner facilement et de mani\u00e8re amusante en vous offrant les meilleures nouveaut\u00e9s pour votre cuisine, comme <b>Friteuse \u00e0 Air avec Gril, Accessoires et Livre de Recettes InnovaGoods Fryinn 12-in-1 6000 Noir Acier 3400 W 6 L <\/b> ! D\u00e9couvrez une vaste gamme de produits de qualit\u00e9 qui se d\u00e9marquent de par leur fonctionnalit\u00e9, leur efficacit\u00e9 et leur design innovant !<\/p>\n<p>Notre excellente <b>friteuse \u00e0 air avec gril et livre de recettes<\/b> (6L-3 400W) permet de pr\u00e9parer de d\u00e9licieuses recettes \u00e0 faible teneur en mati\u00e8res grasses, tout en \u00e9conomisant du temps et de l&#8217;\u00e9nergie. Gr\u00e2ce \u00e0 sa technologie avanc\u00e9e de circulation de l&#8217;air \u00e0 360\u00b0, elle est id\u00e9ale pour une cuisson plus saine, plus rapide et plus facile.<\/p>\n<p>Une <b>friteuse sans huile<\/b> moderne et innovante avec 12 programmes, minuterie, temp\u00e9rature r\u00e9glable, fen\u00eatre de visualisation, \u00e9cran num\u00e9rique et accessoires lavables au lave-vaisselle.<\/p>\n<ul>\n<li><b>Haute qualit\u00e9, cuisine efficace et saine :<\/b> notre friteuse \u00e0 air avec gril et accessoires vous permet de cuisiner avec tr\u00e8s peu d&#8217;huile et moins d&#8217;\u00e9nergie, ce qui suppose de grandes \u00e9conomies. Id\u00e9ale pour d\u00e9guster des recettes d\u00e9licieuses et saines (jusqu&#8217;\u00e0 80 % de calories en moins). Capacit\u00e9 : 6 L (4-6 personnes). Puissance : 3 400 W.<\/li>\n<li><b>360\u00ba air flow, double r\u00e9sistance :<\/b> cette friteuse sans huile avec gril est dot\u00e9e d&#8217;une r\u00e9sistance sup\u00e9rieure et inf\u00e9rieure et d&#8217;un syst\u00e8me de circulation d&#8217;air rapide pour une cuisson homog\u00e8ne. Pr\u00e9pare des aliments croustillants \u00e0 l&#8217;ext\u00e9rieur et tendres \u00e0 l&#8217;int\u00e9rieur. Cuisson avec 95 % de mati\u00e8res grasses en moins et un temps r\u00e9duit de 66 %.<\/li>\n<li><b>12 programmes, affichage num\u00e9rique :<\/b> notre friteuse offre de multiples possibilit\u00e9s gr\u00e2ce \u00e0 ses 12 fonctions : frire, r\u00f4tir, bouillir, cuire au four, d\u00e9shydrater, gratiner, cuisson lente, gril, mijoter, cuisson \u00e0 la vapeur, maintien au chaud et fonction manuelle. Mode grill avec 4 temp\u00e9ratures.<\/li>\n<li><b>Syst\u00e8me d&#8217;ouverture facile :<\/b> cette friteuse \u00e0 air s&#8217;ouvre plus facilement et dispose d&#8217;un int\u00e9rieur antiadh\u00e9sif, d&#8217;une minuterie (60 min), d&#8217;une temp\u00e9rature r\u00e9glable (50-230\u00baC), d&#8217;une fen\u00eatre pour voir les aliments pendant la cuisson et d&#8217;un arr\u00eat automatique avec signal sonore.<\/li>\n<li><b>Livre de recettes et accessoires lavables au lave-vaisselle inclus :<\/b> cette friteuse sans huile comprend une grille\/gril, un couvercle en verre, 2 plateaux antiadh\u00e9sifs, une brosse de nettoyage, un manuel, un livre de recettes avec 12 recettes et un aimant QR pour le r\u00e9frig\u00e9rateur avec plus de 100 recettes en ligne en plusieurs langues. Le couvercle vous permet de profiter des avantages de la cuisson lente.<\/li>\n<\/ul>\n<ul>\n<li>Mat\u00e9riel:\n<ul>\n<li>Aluminium<\/li>\n<li>Acier inoxydable<\/li>\n<li>Verre<\/li>\n<li>PET<\/li>\n<li>polypropyl\u00e8ne<\/li>\n<\/ul>\n<\/li>\n<li>Couleur:\n<ul>\n<li>Noir<\/li>\n<li>Acier<\/li>\n<\/ul>\n<\/li>\n<li>Type: Friteuse sans Huile<\/li>\n<li>Air fryer: Cuisson rapide et sans mati\u00e8re grasse<\/li>\n<li>\u00c9co-responsable: \u00c9conomie d&#8217;\u00e9nergie<\/li>\n<li>Facile \u00e0 utiliser et \u00e0 nettoyer: Gain de temps et \u00e9conomie d&#8217;efforts<\/li>\n<li>Inclut: Livre de recettes<\/li>\n<li>Capacit\u00e9: 6 L<\/li>\n<li>Multifonction: 12 programmes<\/li>\n<li>Ensemble d&#8217;accessoires: Convient aux lave-vaisselles<\/li>\n<li>Propri\u00e9t\u00e9s: Anti-adh\u00e9rente<\/li>\n<li>Caract\u00e9ristiques: Fen\u00eatre d&#8217;affichage<\/li>\n<li>Panneau de contr\u00f4le: Digital display<\/li>\n<li>Minuterie: 60 min<\/li>\n<li>Temp\u00e9rature r\u00e9glable: 50-230 \u00baC<\/li>\n<li>d\u00e9bit d&#8217;air: 360\u00ba<\/li>\n<li>puissance: 3400 W<\/li>\n<li>niveau sonore: 60 dB max.<\/li>\n<li>Type de prise: F<\/li>\n<li>Longueur du c\u00e2ble: 85 cm<\/li>\n<li>AC In: 220-240 V \/ 50-60 Hz<\/li>\n<li>Dimensions approx.: 41 x 28,2 x 39 cm<\/li>\n<\/ul>\n<p>Packaging et manuel en 24 langues: anglais, fran\u00e7ais, espagnol, allemand, italien, portugais, n\u00e9erlandais, polonais, hongrois, roumain, danois, su\u00e9dois, finnois, lituanien, norv\u00e9gien, slov\u00e8ne, grec, tch\u00e8que, bulgare, croate, slovaque, estonien, russe, letton.<\/p><\/div>\n<div class=\"col-md-6\">\n<div class=\"embed-responsive embed-responsive-16by9\"><iframe class=\"embed-responsive-item\" src=\"https:\/\/www.youtube.com\/embed\/E0b1ccpPtFA\" frameborder=\"0\" allowfullscreen><\/iframe><\/div>\n<\/div>","protected":false},"excerpt":{"rendered":"<p><span class=\"unit-info\">24.9983 &euro; \/ 1 l<\/span><\/p>","protected":false},"featured_media":189276,"comment_status":"open","ping_status":"closed","template":"","meta":[],"product_brand":[256],"product_cat":[1818,63,227,60,391,77,1796],"product_tag":[55,56,165],"woo-feed-brand":[],"class_list":{"0":"post-189293","1":"product","2":"type-product","3":"status-publish","4":"has-post-thumbnail","6":"product_brand-brandp_1281","7":"product_cat-accessoires-de-cuisine","8":"product_cat-cadeaux-originaux","9":"product_cat-cadeaux-pour-la-cuisine","10":"product_cat-cuisine-gourmet","11":"product_cat-friteuses","12":"product_cat-petit-electromenager","13":"product_cat-teleachat-vu-a-la-television","14":"product_tag-tag_926","15":"product_tag-tag_930","16":"product_tag-tag_69","18":"first","19":"instock","20":"taxable","21":"shipping-taxable","22":"purchasable","23":"product-type-simple"},"yoast_head":"<!-- This site is optimized with the Yoast SEO plugin v27.6 - https:\/\/yoast.com\/product\/yoast-seo-wordpress\/ -->\n<title>Friteuse \u00e0 Air avec Gril, Accessoires et Livre de Recettes InnovaGoods Fryinn 12-in-1 6000 Noir Acier 3400 W 6 L | | Tupique<\/title>\n<meta name=\"description\" content=\"Envie d&#039;acheter Friteuse \u00e0 Air avec Gril, Accessoires et Livre de Recettes InnovaGoods Fryinn 12-in-1 6000 Noir Acier 3400 W 6 L\u00a0? Achetez Friteuse \u00e0 Air avec Gril, Accessoires et Livre de Recettes InnovaGoods Fryinn 12-in-1 6000 Noir Acier 3400 W 6 L maintenant avec Tupique en 3 versements sans int\u00e9r\u00eat.\" \/>\n<meta name=\"robots\" content=\"index, follow, max-snippet:-1, max-image-preview:large, max-video-preview:-1\" \/>\n<link rel=\"canonical\" href=\"https:\/\/tupique.com\/pt\/product\/friteuse-a-air-avec-gril-accessoires-et-livre-de-recettes-innovagoods-fryinn-12-in-1-6000-noir-acier-3400-w-6-l\/\" \/>\n<meta property=\"og:locale\" content=\"pt_PT\" \/>\n<meta property=\"og:type\" content=\"article\" \/>\n<meta property=\"og:title\" content=\"Friteuse \u00e0 Air avec Gril, Accessoires et Livre de Recettes InnovaGoods Fryinn 12-in-1 6000 Noir Acier 3400 W 6 L | | Tupique\" \/>\n<meta property=\"og:description\" content=\"Envie d&#039;acheter Friteuse \u00e0 Air avec Gril, Accessoires et Livre de Recettes InnovaGoods Fryinn 12-in-1 6000 Noir Acier 3400 W 6 L\u00a0? Achetez Friteuse \u00e0 Air avec Gril, Accessoires et Livre de Recettes InnovaGoods Fryinn 12-in-1 6000 Noir Acier 3400 W 6 L maintenant avec Tupique en 3 versements sans int\u00e9r\u00eat.\" \/>\n<meta property=\"og:url\" content=\"https:\/\/tupique.com\/pt\/product\/friteuse-a-air-avec-gril-accessoires-et-livre-de-recettes-innovagoods-fryinn-12-in-1-6000-noir-acier-3400-w-6-l\/\" \/>\n<meta property=\"og:site_name\" content=\"Tupique\" \/>\n<meta property=\"og:image\" content=\"https:\/\/tupique.com\/wp-content\/uploads\/2026\/05\/8435527826208_V0103847_000_MKT2.jpg\" \/>\n\t<meta property=\"og:image:width\" content=\"1200\" \/>\n\t<meta property=\"og:image:height\" content=\"1200\" \/>\n\t<meta property=\"og:image:type\" content=\"image\/jpeg\" \/>\n<meta name=\"twitter:card\" content=\"summary_large_image\" \/>\n<meta name=\"twitter:label1\" content=\"Tempo estimado de leitura\" \/>\n\t<meta name=\"twitter:data1\" content=\"3 minutos\" \/>\n<script type=\"application\/ld+json\" class=\"yoast-schema-graph\">{\"@context\":\"https:\\\/\\\/schema.org\",\"@graph\":[{\"@type\":\"WebPage\",\"@id\":\"https:\\\/\\\/tupique.com\\\/pt\\\/product\\\/friteuse-a-air-avec-gril-accessoires-et-livre-de-recettes-innovagoods-fryinn-12-in-1-6000-noir-acier-3400-w-6-l\\\/\",\"url\":\"https:\\\/\\\/tupique.com\\\/pt\\\/product\\\/friteuse-a-air-avec-gril-accessoires-et-livre-de-recettes-innovagoods-fryinn-12-in-1-6000-noir-acier-3400-w-6-l\\\/\",\"name\":\"Friteuse \u00e0 Air avec Gril, Accessoires et Livre de Recettes InnovaGoods Fryinn 12-in-1 6000 Noir Acier 3400 W 6 L | | Tupique\",\"isPartOf\":{\"@id\":\"https:\\\/\\\/tupique.com\\\/#website\"},\"primaryImageOfPage\":{\"@id\":\"https:\\\/\\\/tupique.com\\\/pt\\\/product\\\/friteuse-a-air-avec-gril-accessoires-et-livre-de-recettes-innovagoods-fryinn-12-in-1-6000-noir-acier-3400-w-6-l\\\/#primaryimage\"},\"image\":{\"@id\":\"https:\\\/\\\/tupique.com\\\/pt\\\/product\\\/friteuse-a-air-avec-gril-accessoires-et-livre-de-recettes-innovagoods-fryinn-12-in-1-6000-noir-acier-3400-w-6-l\\\/#primaryimage\"},\"thumbnailUrl\":\"https:\\\/\\\/tupique.com\\\/wp-content\\\/uploads\\\/2026\\\/05\\\/8435527826208_V0103847_000_MKT2.jpg\",\"datePublished\":\"2026-05-11T21:02:38+00:00\",\"description\":\"Envie d'acheter Friteuse \u00e0 Air avec Gril, Accessoires et Livre de Recettes InnovaGoods Fryinn 12-in-1 6000 Noir Acier 3400 W 6 L\u00a0? Achetez Friteuse \u00e0 Air avec Gril, Accessoires et Livre de Recettes InnovaGoods Fryinn 12-in-1 6000 Noir Acier 3400 W 6 L maintenant avec Tupique en 3 versements sans int\u00e9r\u00eat.\",\"breadcrumb\":{\"@id\":\"https:\\\/\\\/tupique.com\\\/pt\\\/product\\\/friteuse-a-air-avec-gril-accessoires-et-livre-de-recettes-innovagoods-fryinn-12-in-1-6000-noir-acier-3400-w-6-l\\\/#breadcrumb\"},\"inLanguage\":\"pt-PT\",\"potentialAction\":[{\"@type\":\"ReadAction\",\"target\":[\"https:\\\/\\\/tupique.com\\\/pt\\\/product\\\/friteuse-a-air-avec-gril-accessoires-et-livre-de-recettes-innovagoods-fryinn-12-in-1-6000-noir-acier-3400-w-6-l\\\/\"]}]},{\"@type\":\"ImageObject\",\"inLanguage\":\"pt-PT\",\"@id\":\"https:\\\/\\\/tupique.com\\\/pt\\\/product\\\/friteuse-a-air-avec-gril-accessoires-et-livre-de-recettes-innovagoods-fryinn-12-in-1-6000-noir-acier-3400-w-6-l\\\/#primaryimage\",\"url\":\"https:\\\/\\\/tupique.com\\\/wp-content\\\/uploads\\\/2026\\\/05\\\/8435527826208_V0103847_000_MKT2.jpg\",\"contentUrl\":\"https:\\\/\\\/tupique.com\\\/wp-content\\\/uploads\\\/2026\\\/05\\\/8435527826208_V0103847_000_MKT2.jpg\",\"width\":1200,\"height\":1200,\"caption\":\"V0103847_0\"},{\"@type\":\"BreadcrumbList\",\"@id\":\"https:\\\/\\\/tupique.com\\\/pt\\\/product\\\/friteuse-a-air-avec-gril-accessoires-et-livre-de-recettes-innovagoods-fryinn-12-in-1-6000-noir-acier-3400-w-6-l\\\/#breadcrumb\",\"itemListElement\":[{\"@type\":\"ListItem\",\"position\":1,\"name\":\"commencer\",\"item\":\"https:\\\/\\\/tupique.com\\\/\"},{\"@type\":\"ListItem\",\"position\":2,\"name\":\"Loja\",\"item\":\"https:\\\/\\\/tupique.com\\\/pt\\\/loja\\\/\"},{\"@type\":\"ListItem\",\"position\":3,\"name\":\"Friteuse \u00e0 Air avec Gril, Accessoires et Livre de Recettes InnovaGoods Fryinn 12-in-1 6000 Noir Acier 3400 W 6 L\"}]},{\"@type\":\"WebSite\",\"@id\":\"https:\\\/\\\/tupique.com\\\/#website\",\"url\":\"https:\\\/\\\/tupique.com\\\/\",\"name\":\"Tupique\",\"description\":\"\",\"publisher\":{\"@id\":\"https:\\\/\\\/tupique.com\\\/#organization\"},\"potentialAction\":[{\"@type\":\"SearchAction\",\"target\":{\"@type\":\"EntryPoint\",\"urlTemplate\":\"https:\\\/\\\/tupique.com\\\/?s={search_term_string}\"},\"query-input\":{\"@type\":\"PropertyValueSpecification\",\"valueRequired\":true,\"valueName\":\"search_term_string\"}}],\"inLanguage\":\"pt-PT\"},{\"@type\":\"Organization\",\"@id\":\"https:\\\/\\\/tupique.com\\\/#organization\",\"name\":\"Tupique\",\"url\":\"https:\\\/\\\/tupique.com\\\/\",\"logo\":{\"@type\":\"ImageObject\",\"inLanguage\":\"pt-PT\",\"@id\":\"https:\\\/\\\/tupique.com\\\/#\\\/schema\\\/logo\\\/image\\\/\",\"url\":\"https:\\\/\\\/tupique.com\\\/wp-content\\\/uploads\\\/2026\\\/03\\\/logo-tupique-1.webp\",\"contentUrl\":\"https:\\\/\\\/tupique.com\\\/wp-content\\\/uploads\\\/2026\\\/03\\\/logo-tupique-1.webp\",\"width\":500,\"height\":67,\"caption\":\"Tupique\"},\"image\":{\"@id\":\"https:\\\/\\\/tupique.com\\\/#\\\/schema\\\/logo\\\/image\\\/\"}}]}<\/script>\n<!-- \/ Yoast SEO plugin. -->","yoast_head_json":{"title":"Friteuse \u00e0 Air avec Gril, Accessoires et Livre de Recettes InnovaGoods Fryinn 12-in-1 6000 Noir Acier 3400 W 6 L | | Tupique","description":"Envie d'acheter Friteuse \u00e0 Air avec Gril, Accessoires et Livre de Recettes InnovaGoods Fryinn 12-in-1 6000 Noir Acier 3400 W 6 L\u00a0? Achetez Friteuse \u00e0 Air avec Gril, Accessoires et Livre de Recettes InnovaGoods Fryinn 12-in-1 6000 Noir Acier 3400 W 6 L maintenant avec Tupique en 3 versements sans int\u00e9r\u00eat.","robots":{"index":"index","follow":"follow","max-snippet":"max-snippet:-1","max-image-preview":"max-image-preview:large","max-video-preview":"max-video-preview:-1"},"canonical":"https:\/\/tupique.com\/pt\/product\/friteuse-a-air-avec-gril-accessoires-et-livre-de-recettes-innovagoods-fryinn-12-in-1-6000-noir-acier-3400-w-6-l\/","og_locale":"pt_PT","og_type":"article","og_title":"Friteuse \u00e0 Air avec Gril, Accessoires et Livre de Recettes InnovaGoods Fryinn 12-in-1 6000 Noir Acier 3400 W 6 L | | Tupique","og_description":"Envie d'acheter Friteuse \u00e0 Air avec Gril, Accessoires et Livre de Recettes InnovaGoods Fryinn 12-in-1 6000 Noir Acier 3400 W 6 L\u00a0? Achetez Friteuse \u00e0 Air avec Gril, Accessoires et Livre de Recettes InnovaGoods Fryinn 12-in-1 6000 Noir Acier 3400 W 6 L maintenant avec Tupique en 3 versements sans int\u00e9r\u00eat.","og_url":"https:\/\/tupique.com\/pt\/product\/friteuse-a-air-avec-gril-accessoires-et-livre-de-recettes-innovagoods-fryinn-12-in-1-6000-noir-acier-3400-w-6-l\/","og_site_name":"Tupique","og_image":[{"width":1200,"height":1200,"url":"https:\/\/tupique.com\/wp-content\/uploads\/2026\/05\/8435527826208_V0103847_000_MKT2.jpg","type":"image\/jpeg"}],"twitter_card":"summary_large_image","twitter_misc":{"Tempo estimado de leitura":"3 minutos"},"schema":{"@context":"https:\/\/schema.org","@graph":[{"@type":"WebPage","@id":"https:\/\/tupique.com\/pt\/product\/friteuse-a-air-avec-gril-accessoires-et-livre-de-recettes-innovagoods-fryinn-12-in-1-6000-noir-acier-3400-w-6-l\/","url":"https:\/\/tupique.com\/pt\/product\/friteuse-a-air-avec-gril-accessoires-et-livre-de-recettes-innovagoods-fryinn-12-in-1-6000-noir-acier-3400-w-6-l\/","name":"Friteuse \u00e0 Air avec Gril, Accessoires et Livre de Recettes InnovaGoods Fryinn 12-in-1 6000 Noir Acier 3400 W 6 L | | Tupique","isPartOf":{"@id":"https:\/\/tupique.com\/#website"},"primaryImageOfPage":{"@id":"https:\/\/tupique.com\/pt\/product\/friteuse-a-air-avec-gril-accessoires-et-livre-de-recettes-innovagoods-fryinn-12-in-1-6000-noir-acier-3400-w-6-l\/#primaryimage"},"image":{"@id":"https:\/\/tupique.com\/pt\/product\/friteuse-a-air-avec-gril-accessoires-et-livre-de-recettes-innovagoods-fryinn-12-in-1-6000-noir-acier-3400-w-6-l\/#primaryimage"},"thumbnailUrl":"https:\/\/tupique.com\/wp-content\/uploads\/2026\/05\/8435527826208_V0103847_000_MKT2.jpg","datePublished":"2026-05-11T21:02:38+00:00","description":"Envie d'acheter Friteuse \u00e0 Air avec Gril, Accessoires et Livre de Recettes InnovaGoods Fryinn 12-in-1 6000 Noir Acier 3400 W 6 L\u00a0? Achetez Friteuse \u00e0 Air avec Gril, Accessoires et Livre de Recettes InnovaGoods Fryinn 12-in-1 6000 Noir Acier 3400 W 6 L maintenant avec Tupique en 3 versements sans int\u00e9r\u00eat.","breadcrumb":{"@id":"https:\/\/tupique.com\/pt\/product\/friteuse-a-air-avec-gril-accessoires-et-livre-de-recettes-innovagoods-fryinn-12-in-1-6000-noir-acier-3400-w-6-l\/#breadcrumb"},"inLanguage":"pt-PT","potentialAction":[{"@type":"ReadAction","target":["https:\/\/tupique.com\/pt\/product\/friteuse-a-air-avec-gril-accessoires-et-livre-de-recettes-innovagoods-fryinn-12-in-1-6000-noir-acier-3400-w-6-l\/"]}]},{"@type":"ImageObject","inLanguage":"pt-PT","@id":"https:\/\/tupique.com\/pt\/product\/friteuse-a-air-avec-gril-accessoires-et-livre-de-recettes-innovagoods-fryinn-12-in-1-6000-noir-acier-3400-w-6-l\/#primaryimage","url":"https:\/\/tupique.com\/wp-content\/uploads\/2026\/05\/8435527826208_V0103847_000_MKT2.jpg","contentUrl":"https:\/\/tupique.com\/wp-content\/uploads\/2026\/05\/8435527826208_V0103847_000_MKT2.jpg","width":1200,"height":1200,"caption":"V0103847_0"},{"@type":"BreadcrumbList","@id":"https:\/\/tupique.com\/pt\/product\/friteuse-a-air-avec-gril-accessoires-et-livre-de-recettes-innovagoods-fryinn-12-in-1-6000-noir-acier-3400-w-6-l\/#breadcrumb","itemListElement":[{"@type":"ListItem","position":1,"name":"commencer","item":"https:\/\/tupique.com\/"},{"@type":"ListItem","position":2,"name":"Loja","item":"https:\/\/tupique.com\/pt\/loja\/"},{"@type":"ListItem","position":3,"name":"Friteuse \u00e0 Air avec Gril, Accessoires et Livre de Recettes InnovaGoods Fryinn 12-in-1 6000 Noir Acier 3400 W 6 L"}]},{"@type":"WebSite","@id":"https:\/\/tupique.com\/#website","url":"https:\/\/tupique.com\/","name":"Tupique","description":"","publisher":{"@id":"https:\/\/tupique.com\/#organization"},"potentialAction":[{"@type":"SearchAction","target":{"@type":"EntryPoint","urlTemplate":"https:\/\/tupique.com\/?s={search_term_string}"},"query-input":{"@type":"PropertyValueSpecification","valueRequired":true,"valueName":"search_term_string"}}],"inLanguage":"pt-PT"},{"@type":"Organization","@id":"https:\/\/tupique.com\/#organization","name":"Tupique","url":"https:\/\/tupique.com\/","logo":{"@type":"ImageObject","inLanguage":"pt-PT","@id":"https:\/\/tupique.com\/#\/schema\/logo\/image\/","url":"https:\/\/tupique.com\/wp-content\/uploads\/2026\/03\/logo-tupique-1.webp","contentUrl":"https:\/\/tupique.com\/wp-content\/uploads\/2026\/03\/logo-tupique-1.webp","width":500,"height":67,"caption":"Tupique"},"image":{"@id":"https:\/\/tupique.com\/#\/schema\/logo\/image\/"}}]}},"_links":{"self":[{"href":"https:\/\/tupique.com\/pt\/wp-json\/wp\/v2\/product\/189293","targetHints":{"allow":["GET"]}}],"collection":[{"href":"https:\/\/tupique.com\/pt\/wp-json\/wp\/v2\/product"}],"about":[{"href":"https:\/\/tupique.com\/pt\/wp-json\/wp\/v2\/types\/product"}],"replies":[{"embeddable":true,"href":"https:\/\/tupique.com\/pt\/wp-json\/wp\/v2\/comments?post=189293"}],"wp:featuredmedia":[{"embeddable":true,"href":"https:\/\/tupique.com\/pt\/wp-json\/wp\/v2\/media\/189276"}],"wp:attachment":[{"href":"https:\/\/tupique.com\/pt\/wp-json\/wp\/v2\/media?parent=189293"}],"wp:term":[{"taxonomy":"product_brand","embeddable":true,"href":"https:\/\/tupique.com\/pt\/wp-json\/wp\/v2\/product_brand?post=189293"},{"taxonomy":"product_cat","embeddable":true,"href":"https:\/\/tupique.com\/pt\/wp-json\/wp\/v2\/product_cat?post=189293"},{"taxonomy":"product_tag","embeddable":true,"href":"https:\/\/tupique.com\/pt\/wp-json\/wp\/v2\/product_tag?post=189293"},{"taxonomy":"woo-feed-brand","embeddable":true,"href":"https:\/\/tupique.com\/pt\/wp-json\/wp\/v2\/woo-feed-brand?post=189293"}],"curies":[{"name":"wp","href":"https:\/\/api.w.org\/{rel}","templated":true}]}}