{"id":190027,"date":"2026-05-11T23:40:52","date_gmt":"2026-05-11T21:40:52","guid":{"rendered":"https:\/\/tupique.com\/product\/marbueno-chaise-longue-pliable-aluminium-beige-bleu-assortie-plage-et-piscine-187x58x24-cm-10363\/"},"modified":"2026-05-11T23:40:52","modified_gmt":"2026-05-11T21:40:52","slug":"marbueno-chaise-longue-pliable-aluminium-beige-bleu-assortie-plage-et-piscine-187x58x24-cm-10363","status":"publish","type":"product","link":"https:\/\/tupique.com\/pt\/product\/marbueno-chaise-longue-pliable-aluminium-beige-bleu-assortie-plage-et-piscine-187x58x24-cm-10363\/","title":{"rendered":"Marbueno Chaise Longue Pliable Aluminium Beige\/Bleu Assortie Plage et Piscine 187X58X24 cm 10363"},"content":{"rendered":"<p>Vous voulez donner une touche d&#8217;originalit\u00e9 \u00e0 votre maison ? Vous y arriverez gr\u00e2ce au <b>Chaise longue Marbueno Aluminium Pliable 187 x 24 x 58 cm<\/b>.<\/p>\n<ul>\n<li>Mat\u00e9riel:\n<ul>\n<li>Aluminium<\/li>\n<li>Textilene<\/li>\n<\/ul>\n<\/li>\n<li>Caracter\u00edsticas:\n<ul>\n<li>Pliable<\/li>\n<li>R\u00e9sistant<\/li>\n<li>Anses<\/li>\n<li>Respirant<\/li>\n<li>\u00c9lastique<\/li>\n<li>Utilisation pratique et simple<\/li>\n<\/ul>\n<\/li>\n<li>Couleur:\n<ul>\n<li>Bleu<\/li>\n<li>Beige<\/li>\n<\/ul>\n<\/li>\n<li>Type: Chaise longue<\/li>\n<li>Hauteur de l&#8217;assise approx.: 24 cm<\/li>\n<li>Mat\u00e9riel du si\u00e8ge: Textil\u00e8ne<\/li>\n<li>Tissu: Polyester<\/li>\n<li>Unit\u00e9s: 1 Unit\u00e9s<\/li>\n<li>Positions: 3 Positions<\/li>\n<li>Informations importantes: Dessins assortis envoy\u00e9s al\u00e9atoirement selon le stock disponible<\/li>\n<li>Utiliza\u00e7\u00e3o recomendada:\n<ul>\n<li>Plage<\/li>\n<li>Ext\u00e9rieur<\/li>\n<li>Jardin<\/li>\n<\/ul>\n<\/li>\n<li>Poids Max. support\u00e9: 110 kg<\/li>\n<li>Dimensions approx.: 187 x 24 x 58 cm<\/li>\n<\/ul>","protected":false},"excerpt":{"rendered":"<p><span class=\"unit-info\">103.9900 &euro; \/ 1 unit<\/span><\/p>","protected":false},"featured_media":190024,"comment_status":"open","ping_status":"closed","template":"","meta":[],"product_brand":[2702],"product_cat":[759,239,974],"product_tag":[721,211],"woo-feed-brand":[],"class_list":{"0":"post-190027","1":"product","2":"type-product","3":"status-publish","4":"has-post-thumbnail","6":"product_brand-brandp_9028","7":"product_cat-jardin-et-terrasse","8":"product_cat-maison-jardin","9":"product_cat-mobilier-d-exterieur","10":"product_tag-tag_124","11":"product_tag-tag_3","13":"first","14":"instock","15":"taxable","16":"shipping-taxable","17":"purchasable","18":"product-type-simple"},"yoast_head":"<!-- This site is optimized with the Yoast SEO plugin v27.6 - https:\/\/yoast.com\/product\/yoast-seo-wordpress\/ -->\n<title>Marbueno Chaise Longue Pliable Aluminium Beige\/Bleu Assortie Plage et Piscine 187X58X24 cm 10363 | | Tupique<\/title>\n<meta name=\"description\" content=\"Envie d&#039;acheter Marbueno Chaise Longue Pliable Aluminium Beige\/Bleu Assortie Plage et Piscine 187X58X24 cm 10363\u00a0? Achetez Marbueno Chaise Longue Pliable Aluminium Beige\/Bleu Assortie Plage et Piscine 187X58X24 cm 10363 maintenant avec Tupique en 3 versements sans int\u00e9r\u00eat.\" \/>\n<meta name=\"robots\" content=\"index, follow, max-snippet:-1, max-image-preview:large, max-video-preview:-1\" \/>\n<link rel=\"canonical\" href=\"https:\/\/tupique.com\/pt\/product\/marbueno-chaise-longue-pliable-aluminium-beige-bleu-assortie-plage-et-piscine-187x58x24-cm-10363\/\" \/>\n<meta property=\"og:locale\" content=\"pt_PT\" \/>\n<meta property=\"og:type\" content=\"article\" \/>\n<meta property=\"og:title\" content=\"Marbueno Chaise Longue Pliable Aluminium Beige\/Bleu Assortie Plage et Piscine 187X58X24 cm 10363 | | Tupique\" \/>\n<meta property=\"og:description\" content=\"Envie d&#039;acheter Marbueno Chaise Longue Pliable Aluminium Beige\/Bleu Assortie Plage et Piscine 187X58X24 cm 10363\u00a0? Achetez Marbueno Chaise Longue Pliable Aluminium Beige\/Bleu Assortie Plage et Piscine 187X58X24 cm 10363 maintenant avec Tupique en 3 versements sans int\u00e9r\u00eat.\" \/>\n<meta property=\"og:url\" content=\"https:\/\/tupique.com\/pt\/product\/marbueno-chaise-longue-pliable-aluminium-beige-bleu-assortie-plage-et-piscine-187x58x24-cm-10363\/\" \/>\n<meta property=\"og:site_name\" content=\"Tupique\" \/>\n<meta property=\"og:image\" content=\"https:\/\/tupique.com\/wp-content\/uploads\/2026\/05\/8435631903635_D1400075_P01.jpg\" \/>\n\t<meta property=\"og:image:width\" content=\"1200\" \/>\n\t<meta property=\"og:image:height\" content=\"1200\" \/>\n\t<meta property=\"og:image:type\" content=\"image\/jpeg\" \/>\n<meta name=\"twitter:card\" content=\"summary_large_image\" \/>\n<script type=\"application\/ld+json\" class=\"yoast-schema-graph\">{\"@context\":\"https:\\\/\\\/schema.org\",\"@graph\":[{\"@type\":\"WebPage\",\"@id\":\"https:\\\/\\\/tupique.com\\\/product\\\/marbueno-chaise-longue-pliable-aluminium-beige-bleu-assortie-plage-et-piscine-187x58x24-cm-10363\\\/\",\"url\":\"https:\\\/\\\/tupique.com\\\/product\\\/marbueno-chaise-longue-pliable-aluminium-beige-bleu-assortie-plage-et-piscine-187x58x24-cm-10363\\\/\",\"name\":\"Marbueno Chaise Longue Pliable Aluminium Beige\\\/Bleu Assortie Plage et Piscine 187X58X24 cm 10363 | | Tupique\",\"isPartOf\":{\"@id\":\"https:\\\/\\\/tupique.com\\\/#website\"},\"primaryImageOfPage\":{\"@id\":\"https:\\\/\\\/tupique.com\\\/product\\\/marbueno-chaise-longue-pliable-aluminium-beige-bleu-assortie-plage-et-piscine-187x58x24-cm-10363\\\/#primaryimage\"},\"image\":{\"@id\":\"https:\\\/\\\/tupique.com\\\/product\\\/marbueno-chaise-longue-pliable-aluminium-beige-bleu-assortie-plage-et-piscine-187x58x24-cm-10363\\\/#primaryimage\"},\"thumbnailUrl\":\"https:\\\/\\\/tupique.com\\\/wp-content\\\/uploads\\\/2026\\\/05\\\/8435631903635_D1400075_P01.jpg\",\"datePublished\":\"2026-05-11T21:40:52+00:00\",\"description\":\"Envie d'acheter Marbueno Chaise Longue Pliable Aluminium Beige\\\/Bleu Assortie Plage et Piscine 187X58X24 cm 10363\u00a0? Achetez Marbueno Chaise Longue Pliable Aluminium Beige\\\/Bleu Assortie Plage et Piscine 187X58X24 cm 10363 maintenant avec Tupique en 3 versements sans int\u00e9r\u00eat.\",\"breadcrumb\":{\"@id\":\"https:\\\/\\\/tupique.com\\\/product\\\/marbueno-chaise-longue-pliable-aluminium-beige-bleu-assortie-plage-et-piscine-187x58x24-cm-10363\\\/#breadcrumb\"},\"inLanguage\":\"pt-PT\",\"potentialAction\":[{\"@type\":\"ReadAction\",\"target\":[\"https:\\\/\\\/tupique.com\\\/product\\\/marbueno-chaise-longue-pliable-aluminium-beige-bleu-assortie-plage-et-piscine-187x58x24-cm-10363\\\/\"]}]},{\"@type\":\"ImageObject\",\"inLanguage\":\"pt-PT\",\"@id\":\"https:\\\/\\\/tupique.com\\\/product\\\/marbueno-chaise-longue-pliable-aluminium-beige-bleu-assortie-plage-et-piscine-187x58x24-cm-10363\\\/#primaryimage\",\"url\":\"https:\\\/\\\/tupique.com\\\/wp-content\\\/uploads\\\/2026\\\/05\\\/8435631903635_D1400075_P01.jpg\",\"contentUrl\":\"https:\\\/\\\/tupique.com\\\/wp-content\\\/uploads\\\/2026\\\/05\\\/8435631903635_D1400075_P01.jpg\",\"width\":1200,\"height\":1200,\"caption\":\"D1400075_0\"},{\"@type\":\"BreadcrumbList\",\"@id\":\"https:\\\/\\\/tupique.com\\\/product\\\/marbueno-chaise-longue-pliable-aluminium-beige-bleu-assortie-plage-et-piscine-187x58x24-cm-10363\\\/#breadcrumb\",\"itemListElement\":[{\"@type\":\"ListItem\",\"position\":1,\"name\":\"commencer\",\"item\":\"https:\\\/\\\/tupique.com\\\/\"},{\"@type\":\"ListItem\",\"position\":2,\"name\":\"Loja\",\"item\":\"https:\\\/\\\/tupique.com\\\/pt\\\/loja\\\/\"},{\"@type\":\"ListItem\",\"position\":3,\"name\":\"Marbueno Chaise Longue Pliable Aluminium Beige\\\/Bleu Assortie Plage et Piscine 187X58X24 cm 10363\"}]},{\"@type\":\"WebSite\",\"@id\":\"https:\\\/\\\/tupique.com\\\/#website\",\"url\":\"https:\\\/\\\/tupique.com\\\/\",\"name\":\"Tupique\",\"description\":\"\",\"publisher\":{\"@id\":\"https:\\\/\\\/tupique.com\\\/#organization\"},\"potentialAction\":[{\"@type\":\"SearchAction\",\"target\":{\"@type\":\"EntryPoint\",\"urlTemplate\":\"https:\\\/\\\/tupique.com\\\/?s={search_term_string}\"},\"query-input\":{\"@type\":\"PropertyValueSpecification\",\"valueRequired\":true,\"valueName\":\"search_term_string\"}}],\"inLanguage\":\"pt-PT\"},{\"@type\":\"Organization\",\"@id\":\"https:\\\/\\\/tupique.com\\\/#organization\",\"name\":\"Tupique\",\"url\":\"https:\\\/\\\/tupique.com\\\/\",\"logo\":{\"@type\":\"ImageObject\",\"inLanguage\":\"pt-PT\",\"@id\":\"https:\\\/\\\/tupique.com\\\/#\\\/schema\\\/logo\\\/image\\\/\",\"url\":\"https:\\\/\\\/tupique.com\\\/wp-content\\\/uploads\\\/2026\\\/03\\\/logo-tupique-1.webp\",\"contentUrl\":\"https:\\\/\\\/tupique.com\\\/wp-content\\\/uploads\\\/2026\\\/03\\\/logo-tupique-1.webp\",\"width\":500,\"height\":67,\"caption\":\"Tupique\"},\"image\":{\"@id\":\"https:\\\/\\\/tupique.com\\\/#\\\/schema\\\/logo\\\/image\\\/\"}}]}<\/script>\n<!-- \/ Yoast SEO plugin. -->","yoast_head_json":{"title":"Marbueno Chaise Longue Pliable Aluminium Beige\/Bleu Assortie Plage et Piscine 187X58X24 cm 10363 | | Tupique","description":"Envie d'acheter Marbueno Chaise Longue Pliable Aluminium Beige\/Bleu Assortie Plage et Piscine 187X58X24 cm 10363\u00a0? Achetez Marbueno Chaise Longue Pliable Aluminium Beige\/Bleu Assortie Plage et Piscine 187X58X24 cm 10363 maintenant avec Tupique en 3 versements sans int\u00e9r\u00eat.","robots":{"index":"index","follow":"follow","max-snippet":"max-snippet:-1","max-image-preview":"max-image-preview:large","max-video-preview":"max-video-preview:-1"},"canonical":"https:\/\/tupique.com\/pt\/product\/marbueno-chaise-longue-pliable-aluminium-beige-bleu-assortie-plage-et-piscine-187x58x24-cm-10363\/","og_locale":"pt_PT","og_type":"article","og_title":"Marbueno Chaise Longue Pliable Aluminium Beige\/Bleu Assortie Plage et Piscine 187X58X24 cm 10363 | | Tupique","og_description":"Envie d'acheter Marbueno Chaise Longue Pliable Aluminium Beige\/Bleu Assortie Plage et Piscine 187X58X24 cm 10363\u00a0? Achetez Marbueno Chaise Longue Pliable Aluminium Beige\/Bleu Assortie Plage et Piscine 187X58X24 cm 10363 maintenant avec Tupique en 3 versements sans int\u00e9r\u00eat.","og_url":"https:\/\/tupique.com\/pt\/product\/marbueno-chaise-longue-pliable-aluminium-beige-bleu-assortie-plage-et-piscine-187x58x24-cm-10363\/","og_site_name":"Tupique","og_image":[{"width":1200,"height":1200,"url":"https:\/\/tupique.com\/wp-content\/uploads\/2026\/05\/8435631903635_D1400075_P01.jpg","type":"image\/jpeg"}],"twitter_card":"summary_large_image","schema":{"@context":"https:\/\/schema.org","@graph":[{"@type":"WebPage","@id":"https:\/\/tupique.com\/product\/marbueno-chaise-longue-pliable-aluminium-beige-bleu-assortie-plage-et-piscine-187x58x24-cm-10363\/","url":"https:\/\/tupique.com\/product\/marbueno-chaise-longue-pliable-aluminium-beige-bleu-assortie-plage-et-piscine-187x58x24-cm-10363\/","name":"Marbueno Chaise Longue Pliable Aluminium Beige\/Bleu Assortie Plage et Piscine 187X58X24 cm 10363 | | Tupique","isPartOf":{"@id":"https:\/\/tupique.com\/#website"},"primaryImageOfPage":{"@id":"https:\/\/tupique.com\/product\/marbueno-chaise-longue-pliable-aluminium-beige-bleu-assortie-plage-et-piscine-187x58x24-cm-10363\/#primaryimage"},"image":{"@id":"https:\/\/tupique.com\/product\/marbueno-chaise-longue-pliable-aluminium-beige-bleu-assortie-plage-et-piscine-187x58x24-cm-10363\/#primaryimage"},"thumbnailUrl":"https:\/\/tupique.com\/wp-content\/uploads\/2026\/05\/8435631903635_D1400075_P01.jpg","datePublished":"2026-05-11T21:40:52+00:00","description":"Envie d'acheter Marbueno Chaise Longue Pliable Aluminium Beige\/Bleu Assortie Plage et Piscine 187X58X24 cm 10363\u00a0? Achetez Marbueno Chaise Longue Pliable Aluminium Beige\/Bleu Assortie Plage et Piscine 187X58X24 cm 10363 maintenant avec Tupique en 3 versements sans int\u00e9r\u00eat.","breadcrumb":{"@id":"https:\/\/tupique.com\/product\/marbueno-chaise-longue-pliable-aluminium-beige-bleu-assortie-plage-et-piscine-187x58x24-cm-10363\/#breadcrumb"},"inLanguage":"pt-PT","potentialAction":[{"@type":"ReadAction","target":["https:\/\/tupique.com\/product\/marbueno-chaise-longue-pliable-aluminium-beige-bleu-assortie-plage-et-piscine-187x58x24-cm-10363\/"]}]},{"@type":"ImageObject","inLanguage":"pt-PT","@id":"https:\/\/tupique.com\/product\/marbueno-chaise-longue-pliable-aluminium-beige-bleu-assortie-plage-et-piscine-187x58x24-cm-10363\/#primaryimage","url":"https:\/\/tupique.com\/wp-content\/uploads\/2026\/05\/8435631903635_D1400075_P01.jpg","contentUrl":"https:\/\/tupique.com\/wp-content\/uploads\/2026\/05\/8435631903635_D1400075_P01.jpg","width":1200,"height":1200,"caption":"D1400075_0"},{"@type":"BreadcrumbList","@id":"https:\/\/tupique.com\/product\/marbueno-chaise-longue-pliable-aluminium-beige-bleu-assortie-plage-et-piscine-187x58x24-cm-10363\/#breadcrumb","itemListElement":[{"@type":"ListItem","position":1,"name":"commencer","item":"https:\/\/tupique.com\/"},{"@type":"ListItem","position":2,"name":"Loja","item":"https:\/\/tupique.com\/pt\/loja\/"},{"@type":"ListItem","position":3,"name":"Marbueno Chaise Longue Pliable Aluminium Beige\/Bleu Assortie Plage et Piscine 187X58X24 cm 10363"}]},{"@type":"WebSite","@id":"https:\/\/tupique.com\/#website","url":"https:\/\/tupique.com\/","name":"Tupique","description":"","publisher":{"@id":"https:\/\/tupique.com\/#organization"},"potentialAction":[{"@type":"SearchAction","target":{"@type":"EntryPoint","urlTemplate":"https:\/\/tupique.com\/?s={search_term_string}"},"query-input":{"@type":"PropertyValueSpecification","valueRequired":true,"valueName":"search_term_string"}}],"inLanguage":"pt-PT"},{"@type":"Organization","@id":"https:\/\/tupique.com\/#organization","name":"Tupique","url":"https:\/\/tupique.com\/","logo":{"@type":"ImageObject","inLanguage":"pt-PT","@id":"https:\/\/tupique.com\/#\/schema\/logo\/image\/","url":"https:\/\/tupique.com\/wp-content\/uploads\/2026\/03\/logo-tupique-1.webp","contentUrl":"https:\/\/tupique.com\/wp-content\/uploads\/2026\/03\/logo-tupique-1.webp","width":500,"height":67,"caption":"Tupique"},"image":{"@id":"https:\/\/tupique.com\/#\/schema\/logo\/image\/"}}]}},"_links":{"self":[{"href":"https:\/\/tupique.com\/pt\/wp-json\/wp\/v2\/product\/190027","targetHints":{"allow":["GET"]}}],"collection":[{"href":"https:\/\/tupique.com\/pt\/wp-json\/wp\/v2\/product"}],"about":[{"href":"https:\/\/tupique.com\/pt\/wp-json\/wp\/v2\/types\/product"}],"replies":[{"embeddable":true,"href":"https:\/\/tupique.com\/pt\/wp-json\/wp\/v2\/comments?post=190027"}],"wp:featuredmedia":[{"embeddable":true,"href":"https:\/\/tupique.com\/pt\/wp-json\/wp\/v2\/media\/190024"}],"wp:attachment":[{"href":"https:\/\/tupique.com\/pt\/wp-json\/wp\/v2\/media?parent=190027"}],"wp:term":[{"taxonomy":"product_brand","embeddable":true,"href":"https:\/\/tupique.com\/pt\/wp-json\/wp\/v2\/product_brand?post=190027"},{"taxonomy":"product_cat","embeddable":true,"href":"https:\/\/tupique.com\/pt\/wp-json\/wp\/v2\/product_cat?post=190027"},{"taxonomy":"product_tag","embeddable":true,"href":"https:\/\/tupique.com\/pt\/wp-json\/wp\/v2\/product_tag?post=190027"},{"taxonomy":"woo-feed-brand","embeddable":true,"href":"https:\/\/tupique.com\/pt\/wp-json\/wp\/v2\/woo-feed-brand?post=190027"}],"curies":[{"name":"wp","href":"https:\/\/api.w.org\/{rel}","templated":true}]}}