{"id":190044,"date":"2026-05-11T23:41:16","date_gmt":"2026-05-11T21:41:16","guid":{"rendered":"https:\/\/tupique.com\/product\/ensemble-marbueno-table-et-4-sieges-avec-trou-pour-parasol-pliable-aluminium-gris-camping-plage-136x85x67-cm-10439\/"},"modified":"2026-05-11T23:41:16","modified_gmt":"2026-05-11T21:41:16","slug":"ensemble-marbueno-table-et-4-sieges-avec-trou-pour-parasol-pliable-aluminium-gris-camping-plage-136x85x67-cm-10439","status":"publish","type":"product","link":"https:\/\/tupique.com\/pt\/product\/ensemble-marbueno-table-et-4-sieges-avec-trou-pour-parasol-pliable-aluminium-gris-camping-plage-136x85x67-cm-10439\/","title":{"rendered":"Ensemble Marbueno: Table et 4 Si\u00e8ges avec Trou pour Parasol Pliable Aluminium Gris Camping Plage 136X85X67 cm 10439"},"content":{"rendered":"<p>Si vous \u00eates \u00e0 la recherche de nouvelles tendances sur le march\u00e9, nous vous pr\u00e9sentons <b>Table de pique-nique Marbueno Gris 136 x 67 x 85 cm Aluminium<\/b> !<\/p>\n<ul>\n<li>Mat\u00e9riel: Aluminium<\/li>\n<li>Forme: Rectangulaire<\/li>\n<li>Type: Table Piable<\/li>\n<li>Couleur:\n<ul>\n<li>Gris<\/li>\n<li>Multicouleur<\/li>\n<\/ul>\n<\/li>\n<li>Caracter\u00edsticas:\n<ul>\n<li>Pliable<\/li>\n<li>Anses<\/li>\n<li>Verrou de s\u00e9curit\u00e9<\/li>\n<li>Utilisation pratique et simple<\/li>\n<li>Nettoyage par chiffon humide<\/li>\n<\/ul>\n<\/li>\n<li>Inclut: Anse de transport<\/li>\n<li>Utiliza\u00e7\u00e3o recomendada:\n<ul>\n<li>Plage<\/li>\n<li>Ext\u00e9rieur<\/li>\n<li>Jardin<\/li>\n<li>Camping<\/li>\n<\/ul>\n<\/li>\n<li>Dimensions approx.: 136 x 67 x 85 cm<\/li>\n<li>Design: Moderne<\/li>\n<\/ul>","protected":false},"excerpt":{"rendered":"<p>Si vous \u00eates \u00e0 la recherche de nouvelles tendances sur le march\u00e9, nous vous pr\u00e9sentons Table de pique-nique Marbueno Gris 136 x 67 x 85 cm Aluminium ! Mat\u00e9riel: Aluminium Forme: Rectangulaire Type: Table Piable Couleur: Gris Multicouleur Caract\u00e9ristiques: Pliable Anses Verrou de s\u00e9curit\u00e9 Utilisation pratique et simple Nettoyage par chiffon humide Inclut: Anse de [&hellip;]<\/p>\n","protected":false},"featured_media":190041,"comment_status":"open","ping_status":"closed","template":"","meta":[],"product_brand":[2702],"product_cat":[1854,1853,1764],"product_tag":[721,211],"woo-feed-brand":[],"class_list":{"0":"post-190044","1":"product","2":"type-product","3":"status-publish","4":"has-post-thumbnail","6":"product_brand-brandp_9028","7":"product_cat-accessoires-de-camping-et-de-montagne","8":"product_cat-camping-et-montagne","9":"product_cat-sports-loisirs","10":"product_tag-tag_124","11":"product_tag-tag_3","13":"first","14":"instock","15":"taxable","16":"shipping-taxable","17":"purchasable","18":"product-type-simple"},"yoast_head":"<!-- This site is optimized with the Yoast SEO plugin v27.6 - https:\/\/yoast.com\/product\/yoast-seo-wordpress\/ -->\n<title>Ensemble Marbueno: Table et 4 Si\u00e8ges avec Trou pour Parasol Pliable Aluminium Gris Camping Plage 136X85X67 cm 10439 | | Tupique<\/title>\n<meta name=\"description\" content=\"Envie d&#039;acheter Ensemble Marbueno: Table et 4 Si\u00e8ges avec Trou pour Parasol Pliable Aluminium Gris Camping Plage 136X85X67 cm 10439\u00a0? Achetez Ensemble Marbueno: Table et 4 Si\u00e8ges avec Trou pour Parasol Pliable Aluminium Gris Camping Plage 136X85X67 cm 10439 maintenant avec Tupique en 3 versements sans int\u00e9r\u00eat.\" \/>\n<meta name=\"robots\" content=\"index, follow, max-snippet:-1, max-image-preview:large, max-video-preview:-1\" \/>\n<link rel=\"canonical\" href=\"https:\/\/tupique.com\/pt\/product\/ensemble-marbueno-table-et-4-sieges-avec-trou-pour-parasol-pliable-aluminium-gris-camping-plage-136x85x67-cm-10439\/\" \/>\n<meta property=\"og:locale\" content=\"pt_PT\" \/>\n<meta property=\"og:type\" content=\"article\" \/>\n<meta property=\"og:title\" content=\"Ensemble Marbueno: Table et 4 Si\u00e8ges avec Trou pour Parasol Pliable Aluminium Gris Camping Plage 136X85X67 cm 10439 | | Tupique\" \/>\n<meta property=\"og:description\" content=\"Envie d&#039;acheter Ensemble Marbueno: Table et 4 Si\u00e8ges avec Trou pour Parasol Pliable Aluminium Gris Camping Plage 136X85X67 cm 10439\u00a0? Achetez Ensemble Marbueno: Table et 4 Si\u00e8ges avec Trou pour Parasol Pliable Aluminium Gris Camping Plage 136X85X67 cm 10439 maintenant avec Tupique en 3 versements sans int\u00e9r\u00eat.\" \/>\n<meta property=\"og:url\" content=\"https:\/\/tupique.com\/pt\/product\/ensemble-marbueno-table-et-4-sieges-avec-trou-pour-parasol-pliable-aluminium-gris-camping-plage-136x85x67-cm-10439\/\" \/>\n<meta property=\"og:site_name\" content=\"Tupique\" \/>\n<meta property=\"og:image\" content=\"https:\/\/tupique.com\/wp-content\/uploads\/2026\/05\/8435631904397_D1400078_P01.jpg\" \/>\n\t<meta property=\"og:image:width\" content=\"1200\" \/>\n\t<meta property=\"og:image:height\" content=\"1200\" \/>\n\t<meta property=\"og:image:type\" content=\"image\/jpeg\" \/>\n<meta name=\"twitter:card\" content=\"summary_large_image\" \/>\n<script type=\"application\/ld+json\" class=\"yoast-schema-graph\">{\"@context\":\"https:\\\/\\\/schema.org\",\"@graph\":[{\"@type\":\"WebPage\",\"@id\":\"https:\\\/\\\/tupique.com\\\/product\\\/ensemble-marbueno-table-et-4-sieges-avec-trou-pour-parasol-pliable-aluminium-gris-camping-plage-136x85x67-cm-10439\\\/\",\"url\":\"https:\\\/\\\/tupique.com\\\/product\\\/ensemble-marbueno-table-et-4-sieges-avec-trou-pour-parasol-pliable-aluminium-gris-camping-plage-136x85x67-cm-10439\\\/\",\"name\":\"Ensemble Marbueno: Table et 4 Si\u00e8ges avec Trou pour Parasol Pliable Aluminium Gris Camping Plage 136X85X67 cm 10439 | | Tupique\",\"isPartOf\":{\"@id\":\"https:\\\/\\\/tupique.com\\\/#website\"},\"primaryImageOfPage\":{\"@id\":\"https:\\\/\\\/tupique.com\\\/product\\\/ensemble-marbueno-table-et-4-sieges-avec-trou-pour-parasol-pliable-aluminium-gris-camping-plage-136x85x67-cm-10439\\\/#primaryimage\"},\"image\":{\"@id\":\"https:\\\/\\\/tupique.com\\\/product\\\/ensemble-marbueno-table-et-4-sieges-avec-trou-pour-parasol-pliable-aluminium-gris-camping-plage-136x85x67-cm-10439\\\/#primaryimage\"},\"thumbnailUrl\":\"https:\\\/\\\/tupique.com\\\/wp-content\\\/uploads\\\/2026\\\/05\\\/8435631904397_D1400078_P01.jpg\",\"datePublished\":\"2026-05-11T21:41:16+00:00\",\"description\":\"Envie d'acheter Ensemble Marbueno: Table et 4 Si\u00e8ges avec Trou pour Parasol Pliable Aluminium Gris Camping Plage 136X85X67 cm 10439\u00a0? Achetez Ensemble Marbueno: Table et 4 Si\u00e8ges avec Trou pour Parasol Pliable Aluminium Gris Camping Plage 136X85X67 cm 10439 maintenant avec Tupique en 3 versements sans int\u00e9r\u00eat.\",\"breadcrumb\":{\"@id\":\"https:\\\/\\\/tupique.com\\\/product\\\/ensemble-marbueno-table-et-4-sieges-avec-trou-pour-parasol-pliable-aluminium-gris-camping-plage-136x85x67-cm-10439\\\/#breadcrumb\"},\"inLanguage\":\"pt-PT\",\"potentialAction\":[{\"@type\":\"ReadAction\",\"target\":[\"https:\\\/\\\/tupique.com\\\/product\\\/ensemble-marbueno-table-et-4-sieges-avec-trou-pour-parasol-pliable-aluminium-gris-camping-plage-136x85x67-cm-10439\\\/\"]}]},{\"@type\":\"ImageObject\",\"inLanguage\":\"pt-PT\",\"@id\":\"https:\\\/\\\/tupique.com\\\/product\\\/ensemble-marbueno-table-et-4-sieges-avec-trou-pour-parasol-pliable-aluminium-gris-camping-plage-136x85x67-cm-10439\\\/#primaryimage\",\"url\":\"https:\\\/\\\/tupique.com\\\/wp-content\\\/uploads\\\/2026\\\/05\\\/8435631904397_D1400078_P01.jpg\",\"contentUrl\":\"https:\\\/\\\/tupique.com\\\/wp-content\\\/uploads\\\/2026\\\/05\\\/8435631904397_D1400078_P01.jpg\",\"width\":1200,\"height\":1200,\"caption\":\"D1400078_0\"},{\"@type\":\"BreadcrumbList\",\"@id\":\"https:\\\/\\\/tupique.com\\\/product\\\/ensemble-marbueno-table-et-4-sieges-avec-trou-pour-parasol-pliable-aluminium-gris-camping-plage-136x85x67-cm-10439\\\/#breadcrumb\",\"itemListElement\":[{\"@type\":\"ListItem\",\"position\":1,\"name\":\"commencer\",\"item\":\"https:\\\/\\\/tupique.com\\\/\"},{\"@type\":\"ListItem\",\"position\":2,\"name\":\"Loja\",\"item\":\"https:\\\/\\\/tupique.com\\\/pt\\\/loja\\\/\"},{\"@type\":\"ListItem\",\"position\":3,\"name\":\"Ensemble Marbueno: Table et 4 Si\u00e8ges avec Trou pour Parasol Pliable Aluminium Gris Camping Plage 136X85X67 cm 10439\"}]},{\"@type\":\"WebSite\",\"@id\":\"https:\\\/\\\/tupique.com\\\/#website\",\"url\":\"https:\\\/\\\/tupique.com\\\/\",\"name\":\"Tupique\",\"description\":\"\",\"publisher\":{\"@id\":\"https:\\\/\\\/tupique.com\\\/#organization\"},\"potentialAction\":[{\"@type\":\"SearchAction\",\"target\":{\"@type\":\"EntryPoint\",\"urlTemplate\":\"https:\\\/\\\/tupique.com\\\/?s={search_term_string}\"},\"query-input\":{\"@type\":\"PropertyValueSpecification\",\"valueRequired\":true,\"valueName\":\"search_term_string\"}}],\"inLanguage\":\"pt-PT\"},{\"@type\":\"Organization\",\"@id\":\"https:\\\/\\\/tupique.com\\\/#organization\",\"name\":\"Tupique\",\"url\":\"https:\\\/\\\/tupique.com\\\/\",\"logo\":{\"@type\":\"ImageObject\",\"inLanguage\":\"pt-PT\",\"@id\":\"https:\\\/\\\/tupique.com\\\/#\\\/schema\\\/logo\\\/image\\\/\",\"url\":\"https:\\\/\\\/tupique.com\\\/wp-content\\\/uploads\\\/2026\\\/03\\\/logo-tupique-1.webp\",\"contentUrl\":\"https:\\\/\\\/tupique.com\\\/wp-content\\\/uploads\\\/2026\\\/03\\\/logo-tupique-1.webp\",\"width\":500,\"height\":67,\"caption\":\"Tupique\"},\"image\":{\"@id\":\"https:\\\/\\\/tupique.com\\\/#\\\/schema\\\/logo\\\/image\\\/\"}}]}<\/script>\n<!-- \/ Yoast SEO plugin. -->","yoast_head_json":{"title":"Ensemble Marbueno: Table et 4 Si\u00e8ges avec Trou pour Parasol Pliable Aluminium Gris Camping Plage 136X85X67 cm 10439 | | Tupique","description":"Envie d'acheter Ensemble Marbueno: Table et 4 Si\u00e8ges avec Trou pour Parasol Pliable Aluminium Gris Camping Plage 136X85X67 cm 10439\u00a0? Achetez Ensemble Marbueno: Table et 4 Si\u00e8ges avec Trou pour Parasol Pliable Aluminium Gris Camping Plage 136X85X67 cm 10439 maintenant avec Tupique en 3 versements sans int\u00e9r\u00eat.","robots":{"index":"index","follow":"follow","max-snippet":"max-snippet:-1","max-image-preview":"max-image-preview:large","max-video-preview":"max-video-preview:-1"},"canonical":"https:\/\/tupique.com\/pt\/product\/ensemble-marbueno-table-et-4-sieges-avec-trou-pour-parasol-pliable-aluminium-gris-camping-plage-136x85x67-cm-10439\/","og_locale":"pt_PT","og_type":"article","og_title":"Ensemble Marbueno: Table et 4 Si\u00e8ges avec Trou pour Parasol Pliable Aluminium Gris Camping Plage 136X85X67 cm 10439 | | Tupique","og_description":"Envie d'acheter Ensemble Marbueno: Table et 4 Si\u00e8ges avec Trou pour Parasol Pliable Aluminium Gris Camping Plage 136X85X67 cm 10439\u00a0? Achetez Ensemble Marbueno: Table et 4 Si\u00e8ges avec Trou pour Parasol Pliable Aluminium Gris Camping Plage 136X85X67 cm 10439 maintenant avec Tupique en 3 versements sans int\u00e9r\u00eat.","og_url":"https:\/\/tupique.com\/pt\/product\/ensemble-marbueno-table-et-4-sieges-avec-trou-pour-parasol-pliable-aluminium-gris-camping-plage-136x85x67-cm-10439\/","og_site_name":"Tupique","og_image":[{"width":1200,"height":1200,"url":"https:\/\/tupique.com\/wp-content\/uploads\/2026\/05\/8435631904397_D1400078_P01.jpg","type":"image\/jpeg"}],"twitter_card":"summary_large_image","schema":{"@context":"https:\/\/schema.org","@graph":[{"@type":"WebPage","@id":"https:\/\/tupique.com\/product\/ensemble-marbueno-table-et-4-sieges-avec-trou-pour-parasol-pliable-aluminium-gris-camping-plage-136x85x67-cm-10439\/","url":"https:\/\/tupique.com\/product\/ensemble-marbueno-table-et-4-sieges-avec-trou-pour-parasol-pliable-aluminium-gris-camping-plage-136x85x67-cm-10439\/","name":"Ensemble Marbueno: Table et 4 Si\u00e8ges avec Trou pour Parasol Pliable Aluminium Gris Camping Plage 136X85X67 cm 10439 | | Tupique","isPartOf":{"@id":"https:\/\/tupique.com\/#website"},"primaryImageOfPage":{"@id":"https:\/\/tupique.com\/product\/ensemble-marbueno-table-et-4-sieges-avec-trou-pour-parasol-pliable-aluminium-gris-camping-plage-136x85x67-cm-10439\/#primaryimage"},"image":{"@id":"https:\/\/tupique.com\/product\/ensemble-marbueno-table-et-4-sieges-avec-trou-pour-parasol-pliable-aluminium-gris-camping-plage-136x85x67-cm-10439\/#primaryimage"},"thumbnailUrl":"https:\/\/tupique.com\/wp-content\/uploads\/2026\/05\/8435631904397_D1400078_P01.jpg","datePublished":"2026-05-11T21:41:16+00:00","description":"Envie d'acheter Ensemble Marbueno: Table et 4 Si\u00e8ges avec Trou pour Parasol Pliable Aluminium Gris Camping Plage 136X85X67 cm 10439\u00a0? Achetez Ensemble Marbueno: Table et 4 Si\u00e8ges avec Trou pour Parasol Pliable Aluminium Gris Camping Plage 136X85X67 cm 10439 maintenant avec Tupique en 3 versements sans int\u00e9r\u00eat.","breadcrumb":{"@id":"https:\/\/tupique.com\/product\/ensemble-marbueno-table-et-4-sieges-avec-trou-pour-parasol-pliable-aluminium-gris-camping-plage-136x85x67-cm-10439\/#breadcrumb"},"inLanguage":"pt-PT","potentialAction":[{"@type":"ReadAction","target":["https:\/\/tupique.com\/product\/ensemble-marbueno-table-et-4-sieges-avec-trou-pour-parasol-pliable-aluminium-gris-camping-plage-136x85x67-cm-10439\/"]}]},{"@type":"ImageObject","inLanguage":"pt-PT","@id":"https:\/\/tupique.com\/product\/ensemble-marbueno-table-et-4-sieges-avec-trou-pour-parasol-pliable-aluminium-gris-camping-plage-136x85x67-cm-10439\/#primaryimage","url":"https:\/\/tupique.com\/wp-content\/uploads\/2026\/05\/8435631904397_D1400078_P01.jpg","contentUrl":"https:\/\/tupique.com\/wp-content\/uploads\/2026\/05\/8435631904397_D1400078_P01.jpg","width":1200,"height":1200,"caption":"D1400078_0"},{"@type":"BreadcrumbList","@id":"https:\/\/tupique.com\/product\/ensemble-marbueno-table-et-4-sieges-avec-trou-pour-parasol-pliable-aluminium-gris-camping-plage-136x85x67-cm-10439\/#breadcrumb","itemListElement":[{"@type":"ListItem","position":1,"name":"commencer","item":"https:\/\/tupique.com\/"},{"@type":"ListItem","position":2,"name":"Loja","item":"https:\/\/tupique.com\/pt\/loja\/"},{"@type":"ListItem","position":3,"name":"Ensemble Marbueno: Table et 4 Si\u00e8ges avec Trou pour Parasol Pliable Aluminium Gris Camping Plage 136X85X67 cm 10439"}]},{"@type":"WebSite","@id":"https:\/\/tupique.com\/#website","url":"https:\/\/tupique.com\/","name":"Tupique","description":"","publisher":{"@id":"https:\/\/tupique.com\/#organization"},"potentialAction":[{"@type":"SearchAction","target":{"@type":"EntryPoint","urlTemplate":"https:\/\/tupique.com\/?s={search_term_string}"},"query-input":{"@type":"PropertyValueSpecification","valueRequired":true,"valueName":"search_term_string"}}],"inLanguage":"pt-PT"},{"@type":"Organization","@id":"https:\/\/tupique.com\/#organization","name":"Tupique","url":"https:\/\/tupique.com\/","logo":{"@type":"ImageObject","inLanguage":"pt-PT","@id":"https:\/\/tupique.com\/#\/schema\/logo\/image\/","url":"https:\/\/tupique.com\/wp-content\/uploads\/2026\/03\/logo-tupique-1.webp","contentUrl":"https:\/\/tupique.com\/wp-content\/uploads\/2026\/03\/logo-tupique-1.webp","width":500,"height":67,"caption":"Tupique"},"image":{"@id":"https:\/\/tupique.com\/#\/schema\/logo\/image\/"}}]}},"_links":{"self":[{"href":"https:\/\/tupique.com\/pt\/wp-json\/wp\/v2\/product\/190044","targetHints":{"allow":["GET"]}}],"collection":[{"href":"https:\/\/tupique.com\/pt\/wp-json\/wp\/v2\/product"}],"about":[{"href":"https:\/\/tupique.com\/pt\/wp-json\/wp\/v2\/types\/product"}],"replies":[{"embeddable":true,"href":"https:\/\/tupique.com\/pt\/wp-json\/wp\/v2\/comments?post=190044"}],"wp:featuredmedia":[{"embeddable":true,"href":"https:\/\/tupique.com\/pt\/wp-json\/wp\/v2\/media\/190041"}],"wp:attachment":[{"href":"https:\/\/tupique.com\/pt\/wp-json\/wp\/v2\/media?parent=190044"}],"wp:term":[{"taxonomy":"product_brand","embeddable":true,"href":"https:\/\/tupique.com\/pt\/wp-json\/wp\/v2\/product_brand?post=190044"},{"taxonomy":"product_cat","embeddable":true,"href":"https:\/\/tupique.com\/pt\/wp-json\/wp\/v2\/product_cat?post=190044"},{"taxonomy":"product_tag","embeddable":true,"href":"https:\/\/tupique.com\/pt\/wp-json\/wp\/v2\/product_tag?post=190044"},{"taxonomy":"woo-feed-brand","embeddable":true,"href":"https:\/\/tupique.com\/pt\/wp-json\/wp\/v2\/woo-feed-brand?post=190044"}],"curies":[{"name":"wp","href":"https:\/\/api.w.org\/{rel}","templated":true}]}}