{"id":191121,"date":"2026-05-12T01:09:28","date_gmt":"2026-05-11T23:09:28","guid":{"rendered":"https:\/\/tupique.com\/product\/set-de-jouets-de-plage-barbie-o-18-cm\/"},"modified":"2026-05-12T01:09:28","modified_gmt":"2026-05-11T23:09:28","slug":"set-de-jouets-de-plage-barbie-o-18-cm","status":"publish","type":"product","link":"https:\/\/tupique.com\/pt\/product\/set-de-jouets-de-plage-barbie-o-18-cm\/","title":{"rendered":"Set de jouets de plage Barbie \u00d8 18 cm"},"content":{"rendered":"<p>L&#8217;amusement est assur\u00e9 pour l&#8217;\u00e9t\u00e9, avec ces propositions qui plairont aux petits et aux grands ! Achetez <b>Set de jouets de plage Barbie \u00d8 18 cm<\/b> et profitez de votre temps libre !<\/p>\n<ul>\n<li>Inclut:\n<ul>\n<li>Pelle<\/li>\n<li>R\u00e2teau de Plage<\/li>\n<li>Moules x 2<\/li>\n<li>Grille<\/li>\n<li>Seau de plage<\/li>\n<\/ul>\n<\/li>\n<li>diam\u00e8tre approx.: \u00d8 18 cm<\/li>\n<li>Type: Set de jouets de plage<\/li>\n<li>\u00c2ge recommand\u00e9: + 18 Mois<\/li>\n<\/ul>","protected":false},"excerpt":{"rendered":"<p>L&#8217;amusement est assur\u00e9 pour l&#8217;\u00e9t\u00e9, avec ces propositions qui plairont aux petits et aux grands ! Achetez Set de jouets de plage Barbie \u00d8 18 cm et profitez de votre temps libre ! Inclut: Pelle R\u00e2teau de Plage Moules x 2 Grille Seau de plage diam\u00e8tre approx.: \u00d8 18 cm Type: Set de jouets de [&hellip;]<\/p>\n","protected":false},"featured_media":191119,"comment_status":"open","ping_status":"closed","template":"","meta":[],"product_brand":[1437],"product_cat":[1770,1769,1764],"product_tag":[57,721,107,1816,211],"woo-feed-brand":[],"class_list":{"0":"post-191121","1":"product","2":"type-product","3":"status-publish","4":"has-post-thumbnail","6":"product_brand-brandp_692","7":"product_cat-jouets-pour-la-plage","8":"product_cat-plage-et-piscine","9":"product_cat-sports-loisirs","10":"product_tag-tag_1275","11":"product_tag-tag_124","12":"product_tag-tag_36","13":"product_tag-tag_1272","14":"product_tag-tag_3","16":"first","17":"instock","18":"taxable","19":"shipping-taxable","20":"purchasable","21":"product-type-simple"},"yoast_head":"<!-- This site is optimized with the Yoast SEO plugin v27.6 - https:\/\/yoast.com\/product\/yoast-seo-wordpress\/ -->\n<title>Set de jouets de plage Barbie \u00d8 18 cm | | Tupique<\/title>\n<meta name=\"description\" content=\"Envie d&#039;acheter Set de jouets de plage Barbie \u00d8 18 cm\u00a0? Achetez Set de jouets de plage Barbie \u00d8 18 cm maintenant avec Tupique en 3 versements sans int\u00e9r\u00eat.\" \/>\n<meta name=\"robots\" content=\"index, follow, max-snippet:-1, max-image-preview:large, max-video-preview:-1\" \/>\n<link rel=\"canonical\" href=\"https:\/\/tupique.com\/pt\/product\/set-de-jouets-de-plage-barbie-o-18-cm\/\" \/>\n<meta property=\"og:locale\" content=\"pt_PT\" \/>\n<meta property=\"og:type\" content=\"article\" \/>\n<meta property=\"og:title\" content=\"Set de jouets de plage Barbie \u00d8 18 cm | | Tupique\" \/>\n<meta property=\"og:description\" content=\"Envie d&#039;acheter Set de jouets de plage Barbie \u00d8 18 cm\u00a0? Achetez Set de jouets de plage Barbie \u00d8 18 cm maintenant avec Tupique en 3 versements sans int\u00e9r\u00eat.\" \/>\n<meta property=\"og:url\" content=\"https:\/\/tupique.com\/pt\/product\/set-de-jouets-de-plage-barbie-o-18-cm\/\" \/>\n<meta property=\"og:site_name\" content=\"Tupique\" \/>\n<meta property=\"og:image\" content=\"https:\/\/tupique.com\/wp-content\/uploads\/2026\/05\/S2434739_107455_1705665209-cropped0.jpg\" \/>\n\t<meta property=\"og:image:width\" content=\"1200\" \/>\n\t<meta property=\"og:image:height\" content=\"1200\" \/>\n\t<meta property=\"og:image:type\" content=\"image\/jpeg\" \/>\n<meta name=\"twitter:card\" content=\"summary_large_image\" \/>\n<script type=\"application\/ld+json\" class=\"yoast-schema-graph\">{\"@context\":\"https:\\\/\\\/schema.org\",\"@graph\":[{\"@type\":\"WebPage\",\"@id\":\"https:\\\/\\\/tupique.com\\\/pt\\\/product\\\/set-de-jouets-de-plage-barbie-o-18-cm\\\/\",\"url\":\"https:\\\/\\\/tupique.com\\\/pt\\\/product\\\/set-de-jouets-de-plage-barbie-o-18-cm\\\/\",\"name\":\"Set de jouets de plage Barbie \u00d8 18 cm | | Tupique\",\"isPartOf\":{\"@id\":\"https:\\\/\\\/tupique.com\\\/#website\"},\"primaryImageOfPage\":{\"@id\":\"https:\\\/\\\/tupique.com\\\/pt\\\/product\\\/set-de-jouets-de-plage-barbie-o-18-cm\\\/#primaryimage\"},\"image\":{\"@id\":\"https:\\\/\\\/tupique.com\\\/pt\\\/product\\\/set-de-jouets-de-plage-barbie-o-18-cm\\\/#primaryimage\"},\"thumbnailUrl\":\"https:\\\/\\\/tupique.com\\\/wp-content\\\/uploads\\\/2026\\\/05\\\/S2434739_107455_1705665209-cropped0.jpg\",\"datePublished\":\"2026-05-11T23:09:28+00:00\",\"description\":\"Envie d'acheter Set de jouets de plage Barbie \u00d8 18 cm\u00a0? Achetez Set de jouets de plage Barbie \u00d8 18 cm maintenant avec Tupique en 3 versements sans int\u00e9r\u00eat.\",\"breadcrumb\":{\"@id\":\"https:\\\/\\\/tupique.com\\\/pt\\\/product\\\/set-de-jouets-de-plage-barbie-o-18-cm\\\/#breadcrumb\"},\"inLanguage\":\"pt-PT\",\"potentialAction\":[{\"@type\":\"ReadAction\",\"target\":[\"https:\\\/\\\/tupique.com\\\/pt\\\/product\\\/set-de-jouets-de-plage-barbie-o-18-cm\\\/\"]}]},{\"@type\":\"ImageObject\",\"inLanguage\":\"pt-PT\",\"@id\":\"https:\\\/\\\/tupique.com\\\/pt\\\/product\\\/set-de-jouets-de-plage-barbie-o-18-cm\\\/#primaryimage\",\"url\":\"https:\\\/\\\/tupique.com\\\/wp-content\\\/uploads\\\/2026\\\/05\\\/S2434739_107455_1705665209-cropped0.jpg\",\"contentUrl\":\"https:\\\/\\\/tupique.com\\\/wp-content\\\/uploads\\\/2026\\\/05\\\/S2434739_107455_1705665209-cropped0.jpg\",\"width\":1200,\"height\":1200,\"caption\":\"S2434739_0\"},{\"@type\":\"BreadcrumbList\",\"@id\":\"https:\\\/\\\/tupique.com\\\/pt\\\/product\\\/set-de-jouets-de-plage-barbie-o-18-cm\\\/#breadcrumb\",\"itemListElement\":[{\"@type\":\"ListItem\",\"position\":1,\"name\":\"commencer\",\"item\":\"https:\\\/\\\/tupique.com\\\/\"},{\"@type\":\"ListItem\",\"position\":2,\"name\":\"Loja\",\"item\":\"https:\\\/\\\/tupique.com\\\/pt\\\/loja\\\/\"},{\"@type\":\"ListItem\",\"position\":3,\"name\":\"Set de jouets de plage Barbie \u00d8 18 cm\"}]},{\"@type\":\"WebSite\",\"@id\":\"https:\\\/\\\/tupique.com\\\/#website\",\"url\":\"https:\\\/\\\/tupique.com\\\/\",\"name\":\"Tupique\",\"description\":\"\",\"publisher\":{\"@id\":\"https:\\\/\\\/tupique.com\\\/#organization\"},\"potentialAction\":[{\"@type\":\"SearchAction\",\"target\":{\"@type\":\"EntryPoint\",\"urlTemplate\":\"https:\\\/\\\/tupique.com\\\/?s={search_term_string}\"},\"query-input\":{\"@type\":\"PropertyValueSpecification\",\"valueRequired\":true,\"valueName\":\"search_term_string\"}}],\"inLanguage\":\"pt-PT\"},{\"@type\":\"Organization\",\"@id\":\"https:\\\/\\\/tupique.com\\\/#organization\",\"name\":\"Tupique\",\"url\":\"https:\\\/\\\/tupique.com\\\/\",\"logo\":{\"@type\":\"ImageObject\",\"inLanguage\":\"pt-PT\",\"@id\":\"https:\\\/\\\/tupique.com\\\/#\\\/schema\\\/logo\\\/image\\\/\",\"url\":\"https:\\\/\\\/tupique.com\\\/wp-content\\\/uploads\\\/2026\\\/03\\\/logo-tupique-1.webp\",\"contentUrl\":\"https:\\\/\\\/tupique.com\\\/wp-content\\\/uploads\\\/2026\\\/03\\\/logo-tupique-1.webp\",\"width\":500,\"height\":67,\"caption\":\"Tupique\"},\"image\":{\"@id\":\"https:\\\/\\\/tupique.com\\\/#\\\/schema\\\/logo\\\/image\\\/\"}}]}<\/script>\n<!-- \/ Yoast SEO plugin. -->","yoast_head_json":{"title":"Set de jouets de plage Barbie \u00d8 18 cm | | Tupique","description":"Envie d'acheter Set de jouets de plage Barbie \u00d8 18 cm\u00a0? Achetez Set de jouets de plage Barbie \u00d8 18 cm maintenant avec Tupique en 3 versements sans int\u00e9r\u00eat.","robots":{"index":"index","follow":"follow","max-snippet":"max-snippet:-1","max-image-preview":"max-image-preview:large","max-video-preview":"max-video-preview:-1"},"canonical":"https:\/\/tupique.com\/pt\/product\/set-de-jouets-de-plage-barbie-o-18-cm\/","og_locale":"pt_PT","og_type":"article","og_title":"Set de jouets de plage Barbie \u00d8 18 cm | | Tupique","og_description":"Envie d'acheter Set de jouets de plage Barbie \u00d8 18 cm\u00a0? Achetez Set de jouets de plage Barbie \u00d8 18 cm maintenant avec Tupique en 3 versements sans int\u00e9r\u00eat.","og_url":"https:\/\/tupique.com\/pt\/product\/set-de-jouets-de-plage-barbie-o-18-cm\/","og_site_name":"Tupique","og_image":[{"width":1200,"height":1200,"url":"https:\/\/tupique.com\/wp-content\/uploads\/2026\/05\/S2434739_107455_1705665209-cropped0.jpg","type":"image\/jpeg"}],"twitter_card":"summary_large_image","schema":{"@context":"https:\/\/schema.org","@graph":[{"@type":"WebPage","@id":"https:\/\/tupique.com\/pt\/product\/set-de-jouets-de-plage-barbie-o-18-cm\/","url":"https:\/\/tupique.com\/pt\/product\/set-de-jouets-de-plage-barbie-o-18-cm\/","name":"Set de jouets de plage Barbie \u00d8 18 cm | | Tupique","isPartOf":{"@id":"https:\/\/tupique.com\/#website"},"primaryImageOfPage":{"@id":"https:\/\/tupique.com\/pt\/product\/set-de-jouets-de-plage-barbie-o-18-cm\/#primaryimage"},"image":{"@id":"https:\/\/tupique.com\/pt\/product\/set-de-jouets-de-plage-barbie-o-18-cm\/#primaryimage"},"thumbnailUrl":"https:\/\/tupique.com\/wp-content\/uploads\/2026\/05\/S2434739_107455_1705665209-cropped0.jpg","datePublished":"2026-05-11T23:09:28+00:00","description":"Envie d'acheter Set de jouets de plage Barbie \u00d8 18 cm\u00a0? Achetez Set de jouets de plage Barbie \u00d8 18 cm maintenant avec Tupique en 3 versements sans int\u00e9r\u00eat.","breadcrumb":{"@id":"https:\/\/tupique.com\/pt\/product\/set-de-jouets-de-plage-barbie-o-18-cm\/#breadcrumb"},"inLanguage":"pt-PT","potentialAction":[{"@type":"ReadAction","target":["https:\/\/tupique.com\/pt\/product\/set-de-jouets-de-plage-barbie-o-18-cm\/"]}]},{"@type":"ImageObject","inLanguage":"pt-PT","@id":"https:\/\/tupique.com\/pt\/product\/set-de-jouets-de-plage-barbie-o-18-cm\/#primaryimage","url":"https:\/\/tupique.com\/wp-content\/uploads\/2026\/05\/S2434739_107455_1705665209-cropped0.jpg","contentUrl":"https:\/\/tupique.com\/wp-content\/uploads\/2026\/05\/S2434739_107455_1705665209-cropped0.jpg","width":1200,"height":1200,"caption":"S2434739_0"},{"@type":"BreadcrumbList","@id":"https:\/\/tupique.com\/pt\/product\/set-de-jouets-de-plage-barbie-o-18-cm\/#breadcrumb","itemListElement":[{"@type":"ListItem","position":1,"name":"commencer","item":"https:\/\/tupique.com\/"},{"@type":"ListItem","position":2,"name":"Loja","item":"https:\/\/tupique.com\/pt\/loja\/"},{"@type":"ListItem","position":3,"name":"Set de jouets de plage Barbie \u00d8 18 cm"}]},{"@type":"WebSite","@id":"https:\/\/tupique.com\/#website","url":"https:\/\/tupique.com\/","name":"Tupique","description":"","publisher":{"@id":"https:\/\/tupique.com\/#organization"},"potentialAction":[{"@type":"SearchAction","target":{"@type":"EntryPoint","urlTemplate":"https:\/\/tupique.com\/?s={search_term_string}"},"query-input":{"@type":"PropertyValueSpecification","valueRequired":true,"valueName":"search_term_string"}}],"inLanguage":"pt-PT"},{"@type":"Organization","@id":"https:\/\/tupique.com\/#organization","name":"Tupique","url":"https:\/\/tupique.com\/","logo":{"@type":"ImageObject","inLanguage":"pt-PT","@id":"https:\/\/tupique.com\/#\/schema\/logo\/image\/","url":"https:\/\/tupique.com\/wp-content\/uploads\/2026\/03\/logo-tupique-1.webp","contentUrl":"https:\/\/tupique.com\/wp-content\/uploads\/2026\/03\/logo-tupique-1.webp","width":500,"height":67,"caption":"Tupique"},"image":{"@id":"https:\/\/tupique.com\/#\/schema\/logo\/image\/"}}]}},"_links":{"self":[{"href":"https:\/\/tupique.com\/pt\/wp-json\/wp\/v2\/product\/191121","targetHints":{"allow":["GET"]}}],"collection":[{"href":"https:\/\/tupique.com\/pt\/wp-json\/wp\/v2\/product"}],"about":[{"href":"https:\/\/tupique.com\/pt\/wp-json\/wp\/v2\/types\/product"}],"replies":[{"embeddable":true,"href":"https:\/\/tupique.com\/pt\/wp-json\/wp\/v2\/comments?post=191121"}],"wp:featuredmedia":[{"embeddable":true,"href":"https:\/\/tupique.com\/pt\/wp-json\/wp\/v2\/media\/191119"}],"wp:attachment":[{"href":"https:\/\/tupique.com\/pt\/wp-json\/wp\/v2\/media?parent=191121"}],"wp:term":[{"taxonomy":"product_brand","embeddable":true,"href":"https:\/\/tupique.com\/pt\/wp-json\/wp\/v2\/product_brand?post=191121"},{"taxonomy":"product_cat","embeddable":true,"href":"https:\/\/tupique.com\/pt\/wp-json\/wp\/v2\/product_cat?post=191121"},{"taxonomy":"product_tag","embeddable":true,"href":"https:\/\/tupique.com\/pt\/wp-json\/wp\/v2\/product_tag?post=191121"},{"taxonomy":"woo-feed-brand","embeddable":true,"href":"https:\/\/tupique.com\/pt\/wp-json\/wp\/v2\/woo-feed-brand?post=191121"}],"curies":[{"name":"wp","href":"https:\/\/api.w.org\/{rel}","templated":true}]}}